{"id":1244,"date":"2017-05-28T22:41:51","date_gmt":"2017-05-28T22:41:51","guid":{"rendered":"http:\/\/www.demusculos.com\/ayuda\/?page_id=1244"},"modified":"2025-05-25T01:07:50","modified_gmt":"2025-05-25T01:07:50","slug":"plan-a-medida","status":"publish","type":"page","link":"https:\/\/www.demusculos.com\/ayuda\/objetivos\/plan-a-medida\/","title":{"rendered":"Plan a medida"},"content":{"rendered":"\n<p><a title=\"Objetivos\" href=\"https:\/\/www.demusculos.com\/ayuda\/objetivos\/\">Objetivos<\/a> &gt;&nbsp;<a href=\"https:\/\/www.demusculos.com\/ayuda\/objetivos\/plan-a-medida\/\">Plan a medida<\/a><\/p>\n\n\n\n<figure class=\"wp-block-image size-large\"><a href=\"https:\/\/www.demusculos.com\/ayuda\/wp-content\/uploads\/2025\/05\/nutricion-deportiva.webp\"><img loading=\"lazy\" decoding=\"async\" width=\"1024\" height=\"625\" src=\"https:\/\/www.demusculos.com\/ayuda\/wp-content\/uploads\/2025\/05\/nutricion-deportiva-1024x625.webp\" alt=\"\" class=\"wp-image-4314\" srcset=\"https:\/\/www.demusculos.com\/ayuda\/wp-content\/uploads\/2025\/05\/nutricion-deportiva-1024x625.webp 1024w, https:\/\/www.demusculos.com\/ayuda\/wp-content\/uploads\/2025\/05\/nutricion-deportiva-300x183.webp 300w, https:\/\/www.demusculos.com\/ayuda\/wp-content\/uploads\/2025\/05\/nutricion-deportiva-768x469.webp 768w, https:\/\/www.demusculos.com\/ayuda\/wp-content\/uploads\/2025\/05\/nutricion-deportiva-1536x938.webp 1536w, https:\/\/www.demusculos.com\/ayuda\/wp-content\/uploads\/2025\/05\/nutricion-deportiva.webp 1600w\" sizes=\"auto, (max-width: 1024px) 100vw, 1024px\" \/><\/a><\/figure>\n\n\n\n<p><strong>Obt\u00e9n tu gu\u00eda personalizada totalmente gratis.<\/strong><br>Completa el formulario para recibir un plan de suplementaci\u00f3n natural dise\u00f1ado especialmente para ti.<\/p>\n\n\n\n<p><strong>Objetivos disponibles:<\/strong><\/p>\n\n\n\n<ul class=\"wp-block-list\">\n<li>Bajar de peso<\/li>\n\n\n\n<li>Bajar de peso y aumentar masa muscular<\/li>\n\n\n\n<li>Aumentar masa muscular<\/li>\n\n\n\n<li>Mejorar el rendimiento<\/li>\n\n\n\n<li>Incrementar la energ\u00eda<\/li>\n<\/ul>\n\n\n\n<p>Descargar gratis E-Book: <a href=\"https:\/\/www.demusculos.com\/web\/producto\/e-book-plan-integral-demusculos-com\/\"><strong>Plan Integral DeMusculos.com<\/strong><\/a><\/p>\n\n\n\n<figure class=\"wp-block-image size-large\"><a href=\"https:\/\/www.demusculos.com\/ayuda\/wp-content\/uploads\/2025\/05\/plan-integral-demusculos-sf.webp\"><img loading=\"lazy\" decoding=\"async\" width=\"1024\" height=\"1024\" src=\"https:\/\/www.demusculos.com\/ayuda\/wp-content\/uploads\/2025\/05\/plan-integral-demusculos-sf-1024x1024.webp\" alt=\"Plan Integral DeMusculos.com\" class=\"wp-image-4320\" srcset=\"https:\/\/www.demusculos.com\/ayuda\/wp-content\/uploads\/2025\/05\/plan-integral-demusculos-sf-1024x1024.webp 1024w, https:\/\/www.demusculos.com\/ayuda\/wp-content\/uploads\/2025\/05\/plan-integral-demusculos-sf-300x300.webp 300w, https:\/\/www.demusculos.com\/ayuda\/wp-content\/uploads\/2025\/05\/plan-integral-demusculos-sf-150x150.webp 150w, https:\/\/www.demusculos.com\/ayuda\/wp-content\/uploads\/2025\/05\/plan-integral-demusculos-sf-768x768.webp 768w, https:\/\/www.demusculos.com\/ayuda\/wp-content\/uploads\/2025\/05\/plan-integral-demusculos-sf.webp 1200w\" sizes=\"auto, (max-width: 1024px) 100vw, 1024px\" \/><\/a><\/figure>\n\n\n\n<p>&lt; <a href=\"https:\/\/www.demusculos.com\/ayuda\/objetivos\/\">Regresar<\/a><\/p>\n","protected":false},"excerpt":{"rendered":"<p>Objetivos &gt;&nbsp;Plan a medida Obt\u00e9n tu gu\u00eda personalizada totalmente gratis.Completa el formulario para recibir un plan de suplementaci\u00f3n natural dise\u00f1ado especialmente para ti. Objetivos disponibles: Descargar gratis E-Book: Plan Integral DeMusculos.com &lt; Regresar<\/p>\n","protected":false},"author":1,"featured_media":0,"parent":2,"menu_order":0,"comment_status":"closed","ping_status":"closed","template":"","meta":{"footnotes":""},"class_list":["post-1244","page","type-page","status-publish","hentry"],"yoast_head":"<!-- This site is optimized with the Yoast SEO plugin v27.3 - https:\/\/yoast.com\/product\/yoast-seo-wordpress\/ -->\n<title>Plan a medida | DeMusculos.com | AYUDA<\/title>\n<meta name=\"robots\" content=\"index, follow, max-snippet:-1, max-image-preview:large, max-video-preview:-1\" \/>\n<link rel=\"canonical\" href=\"https:\/\/www.demusculos.com\/ayuda\/objetivos\/plan-a-medida\/\" \/>\n<meta property=\"og:locale\" content=\"es_ES\" \/>\n<meta property=\"og:type\" content=\"article\" \/>\n<meta property=\"og:title\" content=\"Plan a medida | DeMusculos.com | AYUDA\" \/>\n<meta property=\"og:description\" content=\"Objetivos &gt;&nbsp;Plan a medida Obt\u00e9n tu gu\u00eda personalizada totalmente gratis.Completa el formulario para recibir un plan de suplementaci\u00f3n natural dise\u00f1ado especialmente para ti. Objetivos disponibles: Descargar gratis E-Book: Plan Integral DeMusculos.com &lt; Regresar\" \/>\n<meta property=\"og:url\" content=\"https:\/\/www.demusculos.com\/ayuda\/objetivos\/plan-a-medida\/\" \/>\n<meta property=\"og:site_name\" content=\"DeMusculos.com | AYUDA\" \/>\n<meta property=\"article:publisher\" content=\"https:\/\/www.facebook.com\/demusculos\" \/>\n<meta property=\"article:modified_time\" content=\"2025-05-25T01:07:50+00:00\" \/>\n<meta property=\"og:image\" content=\"https:\/\/www.demusculos.com\/ayuda\/wp-content\/uploads\/2025\/05\/nutricion-deportiva.webp\" \/>\n\t<meta property=\"og:image:width\" content=\"1600\" \/>\n\t<meta property=\"og:image:height\" content=\"977\" \/>\n\t<meta property=\"og:image:type\" content=\"image\/webp\" \/>\n<meta name=\"twitter:card\" content=\"summary_large_image\" \/>\n<meta name=\"twitter:site\" content=\"@demusculos\" \/>\n<meta name=\"twitter:label1\" content=\"Tiempo de lectura\" \/>\n\t<meta name=\"twitter:data1\" content=\"1 minuto\" \/>\n<script type=\"application\/ld+json\" class=\"yoast-schema-graph\">{\"@context\":\"https:\\\/\\\/schema.org\",\"@graph\":[{\"@type\":\"WebPage\",\"@id\":\"https:\\\/\\\/www.demusculos.com\\\/ayuda\\\/objetivos\\\/plan-a-medida\\\/\",\"url\":\"https:\\\/\\\/www.demusculos.com\\\/ayuda\\\/objetivos\\\/plan-a-medida\\\/\",\"name\":\"Plan a medida | DeMusculos.com | AYUDA\",\"isPartOf\":{\"@id\":\"https:\\\/\\\/www.demusculos.com\\\/ayuda\\\/#website\"},\"primaryImageOfPage\":{\"@id\":\"https:\\\/\\\/www.demusculos.com\\\/ayuda\\\/objetivos\\\/plan-a-medida\\\/#primaryimage\"},\"image\":{\"@id\":\"https:\\\/\\\/www.demusculos.com\\\/ayuda\\\/objetivos\\\/plan-a-medida\\\/#primaryimage\"},\"thumbnailUrl\":\"https:\\\/\\\/www.demusculos.com\\\/ayuda\\\/wp-content\\\/uploads\\\/2025\\\/05\\\/nutricion-deportiva-1024x625.webp\",\"datePublished\":\"2017-05-28T22:41:51+00:00\",\"dateModified\":\"2025-05-25T01:07:50+00:00\",\"breadcrumb\":{\"@id\":\"https:\\\/\\\/www.demusculos.com\\\/ayuda\\\/objetivos\\\/plan-a-medida\\\/#breadcrumb\"},\"inLanguage\":\"es\",\"potentialAction\":[{\"@type\":\"ReadAction\",\"target\":[\"https:\\\/\\\/www.demusculos.com\\\/ayuda\\\/objetivos\\\/plan-a-medida\\\/\"]}]},{\"@type\":\"ImageObject\",\"inLanguage\":\"es\",\"@id\":\"https:\\\/\\\/www.demusculos.com\\\/ayuda\\\/objetivos\\\/plan-a-medida\\\/#primaryimage\",\"url\":\"https:\\\/\\\/www.demusculos.com\\\/ayuda\\\/wp-content\\\/uploads\\\/2025\\\/05\\\/nutricion-deportiva.webp\",\"contentUrl\":\"https:\\\/\\\/www.demusculos.com\\\/ayuda\\\/wp-content\\\/uploads\\\/2025\\\/05\\\/nutricion-deportiva.webp\",\"width\":1600,\"height\":977},{\"@type\":\"BreadcrumbList\",\"@id\":\"https:\\\/\\\/www.demusculos.com\\\/ayuda\\\/objetivos\\\/plan-a-medida\\\/#breadcrumb\",\"itemListElement\":[{\"@type\":\"ListItem\",\"position\":1,\"name\":\"Portada\",\"item\":\"https:\\\/\\\/www.demusculos.com\\\/ayuda\\\/\"},{\"@type\":\"ListItem\",\"position\":2,\"name\":\"\u00bfCu\u00e1l es tu objetivo?\",\"item\":\"https:\\\/\\\/www.demusculos.com\\\/ayuda\\\/objetivos\\\/\"},{\"@type\":\"ListItem\",\"position\":3,\"name\":\"Plan a medida\"}]},{\"@type\":\"WebSite\",\"@id\":\"https:\\\/\\\/www.demusculos.com\\\/ayuda\\\/#website\",\"url\":\"https:\\\/\\\/www.demusculos.com\\\/ayuda\\\/\",\"name\":\"DeMusculos.com | AYUDA\",\"description\":\"Suplementos Naturales, Accesorios, Indumentaria\",\"publisher\":{\"@id\":\"https:\\\/\\\/www.demusculos.com\\\/ayuda\\\/#organization\"},\"alternateName\":\"Suplementos Natuarles\",\"potentialAction\":[{\"@type\":\"SearchAction\",\"target\":{\"@type\":\"EntryPoint\",\"urlTemplate\":\"https:\\\/\\\/www.demusculos.com\\\/ayuda\\\/?s={search_term_string}\"},\"query-input\":{\"@type\":\"PropertyValueSpecification\",\"valueRequired\":true,\"valueName\":\"search_term_string\"}}],\"inLanguage\":\"es\"},{\"@type\":\"Organization\",\"@id\":\"https:\\\/\\\/www.demusculos.com\\\/ayuda\\\/#organization\",\"name\":\"DeMusculos.com | AYUDA\",\"url\":\"https:\\\/\\\/www.demusculos.com\\\/ayuda\\\/\",\"logo\":{\"@type\":\"ImageObject\",\"inLanguage\":\"es\",\"@id\":\"https:\\\/\\\/www.demusculos.com\\\/ayuda\\\/#\\\/schema\\\/logo\\\/image\\\/\",\"url\":\"https:\\\/\\\/www.demusculos.com\\\/ayuda\\\/wp-content\\\/uploads\\\/2024\\\/01\\\/logo-demusculos-prestashop-usuario.png\",\"contentUrl\":\"https:\\\/\\\/www.demusculos.com\\\/ayuda\\\/wp-content\\\/uploads\\\/2024\\\/01\\\/logo-demusculos-prestashop-usuario.png\",\"width\":150,\"height\":150,\"caption\":\"DeMusculos.com | AYUDA\"},\"image\":{\"@id\":\"https:\\\/\\\/www.demusculos.com\\\/ayuda\\\/#\\\/schema\\\/logo\\\/image\\\/\"},\"sameAs\":[\"https:\\\/\\\/www.facebook.com\\\/demusculos\",\"https:\\\/\\\/x.com\\\/demusculos\",\"https:\\\/\\\/www.tiktok.com\\\/@demusculos.com\"]}]}<\/script>\n<!-- \/ Yoast SEO plugin. -->","yoast_head_json":{"title":"Plan a medida | DeMusculos.com | AYUDA","robots":{"index":"index","follow":"follow","max-snippet":"max-snippet:-1","max-image-preview":"max-image-preview:large","max-video-preview":"max-video-preview:-1"},"canonical":"https:\/\/www.demusculos.com\/ayuda\/objetivos\/plan-a-medida\/","og_locale":"es_ES","og_type":"article","og_title":"Plan a medida | DeMusculos.com | AYUDA","og_description":"Objetivos &gt;&nbsp;Plan a medida Obt\u00e9n tu gu\u00eda personalizada totalmente gratis.Completa el formulario para recibir un plan de suplementaci\u00f3n natural dise\u00f1ado especialmente para ti. Objetivos disponibles: Descargar gratis E-Book: Plan Integral DeMusculos.com &lt; Regresar","og_url":"https:\/\/www.demusculos.com\/ayuda\/objetivos\/plan-a-medida\/","og_site_name":"DeMusculos.com | AYUDA","article_publisher":"https:\/\/www.facebook.com\/demusculos","article_modified_time":"2025-05-25T01:07:50+00:00","og_image":[{"width":1600,"height":977,"url":"https:\/\/www.demusculos.com\/ayuda\/wp-content\/uploads\/2025\/05\/nutricion-deportiva.webp","type":"image\/webp"}],"twitter_card":"summary_large_image","twitter_site":"@demusculos","twitter_misc":{"Tiempo de lectura":"1 minuto"},"schema":{"@context":"https:\/\/schema.org","@graph":[{"@type":"WebPage","@id":"https:\/\/www.demusculos.com\/ayuda\/objetivos\/plan-a-medida\/","url":"https:\/\/www.demusculos.com\/ayuda\/objetivos\/plan-a-medida\/","name":"Plan a medida | DeMusculos.com | AYUDA","isPartOf":{"@id":"https:\/\/www.demusculos.com\/ayuda\/#website"},"primaryImageOfPage":{"@id":"https:\/\/www.demusculos.com\/ayuda\/objetivos\/plan-a-medida\/#primaryimage"},"image":{"@id":"https:\/\/www.demusculos.com\/ayuda\/objetivos\/plan-a-medida\/#primaryimage"},"thumbnailUrl":"https:\/\/www.demusculos.com\/ayuda\/wp-content\/uploads\/2025\/05\/nutricion-deportiva-1024x625.webp","datePublished":"2017-05-28T22:41:51+00:00","dateModified":"2025-05-25T01:07:50+00:00","breadcrumb":{"@id":"https:\/\/www.demusculos.com\/ayuda\/objetivos\/plan-a-medida\/#breadcrumb"},"inLanguage":"es","potentialAction":[{"@type":"ReadAction","target":["https:\/\/www.demusculos.com\/ayuda\/objetivos\/plan-a-medida\/"]}]},{"@type":"ImageObject","inLanguage":"es","@id":"https:\/\/www.demusculos.com\/ayuda\/objetivos\/plan-a-medida\/#primaryimage","url":"https:\/\/www.demusculos.com\/ayuda\/wp-content\/uploads\/2025\/05\/nutricion-deportiva.webp","contentUrl":"https:\/\/www.demusculos.com\/ayuda\/wp-content\/uploads\/2025\/05\/nutricion-deportiva.webp","width":1600,"height":977},{"@type":"BreadcrumbList","@id":"https:\/\/www.demusculos.com\/ayuda\/objetivos\/plan-a-medida\/#breadcrumb","itemListElement":[{"@type":"ListItem","position":1,"name":"Portada","item":"https:\/\/www.demusculos.com\/ayuda\/"},{"@type":"ListItem","position":2,"name":"\u00bfCu\u00e1l es tu objetivo?","item":"https:\/\/www.demusculos.com\/ayuda\/objetivos\/"},{"@type":"ListItem","position":3,"name":"Plan a medida"}]},{"@type":"WebSite","@id":"https:\/\/www.demusculos.com\/ayuda\/#website","url":"https:\/\/www.demusculos.com\/ayuda\/","name":"DeMusculos.com | AYUDA","description":"Suplementos Naturales, Accesorios, Indumentaria","publisher":{"@id":"https:\/\/www.demusculos.com\/ayuda\/#organization"},"alternateName":"Suplementos Natuarles","potentialAction":[{"@type":"SearchAction","target":{"@type":"EntryPoint","urlTemplate":"https:\/\/www.demusculos.com\/ayuda\/?s={search_term_string}"},"query-input":{"@type":"PropertyValueSpecification","valueRequired":true,"valueName":"search_term_string"}}],"inLanguage":"es"},{"@type":"Organization","@id":"https:\/\/www.demusculos.com\/ayuda\/#organization","name":"DeMusculos.com | AYUDA","url":"https:\/\/www.demusculos.com\/ayuda\/","logo":{"@type":"ImageObject","inLanguage":"es","@id":"https:\/\/www.demusculos.com\/ayuda\/#\/schema\/logo\/image\/","url":"https:\/\/www.demusculos.com\/ayuda\/wp-content\/uploads\/2024\/01\/logo-demusculos-prestashop-usuario.png","contentUrl":"https:\/\/www.demusculos.com\/ayuda\/wp-content\/uploads\/2024\/01\/logo-demusculos-prestashop-usuario.png","width":150,"height":150,"caption":"DeMusculos.com | AYUDA"},"image":{"@id":"https:\/\/www.demusculos.com\/ayuda\/#\/schema\/logo\/image\/"},"sameAs":["https:\/\/www.facebook.com\/demusculos","https:\/\/x.com\/demusculos","https:\/\/www.tiktok.com\/@demusculos.com"]}]}},"_links":{"self":[{"href":"https:\/\/www.demusculos.com\/ayuda\/wp-json\/wp\/v2\/pages\/1244","targetHints":{"allow":["GET"]}}],"collection":[{"href":"https:\/\/www.demusculos.com\/ayuda\/wp-json\/wp\/v2\/pages"}],"about":[{"href":"https:\/\/www.demusculos.com\/ayuda\/wp-json\/wp\/v2\/types\/page"}],"author":[{"embeddable":true,"href":"https:\/\/www.demusculos.com\/ayuda\/wp-json\/wp\/v2\/users\/1"}],"replies":[{"embeddable":true,"href":"https:\/\/www.demusculos.com\/ayuda\/wp-json\/wp\/v2\/comments?post=1244"}],"version-history":[{"count":0,"href":"https:\/\/www.demusculos.com\/ayuda\/wp-json\/wp\/v2\/pages\/1244\/revisions"}],"up":[{"embeddable":true,"href":"https:\/\/www.demusculos.com\/ayuda\/wp-json\/wp\/v2\/pages\/2"}],"wp:attachment":[{"href":"https:\/\/www.demusculos.com\/ayuda\/wp-json\/wp\/v2\/media?parent=1244"}],"curies":[{"name":"wp","href":"https:\/\/api.w.org\/{rel}","templated":true}]}}