{"id":1341,"date":"2020-04-01T00:57:12","date_gmt":"2020-04-01T00:57:12","guid":{"rendered":"http:\/\/www.demusculos.com\/ayuda\/?page_id=1341"},"modified":"2025-12-15T00:10:51","modified_gmt":"2025-12-15T00:10:51","slug":"por-donde-hiciste-la-compra","status":"publish","type":"page","link":"https:\/\/www.demusculos.com\/ayuda\/cliente\/por-donde-hiciste-la-compra\/","title":{"rendered":"\u00bfPor d\u00f3nde compraste?"},"content":{"rendered":"\n<p class=\"has-accent-3-color has-text-color has-link-color wp-elements-1537a0ece0e644f5c3d28ed35e787c2f\">\ud83d\ude42<strong>Si sos un comprador particular:<\/strong><\/p>\n\n\n\n<figure class=\"wp-block-image size-full\"><a href=\"https:\/\/www.demusculos.com\/ayuda\/cliente\/por-www-demusculos-com\/\"><img loading=\"lazy\" decoding=\"async\" width=\"600\" height=\"140\" src=\"https:\/\/www.demusculos.com\/ayuda\/wp-content\/uploads\/2025\/12\/compre-por-el-carrito.webp\" alt=\"\" class=\"wp-image-4455\" srcset=\"https:\/\/www.demusculos.com\/ayuda\/wp-content\/uploads\/2025\/12\/compre-por-el-carrito.webp 600w, https:\/\/www.demusculos.com\/ayuda\/wp-content\/uploads\/2025\/12\/compre-por-el-carrito-300x70.webp 300w\" sizes=\"auto, (max-width: 600px) 100vw, 600px\" \/><\/a><\/figure>\n\n\n\n<figure class=\"wp-block-image size-full\"><a href=\"https:\/\/www.demusculos.com\/ayuda\/cliente\/por-mercado-libre\/\"><img loading=\"lazy\" decoding=\"async\" width=\"600\" height=\"140\" src=\"https:\/\/www.demusculos.com\/ayuda\/wp-content\/uploads\/2025\/12\/compre-por-mercado-libre.png\" alt=\"\" class=\"wp-image-4460\" srcset=\"https:\/\/www.demusculos.com\/ayuda\/wp-content\/uploads\/2025\/12\/compre-por-mercado-libre.png 600w, https:\/\/www.demusculos.com\/ayuda\/wp-content\/uploads\/2025\/12\/compre-por-mercado-libre-300x70.png 300w\" sizes=\"auto, (max-width: 600px) 100vw, 600px\" \/><\/a><\/figure>\n\n\n\n<p class=\"has-accent-3-color has-text-color has-link-color wp-elements-e438f5c1f5e62f7206c45ab5440c8895\">\ud83d\udce6<strong>Si sos un comerciante o revendedor:<\/strong><\/p>\n\n\n\n<figure class=\"wp-block-image size-full\"><a href=\"https:\/\/www.demusculos.com\/ayuda\/compre-al-por-mayor\/\"><img loading=\"lazy\" decoding=\"async\" width=\"600\" height=\"140\" src=\"https:\/\/www.demusculos.com\/ayuda\/wp-content\/uploads\/2025\/12\/compre-como-mayorista.webp\" alt=\"\" class=\"wp-image-4461\" srcset=\"https:\/\/www.demusculos.com\/ayuda\/wp-content\/uploads\/2025\/12\/compre-como-mayorista.webp 600w, https:\/\/www.demusculos.com\/ayuda\/wp-content\/uploads\/2025\/12\/compre-como-mayorista-300x70.webp 300w\" sizes=\"auto, (max-width: 600px) 100vw, 600px\" \/><\/a><\/figure>\n\n\n\n<p>&lt; <a href=\"https:\/\/www.demusculos.com\/ayuda\/cliente\/\">Regresar<\/a><\/p>\n","protected":false},"excerpt":{"rendered":"<p>\ud83d\ude42Si sos un comprador particular: \ud83d\udce6Si sos un comerciante o revendedor: &lt; Regresar<\/p>\n","protected":false},"author":1,"featured_media":0,"parent":1339,"menu_order":0,"comment_status":"closed","ping_status":"closed","template":"","meta":{"footnotes":""},"class_list":["post-1341","page","type-page","status-publish","hentry"],"yoast_head":"<!-- This site is optimized with the Yoast SEO plugin v27.4 - https:\/\/yoast.com\/product\/yoast-seo-wordpress\/ -->\n<title>Compra en l\u00ednea | Tiendas deportivas | DeMusculos.com<\/title>\n<meta name=\"description\" content=\"Compra en l\u00ednea las 24 horas del d\u00eda. Pago en cuota. Accesorios. Indumentaria deportiva. Las mejores marcas: Star Nutrition, Pulver, Gentech.\" \/>\n<meta name=\"robots\" content=\"index, follow, max-snippet:-1, max-image-preview:large, max-video-preview:-1\" \/>\n<link rel=\"canonical\" href=\"https:\/\/www.demusculos.com\/ayuda\/cliente\/por-donde-hiciste-la-compra\/\" \/>\n<meta property=\"og:locale\" content=\"es_ES\" \/>\n<meta property=\"og:type\" content=\"article\" \/>\n<meta property=\"og:title\" content=\"Compra en l\u00ednea | Tiendas deportivas | DeMusculos.com\" \/>\n<meta property=\"og:description\" content=\"Compra en l\u00ednea las 24 horas del d\u00eda. Pago en cuota. Accesorios. Indumentaria deportiva. Las mejores marcas: Star Nutrition, Pulver, Gentech.\" \/>\n<meta property=\"og:url\" content=\"https:\/\/www.demusculos.com\/ayuda\/cliente\/por-donde-hiciste-la-compra\/\" \/>\n<meta property=\"og:site_name\" content=\"DeMusculos.com | AYUDA\" \/>\n<meta property=\"article:publisher\" content=\"https:\/\/www.facebook.com\/demusculos\" \/>\n<meta property=\"article:modified_time\" content=\"2025-12-15T00:10:51+00:00\" \/>\n<meta property=\"og:image\" content=\"https:\/\/www.demusculos.com\/ayuda\/wp-content\/uploads\/2025\/12\/compre-por-el-carrito.webp\" \/>\n\t<meta property=\"og:image:width\" content=\"600\" \/>\n\t<meta property=\"og:image:height\" content=\"140\" \/>\n\t<meta property=\"og:image:type\" content=\"image\/webp\" \/>\n<meta name=\"twitter:card\" content=\"summary_large_image\" \/>\n<meta name=\"twitter:site\" content=\"@demusculos\" \/>\n<meta name=\"twitter:label1\" content=\"Tiempo de lectura\" \/>\n\t<meta name=\"twitter:data1\" content=\"1 minuto\" \/>\n<script type=\"application\/ld+json\" class=\"yoast-schema-graph\">{\"@context\":\"https:\\\/\\\/schema.org\",\"@graph\":[{\"@type\":\"WebPage\",\"@id\":\"https:\\\/\\\/www.demusculos.com\\\/ayuda\\\/cliente\\\/por-donde-hiciste-la-compra\\\/\",\"url\":\"https:\\\/\\\/www.demusculos.com\\\/ayuda\\\/cliente\\\/por-donde-hiciste-la-compra\\\/\",\"name\":\"Compra en l\u00ednea | Tiendas deportivas | DeMusculos.com\",\"isPartOf\":{\"@id\":\"https:\\\/\\\/www.demusculos.com\\\/ayuda\\\/#website\"},\"primaryImageOfPage\":{\"@id\":\"https:\\\/\\\/www.demusculos.com\\\/ayuda\\\/cliente\\\/por-donde-hiciste-la-compra\\\/#primaryimage\"},\"image\":{\"@id\":\"https:\\\/\\\/www.demusculos.com\\\/ayuda\\\/cliente\\\/por-donde-hiciste-la-compra\\\/#primaryimage\"},\"thumbnailUrl\":\"https:\\\/\\\/www.demusculos.com\\\/ayuda\\\/wp-content\\\/uploads\\\/2025\\\/12\\\/compre-por-el-carrito.webp\",\"datePublished\":\"2020-04-01T00:57:12+00:00\",\"dateModified\":\"2025-12-15T00:10:51+00:00\",\"description\":\"Compra en l\u00ednea las 24 horas del d\u00eda. Pago en cuota. Accesorios. Indumentaria deportiva. Las mejores marcas: Star Nutrition, Pulver, Gentech.\",\"breadcrumb\":{\"@id\":\"https:\\\/\\\/www.demusculos.com\\\/ayuda\\\/cliente\\\/por-donde-hiciste-la-compra\\\/#breadcrumb\"},\"inLanguage\":\"es\",\"potentialAction\":[{\"@type\":\"ReadAction\",\"target\":[\"https:\\\/\\\/www.demusculos.com\\\/ayuda\\\/cliente\\\/por-donde-hiciste-la-compra\\\/\"]}]},{\"@type\":\"ImageObject\",\"inLanguage\":\"es\",\"@id\":\"https:\\\/\\\/www.demusculos.com\\\/ayuda\\\/cliente\\\/por-donde-hiciste-la-compra\\\/#primaryimage\",\"url\":\"https:\\\/\\\/www.demusculos.com\\\/ayuda\\\/wp-content\\\/uploads\\\/2025\\\/12\\\/compre-por-el-carrito.webp\",\"contentUrl\":\"https:\\\/\\\/www.demusculos.com\\\/ayuda\\\/wp-content\\\/uploads\\\/2025\\\/12\\\/compre-por-el-carrito.webp\",\"width\":600,\"height\":140},{\"@type\":\"BreadcrumbList\",\"@id\":\"https:\\\/\\\/www.demusculos.com\\\/ayuda\\\/cliente\\\/por-donde-hiciste-la-compra\\\/#breadcrumb\",\"itemListElement\":[{\"@type\":\"ListItem\",\"position\":1,\"name\":\"Portada\",\"item\":\"https:\\\/\\\/www.demusculos.com\\\/ayuda\\\/\"},{\"@type\":\"ListItem\",\"position\":2,\"name\":\"\u00a1Bienvenido!\",\"item\":\"https:\\\/\\\/www.demusculos.com\\\/ayuda\\\/\"},{\"@type\":\"ListItem\",\"position\":3,\"name\":\"\u00bfPor d\u00f3nde compraste?\"}]},{\"@type\":\"WebSite\",\"@id\":\"https:\\\/\\\/www.demusculos.com\\\/ayuda\\\/#website\",\"url\":\"https:\\\/\\\/www.demusculos.com\\\/ayuda\\\/\",\"name\":\"DeMusculos.com | AYUDA\",\"description\":\"Suplementos Naturales, Accesorios, Indumentaria\",\"publisher\":{\"@id\":\"https:\\\/\\\/www.demusculos.com\\\/ayuda\\\/#organization\"},\"alternateName\":\"Suplementos Natuarles\",\"potentialAction\":[{\"@type\":\"SearchAction\",\"target\":{\"@type\":\"EntryPoint\",\"urlTemplate\":\"https:\\\/\\\/www.demusculos.com\\\/ayuda\\\/?s={search_term_string}\"},\"query-input\":{\"@type\":\"PropertyValueSpecification\",\"valueRequired\":true,\"valueName\":\"search_term_string\"}}],\"inLanguage\":\"es\"},{\"@type\":\"Organization\",\"@id\":\"https:\\\/\\\/www.demusculos.com\\\/ayuda\\\/#organization\",\"name\":\"DeMusculos.com | AYUDA\",\"url\":\"https:\\\/\\\/www.demusculos.com\\\/ayuda\\\/\",\"logo\":{\"@type\":\"ImageObject\",\"inLanguage\":\"es\",\"@id\":\"https:\\\/\\\/www.demusculos.com\\\/ayuda\\\/#\\\/schema\\\/logo\\\/image\\\/\",\"url\":\"https:\\\/\\\/www.demusculos.com\\\/ayuda\\\/wp-content\\\/uploads\\\/2024\\\/01\\\/logo-demusculos-prestashop-usuario.png\",\"contentUrl\":\"https:\\\/\\\/www.demusculos.com\\\/ayuda\\\/wp-content\\\/uploads\\\/2024\\\/01\\\/logo-demusculos-prestashop-usuario.png\",\"width\":150,\"height\":150,\"caption\":\"DeMusculos.com | AYUDA\"},\"image\":{\"@id\":\"https:\\\/\\\/www.demusculos.com\\\/ayuda\\\/#\\\/schema\\\/logo\\\/image\\\/\"},\"sameAs\":[\"https:\\\/\\\/www.facebook.com\\\/demusculos\",\"https:\\\/\\\/x.com\\\/demusculos\",\"https:\\\/\\\/www.tiktok.com\\\/@demusculos.com\"]}]}<\/script>\n<!-- \/ Yoast SEO plugin. -->","yoast_head_json":{"title":"Compra en l\u00ednea | Tiendas deportivas | DeMusculos.com","description":"Compra en l\u00ednea las 24 horas del d\u00eda. Pago en cuota. Accesorios. Indumentaria deportiva. Las mejores marcas: Star Nutrition, Pulver, Gentech.","robots":{"index":"index","follow":"follow","max-snippet":"max-snippet:-1","max-image-preview":"max-image-preview:large","max-video-preview":"max-video-preview:-1"},"canonical":"https:\/\/www.demusculos.com\/ayuda\/cliente\/por-donde-hiciste-la-compra\/","og_locale":"es_ES","og_type":"article","og_title":"Compra en l\u00ednea | Tiendas deportivas | DeMusculos.com","og_description":"Compra en l\u00ednea las 24 horas del d\u00eda. Pago en cuota. Accesorios. Indumentaria deportiva. Las mejores marcas: Star Nutrition, Pulver, Gentech.","og_url":"https:\/\/www.demusculos.com\/ayuda\/cliente\/por-donde-hiciste-la-compra\/","og_site_name":"DeMusculos.com | AYUDA","article_publisher":"https:\/\/www.facebook.com\/demusculos","article_modified_time":"2025-12-15T00:10:51+00:00","og_image":[{"width":600,"height":140,"url":"https:\/\/www.demusculos.com\/ayuda\/wp-content\/uploads\/2025\/12\/compre-por-el-carrito.webp","type":"image\/webp"}],"twitter_card":"summary_large_image","twitter_site":"@demusculos","twitter_misc":{"Tiempo de lectura":"1 minuto"},"schema":{"@context":"https:\/\/schema.org","@graph":[{"@type":"WebPage","@id":"https:\/\/www.demusculos.com\/ayuda\/cliente\/por-donde-hiciste-la-compra\/","url":"https:\/\/www.demusculos.com\/ayuda\/cliente\/por-donde-hiciste-la-compra\/","name":"Compra en l\u00ednea | Tiendas deportivas | DeMusculos.com","isPartOf":{"@id":"https:\/\/www.demusculos.com\/ayuda\/#website"},"primaryImageOfPage":{"@id":"https:\/\/www.demusculos.com\/ayuda\/cliente\/por-donde-hiciste-la-compra\/#primaryimage"},"image":{"@id":"https:\/\/www.demusculos.com\/ayuda\/cliente\/por-donde-hiciste-la-compra\/#primaryimage"},"thumbnailUrl":"https:\/\/www.demusculos.com\/ayuda\/wp-content\/uploads\/2025\/12\/compre-por-el-carrito.webp","datePublished":"2020-04-01T00:57:12+00:00","dateModified":"2025-12-15T00:10:51+00:00","description":"Compra en l\u00ednea las 24 horas del d\u00eda. Pago en cuota. Accesorios. Indumentaria deportiva. Las mejores marcas: Star Nutrition, Pulver, Gentech.","breadcrumb":{"@id":"https:\/\/www.demusculos.com\/ayuda\/cliente\/por-donde-hiciste-la-compra\/#breadcrumb"},"inLanguage":"es","potentialAction":[{"@type":"ReadAction","target":["https:\/\/www.demusculos.com\/ayuda\/cliente\/por-donde-hiciste-la-compra\/"]}]},{"@type":"ImageObject","inLanguage":"es","@id":"https:\/\/www.demusculos.com\/ayuda\/cliente\/por-donde-hiciste-la-compra\/#primaryimage","url":"https:\/\/www.demusculos.com\/ayuda\/wp-content\/uploads\/2025\/12\/compre-por-el-carrito.webp","contentUrl":"https:\/\/www.demusculos.com\/ayuda\/wp-content\/uploads\/2025\/12\/compre-por-el-carrito.webp","width":600,"height":140},{"@type":"BreadcrumbList","@id":"https:\/\/www.demusculos.com\/ayuda\/cliente\/por-donde-hiciste-la-compra\/#breadcrumb","itemListElement":[{"@type":"ListItem","position":1,"name":"Portada","item":"https:\/\/www.demusculos.com\/ayuda\/"},{"@type":"ListItem","position":2,"name":"\u00a1Bienvenido!","item":"https:\/\/www.demusculos.com\/ayuda\/"},{"@type":"ListItem","position":3,"name":"\u00bfPor d\u00f3nde compraste?"}]},{"@type":"WebSite","@id":"https:\/\/www.demusculos.com\/ayuda\/#website","url":"https:\/\/www.demusculos.com\/ayuda\/","name":"DeMusculos.com | AYUDA","description":"Suplementos Naturales, Accesorios, Indumentaria","publisher":{"@id":"https:\/\/www.demusculos.com\/ayuda\/#organization"},"alternateName":"Suplementos Natuarles","potentialAction":[{"@type":"SearchAction","target":{"@type":"EntryPoint","urlTemplate":"https:\/\/www.demusculos.com\/ayuda\/?s={search_term_string}"},"query-input":{"@type":"PropertyValueSpecification","valueRequired":true,"valueName":"search_term_string"}}],"inLanguage":"es"},{"@type":"Organization","@id":"https:\/\/www.demusculos.com\/ayuda\/#organization","name":"DeMusculos.com | AYUDA","url":"https:\/\/www.demusculos.com\/ayuda\/","logo":{"@type":"ImageObject","inLanguage":"es","@id":"https:\/\/www.demusculos.com\/ayuda\/#\/schema\/logo\/image\/","url":"https:\/\/www.demusculos.com\/ayuda\/wp-content\/uploads\/2024\/01\/logo-demusculos-prestashop-usuario.png","contentUrl":"https:\/\/www.demusculos.com\/ayuda\/wp-content\/uploads\/2024\/01\/logo-demusculos-prestashop-usuario.png","width":150,"height":150,"caption":"DeMusculos.com | AYUDA"},"image":{"@id":"https:\/\/www.demusculos.com\/ayuda\/#\/schema\/logo\/image\/"},"sameAs":["https:\/\/www.facebook.com\/demusculos","https:\/\/x.com\/demusculos","https:\/\/www.tiktok.com\/@demusculos.com"]}]}},"_links":{"self":[{"href":"https:\/\/www.demusculos.com\/ayuda\/wp-json\/wp\/v2\/pages\/1341","targetHints":{"allow":["GET"]}}],"collection":[{"href":"https:\/\/www.demusculos.com\/ayuda\/wp-json\/wp\/v2\/pages"}],"about":[{"href":"https:\/\/www.demusculos.com\/ayuda\/wp-json\/wp\/v2\/types\/page"}],"author":[{"embeddable":true,"href":"https:\/\/www.demusculos.com\/ayuda\/wp-json\/wp\/v2\/users\/1"}],"replies":[{"embeddable":true,"href":"https:\/\/www.demusculos.com\/ayuda\/wp-json\/wp\/v2\/comments?post=1341"}],"version-history":[{"count":10,"href":"https:\/\/www.demusculos.com\/ayuda\/wp-json\/wp\/v2\/pages\/1341\/revisions"}],"predecessor-version":[{"id":4900,"href":"https:\/\/www.demusculos.com\/ayuda\/wp-json\/wp\/v2\/pages\/1341\/revisions\/4900"}],"up":[{"embeddable":true,"href":"https:\/\/www.demusculos.com\/ayuda\/wp-json\/wp\/v2\/pages\/1339"}],"wp:attachment":[{"href":"https:\/\/www.demusculos.com\/ayuda\/wp-json\/wp\/v2\/media?parent=1341"}],"curies":[{"name":"wp","href":"https:\/\/api.w.org\/{rel}","templated":true}]}}