{"id":1351,"date":"2020-04-01T01:04:59","date_gmt":"2020-04-01T01:04:59","guid":{"rendered":"http:\/\/www.demusculos.com\/ayuda\/?page_id=1351"},"modified":"2025-12-15T00:13:14","modified_gmt":"2025-12-15T00:13:14","slug":"por-mercado-libre","status":"publish","type":"page","link":"https:\/\/www.demusculos.com\/ayuda\/cliente\/por-mercado-libre\/","title":{"rendered":""},"content":{"rendered":"\n<figure class=\"wp-block-image size-full\"><a href=\"https:\/\/www.demusculos.com\/ayuda\/cliente\/todos-nuestros-productos\/\"><img loading=\"lazy\" decoding=\"async\" width=\"600\" height=\"140\" src=\"https:\/\/www.demusculos.com\/ayuda\/wp-content\/uploads\/2025\/12\/ver-productos-en-mercado-libre.webp\" alt=\"\" class=\"wp-image-4464\" srcset=\"https:\/\/www.demusculos.com\/ayuda\/wp-content\/uploads\/2025\/12\/ver-productos-en-mercado-libre.webp 600w, https:\/\/www.demusculos.com\/ayuda\/wp-content\/uploads\/2025\/12\/ver-productos-en-mercado-libre-300x70.webp 300w\" sizes=\"auto, (max-width: 600px) 100vw, 600px\" \/><\/a><\/figure>\n\n\n\n<figure class=\"wp-block-image size-full\"><a href=\"https:\/\/www.demusculos.com\/ayuda\/cliente\/quiero-hacer-una-consulta-sobre-mi-compra-en-mercado-libre\/\"><img loading=\"lazy\" decoding=\"async\" width=\"600\" height=\"140\" src=\"https:\/\/www.demusculos.com\/ayuda\/wp-content\/uploads\/2025\/12\/consular-por-compra-de-m-libre.webp\" alt=\"\" class=\"wp-image-4467\" srcset=\"https:\/\/www.demusculos.com\/ayuda\/wp-content\/uploads\/2025\/12\/consular-por-compra-de-m-libre.webp 600w, https:\/\/www.demusculos.com\/ayuda\/wp-content\/uploads\/2025\/12\/consular-por-compra-de-m-libre-300x70.webp 300w\" sizes=\"auto, (max-width: 600px) 100vw, 600px\" \/><\/a><\/figure>\n\n\n\n<figure class=\"wp-block-image size-full\"><a href=\"https:\/\/www.demusculos.com\/ayuda\/cliente\/pasar-por-tiendas-luego-de-comprar-por-ml\/\"><img loading=\"lazy\" decoding=\"async\" width=\"600\" height=\"140\" src=\"https:\/\/www.demusculos.com\/ayuda\/wp-content\/uploads\/2025\/12\/donde-retiro.png\" alt=\"\" class=\"wp-image-4901\" srcset=\"https:\/\/www.demusculos.com\/ayuda\/wp-content\/uploads\/2025\/12\/donde-retiro.png 600w, https:\/\/www.demusculos.com\/ayuda\/wp-content\/uploads\/2025\/12\/donde-retiro-300x70.png 300w\" sizes=\"auto, (max-width: 600px) 100vw, 600px\" \/><\/a><\/figure>\n\n\n\n<figure class=\"wp-block-image size-full\"><a href=\"https:\/\/www.demusculos.com\/ayuda\/problemas\/\"><img loading=\"lazy\" decoding=\"async\" width=\"600\" height=\"140\" src=\"https:\/\/www.demusculos.com\/ayuda\/wp-content\/uploads\/2025\/12\/problemas-con-productos-2.webp\" alt=\"\" class=\"wp-image-4821\" srcset=\"https:\/\/www.demusculos.com\/ayuda\/wp-content\/uploads\/2025\/12\/problemas-con-productos-2.webp 600w, https:\/\/www.demusculos.com\/ayuda\/wp-content\/uploads\/2025\/12\/problemas-con-productos-2-300x70.webp 300w\" sizes=\"auto, (max-width: 600px) 100vw, 600px\" \/><\/a><\/figure>\n\n\n\n<p>&lt; <a href=\"https:\/\/www.demusculos.com\/ayuda\/cliente\/por-donde-hiciste-la-compra\/\">Regresar<\/a><\/p>\n","protected":false},"excerpt":{"rendered":"<p>&lt; Regresar<\/p>\n","protected":false},"author":1,"featured_media":0,"parent":1339,"menu_order":0,"comment_status":"closed","ping_status":"closed","template":"","meta":{"footnotes":""},"class_list":["post-1351","page","type-page","status-publish","hentry"],"yoast_head":"<!-- This site is optimized with the Yoast SEO plugin v27.4 - https:\/\/yoast.com\/product\/yoast-seo-wordpress\/ -->\n<title>Suplementos por Mercado Libre | Tienda en L\u00ednea | DeMusculos<\/title>\n<meta name=\"description\" content=\"Suplementos por Mercado Libre. Prote\u00ednas, amino\u00e1cidos ramificados, accesorios deportivos. Env\u00edo a toda la Argentina. Pago protegido.\" \/>\n<meta name=\"robots\" content=\"index, follow, max-snippet:-1, max-image-preview:large, max-video-preview:-1\" \/>\n<link rel=\"canonical\" href=\"https:\/\/www.demusculos.com\/ayuda\/cliente\/por-mercado-libre\/\" \/>\n<meta property=\"og:locale\" content=\"es_ES\" \/>\n<meta property=\"og:type\" content=\"article\" \/>\n<meta property=\"og:title\" content=\"Suplementos por Mercado Libre | Tienda en L\u00ednea | DeMusculos\" \/>\n<meta property=\"og:description\" content=\"Suplementos por Mercado Libre. Prote\u00ednas, amino\u00e1cidos ramificados, accesorios deportivos. Env\u00edo a toda la Argentina. Pago protegido.\" \/>\n<meta property=\"og:url\" content=\"https:\/\/www.demusculos.com\/ayuda\/cliente\/por-mercado-libre\/\" \/>\n<meta property=\"og:site_name\" content=\"DeMusculos.com | AYUDA\" \/>\n<meta property=\"article:publisher\" content=\"https:\/\/www.facebook.com\/demusculos\" \/>\n<meta property=\"article:modified_time\" content=\"2025-12-15T00:13:14+00:00\" \/>\n<meta property=\"og:image\" content=\"https:\/\/www.demusculos.com\/ayuda\/wp-content\/uploads\/2025\/12\/ver-productos-en-mercado-libre.webp\" \/>\n\t<meta property=\"og:image:width\" content=\"600\" \/>\n\t<meta property=\"og:image:height\" content=\"140\" \/>\n\t<meta property=\"og:image:type\" content=\"image\/webp\" \/>\n<meta name=\"twitter:card\" content=\"summary_large_image\" \/>\n<meta name=\"twitter:site\" content=\"@demusculos\" \/>\n<meta name=\"twitter:label1\" content=\"Tiempo de lectura\" \/>\n\t<meta name=\"twitter:data1\" content=\"1 minuto\" \/>\n<script type=\"application\/ld+json\" class=\"yoast-schema-graph\">{\"@context\":\"https:\\\/\\\/schema.org\",\"@graph\":[{\"@type\":\"WebPage\",\"@id\":\"https:\\\/\\\/www.demusculos.com\\\/ayuda\\\/cliente\\\/por-mercado-libre\\\/\",\"url\":\"https:\\\/\\\/www.demusculos.com\\\/ayuda\\\/cliente\\\/por-mercado-libre\\\/\",\"name\":\"Suplementos por Mercado Libre | Tienda en L\u00ednea | DeMusculos\",\"isPartOf\":{\"@id\":\"https:\\\/\\\/www.demusculos.com\\\/ayuda\\\/#website\"},\"primaryImageOfPage\":{\"@id\":\"https:\\\/\\\/www.demusculos.com\\\/ayuda\\\/cliente\\\/por-mercado-libre\\\/#primaryimage\"},\"image\":{\"@id\":\"https:\\\/\\\/www.demusculos.com\\\/ayuda\\\/cliente\\\/por-mercado-libre\\\/#primaryimage\"},\"thumbnailUrl\":\"https:\\\/\\\/www.demusculos.com\\\/ayuda\\\/wp-content\\\/uploads\\\/2025\\\/12\\\/ver-productos-en-mercado-libre.webp\",\"datePublished\":\"2020-04-01T01:04:59+00:00\",\"dateModified\":\"2025-12-15T00:13:14+00:00\",\"description\":\"Suplementos por Mercado Libre. Prote\u00ednas, amino\u00e1cidos ramificados, accesorios deportivos. Env\u00edo a toda la Argentina. Pago protegido.\",\"breadcrumb\":{\"@id\":\"https:\\\/\\\/www.demusculos.com\\\/ayuda\\\/cliente\\\/por-mercado-libre\\\/#breadcrumb\"},\"inLanguage\":\"es\",\"potentialAction\":[{\"@type\":\"ReadAction\",\"target\":[\"https:\\\/\\\/www.demusculos.com\\\/ayuda\\\/cliente\\\/por-mercado-libre\\\/\"]}]},{\"@type\":\"ImageObject\",\"inLanguage\":\"es\",\"@id\":\"https:\\\/\\\/www.demusculos.com\\\/ayuda\\\/cliente\\\/por-mercado-libre\\\/#primaryimage\",\"url\":\"https:\\\/\\\/www.demusculos.com\\\/ayuda\\\/wp-content\\\/uploads\\\/2025\\\/12\\\/ver-productos-en-mercado-libre.webp\",\"contentUrl\":\"https:\\\/\\\/www.demusculos.com\\\/ayuda\\\/wp-content\\\/uploads\\\/2025\\\/12\\\/ver-productos-en-mercado-libre.webp\",\"width\":600,\"height\":140},{\"@type\":\"BreadcrumbList\",\"@id\":\"https:\\\/\\\/www.demusculos.com\\\/ayuda\\\/cliente\\\/por-mercado-libre\\\/#breadcrumb\",\"itemListElement\":[{\"@type\":\"ListItem\",\"position\":1,\"name\":\"Portada\",\"item\":\"https:\\\/\\\/www.demusculos.com\\\/ayuda\\\/\"},{\"@type\":\"ListItem\",\"position\":2,\"name\":\"\u00a1Bienvenido!\",\"item\":\"https:\\\/\\\/www.demusculos.com\\\/ayuda\\\/\"}]},{\"@type\":\"WebSite\",\"@id\":\"https:\\\/\\\/www.demusculos.com\\\/ayuda\\\/#website\",\"url\":\"https:\\\/\\\/www.demusculos.com\\\/ayuda\\\/\",\"name\":\"DeMusculos.com | AYUDA\",\"description\":\"Suplementos Naturales, Accesorios, Indumentaria\",\"publisher\":{\"@id\":\"https:\\\/\\\/www.demusculos.com\\\/ayuda\\\/#organization\"},\"alternateName\":\"Suplementos Natuarles\",\"potentialAction\":[{\"@type\":\"SearchAction\",\"target\":{\"@type\":\"EntryPoint\",\"urlTemplate\":\"https:\\\/\\\/www.demusculos.com\\\/ayuda\\\/?s={search_term_string}\"},\"query-input\":{\"@type\":\"PropertyValueSpecification\",\"valueRequired\":true,\"valueName\":\"search_term_string\"}}],\"inLanguage\":\"es\"},{\"@type\":\"Organization\",\"@id\":\"https:\\\/\\\/www.demusculos.com\\\/ayuda\\\/#organization\",\"name\":\"DeMusculos.com | AYUDA\",\"url\":\"https:\\\/\\\/www.demusculos.com\\\/ayuda\\\/\",\"logo\":{\"@type\":\"ImageObject\",\"inLanguage\":\"es\",\"@id\":\"https:\\\/\\\/www.demusculos.com\\\/ayuda\\\/#\\\/schema\\\/logo\\\/image\\\/\",\"url\":\"https:\\\/\\\/www.demusculos.com\\\/ayuda\\\/wp-content\\\/uploads\\\/2024\\\/01\\\/logo-demusculos-prestashop-usuario.png\",\"contentUrl\":\"https:\\\/\\\/www.demusculos.com\\\/ayuda\\\/wp-content\\\/uploads\\\/2024\\\/01\\\/logo-demusculos-prestashop-usuario.png\",\"width\":150,\"height\":150,\"caption\":\"DeMusculos.com | AYUDA\"},\"image\":{\"@id\":\"https:\\\/\\\/www.demusculos.com\\\/ayuda\\\/#\\\/schema\\\/logo\\\/image\\\/\"},\"sameAs\":[\"https:\\\/\\\/www.facebook.com\\\/demusculos\",\"https:\\\/\\\/x.com\\\/demusculos\",\"https:\\\/\\\/www.tiktok.com\\\/@demusculos.com\"]}]}<\/script>\n<!-- \/ Yoast SEO plugin. -->","yoast_head_json":{"title":"Suplementos por Mercado Libre | Tienda en L\u00ednea | DeMusculos","description":"Suplementos por Mercado Libre. Prote\u00ednas, amino\u00e1cidos ramificados, accesorios deportivos. Env\u00edo a toda la Argentina. Pago protegido.","robots":{"index":"index","follow":"follow","max-snippet":"max-snippet:-1","max-image-preview":"max-image-preview:large","max-video-preview":"max-video-preview:-1"},"canonical":"https:\/\/www.demusculos.com\/ayuda\/cliente\/por-mercado-libre\/","og_locale":"es_ES","og_type":"article","og_title":"Suplementos por Mercado Libre | Tienda en L\u00ednea | DeMusculos","og_description":"Suplementos por Mercado Libre. Prote\u00ednas, amino\u00e1cidos ramificados, accesorios deportivos. Env\u00edo a toda la Argentina. Pago protegido.","og_url":"https:\/\/www.demusculos.com\/ayuda\/cliente\/por-mercado-libre\/","og_site_name":"DeMusculos.com | AYUDA","article_publisher":"https:\/\/www.facebook.com\/demusculos","article_modified_time":"2025-12-15T00:13:14+00:00","og_image":[{"width":600,"height":140,"url":"https:\/\/www.demusculos.com\/ayuda\/wp-content\/uploads\/2025\/12\/ver-productos-en-mercado-libre.webp","type":"image\/webp"}],"twitter_card":"summary_large_image","twitter_site":"@demusculos","twitter_misc":{"Tiempo de lectura":"1 minuto"},"schema":{"@context":"https:\/\/schema.org","@graph":[{"@type":"WebPage","@id":"https:\/\/www.demusculos.com\/ayuda\/cliente\/por-mercado-libre\/","url":"https:\/\/www.demusculos.com\/ayuda\/cliente\/por-mercado-libre\/","name":"Suplementos por Mercado Libre | Tienda en L\u00ednea | DeMusculos","isPartOf":{"@id":"https:\/\/www.demusculos.com\/ayuda\/#website"},"primaryImageOfPage":{"@id":"https:\/\/www.demusculos.com\/ayuda\/cliente\/por-mercado-libre\/#primaryimage"},"image":{"@id":"https:\/\/www.demusculos.com\/ayuda\/cliente\/por-mercado-libre\/#primaryimage"},"thumbnailUrl":"https:\/\/www.demusculos.com\/ayuda\/wp-content\/uploads\/2025\/12\/ver-productos-en-mercado-libre.webp","datePublished":"2020-04-01T01:04:59+00:00","dateModified":"2025-12-15T00:13:14+00:00","description":"Suplementos por Mercado Libre. Prote\u00ednas, amino\u00e1cidos ramificados, accesorios deportivos. Env\u00edo a toda la Argentina. Pago protegido.","breadcrumb":{"@id":"https:\/\/www.demusculos.com\/ayuda\/cliente\/por-mercado-libre\/#breadcrumb"},"inLanguage":"es","potentialAction":[{"@type":"ReadAction","target":["https:\/\/www.demusculos.com\/ayuda\/cliente\/por-mercado-libre\/"]}]},{"@type":"ImageObject","inLanguage":"es","@id":"https:\/\/www.demusculos.com\/ayuda\/cliente\/por-mercado-libre\/#primaryimage","url":"https:\/\/www.demusculos.com\/ayuda\/wp-content\/uploads\/2025\/12\/ver-productos-en-mercado-libre.webp","contentUrl":"https:\/\/www.demusculos.com\/ayuda\/wp-content\/uploads\/2025\/12\/ver-productos-en-mercado-libre.webp","width":600,"height":140},{"@type":"BreadcrumbList","@id":"https:\/\/www.demusculos.com\/ayuda\/cliente\/por-mercado-libre\/#breadcrumb","itemListElement":[{"@type":"ListItem","position":1,"name":"Portada","item":"https:\/\/www.demusculos.com\/ayuda\/"},{"@type":"ListItem","position":2,"name":"\u00a1Bienvenido!","item":"https:\/\/www.demusculos.com\/ayuda\/"}]},{"@type":"WebSite","@id":"https:\/\/www.demusculos.com\/ayuda\/#website","url":"https:\/\/www.demusculos.com\/ayuda\/","name":"DeMusculos.com | AYUDA","description":"Suplementos Naturales, Accesorios, Indumentaria","publisher":{"@id":"https:\/\/www.demusculos.com\/ayuda\/#organization"},"alternateName":"Suplementos Natuarles","potentialAction":[{"@type":"SearchAction","target":{"@type":"EntryPoint","urlTemplate":"https:\/\/www.demusculos.com\/ayuda\/?s={search_term_string}"},"query-input":{"@type":"PropertyValueSpecification","valueRequired":true,"valueName":"search_term_string"}}],"inLanguage":"es"},{"@type":"Organization","@id":"https:\/\/www.demusculos.com\/ayuda\/#organization","name":"DeMusculos.com | AYUDA","url":"https:\/\/www.demusculos.com\/ayuda\/","logo":{"@type":"ImageObject","inLanguage":"es","@id":"https:\/\/www.demusculos.com\/ayuda\/#\/schema\/logo\/image\/","url":"https:\/\/www.demusculos.com\/ayuda\/wp-content\/uploads\/2024\/01\/logo-demusculos-prestashop-usuario.png","contentUrl":"https:\/\/www.demusculos.com\/ayuda\/wp-content\/uploads\/2024\/01\/logo-demusculos-prestashop-usuario.png","width":150,"height":150,"caption":"DeMusculos.com | AYUDA"},"image":{"@id":"https:\/\/www.demusculos.com\/ayuda\/#\/schema\/logo\/image\/"},"sameAs":["https:\/\/www.facebook.com\/demusculos","https:\/\/x.com\/demusculos","https:\/\/www.tiktok.com\/@demusculos.com"]}]}},"_links":{"self":[{"href":"https:\/\/www.demusculos.com\/ayuda\/wp-json\/wp\/v2\/pages\/1351","targetHints":{"allow":["GET"]}}],"collection":[{"href":"https:\/\/www.demusculos.com\/ayuda\/wp-json\/wp\/v2\/pages"}],"about":[{"href":"https:\/\/www.demusculos.com\/ayuda\/wp-json\/wp\/v2\/types\/page"}],"author":[{"embeddable":true,"href":"https:\/\/www.demusculos.com\/ayuda\/wp-json\/wp\/v2\/users\/1"}],"replies":[{"embeddable":true,"href":"https:\/\/www.demusculos.com\/ayuda\/wp-json\/wp\/v2\/comments?post=1351"}],"version-history":[{"count":6,"href":"https:\/\/www.demusculos.com\/ayuda\/wp-json\/wp\/v2\/pages\/1351\/revisions"}],"predecessor-version":[{"id":4902,"href":"https:\/\/www.demusculos.com\/ayuda\/wp-json\/wp\/v2\/pages\/1351\/revisions\/4902"}],"up":[{"embeddable":true,"href":"https:\/\/www.demusculos.com\/ayuda\/wp-json\/wp\/v2\/pages\/1339"}],"wp:attachment":[{"href":"https:\/\/www.demusculos.com\/ayuda\/wp-json\/wp\/v2\/media?parent=1351"}],"curies":[{"name":"wp","href":"https:\/\/api.w.org\/{rel}","templated":true}]}}