{"id":1593,"date":"2020-04-05T21:43:46","date_gmt":"2020-04-05T21:43:46","guid":{"rendered":"http:\/\/www.demusculos.com\/ayuda\/?page_id=1593"},"modified":"2025-12-13T15:05:01","modified_gmt":"2025-12-13T15:05:01","slug":"cuentas-bancarias","status":"publish","type":"page","link":"https:\/\/www.demusculos.com\/ayuda\/cliente\/cuentas-bancarias\/","title":{"rendered":"Cuentas bancarias"},"content":{"rendered":"\n<p>Si elegiste pagar por transferencia bancaria, los dato te han llegado a tu correo electr\u00f3nico.<\/p>\n\n\n\n<p>Podr\u00e1s ver en ese correo el CBU, alias, n\u00famero de CUIT y nombre.<\/p>\n\n\n\n<p>\ud83d\udd90\ufe0fLuego de realizar la transferencia debes <strong><a href=\"https:\/\/www.demusculos.com\/ayuda\/cliente\/confirmar-pago-bancario\/\">confirmar el pago<\/a><\/strong>.<\/p>\n\n\n\n<figure class=\"wp-block-image size-full\"><img loading=\"lazy\" decoding=\"async\" width=\"300\" height=\"400\" src=\"https:\/\/www.demusculos.com\/ayuda\/wp-content\/uploads\/2024\/01\/bancos-1.png\" alt=\"\" class=\"wp-image-2637\" srcset=\"https:\/\/www.demusculos.com\/ayuda\/wp-content\/uploads\/2024\/01\/bancos-1.png 300w, https:\/\/www.demusculos.com\/ayuda\/wp-content\/uploads\/2024\/01\/bancos-1-225x300.png 225w\" sizes=\"auto, (max-width: 300px) 100vw, 300px\" \/><\/figure>\n\n\n\n<p>&lt; <a href=\"https:\/\/www.demusculos.com\/ayuda\/cliente\/por-www-demusculos-com\/\">Regresar<\/a><\/p>\n","protected":false},"excerpt":{"rendered":"<p>Si elegiste pagar por transferencia bancaria, los dato te han llegado a tu correo electr\u00f3nico. Podr\u00e1s ver en ese correo el CBU, alias, n\u00famero de CUIT y nombre. \ud83d\udd90\ufe0fLuego de realizar la transferencia debes confirmar el pago. &lt; Regresar<\/p>\n","protected":false},"author":1,"featured_media":0,"parent":1339,"menu_order":0,"comment_status":"closed","ping_status":"closed","template":"","meta":{"footnotes":""},"class_list":["post-1593","page","type-page","status-publish","hentry"],"yoast_head":"<!-- This site is optimized with the Yoast SEO plugin v27.4 - https:\/\/yoast.com\/product\/yoast-seo-wordpress\/ -->\n<title>Cuentas bancarias | Ayuda | DeMusculos.com<\/title>\n<meta name=\"description\" content=\"Cuentas bancarias. Pago r\u00e1pido. Suplementos Deportivos, Accesorios, Indumentaria. Las mejores marcas deportivas al mejor valor.\" \/>\n<meta name=\"robots\" content=\"index, follow, max-snippet:-1, max-image-preview:large, max-video-preview:-1\" \/>\n<link rel=\"canonical\" href=\"https:\/\/www.demusculos.com\/ayuda\/cliente\/cuentas-bancarias\/\" \/>\n<meta property=\"og:locale\" content=\"es_ES\" \/>\n<meta property=\"og:type\" content=\"article\" \/>\n<meta property=\"og:title\" content=\"Cuentas bancarias | Ayuda | DeMusculos.com\" \/>\n<meta property=\"og:description\" content=\"Cuentas bancarias. Pago r\u00e1pido. Suplementos Deportivos, Accesorios, Indumentaria. Las mejores marcas deportivas al mejor valor.\" \/>\n<meta property=\"og:url\" content=\"https:\/\/www.demusculos.com\/ayuda\/cliente\/cuentas-bancarias\/\" \/>\n<meta property=\"og:site_name\" content=\"DeMusculos.com | AYUDA\" \/>\n<meta property=\"article:publisher\" content=\"https:\/\/www.facebook.com\/demusculos\" \/>\n<meta property=\"article:modified_time\" content=\"2025-12-13T15:05:01+00:00\" \/>\n<meta property=\"og:image\" content=\"https:\/\/www.demusculos.com\/ayuda\/wp-content\/uploads\/2024\/01\/bancos-1.png\" \/>\n\t<meta property=\"og:image:width\" content=\"300\" \/>\n\t<meta property=\"og:image:height\" content=\"400\" \/>\n\t<meta property=\"og:image:type\" content=\"image\/png\" \/>\n<meta name=\"twitter:card\" content=\"summary_large_image\" \/>\n<meta name=\"twitter:site\" content=\"@demusculos\" \/>\n<meta name=\"twitter:label1\" content=\"Tiempo de lectura\" \/>\n\t<meta name=\"twitter:data1\" content=\"1 minuto\" \/>\n<script type=\"application\/ld+json\" class=\"yoast-schema-graph\">{\"@context\":\"https:\\\/\\\/schema.org\",\"@graph\":[{\"@type\":\"WebPage\",\"@id\":\"https:\\\/\\\/www.demusculos.com\\\/ayuda\\\/cliente\\\/cuentas-bancarias\\\/\",\"url\":\"https:\\\/\\\/www.demusculos.com\\\/ayuda\\\/cliente\\\/cuentas-bancarias\\\/\",\"name\":\"Cuentas bancarias | Ayuda | DeMusculos.com\",\"isPartOf\":{\"@id\":\"https:\\\/\\\/www.demusculos.com\\\/ayuda\\\/#website\"},\"primaryImageOfPage\":{\"@id\":\"https:\\\/\\\/www.demusculos.com\\\/ayuda\\\/cliente\\\/cuentas-bancarias\\\/#primaryimage\"},\"image\":{\"@id\":\"https:\\\/\\\/www.demusculos.com\\\/ayuda\\\/cliente\\\/cuentas-bancarias\\\/#primaryimage\"},\"thumbnailUrl\":\"https:\\\/\\\/www.demusculos.com\\\/ayuda\\\/wp-content\\\/uploads\\\/2024\\\/01\\\/bancos-1.png\",\"datePublished\":\"2020-04-05T21:43:46+00:00\",\"dateModified\":\"2025-12-13T15:05:01+00:00\",\"description\":\"Cuentas bancarias. Pago r\u00e1pido. Suplementos Deportivos, Accesorios, Indumentaria. Las mejores marcas deportivas al mejor valor.\",\"breadcrumb\":{\"@id\":\"https:\\\/\\\/www.demusculos.com\\\/ayuda\\\/cliente\\\/cuentas-bancarias\\\/#breadcrumb\"},\"inLanguage\":\"es\",\"potentialAction\":[{\"@type\":\"ReadAction\",\"target\":[\"https:\\\/\\\/www.demusculos.com\\\/ayuda\\\/cliente\\\/cuentas-bancarias\\\/\"]}]},{\"@type\":\"ImageObject\",\"inLanguage\":\"es\",\"@id\":\"https:\\\/\\\/www.demusculos.com\\\/ayuda\\\/cliente\\\/cuentas-bancarias\\\/#primaryimage\",\"url\":\"https:\\\/\\\/www.demusculos.com\\\/ayuda\\\/wp-content\\\/uploads\\\/2024\\\/01\\\/bancos-1.png\",\"contentUrl\":\"https:\\\/\\\/www.demusculos.com\\\/ayuda\\\/wp-content\\\/uploads\\\/2024\\\/01\\\/bancos-1.png\"},{\"@type\":\"BreadcrumbList\",\"@id\":\"https:\\\/\\\/www.demusculos.com\\\/ayuda\\\/cliente\\\/cuentas-bancarias\\\/#breadcrumb\",\"itemListElement\":[{\"@type\":\"ListItem\",\"position\":1,\"name\":\"Portada\",\"item\":\"https:\\\/\\\/www.demusculos.com\\\/ayuda\\\/\"},{\"@type\":\"ListItem\",\"position\":2,\"name\":\"\u00a1Bienvenido!\",\"item\":\"https:\\\/\\\/www.demusculos.com\\\/ayuda\\\/\"},{\"@type\":\"ListItem\",\"position\":3,\"name\":\"Cuentas bancarias\"}]},{\"@type\":\"WebSite\",\"@id\":\"https:\\\/\\\/www.demusculos.com\\\/ayuda\\\/#website\",\"url\":\"https:\\\/\\\/www.demusculos.com\\\/ayuda\\\/\",\"name\":\"DeMusculos.com | AYUDA\",\"description\":\"Suplementos Naturales, Accesorios, Indumentaria\",\"publisher\":{\"@id\":\"https:\\\/\\\/www.demusculos.com\\\/ayuda\\\/#organization\"},\"alternateName\":\"Suplementos Natuarles\",\"potentialAction\":[{\"@type\":\"SearchAction\",\"target\":{\"@type\":\"EntryPoint\",\"urlTemplate\":\"https:\\\/\\\/www.demusculos.com\\\/ayuda\\\/?s={search_term_string}\"},\"query-input\":{\"@type\":\"PropertyValueSpecification\",\"valueRequired\":true,\"valueName\":\"search_term_string\"}}],\"inLanguage\":\"es\"},{\"@type\":\"Organization\",\"@id\":\"https:\\\/\\\/www.demusculos.com\\\/ayuda\\\/#organization\",\"name\":\"DeMusculos.com | AYUDA\",\"url\":\"https:\\\/\\\/www.demusculos.com\\\/ayuda\\\/\",\"logo\":{\"@type\":\"ImageObject\",\"inLanguage\":\"es\",\"@id\":\"https:\\\/\\\/www.demusculos.com\\\/ayuda\\\/#\\\/schema\\\/logo\\\/image\\\/\",\"url\":\"https:\\\/\\\/www.demusculos.com\\\/ayuda\\\/wp-content\\\/uploads\\\/2024\\\/01\\\/logo-demusculos-prestashop-usuario.png\",\"contentUrl\":\"https:\\\/\\\/www.demusculos.com\\\/ayuda\\\/wp-content\\\/uploads\\\/2024\\\/01\\\/logo-demusculos-prestashop-usuario.png\",\"width\":150,\"height\":150,\"caption\":\"DeMusculos.com | AYUDA\"},\"image\":{\"@id\":\"https:\\\/\\\/www.demusculos.com\\\/ayuda\\\/#\\\/schema\\\/logo\\\/image\\\/\"},\"sameAs\":[\"https:\\\/\\\/www.facebook.com\\\/demusculos\",\"https:\\\/\\\/x.com\\\/demusculos\",\"https:\\\/\\\/www.tiktok.com\\\/@demusculos.com\"]}]}<\/script>\n<!-- \/ Yoast SEO plugin. -->","yoast_head_json":{"title":"Cuentas bancarias | Ayuda | DeMusculos.com","description":"Cuentas bancarias. Pago r\u00e1pido. Suplementos Deportivos, Accesorios, Indumentaria. Las mejores marcas deportivas al mejor valor.","robots":{"index":"index","follow":"follow","max-snippet":"max-snippet:-1","max-image-preview":"max-image-preview:large","max-video-preview":"max-video-preview:-1"},"canonical":"https:\/\/www.demusculos.com\/ayuda\/cliente\/cuentas-bancarias\/","og_locale":"es_ES","og_type":"article","og_title":"Cuentas bancarias | Ayuda | DeMusculos.com","og_description":"Cuentas bancarias. Pago r\u00e1pido. Suplementos Deportivos, Accesorios, Indumentaria. Las mejores marcas deportivas al mejor valor.","og_url":"https:\/\/www.demusculos.com\/ayuda\/cliente\/cuentas-bancarias\/","og_site_name":"DeMusculos.com | AYUDA","article_publisher":"https:\/\/www.facebook.com\/demusculos","article_modified_time":"2025-12-13T15:05:01+00:00","og_image":[{"width":300,"height":400,"url":"https:\/\/www.demusculos.com\/ayuda\/wp-content\/uploads\/2024\/01\/bancos-1.png","type":"image\/png"}],"twitter_card":"summary_large_image","twitter_site":"@demusculos","twitter_misc":{"Tiempo de lectura":"1 minuto"},"schema":{"@context":"https:\/\/schema.org","@graph":[{"@type":"WebPage","@id":"https:\/\/www.demusculos.com\/ayuda\/cliente\/cuentas-bancarias\/","url":"https:\/\/www.demusculos.com\/ayuda\/cliente\/cuentas-bancarias\/","name":"Cuentas bancarias | Ayuda | DeMusculos.com","isPartOf":{"@id":"https:\/\/www.demusculos.com\/ayuda\/#website"},"primaryImageOfPage":{"@id":"https:\/\/www.demusculos.com\/ayuda\/cliente\/cuentas-bancarias\/#primaryimage"},"image":{"@id":"https:\/\/www.demusculos.com\/ayuda\/cliente\/cuentas-bancarias\/#primaryimage"},"thumbnailUrl":"https:\/\/www.demusculos.com\/ayuda\/wp-content\/uploads\/2024\/01\/bancos-1.png","datePublished":"2020-04-05T21:43:46+00:00","dateModified":"2025-12-13T15:05:01+00:00","description":"Cuentas bancarias. Pago r\u00e1pido. Suplementos Deportivos, Accesorios, Indumentaria. Las mejores marcas deportivas al mejor valor.","breadcrumb":{"@id":"https:\/\/www.demusculos.com\/ayuda\/cliente\/cuentas-bancarias\/#breadcrumb"},"inLanguage":"es","potentialAction":[{"@type":"ReadAction","target":["https:\/\/www.demusculos.com\/ayuda\/cliente\/cuentas-bancarias\/"]}]},{"@type":"ImageObject","inLanguage":"es","@id":"https:\/\/www.demusculos.com\/ayuda\/cliente\/cuentas-bancarias\/#primaryimage","url":"https:\/\/www.demusculos.com\/ayuda\/wp-content\/uploads\/2024\/01\/bancos-1.png","contentUrl":"https:\/\/www.demusculos.com\/ayuda\/wp-content\/uploads\/2024\/01\/bancos-1.png"},{"@type":"BreadcrumbList","@id":"https:\/\/www.demusculos.com\/ayuda\/cliente\/cuentas-bancarias\/#breadcrumb","itemListElement":[{"@type":"ListItem","position":1,"name":"Portada","item":"https:\/\/www.demusculos.com\/ayuda\/"},{"@type":"ListItem","position":2,"name":"\u00a1Bienvenido!","item":"https:\/\/www.demusculos.com\/ayuda\/"},{"@type":"ListItem","position":3,"name":"Cuentas bancarias"}]},{"@type":"WebSite","@id":"https:\/\/www.demusculos.com\/ayuda\/#website","url":"https:\/\/www.demusculos.com\/ayuda\/","name":"DeMusculos.com | AYUDA","description":"Suplementos Naturales, Accesorios, Indumentaria","publisher":{"@id":"https:\/\/www.demusculos.com\/ayuda\/#organization"},"alternateName":"Suplementos Natuarles","potentialAction":[{"@type":"SearchAction","target":{"@type":"EntryPoint","urlTemplate":"https:\/\/www.demusculos.com\/ayuda\/?s={search_term_string}"},"query-input":{"@type":"PropertyValueSpecification","valueRequired":true,"valueName":"search_term_string"}}],"inLanguage":"es"},{"@type":"Organization","@id":"https:\/\/www.demusculos.com\/ayuda\/#organization","name":"DeMusculos.com | AYUDA","url":"https:\/\/www.demusculos.com\/ayuda\/","logo":{"@type":"ImageObject","inLanguage":"es","@id":"https:\/\/www.demusculos.com\/ayuda\/#\/schema\/logo\/image\/","url":"https:\/\/www.demusculos.com\/ayuda\/wp-content\/uploads\/2024\/01\/logo-demusculos-prestashop-usuario.png","contentUrl":"https:\/\/www.demusculos.com\/ayuda\/wp-content\/uploads\/2024\/01\/logo-demusculos-prestashop-usuario.png","width":150,"height":150,"caption":"DeMusculos.com | AYUDA"},"image":{"@id":"https:\/\/www.demusculos.com\/ayuda\/#\/schema\/logo\/image\/"},"sameAs":["https:\/\/www.facebook.com\/demusculos","https:\/\/x.com\/demusculos","https:\/\/www.tiktok.com\/@demusculos.com"]}]}},"_links":{"self":[{"href":"https:\/\/www.demusculos.com\/ayuda\/wp-json\/wp\/v2\/pages\/1593","targetHints":{"allow":["GET"]}}],"collection":[{"href":"https:\/\/www.demusculos.com\/ayuda\/wp-json\/wp\/v2\/pages"}],"about":[{"href":"https:\/\/www.demusculos.com\/ayuda\/wp-json\/wp\/v2\/types\/page"}],"author":[{"embeddable":true,"href":"https:\/\/www.demusculos.com\/ayuda\/wp-json\/wp\/v2\/users\/1"}],"replies":[{"embeddable":true,"href":"https:\/\/www.demusculos.com\/ayuda\/wp-json\/wp\/v2\/comments?post=1593"}],"version-history":[{"count":1,"href":"https:\/\/www.demusculos.com\/ayuda\/wp-json\/wp\/v2\/pages\/1593\/revisions"}],"predecessor-version":[{"id":4514,"href":"https:\/\/www.demusculos.com\/ayuda\/wp-json\/wp\/v2\/pages\/1593\/revisions\/4514"}],"up":[{"embeddable":true,"href":"https:\/\/www.demusculos.com\/ayuda\/wp-json\/wp\/v2\/pages\/1339"}],"wp:attachment":[{"href":"https:\/\/www.demusculos.com\/ayuda\/wp-json\/wp\/v2\/media?parent=1593"}],"curies":[{"name":"wp","href":"https:\/\/api.w.org\/{rel}","templated":true}]}}