{"id":1701,"date":"2020-04-06T21:19:56","date_gmt":"2020-04-06T21:19:56","guid":{"rendered":"http:\/\/www.demusculos.com\/ayuda\/?page_id=1701"},"modified":"2026-04-06T17:38:54","modified_gmt":"2026-04-06T17:38:54","slug":"nuestras-tiendas","status":"publish","type":"page","link":"https:\/\/www.demusculos.com\/ayuda\/cliente\/nuestras-tiendas\/","title":{"rendered":"Nuestras tiendas&#8230;"},"content":{"rendered":"\n<p class=\"has-accent-3-color has-text-color has-link-color wp-elements-9be9edd1adb945191d68580ba50cc4c1\"><strong>Casa Central \u2013 Zona Sur Gran Buenos Aires &#8211; Berazategui<\/strong><\/p>\n\n\n\n<p>Calle 147 Nro. 1136 e\/ 11 y 12<br>Ciudad de Berazategui (CP 1884)<br>Buenos Aires \u2013 Argentina<br>Lunes a viernes de <strong>09 a 18 horas<\/strong><br>S\u00e1bados de <strong>09 a 14&nbsp;horas<\/strong><br>Feriados: <strong>\u00a1Consultar!<\/strong> La mayor\u00eda de las veces estamos atendiendo.<br>\ud83d\udccd<a href=\"https:\/\/maps.app.goo.gl\/kyRb3tS789wxe6TJ6\" target=\"_blank\" rel=\"noreferrer noopener\">Ver en Google Maps<\/a><br>\ud83d\udcf1<a href=\"https:\/\/wa.me\/5491137010494?text=Hola%3A%0AEste%20es%20el%20WhatsApp%20de%20la%20sucursal%20Berazategui.%0A%F0%9F%8F%A2%20Calle%20147%20Nro.%201136%20-%20Entre%2011%20y%2012%0A%E2%8C%9B%20Horario%3A%20Lunes%20a%20Viernes%20de%2010%20a%2018%20hs.%0AS%C3%A1bados%20de%2010%20a%2014%20horas.%20Feriados%20Consultar.%0A%0A%C2%BFEn%20qu%C3%A9%20te%20podemos%20ayudar%3F%20%F0%9F%92%AC%0AEscribe%20tu%20consulta%20para%20poder%20responderte...\">Mensaje por Whatsapp<\/a><\/p>\n\n\n\n<hr class=\"wp-block-separator has-alpha-channel-opacity\"\/>\n\n\n\n<p class=\"has-accent-3-color has-text-color has-link-color wp-elements-275d2d727ce0f768132c4fd5273a9bc7\"><strong>Flores&nbsp;\u2013 Capital Federal<\/strong><\/p>\n\n\n\n<p>Calle Membrillar 74<br>Piso 7 \u2013 Oficina 709<br>Capital Federal<br>Lunes a viernes de <strong>10 a 19 horas<\/strong><br>S\u00e1bados y feriados: <strong>Cerrado<\/strong><br>\ud83d\udccd<a href=\"https:\/\/maps.app.goo.gl\/pdAPKRVeGpVwu9Q7A\" target=\"_blank\" rel=\"noreferrer noopener\">Ver en Google Maps<\/a><br>\ud83d\udcf1<a href=\"https:\/\/wa.me\/5491130016584?text=Hola%3A%0AEste%20es%20el%20WhatsApp%20de%20la%20sucursal%20Flores.%0A%F0%9F%8F%A2%20Calle%20Membrillar%2074%20-%20Piso%207%20-%20Oficina%20710%0A%E2%8C%9B%20Horario%3A%20Lunes%20a%20Viernes%20de%2010%20a%2018%20hs.%0AS%C3%A1bados%3A%20Cerrado%0A%0A%C2%BFEn%20qu%C3%A9%20te%20podemos%20ayudar%3F%20%F0%9F%92%AC%0AEscribe%20tu%20consulta%20para%20poder%20responderte\u2026\">Mensaje por Whatsapp<\/a><\/p>\n\n\n\n<hr class=\"wp-block-separator has-alpha-channel-opacity\"\/>\n\n\n\n<p class=\"has-accent-3-color has-text-color has-link-color wp-elements-3a6ae2c7f6a1ae871db2027d06b7993e\"><strong>Microcentro &#8211; Capital Federal<\/strong><\/p>\n\n\n\n<p>Calle Sarmiento 747<br>Capital Federal<br>Buenos Aires \u2013 Argentina<br>Lunes a viernes de <strong>11 a 18 horas<\/strong><br>S\u00e1bados y feriados: <strong>Cerrado<\/strong><br>\ud83d\udccd<a href=\"https:\/\/maps.app.goo.gl\/mtgDJms2PYdnosCr7\">Ver en Google Maps<\/a><br>\ud83d\udcf1<a href=\"https:\/\/wa.me\/5491131083377?text=Hola%3A%0AEste%20es%20el%20WhatsApp%20de%20la%20sucursal%20Microcentro.%0A%F0%9F%8F%A2%20Calle%20Sarmiento%20Nro.%20747%20-%20Piso%209%20-%20Oficina%2039%0A%E2%8C%9B%20Horario%3A%20Lunes%20a%20Viernes%20de%2011%20a%2018%20hs.%0AS%C3%A1bados%3A%20Cerrado%0A%0A%C2%BFEn%20qu%C3%A9%20te%20podemos%20ayudar%3F%20%F0%9F%92%AC%0AEscribe%20tu%20consulta%20para%20poder%20responderte\u2026\">Mensaje por Whatsapp<\/a><\/p>\n\n\n\n<p>&lt; <a href=\"https:\/\/www.demusculos.com\/ayuda\/cliente\/por-www-demusculos-com\/\">Regresar<\/a><\/p>\n","protected":false},"excerpt":{"rendered":"<p>Casa Central \u2013 Zona Sur Gran Buenos Aires &#8211; Berazategui Calle 147 Nro. 1136 e\/ 11 y 12Ciudad de Berazategui (CP 1884)Buenos Aires \u2013 ArgentinaLunes a viernes de 09 a 18 horasS\u00e1bados de 09 a 14&nbsp;horasFeriados: \u00a1Consultar! La mayor\u00eda de las veces estamos atendiendo.\ud83d\udccdVer en Google Maps\ud83d\udcf1Mensaje por Whatsapp Flores&nbsp;\u2013 Capital Federal Calle Membrillar 74Piso [&hellip;]<\/p>\n","protected":false},"author":1,"featured_media":0,"parent":1339,"menu_order":0,"comment_status":"closed","ping_status":"closed","template":"","meta":{"footnotes":""},"class_list":["post-1701","page","type-page","status-publish","hentry"],"yoast_head":"<!-- This site is optimized with the Yoast SEO plugin v27.3 - https:\/\/yoast.com\/product\/yoast-seo-wordpress\/ -->\n<title>Tiendas DeMusculos.com | Venta en l\u00ednea | Env\u00edos r\u00e1pidos<\/title>\n<meta name=\"description\" content=\"Tiendas DeMusculos.com, la mayor variedad de prote\u00ednas de suero l\u00e1cteo o Whey Protein, amino\u00e1cidos, Bcaa, pre Workout, creatinas y m\u00e1s.\" \/>\n<meta name=\"robots\" content=\"index, follow, max-snippet:-1, max-image-preview:large, max-video-preview:-1\" \/>\n<link rel=\"canonical\" href=\"https:\/\/www.demusculos.com\/ayuda\/cliente\/nuestras-tiendas\/\" \/>\n<meta property=\"og:locale\" content=\"es_ES\" \/>\n<meta property=\"og:type\" content=\"article\" \/>\n<meta property=\"og:title\" content=\"Tiendas DeMusculos.com | Venta en l\u00ednea | Env\u00edos r\u00e1pidos\" \/>\n<meta property=\"og:description\" content=\"Tiendas DeMusculos.com, la mayor variedad de prote\u00ednas de suero l\u00e1cteo o Whey Protein, amino\u00e1cidos, Bcaa, pre Workout, creatinas y m\u00e1s.\" \/>\n<meta property=\"og:url\" content=\"https:\/\/www.demusculos.com\/ayuda\/cliente\/nuestras-tiendas\/\" \/>\n<meta property=\"og:site_name\" content=\"DeMusculos.com | AYUDA\" \/>\n<meta property=\"article:publisher\" content=\"https:\/\/www.facebook.com\/demusculos\" \/>\n<meta property=\"article:modified_time\" content=\"2026-04-06T17:38:54+00:00\" \/>\n<meta property=\"og:image\" content=\"https:\/\/www.demusculos.com\/ayuda\/wp-content\/uploads\/2024\/03\/demusculos-com-suplementos-productos.jpg\" \/>\n\t<meta property=\"og:image:width\" content=\"1200\" \/>\n\t<meta property=\"og:image:height\" content=\"675\" \/>\n\t<meta property=\"og:image:type\" content=\"image\/jpeg\" \/>\n<meta name=\"twitter:card\" content=\"summary_large_image\" \/>\n<meta name=\"twitter:site\" content=\"@demusculos\" \/>\n<meta name=\"twitter:label1\" content=\"Tiempo de lectura\" \/>\n\t<meta name=\"twitter:data1\" content=\"1 minuto\" \/>\n<script type=\"application\/ld+json\" class=\"yoast-schema-graph\">{\"@context\":\"https:\\\/\\\/schema.org\",\"@graph\":[{\"@type\":\"WebPage\",\"@id\":\"https:\\\/\\\/www.demusculos.com\\\/ayuda\\\/cliente\\\/nuestras-tiendas\\\/\",\"url\":\"https:\\\/\\\/www.demusculos.com\\\/ayuda\\\/cliente\\\/nuestras-tiendas\\\/\",\"name\":\"Tiendas DeMusculos.com | Venta en l\u00ednea | Env\u00edos r\u00e1pidos\",\"isPartOf\":{\"@id\":\"https:\\\/\\\/www.demusculos.com\\\/ayuda\\\/#website\"},\"datePublished\":\"2020-04-06T21:19:56+00:00\",\"dateModified\":\"2026-04-06T17:38:54+00:00\",\"description\":\"Tiendas DeMusculos.com, la mayor variedad de prote\u00ednas de suero l\u00e1cteo o Whey Protein, amino\u00e1cidos, Bcaa, pre Workout, creatinas y m\u00e1s.\",\"breadcrumb\":{\"@id\":\"https:\\\/\\\/www.demusculos.com\\\/ayuda\\\/cliente\\\/nuestras-tiendas\\\/#breadcrumb\"},\"inLanguage\":\"es\",\"potentialAction\":[{\"@type\":\"ReadAction\",\"target\":[\"https:\\\/\\\/www.demusculos.com\\\/ayuda\\\/cliente\\\/nuestras-tiendas\\\/\"]}]},{\"@type\":\"BreadcrumbList\",\"@id\":\"https:\\\/\\\/www.demusculos.com\\\/ayuda\\\/cliente\\\/nuestras-tiendas\\\/#breadcrumb\",\"itemListElement\":[{\"@type\":\"ListItem\",\"position\":1,\"name\":\"Portada\",\"item\":\"https:\\\/\\\/www.demusculos.com\\\/ayuda\\\/\"},{\"@type\":\"ListItem\",\"position\":2,\"name\":\"\u00a1Bienvenido!\",\"item\":\"https:\\\/\\\/www.demusculos.com\\\/ayuda\\\/\"},{\"@type\":\"ListItem\",\"position\":3,\"name\":\"Nuestras tiendas&#8230;\"}]},{\"@type\":\"WebSite\",\"@id\":\"https:\\\/\\\/www.demusculos.com\\\/ayuda\\\/#website\",\"url\":\"https:\\\/\\\/www.demusculos.com\\\/ayuda\\\/\",\"name\":\"DeMusculos.com | AYUDA\",\"description\":\"Suplementos Naturales, Accesorios, Indumentaria\",\"publisher\":{\"@id\":\"https:\\\/\\\/www.demusculos.com\\\/ayuda\\\/#organization\"},\"alternateName\":\"Suplementos Natuarles\",\"potentialAction\":[{\"@type\":\"SearchAction\",\"target\":{\"@type\":\"EntryPoint\",\"urlTemplate\":\"https:\\\/\\\/www.demusculos.com\\\/ayuda\\\/?s={search_term_string}\"},\"query-input\":{\"@type\":\"PropertyValueSpecification\",\"valueRequired\":true,\"valueName\":\"search_term_string\"}}],\"inLanguage\":\"es\"},{\"@type\":\"Organization\",\"@id\":\"https:\\\/\\\/www.demusculos.com\\\/ayuda\\\/#organization\",\"name\":\"DeMusculos.com | AYUDA\",\"url\":\"https:\\\/\\\/www.demusculos.com\\\/ayuda\\\/\",\"logo\":{\"@type\":\"ImageObject\",\"inLanguage\":\"es\",\"@id\":\"https:\\\/\\\/www.demusculos.com\\\/ayuda\\\/#\\\/schema\\\/logo\\\/image\\\/\",\"url\":\"https:\\\/\\\/www.demusculos.com\\\/ayuda\\\/wp-content\\\/uploads\\\/2024\\\/01\\\/logo-demusculos-prestashop-usuario.png\",\"contentUrl\":\"https:\\\/\\\/www.demusculos.com\\\/ayuda\\\/wp-content\\\/uploads\\\/2024\\\/01\\\/logo-demusculos-prestashop-usuario.png\",\"width\":150,\"height\":150,\"caption\":\"DeMusculos.com | AYUDA\"},\"image\":{\"@id\":\"https:\\\/\\\/www.demusculos.com\\\/ayuda\\\/#\\\/schema\\\/logo\\\/image\\\/\"},\"sameAs\":[\"https:\\\/\\\/www.facebook.com\\\/demusculos\",\"https:\\\/\\\/x.com\\\/demusculos\",\"https:\\\/\\\/www.tiktok.com\\\/@demusculos.com\"]}]}<\/script>\n<!-- \/ Yoast SEO plugin. -->","yoast_head_json":{"title":"Tiendas DeMusculos.com | Venta en l\u00ednea | Env\u00edos r\u00e1pidos","description":"Tiendas DeMusculos.com, la mayor variedad de prote\u00ednas de suero l\u00e1cteo o Whey Protein, amino\u00e1cidos, Bcaa, pre Workout, creatinas y m\u00e1s.","robots":{"index":"index","follow":"follow","max-snippet":"max-snippet:-1","max-image-preview":"max-image-preview:large","max-video-preview":"max-video-preview:-1"},"canonical":"https:\/\/www.demusculos.com\/ayuda\/cliente\/nuestras-tiendas\/","og_locale":"es_ES","og_type":"article","og_title":"Tiendas DeMusculos.com | Venta en l\u00ednea | Env\u00edos r\u00e1pidos","og_description":"Tiendas DeMusculos.com, la mayor variedad de prote\u00ednas de suero l\u00e1cteo o Whey Protein, amino\u00e1cidos, Bcaa, pre Workout, creatinas y m\u00e1s.","og_url":"https:\/\/www.demusculos.com\/ayuda\/cliente\/nuestras-tiendas\/","og_site_name":"DeMusculos.com | AYUDA","article_publisher":"https:\/\/www.facebook.com\/demusculos","article_modified_time":"2026-04-06T17:38:54+00:00","og_image":[{"width":1200,"height":675,"url":"https:\/\/www.demusculos.com\/ayuda\/wp-content\/uploads\/2024\/03\/demusculos-com-suplementos-productos.jpg","type":"image\/jpeg"}],"twitter_card":"summary_large_image","twitter_site":"@demusculos","twitter_misc":{"Tiempo de lectura":"1 minuto"},"schema":{"@context":"https:\/\/schema.org","@graph":[{"@type":"WebPage","@id":"https:\/\/www.demusculos.com\/ayuda\/cliente\/nuestras-tiendas\/","url":"https:\/\/www.demusculos.com\/ayuda\/cliente\/nuestras-tiendas\/","name":"Tiendas DeMusculos.com | Venta en l\u00ednea | Env\u00edos r\u00e1pidos","isPartOf":{"@id":"https:\/\/www.demusculos.com\/ayuda\/#website"},"datePublished":"2020-04-06T21:19:56+00:00","dateModified":"2026-04-06T17:38:54+00:00","description":"Tiendas DeMusculos.com, la mayor variedad de prote\u00ednas de suero l\u00e1cteo o Whey Protein, amino\u00e1cidos, Bcaa, pre Workout, creatinas y m\u00e1s.","breadcrumb":{"@id":"https:\/\/www.demusculos.com\/ayuda\/cliente\/nuestras-tiendas\/#breadcrumb"},"inLanguage":"es","potentialAction":[{"@type":"ReadAction","target":["https:\/\/www.demusculos.com\/ayuda\/cliente\/nuestras-tiendas\/"]}]},{"@type":"BreadcrumbList","@id":"https:\/\/www.demusculos.com\/ayuda\/cliente\/nuestras-tiendas\/#breadcrumb","itemListElement":[{"@type":"ListItem","position":1,"name":"Portada","item":"https:\/\/www.demusculos.com\/ayuda\/"},{"@type":"ListItem","position":2,"name":"\u00a1Bienvenido!","item":"https:\/\/www.demusculos.com\/ayuda\/"},{"@type":"ListItem","position":3,"name":"Nuestras tiendas&#8230;"}]},{"@type":"WebSite","@id":"https:\/\/www.demusculos.com\/ayuda\/#website","url":"https:\/\/www.demusculos.com\/ayuda\/","name":"DeMusculos.com | AYUDA","description":"Suplementos Naturales, Accesorios, Indumentaria","publisher":{"@id":"https:\/\/www.demusculos.com\/ayuda\/#organization"},"alternateName":"Suplementos Natuarles","potentialAction":[{"@type":"SearchAction","target":{"@type":"EntryPoint","urlTemplate":"https:\/\/www.demusculos.com\/ayuda\/?s={search_term_string}"},"query-input":{"@type":"PropertyValueSpecification","valueRequired":true,"valueName":"search_term_string"}}],"inLanguage":"es"},{"@type":"Organization","@id":"https:\/\/www.demusculos.com\/ayuda\/#organization","name":"DeMusculos.com | AYUDA","url":"https:\/\/www.demusculos.com\/ayuda\/","logo":{"@type":"ImageObject","inLanguage":"es","@id":"https:\/\/www.demusculos.com\/ayuda\/#\/schema\/logo\/image\/","url":"https:\/\/www.demusculos.com\/ayuda\/wp-content\/uploads\/2024\/01\/logo-demusculos-prestashop-usuario.png","contentUrl":"https:\/\/www.demusculos.com\/ayuda\/wp-content\/uploads\/2024\/01\/logo-demusculos-prestashop-usuario.png","width":150,"height":150,"caption":"DeMusculos.com | AYUDA"},"image":{"@id":"https:\/\/www.demusculos.com\/ayuda\/#\/schema\/logo\/image\/"},"sameAs":["https:\/\/www.facebook.com\/demusculos","https:\/\/x.com\/demusculos","https:\/\/www.tiktok.com\/@demusculos.com"]}]}},"_links":{"self":[{"href":"https:\/\/www.demusculos.com\/ayuda\/wp-json\/wp\/v2\/pages\/1701","targetHints":{"allow":["GET"]}}],"collection":[{"href":"https:\/\/www.demusculos.com\/ayuda\/wp-json\/wp\/v2\/pages"}],"about":[{"href":"https:\/\/www.demusculos.com\/ayuda\/wp-json\/wp\/v2\/types\/page"}],"author":[{"embeddable":true,"href":"https:\/\/www.demusculos.com\/ayuda\/wp-json\/wp\/v2\/users\/1"}],"replies":[{"embeddable":true,"href":"https:\/\/www.demusculos.com\/ayuda\/wp-json\/wp\/v2\/comments?post=1701"}],"version-history":[{"count":6,"href":"https:\/\/www.demusculos.com\/ayuda\/wp-json\/wp\/v2\/pages\/1701\/revisions"}],"predecessor-version":[{"id":5031,"href":"https:\/\/www.demusculos.com\/ayuda\/wp-json\/wp\/v2\/pages\/1701\/revisions\/5031"}],"up":[{"embeddable":true,"href":"https:\/\/www.demusculos.com\/ayuda\/wp-json\/wp\/v2\/pages\/1339"}],"wp:attachment":[{"href":"https:\/\/www.demusculos.com\/ayuda\/wp-json\/wp\/v2\/media?parent=1701"}],"curies":[{"name":"wp","href":"https:\/\/api.w.org\/{rel}","templated":true}]}}