{"id":1703,"date":"2020-04-06T21:20:52","date_gmt":"2020-04-06T21:20:52","guid":{"rendered":"http:\/\/www.demusculos.com\/ayuda\/?page_id=1703"},"modified":"2025-12-14T20:46:45","modified_gmt":"2025-12-14T20:46:45","slug":"comprar-a-demusculos-com-por-mercado-libre","status":"publish","type":"page","link":"https:\/\/www.demusculos.com\/ayuda\/cliente\/comprar-a-demusculos-com-por-mercado-libre\/","title":{"rendered":"Comprar a DeMusculos.com por Mercado Libre"},"content":{"rendered":"\n<p>Si quieres ver todos nuestros productos en Mercado Libre ingresa a nuestro E-Shop\u00a0<a href=\"https:\/\/eshops.mercadolibre.com.ar\/DEMUSCULOS-SHOP\" target=\"_blank\" rel=\"noreferrer noopener\"><strong>DEMUSCULOS-SHOP<\/strong><\/a><\/p>\n\n\n\n<figure class=\"wp-block-image\"><a href=\"https:\/\/eshops.mercadolibre.com.ar\/DEMUSCULOS-SHOP\" target=\"_blank\" rel=\"noreferrer noopener\"><img loading=\"lazy\" decoding=\"async\" width=\"1024\" height=\"616\" src=\"https:\/\/www.demusculos.com\/ayuda\/wp-content\/uploads\/2020\/04\/e-shop-mercado-libre-demusculos-1024x616.jpg\" alt=\"\" class=\"wp-image-1433\" srcset=\"https:\/\/www.demusculos.com\/ayuda\/wp-content\/uploads\/2020\/04\/e-shop-mercado-libre-demusculos-1024x616.jpg 1024w, https:\/\/www.demusculos.com\/ayuda\/wp-content\/uploads\/2020\/04\/e-shop-mercado-libre-demusculos-300x181.jpg 300w, https:\/\/www.demusculos.com\/ayuda\/wp-content\/uploads\/2020\/04\/e-shop-mercado-libre-demusculos-768x462.jpg 768w, https:\/\/www.demusculos.com\/ayuda\/wp-content\/uploads\/2020\/04\/e-shop-mercado-libre-demusculos-624x376.jpg 624w, https:\/\/www.demusculos.com\/ayuda\/wp-content\/uploads\/2020\/04\/e-shop-mercado-libre-demusculos.jpg 1211w\" sizes=\"auto, (max-width: 1024px) 100vw, 1024px\" \/><\/a><\/figure>\n\n\n\n<p>&lt; <a href=\"https:\/\/www.demusculos.com\/ayuda\/cliente\/como-hacer-una-compra\/\">Regresar<\/a><\/p>\n","protected":false},"excerpt":{"rendered":"<p>Si quieres ver todos nuestros productos en Mercado Libre ingresa a nuestro E-Shop\u00a0DEMUSCULOS-SHOP &lt; Regresar<\/p>\n","protected":false},"author":1,"featured_media":0,"parent":1339,"menu_order":0,"comment_status":"closed","ping_status":"closed","template":"","meta":{"footnotes":""},"class_list":["post-1703","page","type-page","status-publish","hentry"],"yoast_head":"<!-- This site is optimized with the Yoast SEO plugin v27.4 - https:\/\/yoast.com\/product\/yoast-seo-wordpress\/ -->\n<title>Suplementos por Mercado Libre | Tienda Oficial | DeMusculos.com<\/title>\n<meta name=\"description\" content=\"Suplementos por Mercado Libre. Los mejores quemadores de grasas, cafe\u00edna, amino\u00e1cidos en polvo y c\u00e1psulas. Whey Protein. Creatina.\" \/>\n<meta name=\"robots\" content=\"index, follow, max-snippet:-1, max-image-preview:large, max-video-preview:-1\" \/>\n<link rel=\"canonical\" href=\"https:\/\/www.demusculos.com\/ayuda\/cliente\/comprar-a-demusculos-com-por-mercado-libre\/\" \/>\n<meta property=\"og:locale\" content=\"es_ES\" \/>\n<meta property=\"og:type\" content=\"article\" \/>\n<meta property=\"og:title\" content=\"Suplementos por Mercado Libre | Tienda Oficial | DeMusculos.com\" \/>\n<meta property=\"og:description\" content=\"Suplementos por Mercado Libre. Los mejores quemadores de grasas, cafe\u00edna, amino\u00e1cidos en polvo y c\u00e1psulas. Whey Protein. Creatina.\" \/>\n<meta property=\"og:url\" content=\"https:\/\/www.demusculos.com\/ayuda\/cliente\/comprar-a-demusculos-com-por-mercado-libre\/\" \/>\n<meta property=\"og:site_name\" content=\"DeMusculos.com | AYUDA\" \/>\n<meta property=\"article:publisher\" content=\"https:\/\/www.facebook.com\/demusculos\" \/>\n<meta property=\"article:modified_time\" content=\"2025-12-14T20:46:45+00:00\" \/>\n<meta property=\"og:image\" content=\"https:\/\/www.demusculos.com\/ayuda\/wp-content\/uploads\/2020\/04\/e-shop-mercado-libre-demusculos.jpg\" \/>\n\t<meta property=\"og:image:width\" content=\"1211\" \/>\n\t<meta property=\"og:image:height\" content=\"729\" \/>\n\t<meta property=\"og:image:type\" content=\"image\/jpeg\" \/>\n<meta name=\"twitter:card\" content=\"summary_large_image\" \/>\n<meta name=\"twitter:site\" content=\"@demusculos\" \/>\n<meta name=\"twitter:label1\" content=\"Tiempo de lectura\" \/>\n\t<meta name=\"twitter:data1\" content=\"1 minuto\" \/>\n<script type=\"application\/ld+json\" class=\"yoast-schema-graph\">{\"@context\":\"https:\\\/\\\/schema.org\",\"@graph\":[{\"@type\":\"WebPage\",\"@id\":\"https:\\\/\\\/www.demusculos.com\\\/ayuda\\\/cliente\\\/comprar-a-demusculos-com-por-mercado-libre\\\/\",\"url\":\"https:\\\/\\\/www.demusculos.com\\\/ayuda\\\/cliente\\\/comprar-a-demusculos-com-por-mercado-libre\\\/\",\"name\":\"Suplementos por Mercado Libre | Tienda Oficial | DeMusculos.com\",\"isPartOf\":{\"@id\":\"https:\\\/\\\/www.demusculos.com\\\/ayuda\\\/#website\"},\"primaryImageOfPage\":{\"@id\":\"https:\\\/\\\/www.demusculos.com\\\/ayuda\\\/cliente\\\/comprar-a-demusculos-com-por-mercado-libre\\\/#primaryimage\"},\"image\":{\"@id\":\"https:\\\/\\\/www.demusculos.com\\\/ayuda\\\/cliente\\\/comprar-a-demusculos-com-por-mercado-libre\\\/#primaryimage\"},\"thumbnailUrl\":\"https:\\\/\\\/www.demusculos.com\\\/ayuda\\\/wp-content\\\/uploads\\\/2020\\\/04\\\/e-shop-mercado-libre-demusculos-1024x616.jpg\",\"datePublished\":\"2020-04-06T21:20:52+00:00\",\"dateModified\":\"2025-12-14T20:46:45+00:00\",\"description\":\"Suplementos por Mercado Libre. Los mejores quemadores de grasas, cafe\u00edna, amino\u00e1cidos en polvo y c\u00e1psulas. Whey Protein. Creatina.\",\"breadcrumb\":{\"@id\":\"https:\\\/\\\/www.demusculos.com\\\/ayuda\\\/cliente\\\/comprar-a-demusculos-com-por-mercado-libre\\\/#breadcrumb\"},\"inLanguage\":\"es\",\"potentialAction\":[{\"@type\":\"ReadAction\",\"target\":[\"https:\\\/\\\/www.demusculos.com\\\/ayuda\\\/cliente\\\/comprar-a-demusculos-com-por-mercado-libre\\\/\"]}]},{\"@type\":\"ImageObject\",\"inLanguage\":\"es\",\"@id\":\"https:\\\/\\\/www.demusculos.com\\\/ayuda\\\/cliente\\\/comprar-a-demusculos-com-por-mercado-libre\\\/#primaryimage\",\"url\":\"https:\\\/\\\/www.demusculos.com\\\/ayuda\\\/wp-content\\\/uploads\\\/2020\\\/04\\\/e-shop-mercado-libre-demusculos.jpg\",\"contentUrl\":\"https:\\\/\\\/www.demusculos.com\\\/ayuda\\\/wp-content\\\/uploads\\\/2020\\\/04\\\/e-shop-mercado-libre-demusculos.jpg\",\"width\":1211,\"height\":729},{\"@type\":\"BreadcrumbList\",\"@id\":\"https:\\\/\\\/www.demusculos.com\\\/ayuda\\\/cliente\\\/comprar-a-demusculos-com-por-mercado-libre\\\/#breadcrumb\",\"itemListElement\":[{\"@type\":\"ListItem\",\"position\":1,\"name\":\"Portada\",\"item\":\"https:\\\/\\\/www.demusculos.com\\\/ayuda\\\/\"},{\"@type\":\"ListItem\",\"position\":2,\"name\":\"\u00a1Bienvenido!\",\"item\":\"https:\\\/\\\/www.demusculos.com\\\/ayuda\\\/\"},{\"@type\":\"ListItem\",\"position\":3,\"name\":\"Comprar a DeMusculos.com por Mercado Libre\"}]},{\"@type\":\"WebSite\",\"@id\":\"https:\\\/\\\/www.demusculos.com\\\/ayuda\\\/#website\",\"url\":\"https:\\\/\\\/www.demusculos.com\\\/ayuda\\\/\",\"name\":\"DeMusculos.com | AYUDA\",\"description\":\"Suplementos Naturales, Accesorios, Indumentaria\",\"publisher\":{\"@id\":\"https:\\\/\\\/www.demusculos.com\\\/ayuda\\\/#organization\"},\"alternateName\":\"Suplementos Natuarles\",\"potentialAction\":[{\"@type\":\"SearchAction\",\"target\":{\"@type\":\"EntryPoint\",\"urlTemplate\":\"https:\\\/\\\/www.demusculos.com\\\/ayuda\\\/?s={search_term_string}\"},\"query-input\":{\"@type\":\"PropertyValueSpecification\",\"valueRequired\":true,\"valueName\":\"search_term_string\"}}],\"inLanguage\":\"es\"},{\"@type\":\"Organization\",\"@id\":\"https:\\\/\\\/www.demusculos.com\\\/ayuda\\\/#organization\",\"name\":\"DeMusculos.com | AYUDA\",\"url\":\"https:\\\/\\\/www.demusculos.com\\\/ayuda\\\/\",\"logo\":{\"@type\":\"ImageObject\",\"inLanguage\":\"es\",\"@id\":\"https:\\\/\\\/www.demusculos.com\\\/ayuda\\\/#\\\/schema\\\/logo\\\/image\\\/\",\"url\":\"https:\\\/\\\/www.demusculos.com\\\/ayuda\\\/wp-content\\\/uploads\\\/2024\\\/01\\\/logo-demusculos-prestashop-usuario.png\",\"contentUrl\":\"https:\\\/\\\/www.demusculos.com\\\/ayuda\\\/wp-content\\\/uploads\\\/2024\\\/01\\\/logo-demusculos-prestashop-usuario.png\",\"width\":150,\"height\":150,\"caption\":\"DeMusculos.com | AYUDA\"},\"image\":{\"@id\":\"https:\\\/\\\/www.demusculos.com\\\/ayuda\\\/#\\\/schema\\\/logo\\\/image\\\/\"},\"sameAs\":[\"https:\\\/\\\/www.facebook.com\\\/demusculos\",\"https:\\\/\\\/x.com\\\/demusculos\",\"https:\\\/\\\/www.tiktok.com\\\/@demusculos.com\"]}]}<\/script>\n<!-- \/ Yoast SEO plugin. -->","yoast_head_json":{"title":"Suplementos por Mercado Libre | Tienda Oficial | DeMusculos.com","description":"Suplementos por Mercado Libre. Los mejores quemadores de grasas, cafe\u00edna, amino\u00e1cidos en polvo y c\u00e1psulas. Whey Protein. Creatina.","robots":{"index":"index","follow":"follow","max-snippet":"max-snippet:-1","max-image-preview":"max-image-preview:large","max-video-preview":"max-video-preview:-1"},"canonical":"https:\/\/www.demusculos.com\/ayuda\/cliente\/comprar-a-demusculos-com-por-mercado-libre\/","og_locale":"es_ES","og_type":"article","og_title":"Suplementos por Mercado Libre | Tienda Oficial | DeMusculos.com","og_description":"Suplementos por Mercado Libre. Los mejores quemadores de grasas, cafe\u00edna, amino\u00e1cidos en polvo y c\u00e1psulas. Whey Protein. Creatina.","og_url":"https:\/\/www.demusculos.com\/ayuda\/cliente\/comprar-a-demusculos-com-por-mercado-libre\/","og_site_name":"DeMusculos.com | AYUDA","article_publisher":"https:\/\/www.facebook.com\/demusculos","article_modified_time":"2025-12-14T20:46:45+00:00","og_image":[{"width":1211,"height":729,"url":"https:\/\/www.demusculos.com\/ayuda\/wp-content\/uploads\/2020\/04\/e-shop-mercado-libre-demusculos.jpg","type":"image\/jpeg"}],"twitter_card":"summary_large_image","twitter_site":"@demusculos","twitter_misc":{"Tiempo de lectura":"1 minuto"},"schema":{"@context":"https:\/\/schema.org","@graph":[{"@type":"WebPage","@id":"https:\/\/www.demusculos.com\/ayuda\/cliente\/comprar-a-demusculos-com-por-mercado-libre\/","url":"https:\/\/www.demusculos.com\/ayuda\/cliente\/comprar-a-demusculos-com-por-mercado-libre\/","name":"Suplementos por Mercado Libre | Tienda Oficial | DeMusculos.com","isPartOf":{"@id":"https:\/\/www.demusculos.com\/ayuda\/#website"},"primaryImageOfPage":{"@id":"https:\/\/www.demusculos.com\/ayuda\/cliente\/comprar-a-demusculos-com-por-mercado-libre\/#primaryimage"},"image":{"@id":"https:\/\/www.demusculos.com\/ayuda\/cliente\/comprar-a-demusculos-com-por-mercado-libre\/#primaryimage"},"thumbnailUrl":"https:\/\/www.demusculos.com\/ayuda\/wp-content\/uploads\/2020\/04\/e-shop-mercado-libre-demusculos-1024x616.jpg","datePublished":"2020-04-06T21:20:52+00:00","dateModified":"2025-12-14T20:46:45+00:00","description":"Suplementos por Mercado Libre. Los mejores quemadores de grasas, cafe\u00edna, amino\u00e1cidos en polvo y c\u00e1psulas. Whey Protein. Creatina.","breadcrumb":{"@id":"https:\/\/www.demusculos.com\/ayuda\/cliente\/comprar-a-demusculos-com-por-mercado-libre\/#breadcrumb"},"inLanguage":"es","potentialAction":[{"@type":"ReadAction","target":["https:\/\/www.demusculos.com\/ayuda\/cliente\/comprar-a-demusculos-com-por-mercado-libre\/"]}]},{"@type":"ImageObject","inLanguage":"es","@id":"https:\/\/www.demusculos.com\/ayuda\/cliente\/comprar-a-demusculos-com-por-mercado-libre\/#primaryimage","url":"https:\/\/www.demusculos.com\/ayuda\/wp-content\/uploads\/2020\/04\/e-shop-mercado-libre-demusculos.jpg","contentUrl":"https:\/\/www.demusculos.com\/ayuda\/wp-content\/uploads\/2020\/04\/e-shop-mercado-libre-demusculos.jpg","width":1211,"height":729},{"@type":"BreadcrumbList","@id":"https:\/\/www.demusculos.com\/ayuda\/cliente\/comprar-a-demusculos-com-por-mercado-libre\/#breadcrumb","itemListElement":[{"@type":"ListItem","position":1,"name":"Portada","item":"https:\/\/www.demusculos.com\/ayuda\/"},{"@type":"ListItem","position":2,"name":"\u00a1Bienvenido!","item":"https:\/\/www.demusculos.com\/ayuda\/"},{"@type":"ListItem","position":3,"name":"Comprar a DeMusculos.com por Mercado Libre"}]},{"@type":"WebSite","@id":"https:\/\/www.demusculos.com\/ayuda\/#website","url":"https:\/\/www.demusculos.com\/ayuda\/","name":"DeMusculos.com | AYUDA","description":"Suplementos Naturales, Accesorios, Indumentaria","publisher":{"@id":"https:\/\/www.demusculos.com\/ayuda\/#organization"},"alternateName":"Suplementos Natuarles","potentialAction":[{"@type":"SearchAction","target":{"@type":"EntryPoint","urlTemplate":"https:\/\/www.demusculos.com\/ayuda\/?s={search_term_string}"},"query-input":{"@type":"PropertyValueSpecification","valueRequired":true,"valueName":"search_term_string"}}],"inLanguage":"es"},{"@type":"Organization","@id":"https:\/\/www.demusculos.com\/ayuda\/#organization","name":"DeMusculos.com | AYUDA","url":"https:\/\/www.demusculos.com\/ayuda\/","logo":{"@type":"ImageObject","inLanguage":"es","@id":"https:\/\/www.demusculos.com\/ayuda\/#\/schema\/logo\/image\/","url":"https:\/\/www.demusculos.com\/ayuda\/wp-content\/uploads\/2024\/01\/logo-demusculos-prestashop-usuario.png","contentUrl":"https:\/\/www.demusculos.com\/ayuda\/wp-content\/uploads\/2024\/01\/logo-demusculos-prestashop-usuario.png","width":150,"height":150,"caption":"DeMusculos.com | AYUDA"},"image":{"@id":"https:\/\/www.demusculos.com\/ayuda\/#\/schema\/logo\/image\/"},"sameAs":["https:\/\/www.facebook.com\/demusculos","https:\/\/x.com\/demusculos","https:\/\/www.tiktok.com\/@demusculos.com"]}]}},"_links":{"self":[{"href":"https:\/\/www.demusculos.com\/ayuda\/wp-json\/wp\/v2\/pages\/1703","targetHints":{"allow":["GET"]}}],"collection":[{"href":"https:\/\/www.demusculos.com\/ayuda\/wp-json\/wp\/v2\/pages"}],"about":[{"href":"https:\/\/www.demusculos.com\/ayuda\/wp-json\/wp\/v2\/types\/page"}],"author":[{"embeddable":true,"href":"https:\/\/www.demusculos.com\/ayuda\/wp-json\/wp\/v2\/users\/1"}],"replies":[{"embeddable":true,"href":"https:\/\/www.demusculos.com\/ayuda\/wp-json\/wp\/v2\/comments?post=1703"}],"version-history":[{"count":1,"href":"https:\/\/www.demusculos.com\/ayuda\/wp-json\/wp\/v2\/pages\/1703\/revisions"}],"predecessor-version":[{"id":4807,"href":"https:\/\/www.demusculos.com\/ayuda\/wp-json\/wp\/v2\/pages\/1703\/revisions\/4807"}],"up":[{"embeddable":true,"href":"https:\/\/www.demusculos.com\/ayuda\/wp-json\/wp\/v2\/pages\/1339"}],"wp:attachment":[{"href":"https:\/\/www.demusculos.com\/ayuda\/wp-json\/wp\/v2\/media?parent=1703"}],"curies":[{"name":"wp","href":"https:\/\/api.w.org\/{rel}","templated":true}]}}