{"id":1722,"date":"2020-04-06T22:23:00","date_gmt":"2020-04-06T22:23:00","guid":{"rendered":"http:\/\/www.demusculos.com\/ayuda\/?page_id=1722"},"modified":"2025-12-15T00:00:07","modified_gmt":"2025-12-15T00:00:07","slug":"costo-de-los-envios","status":"publish","type":"page","link":"https:\/\/www.demusculos.com\/ayuda\/cliente\/costo-de-los-envios\/","title":{"rendered":"Realizamos env\u00edos seguros a toda la Argentina"},"content":{"rendered":"\n<p class=\"has-accent-3-color has-text-color has-link-color wp-elements-8d804ad003f660033b03005022c3c6b6\"><strong>\ud83d\udef5Si el env\u00edo es a Capital Federal, Zona Sur o Norte:<\/strong><\/p>\n\n\n\n<p>Las entregas se realizan <strong>el mismo d\u00eda<\/strong> o <strong>al d\u00eda siguiente<\/strong> de haber confirmado la compra.<\/p>\n\n\n\n<p>En caso de lluvia \ud83c\udf27\ufe0f, las entregas pueden ser <strong>reprogramadas<\/strong>.<\/p>\n\n\n\n<p>\u274c <strong>No se realizan entregas los domingos ni en feriados.<\/strong><\/p>\n\n\n\n<p>Para consultar el costo de env\u00edo, visita <a href=\"http:\/\/www.demusculos.com\/envios\">demusculos.com\/envios<\/a><\/p>\n\n\n\n<figure class=\"wp-block-image size-full\"><img loading=\"lazy\" decoding=\"async\" width=\"650\" height=\"600\" src=\"https:\/\/www.demusculos.com\/ayuda\/wp-content\/uploads\/2025\/12\/envio-3.webp\" alt=\"\" class=\"wp-image-4596\" srcset=\"https:\/\/www.demusculos.com\/ayuda\/wp-content\/uploads\/2025\/12\/envio-3.webp 650w, https:\/\/www.demusculos.com\/ayuda\/wp-content\/uploads\/2025\/12\/envio-3-300x277.webp 300w\" sizes=\"auto, (max-width: 650px) 100vw, 650px\" \/><\/figure>\n\n\n\n<hr class=\"wp-block-separator has-alpha-channel-opacity\"\/>\n\n\n\n<p class=\"has-accent-3-color has-text-color has-link-color wp-elements-32d46cac9a436aab0ea36609069b1d6d\">\ud83d\uddfa\ufe0f<strong>Si el env\u00edo es a las provincias:<\/strong><\/p>\n\n\n\n<p>El costo del env\u00edo se calcula seg\u00fan el <strong>peso total del paquete<\/strong>, que incluye tanto el producto como el <strong>film de seguridad<\/strong> utilizado para su embalaje.<\/p>\n\n\n\n<p>Para consultar el costo exacto de env\u00edo, ingres\u00e1 a <a href=\"http:\/\/www.demusculos.com\/envios\">demusculos.com\/envios<\/a><\/p>\n\n\n\n<figure class=\"wp-block-image size-full\"><img loading=\"lazy\" decoding=\"async\" width=\"650\" height=\"800\" src=\"https:\/\/www.demusculos.com\/ayuda\/wp-content\/uploads\/2025\/12\/dias-correo.webp\" alt=\"\" class=\"wp-image-4592\" srcset=\"https:\/\/www.demusculos.com\/ayuda\/wp-content\/uploads\/2025\/12\/dias-correo.webp 650w, https:\/\/www.demusculos.com\/ayuda\/wp-content\/uploads\/2025\/12\/dias-correo-244x300.webp 244w\" sizes=\"auto, (max-width: 650px) 100vw, 650px\" \/><\/figure>\n\n\n\n<p>&lt; <a href=\"https:\/\/www.demusculos.com\/ayuda\/cliente\/todo-sobre-envios\/\">Regresar<\/a><\/p>\n","protected":false},"excerpt":{"rendered":"<p>\ud83d\udef5Si el env\u00edo es a Capital Federal, Zona Sur o Norte: Las entregas se realizan el mismo d\u00eda o al d\u00eda siguiente de haber confirmado la compra. En caso de lluvia \ud83c\udf27\ufe0f, las entregas pueden ser reprogramadas. \u274c No se realizan entregas los domingos ni en feriados. Para consultar el costo de env\u00edo, visita demusculos.com\/envios [&hellip;]<\/p>\n","protected":false},"author":1,"featured_media":0,"parent":1339,"menu_order":0,"comment_status":"closed","ping_status":"closed","template":"","meta":{"footnotes":""},"class_list":["post-1722","page","type-page","status-publish","hentry"],"yoast_head":"<!-- This site is optimized with the Yoast SEO plugin v27.4 - https:\/\/yoast.com\/product\/yoast-seo-wordpress\/ -->\n<title>Costos de los env\u00edos | Argentina | Suplementos Deportivos<\/title>\n<meta name=\"description\" content=\"Costos de los env\u00edos. Trabajamos con Correo Argentino, Moto mensajer\u00eda y nuestra propia log\u00edstica. Dep\u00f3sitos en Zona Sur y CABA.\" \/>\n<meta name=\"robots\" content=\"index, follow, max-snippet:-1, max-image-preview:large, max-video-preview:-1\" \/>\n<link rel=\"canonical\" href=\"https:\/\/www.demusculos.com\/ayuda\/cliente\/costo-de-los-envios\/\" \/>\n<meta property=\"og:locale\" content=\"es_ES\" \/>\n<meta property=\"og:type\" content=\"article\" \/>\n<meta property=\"og:title\" content=\"Costos de los env\u00edos | Argentina | Suplementos Deportivos\" \/>\n<meta property=\"og:description\" content=\"Costos de los env\u00edos. Trabajamos con Correo Argentino, Moto mensajer\u00eda y nuestra propia log\u00edstica. Dep\u00f3sitos en Zona Sur y CABA.\" \/>\n<meta property=\"og:url\" content=\"https:\/\/www.demusculos.com\/ayuda\/cliente\/costo-de-los-envios\/\" \/>\n<meta property=\"og:site_name\" content=\"DeMusculos.com | AYUDA\" \/>\n<meta property=\"article:publisher\" content=\"https:\/\/www.facebook.com\/demusculos\" \/>\n<meta property=\"article:modified_time\" content=\"2025-12-15T00:00:07+00:00\" \/>\n<meta property=\"og:image\" content=\"https:\/\/www.demusculos.com\/ayuda\/wp-content\/uploads\/2025\/12\/envio-3.webp\" \/>\n\t<meta property=\"og:image:width\" content=\"650\" \/>\n\t<meta property=\"og:image:height\" content=\"600\" \/>\n\t<meta property=\"og:image:type\" content=\"image\/webp\" \/>\n<meta name=\"twitter:card\" content=\"summary_large_image\" \/>\n<meta name=\"twitter:site\" content=\"@demusculos\" \/>\n<meta name=\"twitter:label1\" content=\"Tiempo de lectura\" \/>\n\t<meta name=\"twitter:data1\" content=\"1 minuto\" \/>\n<script type=\"application\/ld+json\" class=\"yoast-schema-graph\">{\"@context\":\"https:\\\/\\\/schema.org\",\"@graph\":[{\"@type\":\"WebPage\",\"@id\":\"https:\\\/\\\/www.demusculos.com\\\/ayuda\\\/cliente\\\/costo-de-los-envios\\\/\",\"url\":\"https:\\\/\\\/www.demusculos.com\\\/ayuda\\\/cliente\\\/costo-de-los-envios\\\/\",\"name\":\"Costos de los env\u00edos | Argentina | Suplementos Deportivos\",\"isPartOf\":{\"@id\":\"https:\\\/\\\/www.demusculos.com\\\/ayuda\\\/#website\"},\"primaryImageOfPage\":{\"@id\":\"https:\\\/\\\/www.demusculos.com\\\/ayuda\\\/cliente\\\/costo-de-los-envios\\\/#primaryimage\"},\"image\":{\"@id\":\"https:\\\/\\\/www.demusculos.com\\\/ayuda\\\/cliente\\\/costo-de-los-envios\\\/#primaryimage\"},\"thumbnailUrl\":\"https:\\\/\\\/www.demusculos.com\\\/ayuda\\\/wp-content\\\/uploads\\\/2025\\\/12\\\/envio-3.webp\",\"datePublished\":\"2020-04-06T22:23:00+00:00\",\"dateModified\":\"2025-12-15T00:00:07+00:00\",\"description\":\"Costos de los env\u00edos. Trabajamos con Correo Argentino, Moto mensajer\u00eda y nuestra propia log\u00edstica. Dep\u00f3sitos en Zona Sur y CABA.\",\"breadcrumb\":{\"@id\":\"https:\\\/\\\/www.demusculos.com\\\/ayuda\\\/cliente\\\/costo-de-los-envios\\\/#breadcrumb\"},\"inLanguage\":\"es\",\"potentialAction\":[{\"@type\":\"ReadAction\",\"target\":[\"https:\\\/\\\/www.demusculos.com\\\/ayuda\\\/cliente\\\/costo-de-los-envios\\\/\"]}]},{\"@type\":\"ImageObject\",\"inLanguage\":\"es\",\"@id\":\"https:\\\/\\\/www.demusculos.com\\\/ayuda\\\/cliente\\\/costo-de-los-envios\\\/#primaryimage\",\"url\":\"https:\\\/\\\/www.demusculos.com\\\/ayuda\\\/wp-content\\\/uploads\\\/2025\\\/12\\\/envio-3.webp\",\"contentUrl\":\"https:\\\/\\\/www.demusculos.com\\\/ayuda\\\/wp-content\\\/uploads\\\/2025\\\/12\\\/envio-3.webp\",\"width\":650,\"height\":600},{\"@type\":\"BreadcrumbList\",\"@id\":\"https:\\\/\\\/www.demusculos.com\\\/ayuda\\\/cliente\\\/costo-de-los-envios\\\/#breadcrumb\",\"itemListElement\":[{\"@type\":\"ListItem\",\"position\":1,\"name\":\"Portada\",\"item\":\"https:\\\/\\\/www.demusculos.com\\\/ayuda\\\/\"},{\"@type\":\"ListItem\",\"position\":2,\"name\":\"\u00a1Bienvenido!\",\"item\":\"https:\\\/\\\/www.demusculos.com\\\/ayuda\\\/\"},{\"@type\":\"ListItem\",\"position\":3,\"name\":\"Realizamos env\u00edos seguros a toda la Argentina\"}]},{\"@type\":\"WebSite\",\"@id\":\"https:\\\/\\\/www.demusculos.com\\\/ayuda\\\/#website\",\"url\":\"https:\\\/\\\/www.demusculos.com\\\/ayuda\\\/\",\"name\":\"DeMusculos.com | AYUDA\",\"description\":\"Suplementos Naturales, Accesorios, Indumentaria\",\"publisher\":{\"@id\":\"https:\\\/\\\/www.demusculos.com\\\/ayuda\\\/#organization\"},\"alternateName\":\"Suplementos Natuarles\",\"potentialAction\":[{\"@type\":\"SearchAction\",\"target\":{\"@type\":\"EntryPoint\",\"urlTemplate\":\"https:\\\/\\\/www.demusculos.com\\\/ayuda\\\/?s={search_term_string}\"},\"query-input\":{\"@type\":\"PropertyValueSpecification\",\"valueRequired\":true,\"valueName\":\"search_term_string\"}}],\"inLanguage\":\"es\"},{\"@type\":\"Organization\",\"@id\":\"https:\\\/\\\/www.demusculos.com\\\/ayuda\\\/#organization\",\"name\":\"DeMusculos.com | AYUDA\",\"url\":\"https:\\\/\\\/www.demusculos.com\\\/ayuda\\\/\",\"logo\":{\"@type\":\"ImageObject\",\"inLanguage\":\"es\",\"@id\":\"https:\\\/\\\/www.demusculos.com\\\/ayuda\\\/#\\\/schema\\\/logo\\\/image\\\/\",\"url\":\"https:\\\/\\\/www.demusculos.com\\\/ayuda\\\/wp-content\\\/uploads\\\/2024\\\/01\\\/logo-demusculos-prestashop-usuario.png\",\"contentUrl\":\"https:\\\/\\\/www.demusculos.com\\\/ayuda\\\/wp-content\\\/uploads\\\/2024\\\/01\\\/logo-demusculos-prestashop-usuario.png\",\"width\":150,\"height\":150,\"caption\":\"DeMusculos.com | AYUDA\"},\"image\":{\"@id\":\"https:\\\/\\\/www.demusculos.com\\\/ayuda\\\/#\\\/schema\\\/logo\\\/image\\\/\"},\"sameAs\":[\"https:\\\/\\\/www.facebook.com\\\/demusculos\",\"https:\\\/\\\/x.com\\\/demusculos\",\"https:\\\/\\\/www.tiktok.com\\\/@demusculos.com\"]}]}<\/script>\n<!-- \/ Yoast SEO plugin. -->","yoast_head_json":{"title":"Costos de los env\u00edos | Argentina | Suplementos Deportivos","description":"Costos de los env\u00edos. Trabajamos con Correo Argentino, Moto mensajer\u00eda y nuestra propia log\u00edstica. Dep\u00f3sitos en Zona Sur y CABA.","robots":{"index":"index","follow":"follow","max-snippet":"max-snippet:-1","max-image-preview":"max-image-preview:large","max-video-preview":"max-video-preview:-1"},"canonical":"https:\/\/www.demusculos.com\/ayuda\/cliente\/costo-de-los-envios\/","og_locale":"es_ES","og_type":"article","og_title":"Costos de los env\u00edos | Argentina | Suplementos Deportivos","og_description":"Costos de los env\u00edos. Trabajamos con Correo Argentino, Moto mensajer\u00eda y nuestra propia log\u00edstica. Dep\u00f3sitos en Zona Sur y CABA.","og_url":"https:\/\/www.demusculos.com\/ayuda\/cliente\/costo-de-los-envios\/","og_site_name":"DeMusculos.com | AYUDA","article_publisher":"https:\/\/www.facebook.com\/demusculos","article_modified_time":"2025-12-15T00:00:07+00:00","og_image":[{"width":650,"height":600,"url":"https:\/\/www.demusculos.com\/ayuda\/wp-content\/uploads\/2025\/12\/envio-3.webp","type":"image\/webp"}],"twitter_card":"summary_large_image","twitter_site":"@demusculos","twitter_misc":{"Tiempo de lectura":"1 minuto"},"schema":{"@context":"https:\/\/schema.org","@graph":[{"@type":"WebPage","@id":"https:\/\/www.demusculos.com\/ayuda\/cliente\/costo-de-los-envios\/","url":"https:\/\/www.demusculos.com\/ayuda\/cliente\/costo-de-los-envios\/","name":"Costos de los env\u00edos | Argentina | Suplementos Deportivos","isPartOf":{"@id":"https:\/\/www.demusculos.com\/ayuda\/#website"},"primaryImageOfPage":{"@id":"https:\/\/www.demusculos.com\/ayuda\/cliente\/costo-de-los-envios\/#primaryimage"},"image":{"@id":"https:\/\/www.demusculos.com\/ayuda\/cliente\/costo-de-los-envios\/#primaryimage"},"thumbnailUrl":"https:\/\/www.demusculos.com\/ayuda\/wp-content\/uploads\/2025\/12\/envio-3.webp","datePublished":"2020-04-06T22:23:00+00:00","dateModified":"2025-12-15T00:00:07+00:00","description":"Costos de los env\u00edos. Trabajamos con Correo Argentino, Moto mensajer\u00eda y nuestra propia log\u00edstica. Dep\u00f3sitos en Zona Sur y CABA.","breadcrumb":{"@id":"https:\/\/www.demusculos.com\/ayuda\/cliente\/costo-de-los-envios\/#breadcrumb"},"inLanguage":"es","potentialAction":[{"@type":"ReadAction","target":["https:\/\/www.demusculos.com\/ayuda\/cliente\/costo-de-los-envios\/"]}]},{"@type":"ImageObject","inLanguage":"es","@id":"https:\/\/www.demusculos.com\/ayuda\/cliente\/costo-de-los-envios\/#primaryimage","url":"https:\/\/www.demusculos.com\/ayuda\/wp-content\/uploads\/2025\/12\/envio-3.webp","contentUrl":"https:\/\/www.demusculos.com\/ayuda\/wp-content\/uploads\/2025\/12\/envio-3.webp","width":650,"height":600},{"@type":"BreadcrumbList","@id":"https:\/\/www.demusculos.com\/ayuda\/cliente\/costo-de-los-envios\/#breadcrumb","itemListElement":[{"@type":"ListItem","position":1,"name":"Portada","item":"https:\/\/www.demusculos.com\/ayuda\/"},{"@type":"ListItem","position":2,"name":"\u00a1Bienvenido!","item":"https:\/\/www.demusculos.com\/ayuda\/"},{"@type":"ListItem","position":3,"name":"Realizamos env\u00edos seguros a toda la Argentina"}]},{"@type":"WebSite","@id":"https:\/\/www.demusculos.com\/ayuda\/#website","url":"https:\/\/www.demusculos.com\/ayuda\/","name":"DeMusculos.com | AYUDA","description":"Suplementos Naturales, Accesorios, Indumentaria","publisher":{"@id":"https:\/\/www.demusculos.com\/ayuda\/#organization"},"alternateName":"Suplementos Natuarles","potentialAction":[{"@type":"SearchAction","target":{"@type":"EntryPoint","urlTemplate":"https:\/\/www.demusculos.com\/ayuda\/?s={search_term_string}"},"query-input":{"@type":"PropertyValueSpecification","valueRequired":true,"valueName":"search_term_string"}}],"inLanguage":"es"},{"@type":"Organization","@id":"https:\/\/www.demusculos.com\/ayuda\/#organization","name":"DeMusculos.com | AYUDA","url":"https:\/\/www.demusculos.com\/ayuda\/","logo":{"@type":"ImageObject","inLanguage":"es","@id":"https:\/\/www.demusculos.com\/ayuda\/#\/schema\/logo\/image\/","url":"https:\/\/www.demusculos.com\/ayuda\/wp-content\/uploads\/2024\/01\/logo-demusculos-prestashop-usuario.png","contentUrl":"https:\/\/www.demusculos.com\/ayuda\/wp-content\/uploads\/2024\/01\/logo-demusculos-prestashop-usuario.png","width":150,"height":150,"caption":"DeMusculos.com | AYUDA"},"image":{"@id":"https:\/\/www.demusculos.com\/ayuda\/#\/schema\/logo\/image\/"},"sameAs":["https:\/\/www.facebook.com\/demusculos","https:\/\/x.com\/demusculos","https:\/\/www.tiktok.com\/@demusculos.com"]}]}},"_links":{"self":[{"href":"https:\/\/www.demusculos.com\/ayuda\/wp-json\/wp\/v2\/pages\/1722","targetHints":{"allow":["GET"]}}],"collection":[{"href":"https:\/\/www.demusculos.com\/ayuda\/wp-json\/wp\/v2\/pages"}],"about":[{"href":"https:\/\/www.demusculos.com\/ayuda\/wp-json\/wp\/v2\/types\/page"}],"author":[{"embeddable":true,"href":"https:\/\/www.demusculos.com\/ayuda\/wp-json\/wp\/v2\/users\/1"}],"replies":[{"embeddable":true,"href":"https:\/\/www.demusculos.com\/ayuda\/wp-json\/wp\/v2\/comments?post=1722"}],"version-history":[{"count":6,"href":"https:\/\/www.demusculos.com\/ayuda\/wp-json\/wp\/v2\/pages\/1722\/revisions"}],"predecessor-version":[{"id":4894,"href":"https:\/\/www.demusculos.com\/ayuda\/wp-json\/wp\/v2\/pages\/1722\/revisions\/4894"}],"up":[{"embeddable":true,"href":"https:\/\/www.demusculos.com\/ayuda\/wp-json\/wp\/v2\/pages\/1339"}],"wp:attachment":[{"href":"https:\/\/www.demusculos.com\/ayuda\/wp-json\/wp\/v2\/media?parent=1722"}],"curies":[{"name":"wp","href":"https:\/\/api.w.org\/{rel}","templated":true}]}}