{"id":1786,"date":"2020-04-07T00:55:04","date_gmt":"2020-04-07T00:55:04","guid":{"rendered":"http:\/\/www.demusculos.com\/ayuda\/?page_id=1786"},"modified":"2025-12-15T00:07:47","modified_gmt":"2025-12-15T00:07:47","slug":"seguimiento-web","status":"publish","type":"page","link":"https:\/\/www.demusculos.com\/ayuda\/cliente\/seguimiento-web\/","title":{"rendered":"N\u00famero de seguimiento"},"content":{"rendered":"\n<p class=\"has-accent-3-color has-text-color has-link-color wp-elements-51d5b555bf1a389bd97a4950c244919c\"><strong>Es importante que leas esto:<\/strong><\/p>\n\n\n\n<p>El <strong>n\u00famero de seguimiento<\/strong> te ser\u00e1 enviado por <strong>correo electr\u00f3nico<\/strong> dentro de los <strong>2 a 5 d\u00edas h\u00e1biles<\/strong> posteriores a tu compra.<\/p>\n\n\n\n<p>Te recomendamos <strong>revisar la carpeta de Spam o Correo no deseado<\/strong>, ya que a veces los mensajes autom\u00e1ticos pueden llegar all\u00ed.<\/p>\n\n\n\n<p class=\"has-accent-3-color has-base-2-background-color has-text-color has-background has-link-color wp-elements-5590618f3e10ffde665284aca4f37764\">Si pasaron m\u00e1s de cinco d\u00edas y a\u00fan no recibiste el n\u00famero de seguimiento, <strong>contactanos a trav\u00e9s del siguiente formulario<\/strong> y te ayudaremos de inmediato.<\/p>\n\n\n<style id=\"wpforms-css-vars-4197-block-d8e7d037-8f39-4864-a9cb-4890230a9567\">\n\t\t\t\t#wpforms-4197.wpforms-block-d8e7d037-8f39-4864-a9cb-4890230a9567 {\n\t\t\t\t--wpforms-field-size-input-height: 43px;\n--wpforms-field-size-input-spacing: 15px;\n--wpforms-field-size-font-size: 16px;\n--wpforms-field-size-line-height: 19px;\n--wpforms-field-size-padding-h: 14px;\n--wpforms-field-size-checkbox-size: 16px;\n--wpforms-field-size-sublabel-spacing: 5px;\n--wpforms-field-size-icon-size: 1;\n--wpforms-label-size-font-size: 16px;\n--wpforms-label-size-line-height: 19px;\n--wpforms-label-size-sublabel-font-size: 14px;\n--wpforms-label-size-sublabel-line-height: 17px;\n--wpforms-button-size-font-size: 17px;\n--wpforms-button-size-height: 41px;\n--wpforms-button-size-padding-h: 15px;\n--wpforms-button-size-margin-top: 10px;\n\t\t\t}\n\t\t\t<\/style><div class=\"wpforms-container wpforms-container-full wpforms-block wpforms-block-d8e7d037-8f39-4864-a9cb-4890230a9567 wpforms-render-modern\" id=\"wpforms-4197\"><form id=\"wpforms-form-4197\" class=\"wpforms-validate wpforms-form wpforms-ajax-form\" data-formid=\"4197\" method=\"post\" enctype=\"multipart\/form-data\" action=\"\/ayuda\/wp-json\/wp\/v2\/pages\/1786\" data-token=\"73b5e98aef1af4981b86c92fd77964f7\" data-token-time=\"1776691212\"><noscript class=\"wpforms-error-noscript\">Por favor, activa JavaScript en tu navegador para completar este formulario.<\/noscript><div id=\"wpforms-error-noscript\" style=\"display: none;\">Por favor, activa JavaScript en tu navegador para completar este formulario.<\/div><div class=\"wpforms-field-container\"><div id=\"wpforms-4197-field_12-container\" class=\"wpforms-field wpforms-field-radio wpforms-list-inline\" data-field-id=\"12\"><fieldset><legend class=\"wpforms-field-label\">ELEGIR UNA OPCION: <span class=\"wpforms-required-label\" aria-hidden=\"true\">*<\/span><\/legend><ul id=\"wpforms-4197-field_12\" class=\"wpforms-field-required wpforms-image-choices wpforms-image-choices-modern\"><li class=\"choice-1 depth-1 wpforms-image-choices-item\"><label class=\"wpforms-field-label-inline\" for=\"wpforms-4197-field_12_1\" tabindex=\"0\"><span class=\"wpforms-image-choices-image\"><img decoding=\"async\" src=\"https:\/\/www.demusculos.com\/ayuda\/wp-content\/uploads\/2025\/05\/usuario-particular.png\" alt=\"Particulares\" title=\"Particulares\"><\/span><input type=\"radio\" id=\"wpforms-4197-field_12_1\" class=\"wpforms-screen-reader-element\" name=\"wpforms[fields][12]\" value=\"Particulares\" aria-errormessage=\"wpforms-4197-field_12_1-error\" tabindex=\"-1\" required ><span class=\"wpforms-image-choices-label\">Particulares<\/span><\/label><\/li><li class=\"choice-2 depth-1 wpforms-image-choices-item\"><label class=\"wpforms-field-label-inline\" for=\"wpforms-4197-field_12_2\" tabindex=\"0\"><span class=\"wpforms-image-choices-image\"><img decoding=\"async\" src=\"https:\/\/www.demusculos.com\/ayuda\/wp-content\/uploads\/2025\/05\/usuario-mayorista.png\" alt=\"Distribuidores\" title=\"Distribuidores\"><\/span><input type=\"radio\" id=\"wpforms-4197-field_12_2\" class=\"wpforms-screen-reader-element\" name=\"wpforms[fields][12]\" value=\"Distribuidores\" aria-errormessage=\"wpforms-4197-field_12_2-error\" tabindex=\"-1\" required ><span class=\"wpforms-image-choices-label\">Distribuidores<\/span><\/label><\/li><\/ul><\/fieldset><\/div>\t\t<div id=\"wpforms-4197-field_2-container\"\n\t\t\tclass=\"wpforms-field wpforms-field-text\"\n\t\t\tdata-field-type=\"text\"\n\t\t\tdata-field-id=\"2\"\n\t\t\t>\n\t\t\t<label class=\"wpforms-field-label\" for=\"wpforms-4197-field_2\" >aclaraci\u00f3n de pedido<\/label>\n\t\t\t<input type=\"text\" id=\"wpforms-4197-field_2\" class=\"wpforms-field-medium\" name=\"wpforms[fields][2]\" >\n\t\t<\/div>\n\t\t<div id=\"wpforms-4197-field_1-container\" class=\"wpforms-field wpforms-field-name\" data-field-id=\"1\"><fieldset><legend class=\"wpforms-field-label\">Nombre <span class=\"wpforms-required-label\" aria-hidden=\"true\">*<\/span><\/legend><div class=\"wpforms-field-row wpforms-field-large\"><div class=\"wpforms-field-row-block wpforms-first wpforms-one-half\"><input type=\"text\" id=\"wpforms-4197-field_1\" class=\"wpforms-field-name-first wpforms-field-required\" name=\"wpforms[fields][1][first]\" aria-errormessage=\"wpforms-4197-field_1-error\" required><label for=\"wpforms-4197-field_1\" class=\"wpforms-field-sublabel after\">Nombre<\/label><\/div><div class=\"wpforms-field-row-block wpforms-one-half\"><input type=\"text\" id=\"wpforms-4197-field_1-last\" class=\"wpforms-field-name-last wpforms-field-required\" name=\"wpforms[fields][1][last]\" aria-errormessage=\"wpforms-4197-field_1-last-error\" required><label for=\"wpforms-4197-field_1-last\" class=\"wpforms-field-sublabel after\">Apellidos<\/label><\/div><\/div><\/fieldset><\/div><div id=\"wpforms-4197-field_8-container\" class=\"wpforms-field wpforms-field-email\" data-field-id=\"8\"><label class=\"wpforms-field-label\" for=\"wpforms-4197-field_8\">E-mail <span class=\"wpforms-required-label\" aria-hidden=\"true\">*<\/span><\/label><input type=\"email\" id=\"wpforms-4197-field_8\" class=\"wpforms-field-large wpforms-field-required\" name=\"wpforms[fields][8]\" spellcheck=\"false\" aria-errormessage=\"wpforms-4197-field_8-error\" aria-describedby=\"wpforms-4197-field_8-description\" required><div id=\"wpforms-4197-field_8-description\" class=\"wpforms-field-description\">\ud83d\udd34 SI EL CORREO ESTA MAL ESCRITO, NO RECIBIRAS NUESTRA RESPUESTA<\/div><\/div><div id=\"wpforms-4197-field_20-container\" class=\"wpforms-field wpforms-field-number\" data-field-id=\"20\"><label class=\"wpforms-field-label\" for=\"wpforms-4197-field_20\">N\u00famero de pedido <span class=\"wpforms-required-label\" aria-hidden=\"true\">*<\/span><\/label><input type=\"number\" id=\"wpforms-4197-field_20\" class=\"wpforms-field-large wpforms-field-required\" name=\"wpforms[fields][20]\" step=\"any\" aria-errormessage=\"wpforms-4197-field_20-error\" aria-describedby=\"wpforms-4197-field_20-description\" required><div id=\"wpforms-4197-field_20-description\" class=\"wpforms-field-description\">\ud83d\udd34 EJEMPLO: 12394<\/div><\/div><div id=\"wpforms-4197-field_19-container\" class=\"wpforms-field wpforms-field-select wpforms-field-select-style-classic\" data-field-id=\"19\"><label class=\"wpforms-field-label\" for=\"wpforms-4197-field_19\">Sobre tu compra <span class=\"wpforms-required-label\" aria-hidden=\"true\">*<\/span><\/label><select id=\"wpforms-4197-field_19\" class=\"wpforms-field-large wpforms-field-required\" name=\"wpforms[fields][19]\" required=\"required\"><option value=\"\" class=\"placeholder\" disabled  selected='selected'>Elegir opci\u00f3n&#8230;<\/option><option value=\"Compre hace 1 d\u00eda\"  class=\"choice-1 depth-1\"  >Compre hace 1 d\u00eda<\/option><option value=\"Compre hace 2 d\u00eda\"  class=\"choice-2 depth-1\"  >Compre hace 2 d\u00eda<\/option><option value=\"Compre hace 3 d\u00eda\"  class=\"choice-3 depth-1\"  >Compre hace 3 d\u00eda<\/option><option value=\"Compre hace m\u00e1s de 3 d\u00edas\"  class=\"choice-4 depth-1\"  >Compre hace m\u00e1s de 3 d\u00edas<\/option><\/select><\/div><div id=\"wpforms-4197-field_10-container\" class=\"wpforms-field wpforms-field-textarea\" data-field-id=\"10\"><label class=\"wpforms-field-label\" for=\"wpforms-4197-field_10\">\u00bfTen\u00e9s alguna aclaraci\u00f3n o comentario que quieras agregar?<\/label><textarea id=\"wpforms-4197-field_10\" class=\"wpforms-field-medium wpforms-limit-characters-enabled\" data-form-id=\"4197\" data-field-id=\"10\" data-text-limit=\"1000\" name=\"wpforms[fields][10]\" aria-errormessage=\"wpforms-4197-field_10-error\" maxlength=\"1000\" ><\/textarea><\/div><script>\n\t\t\t\t( function() {\n\t\t\t\t\tconst style = document.createElement( 'style' );\n\t\t\t\t\tstyle.appendChild( document.createTextNode( '#wpforms-4197-field_2-container { position: absolute !important; overflow: hidden !important; display: inline !important; height: 1px !important; width: 1px !important; z-index: -1000 !important; padding: 0 !important; } #wpforms-4197-field_2-container input { visibility: hidden; } #wpforms-conversational-form-page #wpforms-4197-field_2-container label { counter-increment: none; }' ) );\n\t\t\t\t\tdocument.head.appendChild( style );\n\t\t\t\t\tdocument.currentScript?.remove();\n\t\t\t\t} )();\n\t\t\t<\/script><\/div><!-- .wpforms-field-container --><div class=\"wpforms-submit-container\" ><input type=\"hidden\" name=\"wpforms[id]\" value=\"4197\"><input type=\"hidden\" name=\"page_title\" value=\"\"><input type=\"hidden\" name=\"page_url\" value=\"https:\/\/www.demusculos.com\/ayuda\/wp-json\/wp\/v2\/pages\/1786\"><input type=\"hidden\" name=\"url_referer\" value=\"\"><button type=\"submit\" name=\"wpforms[submit]\" id=\"wpforms-submit-4197\" class=\"wpforms-submit\" data-alt-text=\"Enviando...\" data-submit-text=\"Enviar consulta\" aria-live=\"assertive\" value=\"wpforms-submit\">Enviar consulta<\/button><img loading=\"lazy\" decoding=\"async\" src=\"https:\/\/www.demusculos.com\/ayuda\/wp-content\/plugins\/wpforms-lite\/assets\/images\/submit-spin.svg\" class=\"wpforms-submit-spinner\" style=\"display: none;\" width=\"26\" height=\"26\" alt=\"Cargando\"><\/div><\/form><\/div>  <!-- .wpforms-container -->\n\n\n<p>&lt; <a href=\"https:\/\/www.demusculos.com\/ayuda\/cliente\/por-www-demusculos-com\/?preview=true\">Regresar<\/a><\/p>\n","protected":false},"excerpt":{"rendered":"<p>Es importante que leas esto: El n\u00famero de seguimiento te ser\u00e1 enviado por correo electr\u00f3nico dentro de los 2 a 5 d\u00edas h\u00e1biles posteriores a tu compra. Te recomendamos revisar la carpeta de Spam o Correo no deseado, ya que a veces los mensajes autom\u00e1ticos pueden llegar all\u00ed. Si pasaron m\u00e1s de cinco d\u00edas y [&hellip;]<\/p>\n","protected":false},"author":1,"featured_media":0,"parent":1339,"menu_order":0,"comment_status":"closed","ping_status":"closed","template":"","meta":{"footnotes":""},"class_list":["post-1786","page","type-page","status-publish","hentry"],"yoast_head":"<!-- This site is optimized with the Yoast SEO plugin v27.4 - https:\/\/yoast.com\/product\/yoast-seo-wordpress\/ -->\n<title>N\u00famero de seguimiento | Ayuda | DeMusculos.com<\/title>\n<meta name=\"description\" content=\"N\u00famero de seguimiento. Env\u00edo de lunes a viernes. Compra 100% protegida. Creatinas, Amino\u00e1cidos, Bcaa, Quemadores de grasas, Whey Bar y Geles.\" \/>\n<meta name=\"robots\" content=\"index, follow, max-snippet:-1, max-image-preview:large, max-video-preview:-1\" \/>\n<link rel=\"canonical\" href=\"https:\/\/www.demusculos.com\/ayuda\/cliente\/seguimiento-web\/\" \/>\n<meta property=\"og:locale\" content=\"es_ES\" \/>\n<meta property=\"og:type\" content=\"article\" \/>\n<meta property=\"og:title\" content=\"N\u00famero de seguimiento | Ayuda | DeMusculos.com\" \/>\n<meta property=\"og:description\" content=\"N\u00famero de seguimiento. Env\u00edo de lunes a viernes. Compra 100% protegida. Creatinas, Amino\u00e1cidos, Bcaa, Quemadores de grasas, Whey Bar y Geles.\" \/>\n<meta property=\"og:url\" content=\"https:\/\/www.demusculos.com\/ayuda\/cliente\/seguimiento-web\/\" \/>\n<meta property=\"og:site_name\" content=\"DeMusculos.com | AYUDA\" \/>\n<meta property=\"article:publisher\" content=\"https:\/\/www.facebook.com\/demusculos\" \/>\n<meta property=\"article:modified_time\" content=\"2025-12-15T00:07:47+00:00\" \/>\n<meta property=\"og:image\" content=\"https:\/\/www.demusculos.com\/ayuda\/wp-content\/uploads\/2024\/03\/demusculos-com-suplementos-productos.jpg\" \/>\n\t<meta property=\"og:image:width\" content=\"1200\" \/>\n\t<meta property=\"og:image:height\" content=\"675\" \/>\n\t<meta property=\"og:image:type\" content=\"image\/jpeg\" \/>\n<meta name=\"twitter:card\" content=\"summary_large_image\" \/>\n<meta name=\"twitter:site\" content=\"@demusculos\" \/>\n<meta name=\"twitter:label1\" content=\"Tiempo de lectura\" \/>\n\t<meta name=\"twitter:data1\" content=\"1 minuto\" \/>\n<script type=\"application\/ld+json\" class=\"yoast-schema-graph\">{\"@context\":\"https:\\\/\\\/schema.org\",\"@graph\":[{\"@type\":\"WebPage\",\"@id\":\"https:\\\/\\\/www.demusculos.com\\\/ayuda\\\/cliente\\\/seguimiento-web\\\/\",\"url\":\"https:\\\/\\\/www.demusculos.com\\\/ayuda\\\/cliente\\\/seguimiento-web\\\/\",\"name\":\"N\u00famero de seguimiento | Ayuda | DeMusculos.com\",\"isPartOf\":{\"@id\":\"https:\\\/\\\/www.demusculos.com\\\/ayuda\\\/#website\"},\"datePublished\":\"2020-04-07T00:55:04+00:00\",\"dateModified\":\"2025-12-15T00:07:47+00:00\",\"description\":\"N\u00famero de seguimiento. Env\u00edo de lunes a viernes. Compra 100% protegida. Creatinas, Amino\u00e1cidos, Bcaa, Quemadores de grasas, Whey Bar y Geles.\",\"breadcrumb\":{\"@id\":\"https:\\\/\\\/www.demusculos.com\\\/ayuda\\\/cliente\\\/seguimiento-web\\\/#breadcrumb\"},\"inLanguage\":\"es\",\"potentialAction\":[{\"@type\":\"ReadAction\",\"target\":[\"https:\\\/\\\/www.demusculos.com\\\/ayuda\\\/cliente\\\/seguimiento-web\\\/\"]}]},{\"@type\":\"BreadcrumbList\",\"@id\":\"https:\\\/\\\/www.demusculos.com\\\/ayuda\\\/cliente\\\/seguimiento-web\\\/#breadcrumb\",\"itemListElement\":[{\"@type\":\"ListItem\",\"position\":1,\"name\":\"Portada\",\"item\":\"https:\\\/\\\/www.demusculos.com\\\/ayuda\\\/\"},{\"@type\":\"ListItem\",\"position\":2,\"name\":\"\u00a1Bienvenido!\",\"item\":\"https:\\\/\\\/www.demusculos.com\\\/ayuda\\\/\"},{\"@type\":\"ListItem\",\"position\":3,\"name\":\"N\u00famero de seguimiento\"}]},{\"@type\":\"WebSite\",\"@id\":\"https:\\\/\\\/www.demusculos.com\\\/ayuda\\\/#website\",\"url\":\"https:\\\/\\\/www.demusculos.com\\\/ayuda\\\/\",\"name\":\"DeMusculos.com | AYUDA\",\"description\":\"Suplementos Naturales, Accesorios, Indumentaria\",\"publisher\":{\"@id\":\"https:\\\/\\\/www.demusculos.com\\\/ayuda\\\/#organization\"},\"alternateName\":\"Suplementos Natuarles\",\"potentialAction\":[{\"@type\":\"SearchAction\",\"target\":{\"@type\":\"EntryPoint\",\"urlTemplate\":\"https:\\\/\\\/www.demusculos.com\\\/ayuda\\\/?s={search_term_string}\"},\"query-input\":{\"@type\":\"PropertyValueSpecification\",\"valueRequired\":true,\"valueName\":\"search_term_string\"}}],\"inLanguage\":\"es\"},{\"@type\":\"Organization\",\"@id\":\"https:\\\/\\\/www.demusculos.com\\\/ayuda\\\/#organization\",\"name\":\"DeMusculos.com | AYUDA\",\"url\":\"https:\\\/\\\/www.demusculos.com\\\/ayuda\\\/\",\"logo\":{\"@type\":\"ImageObject\",\"inLanguage\":\"es\",\"@id\":\"https:\\\/\\\/www.demusculos.com\\\/ayuda\\\/#\\\/schema\\\/logo\\\/image\\\/\",\"url\":\"https:\\\/\\\/www.demusculos.com\\\/ayuda\\\/wp-content\\\/uploads\\\/2024\\\/01\\\/logo-demusculos-prestashop-usuario.png\",\"contentUrl\":\"https:\\\/\\\/www.demusculos.com\\\/ayuda\\\/wp-content\\\/uploads\\\/2024\\\/01\\\/logo-demusculos-prestashop-usuario.png\",\"width\":150,\"height\":150,\"caption\":\"DeMusculos.com | AYUDA\"},\"image\":{\"@id\":\"https:\\\/\\\/www.demusculos.com\\\/ayuda\\\/#\\\/schema\\\/logo\\\/image\\\/\"},\"sameAs\":[\"https:\\\/\\\/www.facebook.com\\\/demusculos\",\"https:\\\/\\\/x.com\\\/demusculos\",\"https:\\\/\\\/www.tiktok.com\\\/@demusculos.com\"]}]}<\/script>\n<!-- \/ Yoast SEO plugin. -->","yoast_head_json":{"title":"N\u00famero de seguimiento | Ayuda | DeMusculos.com","description":"N\u00famero de seguimiento. Env\u00edo de lunes a viernes. Compra 100% protegida. Creatinas, Amino\u00e1cidos, Bcaa, Quemadores de grasas, Whey Bar y Geles.","robots":{"index":"index","follow":"follow","max-snippet":"max-snippet:-1","max-image-preview":"max-image-preview:large","max-video-preview":"max-video-preview:-1"},"canonical":"https:\/\/www.demusculos.com\/ayuda\/cliente\/seguimiento-web\/","og_locale":"es_ES","og_type":"article","og_title":"N\u00famero de seguimiento | Ayuda | DeMusculos.com","og_description":"N\u00famero de seguimiento. Env\u00edo de lunes a viernes. Compra 100% protegida. Creatinas, Amino\u00e1cidos, Bcaa, Quemadores de grasas, Whey Bar y Geles.","og_url":"https:\/\/www.demusculos.com\/ayuda\/cliente\/seguimiento-web\/","og_site_name":"DeMusculos.com | AYUDA","article_publisher":"https:\/\/www.facebook.com\/demusculos","article_modified_time":"2025-12-15T00:07:47+00:00","og_image":[{"width":1200,"height":675,"url":"https:\/\/www.demusculos.com\/ayuda\/wp-content\/uploads\/2024\/03\/demusculos-com-suplementos-productos.jpg","type":"image\/jpeg"}],"twitter_card":"summary_large_image","twitter_site":"@demusculos","twitter_misc":{"Tiempo de lectura":"1 minuto"},"schema":{"@context":"https:\/\/schema.org","@graph":[{"@type":"WebPage","@id":"https:\/\/www.demusculos.com\/ayuda\/cliente\/seguimiento-web\/","url":"https:\/\/www.demusculos.com\/ayuda\/cliente\/seguimiento-web\/","name":"N\u00famero de seguimiento | Ayuda | DeMusculos.com","isPartOf":{"@id":"https:\/\/www.demusculos.com\/ayuda\/#website"},"datePublished":"2020-04-07T00:55:04+00:00","dateModified":"2025-12-15T00:07:47+00:00","description":"N\u00famero de seguimiento. Env\u00edo de lunes a viernes. Compra 100% protegida. Creatinas, Amino\u00e1cidos, Bcaa, Quemadores de grasas, Whey Bar y Geles.","breadcrumb":{"@id":"https:\/\/www.demusculos.com\/ayuda\/cliente\/seguimiento-web\/#breadcrumb"},"inLanguage":"es","potentialAction":[{"@type":"ReadAction","target":["https:\/\/www.demusculos.com\/ayuda\/cliente\/seguimiento-web\/"]}]},{"@type":"BreadcrumbList","@id":"https:\/\/www.demusculos.com\/ayuda\/cliente\/seguimiento-web\/#breadcrumb","itemListElement":[{"@type":"ListItem","position":1,"name":"Portada","item":"https:\/\/www.demusculos.com\/ayuda\/"},{"@type":"ListItem","position":2,"name":"\u00a1Bienvenido!","item":"https:\/\/www.demusculos.com\/ayuda\/"},{"@type":"ListItem","position":3,"name":"N\u00famero de seguimiento"}]},{"@type":"WebSite","@id":"https:\/\/www.demusculos.com\/ayuda\/#website","url":"https:\/\/www.demusculos.com\/ayuda\/","name":"DeMusculos.com | AYUDA","description":"Suplementos Naturales, Accesorios, Indumentaria","publisher":{"@id":"https:\/\/www.demusculos.com\/ayuda\/#organization"},"alternateName":"Suplementos Natuarles","potentialAction":[{"@type":"SearchAction","target":{"@type":"EntryPoint","urlTemplate":"https:\/\/www.demusculos.com\/ayuda\/?s={search_term_string}"},"query-input":{"@type":"PropertyValueSpecification","valueRequired":true,"valueName":"search_term_string"}}],"inLanguage":"es"},{"@type":"Organization","@id":"https:\/\/www.demusculos.com\/ayuda\/#organization","name":"DeMusculos.com | AYUDA","url":"https:\/\/www.demusculos.com\/ayuda\/","logo":{"@type":"ImageObject","inLanguage":"es","@id":"https:\/\/www.demusculos.com\/ayuda\/#\/schema\/logo\/image\/","url":"https:\/\/www.demusculos.com\/ayuda\/wp-content\/uploads\/2024\/01\/logo-demusculos-prestashop-usuario.png","contentUrl":"https:\/\/www.demusculos.com\/ayuda\/wp-content\/uploads\/2024\/01\/logo-demusculos-prestashop-usuario.png","width":150,"height":150,"caption":"DeMusculos.com | AYUDA"},"image":{"@id":"https:\/\/www.demusculos.com\/ayuda\/#\/schema\/logo\/image\/"},"sameAs":["https:\/\/www.facebook.com\/demusculos","https:\/\/x.com\/demusculos","https:\/\/www.tiktok.com\/@demusculos.com"]}]}},"_links":{"self":[{"href":"https:\/\/www.demusculos.com\/ayuda\/wp-json\/wp\/v2\/pages\/1786","targetHints":{"allow":["GET"]}}],"collection":[{"href":"https:\/\/www.demusculos.com\/ayuda\/wp-json\/wp\/v2\/pages"}],"about":[{"href":"https:\/\/www.demusculos.com\/ayuda\/wp-json\/wp\/v2\/types\/page"}],"author":[{"embeddable":true,"href":"https:\/\/www.demusculos.com\/ayuda\/wp-json\/wp\/v2\/users\/1"}],"replies":[{"embeddable":true,"href":"https:\/\/www.demusculos.com\/ayuda\/wp-json\/wp\/v2\/comments?post=1786"}],"version-history":[{"count":3,"href":"https:\/\/www.demusculos.com\/ayuda\/wp-json\/wp\/v2\/pages\/1786\/revisions"}],"predecessor-version":[{"id":4898,"href":"https:\/\/www.demusculos.com\/ayuda\/wp-json\/wp\/v2\/pages\/1786\/revisions\/4898"}],"up":[{"embeddable":true,"href":"https:\/\/www.demusculos.com\/ayuda\/wp-json\/wp\/v2\/pages\/1339"}],"wp:attachment":[{"href":"https:\/\/www.demusculos.com\/ayuda\/wp-json\/wp\/v2\/media?parent=1786"}],"curies":[{"name":"wp","href":"https:\/\/api.w.org\/{rel}","templated":true}]}}