{"id":319,"date":"2015-03-10T12:00:42","date_gmt":"2015-03-10T12:00:42","guid":{"rendered":"http:\/\/www.demusculos.com\/ayuda\/?page_id=319"},"modified":"2024-05-23T02:35:13","modified_gmt":"2024-05-23T02:35:13","slug":"ganadores-de-masa-muscular","status":"publish","type":"page","link":"https:\/\/www.demusculos.com\/ayuda\/objetivos\/aumento-muscular\/ganadores-de-masa-muscular\/","title":{"rendered":"Ganadores de masa muscular"},"content":{"rendered":"\n<p><a title=\"Objetivos\" href=\"https:\/\/www.demusculos.com\/ayuda\/objetivos\/\">Objetivos <\/a>&gt; <a title=\"Aumento de masa muscular\" href=\"https:\/\/www.demusculos.com\/ayuda\/objetivos\/aumento-muscular\/\">Aumento Muscular<\/a>&nbsp;&gt;&nbsp;<a title=\"Suplementos para aumento de masa muscular\" href=\"https:\/\/www.demusculos.com\/ayuda\/objetivos\/aumento-muscular\/suplementos-para-aumento-de-masa-muscular\/\">Suplementos<\/a>&nbsp;&gt; <a title=\"Ganadores de masa muscular\" href=\"https:\/\/www.demusculos.com\/ayuda\/objetivos\/aumento-muscular\/ganadores-de-masa-muscular\/\">Ganadores<\/a><\/p>\n\n\n\n<p>Entre los ganadores de masa muscular m\u00e1s recomendados y vendidos se encuentran los siguientes:<\/p>\n\n\n\n<figure class=\"wp-block-image size-full\"><a href=\"https:\/\/www.demusculos.com\/web\/producto\/nitrogain-1-5-kg-xtrenght-nutrition-ganador-de-peso\/\" target=\"_blank\" rel=\"noopener\"><img loading=\"lazy\" decoding=\"async\" width=\"300\" height=\"300\" src=\"https:\/\/www.demusculos.com\/ayuda\/wp-content\/uploads\/2024\/01\/gainer-nitro-gain.png\" alt=\"\" class=\"wp-image-2435\" srcset=\"https:\/\/www.demusculos.com\/ayuda\/wp-content\/uploads\/2024\/01\/gainer-nitro-gain.png 300w, https:\/\/www.demusculos.com\/ayuda\/wp-content\/uploads\/2024\/01\/gainer-nitro-gain-150x150.png 150w\" sizes=\"auto, (max-width: 300px) 100vw, 300px\" \/><\/a><\/figure>\n\n\n\n<figure class=\"wp-block-image size-full\"><a href=\"https:\/\/www.demusculos.com\/web\/producto\/ultra-mass-1-5-kg-de-ena-sport\/\" target=\"_blank\" rel=\"noopener\"><img loading=\"lazy\" decoding=\"async\" width=\"300\" height=\"300\" src=\"https:\/\/www.demusculos.com\/ayuda\/wp-content\/uploads\/2024\/01\/gainer-ultra-mass-15.png\" alt=\"\" class=\"wp-image-2434\" srcset=\"https:\/\/www.demusculos.com\/ayuda\/wp-content\/uploads\/2024\/01\/gainer-ultra-mass-15.png 300w, https:\/\/www.demusculos.com\/ayuda\/wp-content\/uploads\/2024\/01\/gainer-ultra-mass-15-150x150.png 150w\" sizes=\"auto, (max-width: 300px) 100vw, 300px\" \/><\/a><\/figure>\n\n\n\n<p>Los 2 ganadores de peso mencionados anteriormente contienen <span style=\"text-decoration: underline;\">prote\u00edna de suero de leche<\/span> y <span style=\"text-decoration: underline;\">carbohidratos<\/span>.<\/p>\n\n\n\n<h1 class=\"wp-block-heading\">\u00bfC\u00f3mo se deben tomar?<\/h1>\n\n\n\n<p>Tomar una medida por la ma\u00f1ana y otra medida por la tarde. Dos medidas en total. Una de las dos medidas deber\u00e1 ser tomada luego del entrenamiento.<\/p>\n\n\n\n<figure class=\"wp-block-image size-full\"><img loading=\"lazy\" decoding=\"async\" width=\"300\" height=\"300\" src=\"https:\/\/www.demusculos.com\/ayuda\/wp-content\/uploads\/2024\/01\/manana-noche.png\" alt=\"\" class=\"wp-image-2443\" srcset=\"https:\/\/www.demusculos.com\/ayuda\/wp-content\/uploads\/2024\/01\/manana-noche.png 300w, https:\/\/www.demusculos.com\/ayuda\/wp-content\/uploads\/2024\/01\/manana-noche-150x150.png 150w\" sizes=\"auto, (max-width: 300px) 100vw, 300px\" \/><\/figure>\n\n\n\n<h1 class=\"wp-block-heading\">\u00bfC\u00f3mo se deben preparar?<\/h1>\n\n\n\n<p>Recomendamos prepararlos con agua o leche de tipo descremada<\/p>\n\n\n\n<figure class=\"wp-block-image size-full is-resized\"><img loading=\"lazy\" decoding=\"async\" width=\"300\" height=\"300\" src=\"https:\/\/www.demusculos.com\/ayuda\/wp-content\/uploads\/2024\/01\/agua-leche-descremada.png\" alt=\"\" class=\"wp-image-2441\" style=\"width:300px\" srcset=\"https:\/\/www.demusculos.com\/ayuda\/wp-content\/uploads\/2024\/01\/agua-leche-descremada.png 300w, https:\/\/www.demusculos.com\/ayuda\/wp-content\/uploads\/2024\/01\/agua-leche-descremada-150x150.png 150w\" sizes=\"auto, (max-width: 300px) 100vw, 300px\" \/><\/figure>\n\n\n\n<h1 class=\"wp-block-heading\">\u00bfCon qu\u00e9 se pueden combinar?<\/h1>\n\n\n\n<ul class=\"wp-block-list\">\n<li>Creatinas o <a href=\"https:\/\/www.demusculos.com\/ayuda\/objetivos\/aumento-muscular\/creatinas-potenciadas\/\">creatinas potenciadas<\/a><\/li>\n\n\n\n<li><a href=\"https:\/\/www.demusculos.com\/ayuda\/objetivos\/aumento-muscular\/oxidos-nitricos\/\">\u00d3xidos N\u00edtricos<\/a><\/li>\n<\/ul>\n\n\n\n<p>El ganador de masa muscular m\u00e1s vendido: Mutant Mass de 1.5 kilos y Mutant Mass de 5 kilos. Ambos potenciados con Arginina (\u00d3xido N\u00edtrico). Esto permite que los nutrientes de Mutant Mass lleguen a la fibra muscular con m\u00e1s intensidad.<\/p>\n\n\n\n<figure class=\"wp-block-image size-full\"><a href=\"https:\/\/www.demusculos.com\/web\/producto\/mutant-mass-1-5-kg-de-star-nutrition-ganador-de-masa-muscular\/\" target=\"_blank\" rel=\"noopener\"><img loading=\"lazy\" decoding=\"async\" width=\"300\" height=\"300\" src=\"https:\/\/www.demusculos.com\/ayuda\/wp-content\/uploads\/2024\/01\/gainer-mutant-mass-15-kg.png\" alt=\"\" class=\"wp-image-2433\" srcset=\"https:\/\/www.demusculos.com\/ayuda\/wp-content\/uploads\/2024\/01\/gainer-mutant-mass-15-kg.png 300w, https:\/\/www.demusculos.com\/ayuda\/wp-content\/uploads\/2024\/01\/gainer-mutant-mass-15-kg-150x150.png 150w\" sizes=\"auto, (max-width: 300px) 100vw, 300px\" \/><\/a><\/figure>\n\n\n\n<figure class=\"wp-block-image size-full is-resized\"><a href=\"https:\/\/www.demusculos.com\/web\/producto\/mutant-mass-5-kg-bolsa-de-star-nutrition-ganador-de-masa-muscular\/\" target=\"_blank\" rel=\"noopener\"><img loading=\"lazy\" decoding=\"async\" width=\"300\" height=\"300\" src=\"https:\/\/www.demusculos.com\/ayuda\/wp-content\/uploads\/2024\/01\/gainer-mutant-mass-5-kg.png\" alt=\"\" class=\"wp-image-2432\" style=\"width:300px\" srcset=\"https:\/\/www.demusculos.com\/ayuda\/wp-content\/uploads\/2024\/01\/gainer-mutant-mass-5-kg.png 300w, https:\/\/www.demusculos.com\/ayuda\/wp-content\/uploads\/2024\/01\/gainer-mutant-mass-5-kg-150x150.png 150w\" sizes=\"auto, (max-width: 300px) 100vw, 300px\" \/><\/a><\/figure>\n\n\n\n<p>\u00daltimamente los clientes est\u00e1n probando los ganadores de masa muscular de PULVER y GENTECH. Son similares al resto, pero con alto contenido de amino\u00e1cidos:<\/p>\n\n\n\n<figure class=\"wp-block-image size-full\"><a href=\"https:\/\/www.demusculos.com\/web\/producto\/maxi-gain-1-25-kg-de-gentech-ganador-de-masa-muscular\/\" target=\"_blank\" rel=\"noreferrer noopener\"><img loading=\"lazy\" decoding=\"async\" width=\"300\" height=\"300\" src=\"https:\/\/www.demusculos.com\/ayuda\/wp-content\/uploads\/2024\/01\/gainer-maxi-gain.png\" alt=\"\" class=\"wp-image-2437\" srcset=\"https:\/\/www.demusculos.com\/ayuda\/wp-content\/uploads\/2024\/01\/gainer-maxi-gain.png 300w, https:\/\/www.demusculos.com\/ayuda\/wp-content\/uploads\/2024\/01\/gainer-maxi-gain-150x150.png 150w\" sizes=\"auto, (max-width: 300px) 100vw, 300px\" \/><\/a><\/figure>\n\n\n\n<ul class=\"wp-block-list\">\n<li><a href=\"https:\/\/www.demusculos.com\/maxigain\" target=\"_blank\" rel=\"noreferrer noopener\"><strong>Ganador de peso Maxi Gain de Gentech x1.25 kg<\/strong><\/a><br>Contiene prote\u00edna, carbohidratos y amino\u00e1cidos. En polvo.<\/li>\n<\/ul>\n\n\n\n<figure class=\"wp-block-image size-full\"><a href=\"https:\/\/www.demusculos.com\/web\/producto\/gainer-plus-1-5-de-pulver-ganador-de-masa-muscular\/\" target=\"_blank\" rel=\"noreferrer noopener\"><img loading=\"lazy\" decoding=\"async\" width=\"300\" height=\"300\" src=\"https:\/\/www.demusculos.com\/ayuda\/wp-content\/uploads\/2024\/01\/gainer-pulver-15.png\" alt=\"\" class=\"wp-image-2439\" srcset=\"https:\/\/www.demusculos.com\/ayuda\/wp-content\/uploads\/2024\/01\/gainer-pulver-15.png 300w, https:\/\/www.demusculos.com\/ayuda\/wp-content\/uploads\/2024\/01\/gainer-pulver-15-150x150.png 150w\" sizes=\"auto, (max-width: 300px) 100vw, 300px\" \/><\/a><\/figure>\n\n\n\n<ul class=\"wp-block-list\">\n<li><a href=\"https:\/\/www.demusculos.com\/gainer15pulver\" target=\"_blank\" rel=\"noreferrer noopener\"><strong>Ganador de peso o masa muscular Pulver 1.5 kg <\/strong><\/a><br>Sin TACC. Ideal para celiacos. Uno de los ganadores de masa muscular con m\u00e1s trayectoria de toda la Argentina. Excelente disoluci\u00f3n.<\/li>\n<\/ul>\n\n\n\n<h2 class=\"wp-block-heading\">Ganador de masa recomendado<\/h2>\n\n\n\n<p>Recomendamos el ganador de masa muscular de XXL Nutrition por ser econ\u00f3mico y por tener un total de 2 kg:<\/p>\n\n\n\n<figure class=\"wp-block-image size-full\"><a href=\"https:\/\/www.demusculos.com\/web\/producto\/whey-gainer-2-kg-xxl-pro-nutrition\/\" target=\"_blank\" rel=\"noreferrer noopener\"><img loading=\"lazy\" decoding=\"async\" width=\"300\" height=\"300\" src=\"https:\/\/www.demusculos.com\/ayuda\/wp-content\/uploads\/2024\/01\/gainer-xxl-2kg.png\" alt=\"\" class=\"wp-image-2446\" srcset=\"https:\/\/www.demusculos.com\/ayuda\/wp-content\/uploads\/2024\/01\/gainer-xxl-2kg.png 300w, https:\/\/www.demusculos.com\/ayuda\/wp-content\/uploads\/2024\/01\/gainer-xxl-2kg-150x150.png 150w\" sizes=\"auto, (max-width: 300px) 100vw, 300px\" \/><\/a><\/figure>\n\n\n\n<p>&lt; <a title=\"Suplementos para aumento de masa muscular\" href=\"https:\/\/www.demusculos.com\/ayuda\/objetivos\/aumento-muscular\/suplementos-para-aumento-de-masa-muscular\/\">Regresar<\/a><\/p>\n","protected":false},"excerpt":{"rendered":"<p>Objetivos &gt; Aumento Muscular&nbsp;&gt;&nbsp;Suplementos&nbsp;&gt; Ganadores Entre los ganadores de masa muscular m\u00e1s recomendados y vendidos se encuentran los siguientes: Los 2 ganadores de peso mencionados anteriormente contienen prote\u00edna de suero de leche y carbohidratos. \u00bfC\u00f3mo se deben tomar? Tomar una medida por la ma\u00f1ana y otra medida por la tarde. Dos medidas en total. Una [&hellip;]<\/p>\n","protected":false},"author":1,"featured_media":0,"parent":189,"menu_order":0,"comment_status":"closed","ping_status":"open","template":"","meta":{"footnotes":""},"class_list":["post-319","page","type-page","status-publish","hentry"],"yoast_head":"<!-- This site is optimized with the Yoast SEO plugin v27.3 - https:\/\/yoast.com\/product\/yoast-seo-wordpress\/ -->\n<title>Ganadores de masa muscular | DeMusculos.com | AYUDA<\/title>\n<meta name=\"robots\" content=\"index, follow, max-snippet:-1, max-image-preview:large, max-video-preview:-1\" \/>\n<link rel=\"canonical\" href=\"https:\/\/www.demusculos.com\/ayuda\/objetivos\/aumento-muscular\/ganadores-de-masa-muscular\/\" \/>\n<meta property=\"og:locale\" content=\"es_ES\" \/>\n<meta property=\"og:type\" content=\"article\" \/>\n<meta property=\"og:title\" content=\"Ganadores de masa muscular | DeMusculos.com | AYUDA\" \/>\n<meta property=\"og:description\" content=\"Objetivos &gt; Aumento Muscular&nbsp;&gt;&nbsp;Suplementos&nbsp;&gt; Ganadores Entre los ganadores de masa muscular m\u00e1s recomendados y vendidos se encuentran los siguientes: Los 2 ganadores de peso mencionados anteriormente contienen prote\u00edna de suero de leche y carbohidratos. \u00bfC\u00f3mo se deben tomar? Tomar una medida por la ma\u00f1ana y otra medida por la tarde. Dos medidas en total. Una [&hellip;]\" \/>\n<meta property=\"og:url\" content=\"https:\/\/www.demusculos.com\/ayuda\/objetivos\/aumento-muscular\/ganadores-de-masa-muscular\/\" \/>\n<meta property=\"og:site_name\" content=\"DeMusculos.com | AYUDA\" \/>\n<meta property=\"article:publisher\" content=\"https:\/\/www.facebook.com\/demusculos\" \/>\n<meta property=\"article:modified_time\" content=\"2024-05-23T02:35:13+00:00\" \/>\n<meta property=\"og:image\" content=\"https:\/\/www.demusculos.com\/ayuda\/wp-content\/uploads\/2024\/01\/gainer-nitro-gain.png\" \/>\n<meta name=\"twitter:card\" content=\"summary_large_image\" \/>\n<meta name=\"twitter:site\" content=\"@demusculos\" \/>\n<meta name=\"twitter:label1\" content=\"Tiempo de lectura\" \/>\n\t<meta name=\"twitter:data1\" content=\"3 minutos\" \/>\n<script type=\"application\/ld+json\" class=\"yoast-schema-graph\">{\"@context\":\"https:\\\/\\\/schema.org\",\"@graph\":[{\"@type\":\"WebPage\",\"@id\":\"https:\\\/\\\/www.demusculos.com\\\/ayuda\\\/objetivos\\\/aumento-muscular\\\/ganadores-de-masa-muscular\\\/\",\"url\":\"https:\\\/\\\/www.demusculos.com\\\/ayuda\\\/objetivos\\\/aumento-muscular\\\/ganadores-de-masa-muscular\\\/\",\"name\":\"Ganadores de masa muscular | DeMusculos.com | AYUDA\",\"isPartOf\":{\"@id\":\"https:\\\/\\\/www.demusculos.com\\\/ayuda\\\/#website\"},\"primaryImageOfPage\":{\"@id\":\"https:\\\/\\\/www.demusculos.com\\\/ayuda\\\/objetivos\\\/aumento-muscular\\\/ganadores-de-masa-muscular\\\/#primaryimage\"},\"image\":{\"@id\":\"https:\\\/\\\/www.demusculos.com\\\/ayuda\\\/objetivos\\\/aumento-muscular\\\/ganadores-de-masa-muscular\\\/#primaryimage\"},\"thumbnailUrl\":\"https:\\\/\\\/www.demusculos.com\\\/ayuda\\\/wp-content\\\/uploads\\\/2024\\\/01\\\/gainer-nitro-gain.png\",\"datePublished\":\"2015-03-10T12:00:42+00:00\",\"dateModified\":\"2024-05-23T02:35:13+00:00\",\"breadcrumb\":{\"@id\":\"https:\\\/\\\/www.demusculos.com\\\/ayuda\\\/objetivos\\\/aumento-muscular\\\/ganadores-de-masa-muscular\\\/#breadcrumb\"},\"inLanguage\":\"es\",\"potentialAction\":[{\"@type\":\"ReadAction\",\"target\":[\"https:\\\/\\\/www.demusculos.com\\\/ayuda\\\/objetivos\\\/aumento-muscular\\\/ganadores-de-masa-muscular\\\/\"]}]},{\"@type\":\"ImageObject\",\"inLanguage\":\"es\",\"@id\":\"https:\\\/\\\/www.demusculos.com\\\/ayuda\\\/objetivos\\\/aumento-muscular\\\/ganadores-de-masa-muscular\\\/#primaryimage\",\"url\":\"https:\\\/\\\/www.demusculos.com\\\/ayuda\\\/wp-content\\\/uploads\\\/2024\\\/01\\\/gainer-nitro-gain.png\",\"contentUrl\":\"https:\\\/\\\/www.demusculos.com\\\/ayuda\\\/wp-content\\\/uploads\\\/2024\\\/01\\\/gainer-nitro-gain.png\",\"width\":300,\"height\":300},{\"@type\":\"BreadcrumbList\",\"@id\":\"https:\\\/\\\/www.demusculos.com\\\/ayuda\\\/objetivos\\\/aumento-muscular\\\/ganadores-de-masa-muscular\\\/#breadcrumb\",\"itemListElement\":[{\"@type\":\"ListItem\",\"position\":1,\"name\":\"Portada\",\"item\":\"https:\\\/\\\/www.demusculos.com\\\/ayuda\\\/\"},{\"@type\":\"ListItem\",\"position\":2,\"name\":\"\u00bfCu\u00e1l es tu objetivo?\",\"item\":\"https:\\\/\\\/www.demusculos.com\\\/ayuda\\\/objetivos\\\/\"},{\"@type\":\"ListItem\",\"position\":3,\"name\":\"Aumento muscular\",\"item\":\"https:\\\/\\\/www.demusculos.com\\\/ayuda\\\/objetivos\\\/aumento-muscular\\\/\"},{\"@type\":\"ListItem\",\"position\":4,\"name\":\"Ganadores de masa muscular\"}]},{\"@type\":\"WebSite\",\"@id\":\"https:\\\/\\\/www.demusculos.com\\\/ayuda\\\/#website\",\"url\":\"https:\\\/\\\/www.demusculos.com\\\/ayuda\\\/\",\"name\":\"DeMusculos.com | AYUDA\",\"description\":\"Suplementos Naturales, Accesorios, Indumentaria\",\"publisher\":{\"@id\":\"https:\\\/\\\/www.demusculos.com\\\/ayuda\\\/#organization\"},\"alternateName\":\"Suplementos Natuarles\",\"potentialAction\":[{\"@type\":\"SearchAction\",\"target\":{\"@type\":\"EntryPoint\",\"urlTemplate\":\"https:\\\/\\\/www.demusculos.com\\\/ayuda\\\/?s={search_term_string}\"},\"query-input\":{\"@type\":\"PropertyValueSpecification\",\"valueRequired\":true,\"valueName\":\"search_term_string\"}}],\"inLanguage\":\"es\"},{\"@type\":\"Organization\",\"@id\":\"https:\\\/\\\/www.demusculos.com\\\/ayuda\\\/#organization\",\"name\":\"DeMusculos.com | AYUDA\",\"url\":\"https:\\\/\\\/www.demusculos.com\\\/ayuda\\\/\",\"logo\":{\"@type\":\"ImageObject\",\"inLanguage\":\"es\",\"@id\":\"https:\\\/\\\/www.demusculos.com\\\/ayuda\\\/#\\\/schema\\\/logo\\\/image\\\/\",\"url\":\"https:\\\/\\\/www.demusculos.com\\\/ayuda\\\/wp-content\\\/uploads\\\/2024\\\/01\\\/logo-demusculos-prestashop-usuario.png\",\"contentUrl\":\"https:\\\/\\\/www.demusculos.com\\\/ayuda\\\/wp-content\\\/uploads\\\/2024\\\/01\\\/logo-demusculos-prestashop-usuario.png\",\"width\":150,\"height\":150,\"caption\":\"DeMusculos.com | AYUDA\"},\"image\":{\"@id\":\"https:\\\/\\\/www.demusculos.com\\\/ayuda\\\/#\\\/schema\\\/logo\\\/image\\\/\"},\"sameAs\":[\"https:\\\/\\\/www.facebook.com\\\/demusculos\",\"https:\\\/\\\/x.com\\\/demusculos\",\"https:\\\/\\\/www.tiktok.com\\\/@demusculos.com\"]}]}<\/script>\n<!-- \/ Yoast SEO plugin. -->","yoast_head_json":{"title":"Ganadores de masa muscular | DeMusculos.com | AYUDA","robots":{"index":"index","follow":"follow","max-snippet":"max-snippet:-1","max-image-preview":"max-image-preview:large","max-video-preview":"max-video-preview:-1"},"canonical":"https:\/\/www.demusculos.com\/ayuda\/objetivos\/aumento-muscular\/ganadores-de-masa-muscular\/","og_locale":"es_ES","og_type":"article","og_title":"Ganadores de masa muscular | DeMusculos.com | AYUDA","og_description":"Objetivos &gt; Aumento Muscular&nbsp;&gt;&nbsp;Suplementos&nbsp;&gt; Ganadores Entre los ganadores de masa muscular m\u00e1s recomendados y vendidos se encuentran los siguientes: Los 2 ganadores de peso mencionados anteriormente contienen prote\u00edna de suero de leche y carbohidratos. \u00bfC\u00f3mo se deben tomar? Tomar una medida por la ma\u00f1ana y otra medida por la tarde. Dos medidas en total. Una [&hellip;]","og_url":"https:\/\/www.demusculos.com\/ayuda\/objetivos\/aumento-muscular\/ganadores-de-masa-muscular\/","og_site_name":"DeMusculos.com | AYUDA","article_publisher":"https:\/\/www.facebook.com\/demusculos","article_modified_time":"2024-05-23T02:35:13+00:00","og_image":[{"url":"https:\/\/www.demusculos.com\/ayuda\/wp-content\/uploads\/2024\/01\/gainer-nitro-gain.png","type":"","width":"","height":""}],"twitter_card":"summary_large_image","twitter_site":"@demusculos","twitter_misc":{"Tiempo de lectura":"3 minutos"},"schema":{"@context":"https:\/\/schema.org","@graph":[{"@type":"WebPage","@id":"https:\/\/www.demusculos.com\/ayuda\/objetivos\/aumento-muscular\/ganadores-de-masa-muscular\/","url":"https:\/\/www.demusculos.com\/ayuda\/objetivos\/aumento-muscular\/ganadores-de-masa-muscular\/","name":"Ganadores de masa muscular | DeMusculos.com | AYUDA","isPartOf":{"@id":"https:\/\/www.demusculos.com\/ayuda\/#website"},"primaryImageOfPage":{"@id":"https:\/\/www.demusculos.com\/ayuda\/objetivos\/aumento-muscular\/ganadores-de-masa-muscular\/#primaryimage"},"image":{"@id":"https:\/\/www.demusculos.com\/ayuda\/objetivos\/aumento-muscular\/ganadores-de-masa-muscular\/#primaryimage"},"thumbnailUrl":"https:\/\/www.demusculos.com\/ayuda\/wp-content\/uploads\/2024\/01\/gainer-nitro-gain.png","datePublished":"2015-03-10T12:00:42+00:00","dateModified":"2024-05-23T02:35:13+00:00","breadcrumb":{"@id":"https:\/\/www.demusculos.com\/ayuda\/objetivos\/aumento-muscular\/ganadores-de-masa-muscular\/#breadcrumb"},"inLanguage":"es","potentialAction":[{"@type":"ReadAction","target":["https:\/\/www.demusculos.com\/ayuda\/objetivos\/aumento-muscular\/ganadores-de-masa-muscular\/"]}]},{"@type":"ImageObject","inLanguage":"es","@id":"https:\/\/www.demusculos.com\/ayuda\/objetivos\/aumento-muscular\/ganadores-de-masa-muscular\/#primaryimage","url":"https:\/\/www.demusculos.com\/ayuda\/wp-content\/uploads\/2024\/01\/gainer-nitro-gain.png","contentUrl":"https:\/\/www.demusculos.com\/ayuda\/wp-content\/uploads\/2024\/01\/gainer-nitro-gain.png","width":300,"height":300},{"@type":"BreadcrumbList","@id":"https:\/\/www.demusculos.com\/ayuda\/objetivos\/aumento-muscular\/ganadores-de-masa-muscular\/#breadcrumb","itemListElement":[{"@type":"ListItem","position":1,"name":"Portada","item":"https:\/\/www.demusculos.com\/ayuda\/"},{"@type":"ListItem","position":2,"name":"\u00bfCu\u00e1l es tu objetivo?","item":"https:\/\/www.demusculos.com\/ayuda\/objetivos\/"},{"@type":"ListItem","position":3,"name":"Aumento muscular","item":"https:\/\/www.demusculos.com\/ayuda\/objetivos\/aumento-muscular\/"},{"@type":"ListItem","position":4,"name":"Ganadores de masa muscular"}]},{"@type":"WebSite","@id":"https:\/\/www.demusculos.com\/ayuda\/#website","url":"https:\/\/www.demusculos.com\/ayuda\/","name":"DeMusculos.com | AYUDA","description":"Suplementos Naturales, Accesorios, Indumentaria","publisher":{"@id":"https:\/\/www.demusculos.com\/ayuda\/#organization"},"alternateName":"Suplementos Natuarles","potentialAction":[{"@type":"SearchAction","target":{"@type":"EntryPoint","urlTemplate":"https:\/\/www.demusculos.com\/ayuda\/?s={search_term_string}"},"query-input":{"@type":"PropertyValueSpecification","valueRequired":true,"valueName":"search_term_string"}}],"inLanguage":"es"},{"@type":"Organization","@id":"https:\/\/www.demusculos.com\/ayuda\/#organization","name":"DeMusculos.com | AYUDA","url":"https:\/\/www.demusculos.com\/ayuda\/","logo":{"@type":"ImageObject","inLanguage":"es","@id":"https:\/\/www.demusculos.com\/ayuda\/#\/schema\/logo\/image\/","url":"https:\/\/www.demusculos.com\/ayuda\/wp-content\/uploads\/2024\/01\/logo-demusculos-prestashop-usuario.png","contentUrl":"https:\/\/www.demusculos.com\/ayuda\/wp-content\/uploads\/2024\/01\/logo-demusculos-prestashop-usuario.png","width":150,"height":150,"caption":"DeMusculos.com | AYUDA"},"image":{"@id":"https:\/\/www.demusculos.com\/ayuda\/#\/schema\/logo\/image\/"},"sameAs":["https:\/\/www.facebook.com\/demusculos","https:\/\/x.com\/demusculos","https:\/\/www.tiktok.com\/@demusculos.com"]}]}},"_links":{"self":[{"href":"https:\/\/www.demusculos.com\/ayuda\/wp-json\/wp\/v2\/pages\/319","targetHints":{"allow":["GET"]}}],"collection":[{"href":"https:\/\/www.demusculos.com\/ayuda\/wp-json\/wp\/v2\/pages"}],"about":[{"href":"https:\/\/www.demusculos.com\/ayuda\/wp-json\/wp\/v2\/types\/page"}],"author":[{"embeddable":true,"href":"https:\/\/www.demusculos.com\/ayuda\/wp-json\/wp\/v2\/users\/1"}],"replies":[{"embeddable":true,"href":"https:\/\/www.demusculos.com\/ayuda\/wp-json\/wp\/v2\/comments?post=319"}],"version-history":[{"count":0,"href":"https:\/\/www.demusculos.com\/ayuda\/wp-json\/wp\/v2\/pages\/319\/revisions"}],"up":[{"embeddable":true,"href":"https:\/\/www.demusculos.com\/ayuda\/wp-json\/wp\/v2\/pages\/189"}],"wp:attachment":[{"href":"https:\/\/www.demusculos.com\/ayuda\/wp-json\/wp\/v2\/media?parent=319"}],"curies":[{"name":"wp","href":"https:\/\/api.w.org\/{rel}","templated":true}]}}