{"id":4555,"date":"2025-12-13T16:21:14","date_gmt":"2025-12-13T16:21:14","guid":{"rendered":"https:\/\/www.demusculos.com\/ayuda\/?page_id=4555"},"modified":"2025-12-13T19:27:45","modified_gmt":"2025-12-13T19:27:45","slug":"envio-a-domicilio","status":"publish","type":"page","link":"https:\/\/www.demusculos.com\/ayuda\/envio-a-domicilio\/","title":{"rendered":"Env\u00edo a domicilio&#8230;"},"content":{"rendered":"\n<p class=\"has-accent-3-color has-text-color has-link-color wp-elements-882b7513eb891994091f110963059081\"><strong>Es muy importante que leas el siguiente texto:<\/strong><\/p>\n\n\n\n<p>\ud83d\udce6 <strong>Env\u00edos con Correo Argentino<\/strong><\/p>\n\n\n\n<p>Trabajamos con <strong>Correo Argentino<\/strong> para que tu pedido llegue de forma segura a todo el pa\u00eds.<\/p>\n\n\n\n<p>Si elegiste la opci\u00f3n <strong>\u201cEnv\u00edo a domicilio\u201d<\/strong>, un cartero pasar\u00e1 por tu casa. Es importante que <strong>haya alguien presente<\/strong> para poder recibir el paquete, ya que el correo realiza <strong>solo dos intentos de entrega<\/strong>.<\/p>\n\n\n\n<figure class=\"wp-block-image size-full\"><a href=\"https:\/\/www.demusculos.com\/ayuda\/cliente\/seguimiento-web\/\"><img loading=\"lazy\" decoding=\"async\" width=\"600\" height=\"140\" src=\"https:\/\/www.demusculos.com\/ayuda\/wp-content\/uploads\/2025\/12\/seguimiento-donde-esta-mi-pedido.webp\" alt=\"\" class=\"wp-image-4505\" srcset=\"https:\/\/www.demusculos.com\/ayuda\/wp-content\/uploads\/2025\/12\/seguimiento-donde-esta-mi-pedido.webp 600w, https:\/\/www.demusculos.com\/ayuda\/wp-content\/uploads\/2025\/12\/seguimiento-donde-esta-mi-pedido-300x70.webp 300w\" sizes=\"auto, (max-width: 600px) 100vw, 600px\" \/><\/a><\/figure>\n\n\n\n<hr class=\"wp-block-separator has-alpha-channel-opacity\"\/>\n\n\n\n<p>\u23f3 <strong>\u00bfCu\u00e1nto demora un env\u00edo?<\/strong><\/p>\n\n\n\n<p>El tiempo de entrega depende de la <strong>distancia<\/strong> entre nuestro dep\u00f3sito y tu direcci\u00f3n.<\/p>\n\n\n\n<p>No es lo mismo enviar un pedido de <strong>Buenos Aires a Mar del Plata<\/strong> que de <strong>Buenos Aires a Jujuy<\/strong>.<\/p>\n\n\n\n<p>Si realiz\u00e1s tu compra un <strong>s\u00e1bado<\/strong>, ten\u00e9 en cuenta que <strong>el pedido se arma reci\u00e9n el lunes<\/strong> y <strong>se despacha el martes<\/strong>.<\/p>\n\n\n\n<p>En muchos casos las demoras no se deben al env\u00edo en s\u00ed, sino a factores externos: <strong>feriados, fines de semana, paros o d\u00edas puente<\/strong>.<br>Sabemos que la <strong>ansiedad por recibir la compra<\/strong> es grande, pero queremos que sepas que <strong>tu pedido est\u00e1 en camino<\/strong> y siempre llega.<\/p>\n\n\n\n<figure class=\"wp-block-image size-full\"><a href=\"https:\/\/www.demusculos.com\/ayuda\/wp-content\/uploads\/2025\/12\/dias-correo.webp\"><img loading=\"lazy\" decoding=\"async\" width=\"650\" height=\"800\" src=\"https:\/\/www.demusculos.com\/ayuda\/wp-content\/uploads\/2025\/12\/dias-correo.webp\" alt=\"\" class=\"wp-image-4592\" srcset=\"https:\/\/www.demusculos.com\/ayuda\/wp-content\/uploads\/2025\/12\/dias-correo.webp 650w, https:\/\/www.demusculos.com\/ayuda\/wp-content\/uploads\/2025\/12\/dias-correo-244x300.webp 244w\" sizes=\"auto, (max-width: 650px) 100vw, 650px\" \/><\/a><\/figure>\n\n\n\n<p>&lt; <a href=\"https:\/\/www.demusculos.com\/ayuda\/envio\/\">Regresar<\/a><\/p>\n","protected":false},"excerpt":{"rendered":"<p>Es muy importante que leas el siguiente texto: \ud83d\udce6 Env\u00edos con Correo Argentino Trabajamos con Correo Argentino para que tu pedido llegue de forma segura a todo el pa\u00eds. Si elegiste la opci\u00f3n \u201cEnv\u00edo a domicilio\u201d, un cartero pasar\u00e1 por tu casa. Es importante que haya alguien presente para poder recibir el paquete, ya que [&hellip;]<\/p>\n","protected":false},"author":1,"featured_media":0,"parent":0,"menu_order":0,"comment_status":"closed","ping_status":"closed","template":"","meta":{"footnotes":""},"class_list":["post-4555","page","type-page","status-publish","hentry"],"yoast_head":"<!-- This site is optimized with the Yoast SEO plugin v27.4 - https:\/\/yoast.com\/product\/yoast-seo-wordpress\/ -->\n<title>Env\u00edo a domicilio... | DeMusculos.com | AYUDA<\/title>\n<meta name=\"robots\" content=\"index, follow, max-snippet:-1, max-image-preview:large, max-video-preview:-1\" \/>\n<link rel=\"canonical\" href=\"https:\/\/www.demusculos.com\/ayuda\/envio-a-domicilio\/\" \/>\n<meta property=\"og:locale\" content=\"es_ES\" \/>\n<meta property=\"og:type\" content=\"article\" \/>\n<meta property=\"og:title\" content=\"Env\u00edo a domicilio... | DeMusculos.com | AYUDA\" \/>\n<meta property=\"og:description\" content=\"Es muy importante que leas el siguiente texto: \ud83d\udce6 Env\u00edos con Correo Argentino Trabajamos con Correo Argentino para que tu pedido llegue de forma segura a todo el pa\u00eds. Si elegiste la opci\u00f3n \u201cEnv\u00edo a domicilio\u201d, un cartero pasar\u00e1 por tu casa. Es importante que haya alguien presente para poder recibir el paquete, ya que [&hellip;]\" \/>\n<meta property=\"og:url\" content=\"https:\/\/www.demusculos.com\/ayuda\/envio-a-domicilio\/\" \/>\n<meta property=\"og:site_name\" content=\"DeMusculos.com | AYUDA\" \/>\n<meta property=\"article:publisher\" content=\"https:\/\/www.facebook.com\/demusculos\" \/>\n<meta property=\"article:modified_time\" content=\"2025-12-13T19:27:45+00:00\" \/>\n<meta property=\"og:image\" content=\"https:\/\/www.demusculos.com\/ayuda\/wp-content\/uploads\/2025\/12\/seguimiento-donde-esta-mi-pedido.webp\" \/>\n\t<meta property=\"og:image:width\" content=\"600\" \/>\n\t<meta property=\"og:image:height\" content=\"140\" \/>\n\t<meta property=\"og:image:type\" content=\"image\/webp\" \/>\n<meta name=\"twitter:card\" content=\"summary_large_image\" \/>\n<meta name=\"twitter:site\" content=\"@demusculos\" \/>\n<meta name=\"twitter:label1\" content=\"Tiempo de lectura\" \/>\n\t<meta name=\"twitter:data1\" content=\"2 minutos\" \/>\n<script type=\"application\/ld+json\" class=\"yoast-schema-graph\">{\"@context\":\"https:\\\/\\\/schema.org\",\"@graph\":[{\"@type\":\"WebPage\",\"@id\":\"https:\\\/\\\/www.demusculos.com\\\/ayuda\\\/envio-a-domicilio\\\/\",\"url\":\"https:\\\/\\\/www.demusculos.com\\\/ayuda\\\/envio-a-domicilio\\\/\",\"name\":\"Env\u00edo a domicilio... | DeMusculos.com | AYUDA\",\"isPartOf\":{\"@id\":\"https:\\\/\\\/www.demusculos.com\\\/ayuda\\\/#website\"},\"primaryImageOfPage\":{\"@id\":\"https:\\\/\\\/www.demusculos.com\\\/ayuda\\\/envio-a-domicilio\\\/#primaryimage\"},\"image\":{\"@id\":\"https:\\\/\\\/www.demusculos.com\\\/ayuda\\\/envio-a-domicilio\\\/#primaryimage\"},\"thumbnailUrl\":\"https:\\\/\\\/www.demusculos.com\\\/ayuda\\\/wp-content\\\/uploads\\\/2025\\\/12\\\/seguimiento-donde-esta-mi-pedido.webp\",\"datePublished\":\"2025-12-13T16:21:14+00:00\",\"dateModified\":\"2025-12-13T19:27:45+00:00\",\"breadcrumb\":{\"@id\":\"https:\\\/\\\/www.demusculos.com\\\/ayuda\\\/envio-a-domicilio\\\/#breadcrumb\"},\"inLanguage\":\"es\",\"potentialAction\":[{\"@type\":\"ReadAction\",\"target\":[\"https:\\\/\\\/www.demusculos.com\\\/ayuda\\\/envio-a-domicilio\\\/\"]}]},{\"@type\":\"ImageObject\",\"inLanguage\":\"es\",\"@id\":\"https:\\\/\\\/www.demusculos.com\\\/ayuda\\\/envio-a-domicilio\\\/#primaryimage\",\"url\":\"https:\\\/\\\/www.demusculos.com\\\/ayuda\\\/wp-content\\\/uploads\\\/2025\\\/12\\\/seguimiento-donde-esta-mi-pedido.webp\",\"contentUrl\":\"https:\\\/\\\/www.demusculos.com\\\/ayuda\\\/wp-content\\\/uploads\\\/2025\\\/12\\\/seguimiento-donde-esta-mi-pedido.webp\",\"width\":600,\"height\":140},{\"@type\":\"BreadcrumbList\",\"@id\":\"https:\\\/\\\/www.demusculos.com\\\/ayuda\\\/envio-a-domicilio\\\/#breadcrumb\",\"itemListElement\":[{\"@type\":\"ListItem\",\"position\":1,\"name\":\"Portada\",\"item\":\"https:\\\/\\\/www.demusculos.com\\\/ayuda\\\/\"},{\"@type\":\"ListItem\",\"position\":2,\"name\":\"Env\u00edo a domicilio&#8230;\"}]},{\"@type\":\"WebSite\",\"@id\":\"https:\\\/\\\/www.demusculos.com\\\/ayuda\\\/#website\",\"url\":\"https:\\\/\\\/www.demusculos.com\\\/ayuda\\\/\",\"name\":\"DeMusculos.com | AYUDA\",\"description\":\"Suplementos Naturales, Accesorios, Indumentaria\",\"publisher\":{\"@id\":\"https:\\\/\\\/www.demusculos.com\\\/ayuda\\\/#organization\"},\"alternateName\":\"Suplementos Natuarles\",\"potentialAction\":[{\"@type\":\"SearchAction\",\"target\":{\"@type\":\"EntryPoint\",\"urlTemplate\":\"https:\\\/\\\/www.demusculos.com\\\/ayuda\\\/?s={search_term_string}\"},\"query-input\":{\"@type\":\"PropertyValueSpecification\",\"valueRequired\":true,\"valueName\":\"search_term_string\"}}],\"inLanguage\":\"es\"},{\"@type\":\"Organization\",\"@id\":\"https:\\\/\\\/www.demusculos.com\\\/ayuda\\\/#organization\",\"name\":\"DeMusculos.com | AYUDA\",\"url\":\"https:\\\/\\\/www.demusculos.com\\\/ayuda\\\/\",\"logo\":{\"@type\":\"ImageObject\",\"inLanguage\":\"es\",\"@id\":\"https:\\\/\\\/www.demusculos.com\\\/ayuda\\\/#\\\/schema\\\/logo\\\/image\\\/\",\"url\":\"https:\\\/\\\/www.demusculos.com\\\/ayuda\\\/wp-content\\\/uploads\\\/2024\\\/01\\\/logo-demusculos-prestashop-usuario.png\",\"contentUrl\":\"https:\\\/\\\/www.demusculos.com\\\/ayuda\\\/wp-content\\\/uploads\\\/2024\\\/01\\\/logo-demusculos-prestashop-usuario.png\",\"width\":150,\"height\":150,\"caption\":\"DeMusculos.com | AYUDA\"},\"image\":{\"@id\":\"https:\\\/\\\/www.demusculos.com\\\/ayuda\\\/#\\\/schema\\\/logo\\\/image\\\/\"},\"sameAs\":[\"https:\\\/\\\/www.facebook.com\\\/demusculos\",\"https:\\\/\\\/x.com\\\/demusculos\",\"https:\\\/\\\/www.tiktok.com\\\/@demusculos.com\"]}]}<\/script>\n<!-- \/ Yoast SEO plugin. -->","yoast_head_json":{"title":"Env\u00edo a domicilio... | DeMusculos.com | AYUDA","robots":{"index":"index","follow":"follow","max-snippet":"max-snippet:-1","max-image-preview":"max-image-preview:large","max-video-preview":"max-video-preview:-1"},"canonical":"https:\/\/www.demusculos.com\/ayuda\/envio-a-domicilio\/","og_locale":"es_ES","og_type":"article","og_title":"Env\u00edo a domicilio... | DeMusculos.com | AYUDA","og_description":"Es muy importante que leas el siguiente texto: \ud83d\udce6 Env\u00edos con Correo Argentino Trabajamos con Correo Argentino para que tu pedido llegue de forma segura a todo el pa\u00eds. Si elegiste la opci\u00f3n \u201cEnv\u00edo a domicilio\u201d, un cartero pasar\u00e1 por tu casa. Es importante que haya alguien presente para poder recibir el paquete, ya que [&hellip;]","og_url":"https:\/\/www.demusculos.com\/ayuda\/envio-a-domicilio\/","og_site_name":"DeMusculos.com | AYUDA","article_publisher":"https:\/\/www.facebook.com\/demusculos","article_modified_time":"2025-12-13T19:27:45+00:00","og_image":[{"width":600,"height":140,"url":"https:\/\/www.demusculos.com\/ayuda\/wp-content\/uploads\/2025\/12\/seguimiento-donde-esta-mi-pedido.webp","type":"image\/webp"}],"twitter_card":"summary_large_image","twitter_site":"@demusculos","twitter_misc":{"Tiempo de lectura":"2 minutos"},"schema":{"@context":"https:\/\/schema.org","@graph":[{"@type":"WebPage","@id":"https:\/\/www.demusculos.com\/ayuda\/envio-a-domicilio\/","url":"https:\/\/www.demusculos.com\/ayuda\/envio-a-domicilio\/","name":"Env\u00edo a domicilio... | DeMusculos.com | AYUDA","isPartOf":{"@id":"https:\/\/www.demusculos.com\/ayuda\/#website"},"primaryImageOfPage":{"@id":"https:\/\/www.demusculos.com\/ayuda\/envio-a-domicilio\/#primaryimage"},"image":{"@id":"https:\/\/www.demusculos.com\/ayuda\/envio-a-domicilio\/#primaryimage"},"thumbnailUrl":"https:\/\/www.demusculos.com\/ayuda\/wp-content\/uploads\/2025\/12\/seguimiento-donde-esta-mi-pedido.webp","datePublished":"2025-12-13T16:21:14+00:00","dateModified":"2025-12-13T19:27:45+00:00","breadcrumb":{"@id":"https:\/\/www.demusculos.com\/ayuda\/envio-a-domicilio\/#breadcrumb"},"inLanguage":"es","potentialAction":[{"@type":"ReadAction","target":["https:\/\/www.demusculos.com\/ayuda\/envio-a-domicilio\/"]}]},{"@type":"ImageObject","inLanguage":"es","@id":"https:\/\/www.demusculos.com\/ayuda\/envio-a-domicilio\/#primaryimage","url":"https:\/\/www.demusculos.com\/ayuda\/wp-content\/uploads\/2025\/12\/seguimiento-donde-esta-mi-pedido.webp","contentUrl":"https:\/\/www.demusculos.com\/ayuda\/wp-content\/uploads\/2025\/12\/seguimiento-donde-esta-mi-pedido.webp","width":600,"height":140},{"@type":"BreadcrumbList","@id":"https:\/\/www.demusculos.com\/ayuda\/envio-a-domicilio\/#breadcrumb","itemListElement":[{"@type":"ListItem","position":1,"name":"Portada","item":"https:\/\/www.demusculos.com\/ayuda\/"},{"@type":"ListItem","position":2,"name":"Env\u00edo a domicilio&#8230;"}]},{"@type":"WebSite","@id":"https:\/\/www.demusculos.com\/ayuda\/#website","url":"https:\/\/www.demusculos.com\/ayuda\/","name":"DeMusculos.com | AYUDA","description":"Suplementos Naturales, Accesorios, Indumentaria","publisher":{"@id":"https:\/\/www.demusculos.com\/ayuda\/#organization"},"alternateName":"Suplementos Natuarles","potentialAction":[{"@type":"SearchAction","target":{"@type":"EntryPoint","urlTemplate":"https:\/\/www.demusculos.com\/ayuda\/?s={search_term_string}"},"query-input":{"@type":"PropertyValueSpecification","valueRequired":true,"valueName":"search_term_string"}}],"inLanguage":"es"},{"@type":"Organization","@id":"https:\/\/www.demusculos.com\/ayuda\/#organization","name":"DeMusculos.com | AYUDA","url":"https:\/\/www.demusculos.com\/ayuda\/","logo":{"@type":"ImageObject","inLanguage":"es","@id":"https:\/\/www.demusculos.com\/ayuda\/#\/schema\/logo\/image\/","url":"https:\/\/www.demusculos.com\/ayuda\/wp-content\/uploads\/2024\/01\/logo-demusculos-prestashop-usuario.png","contentUrl":"https:\/\/www.demusculos.com\/ayuda\/wp-content\/uploads\/2024\/01\/logo-demusculos-prestashop-usuario.png","width":150,"height":150,"caption":"DeMusculos.com | AYUDA"},"image":{"@id":"https:\/\/www.demusculos.com\/ayuda\/#\/schema\/logo\/image\/"},"sameAs":["https:\/\/www.facebook.com\/demusculos","https:\/\/x.com\/demusculos","https:\/\/www.tiktok.com\/@demusculos.com"]}]}},"_links":{"self":[{"href":"https:\/\/www.demusculos.com\/ayuda\/wp-json\/wp\/v2\/pages\/4555","targetHints":{"allow":["GET"]}}],"collection":[{"href":"https:\/\/www.demusculos.com\/ayuda\/wp-json\/wp\/v2\/pages"}],"about":[{"href":"https:\/\/www.demusculos.com\/ayuda\/wp-json\/wp\/v2\/types\/page"}],"author":[{"embeddable":true,"href":"https:\/\/www.demusculos.com\/ayuda\/wp-json\/wp\/v2\/users\/1"}],"replies":[{"embeddable":true,"href":"https:\/\/www.demusculos.com\/ayuda\/wp-json\/wp\/v2\/comments?post=4555"}],"version-history":[{"count":7,"href":"https:\/\/www.demusculos.com\/ayuda\/wp-json\/wp\/v2\/pages\/4555\/revisions"}],"predecessor-version":[{"id":4598,"href":"https:\/\/www.demusculos.com\/ayuda\/wp-json\/wp\/v2\/pages\/4555\/revisions\/4598"}],"wp:attachment":[{"href":"https:\/\/www.demusculos.com\/ayuda\/wp-json\/wp\/v2\/media?parent=4555"}],"curies":[{"name":"wp","href":"https:\/\/api.w.org\/{rel}","templated":true}]}}