{"id":4557,"date":"2025-12-13T16:21:55","date_gmt":"2025-12-13T16:21:55","guid":{"rendered":"https:\/\/www.demusculos.com\/ayuda\/?page_id=4557"},"modified":"2025-12-13T17:59:04","modified_gmt":"2025-12-13T17:59:04","slug":"sucursal-de-correo","status":"publish","type":"page","link":"https:\/\/www.demusculos.com\/ayuda\/sucursal-de-correo\/","title":{"rendered":"Sucursal de correo&#8230;"},"content":{"rendered":"\n<p class=\"has-accent-3-color has-text-color has-link-color wp-elements-606057fe53ad37f74b477d9cb77cce7c\"><strong>Es importante que leas el siguiente texto:<\/strong><\/p>\n\n\n\n<p>\ud83d\udce6 <strong>Env\u00edos con Correo Argentino<\/strong><\/p>\n\n\n\n<p>Trabajamos con <strong>Correo Argentino<\/strong> porque es <strong>el servicio de mensajer\u00eda m\u00e1s grande del pa\u00eds<\/strong>.<\/p>\n\n\n\n<p>Mientras otras empresas cuentan con menos de <strong>400 sucursales<\/strong>, Correo Argentino dispone de <strong>m\u00e1s de 1.500 puntos de entrega en todo el territorio nacional<\/strong>, lo que garantiza <strong>mayor cobertura, seguridad y rapidez<\/strong> para que tu pedido llegue sin problemas, est\u00e9s donde est\u00e9s.<\/p>\n\n\n\n<figure class=\"wp-block-image size-full\"><a href=\"https:\/\/www.demusculos.com\/ayuda\/cliente\/seguimiento-web\/\"><img loading=\"lazy\" decoding=\"async\" width=\"600\" height=\"140\" src=\"https:\/\/www.demusculos.com\/ayuda\/wp-content\/uploads\/2025\/12\/seguimiento-donde-esta-mi-pedido.webp\" alt=\"\" class=\"wp-image-4505\" srcset=\"https:\/\/www.demusculos.com\/ayuda\/wp-content\/uploads\/2025\/12\/seguimiento-donde-esta-mi-pedido.webp 600w, https:\/\/www.demusculos.com\/ayuda\/wp-content\/uploads\/2025\/12\/seguimiento-donde-esta-mi-pedido-300x70.webp 300w\" sizes=\"auto, (max-width: 600px) 100vw, 600px\" \/><\/a><\/figure>\n\n\n\n<hr class=\"wp-block-separator has-alpha-channel-opacity\"\/>\n\n\n\n<p>\u23f3 <strong>\u00bfCu\u00e1nto demora un env\u00edo?<\/strong><\/p>\n\n\n\n<p>El tiempo de entrega depende de la <strong>distancia<\/strong> entre nuestro dep\u00f3sito y tu direcci\u00f3n. <\/p>\n\n\n\n<p>No es lo mismo enviar un pedido de <strong>Buenos Aires a Mar del Plata<\/strong> que de <strong>Buenos Aires a Jujuy<\/strong>.<\/p>\n\n\n\n<p>Si realiz\u00e1s tu compra un <strong>s\u00e1bado<\/strong>, ten\u00e9 en cuenta que <strong>el pedido se arma reci\u00e9n el lunes<\/strong> y <strong>se despacha el martes<\/strong>.<\/p>\n\n\n\n<p>En muchos casos las demoras no se deben al env\u00edo en s\u00ed, sino a factores externos: <strong>feriados, fines de semana, paros o d\u00edas puente<\/strong>.<br>Sabemos que la <strong>ansiedad por recibir la compra<\/strong> es grande, pero queremos que sepas que <strong>tu pedido est\u00e1 en camino<\/strong> y siempre llega.<\/p>\n\n\n\n<figure class=\"wp-block-image size-full\"><a href=\"https:\/\/www.demusculos.com\/ayuda\/wp-content\/uploads\/2025\/12\/dias-correo.webp\"><img loading=\"lazy\" decoding=\"async\" width=\"650\" height=\"800\" src=\"https:\/\/www.demusculos.com\/ayuda\/wp-content\/uploads\/2025\/12\/dias-correo.webp\" alt=\"\" class=\"wp-image-4592\" srcset=\"https:\/\/www.demusculos.com\/ayuda\/wp-content\/uploads\/2025\/12\/dias-correo.webp 650w, https:\/\/www.demusculos.com\/ayuda\/wp-content\/uploads\/2025\/12\/dias-correo-244x300.webp 244w\" sizes=\"auto, (max-width: 650px) 100vw, 650px\" \/><\/a><\/figure>\n\n\n\n<p class=\"has-accent-3-color has-text-color has-link-color wp-elements-0ff5bc1fc0f1f8fe5ca42ea9f4af2c95\">&lt; <a href=\"https:\/\/www.demusculos.com\/ayuda\/envio\/\">Regresar<\/a><\/p>\n","protected":false},"excerpt":{"rendered":"<p>Es importante que leas el siguiente texto: \ud83d\udce6 Env\u00edos con Correo Argentino Trabajamos con Correo Argentino porque es el servicio de mensajer\u00eda m\u00e1s grande del pa\u00eds. Mientras otras empresas cuentan con menos de 400 sucursales, Correo Argentino dispone de m\u00e1s de 1.500 puntos de entrega en todo el territorio nacional, lo que garantiza mayor cobertura, [&hellip;]<\/p>\n","protected":false},"author":1,"featured_media":0,"parent":0,"menu_order":0,"comment_status":"closed","ping_status":"closed","template":"","meta":{"footnotes":""},"class_list":["post-4557","page","type-page","status-publish","hentry"],"yoast_head":"<!-- This site is optimized with the Yoast SEO plugin v27.4 - https:\/\/yoast.com\/product\/yoast-seo-wordpress\/ -->\n<title>Sucursal de correo... | DeMusculos.com | AYUDA<\/title>\n<meta name=\"robots\" content=\"index, follow, max-snippet:-1, max-image-preview:large, max-video-preview:-1\" \/>\n<link rel=\"canonical\" href=\"https:\/\/www.demusculos.com\/ayuda\/sucursal-de-correo\/\" \/>\n<meta property=\"og:locale\" content=\"es_ES\" \/>\n<meta property=\"og:type\" content=\"article\" \/>\n<meta property=\"og:title\" content=\"Sucursal de correo... | DeMusculos.com | AYUDA\" \/>\n<meta property=\"og:description\" content=\"Es importante que leas el siguiente texto: \ud83d\udce6 Env\u00edos con Correo Argentino Trabajamos con Correo Argentino porque es el servicio de mensajer\u00eda m\u00e1s grande del pa\u00eds. Mientras otras empresas cuentan con menos de 400 sucursales, Correo Argentino dispone de m\u00e1s de 1.500 puntos de entrega en todo el territorio nacional, lo que garantiza mayor cobertura, [&hellip;]\" \/>\n<meta property=\"og:url\" content=\"https:\/\/www.demusculos.com\/ayuda\/sucursal-de-correo\/\" \/>\n<meta property=\"og:site_name\" content=\"DeMusculos.com | AYUDA\" \/>\n<meta property=\"article:publisher\" content=\"https:\/\/www.facebook.com\/demusculos\" \/>\n<meta property=\"article:modified_time\" content=\"2025-12-13T17:59:04+00:00\" \/>\n<meta property=\"og:image\" content=\"https:\/\/www.demusculos.com\/ayuda\/wp-content\/uploads\/2025\/12\/seguimiento-donde-esta-mi-pedido.webp\" \/>\n\t<meta property=\"og:image:width\" content=\"600\" \/>\n\t<meta property=\"og:image:height\" content=\"140\" \/>\n\t<meta property=\"og:image:type\" content=\"image\/webp\" \/>\n<meta name=\"twitter:card\" content=\"summary_large_image\" \/>\n<meta name=\"twitter:site\" content=\"@demusculos\" \/>\n<meta name=\"twitter:label1\" content=\"Tiempo de lectura\" \/>\n\t<meta name=\"twitter:data1\" content=\"2 minutos\" \/>\n<script type=\"application\/ld+json\" class=\"yoast-schema-graph\">{\"@context\":\"https:\\\/\\\/schema.org\",\"@graph\":[{\"@type\":\"WebPage\",\"@id\":\"https:\\\/\\\/www.demusculos.com\\\/ayuda\\\/sucursal-de-correo\\\/\",\"url\":\"https:\\\/\\\/www.demusculos.com\\\/ayuda\\\/sucursal-de-correo\\\/\",\"name\":\"Sucursal de correo... | DeMusculos.com | AYUDA\",\"isPartOf\":{\"@id\":\"https:\\\/\\\/www.demusculos.com\\\/ayuda\\\/#website\"},\"primaryImageOfPage\":{\"@id\":\"https:\\\/\\\/www.demusculos.com\\\/ayuda\\\/sucursal-de-correo\\\/#primaryimage\"},\"image\":{\"@id\":\"https:\\\/\\\/www.demusculos.com\\\/ayuda\\\/sucursal-de-correo\\\/#primaryimage\"},\"thumbnailUrl\":\"https:\\\/\\\/www.demusculos.com\\\/ayuda\\\/wp-content\\\/uploads\\\/2025\\\/12\\\/seguimiento-donde-esta-mi-pedido.webp\",\"datePublished\":\"2025-12-13T16:21:55+00:00\",\"dateModified\":\"2025-12-13T17:59:04+00:00\",\"breadcrumb\":{\"@id\":\"https:\\\/\\\/www.demusculos.com\\\/ayuda\\\/sucursal-de-correo\\\/#breadcrumb\"},\"inLanguage\":\"es\",\"potentialAction\":[{\"@type\":\"ReadAction\",\"target\":[\"https:\\\/\\\/www.demusculos.com\\\/ayuda\\\/sucursal-de-correo\\\/\"]}]},{\"@type\":\"ImageObject\",\"inLanguage\":\"es\",\"@id\":\"https:\\\/\\\/www.demusculos.com\\\/ayuda\\\/sucursal-de-correo\\\/#primaryimage\",\"url\":\"https:\\\/\\\/www.demusculos.com\\\/ayuda\\\/wp-content\\\/uploads\\\/2025\\\/12\\\/seguimiento-donde-esta-mi-pedido.webp\",\"contentUrl\":\"https:\\\/\\\/www.demusculos.com\\\/ayuda\\\/wp-content\\\/uploads\\\/2025\\\/12\\\/seguimiento-donde-esta-mi-pedido.webp\",\"width\":600,\"height\":140},{\"@type\":\"BreadcrumbList\",\"@id\":\"https:\\\/\\\/www.demusculos.com\\\/ayuda\\\/sucursal-de-correo\\\/#breadcrumb\",\"itemListElement\":[{\"@type\":\"ListItem\",\"position\":1,\"name\":\"Portada\",\"item\":\"https:\\\/\\\/www.demusculos.com\\\/ayuda\\\/\"},{\"@type\":\"ListItem\",\"position\":2,\"name\":\"Sucursal de correo&#8230;\"}]},{\"@type\":\"WebSite\",\"@id\":\"https:\\\/\\\/www.demusculos.com\\\/ayuda\\\/#website\",\"url\":\"https:\\\/\\\/www.demusculos.com\\\/ayuda\\\/\",\"name\":\"DeMusculos.com | AYUDA\",\"description\":\"Suplementos Naturales, Accesorios, Indumentaria\",\"publisher\":{\"@id\":\"https:\\\/\\\/www.demusculos.com\\\/ayuda\\\/#organization\"},\"alternateName\":\"Suplementos Natuarles\",\"potentialAction\":[{\"@type\":\"SearchAction\",\"target\":{\"@type\":\"EntryPoint\",\"urlTemplate\":\"https:\\\/\\\/www.demusculos.com\\\/ayuda\\\/?s={search_term_string}\"},\"query-input\":{\"@type\":\"PropertyValueSpecification\",\"valueRequired\":true,\"valueName\":\"search_term_string\"}}],\"inLanguage\":\"es\"},{\"@type\":\"Organization\",\"@id\":\"https:\\\/\\\/www.demusculos.com\\\/ayuda\\\/#organization\",\"name\":\"DeMusculos.com | AYUDA\",\"url\":\"https:\\\/\\\/www.demusculos.com\\\/ayuda\\\/\",\"logo\":{\"@type\":\"ImageObject\",\"inLanguage\":\"es\",\"@id\":\"https:\\\/\\\/www.demusculos.com\\\/ayuda\\\/#\\\/schema\\\/logo\\\/image\\\/\",\"url\":\"https:\\\/\\\/www.demusculos.com\\\/ayuda\\\/wp-content\\\/uploads\\\/2024\\\/01\\\/logo-demusculos-prestashop-usuario.png\",\"contentUrl\":\"https:\\\/\\\/www.demusculos.com\\\/ayuda\\\/wp-content\\\/uploads\\\/2024\\\/01\\\/logo-demusculos-prestashop-usuario.png\",\"width\":150,\"height\":150,\"caption\":\"DeMusculos.com | AYUDA\"},\"image\":{\"@id\":\"https:\\\/\\\/www.demusculos.com\\\/ayuda\\\/#\\\/schema\\\/logo\\\/image\\\/\"},\"sameAs\":[\"https:\\\/\\\/www.facebook.com\\\/demusculos\",\"https:\\\/\\\/x.com\\\/demusculos\",\"https:\\\/\\\/www.tiktok.com\\\/@demusculos.com\"]}]}<\/script>\n<!-- \/ Yoast SEO plugin. -->","yoast_head_json":{"title":"Sucursal de correo... | DeMusculos.com | AYUDA","robots":{"index":"index","follow":"follow","max-snippet":"max-snippet:-1","max-image-preview":"max-image-preview:large","max-video-preview":"max-video-preview:-1"},"canonical":"https:\/\/www.demusculos.com\/ayuda\/sucursal-de-correo\/","og_locale":"es_ES","og_type":"article","og_title":"Sucursal de correo... | DeMusculos.com | AYUDA","og_description":"Es importante que leas el siguiente texto: \ud83d\udce6 Env\u00edos con Correo Argentino Trabajamos con Correo Argentino porque es el servicio de mensajer\u00eda m\u00e1s grande del pa\u00eds. Mientras otras empresas cuentan con menos de 400 sucursales, Correo Argentino dispone de m\u00e1s de 1.500 puntos de entrega en todo el territorio nacional, lo que garantiza mayor cobertura, [&hellip;]","og_url":"https:\/\/www.demusculos.com\/ayuda\/sucursal-de-correo\/","og_site_name":"DeMusculos.com | AYUDA","article_publisher":"https:\/\/www.facebook.com\/demusculos","article_modified_time":"2025-12-13T17:59:04+00:00","og_image":[{"width":600,"height":140,"url":"https:\/\/www.demusculos.com\/ayuda\/wp-content\/uploads\/2025\/12\/seguimiento-donde-esta-mi-pedido.webp","type":"image\/webp"}],"twitter_card":"summary_large_image","twitter_site":"@demusculos","twitter_misc":{"Tiempo de lectura":"2 minutos"},"schema":{"@context":"https:\/\/schema.org","@graph":[{"@type":"WebPage","@id":"https:\/\/www.demusculos.com\/ayuda\/sucursal-de-correo\/","url":"https:\/\/www.demusculos.com\/ayuda\/sucursal-de-correo\/","name":"Sucursal de correo... | DeMusculos.com | AYUDA","isPartOf":{"@id":"https:\/\/www.demusculos.com\/ayuda\/#website"},"primaryImageOfPage":{"@id":"https:\/\/www.demusculos.com\/ayuda\/sucursal-de-correo\/#primaryimage"},"image":{"@id":"https:\/\/www.demusculos.com\/ayuda\/sucursal-de-correo\/#primaryimage"},"thumbnailUrl":"https:\/\/www.demusculos.com\/ayuda\/wp-content\/uploads\/2025\/12\/seguimiento-donde-esta-mi-pedido.webp","datePublished":"2025-12-13T16:21:55+00:00","dateModified":"2025-12-13T17:59:04+00:00","breadcrumb":{"@id":"https:\/\/www.demusculos.com\/ayuda\/sucursal-de-correo\/#breadcrumb"},"inLanguage":"es","potentialAction":[{"@type":"ReadAction","target":["https:\/\/www.demusculos.com\/ayuda\/sucursal-de-correo\/"]}]},{"@type":"ImageObject","inLanguage":"es","@id":"https:\/\/www.demusculos.com\/ayuda\/sucursal-de-correo\/#primaryimage","url":"https:\/\/www.demusculos.com\/ayuda\/wp-content\/uploads\/2025\/12\/seguimiento-donde-esta-mi-pedido.webp","contentUrl":"https:\/\/www.demusculos.com\/ayuda\/wp-content\/uploads\/2025\/12\/seguimiento-donde-esta-mi-pedido.webp","width":600,"height":140},{"@type":"BreadcrumbList","@id":"https:\/\/www.demusculos.com\/ayuda\/sucursal-de-correo\/#breadcrumb","itemListElement":[{"@type":"ListItem","position":1,"name":"Portada","item":"https:\/\/www.demusculos.com\/ayuda\/"},{"@type":"ListItem","position":2,"name":"Sucursal de correo&#8230;"}]},{"@type":"WebSite","@id":"https:\/\/www.demusculos.com\/ayuda\/#website","url":"https:\/\/www.demusculos.com\/ayuda\/","name":"DeMusculos.com | AYUDA","description":"Suplementos Naturales, Accesorios, Indumentaria","publisher":{"@id":"https:\/\/www.demusculos.com\/ayuda\/#organization"},"alternateName":"Suplementos Natuarles","potentialAction":[{"@type":"SearchAction","target":{"@type":"EntryPoint","urlTemplate":"https:\/\/www.demusculos.com\/ayuda\/?s={search_term_string}"},"query-input":{"@type":"PropertyValueSpecification","valueRequired":true,"valueName":"search_term_string"}}],"inLanguage":"es"},{"@type":"Organization","@id":"https:\/\/www.demusculos.com\/ayuda\/#organization","name":"DeMusculos.com | AYUDA","url":"https:\/\/www.demusculos.com\/ayuda\/","logo":{"@type":"ImageObject","inLanguage":"es","@id":"https:\/\/www.demusculos.com\/ayuda\/#\/schema\/logo\/image\/","url":"https:\/\/www.demusculos.com\/ayuda\/wp-content\/uploads\/2024\/01\/logo-demusculos-prestashop-usuario.png","contentUrl":"https:\/\/www.demusculos.com\/ayuda\/wp-content\/uploads\/2024\/01\/logo-demusculos-prestashop-usuario.png","width":150,"height":150,"caption":"DeMusculos.com | AYUDA"},"image":{"@id":"https:\/\/www.demusculos.com\/ayuda\/#\/schema\/logo\/image\/"},"sameAs":["https:\/\/www.facebook.com\/demusculos","https:\/\/x.com\/demusculos","https:\/\/www.tiktok.com\/@demusculos.com"]}]}},"_links":{"self":[{"href":"https:\/\/www.demusculos.com\/ayuda\/wp-json\/wp\/v2\/pages\/4557","targetHints":{"allow":["GET"]}}],"collection":[{"href":"https:\/\/www.demusculos.com\/ayuda\/wp-json\/wp\/v2\/pages"}],"about":[{"href":"https:\/\/www.demusculos.com\/ayuda\/wp-json\/wp\/v2\/types\/page"}],"author":[{"embeddable":true,"href":"https:\/\/www.demusculos.com\/ayuda\/wp-json\/wp\/v2\/users\/1"}],"replies":[{"embeddable":true,"href":"https:\/\/www.demusculos.com\/ayuda\/wp-json\/wp\/v2\/comments?post=4557"}],"version-history":[{"count":8,"href":"https:\/\/www.demusculos.com\/ayuda\/wp-json\/wp\/v2\/pages\/4557\/revisions"}],"predecessor-version":[{"id":4595,"href":"https:\/\/www.demusculos.com\/ayuda\/wp-json\/wp\/v2\/pages\/4557\/revisions\/4595"}],"wp:attachment":[{"href":"https:\/\/www.demusculos.com\/ayuda\/wp-json\/wp\/v2\/media?parent=4557"}],"curies":[{"name":"wp","href":"https:\/\/api.w.org\/{rel}","templated":true}]}}