{"id":4622,"date":"2025-12-14T01:38:16","date_gmt":"2025-12-14T01:38:16","guid":{"rendered":"https:\/\/www.demusculos.com\/ayuda\/?page_id=4622"},"modified":"2025-12-16T23:39:56","modified_gmt":"2025-12-16T23:39:56","slug":"problemas","status":"publish","type":"page","link":"https:\/\/www.demusculos.com\/ayuda\/problemas\/","title":{"rendered":"Problemas"},"content":{"rendered":"\n<p class=\"has-accent-3-color has-text-color has-link-color wp-elements-bac4999d8101d361a04bdbbd9b711cc3\"><strong>Elegir un tipo de problema&#8230;<\/strong><\/p>\n\n\n\n<h3 class=\"wp-block-heading\"><strong>1. Envase<\/strong><\/h3>\n\n\n\n<ul class=\"wp-block-list\">\n<li><a href=\"https:\/\/www.demusculos.com\/ayuda\/problemas\/me-llego-el-producto-abierto-o-semiabierto\/\">Me llego el producto abierto o semiabierto<\/a>.<\/li>\n\n\n\n<li><a href=\"https:\/\/www.demusculos.com\/ayuda\/problemas\/falta-de-sello-de-seguridad-interno\/\">Falta de sello de seguridad interno<\/a>.<\/li>\n\n\n\n<li><a href=\"https:\/\/www.demusculos.com\/ayuda\/problemas\/pote-o-tapa-de-color-diferente-al-publicado\/\">Pote o tapa de color diferente al publicado<\/a>.<\/li>\n\n\n\n<li><a href=\"https:\/\/www.demusculos.com\/ayuda\/problemas\/envase-abollado-o-deformado\/\">Envase pl\u00e1stico abollado o deformado<\/a>.<\/li>\n\n\n\n<li><a href=\"https:\/\/www.demusculos.com\/ayuda\/problemas\/bolsa-con-rajadura-o-pinchadura\/\">Bolsa con rajadura o pinchadura<\/a>.<\/li>\n\n\n\n<li><a href=\"https:\/\/www.demusculos.com\/ayuda\/problemas\/caja-danada-o-rota\/\">Caja da\u00f1ada o rota<\/a>.<\/li>\n\n\n\n<li><a href=\"https:\/\/www.demusculos.com\/ayuda\/problemas\/grieta-o-fisura-en-la-tapa\/\">Grieta o fisura en la tapa<\/a>.<\/li>\n\n\n\n<li><a href=\"https:\/\/www.demusculos.com\/ayuda\/problemas\/etiqueta-danada-despegada-o-ilegible\/\">Etiqueta da\u00f1ada, despegada o ilegible<\/a>.<\/li>\n<\/ul>\n\n\n\n<hr class=\"wp-block-separator has-alpha-channel-opacity\"\/>\n\n\n\n<h3 class=\"wp-block-heading\"><strong>2. Contenido<\/strong><\/h3>\n\n\n\n<ul class=\"wp-block-list\">\n<li><a href=\"https:\/\/www.demusculos.com\/ayuda\/problemas\/contenido-derramado-dentro-de-la-caja-o-bolsa\/\">Contenido derramado dentro de la caja o bolsa<\/a>.<\/li>\n\n\n\n<li><a href=\"https:\/\/www.demusculos.com\/ayuda\/problemas\/polvo-compactado-humedo-o-con-grumos\/\">Polvo compactado, h\u00famedo o con grumos<\/a>.<\/li>\n\n\n\n<li><a href=\"https:\/\/www.demusculos.com\/ayuda\/problemas\/tabletas-o-capsulas-humedas-rotas-o-pegadas\/\">Tabletas o c\u00e1psulas h\u00famedas, rotas o pegadas<\/a>.<\/li>\n\n\n\n<li><a href=\"https:\/\/www.demusculos.com\/ayuda\/problemas\/color-del-producto-diferente-al-habitual\/\">Color del producto diferente al habitual<\/a>.<\/li>\n\n\n\n<li><a href=\"https:\/\/www.demusculos.com\/ayuda\/problemas\/olor-intenso-o-desagradable\/\">Olor intenso o desagradable<\/a>.<\/li>\n\n\n\n<li><a href=\"https:\/\/www.demusculos.com\/ayuda\/problemas\/sabor-alterado-agrio-o-amargo-inusual\/\">Sabor alterado, agrio o amargo inusual<\/a>.<\/li>\n\n\n\n<li><a href=\"https:\/\/www.demusculos.com\/ayuda\/problemas\/textura-extrana-o-presencia-de-cuerpos-extranos-dentro-del-producto\/\">Textura extra\u00f1a o presencia de cuerpos extra\u00f1os dentro del producto<\/a>.<\/li>\n\n\n\n<li><a href=\"https:\/\/www.demusculos.com\/ayuda\/problemas\/dificultad-para-disolver-o-mezclar\/\">Dificultad para disolver o mezclar (en el caso de polvos)<\/a>.<\/li>\n<\/ul>\n\n\n\n<hr class=\"wp-block-separator has-alpha-channel-opacity\"\/>\n\n\n\n<h3 class=\"wp-block-heading\"><strong>3. Informaci\u00f3n<\/strong><\/h3>\n\n\n\n<ul class=\"wp-block-list\">\n<li><a href=\"https:\/\/www.demusculos.com\/ayuda\/problemas\/no-se-encuentra-la-fecha-de-vencimiento\/\">No se encuentra la fecha de vencimiento<\/a>.<\/li>\n\n\n\n<li><a href=\"https:\/\/www.demusculos.com\/ayuda\/problemas\/tiene-fecha-de-vencimiento-pero-esta-ilegible\/\">Tiene fecha de vencimiento pero esta ilegible<\/a>.<\/li>\n\n\n\n<li><a href=\"https:\/\/www.demusculos.com\/ayuda\/problemas\/producto-vencido\/\">Producto vencido<\/a>.<\/li>\n\n\n\n<li><a href=\"https:\/\/www.demusculos.com\/ayuda\/problemas\/lote-confuso-o-sin-identificar\/\">Lote confuso o sin identificar<\/a>.<\/li>\n\n\n\n<li><a href=\"https:\/\/www.demusculos.com\/ayuda\/problemas\/falta-de-informacion-nutricional-o-incompleta\/\">Falta de informaci\u00f3n nutricional o incompleta<\/a>.<\/li>\n\n\n\n<li><a href=\"https:\/\/www.demusculos.com\/ayuda\/problemas\/diferencia-entre-lo-declarado-en-la-etiqueta-y-lo-recibido\/\">Diferencia entre lo declarado en la etiqueta y lo recibido<\/a><\/li>\n<\/ul>\n\n\n\n<hr class=\"wp-block-separator has-alpha-channel-opacity\"\/>\n\n\n\n<h3 class=\"wp-block-heading\"><strong>4. Dise\u00f1o, cantidad y tama\u00f1o<\/strong><\/h3>\n\n\n\n<ul class=\"wp-block-list\">\n<li><a href=\"https:\/\/www.demusculos.com\/ayuda\/problemas\/pote-o-tapa-de-color-diferente-al-publicado\/\">Producto diferente a la imagen publicada<\/a>.<\/li>\n\n\n\n<li><a href=\"https:\/\/www.demusculos.com\/ayuda\/problemas\/cantidad-menor-a-la-indicada\/\">Cantidad menor a la indicada (por peso, volumen o unidades)<\/a>.<\/li>\n\n\n\n<li><a href=\"https:\/\/www.demusculos.com\/ayuda\/problemas\/faltan-accesorios\/\">Faltan accesorios (medidor, tapa interna, precinto)<\/a>.<\/li>\n\n\n\n<li><a href=\"https:\/\/www.demusculos.com\/ayuda\/problemas\/el-recipiente-no-esta-completamente-lleno\/\">El recipiente no esta completamente lleno<\/a>.<\/li>\n<\/ul>\n\n\n\n<hr class=\"wp-block-separator has-alpha-channel-opacity\"\/>\n\n\n\n<h3 class=\"wp-block-heading\"><strong>5. S\u00edntomas y m\u00e9todo de uso<\/strong><\/h3>\n\n\n\n<ul class=\"wp-block-list\">\n<li><a href=\"https:\/\/www.demusculos.com\/ayuda\/problemas\/efectos-fisicos-inesperados\/\">Efectos f\u00edsicos inesperados (mareo, malestar, picaz\u00f3n, etc)<\/a>.<\/li>\n\n\n\n<li><a href=\"https:\/\/www.demusculos.com\/ayuda\/problemas\/incompatibilidad-con-otras-tomas-o-suplementos\/\">Incompatibilidad con otras tomas o suplementos<\/a>.<\/li>\n<\/ul>\n\n\n\n<figure class=\"wp-block-image size-full\"><a href=\"https:\/\/www.demusculos.com\/ayuda\/problemas\/comentanos-tu-problema\/\"><img loading=\"lazy\" decoding=\"async\" width=\"600\" height=\"140\" src=\"https:\/\/www.demusculos.com\/ayuda\/wp-content\/uploads\/2025\/12\/comentanos.webp\" alt=\"\" class=\"wp-image-4723\" srcset=\"https:\/\/www.demusculos.com\/ayuda\/wp-content\/uploads\/2025\/12\/comentanos.webp 600w, https:\/\/www.demusculos.com\/ayuda\/wp-content\/uploads\/2025\/12\/comentanos-300x70.webp 300w\" sizes=\"auto, (max-width: 600px) 100vw, 600px\" \/><\/a><\/figure>\n\n\n\n<p>&lt; <a href=\"https:\/\/www.demusculos.com\/ayuda\/cliente\/por-donde-hiciste-la-compra\/\">Regresar<\/a><\/p>\n","protected":false},"excerpt":{"rendered":"<p>Elegir un tipo de problema&#8230; 1. Envase 2. Contenido 3. Informaci\u00f3n 4. Dise\u00f1o, cantidad y tama\u00f1o 5. S\u00edntomas y m\u00e9todo de uso &lt; Regresar<\/p>\n","protected":false},"author":1,"featured_media":0,"parent":0,"menu_order":0,"comment_status":"closed","ping_status":"closed","template":"","meta":{"footnotes":""},"class_list":["post-4622","page","type-page","status-publish","hentry"],"yoast_head":"<!-- This site is optimized with the Yoast SEO plugin v27.4 - https:\/\/yoast.com\/product\/yoast-seo-wordpress\/ -->\n<title>Problemas | DeMusculos.com | AYUDA<\/title>\n<meta name=\"robots\" content=\"index, follow, max-snippet:-1, max-image-preview:large, max-video-preview:-1\" \/>\n<link rel=\"canonical\" href=\"https:\/\/www.demusculos.com\/ayuda\/problemas\/\" \/>\n<meta property=\"og:locale\" content=\"es_ES\" \/>\n<meta property=\"og:type\" content=\"article\" \/>\n<meta property=\"og:title\" content=\"Problemas | DeMusculos.com | AYUDA\" \/>\n<meta property=\"og:description\" content=\"Elegir un tipo de problema&#8230; 1. Envase 2. Contenido 3. Informaci\u00f3n 4. Dise\u00f1o, cantidad y tama\u00f1o 5. S\u00edntomas y m\u00e9todo de uso &lt; Regresar\" \/>\n<meta property=\"og:url\" content=\"https:\/\/www.demusculos.com\/ayuda\/problemas\/\" \/>\n<meta property=\"og:site_name\" content=\"DeMusculos.com | AYUDA\" \/>\n<meta property=\"article:publisher\" content=\"https:\/\/www.facebook.com\/demusculos\" \/>\n<meta property=\"article:modified_time\" content=\"2025-12-16T23:39:56+00:00\" \/>\n<meta property=\"og:image\" content=\"https:\/\/www.demusculos.com\/ayuda\/wp-content\/uploads\/2025\/12\/comentanos.webp\" \/>\n\t<meta property=\"og:image:width\" content=\"600\" \/>\n\t<meta property=\"og:image:height\" content=\"140\" \/>\n\t<meta property=\"og:image:type\" content=\"image\/webp\" \/>\n<meta name=\"twitter:card\" content=\"summary_large_image\" \/>\n<meta name=\"twitter:site\" content=\"@demusculos\" \/>\n<meta name=\"twitter:label1\" content=\"Tiempo de lectura\" \/>\n\t<meta name=\"twitter:data1\" content=\"2 minutos\" \/>\n<script type=\"application\/ld+json\" class=\"yoast-schema-graph\">{\"@context\":\"https:\\\/\\\/schema.org\",\"@graph\":[{\"@type\":\"WebPage\",\"@id\":\"https:\\\/\\\/www.demusculos.com\\\/ayuda\\\/problemas\\\/\",\"url\":\"https:\\\/\\\/www.demusculos.com\\\/ayuda\\\/problemas\\\/\",\"name\":\"Problemas | DeMusculos.com | AYUDA\",\"isPartOf\":{\"@id\":\"https:\\\/\\\/www.demusculos.com\\\/ayuda\\\/#website\"},\"primaryImageOfPage\":{\"@id\":\"https:\\\/\\\/www.demusculos.com\\\/ayuda\\\/problemas\\\/#primaryimage\"},\"image\":{\"@id\":\"https:\\\/\\\/www.demusculos.com\\\/ayuda\\\/problemas\\\/#primaryimage\"},\"thumbnailUrl\":\"https:\\\/\\\/www.demusculos.com\\\/ayuda\\\/wp-content\\\/uploads\\\/2025\\\/12\\\/comentanos.webp\",\"datePublished\":\"2025-12-14T01:38:16+00:00\",\"dateModified\":\"2025-12-16T23:39:56+00:00\",\"breadcrumb\":{\"@id\":\"https:\\\/\\\/www.demusculos.com\\\/ayuda\\\/problemas\\\/#breadcrumb\"},\"inLanguage\":\"es\",\"potentialAction\":[{\"@type\":\"ReadAction\",\"target\":[\"https:\\\/\\\/www.demusculos.com\\\/ayuda\\\/problemas\\\/\"]}]},{\"@type\":\"ImageObject\",\"inLanguage\":\"es\",\"@id\":\"https:\\\/\\\/www.demusculos.com\\\/ayuda\\\/problemas\\\/#primaryimage\",\"url\":\"https:\\\/\\\/www.demusculos.com\\\/ayuda\\\/wp-content\\\/uploads\\\/2025\\\/12\\\/comentanos.webp\",\"contentUrl\":\"https:\\\/\\\/www.demusculos.com\\\/ayuda\\\/wp-content\\\/uploads\\\/2025\\\/12\\\/comentanos.webp\",\"width\":600,\"height\":140},{\"@type\":\"BreadcrumbList\",\"@id\":\"https:\\\/\\\/www.demusculos.com\\\/ayuda\\\/problemas\\\/#breadcrumb\",\"itemListElement\":[{\"@type\":\"ListItem\",\"position\":1,\"name\":\"Portada\",\"item\":\"https:\\\/\\\/www.demusculos.com\\\/ayuda\\\/\"},{\"@type\":\"ListItem\",\"position\":2,\"name\":\"Problemas\"}]},{\"@type\":\"WebSite\",\"@id\":\"https:\\\/\\\/www.demusculos.com\\\/ayuda\\\/#website\",\"url\":\"https:\\\/\\\/www.demusculos.com\\\/ayuda\\\/\",\"name\":\"DeMusculos.com | AYUDA\",\"description\":\"Suplementos Naturales, Accesorios, Indumentaria\",\"publisher\":{\"@id\":\"https:\\\/\\\/www.demusculos.com\\\/ayuda\\\/#organization\"},\"alternateName\":\"Suplementos Natuarles\",\"potentialAction\":[{\"@type\":\"SearchAction\",\"target\":{\"@type\":\"EntryPoint\",\"urlTemplate\":\"https:\\\/\\\/www.demusculos.com\\\/ayuda\\\/?s={search_term_string}\"},\"query-input\":{\"@type\":\"PropertyValueSpecification\",\"valueRequired\":true,\"valueName\":\"search_term_string\"}}],\"inLanguage\":\"es\"},{\"@type\":\"Organization\",\"@id\":\"https:\\\/\\\/www.demusculos.com\\\/ayuda\\\/#organization\",\"name\":\"DeMusculos.com | AYUDA\",\"url\":\"https:\\\/\\\/www.demusculos.com\\\/ayuda\\\/\",\"logo\":{\"@type\":\"ImageObject\",\"inLanguage\":\"es\",\"@id\":\"https:\\\/\\\/www.demusculos.com\\\/ayuda\\\/#\\\/schema\\\/logo\\\/image\\\/\",\"url\":\"https:\\\/\\\/www.demusculos.com\\\/ayuda\\\/wp-content\\\/uploads\\\/2024\\\/01\\\/logo-demusculos-prestashop-usuario.png\",\"contentUrl\":\"https:\\\/\\\/www.demusculos.com\\\/ayuda\\\/wp-content\\\/uploads\\\/2024\\\/01\\\/logo-demusculos-prestashop-usuario.png\",\"width\":150,\"height\":150,\"caption\":\"DeMusculos.com | AYUDA\"},\"image\":{\"@id\":\"https:\\\/\\\/www.demusculos.com\\\/ayuda\\\/#\\\/schema\\\/logo\\\/image\\\/\"},\"sameAs\":[\"https:\\\/\\\/www.facebook.com\\\/demusculos\",\"https:\\\/\\\/x.com\\\/demusculos\",\"https:\\\/\\\/www.tiktok.com\\\/@demusculos.com\"]}]}<\/script>\n<!-- \/ Yoast SEO plugin. -->","yoast_head_json":{"title":"Problemas | DeMusculos.com | AYUDA","robots":{"index":"index","follow":"follow","max-snippet":"max-snippet:-1","max-image-preview":"max-image-preview:large","max-video-preview":"max-video-preview:-1"},"canonical":"https:\/\/www.demusculos.com\/ayuda\/problemas\/","og_locale":"es_ES","og_type":"article","og_title":"Problemas | DeMusculos.com | AYUDA","og_description":"Elegir un tipo de problema&#8230; 1. Envase 2. Contenido 3. Informaci\u00f3n 4. Dise\u00f1o, cantidad y tama\u00f1o 5. S\u00edntomas y m\u00e9todo de uso &lt; Regresar","og_url":"https:\/\/www.demusculos.com\/ayuda\/problemas\/","og_site_name":"DeMusculos.com | AYUDA","article_publisher":"https:\/\/www.facebook.com\/demusculos","article_modified_time":"2025-12-16T23:39:56+00:00","og_image":[{"width":600,"height":140,"url":"https:\/\/www.demusculos.com\/ayuda\/wp-content\/uploads\/2025\/12\/comentanos.webp","type":"image\/webp"}],"twitter_card":"summary_large_image","twitter_site":"@demusculos","twitter_misc":{"Tiempo de lectura":"2 minutos"},"schema":{"@context":"https:\/\/schema.org","@graph":[{"@type":"WebPage","@id":"https:\/\/www.demusculos.com\/ayuda\/problemas\/","url":"https:\/\/www.demusculos.com\/ayuda\/problemas\/","name":"Problemas | DeMusculos.com | AYUDA","isPartOf":{"@id":"https:\/\/www.demusculos.com\/ayuda\/#website"},"primaryImageOfPage":{"@id":"https:\/\/www.demusculos.com\/ayuda\/problemas\/#primaryimage"},"image":{"@id":"https:\/\/www.demusculos.com\/ayuda\/problemas\/#primaryimage"},"thumbnailUrl":"https:\/\/www.demusculos.com\/ayuda\/wp-content\/uploads\/2025\/12\/comentanos.webp","datePublished":"2025-12-14T01:38:16+00:00","dateModified":"2025-12-16T23:39:56+00:00","breadcrumb":{"@id":"https:\/\/www.demusculos.com\/ayuda\/problemas\/#breadcrumb"},"inLanguage":"es","potentialAction":[{"@type":"ReadAction","target":["https:\/\/www.demusculos.com\/ayuda\/problemas\/"]}]},{"@type":"ImageObject","inLanguage":"es","@id":"https:\/\/www.demusculos.com\/ayuda\/problemas\/#primaryimage","url":"https:\/\/www.demusculos.com\/ayuda\/wp-content\/uploads\/2025\/12\/comentanos.webp","contentUrl":"https:\/\/www.demusculos.com\/ayuda\/wp-content\/uploads\/2025\/12\/comentanos.webp","width":600,"height":140},{"@type":"BreadcrumbList","@id":"https:\/\/www.demusculos.com\/ayuda\/problemas\/#breadcrumb","itemListElement":[{"@type":"ListItem","position":1,"name":"Portada","item":"https:\/\/www.demusculos.com\/ayuda\/"},{"@type":"ListItem","position":2,"name":"Problemas"}]},{"@type":"WebSite","@id":"https:\/\/www.demusculos.com\/ayuda\/#website","url":"https:\/\/www.demusculos.com\/ayuda\/","name":"DeMusculos.com | AYUDA","description":"Suplementos Naturales, Accesorios, Indumentaria","publisher":{"@id":"https:\/\/www.demusculos.com\/ayuda\/#organization"},"alternateName":"Suplementos Natuarles","potentialAction":[{"@type":"SearchAction","target":{"@type":"EntryPoint","urlTemplate":"https:\/\/www.demusculos.com\/ayuda\/?s={search_term_string}"},"query-input":{"@type":"PropertyValueSpecification","valueRequired":true,"valueName":"search_term_string"}}],"inLanguage":"es"},{"@type":"Organization","@id":"https:\/\/www.demusculos.com\/ayuda\/#organization","name":"DeMusculos.com | AYUDA","url":"https:\/\/www.demusculos.com\/ayuda\/","logo":{"@type":"ImageObject","inLanguage":"es","@id":"https:\/\/www.demusculos.com\/ayuda\/#\/schema\/logo\/image\/","url":"https:\/\/www.demusculos.com\/ayuda\/wp-content\/uploads\/2024\/01\/logo-demusculos-prestashop-usuario.png","contentUrl":"https:\/\/www.demusculos.com\/ayuda\/wp-content\/uploads\/2024\/01\/logo-demusculos-prestashop-usuario.png","width":150,"height":150,"caption":"DeMusculos.com | AYUDA"},"image":{"@id":"https:\/\/www.demusculos.com\/ayuda\/#\/schema\/logo\/image\/"},"sameAs":["https:\/\/www.facebook.com\/demusculos","https:\/\/x.com\/demusculos","https:\/\/www.tiktok.com\/@demusculos.com"]}]}},"_links":{"self":[{"href":"https:\/\/www.demusculos.com\/ayuda\/wp-json\/wp\/v2\/pages\/4622","targetHints":{"allow":["GET"]}}],"collection":[{"href":"https:\/\/www.demusculos.com\/ayuda\/wp-json\/wp\/v2\/pages"}],"about":[{"href":"https:\/\/www.demusculos.com\/ayuda\/wp-json\/wp\/v2\/types\/page"}],"author":[{"embeddable":true,"href":"https:\/\/www.demusculos.com\/ayuda\/wp-json\/wp\/v2\/users\/1"}],"replies":[{"embeddable":true,"href":"https:\/\/www.demusculos.com\/ayuda\/wp-json\/wp\/v2\/comments?post=4622"}],"version-history":[{"count":38,"href":"https:\/\/www.demusculos.com\/ayuda\/wp-json\/wp\/v2\/pages\/4622\/revisions"}],"predecessor-version":[{"id":5005,"href":"https:\/\/www.demusculos.com\/ayuda\/wp-json\/wp\/v2\/pages\/4622\/revisions\/5005"}],"wp:attachment":[{"href":"https:\/\/www.demusculos.com\/ayuda\/wp-json\/wp\/v2\/media?parent=4622"}],"curies":[{"name":"wp","href":"https:\/\/api.w.org\/{rel}","templated":true}]}}