{"id":4631,"date":"2025-12-14T01:58:03","date_gmt":"2025-12-14T01:58:03","guid":{"rendered":"https:\/\/www.demusculos.com\/ayuda\/?page_id=4631"},"modified":"2025-12-14T04:44:49","modified_gmt":"2025-12-14T04:44:49","slug":"me-llego-el-producto-abierto-o-semiabierto","status":"publish","type":"page","link":"https:\/\/www.demusculos.com\/ayuda\/problemas\/me-llego-el-producto-abierto-o-semiabierto\/","title":{"rendered":"Me llego el producto abierto o semiabierto&#8230;"},"content":{"rendered":"\n<p>Entendemos la preocupaci\u00f3n, pero <strong>no te alarmes<\/strong>: esto puede ocurrir y, de hecho, es <strong>m\u00e1s com\u00fan de lo que parece<\/strong>. <\/p>\n\n\n\n<p>Los suplementos naturales pasan por varios traslados antes de llegar a tus manos \u2014ya sea por <strong>Correo Argentino, moto mensajer\u00edas, transportistas o fletes<\/strong>\u2014 y durante el recorrido, <strong>los envases pueden recibir peque\u00f1os golpes o movimientos bruscos<\/strong>.<\/p>\n\n\n\n<p>En algunos casos, aunque el producto est\u00e9 perfectamente cerrado, <strong>el sello de seguridad interno puede despegarse parcialmente<\/strong> debido a la presi\u00f3n o al impacto del transporte. Esto no significa que el producto haya sido abierto o manipulado.<\/p>\n\n\n\n<figure class=\"wp-block-image size-full\"><img loading=\"lazy\" decoding=\"async\" width=\"600\" height=\"300\" src=\"https:\/\/www.demusculos.com\/ayuda\/wp-content\/uploads\/2025\/12\/tapa-sello.webp\" alt=\"\" class=\"wp-image-4649\" srcset=\"https:\/\/www.demusculos.com\/ayuda\/wp-content\/uploads\/2025\/12\/tapa-sello.webp 600w, https:\/\/www.demusculos.com\/ayuda\/wp-content\/uploads\/2025\/12\/tapa-sello-300x150.webp 300w\" sizes=\"auto, (max-width: 600px) 100vw, 600px\" \/><\/figure>\n\n\n\n<p>Los sellos internos se colocan en el laboratorio mediante un sistema de <strong>inducci\u00f3n por calor<\/strong>, que funde una l\u00e1mina sellante al borde del envase. A veces, si el envase recibe <strong>menos calor del esperado durante el proceso de sellado<\/strong>, o si el env\u00edo sufre <strong>temperaturas altas, movimientos o golpes<\/strong>, el sello puede <strong>aflojarse o levantarse levemente<\/strong>.<\/p>\n\n\n\n<figure class=\"wp-block-image size-full\"><img loading=\"lazy\" decoding=\"async\" width=\"600\" height=\"300\" src=\"https:\/\/www.demusculos.com\/ayuda\/wp-content\/uploads\/2025\/12\/rajadura-superior.webp\" alt=\"\" class=\"wp-image-4666\" srcset=\"https:\/\/www.demusculos.com\/ayuda\/wp-content\/uploads\/2025\/12\/rajadura-superior.webp 600w, https:\/\/www.demusculos.com\/ayuda\/wp-content\/uploads\/2025\/12\/rajadura-superior-300x150.webp 300w\" sizes=\"auto, (max-width: 600px) 100vw, 600px\" \/><\/figure>\n\n\n\n<p>Lo importante es revisar que el <strong>producto conserve su contenido \u00edntegro, su tapa original y su olor y aspecto normales<\/strong>. Si todo est\u00e1 en orden, el suplemento es completamente seguro para consumir. En caso de dudas, siempre pod\u00e9s enviarnos una foto y te ayudamos a revisarlo.<\/p>\n\n\n\n<figure class=\"wp-block-image size-full\"><a href=\"https:\/\/www.demusculos.com\/ayuda\/problemas\/comentanos-tu-problema\/\"><img loading=\"lazy\" decoding=\"async\" width=\"600\" height=\"140\" src=\"https:\/\/www.demusculos.com\/ayuda\/wp-content\/uploads\/2025\/12\/comentanos.webp\" alt=\"\" class=\"wp-image-4723\" srcset=\"https:\/\/www.demusculos.com\/ayuda\/wp-content\/uploads\/2025\/12\/comentanos.webp 600w, https:\/\/www.demusculos.com\/ayuda\/wp-content\/uploads\/2025\/12\/comentanos-300x70.webp 300w\" sizes=\"auto, (max-width: 600px) 100vw, 600px\" \/><\/a><\/figure>\n\n\n\n<p>&lt; <a href=\"https:\/\/www.demusculos.com\/ayuda\/cliente\/problemas\/\">Regresar<\/a><\/p>\n","protected":false},"excerpt":{"rendered":"<p>Entendemos la preocupaci\u00f3n, pero no te alarmes: esto puede ocurrir y, de hecho, es m\u00e1s com\u00fan de lo que parece. Los suplementos naturales pasan por varios traslados antes de llegar a tus manos \u2014ya sea por Correo Argentino, moto mensajer\u00edas, transportistas o fletes\u2014 y durante el recorrido, los envases pueden recibir peque\u00f1os golpes o movimientos [&hellip;]<\/p>\n","protected":false},"author":1,"featured_media":0,"parent":4622,"menu_order":0,"comment_status":"closed","ping_status":"closed","template":"","meta":{"footnotes":""},"class_list":["post-4631","page","type-page","status-publish","hentry"],"yoast_head":"<!-- This site is optimized with the Yoast SEO plugin v27.4 - https:\/\/yoast.com\/product\/yoast-seo-wordpress\/ -->\n<title>Me llego el producto abierto o semiabierto... | DeMusculos.com | AYUDA<\/title>\n<meta name=\"robots\" content=\"index, follow, max-snippet:-1, max-image-preview:large, max-video-preview:-1\" \/>\n<link rel=\"canonical\" href=\"https:\/\/www.demusculos.com\/ayuda\/problemas\/me-llego-el-producto-abierto-o-semiabierto\/\" \/>\n<meta property=\"og:locale\" content=\"es_ES\" \/>\n<meta property=\"og:type\" content=\"article\" \/>\n<meta property=\"og:title\" content=\"Me llego el producto abierto o semiabierto... | DeMusculos.com | AYUDA\" \/>\n<meta property=\"og:description\" content=\"Entendemos la preocupaci\u00f3n, pero no te alarmes: esto puede ocurrir y, de hecho, es m\u00e1s com\u00fan de lo que parece. Los suplementos naturales pasan por varios traslados antes de llegar a tus manos \u2014ya sea por Correo Argentino, moto mensajer\u00edas, transportistas o fletes\u2014 y durante el recorrido, los envases pueden recibir peque\u00f1os golpes o movimientos [&hellip;]\" \/>\n<meta property=\"og:url\" content=\"https:\/\/www.demusculos.com\/ayuda\/problemas\/me-llego-el-producto-abierto-o-semiabierto\/\" \/>\n<meta property=\"og:site_name\" content=\"DeMusculos.com | AYUDA\" \/>\n<meta property=\"article:publisher\" content=\"https:\/\/www.facebook.com\/demusculos\" \/>\n<meta property=\"article:modified_time\" content=\"2025-12-14T04:44:49+00:00\" \/>\n<meta property=\"og:image\" content=\"https:\/\/www.demusculos.com\/ayuda\/wp-content\/uploads\/2025\/12\/tapa-sello.webp\" \/>\n\t<meta property=\"og:image:width\" content=\"600\" \/>\n\t<meta property=\"og:image:height\" content=\"300\" \/>\n\t<meta property=\"og:image:type\" content=\"image\/webp\" \/>\n<meta name=\"twitter:card\" content=\"summary_large_image\" \/>\n<meta name=\"twitter:site\" content=\"@demusculos\" \/>\n<meta name=\"twitter:label1\" content=\"Tiempo de lectura\" \/>\n\t<meta name=\"twitter:data1\" content=\"2 minutos\" \/>\n<script type=\"application\/ld+json\" class=\"yoast-schema-graph\">{\"@context\":\"https:\\\/\\\/schema.org\",\"@graph\":[{\"@type\":\"WebPage\",\"@id\":\"https:\\\/\\\/www.demusculos.com\\\/ayuda\\\/problemas\\\/me-llego-el-producto-abierto-o-semiabierto\\\/\",\"url\":\"https:\\\/\\\/www.demusculos.com\\\/ayuda\\\/problemas\\\/me-llego-el-producto-abierto-o-semiabierto\\\/\",\"name\":\"Me llego el producto abierto o semiabierto... | DeMusculos.com | AYUDA\",\"isPartOf\":{\"@id\":\"https:\\\/\\\/www.demusculos.com\\\/ayuda\\\/#website\"},\"primaryImageOfPage\":{\"@id\":\"https:\\\/\\\/www.demusculos.com\\\/ayuda\\\/problemas\\\/me-llego-el-producto-abierto-o-semiabierto\\\/#primaryimage\"},\"image\":{\"@id\":\"https:\\\/\\\/www.demusculos.com\\\/ayuda\\\/problemas\\\/me-llego-el-producto-abierto-o-semiabierto\\\/#primaryimage\"},\"thumbnailUrl\":\"https:\\\/\\\/www.demusculos.com\\\/ayuda\\\/wp-content\\\/uploads\\\/2025\\\/12\\\/tapa-sello.webp\",\"datePublished\":\"2025-12-14T01:58:03+00:00\",\"dateModified\":\"2025-12-14T04:44:49+00:00\",\"breadcrumb\":{\"@id\":\"https:\\\/\\\/www.demusculos.com\\\/ayuda\\\/problemas\\\/me-llego-el-producto-abierto-o-semiabierto\\\/#breadcrumb\"},\"inLanguage\":\"es\",\"potentialAction\":[{\"@type\":\"ReadAction\",\"target\":[\"https:\\\/\\\/www.demusculos.com\\\/ayuda\\\/problemas\\\/me-llego-el-producto-abierto-o-semiabierto\\\/\"]}]},{\"@type\":\"ImageObject\",\"inLanguage\":\"es\",\"@id\":\"https:\\\/\\\/www.demusculos.com\\\/ayuda\\\/problemas\\\/me-llego-el-producto-abierto-o-semiabierto\\\/#primaryimage\",\"url\":\"https:\\\/\\\/www.demusculos.com\\\/ayuda\\\/wp-content\\\/uploads\\\/2025\\\/12\\\/tapa-sello.webp\",\"contentUrl\":\"https:\\\/\\\/www.demusculos.com\\\/ayuda\\\/wp-content\\\/uploads\\\/2025\\\/12\\\/tapa-sello.webp\"},{\"@type\":\"BreadcrumbList\",\"@id\":\"https:\\\/\\\/www.demusculos.com\\\/ayuda\\\/problemas\\\/me-llego-el-producto-abierto-o-semiabierto\\\/#breadcrumb\",\"itemListElement\":[{\"@type\":\"ListItem\",\"position\":1,\"name\":\"Portada\",\"item\":\"https:\\\/\\\/www.demusculos.com\\\/ayuda\\\/\"},{\"@type\":\"ListItem\",\"position\":2,\"name\":\"Problemas\",\"item\":\"https:\\\/\\\/www.demusculos.com\\\/ayuda\\\/problemas\\\/\"},{\"@type\":\"ListItem\",\"position\":3,\"name\":\"Me llego el producto abierto o semiabierto&#8230;\"}]},{\"@type\":\"WebSite\",\"@id\":\"https:\\\/\\\/www.demusculos.com\\\/ayuda\\\/#website\",\"url\":\"https:\\\/\\\/www.demusculos.com\\\/ayuda\\\/\",\"name\":\"DeMusculos.com | AYUDA\",\"description\":\"Suplementos Naturales, Accesorios, Indumentaria\",\"publisher\":{\"@id\":\"https:\\\/\\\/www.demusculos.com\\\/ayuda\\\/#organization\"},\"alternateName\":\"Suplementos Natuarles\",\"potentialAction\":[{\"@type\":\"SearchAction\",\"target\":{\"@type\":\"EntryPoint\",\"urlTemplate\":\"https:\\\/\\\/www.demusculos.com\\\/ayuda\\\/?s={search_term_string}\"},\"query-input\":{\"@type\":\"PropertyValueSpecification\",\"valueRequired\":true,\"valueName\":\"search_term_string\"}}],\"inLanguage\":\"es\"},{\"@type\":\"Organization\",\"@id\":\"https:\\\/\\\/www.demusculos.com\\\/ayuda\\\/#organization\",\"name\":\"DeMusculos.com | AYUDA\",\"url\":\"https:\\\/\\\/www.demusculos.com\\\/ayuda\\\/\",\"logo\":{\"@type\":\"ImageObject\",\"inLanguage\":\"es\",\"@id\":\"https:\\\/\\\/www.demusculos.com\\\/ayuda\\\/#\\\/schema\\\/logo\\\/image\\\/\",\"url\":\"https:\\\/\\\/www.demusculos.com\\\/ayuda\\\/wp-content\\\/uploads\\\/2024\\\/01\\\/logo-demusculos-prestashop-usuario.png\",\"contentUrl\":\"https:\\\/\\\/www.demusculos.com\\\/ayuda\\\/wp-content\\\/uploads\\\/2024\\\/01\\\/logo-demusculos-prestashop-usuario.png\",\"width\":150,\"height\":150,\"caption\":\"DeMusculos.com | AYUDA\"},\"image\":{\"@id\":\"https:\\\/\\\/www.demusculos.com\\\/ayuda\\\/#\\\/schema\\\/logo\\\/image\\\/\"},\"sameAs\":[\"https:\\\/\\\/www.facebook.com\\\/demusculos\",\"https:\\\/\\\/x.com\\\/demusculos\",\"https:\\\/\\\/www.tiktok.com\\\/@demusculos.com\"]}]}<\/script>\n<!-- \/ Yoast SEO plugin. -->","yoast_head_json":{"title":"Me llego el producto abierto o semiabierto... | DeMusculos.com | AYUDA","robots":{"index":"index","follow":"follow","max-snippet":"max-snippet:-1","max-image-preview":"max-image-preview:large","max-video-preview":"max-video-preview:-1"},"canonical":"https:\/\/www.demusculos.com\/ayuda\/problemas\/me-llego-el-producto-abierto-o-semiabierto\/","og_locale":"es_ES","og_type":"article","og_title":"Me llego el producto abierto o semiabierto... | DeMusculos.com | AYUDA","og_description":"Entendemos la preocupaci\u00f3n, pero no te alarmes: esto puede ocurrir y, de hecho, es m\u00e1s com\u00fan de lo que parece. Los suplementos naturales pasan por varios traslados antes de llegar a tus manos \u2014ya sea por Correo Argentino, moto mensajer\u00edas, transportistas o fletes\u2014 y durante el recorrido, los envases pueden recibir peque\u00f1os golpes o movimientos [&hellip;]","og_url":"https:\/\/www.demusculos.com\/ayuda\/problemas\/me-llego-el-producto-abierto-o-semiabierto\/","og_site_name":"DeMusculos.com | AYUDA","article_publisher":"https:\/\/www.facebook.com\/demusculos","article_modified_time":"2025-12-14T04:44:49+00:00","og_image":[{"width":600,"height":300,"url":"https:\/\/www.demusculos.com\/ayuda\/wp-content\/uploads\/2025\/12\/tapa-sello.webp","type":"image\/webp"}],"twitter_card":"summary_large_image","twitter_site":"@demusculos","twitter_misc":{"Tiempo de lectura":"2 minutos"},"schema":{"@context":"https:\/\/schema.org","@graph":[{"@type":"WebPage","@id":"https:\/\/www.demusculos.com\/ayuda\/problemas\/me-llego-el-producto-abierto-o-semiabierto\/","url":"https:\/\/www.demusculos.com\/ayuda\/problemas\/me-llego-el-producto-abierto-o-semiabierto\/","name":"Me llego el producto abierto o semiabierto... | DeMusculos.com | AYUDA","isPartOf":{"@id":"https:\/\/www.demusculos.com\/ayuda\/#website"},"primaryImageOfPage":{"@id":"https:\/\/www.demusculos.com\/ayuda\/problemas\/me-llego-el-producto-abierto-o-semiabierto\/#primaryimage"},"image":{"@id":"https:\/\/www.demusculos.com\/ayuda\/problemas\/me-llego-el-producto-abierto-o-semiabierto\/#primaryimage"},"thumbnailUrl":"https:\/\/www.demusculos.com\/ayuda\/wp-content\/uploads\/2025\/12\/tapa-sello.webp","datePublished":"2025-12-14T01:58:03+00:00","dateModified":"2025-12-14T04:44:49+00:00","breadcrumb":{"@id":"https:\/\/www.demusculos.com\/ayuda\/problemas\/me-llego-el-producto-abierto-o-semiabierto\/#breadcrumb"},"inLanguage":"es","potentialAction":[{"@type":"ReadAction","target":["https:\/\/www.demusculos.com\/ayuda\/problemas\/me-llego-el-producto-abierto-o-semiabierto\/"]}]},{"@type":"ImageObject","inLanguage":"es","@id":"https:\/\/www.demusculos.com\/ayuda\/problemas\/me-llego-el-producto-abierto-o-semiabierto\/#primaryimage","url":"https:\/\/www.demusculos.com\/ayuda\/wp-content\/uploads\/2025\/12\/tapa-sello.webp","contentUrl":"https:\/\/www.demusculos.com\/ayuda\/wp-content\/uploads\/2025\/12\/tapa-sello.webp"},{"@type":"BreadcrumbList","@id":"https:\/\/www.demusculos.com\/ayuda\/problemas\/me-llego-el-producto-abierto-o-semiabierto\/#breadcrumb","itemListElement":[{"@type":"ListItem","position":1,"name":"Portada","item":"https:\/\/www.demusculos.com\/ayuda\/"},{"@type":"ListItem","position":2,"name":"Problemas","item":"https:\/\/www.demusculos.com\/ayuda\/problemas\/"},{"@type":"ListItem","position":3,"name":"Me llego el producto abierto o semiabierto&#8230;"}]},{"@type":"WebSite","@id":"https:\/\/www.demusculos.com\/ayuda\/#website","url":"https:\/\/www.demusculos.com\/ayuda\/","name":"DeMusculos.com | AYUDA","description":"Suplementos Naturales, Accesorios, Indumentaria","publisher":{"@id":"https:\/\/www.demusculos.com\/ayuda\/#organization"},"alternateName":"Suplementos Natuarles","potentialAction":[{"@type":"SearchAction","target":{"@type":"EntryPoint","urlTemplate":"https:\/\/www.demusculos.com\/ayuda\/?s={search_term_string}"},"query-input":{"@type":"PropertyValueSpecification","valueRequired":true,"valueName":"search_term_string"}}],"inLanguage":"es"},{"@type":"Organization","@id":"https:\/\/www.demusculos.com\/ayuda\/#organization","name":"DeMusculos.com | AYUDA","url":"https:\/\/www.demusculos.com\/ayuda\/","logo":{"@type":"ImageObject","inLanguage":"es","@id":"https:\/\/www.demusculos.com\/ayuda\/#\/schema\/logo\/image\/","url":"https:\/\/www.demusculos.com\/ayuda\/wp-content\/uploads\/2024\/01\/logo-demusculos-prestashop-usuario.png","contentUrl":"https:\/\/www.demusculos.com\/ayuda\/wp-content\/uploads\/2024\/01\/logo-demusculos-prestashop-usuario.png","width":150,"height":150,"caption":"DeMusculos.com | AYUDA"},"image":{"@id":"https:\/\/www.demusculos.com\/ayuda\/#\/schema\/logo\/image\/"},"sameAs":["https:\/\/www.facebook.com\/demusculos","https:\/\/x.com\/demusculos","https:\/\/www.tiktok.com\/@demusculos.com"]}]}},"_links":{"self":[{"href":"https:\/\/www.demusculos.com\/ayuda\/wp-json\/wp\/v2\/pages\/4631","targetHints":{"allow":["GET"]}}],"collection":[{"href":"https:\/\/www.demusculos.com\/ayuda\/wp-json\/wp\/v2\/pages"}],"about":[{"href":"https:\/\/www.demusculos.com\/ayuda\/wp-json\/wp\/v2\/types\/page"}],"author":[{"embeddable":true,"href":"https:\/\/www.demusculos.com\/ayuda\/wp-json\/wp\/v2\/users\/1"}],"replies":[{"embeddable":true,"href":"https:\/\/www.demusculos.com\/ayuda\/wp-json\/wp\/v2\/comments?post=4631"}],"version-history":[{"count":8,"href":"https:\/\/www.demusculos.com\/ayuda\/wp-json\/wp\/v2\/pages\/4631\/revisions"}],"predecessor-version":[{"id":4726,"href":"https:\/\/www.demusculos.com\/ayuda\/wp-json\/wp\/v2\/pages\/4631\/revisions\/4726"}],"up":[{"embeddable":true,"href":"https:\/\/www.demusculos.com\/ayuda\/wp-json\/wp\/v2\/pages\/4622"}],"wp:attachment":[{"href":"https:\/\/www.demusculos.com\/ayuda\/wp-json\/wp\/v2\/media?parent=4631"}],"curies":[{"name":"wp","href":"https:\/\/api.w.org\/{rel}","templated":true}]}}