{"id":4702,"date":"2025-12-14T04:07:07","date_gmt":"2025-12-14T04:07:07","guid":{"rendered":"https:\/\/www.demusculos.com\/ayuda\/?page_id=4702"},"modified":"2025-12-14T04:48:10","modified_gmt":"2025-12-14T04:48:10","slug":"contenido-derramado-dentro-de-la-caja-o-bolsa","status":"publish","type":"page","link":"https:\/\/www.demusculos.com\/ayuda\/problemas\/contenido-derramado-dentro-de-la-caja-o-bolsa\/","title":{"rendered":"Contenido derramado dentro de la caja o bolsa"},"content":{"rendered":"\n<p>Durante el traslado, <strong>un producto puede derramarse parcialmente dentro de la caja o bolsa que lo contiene<\/strong>. Esto suele ocurrir cuando los envases o sellos de seguridad reciben <strong>golpes, presi\u00f3n o aplastamiento<\/strong> durante el transporte por parte de <strong>Correo Argentino, transportistas o moto mensajer\u00edas<\/strong>.<\/p>\n\n\n\n<figure class=\"wp-block-image size-full\"><img loading=\"lazy\" decoding=\"async\" width=\"600\" height=\"300\" src=\"https:\/\/www.demusculos.com\/ayuda\/wp-content\/uploads\/2025\/12\/derrame.webp\" alt=\"\" class=\"wp-image-4706\" srcset=\"https:\/\/www.demusculos.com\/ayuda\/wp-content\/uploads\/2025\/12\/derrame.webp 600w, https:\/\/www.demusculos.com\/ayuda\/wp-content\/uploads\/2025\/12\/derrame-300x150.webp 300w\" sizes=\"auto, (max-width: 600px) 100vw, 600px\" \/><\/figure>\n\n\n\n<p>Si realiz\u00e1s tu compra desde el interior del pa\u00eds, <strong>las cajas se despachan termo selladas<\/strong>, completamente recubiertas por un <strong>film pl\u00e1stico protector<\/strong>. Gracias a este sellado, <strong>no pueden ingresar agentes externos<\/strong> como polvo, humedad o l\u00edquidos. Por eso, incluso si hubo un peque\u00f1o derrame, <strong>el producto permanece protegido, seguro y en condiciones \u00f3ptimas de consumo<\/strong>.<\/p>\n\n\n\n<figure class=\"wp-block-image size-full\"><img loading=\"lazy\" decoding=\"async\" width=\"600\" height=\"300\" src=\"https:\/\/www.demusculos.com\/ayuda\/wp-content\/uploads\/2025\/12\/sellado.webp\" alt=\"\" class=\"wp-image-4709\" srcset=\"https:\/\/www.demusculos.com\/ayuda\/wp-content\/uploads\/2025\/12\/sellado.webp 600w, https:\/\/www.demusculos.com\/ayuda\/wp-content\/uploads\/2025\/12\/sellado-300x150.webp 300w\" sizes=\"auto, (max-width: 600px) 100vw, 600px\" \/><\/figure>\n\n\n\n<p>El contenido puede verse afectado superficialmente (por ejemplo, un poco de polvo derramado), pero <strong>no pierde su calidad ni sus propiedades<\/strong>. En estos casos, se recomienda abrir con cuidado, limpiar el envase y conservar el producto en un recipiente seco y cerrado.<\/p>\n\n\n\n<figure class=\"wp-block-image size-full\"><a href=\"https:\/\/www.demusculos.com\/ayuda\/problemas\/comentanos-tu-problema\/\"><img loading=\"lazy\" decoding=\"async\" width=\"600\" height=\"140\" src=\"https:\/\/www.demusculos.com\/ayuda\/wp-content\/uploads\/2025\/12\/comentanos.webp\" alt=\"\" class=\"wp-image-4723\" srcset=\"https:\/\/www.demusculos.com\/ayuda\/wp-content\/uploads\/2025\/12\/comentanos.webp 600w, https:\/\/www.demusculos.com\/ayuda\/wp-content\/uploads\/2025\/12\/comentanos-300x70.webp 300w\" sizes=\"auto, (max-width: 600px) 100vw, 600px\" \/><\/a><\/figure>\n\n\n\n<p>&lt; <a href=\"https:\/\/www.demusculos.com\/ayuda\/problemas\/\">Regresar<\/a><\/p>\n","protected":false},"excerpt":{"rendered":"<p>Durante el traslado, un producto puede derramarse parcialmente dentro de la caja o bolsa que lo contiene. Esto suele ocurrir cuando los envases o sellos de seguridad reciben golpes, presi\u00f3n o aplastamiento durante el transporte por parte de Correo Argentino, transportistas o moto mensajer\u00edas. Si realiz\u00e1s tu compra desde el interior del pa\u00eds, las cajas [&hellip;]<\/p>\n","protected":false},"author":1,"featured_media":0,"parent":4622,"menu_order":0,"comment_status":"closed","ping_status":"closed","template":"","meta":{"footnotes":""},"class_list":["post-4702","page","type-page","status-publish","hentry"],"yoast_head":"<!-- This site is optimized with the Yoast SEO plugin v27.4 - https:\/\/yoast.com\/product\/yoast-seo-wordpress\/ -->\n<title>Contenido derramado dentro de la caja o bolsa | DeMusculos.com | AYUDA<\/title>\n<meta name=\"robots\" content=\"index, follow, max-snippet:-1, max-image-preview:large, max-video-preview:-1\" \/>\n<link rel=\"canonical\" href=\"https:\/\/www.demusculos.com\/ayuda\/problemas\/contenido-derramado-dentro-de-la-caja-o-bolsa\/\" \/>\n<meta property=\"og:locale\" content=\"es_ES\" \/>\n<meta property=\"og:type\" content=\"article\" \/>\n<meta property=\"og:title\" content=\"Contenido derramado dentro de la caja o bolsa | DeMusculos.com | AYUDA\" \/>\n<meta property=\"og:description\" content=\"Durante el traslado, un producto puede derramarse parcialmente dentro de la caja o bolsa que lo contiene. Esto suele ocurrir cuando los envases o sellos de seguridad reciben golpes, presi\u00f3n o aplastamiento durante el transporte por parte de Correo Argentino, transportistas o moto mensajer\u00edas. Si realiz\u00e1s tu compra desde el interior del pa\u00eds, las cajas [&hellip;]\" \/>\n<meta property=\"og:url\" content=\"https:\/\/www.demusculos.com\/ayuda\/problemas\/contenido-derramado-dentro-de-la-caja-o-bolsa\/\" \/>\n<meta property=\"og:site_name\" content=\"DeMusculos.com | AYUDA\" \/>\n<meta property=\"article:publisher\" content=\"https:\/\/www.facebook.com\/demusculos\" \/>\n<meta property=\"article:modified_time\" content=\"2025-12-14T04:48:10+00:00\" \/>\n<meta property=\"og:image\" content=\"https:\/\/www.demusculos.com\/ayuda\/wp-content\/uploads\/2025\/12\/derrame.webp\" \/>\n\t<meta property=\"og:image:width\" content=\"600\" \/>\n\t<meta property=\"og:image:height\" content=\"300\" \/>\n\t<meta property=\"og:image:type\" content=\"image\/webp\" \/>\n<meta name=\"twitter:card\" content=\"summary_large_image\" \/>\n<meta name=\"twitter:site\" content=\"@demusculos\" \/>\n<meta name=\"twitter:label1\" content=\"Tiempo de lectura\" \/>\n\t<meta name=\"twitter:data1\" content=\"2 minutos\" \/>\n<script type=\"application\/ld+json\" class=\"yoast-schema-graph\">{\"@context\":\"https:\\\/\\\/schema.org\",\"@graph\":[{\"@type\":\"WebPage\",\"@id\":\"https:\\\/\\\/www.demusculos.com\\\/ayuda\\\/problemas\\\/contenido-derramado-dentro-de-la-caja-o-bolsa\\\/\",\"url\":\"https:\\\/\\\/www.demusculos.com\\\/ayuda\\\/problemas\\\/contenido-derramado-dentro-de-la-caja-o-bolsa\\\/\",\"name\":\"Contenido derramado dentro de la caja o bolsa | DeMusculos.com | AYUDA\",\"isPartOf\":{\"@id\":\"https:\\\/\\\/www.demusculos.com\\\/ayuda\\\/#website\"},\"primaryImageOfPage\":{\"@id\":\"https:\\\/\\\/www.demusculos.com\\\/ayuda\\\/problemas\\\/contenido-derramado-dentro-de-la-caja-o-bolsa\\\/#primaryimage\"},\"image\":{\"@id\":\"https:\\\/\\\/www.demusculos.com\\\/ayuda\\\/problemas\\\/contenido-derramado-dentro-de-la-caja-o-bolsa\\\/#primaryimage\"},\"thumbnailUrl\":\"https:\\\/\\\/www.demusculos.com\\\/ayuda\\\/wp-content\\\/uploads\\\/2025\\\/12\\\/derrame.webp\",\"datePublished\":\"2025-12-14T04:07:07+00:00\",\"dateModified\":\"2025-12-14T04:48:10+00:00\",\"breadcrumb\":{\"@id\":\"https:\\\/\\\/www.demusculos.com\\\/ayuda\\\/problemas\\\/contenido-derramado-dentro-de-la-caja-o-bolsa\\\/#breadcrumb\"},\"inLanguage\":\"es\",\"potentialAction\":[{\"@type\":\"ReadAction\",\"target\":[\"https:\\\/\\\/www.demusculos.com\\\/ayuda\\\/problemas\\\/contenido-derramado-dentro-de-la-caja-o-bolsa\\\/\"]}]},{\"@type\":\"ImageObject\",\"inLanguage\":\"es\",\"@id\":\"https:\\\/\\\/www.demusculos.com\\\/ayuda\\\/problemas\\\/contenido-derramado-dentro-de-la-caja-o-bolsa\\\/#primaryimage\",\"url\":\"https:\\\/\\\/www.demusculos.com\\\/ayuda\\\/wp-content\\\/uploads\\\/2025\\\/12\\\/derrame.webp\",\"contentUrl\":\"https:\\\/\\\/www.demusculos.com\\\/ayuda\\\/wp-content\\\/uploads\\\/2025\\\/12\\\/derrame.webp\"},{\"@type\":\"BreadcrumbList\",\"@id\":\"https:\\\/\\\/www.demusculos.com\\\/ayuda\\\/problemas\\\/contenido-derramado-dentro-de-la-caja-o-bolsa\\\/#breadcrumb\",\"itemListElement\":[{\"@type\":\"ListItem\",\"position\":1,\"name\":\"Portada\",\"item\":\"https:\\\/\\\/www.demusculos.com\\\/ayuda\\\/\"},{\"@type\":\"ListItem\",\"position\":2,\"name\":\"Problemas\",\"item\":\"https:\\\/\\\/www.demusculos.com\\\/ayuda\\\/problemas\\\/\"},{\"@type\":\"ListItem\",\"position\":3,\"name\":\"Contenido derramado dentro de la caja o bolsa\"}]},{\"@type\":\"WebSite\",\"@id\":\"https:\\\/\\\/www.demusculos.com\\\/ayuda\\\/#website\",\"url\":\"https:\\\/\\\/www.demusculos.com\\\/ayuda\\\/\",\"name\":\"DeMusculos.com | AYUDA\",\"description\":\"Suplementos Naturales, Accesorios, Indumentaria\",\"publisher\":{\"@id\":\"https:\\\/\\\/www.demusculos.com\\\/ayuda\\\/#organization\"},\"alternateName\":\"Suplementos Natuarles\",\"potentialAction\":[{\"@type\":\"SearchAction\",\"target\":{\"@type\":\"EntryPoint\",\"urlTemplate\":\"https:\\\/\\\/www.demusculos.com\\\/ayuda\\\/?s={search_term_string}\"},\"query-input\":{\"@type\":\"PropertyValueSpecification\",\"valueRequired\":true,\"valueName\":\"search_term_string\"}}],\"inLanguage\":\"es\"},{\"@type\":\"Organization\",\"@id\":\"https:\\\/\\\/www.demusculos.com\\\/ayuda\\\/#organization\",\"name\":\"DeMusculos.com | AYUDA\",\"url\":\"https:\\\/\\\/www.demusculos.com\\\/ayuda\\\/\",\"logo\":{\"@type\":\"ImageObject\",\"inLanguage\":\"es\",\"@id\":\"https:\\\/\\\/www.demusculos.com\\\/ayuda\\\/#\\\/schema\\\/logo\\\/image\\\/\",\"url\":\"https:\\\/\\\/www.demusculos.com\\\/ayuda\\\/wp-content\\\/uploads\\\/2024\\\/01\\\/logo-demusculos-prestashop-usuario.png\",\"contentUrl\":\"https:\\\/\\\/www.demusculos.com\\\/ayuda\\\/wp-content\\\/uploads\\\/2024\\\/01\\\/logo-demusculos-prestashop-usuario.png\",\"width\":150,\"height\":150,\"caption\":\"DeMusculos.com | AYUDA\"},\"image\":{\"@id\":\"https:\\\/\\\/www.demusculos.com\\\/ayuda\\\/#\\\/schema\\\/logo\\\/image\\\/\"},\"sameAs\":[\"https:\\\/\\\/www.facebook.com\\\/demusculos\",\"https:\\\/\\\/x.com\\\/demusculos\",\"https:\\\/\\\/www.tiktok.com\\\/@demusculos.com\"]}]}<\/script>\n<!-- \/ Yoast SEO plugin. -->","yoast_head_json":{"title":"Contenido derramado dentro de la caja o bolsa | DeMusculos.com | AYUDA","robots":{"index":"index","follow":"follow","max-snippet":"max-snippet:-1","max-image-preview":"max-image-preview:large","max-video-preview":"max-video-preview:-1"},"canonical":"https:\/\/www.demusculos.com\/ayuda\/problemas\/contenido-derramado-dentro-de-la-caja-o-bolsa\/","og_locale":"es_ES","og_type":"article","og_title":"Contenido derramado dentro de la caja o bolsa | DeMusculos.com | AYUDA","og_description":"Durante el traslado, un producto puede derramarse parcialmente dentro de la caja o bolsa que lo contiene. Esto suele ocurrir cuando los envases o sellos de seguridad reciben golpes, presi\u00f3n o aplastamiento durante el transporte por parte de Correo Argentino, transportistas o moto mensajer\u00edas. Si realiz\u00e1s tu compra desde el interior del pa\u00eds, las cajas [&hellip;]","og_url":"https:\/\/www.demusculos.com\/ayuda\/problemas\/contenido-derramado-dentro-de-la-caja-o-bolsa\/","og_site_name":"DeMusculos.com | AYUDA","article_publisher":"https:\/\/www.facebook.com\/demusculos","article_modified_time":"2025-12-14T04:48:10+00:00","og_image":[{"width":600,"height":300,"url":"https:\/\/www.demusculos.com\/ayuda\/wp-content\/uploads\/2025\/12\/derrame.webp","type":"image\/webp"}],"twitter_card":"summary_large_image","twitter_site":"@demusculos","twitter_misc":{"Tiempo de lectura":"2 minutos"},"schema":{"@context":"https:\/\/schema.org","@graph":[{"@type":"WebPage","@id":"https:\/\/www.demusculos.com\/ayuda\/problemas\/contenido-derramado-dentro-de-la-caja-o-bolsa\/","url":"https:\/\/www.demusculos.com\/ayuda\/problemas\/contenido-derramado-dentro-de-la-caja-o-bolsa\/","name":"Contenido derramado dentro de la caja o bolsa | DeMusculos.com | AYUDA","isPartOf":{"@id":"https:\/\/www.demusculos.com\/ayuda\/#website"},"primaryImageOfPage":{"@id":"https:\/\/www.demusculos.com\/ayuda\/problemas\/contenido-derramado-dentro-de-la-caja-o-bolsa\/#primaryimage"},"image":{"@id":"https:\/\/www.demusculos.com\/ayuda\/problemas\/contenido-derramado-dentro-de-la-caja-o-bolsa\/#primaryimage"},"thumbnailUrl":"https:\/\/www.demusculos.com\/ayuda\/wp-content\/uploads\/2025\/12\/derrame.webp","datePublished":"2025-12-14T04:07:07+00:00","dateModified":"2025-12-14T04:48:10+00:00","breadcrumb":{"@id":"https:\/\/www.demusculos.com\/ayuda\/problemas\/contenido-derramado-dentro-de-la-caja-o-bolsa\/#breadcrumb"},"inLanguage":"es","potentialAction":[{"@type":"ReadAction","target":["https:\/\/www.demusculos.com\/ayuda\/problemas\/contenido-derramado-dentro-de-la-caja-o-bolsa\/"]}]},{"@type":"ImageObject","inLanguage":"es","@id":"https:\/\/www.demusculos.com\/ayuda\/problemas\/contenido-derramado-dentro-de-la-caja-o-bolsa\/#primaryimage","url":"https:\/\/www.demusculos.com\/ayuda\/wp-content\/uploads\/2025\/12\/derrame.webp","contentUrl":"https:\/\/www.demusculos.com\/ayuda\/wp-content\/uploads\/2025\/12\/derrame.webp"},{"@type":"BreadcrumbList","@id":"https:\/\/www.demusculos.com\/ayuda\/problemas\/contenido-derramado-dentro-de-la-caja-o-bolsa\/#breadcrumb","itemListElement":[{"@type":"ListItem","position":1,"name":"Portada","item":"https:\/\/www.demusculos.com\/ayuda\/"},{"@type":"ListItem","position":2,"name":"Problemas","item":"https:\/\/www.demusculos.com\/ayuda\/problemas\/"},{"@type":"ListItem","position":3,"name":"Contenido derramado dentro de la caja o bolsa"}]},{"@type":"WebSite","@id":"https:\/\/www.demusculos.com\/ayuda\/#website","url":"https:\/\/www.demusculos.com\/ayuda\/","name":"DeMusculos.com | AYUDA","description":"Suplementos Naturales, Accesorios, Indumentaria","publisher":{"@id":"https:\/\/www.demusculos.com\/ayuda\/#organization"},"alternateName":"Suplementos Natuarles","potentialAction":[{"@type":"SearchAction","target":{"@type":"EntryPoint","urlTemplate":"https:\/\/www.demusculos.com\/ayuda\/?s={search_term_string}"},"query-input":{"@type":"PropertyValueSpecification","valueRequired":true,"valueName":"search_term_string"}}],"inLanguage":"es"},{"@type":"Organization","@id":"https:\/\/www.demusculos.com\/ayuda\/#organization","name":"DeMusculos.com | AYUDA","url":"https:\/\/www.demusculos.com\/ayuda\/","logo":{"@type":"ImageObject","inLanguage":"es","@id":"https:\/\/www.demusculos.com\/ayuda\/#\/schema\/logo\/image\/","url":"https:\/\/www.demusculos.com\/ayuda\/wp-content\/uploads\/2024\/01\/logo-demusculos-prestashop-usuario.png","contentUrl":"https:\/\/www.demusculos.com\/ayuda\/wp-content\/uploads\/2024\/01\/logo-demusculos-prestashop-usuario.png","width":150,"height":150,"caption":"DeMusculos.com | AYUDA"},"image":{"@id":"https:\/\/www.demusculos.com\/ayuda\/#\/schema\/logo\/image\/"},"sameAs":["https:\/\/www.facebook.com\/demusculos","https:\/\/x.com\/demusculos","https:\/\/www.tiktok.com\/@demusculos.com"]}]}},"_links":{"self":[{"href":"https:\/\/www.demusculos.com\/ayuda\/wp-json\/wp\/v2\/pages\/4702","targetHints":{"allow":["GET"]}}],"collection":[{"href":"https:\/\/www.demusculos.com\/ayuda\/wp-json\/wp\/v2\/pages"}],"about":[{"href":"https:\/\/www.demusculos.com\/ayuda\/wp-json\/wp\/v2\/types\/page"}],"author":[{"embeddable":true,"href":"https:\/\/www.demusculos.com\/ayuda\/wp-json\/wp\/v2\/users\/1"}],"replies":[{"embeddable":true,"href":"https:\/\/www.demusculos.com\/ayuda\/wp-json\/wp\/v2\/comments?post=4702"}],"version-history":[{"count":5,"href":"https:\/\/www.demusculos.com\/ayuda\/wp-json\/wp\/v2\/pages\/4702\/revisions"}],"predecessor-version":[{"id":4735,"href":"https:\/\/www.demusculos.com\/ayuda\/wp-json\/wp\/v2\/pages\/4702\/revisions\/4735"}],"up":[{"embeddable":true,"href":"https:\/\/www.demusculos.com\/ayuda\/wp-json\/wp\/v2\/pages\/4622"}],"wp:attachment":[{"href":"https:\/\/www.demusculos.com\/ayuda\/wp-json\/wp\/v2\/media?parent=4702"}],"curies":[{"name":"wp","href":"https:\/\/api.w.org\/{rel}","templated":true}]}}