{"id":4736,"date":"2025-12-14T18:27:09","date_gmt":"2025-12-14T18:27:09","guid":{"rendered":"https:\/\/www.demusculos.com\/ayuda\/?page_id=4736"},"modified":"2025-12-14T18:37:41","modified_gmt":"2025-12-14T18:37:41","slug":"polvo-compactado-humedo-o-con-grumos","status":"publish","type":"page","link":"https:\/\/www.demusculos.com\/ayuda\/problemas\/polvo-compactado-humedo-o-con-grumos\/","title":{"rendered":"Polvo compactado, h\u00famedo o con grumos"},"content":{"rendered":"\n<p>Los productos que contienen <strong>beta alanina, leucina, isoleucina o valina<\/strong> pueden presentar grumos o compactaci\u00f3n del polvo. Esto ocurre porque son <strong>materias primas altamente higrosc\u00f3picas<\/strong>, es decir, absorben f\u00e1cilmente la humedad del ambiente.<\/p>\n\n\n\n<figure class=\"wp-block-image size-full\"><img loading=\"lazy\" decoding=\"async\" width=\"600\" height=\"300\" src=\"https:\/\/www.demusculos.com\/ayuda\/wp-content\/uploads\/2025\/12\/hidroscopicos.webp\" alt=\"\" class=\"wp-image-4742\" srcset=\"https:\/\/www.demusculos.com\/ayuda\/wp-content\/uploads\/2025\/12\/hidroscopicos.webp 600w, https:\/\/www.demusculos.com\/ayuda\/wp-content\/uploads\/2025\/12\/hidroscopicos-300x150.webp 300w\" sizes=\"auto, (max-width: 600px) 100vw, 600px\" \/><\/figure>\n\n\n\n<p>A mayor <strong>pureza de los ingredientes<\/strong>, mayor es tambi\u00e9n su <strong>higroscopicidad<\/strong>, por lo que es normal que se formen peque\u00f1os grumos o que el polvo se compacte dentro del envase. Este fen\u00f3meno es bien conocido por los fabricantes y <strong>no afecta la calidad ni la efectividad del suplemento<\/strong>.<\/p>\n\n\n\n<p>No existe una soluci\u00f3n definitiva, ya que justamente los productos m\u00e1s puros son los que tienden a absorber m\u00e1s humedad. Al entrar en contacto con el agua o cualquier l\u00edquido, <strong>los grumos se disuelven por completo sin perder sus propiedades ni efectos<\/strong>.<\/p>\n\n\n\n<p>Se recomienda siempre <strong>revisar la fecha de vencimiento<\/strong> para asegurar la correcta conservaci\u00f3n del producto.<\/p>\n\n\n\n<p class=\"has-accent-3-color has-text-color has-link-color wp-elements-4f8224f3a4817deb4ec8399bc419e1b3\"><strong>Algunos productos que pueden presentar este comportamiento:<\/strong><\/p>\n\n\n\n<ul class=\"wp-block-list\">\n<li><strong>C4 de Cellucor<\/strong><\/li>\n\n\n\n<li><strong>Pump de Star Nutrition<\/strong><\/li>\n\n\n\n<li><strong>Mtor BCAA de Star Nutition<\/strong><\/li>\n\n\n\n<li><strong>Betas Alaninas de todas las marcas<\/strong><\/li>\n\n\n\n<li><strong>Citrulinas de alta pureza<\/strong><\/li>\n\n\n\n<li><strong>Amino\u00e1cidos BCAA en polvo<\/strong><\/li>\n\n\n\n<li><strong>Argininas (precursores de \u00f3xido n\u00edtrico)<\/strong><\/li>\n\n\n\n<li><strong>Algunas creatinas y glutaminas ultra micronizadas<\/strong><\/li>\n\n\n\n<li><strong>\u00d3xido N\u00edtrico de Ena Sport y Amino Full de Ena Sport<\/strong><\/li>\n<\/ul>\n\n\n\n<figure class=\"wp-block-image size-full\"><a href=\"https:\/\/www.demusculos.com\/ayuda\/problemas\/comentanos-tu-problema\/\"><img loading=\"lazy\" decoding=\"async\" width=\"600\" height=\"140\" src=\"https:\/\/www.demusculos.com\/ayuda\/wp-content\/uploads\/2025\/12\/comentanos.webp\" alt=\"\" class=\"wp-image-4723\" srcset=\"https:\/\/www.demusculos.com\/ayuda\/wp-content\/uploads\/2025\/12\/comentanos.webp 600w, https:\/\/www.demusculos.com\/ayuda\/wp-content\/uploads\/2025\/12\/comentanos-300x70.webp 300w\" sizes=\"auto, (max-width: 600px) 100vw, 600px\" \/><\/a><\/figure>\n\n\n\n<p>&lt; <a href=\"https:\/\/www.demusculos.com\/ayuda\/problemas\/\">Regresar<\/a><\/p>\n","protected":false},"excerpt":{"rendered":"<p>Los productos que contienen beta alanina, leucina, isoleucina o valina pueden presentar grumos o compactaci\u00f3n del polvo. Esto ocurre porque son materias primas altamente higrosc\u00f3picas, es decir, absorben f\u00e1cilmente la humedad del ambiente. A mayor pureza de los ingredientes, mayor es tambi\u00e9n su higroscopicidad, por lo que es normal que se formen peque\u00f1os grumos o [&hellip;]<\/p>\n","protected":false},"author":1,"featured_media":0,"parent":4622,"menu_order":0,"comment_status":"closed","ping_status":"closed","template":"","meta":{"footnotes":""},"class_list":["post-4736","page","type-page","status-publish","hentry"],"yoast_head":"<!-- This site is optimized with the Yoast SEO plugin v27.4 - https:\/\/yoast.com\/product\/yoast-seo-wordpress\/ -->\n<title>Polvo compactado, h\u00famedo o con grumos | DeMusculos.com | AYUDA<\/title>\n<meta name=\"robots\" content=\"index, follow, max-snippet:-1, max-image-preview:large, max-video-preview:-1\" \/>\n<link rel=\"canonical\" href=\"https:\/\/www.demusculos.com\/ayuda\/problemas\/polvo-compactado-humedo-o-con-grumos\/\" \/>\n<meta property=\"og:locale\" content=\"es_ES\" \/>\n<meta property=\"og:type\" content=\"article\" \/>\n<meta property=\"og:title\" content=\"Polvo compactado, h\u00famedo o con grumos | DeMusculos.com | AYUDA\" \/>\n<meta property=\"og:description\" content=\"Los productos que contienen beta alanina, leucina, isoleucina o valina pueden presentar grumos o compactaci\u00f3n del polvo. Esto ocurre porque son materias primas altamente higrosc\u00f3picas, es decir, absorben f\u00e1cilmente la humedad del ambiente. A mayor pureza de los ingredientes, mayor es tambi\u00e9n su higroscopicidad, por lo que es normal que se formen peque\u00f1os grumos o [&hellip;]\" \/>\n<meta property=\"og:url\" content=\"https:\/\/www.demusculos.com\/ayuda\/problemas\/polvo-compactado-humedo-o-con-grumos\/\" \/>\n<meta property=\"og:site_name\" content=\"DeMusculos.com | AYUDA\" \/>\n<meta property=\"article:publisher\" content=\"https:\/\/www.facebook.com\/demusculos\" \/>\n<meta property=\"article:modified_time\" content=\"2025-12-14T18:37:41+00:00\" \/>\n<meta property=\"og:image\" content=\"https:\/\/www.demusculos.com\/ayuda\/wp-content\/uploads\/2025\/12\/hidroscopicos.webp\" \/>\n\t<meta property=\"og:image:width\" content=\"600\" \/>\n\t<meta property=\"og:image:height\" content=\"300\" \/>\n\t<meta property=\"og:image:type\" content=\"image\/webp\" \/>\n<meta name=\"twitter:card\" content=\"summary_large_image\" \/>\n<meta name=\"twitter:site\" content=\"@demusculos\" \/>\n<meta name=\"twitter:label1\" content=\"Tiempo de lectura\" \/>\n\t<meta name=\"twitter:data1\" content=\"2 minutos\" \/>\n<script type=\"application\/ld+json\" class=\"yoast-schema-graph\">{\"@context\":\"https:\\\/\\\/schema.org\",\"@graph\":[{\"@type\":\"WebPage\",\"@id\":\"https:\\\/\\\/www.demusculos.com\\\/ayuda\\\/problemas\\\/polvo-compactado-humedo-o-con-grumos\\\/\",\"url\":\"https:\\\/\\\/www.demusculos.com\\\/ayuda\\\/problemas\\\/polvo-compactado-humedo-o-con-grumos\\\/\",\"name\":\"Polvo compactado, h\u00famedo o con grumos | DeMusculos.com | AYUDA\",\"isPartOf\":{\"@id\":\"https:\\\/\\\/www.demusculos.com\\\/ayuda\\\/#website\"},\"primaryImageOfPage\":{\"@id\":\"https:\\\/\\\/www.demusculos.com\\\/ayuda\\\/problemas\\\/polvo-compactado-humedo-o-con-grumos\\\/#primaryimage\"},\"image\":{\"@id\":\"https:\\\/\\\/www.demusculos.com\\\/ayuda\\\/problemas\\\/polvo-compactado-humedo-o-con-grumos\\\/#primaryimage\"},\"thumbnailUrl\":\"https:\\\/\\\/www.demusculos.com\\\/ayuda\\\/wp-content\\\/uploads\\\/2025\\\/12\\\/hidroscopicos.webp\",\"datePublished\":\"2025-12-14T18:27:09+00:00\",\"dateModified\":\"2025-12-14T18:37:41+00:00\",\"breadcrumb\":{\"@id\":\"https:\\\/\\\/www.demusculos.com\\\/ayuda\\\/problemas\\\/polvo-compactado-humedo-o-con-grumos\\\/#breadcrumb\"},\"inLanguage\":\"es\",\"potentialAction\":[{\"@type\":\"ReadAction\",\"target\":[\"https:\\\/\\\/www.demusculos.com\\\/ayuda\\\/problemas\\\/polvo-compactado-humedo-o-con-grumos\\\/\"]}]},{\"@type\":\"ImageObject\",\"inLanguage\":\"es\",\"@id\":\"https:\\\/\\\/www.demusculos.com\\\/ayuda\\\/problemas\\\/polvo-compactado-humedo-o-con-grumos\\\/#primaryimage\",\"url\":\"https:\\\/\\\/www.demusculos.com\\\/ayuda\\\/wp-content\\\/uploads\\\/2025\\\/12\\\/hidroscopicos.webp\",\"contentUrl\":\"https:\\\/\\\/www.demusculos.com\\\/ayuda\\\/wp-content\\\/uploads\\\/2025\\\/12\\\/hidroscopicos.webp\",\"width\":600,\"height\":300},{\"@type\":\"BreadcrumbList\",\"@id\":\"https:\\\/\\\/www.demusculos.com\\\/ayuda\\\/problemas\\\/polvo-compactado-humedo-o-con-grumos\\\/#breadcrumb\",\"itemListElement\":[{\"@type\":\"ListItem\",\"position\":1,\"name\":\"Portada\",\"item\":\"https:\\\/\\\/www.demusculos.com\\\/ayuda\\\/\"},{\"@type\":\"ListItem\",\"position\":2,\"name\":\"Problemas\",\"item\":\"https:\\\/\\\/www.demusculos.com\\\/ayuda\\\/problemas\\\/\"},{\"@type\":\"ListItem\",\"position\":3,\"name\":\"Polvo compactado, h\u00famedo o con grumos\"}]},{\"@type\":\"WebSite\",\"@id\":\"https:\\\/\\\/www.demusculos.com\\\/ayuda\\\/#website\",\"url\":\"https:\\\/\\\/www.demusculos.com\\\/ayuda\\\/\",\"name\":\"DeMusculos.com | AYUDA\",\"description\":\"Suplementos Naturales, Accesorios, Indumentaria\",\"publisher\":{\"@id\":\"https:\\\/\\\/www.demusculos.com\\\/ayuda\\\/#organization\"},\"alternateName\":\"Suplementos Natuarles\",\"potentialAction\":[{\"@type\":\"SearchAction\",\"target\":{\"@type\":\"EntryPoint\",\"urlTemplate\":\"https:\\\/\\\/www.demusculos.com\\\/ayuda\\\/?s={search_term_string}\"},\"query-input\":{\"@type\":\"PropertyValueSpecification\",\"valueRequired\":true,\"valueName\":\"search_term_string\"}}],\"inLanguage\":\"es\"},{\"@type\":\"Organization\",\"@id\":\"https:\\\/\\\/www.demusculos.com\\\/ayuda\\\/#organization\",\"name\":\"DeMusculos.com | AYUDA\",\"url\":\"https:\\\/\\\/www.demusculos.com\\\/ayuda\\\/\",\"logo\":{\"@type\":\"ImageObject\",\"inLanguage\":\"es\",\"@id\":\"https:\\\/\\\/www.demusculos.com\\\/ayuda\\\/#\\\/schema\\\/logo\\\/image\\\/\",\"url\":\"https:\\\/\\\/www.demusculos.com\\\/ayuda\\\/wp-content\\\/uploads\\\/2024\\\/01\\\/logo-demusculos-prestashop-usuario.png\",\"contentUrl\":\"https:\\\/\\\/www.demusculos.com\\\/ayuda\\\/wp-content\\\/uploads\\\/2024\\\/01\\\/logo-demusculos-prestashop-usuario.png\",\"width\":150,\"height\":150,\"caption\":\"DeMusculos.com | AYUDA\"},\"image\":{\"@id\":\"https:\\\/\\\/www.demusculos.com\\\/ayuda\\\/#\\\/schema\\\/logo\\\/image\\\/\"},\"sameAs\":[\"https:\\\/\\\/www.facebook.com\\\/demusculos\",\"https:\\\/\\\/x.com\\\/demusculos\",\"https:\\\/\\\/www.tiktok.com\\\/@demusculos.com\"]}]}<\/script>\n<!-- \/ Yoast SEO plugin. -->","yoast_head_json":{"title":"Polvo compactado, h\u00famedo o con grumos | DeMusculos.com | AYUDA","robots":{"index":"index","follow":"follow","max-snippet":"max-snippet:-1","max-image-preview":"max-image-preview:large","max-video-preview":"max-video-preview:-1"},"canonical":"https:\/\/www.demusculos.com\/ayuda\/problemas\/polvo-compactado-humedo-o-con-grumos\/","og_locale":"es_ES","og_type":"article","og_title":"Polvo compactado, h\u00famedo o con grumos | DeMusculos.com | AYUDA","og_description":"Los productos que contienen beta alanina, leucina, isoleucina o valina pueden presentar grumos o compactaci\u00f3n del polvo. Esto ocurre porque son materias primas altamente higrosc\u00f3picas, es decir, absorben f\u00e1cilmente la humedad del ambiente. A mayor pureza de los ingredientes, mayor es tambi\u00e9n su higroscopicidad, por lo que es normal que se formen peque\u00f1os grumos o [&hellip;]","og_url":"https:\/\/www.demusculos.com\/ayuda\/problemas\/polvo-compactado-humedo-o-con-grumos\/","og_site_name":"DeMusculos.com | AYUDA","article_publisher":"https:\/\/www.facebook.com\/demusculos","article_modified_time":"2025-12-14T18:37:41+00:00","og_image":[{"width":600,"height":300,"url":"https:\/\/www.demusculos.com\/ayuda\/wp-content\/uploads\/2025\/12\/hidroscopicos.webp","type":"image\/webp"}],"twitter_card":"summary_large_image","twitter_site":"@demusculos","twitter_misc":{"Tiempo de lectura":"2 minutos"},"schema":{"@context":"https:\/\/schema.org","@graph":[{"@type":"WebPage","@id":"https:\/\/www.demusculos.com\/ayuda\/problemas\/polvo-compactado-humedo-o-con-grumos\/","url":"https:\/\/www.demusculos.com\/ayuda\/problemas\/polvo-compactado-humedo-o-con-grumos\/","name":"Polvo compactado, h\u00famedo o con grumos | DeMusculos.com | AYUDA","isPartOf":{"@id":"https:\/\/www.demusculos.com\/ayuda\/#website"},"primaryImageOfPage":{"@id":"https:\/\/www.demusculos.com\/ayuda\/problemas\/polvo-compactado-humedo-o-con-grumos\/#primaryimage"},"image":{"@id":"https:\/\/www.demusculos.com\/ayuda\/problemas\/polvo-compactado-humedo-o-con-grumos\/#primaryimage"},"thumbnailUrl":"https:\/\/www.demusculos.com\/ayuda\/wp-content\/uploads\/2025\/12\/hidroscopicos.webp","datePublished":"2025-12-14T18:27:09+00:00","dateModified":"2025-12-14T18:37:41+00:00","breadcrumb":{"@id":"https:\/\/www.demusculos.com\/ayuda\/problemas\/polvo-compactado-humedo-o-con-grumos\/#breadcrumb"},"inLanguage":"es","potentialAction":[{"@type":"ReadAction","target":["https:\/\/www.demusculos.com\/ayuda\/problemas\/polvo-compactado-humedo-o-con-grumos\/"]}]},{"@type":"ImageObject","inLanguage":"es","@id":"https:\/\/www.demusculos.com\/ayuda\/problemas\/polvo-compactado-humedo-o-con-grumos\/#primaryimage","url":"https:\/\/www.demusculos.com\/ayuda\/wp-content\/uploads\/2025\/12\/hidroscopicos.webp","contentUrl":"https:\/\/www.demusculos.com\/ayuda\/wp-content\/uploads\/2025\/12\/hidroscopicos.webp","width":600,"height":300},{"@type":"BreadcrumbList","@id":"https:\/\/www.demusculos.com\/ayuda\/problemas\/polvo-compactado-humedo-o-con-grumos\/#breadcrumb","itemListElement":[{"@type":"ListItem","position":1,"name":"Portada","item":"https:\/\/www.demusculos.com\/ayuda\/"},{"@type":"ListItem","position":2,"name":"Problemas","item":"https:\/\/www.demusculos.com\/ayuda\/problemas\/"},{"@type":"ListItem","position":3,"name":"Polvo compactado, h\u00famedo o con grumos"}]},{"@type":"WebSite","@id":"https:\/\/www.demusculos.com\/ayuda\/#website","url":"https:\/\/www.demusculos.com\/ayuda\/","name":"DeMusculos.com | AYUDA","description":"Suplementos Naturales, Accesorios, Indumentaria","publisher":{"@id":"https:\/\/www.demusculos.com\/ayuda\/#organization"},"alternateName":"Suplementos Natuarles","potentialAction":[{"@type":"SearchAction","target":{"@type":"EntryPoint","urlTemplate":"https:\/\/www.demusculos.com\/ayuda\/?s={search_term_string}"},"query-input":{"@type":"PropertyValueSpecification","valueRequired":true,"valueName":"search_term_string"}}],"inLanguage":"es"},{"@type":"Organization","@id":"https:\/\/www.demusculos.com\/ayuda\/#organization","name":"DeMusculos.com | AYUDA","url":"https:\/\/www.demusculos.com\/ayuda\/","logo":{"@type":"ImageObject","inLanguage":"es","@id":"https:\/\/www.demusculos.com\/ayuda\/#\/schema\/logo\/image\/","url":"https:\/\/www.demusculos.com\/ayuda\/wp-content\/uploads\/2024\/01\/logo-demusculos-prestashop-usuario.png","contentUrl":"https:\/\/www.demusculos.com\/ayuda\/wp-content\/uploads\/2024\/01\/logo-demusculos-prestashop-usuario.png","width":150,"height":150,"caption":"DeMusculos.com | AYUDA"},"image":{"@id":"https:\/\/www.demusculos.com\/ayuda\/#\/schema\/logo\/image\/"},"sameAs":["https:\/\/www.facebook.com\/demusculos","https:\/\/x.com\/demusculos","https:\/\/www.tiktok.com\/@demusculos.com"]}]}},"_links":{"self":[{"href":"https:\/\/www.demusculos.com\/ayuda\/wp-json\/wp\/v2\/pages\/4736","targetHints":{"allow":["GET"]}}],"collection":[{"href":"https:\/\/www.demusculos.com\/ayuda\/wp-json\/wp\/v2\/pages"}],"about":[{"href":"https:\/\/www.demusculos.com\/ayuda\/wp-json\/wp\/v2\/types\/page"}],"author":[{"embeddable":true,"href":"https:\/\/www.demusculos.com\/ayuda\/wp-json\/wp\/v2\/users\/1"}],"replies":[{"embeddable":true,"href":"https:\/\/www.demusculos.com\/ayuda\/wp-json\/wp\/v2\/comments?post=4736"}],"version-history":[{"count":3,"href":"https:\/\/www.demusculos.com\/ayuda\/wp-json\/wp\/v2\/pages\/4736\/revisions"}],"predecessor-version":[{"id":4743,"href":"https:\/\/www.demusculos.com\/ayuda\/wp-json\/wp\/v2\/pages\/4736\/revisions\/4743"}],"up":[{"embeddable":true,"href":"https:\/\/www.demusculos.com\/ayuda\/wp-json\/wp\/v2\/pages\/4622"}],"wp:attachment":[{"href":"https:\/\/www.demusculos.com\/ayuda\/wp-json\/wp\/v2\/media?parent=4736"}],"curies":[{"name":"wp","href":"https:\/\/api.w.org\/{rel}","templated":true}]}}