{"id":4759,"date":"2025-12-14T19:04:28","date_gmt":"2025-12-14T19:04:28","guid":{"rendered":"https:\/\/www.demusculos.com\/ayuda\/?page_id=4759"},"modified":"2025-12-14T19:21:17","modified_gmt":"2025-12-14T19:21:17","slug":"olor-intenso-o-desagradable","status":"publish","type":"page","link":"https:\/\/www.demusculos.com\/ayuda\/problemas\/olor-intenso-o-desagradable\/","title":{"rendered":"Olor intenso o desagradable"},"content":{"rendered":"\n<p>Algunos suplementos pueden presentar <strong>olores m\u00e1s fuertes o concentrados<\/strong> que otros, incluso dentro de una misma categor\u00eda. Esto depende principalmente de las <strong>materias primas, vitaminas y minerales<\/strong> que contengan, as\u00ed como de los compuestos utilizados en su formulaci\u00f3n.<\/p>\n\n\n\n<p>Por ejemplo, productos como <strong>Ripped Fast de Pulver<\/strong>, <strong>Super Cuts 3 de Universal<\/strong> o el cl\u00e1sico <strong>Animal Pak de Universal<\/strong> suelen tener <strong>un olor intenso y caracter\u00edstico<\/strong>. En la mayor\u00eda de los casos, este tipo de aroma proviene de la presencia de <strong>vitaminas del complejo B, minerales y extractos naturales<\/strong>, que generan un olor m\u00e1s perceptible al abrir el envase.<\/p>\n\n\n\n<p>Tambi\u00e9n puede presentarse este tipo de olor en <strong>quemadores de grasa, amino\u00e1cidos y multivitam\u00ednicos<\/strong>, sin que ello signifique que el producto est\u00e9 en mal estado o haya perdido efectividad.<\/p>\n\n\n\n<p>El <strong>olor intenso no afecta la calidad ni la funci\u00f3n del suplemento<\/strong>, y es un rasgo habitual en f\u00f3rmulas concentradas o con alta pureza de ingredientes.<\/p>\n\n\n\n<figure class=\"wp-block-image size-full\"><a href=\"https:\/\/www.demusculos.com\/ayuda\/problemas\/comentanos-tu-problema\/\"><img loading=\"lazy\" decoding=\"async\" width=\"600\" height=\"140\" src=\"https:\/\/www.demusculos.com\/ayuda\/wp-content\/uploads\/2025\/12\/comentanos.webp\" alt=\"\" class=\"wp-image-4723\" srcset=\"https:\/\/www.demusculos.com\/ayuda\/wp-content\/uploads\/2025\/12\/comentanos.webp 600w, https:\/\/www.demusculos.com\/ayuda\/wp-content\/uploads\/2025\/12\/comentanos-300x70.webp 300w\" sizes=\"auto, (max-width: 600px) 100vw, 600px\" \/><\/a><\/figure>\n\n\n\n<p>&lt; <a href=\"https:\/\/www.demusculos.com\/ayuda\/problemas\/\">Regresar<\/a><\/p>\n","protected":false},"excerpt":{"rendered":"<p>Algunos suplementos pueden presentar olores m\u00e1s fuertes o concentrados que otros, incluso dentro de una misma categor\u00eda. Esto depende principalmente de las materias primas, vitaminas y minerales que contengan, as\u00ed como de los compuestos utilizados en su formulaci\u00f3n. Por ejemplo, productos como Ripped Fast de Pulver, Super Cuts 3 de Universal o el cl\u00e1sico Animal [&hellip;]<\/p>\n","protected":false},"author":1,"featured_media":0,"parent":4622,"menu_order":0,"comment_status":"closed","ping_status":"closed","template":"","meta":{"footnotes":""},"class_list":["post-4759","page","type-page","status-publish","hentry"],"yoast_head":"<!-- This site is optimized with the Yoast SEO plugin v27.4 - https:\/\/yoast.com\/product\/yoast-seo-wordpress\/ -->\n<title>Olor intenso o desagradable | DeMusculos.com | AYUDA<\/title>\n<meta name=\"robots\" content=\"index, follow, max-snippet:-1, max-image-preview:large, max-video-preview:-1\" \/>\n<link rel=\"canonical\" href=\"https:\/\/www.demusculos.com\/ayuda\/problemas\/olor-intenso-o-desagradable\/\" \/>\n<meta property=\"og:locale\" content=\"es_ES\" \/>\n<meta property=\"og:type\" content=\"article\" \/>\n<meta property=\"og:title\" content=\"Olor intenso o desagradable | DeMusculos.com | AYUDA\" \/>\n<meta property=\"og:description\" content=\"Algunos suplementos pueden presentar olores m\u00e1s fuertes o concentrados que otros, incluso dentro de una misma categor\u00eda. Esto depende principalmente de las materias primas, vitaminas y minerales que contengan, as\u00ed como de los compuestos utilizados en su formulaci\u00f3n. Por ejemplo, productos como Ripped Fast de Pulver, Super Cuts 3 de Universal o el cl\u00e1sico Animal [&hellip;]\" \/>\n<meta property=\"og:url\" content=\"https:\/\/www.demusculos.com\/ayuda\/problemas\/olor-intenso-o-desagradable\/\" \/>\n<meta property=\"og:site_name\" content=\"DeMusculos.com | AYUDA\" \/>\n<meta property=\"article:publisher\" content=\"https:\/\/www.facebook.com\/demusculos\" \/>\n<meta property=\"article:modified_time\" content=\"2025-12-14T19:21:17+00:00\" \/>\n<meta property=\"og:image\" content=\"https:\/\/www.demusculos.com\/ayuda\/wp-content\/uploads\/2025\/12\/comentanos.webp\" \/>\n\t<meta property=\"og:image:width\" content=\"600\" \/>\n\t<meta property=\"og:image:height\" content=\"140\" \/>\n\t<meta property=\"og:image:type\" content=\"image\/webp\" \/>\n<meta name=\"twitter:card\" content=\"summary_large_image\" \/>\n<meta name=\"twitter:site\" content=\"@demusculos\" \/>\n<meta name=\"twitter:label1\" content=\"Tiempo de lectura\" \/>\n\t<meta name=\"twitter:data1\" content=\"1 minuto\" \/>\n<script type=\"application\/ld+json\" class=\"yoast-schema-graph\">{\"@context\":\"https:\\\/\\\/schema.org\",\"@graph\":[{\"@type\":\"WebPage\",\"@id\":\"https:\\\/\\\/www.demusculos.com\\\/ayuda\\\/problemas\\\/olor-intenso-o-desagradable\\\/\",\"url\":\"https:\\\/\\\/www.demusculos.com\\\/ayuda\\\/problemas\\\/olor-intenso-o-desagradable\\\/\",\"name\":\"Olor intenso o desagradable | DeMusculos.com | AYUDA\",\"isPartOf\":{\"@id\":\"https:\\\/\\\/www.demusculos.com\\\/ayuda\\\/#website\"},\"primaryImageOfPage\":{\"@id\":\"https:\\\/\\\/www.demusculos.com\\\/ayuda\\\/problemas\\\/olor-intenso-o-desagradable\\\/#primaryimage\"},\"image\":{\"@id\":\"https:\\\/\\\/www.demusculos.com\\\/ayuda\\\/problemas\\\/olor-intenso-o-desagradable\\\/#primaryimage\"},\"thumbnailUrl\":\"https:\\\/\\\/www.demusculos.com\\\/ayuda\\\/wp-content\\\/uploads\\\/2025\\\/12\\\/comentanos.webp\",\"datePublished\":\"2025-12-14T19:04:28+00:00\",\"dateModified\":\"2025-12-14T19:21:17+00:00\",\"breadcrumb\":{\"@id\":\"https:\\\/\\\/www.demusculos.com\\\/ayuda\\\/problemas\\\/olor-intenso-o-desagradable\\\/#breadcrumb\"},\"inLanguage\":\"es\",\"potentialAction\":[{\"@type\":\"ReadAction\",\"target\":[\"https:\\\/\\\/www.demusculos.com\\\/ayuda\\\/problemas\\\/olor-intenso-o-desagradable\\\/\"]}]},{\"@type\":\"ImageObject\",\"inLanguage\":\"es\",\"@id\":\"https:\\\/\\\/www.demusculos.com\\\/ayuda\\\/problemas\\\/olor-intenso-o-desagradable\\\/#primaryimage\",\"url\":\"https:\\\/\\\/www.demusculos.com\\\/ayuda\\\/wp-content\\\/uploads\\\/2025\\\/12\\\/comentanos.webp\",\"contentUrl\":\"https:\\\/\\\/www.demusculos.com\\\/ayuda\\\/wp-content\\\/uploads\\\/2025\\\/12\\\/comentanos.webp\",\"width\":600,\"height\":140},{\"@type\":\"BreadcrumbList\",\"@id\":\"https:\\\/\\\/www.demusculos.com\\\/ayuda\\\/problemas\\\/olor-intenso-o-desagradable\\\/#breadcrumb\",\"itemListElement\":[{\"@type\":\"ListItem\",\"position\":1,\"name\":\"Portada\",\"item\":\"https:\\\/\\\/www.demusculos.com\\\/ayuda\\\/\"},{\"@type\":\"ListItem\",\"position\":2,\"name\":\"Problemas\",\"item\":\"https:\\\/\\\/www.demusculos.com\\\/ayuda\\\/problemas\\\/\"},{\"@type\":\"ListItem\",\"position\":3,\"name\":\"Olor intenso o desagradable\"}]},{\"@type\":\"WebSite\",\"@id\":\"https:\\\/\\\/www.demusculos.com\\\/ayuda\\\/#website\",\"url\":\"https:\\\/\\\/www.demusculos.com\\\/ayuda\\\/\",\"name\":\"DeMusculos.com | AYUDA\",\"description\":\"Suplementos Naturales, Accesorios, Indumentaria\",\"publisher\":{\"@id\":\"https:\\\/\\\/www.demusculos.com\\\/ayuda\\\/#organization\"},\"alternateName\":\"Suplementos Natuarles\",\"potentialAction\":[{\"@type\":\"SearchAction\",\"target\":{\"@type\":\"EntryPoint\",\"urlTemplate\":\"https:\\\/\\\/www.demusculos.com\\\/ayuda\\\/?s={search_term_string}\"},\"query-input\":{\"@type\":\"PropertyValueSpecification\",\"valueRequired\":true,\"valueName\":\"search_term_string\"}}],\"inLanguage\":\"es\"},{\"@type\":\"Organization\",\"@id\":\"https:\\\/\\\/www.demusculos.com\\\/ayuda\\\/#organization\",\"name\":\"DeMusculos.com | AYUDA\",\"url\":\"https:\\\/\\\/www.demusculos.com\\\/ayuda\\\/\",\"logo\":{\"@type\":\"ImageObject\",\"inLanguage\":\"es\",\"@id\":\"https:\\\/\\\/www.demusculos.com\\\/ayuda\\\/#\\\/schema\\\/logo\\\/image\\\/\",\"url\":\"https:\\\/\\\/www.demusculos.com\\\/ayuda\\\/wp-content\\\/uploads\\\/2024\\\/01\\\/logo-demusculos-prestashop-usuario.png\",\"contentUrl\":\"https:\\\/\\\/www.demusculos.com\\\/ayuda\\\/wp-content\\\/uploads\\\/2024\\\/01\\\/logo-demusculos-prestashop-usuario.png\",\"width\":150,\"height\":150,\"caption\":\"DeMusculos.com | AYUDA\"},\"image\":{\"@id\":\"https:\\\/\\\/www.demusculos.com\\\/ayuda\\\/#\\\/schema\\\/logo\\\/image\\\/\"},\"sameAs\":[\"https:\\\/\\\/www.facebook.com\\\/demusculos\",\"https:\\\/\\\/x.com\\\/demusculos\",\"https:\\\/\\\/www.tiktok.com\\\/@demusculos.com\"]}]}<\/script>\n<!-- \/ Yoast SEO plugin. -->","yoast_head_json":{"title":"Olor intenso o desagradable | DeMusculos.com | AYUDA","robots":{"index":"index","follow":"follow","max-snippet":"max-snippet:-1","max-image-preview":"max-image-preview:large","max-video-preview":"max-video-preview:-1"},"canonical":"https:\/\/www.demusculos.com\/ayuda\/problemas\/olor-intenso-o-desagradable\/","og_locale":"es_ES","og_type":"article","og_title":"Olor intenso o desagradable | DeMusculos.com | AYUDA","og_description":"Algunos suplementos pueden presentar olores m\u00e1s fuertes o concentrados que otros, incluso dentro de una misma categor\u00eda. Esto depende principalmente de las materias primas, vitaminas y minerales que contengan, as\u00ed como de los compuestos utilizados en su formulaci\u00f3n. Por ejemplo, productos como Ripped Fast de Pulver, Super Cuts 3 de Universal o el cl\u00e1sico Animal [&hellip;]","og_url":"https:\/\/www.demusculos.com\/ayuda\/problemas\/olor-intenso-o-desagradable\/","og_site_name":"DeMusculos.com | AYUDA","article_publisher":"https:\/\/www.facebook.com\/demusculos","article_modified_time":"2025-12-14T19:21:17+00:00","og_image":[{"width":600,"height":140,"url":"https:\/\/www.demusculos.com\/ayuda\/wp-content\/uploads\/2025\/12\/comentanos.webp","type":"image\/webp"}],"twitter_card":"summary_large_image","twitter_site":"@demusculos","twitter_misc":{"Tiempo de lectura":"1 minuto"},"schema":{"@context":"https:\/\/schema.org","@graph":[{"@type":"WebPage","@id":"https:\/\/www.demusculos.com\/ayuda\/problemas\/olor-intenso-o-desagradable\/","url":"https:\/\/www.demusculos.com\/ayuda\/problemas\/olor-intenso-o-desagradable\/","name":"Olor intenso o desagradable | DeMusculos.com | AYUDA","isPartOf":{"@id":"https:\/\/www.demusculos.com\/ayuda\/#website"},"primaryImageOfPage":{"@id":"https:\/\/www.demusculos.com\/ayuda\/problemas\/olor-intenso-o-desagradable\/#primaryimage"},"image":{"@id":"https:\/\/www.demusculos.com\/ayuda\/problemas\/olor-intenso-o-desagradable\/#primaryimage"},"thumbnailUrl":"https:\/\/www.demusculos.com\/ayuda\/wp-content\/uploads\/2025\/12\/comentanos.webp","datePublished":"2025-12-14T19:04:28+00:00","dateModified":"2025-12-14T19:21:17+00:00","breadcrumb":{"@id":"https:\/\/www.demusculos.com\/ayuda\/problemas\/olor-intenso-o-desagradable\/#breadcrumb"},"inLanguage":"es","potentialAction":[{"@type":"ReadAction","target":["https:\/\/www.demusculos.com\/ayuda\/problemas\/olor-intenso-o-desagradable\/"]}]},{"@type":"ImageObject","inLanguage":"es","@id":"https:\/\/www.demusculos.com\/ayuda\/problemas\/olor-intenso-o-desagradable\/#primaryimage","url":"https:\/\/www.demusculos.com\/ayuda\/wp-content\/uploads\/2025\/12\/comentanos.webp","contentUrl":"https:\/\/www.demusculos.com\/ayuda\/wp-content\/uploads\/2025\/12\/comentanos.webp","width":600,"height":140},{"@type":"BreadcrumbList","@id":"https:\/\/www.demusculos.com\/ayuda\/problemas\/olor-intenso-o-desagradable\/#breadcrumb","itemListElement":[{"@type":"ListItem","position":1,"name":"Portada","item":"https:\/\/www.demusculos.com\/ayuda\/"},{"@type":"ListItem","position":2,"name":"Problemas","item":"https:\/\/www.demusculos.com\/ayuda\/problemas\/"},{"@type":"ListItem","position":3,"name":"Olor intenso o desagradable"}]},{"@type":"WebSite","@id":"https:\/\/www.demusculos.com\/ayuda\/#website","url":"https:\/\/www.demusculos.com\/ayuda\/","name":"DeMusculos.com | AYUDA","description":"Suplementos Naturales, Accesorios, Indumentaria","publisher":{"@id":"https:\/\/www.demusculos.com\/ayuda\/#organization"},"alternateName":"Suplementos Natuarles","potentialAction":[{"@type":"SearchAction","target":{"@type":"EntryPoint","urlTemplate":"https:\/\/www.demusculos.com\/ayuda\/?s={search_term_string}"},"query-input":{"@type":"PropertyValueSpecification","valueRequired":true,"valueName":"search_term_string"}}],"inLanguage":"es"},{"@type":"Organization","@id":"https:\/\/www.demusculos.com\/ayuda\/#organization","name":"DeMusculos.com | AYUDA","url":"https:\/\/www.demusculos.com\/ayuda\/","logo":{"@type":"ImageObject","inLanguage":"es","@id":"https:\/\/www.demusculos.com\/ayuda\/#\/schema\/logo\/image\/","url":"https:\/\/www.demusculos.com\/ayuda\/wp-content\/uploads\/2024\/01\/logo-demusculos-prestashop-usuario.png","contentUrl":"https:\/\/www.demusculos.com\/ayuda\/wp-content\/uploads\/2024\/01\/logo-demusculos-prestashop-usuario.png","width":150,"height":150,"caption":"DeMusculos.com | AYUDA"},"image":{"@id":"https:\/\/www.demusculos.com\/ayuda\/#\/schema\/logo\/image\/"},"sameAs":["https:\/\/www.facebook.com\/demusculos","https:\/\/x.com\/demusculos","https:\/\/www.tiktok.com\/@demusculos.com"]}]}},"_links":{"self":[{"href":"https:\/\/www.demusculos.com\/ayuda\/wp-json\/wp\/v2\/pages\/4759","targetHints":{"allow":["GET"]}}],"collection":[{"href":"https:\/\/www.demusculos.com\/ayuda\/wp-json\/wp\/v2\/pages"}],"about":[{"href":"https:\/\/www.demusculos.com\/ayuda\/wp-json\/wp\/v2\/types\/page"}],"author":[{"embeddable":true,"href":"https:\/\/www.demusculos.com\/ayuda\/wp-json\/wp\/v2\/users\/1"}],"replies":[{"embeddable":true,"href":"https:\/\/www.demusculos.com\/ayuda\/wp-json\/wp\/v2\/comments?post=4759"}],"version-history":[{"count":3,"href":"https:\/\/www.demusculos.com\/ayuda\/wp-json\/wp\/v2\/pages\/4759\/revisions"}],"predecessor-version":[{"id":4764,"href":"https:\/\/www.demusculos.com\/ayuda\/wp-json\/wp\/v2\/pages\/4759\/revisions\/4764"}],"up":[{"embeddable":true,"href":"https:\/\/www.demusculos.com\/ayuda\/wp-json\/wp\/v2\/pages\/4622"}],"wp:attachment":[{"href":"https:\/\/www.demusculos.com\/ayuda\/wp-json\/wp\/v2\/media?parent=4759"}],"curies":[{"name":"wp","href":"https:\/\/api.w.org\/{rel}","templated":true}]}}