{"id":4772,"date":"2025-12-14T19:35:18","date_gmt":"2025-12-14T19:35:18","guid":{"rendered":"https:\/\/www.demusculos.com\/ayuda\/?page_id=4772"},"modified":"2025-12-14T19:37:58","modified_gmt":"2025-12-14T19:37:58","slug":"tiene-fecha-de-vencimiento-pero-esta-ilegible","status":"publish","type":"page","link":"https:\/\/www.demusculos.com\/ayuda\/problemas\/tiene-fecha-de-vencimiento-pero-esta-ilegible\/","title":{"rendered":"Tiene fecha de vencimiento pero esta ilegible"},"content":{"rendered":"\n<p>Si el producto tiene <strong>fecha de vencimiento impresa pero no se distingue claramente o resulta dif\u00edcil de leer<\/strong>, pod\u00e9s <strong>solicitarnos una foto del mismo producto, del mismo lote<\/strong>, para confirmar la fecha exacta de vencimiento.<\/p>\n\n\n\n<p>Esto puede suceder cuando la impresi\u00f3n de f\u00e1brica se realiza sobre superficies pl\u00e1sticas o met\u00e1licas, donde el color o el brillo dificultan la lectura.<\/p>\n\n\n\n<p>Nuestro equipo te asistir\u00e1 verificando el lote y envi\u00e1ndote la informaci\u00f3n correspondiente para que tengas total tranquilidad sobre el producto recibido.<\/p>\n\n\n\n<figure class=\"wp-block-image size-full\"><a href=\"https:\/\/www.demusculos.com\/ayuda\/problemas\/comentanos-tu-problema\/\"><img loading=\"lazy\" decoding=\"async\" width=\"600\" height=\"140\" src=\"https:\/\/www.demusculos.com\/ayuda\/wp-content\/uploads\/2025\/12\/comentanos.webp\" alt=\"\" class=\"wp-image-4723\" srcset=\"https:\/\/www.demusculos.com\/ayuda\/wp-content\/uploads\/2025\/12\/comentanos.webp 600w, https:\/\/www.demusculos.com\/ayuda\/wp-content\/uploads\/2025\/12\/comentanos-300x70.webp 300w\" sizes=\"auto, (max-width: 600px) 100vw, 600px\" \/><\/a><\/figure>\n\n\n\n<p>&lt; <a href=\"https:\/\/www.demusculos.com\/ayuda\/problemas\/\">Regresar<\/a><\/p>\n","protected":false},"excerpt":{"rendered":"<p>Si el producto tiene fecha de vencimiento impresa pero no se distingue claramente o resulta dif\u00edcil de leer, pod\u00e9s solicitarnos una foto del mismo producto, del mismo lote, para confirmar la fecha exacta de vencimiento. Esto puede suceder cuando la impresi\u00f3n de f\u00e1brica se realiza sobre superficies pl\u00e1sticas o met\u00e1licas, donde el color o el [&hellip;]<\/p>\n","protected":false},"author":1,"featured_media":0,"parent":4622,"menu_order":0,"comment_status":"closed","ping_status":"closed","template":"","meta":{"footnotes":""},"class_list":["post-4772","page","type-page","status-publish","hentry"],"yoast_head":"<!-- This site is optimized with the Yoast SEO plugin v27.4 - https:\/\/yoast.com\/product\/yoast-seo-wordpress\/ -->\n<title>Tiene fecha de vencimiento pero esta ilegible | DeMusculos.com | AYUDA<\/title>\n<meta name=\"robots\" content=\"index, follow, max-snippet:-1, max-image-preview:large, max-video-preview:-1\" \/>\n<link rel=\"canonical\" href=\"https:\/\/www.demusculos.com\/ayuda\/problemas\/tiene-fecha-de-vencimiento-pero-esta-ilegible\/\" \/>\n<meta property=\"og:locale\" content=\"es_ES\" \/>\n<meta property=\"og:type\" content=\"article\" \/>\n<meta property=\"og:title\" content=\"Tiene fecha de vencimiento pero esta ilegible | DeMusculos.com | AYUDA\" \/>\n<meta property=\"og:description\" content=\"Si el producto tiene fecha de vencimiento impresa pero no se distingue claramente o resulta dif\u00edcil de leer, pod\u00e9s solicitarnos una foto del mismo producto, del mismo lote, para confirmar la fecha exacta de vencimiento. Esto puede suceder cuando la impresi\u00f3n de f\u00e1brica se realiza sobre superficies pl\u00e1sticas o met\u00e1licas, donde el color o el [&hellip;]\" \/>\n<meta property=\"og:url\" content=\"https:\/\/www.demusculos.com\/ayuda\/problemas\/tiene-fecha-de-vencimiento-pero-esta-ilegible\/\" \/>\n<meta property=\"og:site_name\" content=\"DeMusculos.com | AYUDA\" \/>\n<meta property=\"article:publisher\" content=\"https:\/\/www.facebook.com\/demusculos\" \/>\n<meta property=\"article:modified_time\" content=\"2025-12-14T19:37:58+00:00\" \/>\n<meta property=\"og:image\" content=\"https:\/\/www.demusculos.com\/ayuda\/wp-content\/uploads\/2025\/12\/comentanos.webp\" \/>\n\t<meta property=\"og:image:width\" content=\"600\" \/>\n\t<meta property=\"og:image:height\" content=\"140\" \/>\n\t<meta property=\"og:image:type\" content=\"image\/webp\" \/>\n<meta name=\"twitter:card\" content=\"summary_large_image\" \/>\n<meta name=\"twitter:site\" content=\"@demusculos\" \/>\n<meta name=\"twitter:label1\" content=\"Tiempo de lectura\" \/>\n\t<meta name=\"twitter:data1\" content=\"1 minuto\" \/>\n<script type=\"application\/ld+json\" class=\"yoast-schema-graph\">{\"@context\":\"https:\\\/\\\/schema.org\",\"@graph\":[{\"@type\":\"WebPage\",\"@id\":\"https:\\\/\\\/www.demusculos.com\\\/ayuda\\\/problemas\\\/tiene-fecha-de-vencimiento-pero-esta-ilegible\\\/\",\"url\":\"https:\\\/\\\/www.demusculos.com\\\/ayuda\\\/problemas\\\/tiene-fecha-de-vencimiento-pero-esta-ilegible\\\/\",\"name\":\"Tiene fecha de vencimiento pero esta ilegible | DeMusculos.com | AYUDA\",\"isPartOf\":{\"@id\":\"https:\\\/\\\/www.demusculos.com\\\/ayuda\\\/#website\"},\"primaryImageOfPage\":{\"@id\":\"https:\\\/\\\/www.demusculos.com\\\/ayuda\\\/problemas\\\/tiene-fecha-de-vencimiento-pero-esta-ilegible\\\/#primaryimage\"},\"image\":{\"@id\":\"https:\\\/\\\/www.demusculos.com\\\/ayuda\\\/problemas\\\/tiene-fecha-de-vencimiento-pero-esta-ilegible\\\/#primaryimage\"},\"thumbnailUrl\":\"https:\\\/\\\/www.demusculos.com\\\/ayuda\\\/wp-content\\\/uploads\\\/2025\\\/12\\\/comentanos.webp\",\"datePublished\":\"2025-12-14T19:35:18+00:00\",\"dateModified\":\"2025-12-14T19:37:58+00:00\",\"breadcrumb\":{\"@id\":\"https:\\\/\\\/www.demusculos.com\\\/ayuda\\\/problemas\\\/tiene-fecha-de-vencimiento-pero-esta-ilegible\\\/#breadcrumb\"},\"inLanguage\":\"es\",\"potentialAction\":[{\"@type\":\"ReadAction\",\"target\":[\"https:\\\/\\\/www.demusculos.com\\\/ayuda\\\/problemas\\\/tiene-fecha-de-vencimiento-pero-esta-ilegible\\\/\"]}]},{\"@type\":\"ImageObject\",\"inLanguage\":\"es\",\"@id\":\"https:\\\/\\\/www.demusculos.com\\\/ayuda\\\/problemas\\\/tiene-fecha-de-vencimiento-pero-esta-ilegible\\\/#primaryimage\",\"url\":\"https:\\\/\\\/www.demusculos.com\\\/ayuda\\\/wp-content\\\/uploads\\\/2025\\\/12\\\/comentanos.webp\",\"contentUrl\":\"https:\\\/\\\/www.demusculos.com\\\/ayuda\\\/wp-content\\\/uploads\\\/2025\\\/12\\\/comentanos.webp\",\"width\":600,\"height\":140},{\"@type\":\"BreadcrumbList\",\"@id\":\"https:\\\/\\\/www.demusculos.com\\\/ayuda\\\/problemas\\\/tiene-fecha-de-vencimiento-pero-esta-ilegible\\\/#breadcrumb\",\"itemListElement\":[{\"@type\":\"ListItem\",\"position\":1,\"name\":\"Portada\",\"item\":\"https:\\\/\\\/www.demusculos.com\\\/ayuda\\\/\"},{\"@type\":\"ListItem\",\"position\":2,\"name\":\"Problemas\",\"item\":\"https:\\\/\\\/www.demusculos.com\\\/ayuda\\\/problemas\\\/\"},{\"@type\":\"ListItem\",\"position\":3,\"name\":\"Tiene fecha de vencimiento pero esta ilegible\"}]},{\"@type\":\"WebSite\",\"@id\":\"https:\\\/\\\/www.demusculos.com\\\/ayuda\\\/#website\",\"url\":\"https:\\\/\\\/www.demusculos.com\\\/ayuda\\\/\",\"name\":\"DeMusculos.com | AYUDA\",\"description\":\"Suplementos Naturales, Accesorios, Indumentaria\",\"publisher\":{\"@id\":\"https:\\\/\\\/www.demusculos.com\\\/ayuda\\\/#organization\"},\"alternateName\":\"Suplementos Natuarles\",\"potentialAction\":[{\"@type\":\"SearchAction\",\"target\":{\"@type\":\"EntryPoint\",\"urlTemplate\":\"https:\\\/\\\/www.demusculos.com\\\/ayuda\\\/?s={search_term_string}\"},\"query-input\":{\"@type\":\"PropertyValueSpecification\",\"valueRequired\":true,\"valueName\":\"search_term_string\"}}],\"inLanguage\":\"es\"},{\"@type\":\"Organization\",\"@id\":\"https:\\\/\\\/www.demusculos.com\\\/ayuda\\\/#organization\",\"name\":\"DeMusculos.com | AYUDA\",\"url\":\"https:\\\/\\\/www.demusculos.com\\\/ayuda\\\/\",\"logo\":{\"@type\":\"ImageObject\",\"inLanguage\":\"es\",\"@id\":\"https:\\\/\\\/www.demusculos.com\\\/ayuda\\\/#\\\/schema\\\/logo\\\/image\\\/\",\"url\":\"https:\\\/\\\/www.demusculos.com\\\/ayuda\\\/wp-content\\\/uploads\\\/2024\\\/01\\\/logo-demusculos-prestashop-usuario.png\",\"contentUrl\":\"https:\\\/\\\/www.demusculos.com\\\/ayuda\\\/wp-content\\\/uploads\\\/2024\\\/01\\\/logo-demusculos-prestashop-usuario.png\",\"width\":150,\"height\":150,\"caption\":\"DeMusculos.com | AYUDA\"},\"image\":{\"@id\":\"https:\\\/\\\/www.demusculos.com\\\/ayuda\\\/#\\\/schema\\\/logo\\\/image\\\/\"},\"sameAs\":[\"https:\\\/\\\/www.facebook.com\\\/demusculos\",\"https:\\\/\\\/x.com\\\/demusculos\",\"https:\\\/\\\/www.tiktok.com\\\/@demusculos.com\"]}]}<\/script>\n<!-- \/ Yoast SEO plugin. -->","yoast_head_json":{"title":"Tiene fecha de vencimiento pero esta ilegible | DeMusculos.com | AYUDA","robots":{"index":"index","follow":"follow","max-snippet":"max-snippet:-1","max-image-preview":"max-image-preview:large","max-video-preview":"max-video-preview:-1"},"canonical":"https:\/\/www.demusculos.com\/ayuda\/problemas\/tiene-fecha-de-vencimiento-pero-esta-ilegible\/","og_locale":"es_ES","og_type":"article","og_title":"Tiene fecha de vencimiento pero esta ilegible | DeMusculos.com | AYUDA","og_description":"Si el producto tiene fecha de vencimiento impresa pero no se distingue claramente o resulta dif\u00edcil de leer, pod\u00e9s solicitarnos una foto del mismo producto, del mismo lote, para confirmar la fecha exacta de vencimiento. Esto puede suceder cuando la impresi\u00f3n de f\u00e1brica se realiza sobre superficies pl\u00e1sticas o met\u00e1licas, donde el color o el [&hellip;]","og_url":"https:\/\/www.demusculos.com\/ayuda\/problemas\/tiene-fecha-de-vencimiento-pero-esta-ilegible\/","og_site_name":"DeMusculos.com | AYUDA","article_publisher":"https:\/\/www.facebook.com\/demusculos","article_modified_time":"2025-12-14T19:37:58+00:00","og_image":[{"width":600,"height":140,"url":"https:\/\/www.demusculos.com\/ayuda\/wp-content\/uploads\/2025\/12\/comentanos.webp","type":"image\/webp"}],"twitter_card":"summary_large_image","twitter_site":"@demusculos","twitter_misc":{"Tiempo de lectura":"1 minuto"},"schema":{"@context":"https:\/\/schema.org","@graph":[{"@type":"WebPage","@id":"https:\/\/www.demusculos.com\/ayuda\/problemas\/tiene-fecha-de-vencimiento-pero-esta-ilegible\/","url":"https:\/\/www.demusculos.com\/ayuda\/problemas\/tiene-fecha-de-vencimiento-pero-esta-ilegible\/","name":"Tiene fecha de vencimiento pero esta ilegible | DeMusculos.com | AYUDA","isPartOf":{"@id":"https:\/\/www.demusculos.com\/ayuda\/#website"},"primaryImageOfPage":{"@id":"https:\/\/www.demusculos.com\/ayuda\/problemas\/tiene-fecha-de-vencimiento-pero-esta-ilegible\/#primaryimage"},"image":{"@id":"https:\/\/www.demusculos.com\/ayuda\/problemas\/tiene-fecha-de-vencimiento-pero-esta-ilegible\/#primaryimage"},"thumbnailUrl":"https:\/\/www.demusculos.com\/ayuda\/wp-content\/uploads\/2025\/12\/comentanos.webp","datePublished":"2025-12-14T19:35:18+00:00","dateModified":"2025-12-14T19:37:58+00:00","breadcrumb":{"@id":"https:\/\/www.demusculos.com\/ayuda\/problemas\/tiene-fecha-de-vencimiento-pero-esta-ilegible\/#breadcrumb"},"inLanguage":"es","potentialAction":[{"@type":"ReadAction","target":["https:\/\/www.demusculos.com\/ayuda\/problemas\/tiene-fecha-de-vencimiento-pero-esta-ilegible\/"]}]},{"@type":"ImageObject","inLanguage":"es","@id":"https:\/\/www.demusculos.com\/ayuda\/problemas\/tiene-fecha-de-vencimiento-pero-esta-ilegible\/#primaryimage","url":"https:\/\/www.demusculos.com\/ayuda\/wp-content\/uploads\/2025\/12\/comentanos.webp","contentUrl":"https:\/\/www.demusculos.com\/ayuda\/wp-content\/uploads\/2025\/12\/comentanos.webp","width":600,"height":140},{"@type":"BreadcrumbList","@id":"https:\/\/www.demusculos.com\/ayuda\/problemas\/tiene-fecha-de-vencimiento-pero-esta-ilegible\/#breadcrumb","itemListElement":[{"@type":"ListItem","position":1,"name":"Portada","item":"https:\/\/www.demusculos.com\/ayuda\/"},{"@type":"ListItem","position":2,"name":"Problemas","item":"https:\/\/www.demusculos.com\/ayuda\/problemas\/"},{"@type":"ListItem","position":3,"name":"Tiene fecha de vencimiento pero esta ilegible"}]},{"@type":"WebSite","@id":"https:\/\/www.demusculos.com\/ayuda\/#website","url":"https:\/\/www.demusculos.com\/ayuda\/","name":"DeMusculos.com | AYUDA","description":"Suplementos Naturales, Accesorios, Indumentaria","publisher":{"@id":"https:\/\/www.demusculos.com\/ayuda\/#organization"},"alternateName":"Suplementos Natuarles","potentialAction":[{"@type":"SearchAction","target":{"@type":"EntryPoint","urlTemplate":"https:\/\/www.demusculos.com\/ayuda\/?s={search_term_string}"},"query-input":{"@type":"PropertyValueSpecification","valueRequired":true,"valueName":"search_term_string"}}],"inLanguage":"es"},{"@type":"Organization","@id":"https:\/\/www.demusculos.com\/ayuda\/#organization","name":"DeMusculos.com | AYUDA","url":"https:\/\/www.demusculos.com\/ayuda\/","logo":{"@type":"ImageObject","inLanguage":"es","@id":"https:\/\/www.demusculos.com\/ayuda\/#\/schema\/logo\/image\/","url":"https:\/\/www.demusculos.com\/ayuda\/wp-content\/uploads\/2024\/01\/logo-demusculos-prestashop-usuario.png","contentUrl":"https:\/\/www.demusculos.com\/ayuda\/wp-content\/uploads\/2024\/01\/logo-demusculos-prestashop-usuario.png","width":150,"height":150,"caption":"DeMusculos.com | AYUDA"},"image":{"@id":"https:\/\/www.demusculos.com\/ayuda\/#\/schema\/logo\/image\/"},"sameAs":["https:\/\/www.facebook.com\/demusculos","https:\/\/x.com\/demusculos","https:\/\/www.tiktok.com\/@demusculos.com"]}]}},"_links":{"self":[{"href":"https:\/\/www.demusculos.com\/ayuda\/wp-json\/wp\/v2\/pages\/4772","targetHints":{"allow":["GET"]}}],"collection":[{"href":"https:\/\/www.demusculos.com\/ayuda\/wp-json\/wp\/v2\/pages"}],"about":[{"href":"https:\/\/www.demusculos.com\/ayuda\/wp-json\/wp\/v2\/types\/page"}],"author":[{"embeddable":true,"href":"https:\/\/www.demusculos.com\/ayuda\/wp-json\/wp\/v2\/users\/1"}],"replies":[{"embeddable":true,"href":"https:\/\/www.demusculos.com\/ayuda\/wp-json\/wp\/v2\/comments?post=4772"}],"version-history":[{"count":3,"href":"https:\/\/www.demusculos.com\/ayuda\/wp-json\/wp\/v2\/pages\/4772\/revisions"}],"predecessor-version":[{"id":4778,"href":"https:\/\/www.demusculos.com\/ayuda\/wp-json\/wp\/v2\/pages\/4772\/revisions\/4778"}],"up":[{"embeddable":true,"href":"https:\/\/www.demusculos.com\/ayuda\/wp-json\/wp\/v2\/pages\/4622"}],"wp:attachment":[{"href":"https:\/\/www.demusculos.com\/ayuda\/wp-json\/wp\/v2\/media?parent=4772"}],"curies":[{"name":"wp","href":"https:\/\/api.w.org\/{rel}","templated":true}]}}