{"id":4904,"date":"2025-12-15T00:40:44","date_gmt":"2025-12-15T00:40:44","guid":{"rendered":"https:\/\/www.demusculos.com\/ayuda\/?page_id=4904"},"modified":"2025-12-15T00:56:46","modified_gmt":"2025-12-15T00:56:46","slug":"efectos-fisicos-inesperados","status":"publish","type":"page","link":"https:\/\/www.demusculos.com\/ayuda\/problemas\/efectos-fisicos-inesperados\/","title":{"rendered":"Efectos f\u00edsicos inesperados"},"content":{"rendered":"\n<p>Un <strong>suplemento natural<\/strong> puede considerarse un <strong>superalimento<\/strong>, ya que aporta nutrientes concentrados que ayudan a mejorar el rendimiento f\u00edsico, la recuperaci\u00f3n o el bienestar general.<\/p>\n\n\n\n<p>Antes de comenzar a tomar un suplemento, <strong>siempre es recomendable consultar a un m\u00e9dico o nutricionista<\/strong>, especialmente si ten\u00e9s alguna condici\u00f3n de salud o est\u00e1s tomando medicaci\u00f3n. Sin embargo, tambi\u00e9n es com\u00fan que muchas personas prueben un producto luego de ver buenos resultados en amigos o conocidos.<\/p>\n\n\n\n<p>Es importante entender que <strong>cada organismo reacciona de manera diferente<\/strong>. As\u00ed como no todos toleramos igual una gaseosa o una comida frita, <strong>tampoco todos reaccionamos igual ante una prote\u00edna, una creatina o cualquier otro suplemento<\/strong>.<\/p>\n\n\n\n<figure class=\"wp-block-image size-full\"><img loading=\"lazy\" decoding=\"async\" width=\"600\" height=\"300\" src=\"https:\/\/www.demusculos.com\/ayuda\/wp-content\/uploads\/2025\/12\/alimentos-suplementos.webp\" alt=\"\" class=\"wp-image-4909\" srcset=\"https:\/\/www.demusculos.com\/ayuda\/wp-content\/uploads\/2025\/12\/alimentos-suplementos.webp 600w, https:\/\/www.demusculos.com\/ayuda\/wp-content\/uploads\/2025\/12\/alimentos-suplementos-300x150.webp 300w\" sizes=\"auto, (max-width: 600px) 100vw, 600px\" \/><\/figure>\n\n\n\n<p>Por ejemplo, <strong>no devolvemos una gaseosa por causarnos malestar<\/strong>, simplemente dejamos de consumirla. Lo mismo ocurre con los <strong>productos naturales de venta libre<\/strong>: pueden generar distintas sensaciones seg\u00fan cada persona.<\/p>\n\n\n\n<p>Si est\u00e1s tomando <strong>prote\u00edna<\/strong>, y not\u00e1s <strong>malestar estomacal o gases<\/strong>, lo m\u00e1s recomendable es <strong>prepararla con agua en lugar de leche<\/strong>, ya que la leche puede dificultar la digesti\u00f3n en algunas personas.<\/p>\n\n\n\n<p>En el caso de suplementos que contengan <strong>Beta Alanina<\/strong>, es posible sentir una <strong>leve picaz\u00f3n o cosquilleo en la piel durante 10 a 30 minutos<\/strong>. Este efecto es completamente <strong>normal y temporal<\/strong>, no se trata de una reacci\u00f3n al\u00e9rgica.<\/p>\n\n\n\n<p class=\"has-accent-3-color has-base-2-background-color has-text-color has-background has-link-color wp-elements-ff95ff909ebfe6cbadcdd14648c746c3\"><strong>No podemos cambiar un producto porque te haya ca\u00eddo mal, del mismo modo que una gaseosa puede darte acidez o un pur\u00e9 puede causarte hinchaz\u00f3n. Cada organismo reacciona distinto.<\/strong><\/p>\n\n\n\n<figure class=\"wp-block-image size-full\"><a href=\"https:\/\/www.demusculos.com\/ayuda\/problemas\/comentanos-tu-problema\/\"><img loading=\"lazy\" decoding=\"async\" width=\"600\" height=\"140\" src=\"https:\/\/www.demusculos.com\/ayuda\/wp-content\/uploads\/2025\/12\/comentanos.webp\" alt=\"\" class=\"wp-image-4723\" srcset=\"https:\/\/www.demusculos.com\/ayuda\/wp-content\/uploads\/2025\/12\/comentanos.webp 600w, https:\/\/www.demusculos.com\/ayuda\/wp-content\/uploads\/2025\/12\/comentanos-300x70.webp 300w\" sizes=\"auto, (max-width: 600px) 100vw, 600px\" \/><\/a><\/figure>\n\n\n\n<p>&lt; <a href=\"https:\/\/www.demusculos.com\/ayuda\/problemas\/\">Regresar<\/a><\/p>\n","protected":false},"excerpt":{"rendered":"<p>Un suplemento natural puede considerarse un superalimento, ya que aporta nutrientes concentrados que ayudan a mejorar el rendimiento f\u00edsico, la recuperaci\u00f3n o el bienestar general. Antes de comenzar a tomar un suplemento, siempre es recomendable consultar a un m\u00e9dico o nutricionista, especialmente si ten\u00e9s alguna condici\u00f3n de salud o est\u00e1s tomando medicaci\u00f3n. Sin embargo, tambi\u00e9n [&hellip;]<\/p>\n","protected":false},"author":1,"featured_media":0,"parent":4622,"menu_order":0,"comment_status":"closed","ping_status":"closed","template":"","meta":{"footnotes":""},"class_list":["post-4904","page","type-page","status-publish","hentry"],"yoast_head":"<!-- This site is optimized with the Yoast SEO plugin v27.4 - https:\/\/yoast.com\/product\/yoast-seo-wordpress\/ -->\n<title>Efectos f\u00edsicos inesperados | DeMusculos.com | AYUDA<\/title>\n<meta name=\"robots\" content=\"index, follow, max-snippet:-1, max-image-preview:large, max-video-preview:-1\" \/>\n<link rel=\"canonical\" href=\"https:\/\/www.demusculos.com\/ayuda\/problemas\/efectos-fisicos-inesperados\/\" \/>\n<meta property=\"og:locale\" content=\"es_ES\" \/>\n<meta property=\"og:type\" content=\"article\" \/>\n<meta property=\"og:title\" content=\"Efectos f\u00edsicos inesperados | DeMusculos.com | AYUDA\" \/>\n<meta property=\"og:description\" content=\"Un suplemento natural puede considerarse un superalimento, ya que aporta nutrientes concentrados que ayudan a mejorar el rendimiento f\u00edsico, la recuperaci\u00f3n o el bienestar general. Antes de comenzar a tomar un suplemento, siempre es recomendable consultar a un m\u00e9dico o nutricionista, especialmente si ten\u00e9s alguna condici\u00f3n de salud o est\u00e1s tomando medicaci\u00f3n. Sin embargo, tambi\u00e9n [&hellip;]\" \/>\n<meta property=\"og:url\" content=\"https:\/\/www.demusculos.com\/ayuda\/problemas\/efectos-fisicos-inesperados\/\" \/>\n<meta property=\"og:site_name\" content=\"DeMusculos.com | AYUDA\" \/>\n<meta property=\"article:publisher\" content=\"https:\/\/www.facebook.com\/demusculos\" \/>\n<meta property=\"article:modified_time\" content=\"2025-12-15T00:56:46+00:00\" \/>\n<meta property=\"og:image\" content=\"https:\/\/www.demusculos.com\/ayuda\/wp-content\/uploads\/2025\/12\/alimentos-suplementos.webp\" \/>\n\t<meta property=\"og:image:width\" content=\"600\" \/>\n\t<meta property=\"og:image:height\" content=\"300\" \/>\n\t<meta property=\"og:image:type\" content=\"image\/webp\" \/>\n<meta name=\"twitter:card\" content=\"summary_large_image\" \/>\n<meta name=\"twitter:site\" content=\"@demusculos\" \/>\n<meta name=\"twitter:label1\" content=\"Tiempo de lectura\" \/>\n\t<meta name=\"twitter:data1\" content=\"2 minutos\" \/>\n<script type=\"application\/ld+json\" class=\"yoast-schema-graph\">{\"@context\":\"https:\\\/\\\/schema.org\",\"@graph\":[{\"@type\":\"WebPage\",\"@id\":\"https:\\\/\\\/www.demusculos.com\\\/ayuda\\\/problemas\\\/efectos-fisicos-inesperados\\\/\",\"url\":\"https:\\\/\\\/www.demusculos.com\\\/ayuda\\\/problemas\\\/efectos-fisicos-inesperados\\\/\",\"name\":\"Efectos f\u00edsicos inesperados | DeMusculos.com | AYUDA\",\"isPartOf\":{\"@id\":\"https:\\\/\\\/www.demusculos.com\\\/ayuda\\\/#website\"},\"primaryImageOfPage\":{\"@id\":\"https:\\\/\\\/www.demusculos.com\\\/ayuda\\\/problemas\\\/efectos-fisicos-inesperados\\\/#primaryimage\"},\"image\":{\"@id\":\"https:\\\/\\\/www.demusculos.com\\\/ayuda\\\/problemas\\\/efectos-fisicos-inesperados\\\/#primaryimage\"},\"thumbnailUrl\":\"https:\\\/\\\/www.demusculos.com\\\/ayuda\\\/wp-content\\\/uploads\\\/2025\\\/12\\\/alimentos-suplementos.webp\",\"datePublished\":\"2025-12-15T00:40:44+00:00\",\"dateModified\":\"2025-12-15T00:56:46+00:00\",\"breadcrumb\":{\"@id\":\"https:\\\/\\\/www.demusculos.com\\\/ayuda\\\/problemas\\\/efectos-fisicos-inesperados\\\/#breadcrumb\"},\"inLanguage\":\"es\",\"potentialAction\":[{\"@type\":\"ReadAction\",\"target\":[\"https:\\\/\\\/www.demusculos.com\\\/ayuda\\\/problemas\\\/efectos-fisicos-inesperados\\\/\"]}]},{\"@type\":\"ImageObject\",\"inLanguage\":\"es\",\"@id\":\"https:\\\/\\\/www.demusculos.com\\\/ayuda\\\/problemas\\\/efectos-fisicos-inesperados\\\/#primaryimage\",\"url\":\"https:\\\/\\\/www.demusculos.com\\\/ayuda\\\/wp-content\\\/uploads\\\/2025\\\/12\\\/alimentos-suplementos.webp\",\"contentUrl\":\"https:\\\/\\\/www.demusculos.com\\\/ayuda\\\/wp-content\\\/uploads\\\/2025\\\/12\\\/alimentos-suplementos.webp\",\"width\":600,\"height\":300},{\"@type\":\"BreadcrumbList\",\"@id\":\"https:\\\/\\\/www.demusculos.com\\\/ayuda\\\/problemas\\\/efectos-fisicos-inesperados\\\/#breadcrumb\",\"itemListElement\":[{\"@type\":\"ListItem\",\"position\":1,\"name\":\"Portada\",\"item\":\"https:\\\/\\\/www.demusculos.com\\\/ayuda\\\/\"},{\"@type\":\"ListItem\",\"position\":2,\"name\":\"Problemas\",\"item\":\"https:\\\/\\\/www.demusculos.com\\\/ayuda\\\/problemas\\\/\"},{\"@type\":\"ListItem\",\"position\":3,\"name\":\"Efectos f\u00edsicos inesperados\"}]},{\"@type\":\"WebSite\",\"@id\":\"https:\\\/\\\/www.demusculos.com\\\/ayuda\\\/#website\",\"url\":\"https:\\\/\\\/www.demusculos.com\\\/ayuda\\\/\",\"name\":\"DeMusculos.com | AYUDA\",\"description\":\"Suplementos Naturales, Accesorios, Indumentaria\",\"publisher\":{\"@id\":\"https:\\\/\\\/www.demusculos.com\\\/ayuda\\\/#organization\"},\"alternateName\":\"Suplementos Natuarles\",\"potentialAction\":[{\"@type\":\"SearchAction\",\"target\":{\"@type\":\"EntryPoint\",\"urlTemplate\":\"https:\\\/\\\/www.demusculos.com\\\/ayuda\\\/?s={search_term_string}\"},\"query-input\":{\"@type\":\"PropertyValueSpecification\",\"valueRequired\":true,\"valueName\":\"search_term_string\"}}],\"inLanguage\":\"es\"},{\"@type\":\"Organization\",\"@id\":\"https:\\\/\\\/www.demusculos.com\\\/ayuda\\\/#organization\",\"name\":\"DeMusculos.com | AYUDA\",\"url\":\"https:\\\/\\\/www.demusculos.com\\\/ayuda\\\/\",\"logo\":{\"@type\":\"ImageObject\",\"inLanguage\":\"es\",\"@id\":\"https:\\\/\\\/www.demusculos.com\\\/ayuda\\\/#\\\/schema\\\/logo\\\/image\\\/\",\"url\":\"https:\\\/\\\/www.demusculos.com\\\/ayuda\\\/wp-content\\\/uploads\\\/2024\\\/01\\\/logo-demusculos-prestashop-usuario.png\",\"contentUrl\":\"https:\\\/\\\/www.demusculos.com\\\/ayuda\\\/wp-content\\\/uploads\\\/2024\\\/01\\\/logo-demusculos-prestashop-usuario.png\",\"width\":150,\"height\":150,\"caption\":\"DeMusculos.com | AYUDA\"},\"image\":{\"@id\":\"https:\\\/\\\/www.demusculos.com\\\/ayuda\\\/#\\\/schema\\\/logo\\\/image\\\/\"},\"sameAs\":[\"https:\\\/\\\/www.facebook.com\\\/demusculos\",\"https:\\\/\\\/x.com\\\/demusculos\",\"https:\\\/\\\/www.tiktok.com\\\/@demusculos.com\"]}]}<\/script>\n<!-- \/ Yoast SEO plugin. -->","yoast_head_json":{"title":"Efectos f\u00edsicos inesperados | DeMusculos.com | AYUDA","robots":{"index":"index","follow":"follow","max-snippet":"max-snippet:-1","max-image-preview":"max-image-preview:large","max-video-preview":"max-video-preview:-1"},"canonical":"https:\/\/www.demusculos.com\/ayuda\/problemas\/efectos-fisicos-inesperados\/","og_locale":"es_ES","og_type":"article","og_title":"Efectos f\u00edsicos inesperados | DeMusculos.com | AYUDA","og_description":"Un suplemento natural puede considerarse un superalimento, ya que aporta nutrientes concentrados que ayudan a mejorar el rendimiento f\u00edsico, la recuperaci\u00f3n o el bienestar general. Antes de comenzar a tomar un suplemento, siempre es recomendable consultar a un m\u00e9dico o nutricionista, especialmente si ten\u00e9s alguna condici\u00f3n de salud o est\u00e1s tomando medicaci\u00f3n. Sin embargo, tambi\u00e9n [&hellip;]","og_url":"https:\/\/www.demusculos.com\/ayuda\/problemas\/efectos-fisicos-inesperados\/","og_site_name":"DeMusculos.com | AYUDA","article_publisher":"https:\/\/www.facebook.com\/demusculos","article_modified_time":"2025-12-15T00:56:46+00:00","og_image":[{"width":600,"height":300,"url":"https:\/\/www.demusculos.com\/ayuda\/wp-content\/uploads\/2025\/12\/alimentos-suplementos.webp","type":"image\/webp"}],"twitter_card":"summary_large_image","twitter_site":"@demusculos","twitter_misc":{"Tiempo de lectura":"2 minutos"},"schema":{"@context":"https:\/\/schema.org","@graph":[{"@type":"WebPage","@id":"https:\/\/www.demusculos.com\/ayuda\/problemas\/efectos-fisicos-inesperados\/","url":"https:\/\/www.demusculos.com\/ayuda\/problemas\/efectos-fisicos-inesperados\/","name":"Efectos f\u00edsicos inesperados | DeMusculos.com | AYUDA","isPartOf":{"@id":"https:\/\/www.demusculos.com\/ayuda\/#website"},"primaryImageOfPage":{"@id":"https:\/\/www.demusculos.com\/ayuda\/problemas\/efectos-fisicos-inesperados\/#primaryimage"},"image":{"@id":"https:\/\/www.demusculos.com\/ayuda\/problemas\/efectos-fisicos-inesperados\/#primaryimage"},"thumbnailUrl":"https:\/\/www.demusculos.com\/ayuda\/wp-content\/uploads\/2025\/12\/alimentos-suplementos.webp","datePublished":"2025-12-15T00:40:44+00:00","dateModified":"2025-12-15T00:56:46+00:00","breadcrumb":{"@id":"https:\/\/www.demusculos.com\/ayuda\/problemas\/efectos-fisicos-inesperados\/#breadcrumb"},"inLanguage":"es","potentialAction":[{"@type":"ReadAction","target":["https:\/\/www.demusculos.com\/ayuda\/problemas\/efectos-fisicos-inesperados\/"]}]},{"@type":"ImageObject","inLanguage":"es","@id":"https:\/\/www.demusculos.com\/ayuda\/problemas\/efectos-fisicos-inesperados\/#primaryimage","url":"https:\/\/www.demusculos.com\/ayuda\/wp-content\/uploads\/2025\/12\/alimentos-suplementos.webp","contentUrl":"https:\/\/www.demusculos.com\/ayuda\/wp-content\/uploads\/2025\/12\/alimentos-suplementos.webp","width":600,"height":300},{"@type":"BreadcrumbList","@id":"https:\/\/www.demusculos.com\/ayuda\/problemas\/efectos-fisicos-inesperados\/#breadcrumb","itemListElement":[{"@type":"ListItem","position":1,"name":"Portada","item":"https:\/\/www.demusculos.com\/ayuda\/"},{"@type":"ListItem","position":2,"name":"Problemas","item":"https:\/\/www.demusculos.com\/ayuda\/problemas\/"},{"@type":"ListItem","position":3,"name":"Efectos f\u00edsicos inesperados"}]},{"@type":"WebSite","@id":"https:\/\/www.demusculos.com\/ayuda\/#website","url":"https:\/\/www.demusculos.com\/ayuda\/","name":"DeMusculos.com | AYUDA","description":"Suplementos Naturales, Accesorios, Indumentaria","publisher":{"@id":"https:\/\/www.demusculos.com\/ayuda\/#organization"},"alternateName":"Suplementos Natuarles","potentialAction":[{"@type":"SearchAction","target":{"@type":"EntryPoint","urlTemplate":"https:\/\/www.demusculos.com\/ayuda\/?s={search_term_string}"},"query-input":{"@type":"PropertyValueSpecification","valueRequired":true,"valueName":"search_term_string"}}],"inLanguage":"es"},{"@type":"Organization","@id":"https:\/\/www.demusculos.com\/ayuda\/#organization","name":"DeMusculos.com | AYUDA","url":"https:\/\/www.demusculos.com\/ayuda\/","logo":{"@type":"ImageObject","inLanguage":"es","@id":"https:\/\/www.demusculos.com\/ayuda\/#\/schema\/logo\/image\/","url":"https:\/\/www.demusculos.com\/ayuda\/wp-content\/uploads\/2024\/01\/logo-demusculos-prestashop-usuario.png","contentUrl":"https:\/\/www.demusculos.com\/ayuda\/wp-content\/uploads\/2024\/01\/logo-demusculos-prestashop-usuario.png","width":150,"height":150,"caption":"DeMusculos.com | AYUDA"},"image":{"@id":"https:\/\/www.demusculos.com\/ayuda\/#\/schema\/logo\/image\/"},"sameAs":["https:\/\/www.facebook.com\/demusculos","https:\/\/x.com\/demusculos","https:\/\/www.tiktok.com\/@demusculos.com"]}]}},"_links":{"self":[{"href":"https:\/\/www.demusculos.com\/ayuda\/wp-json\/wp\/v2\/pages\/4904","targetHints":{"allow":["GET"]}}],"collection":[{"href":"https:\/\/www.demusculos.com\/ayuda\/wp-json\/wp\/v2\/pages"}],"about":[{"href":"https:\/\/www.demusculos.com\/ayuda\/wp-json\/wp\/v2\/types\/page"}],"author":[{"embeddable":true,"href":"https:\/\/www.demusculos.com\/ayuda\/wp-json\/wp\/v2\/users\/1"}],"replies":[{"embeddable":true,"href":"https:\/\/www.demusculos.com\/ayuda\/wp-json\/wp\/v2\/comments?post=4904"}],"version-history":[{"count":3,"href":"https:\/\/www.demusculos.com\/ayuda\/wp-json\/wp\/v2\/pages\/4904\/revisions"}],"predecessor-version":[{"id":4911,"href":"https:\/\/www.demusculos.com\/ayuda\/wp-json\/wp\/v2\/pages\/4904\/revisions\/4911"}],"up":[{"embeddable":true,"href":"https:\/\/www.demusculos.com\/ayuda\/wp-json\/wp\/v2\/pages\/4622"}],"wp:attachment":[{"href":"https:\/\/www.demusculos.com\/ayuda\/wp-json\/wp\/v2\/media?parent=4904"}],"curies":[{"name":"wp","href":"https:\/\/api.w.org\/{rel}","templated":true}]}}