{"id":4937,"date":"2025-12-15T13:05:41","date_gmt":"2025-12-15T13:05:41","guid":{"rendered":"https:\/\/www.demusculos.com\/ayuda\/?page_id=4937"},"modified":"2025-12-15T13:17:08","modified_gmt":"2025-12-15T13:17:08","slug":"textura-extrana-o-presencia-de-cuerpos-extranos-dentro-del-producto","status":"publish","type":"page","link":"https:\/\/www.demusculos.com\/ayuda\/problemas\/textura-extrana-o-presencia-de-cuerpos-extranos-dentro-del-producto\/","title":{"rendered":"Textura extra\u00f1a o presencia de cuerpos extra\u00f1os dentro del producto"},"content":{"rendered":"\n<p>Muchas <strong>prote\u00ednas sabor frutilla<\/strong> incluyen <strong>peque\u00f1as part\u00edculas rojizas<\/strong> que simulan la apariencia de un licuado natural, mientras que otras no las tienen. Esto depende del <strong>tipo de saborizante o colorante<\/strong> que utiliza cada laboratorio.<\/p>\n\n\n\n<figure class=\"wp-block-image size-full\"><img loading=\"lazy\" decoding=\"async\" width=\"600\" height=\"300\" src=\"https:\/\/www.demusculos.com\/ayuda\/wp-content\/uploads\/2025\/12\/proteina-frutilla-texturas.webp\" alt=\"\" class=\"wp-image-4944\" srcset=\"https:\/\/www.demusculos.com\/ayuda\/wp-content\/uploads\/2025\/12\/proteina-frutilla-texturas.webp 600w, https:\/\/www.demusculos.com\/ayuda\/wp-content\/uploads\/2025\/12\/proteina-frutilla-texturas-300x150.webp 300w\" sizes=\"auto, (max-width: 600px) 100vw, 600px\" \/><\/figure>\n\n\n\n<p>En el caso de las <strong>prote\u00ednas sabor cookies &amp; cream<\/strong> o de <strong>chocolate<\/strong>, algunas f\u00f3rmulas contienen <strong>pepitas o trocitos de chocolate<\/strong>, y otras no, sin que esto implique un cambio en su composici\u00f3n o calidad.<\/p>\n\n\n\n<figure class=\"wp-block-image size-full\"><img loading=\"lazy\" decoding=\"async\" width=\"600\" height=\"300\" src=\"https:\/\/www.demusculos.com\/ayuda\/wp-content\/uploads\/2025\/12\/proteina-chocolate.webp\" alt=\"\" class=\"wp-image-4945\" srcset=\"https:\/\/www.demusculos.com\/ayuda\/wp-content\/uploads\/2025\/12\/proteina-chocolate.webp 600w, https:\/\/www.demusculos.com\/ayuda\/wp-content\/uploads\/2025\/12\/proteina-chocolate-300x150.webp 300w\" sizes=\"auto, (max-width: 600px) 100vw, 600px\" \/><\/figure>\n\n\n\n<p>Del mismo modo, algunos <strong>amino\u00e1cidos<\/strong> vienen en <strong>polvo completamente uniforme<\/strong>, mientras que otros presentan <strong>part\u00edculas de distinto color<\/strong>, resultado del <strong>colorante o los ingredientes activos<\/strong> que forman parte de la mezcla.<\/p>\n\n\n\n<figure class=\"wp-block-image size-full\"><a href=\"https:\/\/www.demusculos.com\/ayuda\/wp-content\/uploads\/2025\/12\/hidroscopicos.webp\"><img loading=\"lazy\" decoding=\"async\" width=\"600\" height=\"300\" src=\"https:\/\/www.demusculos.com\/ayuda\/wp-content\/uploads\/2025\/12\/hidroscopicos.webp\" alt=\"\" class=\"wp-image-4742\" srcset=\"https:\/\/www.demusculos.com\/ayuda\/wp-content\/uploads\/2025\/12\/hidroscopicos.webp 600w, https:\/\/www.demusculos.com\/ayuda\/wp-content\/uploads\/2025\/12\/hidroscopicos-300x150.webp 300w\" sizes=\"auto, (max-width: 600px) 100vw, 600px\" \/><\/a><\/figure>\n\n\n\n<p>En ocasiones, puede ocurrir que un producto <strong>no est\u00e9 completamente mezclado dentro del envase<\/strong>. En esos casos, simplemente <strong>cerr\u00e1 bien el pote y agit\u00e1 durante 2 o 3 minutos<\/strong> para distribuir homog\u00e9neamente todo el contenido.<\/p>\n\n\n\n<p>Estas diferencias son <strong>totalmente normales<\/strong> y no afectan la <strong>calidad, sabor ni efectividad<\/strong> del suplemento.<\/p>\n\n\n\n<p class=\"has-accent-3-color has-base-2-background-color has-text-color has-background has-link-color wp-elements-c30d54c647ded601783d2fe60176d704\"><strong>Si consideras que el producto tiene otro tipo de cuerpo en su interior nos podes escribir:<\/strong><\/p>\n\n\n\n<figure class=\"wp-block-image size-full\"><a href=\"https:\/\/www.demusculos.com\/ayuda\/problemas\/comentanos-tu-problema\/\"><img loading=\"lazy\" decoding=\"async\" width=\"600\" height=\"140\" src=\"https:\/\/www.demusculos.com\/ayuda\/wp-content\/uploads\/2025\/12\/comentanos.webp\" alt=\"\" class=\"wp-image-4723\" srcset=\"https:\/\/www.demusculos.com\/ayuda\/wp-content\/uploads\/2025\/12\/comentanos.webp 600w, https:\/\/www.demusculos.com\/ayuda\/wp-content\/uploads\/2025\/12\/comentanos-300x70.webp 300w\" sizes=\"auto, (max-width: 600px) 100vw, 600px\" \/><\/a><\/figure>\n\n\n\n<p>&lt; <a href=\"https:\/\/www.demusculos.com\/ayuda\/problemas\/\">Regresar<\/a><\/p>\n","protected":false},"excerpt":{"rendered":"<p>Muchas prote\u00ednas sabor frutilla incluyen peque\u00f1as part\u00edculas rojizas que simulan la apariencia de un licuado natural, mientras que otras no las tienen. Esto depende del tipo de saborizante o colorante que utiliza cada laboratorio. En el caso de las prote\u00ednas sabor cookies &amp; cream o de chocolate, algunas f\u00f3rmulas contienen pepitas o trocitos de chocolate, [&hellip;]<\/p>\n","protected":false},"author":1,"featured_media":0,"parent":4622,"menu_order":0,"comment_status":"closed","ping_status":"closed","template":"","meta":{"footnotes":""},"class_list":["post-4937","page","type-page","status-publish","hentry"],"yoast_head":"<!-- This site is optimized with the Yoast SEO plugin v27.4 - https:\/\/yoast.com\/product\/yoast-seo-wordpress\/ -->\n<title>Textura extra\u00f1a o presencia de cuerpos extra\u00f1os dentro del producto | DeMusculos.com | AYUDA<\/title>\n<meta name=\"robots\" content=\"index, follow, max-snippet:-1, max-image-preview:large, max-video-preview:-1\" \/>\n<link rel=\"canonical\" href=\"https:\/\/www.demusculos.com\/ayuda\/problemas\/textura-extrana-o-presencia-de-cuerpos-extranos-dentro-del-producto\/\" \/>\n<meta property=\"og:locale\" content=\"es_ES\" \/>\n<meta property=\"og:type\" content=\"article\" \/>\n<meta property=\"og:title\" content=\"Textura extra\u00f1a o presencia de cuerpos extra\u00f1os dentro del producto | DeMusculos.com | AYUDA\" \/>\n<meta property=\"og:description\" content=\"Muchas prote\u00ednas sabor frutilla incluyen peque\u00f1as part\u00edculas rojizas que simulan la apariencia de un licuado natural, mientras que otras no las tienen. Esto depende del tipo de saborizante o colorante que utiliza cada laboratorio. En el caso de las prote\u00ednas sabor cookies &amp; cream o de chocolate, algunas f\u00f3rmulas contienen pepitas o trocitos de chocolate, [&hellip;]\" \/>\n<meta property=\"og:url\" content=\"https:\/\/www.demusculos.com\/ayuda\/problemas\/textura-extrana-o-presencia-de-cuerpos-extranos-dentro-del-producto\/\" \/>\n<meta property=\"og:site_name\" content=\"DeMusculos.com | AYUDA\" \/>\n<meta property=\"article:publisher\" content=\"https:\/\/www.facebook.com\/demusculos\" \/>\n<meta property=\"article:modified_time\" content=\"2025-12-15T13:17:08+00:00\" \/>\n<meta property=\"og:image\" content=\"https:\/\/www.demusculos.com\/ayuda\/wp-content\/uploads\/2025\/12\/proteina-frutilla-texturas.webp\" \/>\n\t<meta property=\"og:image:width\" content=\"600\" \/>\n\t<meta property=\"og:image:height\" content=\"300\" \/>\n\t<meta property=\"og:image:type\" content=\"image\/webp\" \/>\n<meta name=\"twitter:card\" content=\"summary_large_image\" \/>\n<meta name=\"twitter:site\" content=\"@demusculos\" \/>\n<meta name=\"twitter:label1\" content=\"Tiempo de lectura\" \/>\n\t<meta name=\"twitter:data1\" content=\"2 minutos\" \/>\n<script type=\"application\/ld+json\" class=\"yoast-schema-graph\">{\"@context\":\"https:\\\/\\\/schema.org\",\"@graph\":[{\"@type\":\"WebPage\",\"@id\":\"https:\\\/\\\/www.demusculos.com\\\/ayuda\\\/problemas\\\/textura-extrana-o-presencia-de-cuerpos-extranos-dentro-del-producto\\\/\",\"url\":\"https:\\\/\\\/www.demusculos.com\\\/ayuda\\\/problemas\\\/textura-extrana-o-presencia-de-cuerpos-extranos-dentro-del-producto\\\/\",\"name\":\"Textura extra\u00f1a o presencia de cuerpos extra\u00f1os dentro del producto | DeMusculos.com | AYUDA\",\"isPartOf\":{\"@id\":\"https:\\\/\\\/www.demusculos.com\\\/ayuda\\\/#website\"},\"primaryImageOfPage\":{\"@id\":\"https:\\\/\\\/www.demusculos.com\\\/ayuda\\\/problemas\\\/textura-extrana-o-presencia-de-cuerpos-extranos-dentro-del-producto\\\/#primaryimage\"},\"image\":{\"@id\":\"https:\\\/\\\/www.demusculos.com\\\/ayuda\\\/problemas\\\/textura-extrana-o-presencia-de-cuerpos-extranos-dentro-del-producto\\\/#primaryimage\"},\"thumbnailUrl\":\"https:\\\/\\\/www.demusculos.com\\\/ayuda\\\/wp-content\\\/uploads\\\/2025\\\/12\\\/proteina-frutilla-texturas.webp\",\"datePublished\":\"2025-12-15T13:05:41+00:00\",\"dateModified\":\"2025-12-15T13:17:08+00:00\",\"breadcrumb\":{\"@id\":\"https:\\\/\\\/www.demusculos.com\\\/ayuda\\\/problemas\\\/textura-extrana-o-presencia-de-cuerpos-extranos-dentro-del-producto\\\/#breadcrumb\"},\"inLanguage\":\"es\",\"potentialAction\":[{\"@type\":\"ReadAction\",\"target\":[\"https:\\\/\\\/www.demusculos.com\\\/ayuda\\\/problemas\\\/textura-extrana-o-presencia-de-cuerpos-extranos-dentro-del-producto\\\/\"]}]},{\"@type\":\"ImageObject\",\"inLanguage\":\"es\",\"@id\":\"https:\\\/\\\/www.demusculos.com\\\/ayuda\\\/problemas\\\/textura-extrana-o-presencia-de-cuerpos-extranos-dentro-del-producto\\\/#primaryimage\",\"url\":\"https:\\\/\\\/www.demusculos.com\\\/ayuda\\\/wp-content\\\/uploads\\\/2025\\\/12\\\/proteina-frutilla-texturas.webp\",\"contentUrl\":\"https:\\\/\\\/www.demusculos.com\\\/ayuda\\\/wp-content\\\/uploads\\\/2025\\\/12\\\/proteina-frutilla-texturas.webp\",\"width\":600,\"height\":300},{\"@type\":\"BreadcrumbList\",\"@id\":\"https:\\\/\\\/www.demusculos.com\\\/ayuda\\\/problemas\\\/textura-extrana-o-presencia-de-cuerpos-extranos-dentro-del-producto\\\/#breadcrumb\",\"itemListElement\":[{\"@type\":\"ListItem\",\"position\":1,\"name\":\"Portada\",\"item\":\"https:\\\/\\\/www.demusculos.com\\\/ayuda\\\/\"},{\"@type\":\"ListItem\",\"position\":2,\"name\":\"Problemas\",\"item\":\"https:\\\/\\\/www.demusculos.com\\\/ayuda\\\/problemas\\\/\"},{\"@type\":\"ListItem\",\"position\":3,\"name\":\"Textura extra\u00f1a o presencia de cuerpos extra\u00f1os dentro del producto\"}]},{\"@type\":\"WebSite\",\"@id\":\"https:\\\/\\\/www.demusculos.com\\\/ayuda\\\/#website\",\"url\":\"https:\\\/\\\/www.demusculos.com\\\/ayuda\\\/\",\"name\":\"DeMusculos.com | AYUDA\",\"description\":\"Suplementos Naturales, Accesorios, Indumentaria\",\"publisher\":{\"@id\":\"https:\\\/\\\/www.demusculos.com\\\/ayuda\\\/#organization\"},\"alternateName\":\"Suplementos Natuarles\",\"potentialAction\":[{\"@type\":\"SearchAction\",\"target\":{\"@type\":\"EntryPoint\",\"urlTemplate\":\"https:\\\/\\\/www.demusculos.com\\\/ayuda\\\/?s={search_term_string}\"},\"query-input\":{\"@type\":\"PropertyValueSpecification\",\"valueRequired\":true,\"valueName\":\"search_term_string\"}}],\"inLanguage\":\"es\"},{\"@type\":\"Organization\",\"@id\":\"https:\\\/\\\/www.demusculos.com\\\/ayuda\\\/#organization\",\"name\":\"DeMusculos.com | AYUDA\",\"url\":\"https:\\\/\\\/www.demusculos.com\\\/ayuda\\\/\",\"logo\":{\"@type\":\"ImageObject\",\"inLanguage\":\"es\",\"@id\":\"https:\\\/\\\/www.demusculos.com\\\/ayuda\\\/#\\\/schema\\\/logo\\\/image\\\/\",\"url\":\"https:\\\/\\\/www.demusculos.com\\\/ayuda\\\/wp-content\\\/uploads\\\/2024\\\/01\\\/logo-demusculos-prestashop-usuario.png\",\"contentUrl\":\"https:\\\/\\\/www.demusculos.com\\\/ayuda\\\/wp-content\\\/uploads\\\/2024\\\/01\\\/logo-demusculos-prestashop-usuario.png\",\"width\":150,\"height\":150,\"caption\":\"DeMusculos.com | AYUDA\"},\"image\":{\"@id\":\"https:\\\/\\\/www.demusculos.com\\\/ayuda\\\/#\\\/schema\\\/logo\\\/image\\\/\"},\"sameAs\":[\"https:\\\/\\\/www.facebook.com\\\/demusculos\",\"https:\\\/\\\/x.com\\\/demusculos\",\"https:\\\/\\\/www.tiktok.com\\\/@demusculos.com\"]}]}<\/script>\n<!-- \/ Yoast SEO plugin. -->","yoast_head_json":{"title":"Textura extra\u00f1a o presencia de cuerpos extra\u00f1os dentro del producto | DeMusculos.com | AYUDA","robots":{"index":"index","follow":"follow","max-snippet":"max-snippet:-1","max-image-preview":"max-image-preview:large","max-video-preview":"max-video-preview:-1"},"canonical":"https:\/\/www.demusculos.com\/ayuda\/problemas\/textura-extrana-o-presencia-de-cuerpos-extranos-dentro-del-producto\/","og_locale":"es_ES","og_type":"article","og_title":"Textura extra\u00f1a o presencia de cuerpos extra\u00f1os dentro del producto | DeMusculos.com | AYUDA","og_description":"Muchas prote\u00ednas sabor frutilla incluyen peque\u00f1as part\u00edculas rojizas que simulan la apariencia de un licuado natural, mientras que otras no las tienen. Esto depende del tipo de saborizante o colorante que utiliza cada laboratorio. En el caso de las prote\u00ednas sabor cookies &amp; cream o de chocolate, algunas f\u00f3rmulas contienen pepitas o trocitos de chocolate, [&hellip;]","og_url":"https:\/\/www.demusculos.com\/ayuda\/problemas\/textura-extrana-o-presencia-de-cuerpos-extranos-dentro-del-producto\/","og_site_name":"DeMusculos.com | AYUDA","article_publisher":"https:\/\/www.facebook.com\/demusculos","article_modified_time":"2025-12-15T13:17:08+00:00","og_image":[{"width":600,"height":300,"url":"https:\/\/www.demusculos.com\/ayuda\/wp-content\/uploads\/2025\/12\/proteina-frutilla-texturas.webp","type":"image\/webp"}],"twitter_card":"summary_large_image","twitter_site":"@demusculos","twitter_misc":{"Tiempo de lectura":"2 minutos"},"schema":{"@context":"https:\/\/schema.org","@graph":[{"@type":"WebPage","@id":"https:\/\/www.demusculos.com\/ayuda\/problemas\/textura-extrana-o-presencia-de-cuerpos-extranos-dentro-del-producto\/","url":"https:\/\/www.demusculos.com\/ayuda\/problemas\/textura-extrana-o-presencia-de-cuerpos-extranos-dentro-del-producto\/","name":"Textura extra\u00f1a o presencia de cuerpos extra\u00f1os dentro del producto | DeMusculos.com | AYUDA","isPartOf":{"@id":"https:\/\/www.demusculos.com\/ayuda\/#website"},"primaryImageOfPage":{"@id":"https:\/\/www.demusculos.com\/ayuda\/problemas\/textura-extrana-o-presencia-de-cuerpos-extranos-dentro-del-producto\/#primaryimage"},"image":{"@id":"https:\/\/www.demusculos.com\/ayuda\/problemas\/textura-extrana-o-presencia-de-cuerpos-extranos-dentro-del-producto\/#primaryimage"},"thumbnailUrl":"https:\/\/www.demusculos.com\/ayuda\/wp-content\/uploads\/2025\/12\/proteina-frutilla-texturas.webp","datePublished":"2025-12-15T13:05:41+00:00","dateModified":"2025-12-15T13:17:08+00:00","breadcrumb":{"@id":"https:\/\/www.demusculos.com\/ayuda\/problemas\/textura-extrana-o-presencia-de-cuerpos-extranos-dentro-del-producto\/#breadcrumb"},"inLanguage":"es","potentialAction":[{"@type":"ReadAction","target":["https:\/\/www.demusculos.com\/ayuda\/problemas\/textura-extrana-o-presencia-de-cuerpos-extranos-dentro-del-producto\/"]}]},{"@type":"ImageObject","inLanguage":"es","@id":"https:\/\/www.demusculos.com\/ayuda\/problemas\/textura-extrana-o-presencia-de-cuerpos-extranos-dentro-del-producto\/#primaryimage","url":"https:\/\/www.demusculos.com\/ayuda\/wp-content\/uploads\/2025\/12\/proteina-frutilla-texturas.webp","contentUrl":"https:\/\/www.demusculos.com\/ayuda\/wp-content\/uploads\/2025\/12\/proteina-frutilla-texturas.webp","width":600,"height":300},{"@type":"BreadcrumbList","@id":"https:\/\/www.demusculos.com\/ayuda\/problemas\/textura-extrana-o-presencia-de-cuerpos-extranos-dentro-del-producto\/#breadcrumb","itemListElement":[{"@type":"ListItem","position":1,"name":"Portada","item":"https:\/\/www.demusculos.com\/ayuda\/"},{"@type":"ListItem","position":2,"name":"Problemas","item":"https:\/\/www.demusculos.com\/ayuda\/problemas\/"},{"@type":"ListItem","position":3,"name":"Textura extra\u00f1a o presencia de cuerpos extra\u00f1os dentro del producto"}]},{"@type":"WebSite","@id":"https:\/\/www.demusculos.com\/ayuda\/#website","url":"https:\/\/www.demusculos.com\/ayuda\/","name":"DeMusculos.com | AYUDA","description":"Suplementos Naturales, Accesorios, Indumentaria","publisher":{"@id":"https:\/\/www.demusculos.com\/ayuda\/#organization"},"alternateName":"Suplementos Natuarles","potentialAction":[{"@type":"SearchAction","target":{"@type":"EntryPoint","urlTemplate":"https:\/\/www.demusculos.com\/ayuda\/?s={search_term_string}"},"query-input":{"@type":"PropertyValueSpecification","valueRequired":true,"valueName":"search_term_string"}}],"inLanguage":"es"},{"@type":"Organization","@id":"https:\/\/www.demusculos.com\/ayuda\/#organization","name":"DeMusculos.com | AYUDA","url":"https:\/\/www.demusculos.com\/ayuda\/","logo":{"@type":"ImageObject","inLanguage":"es","@id":"https:\/\/www.demusculos.com\/ayuda\/#\/schema\/logo\/image\/","url":"https:\/\/www.demusculos.com\/ayuda\/wp-content\/uploads\/2024\/01\/logo-demusculos-prestashop-usuario.png","contentUrl":"https:\/\/www.demusculos.com\/ayuda\/wp-content\/uploads\/2024\/01\/logo-demusculos-prestashop-usuario.png","width":150,"height":150,"caption":"DeMusculos.com | AYUDA"},"image":{"@id":"https:\/\/www.demusculos.com\/ayuda\/#\/schema\/logo\/image\/"},"sameAs":["https:\/\/www.facebook.com\/demusculos","https:\/\/x.com\/demusculos","https:\/\/www.tiktok.com\/@demusculos.com"]}]}},"_links":{"self":[{"href":"https:\/\/www.demusculos.com\/ayuda\/wp-json\/wp\/v2\/pages\/4937","targetHints":{"allow":["GET"]}}],"collection":[{"href":"https:\/\/www.demusculos.com\/ayuda\/wp-json\/wp\/v2\/pages"}],"about":[{"href":"https:\/\/www.demusculos.com\/ayuda\/wp-json\/wp\/v2\/types\/page"}],"author":[{"embeddable":true,"href":"https:\/\/www.demusculos.com\/ayuda\/wp-json\/wp\/v2\/users\/1"}],"replies":[{"embeddable":true,"href":"https:\/\/www.demusculos.com\/ayuda\/wp-json\/wp\/v2\/comments?post=4937"}],"version-history":[{"count":5,"href":"https:\/\/www.demusculos.com\/ayuda\/wp-json\/wp\/v2\/pages\/4937\/revisions"}],"predecessor-version":[{"id":4948,"href":"https:\/\/www.demusculos.com\/ayuda\/wp-json\/wp\/v2\/pages\/4937\/revisions\/4948"}],"up":[{"embeddable":true,"href":"https:\/\/www.demusculos.com\/ayuda\/wp-json\/wp\/v2\/pages\/4622"}],"wp:attachment":[{"href":"https:\/\/www.demusculos.com\/ayuda\/wp-json\/wp\/v2\/media?parent=4937"}],"curies":[{"name":"wp","href":"https:\/\/api.w.org\/{rel}","templated":true}]}}