{"id":550,"date":"2015-03-12T12:43:57","date_gmt":"2015-03-12T12:43:57","guid":{"rendered":"http:\/\/www.demusculos.com\/ayuda\/?page_id=550"},"modified":"2024-03-07T00:11:20","modified_gmt":"2024-03-07T00:11:20","slug":"aminoacidos","status":"publish","type":"page","link":"https:\/\/www.demusculos.com\/ayuda\/objetivos\/aumento-muscular\/aminoacidos\/","title":{"rendered":"Amino\u00e1cidos"},"content":{"rendered":"\n<p><a title=\"Objetivos\" href=\"https:\/\/www.demusculos.com\/ayuda\/objetivos\/\">Objetivos <\/a>&gt; <a title=\"Aumento de masa muscular\" href=\"https:\/\/www.demusculos.com\/ayuda\/objetivos\/aumento-muscular\/\">Aumento Muscular<\/a>&nbsp;&gt;&nbsp;<a title=\"Suplementos para aumento de masa muscular\" href=\"https:\/\/www.demusculos.com\/ayuda\/objetivos\/aumento-muscular\/suplementos-para-aumento-de-masa-muscular\/\">Suplementos<\/a>&nbsp;&gt; <a title=\"Amino\u00e1cidos\" href=\"https:\/\/www.demusculos.com\/ayuda\/objetivos\/aumento-muscular\/aminoacidos\/\">Amino\u00e1cidos<\/a><\/p>\n\n\n\n<p>Los amino\u00e1cidos son excelentes recuperadores musculares.<\/p>\n\n\n\n<p>Mantienen elevada la cantidad&nbsp;de aminos en sangre.<\/p>\n\n\n\n<p>Permiten una m\u00e1s r\u00e1pida recuperaci\u00f3n.<\/p>\n\n\n\n<p>A mayor recuperaci\u00f3n, m\u00e1s aumento muscular.<\/p>\n\n\n\n<p>Son 100% sanos y naturales.<\/p>\n\n\n\n<p>Los amino\u00e1cidos se pueden combinar con prote\u00ednas, creatinas, ganadores de peso y \u00f3xidos n\u00edtricos. Ideal para recuperaci\u00f3n muscular luego de lesiones musculares.<\/p>\n\n\n\n<p>A continuaci\u00f3n, te mencionaremos los m\u00e1s vendidos de la Argentina:<\/p>\n\n\n\n<figure class=\"wp-block-image size-full\"><a href=\"https:\/\/www.demusculos.com\/web\/producto\/amino-4500-de-ena-sport-x150-tabs\/\" target=\"_blank\" rel=\"noopener\"><img loading=\"lazy\" decoding=\"async\" width=\"300\" height=\"300\" src=\"https:\/\/www.demusculos.com\/ayuda\/wp-content\/uploads\/2024\/01\/aminos-4500-ena-sport.png\" alt=\"\" class=\"wp-image-2489\" srcset=\"https:\/\/www.demusculos.com\/ayuda\/wp-content\/uploads\/2024\/01\/aminos-4500-ena-sport.png 300w, https:\/\/www.demusculos.com\/ayuda\/wp-content\/uploads\/2024\/01\/aminos-4500-ena-sport-150x150.png 150w\" sizes=\"auto, (max-width: 300px) 100vw, 300px\" \/><\/a><\/figure>\n\n\n\n<figure class=\"wp-block-image size-full\"><a href=\"https:\/\/www.demusculos.com\/web\/producto\/amino-taurus-de-pulver-x-400-grs\/\" target=\"_blank\" rel=\"noopener\"><img loading=\"lazy\" decoding=\"async\" width=\"300\" height=\"300\" src=\"https:\/\/www.demusculos.com\/ayuda\/wp-content\/uploads\/2024\/01\/aminos-taurus-pulver.png\" alt=\"\" class=\"wp-image-2490\" srcset=\"https:\/\/www.demusculos.com\/ayuda\/wp-content\/uploads\/2024\/01\/aminos-taurus-pulver.png 300w, https:\/\/www.demusculos.com\/ayuda\/wp-content\/uploads\/2024\/01\/aminos-taurus-pulver-150x150.png 150w\" sizes=\"auto, (max-width: 300px) 100vw, 300px\" \/><\/a><\/figure>\n\n\n\n<p><strong>Nota<\/strong>: El Amino <a href=\"https:\/\/www.demusculos.com\/web\/producto\/amino-taurus-de-pulver-x-400-grs\/\" target=\"_blank\" rel=\"noreferrer noopener\">Taurus de Pulver<\/a> se encuentra\u00a0potenciado con\u00a0<a href=\"https:\/\/www.demusculos.com\/web\/categoria\/glutamina\/\" target=\"_blank\" rel=\"noreferrer noopener\">Glutamina<\/a>, <a href=\"https:\/\/www.demusculos.com\/web\/producto\/arginina-150-grs-de-pulver-generador-de-oxido-nitrico\/\" target=\"_blank\" rel=\"noreferrer noopener\">Arginina<\/a> (\u00f3xido n\u00edtrico), <a href=\"https:\/\/www.demusculos.com\/web\/producto\/maltodextrina-1-kg-pulver-carbohidratos-energia\/\" target=\"_blank\" rel=\"noreferrer noopener\">Maltodextrina<\/a> (carbohidratos) y Taurina.<\/p>\n\n\n\n<p>Si quieres maximizar sus resultados puedes tomarlos junto con <a href=\"https:\/\/www.demusculos.com\/web\/categoria\/proteinas\/\" target=\"_blank\" rel=\"noreferrer noopener\">prote\u00ednas<\/a>, <a href=\"https:\/\/www.demusculos.com\/web\/categoria\/creatina\/\" target=\"_blank\" rel=\"noreferrer noopener\">creatinas<\/a> y \u00f3xidos n\u00edtricos.\u00a0Si est\u00e1s buscando una prote\u00edna y un amino\u00e1cido con plus de glutamina y taurina debes elegir\u00a0el Amino Total de Pulver:<\/p>\n\n\n\n<figure class=\"wp-block-image size-full\"><a href=\"https:\/\/www.demusculos.com\/web\/producto\/amino-total-1-kg-pulver\/\" target=\"_blank\" rel=\"noopener\"><img loading=\"lazy\" decoding=\"async\" width=\"300\" height=\"300\" src=\"https:\/\/www.demusculos.com\/ayuda\/wp-content\/uploads\/2024\/01\/aminos-total-1-kg-pulver.png\" alt=\"\" class=\"wp-image-2492\" srcset=\"https:\/\/www.demusculos.com\/ayuda\/wp-content\/uploads\/2024\/01\/aminos-total-1-kg-pulver.png 300w, https:\/\/www.demusculos.com\/ayuda\/wp-content\/uploads\/2024\/01\/aminos-total-1-kg-pulver-150x150.png 150w\" sizes=\"auto, (max-width: 300px) 100vw, 300px\" \/><\/a><\/figure>\n\n\n\n<p>&lt; <a href=\"https:\/\/www.demusculos.com\/ayuda\/objetivos\/aumento-muscular\/suplementos-para-aumento-de-masa-muscular\/\">Regresar<\/a><\/p>\n","protected":false},"excerpt":{"rendered":"<p>Objetivos &gt; Aumento Muscular&nbsp;&gt;&nbsp;Suplementos&nbsp;&gt; Amino\u00e1cidos Los amino\u00e1cidos son excelentes recuperadores musculares. Mantienen elevada la cantidad&nbsp;de aminos en sangre. Permiten una m\u00e1s r\u00e1pida recuperaci\u00f3n. A mayor recuperaci\u00f3n, m\u00e1s aumento muscular. Son 100% sanos y naturales. Los amino\u00e1cidos se pueden combinar con prote\u00ednas, creatinas, ganadores de peso y \u00f3xidos n\u00edtricos. Ideal para recuperaci\u00f3n muscular luego de lesiones [&hellip;]<\/p>\n","protected":false},"author":1,"featured_media":0,"parent":189,"menu_order":0,"comment_status":"closed","ping_status":"open","template":"page-templates\/full-width.php","meta":{"footnotes":""},"class_list":["post-550","page","type-page","status-publish","hentry"],"yoast_head":"<!-- This site is optimized with the Yoast SEO plugin v27.3 - https:\/\/yoast.com\/product\/yoast-seo-wordpress\/ -->\n<title>Amino\u00e1cidos | DeMusculos.com | AYUDA<\/title>\n<meta name=\"robots\" content=\"index, follow, max-snippet:-1, max-image-preview:large, max-video-preview:-1\" \/>\n<link rel=\"canonical\" href=\"https:\/\/www.demusculos.com\/ayuda\/objetivos\/aumento-muscular\/aminoacidos\/\" \/>\n<meta property=\"og:locale\" content=\"es_ES\" \/>\n<meta property=\"og:type\" content=\"article\" \/>\n<meta property=\"og:title\" content=\"Amino\u00e1cidos | DeMusculos.com | AYUDA\" \/>\n<meta property=\"og:description\" content=\"Objetivos &gt; Aumento Muscular&nbsp;&gt;&nbsp;Suplementos&nbsp;&gt; Amino\u00e1cidos Los amino\u00e1cidos son excelentes recuperadores musculares. Mantienen elevada la cantidad&nbsp;de aminos en sangre. Permiten una m\u00e1s r\u00e1pida recuperaci\u00f3n. A mayor recuperaci\u00f3n, m\u00e1s aumento muscular. Son 100% sanos y naturales. Los amino\u00e1cidos se pueden combinar con prote\u00ednas, creatinas, ganadores de peso y \u00f3xidos n\u00edtricos. Ideal para recuperaci\u00f3n muscular luego de lesiones [&hellip;]\" \/>\n<meta property=\"og:url\" content=\"https:\/\/www.demusculos.com\/ayuda\/objetivos\/aumento-muscular\/aminoacidos\/\" \/>\n<meta property=\"og:site_name\" content=\"DeMusculos.com | AYUDA\" \/>\n<meta property=\"article:publisher\" content=\"https:\/\/www.facebook.com\/demusculos\" \/>\n<meta property=\"article:modified_time\" content=\"2024-03-07T00:11:20+00:00\" \/>\n<meta property=\"og:image\" content=\"https:\/\/www.demusculos.com\/ayuda\/wp-content\/uploads\/2024\/01\/aminos-4500-ena-sport.png\" \/>\n<meta name=\"twitter:card\" content=\"summary_large_image\" \/>\n<meta name=\"twitter:site\" content=\"@demusculos\" \/>\n<meta name=\"twitter:label1\" content=\"Tiempo de lectura\" \/>\n\t<meta name=\"twitter:data1\" content=\"1 minuto\" \/>\n<script type=\"application\/ld+json\" class=\"yoast-schema-graph\">{\"@context\":\"https:\\\/\\\/schema.org\",\"@graph\":[{\"@type\":\"WebPage\",\"@id\":\"https:\\\/\\\/www.demusculos.com\\\/ayuda\\\/objetivos\\\/aumento-muscular\\\/aminoacidos\\\/\",\"url\":\"https:\\\/\\\/www.demusculos.com\\\/ayuda\\\/objetivos\\\/aumento-muscular\\\/aminoacidos\\\/\",\"name\":\"Amino\u00e1cidos | DeMusculos.com | AYUDA\",\"isPartOf\":{\"@id\":\"https:\\\/\\\/www.demusculos.com\\\/ayuda\\\/#website\"},\"primaryImageOfPage\":{\"@id\":\"https:\\\/\\\/www.demusculos.com\\\/ayuda\\\/objetivos\\\/aumento-muscular\\\/aminoacidos\\\/#primaryimage\"},\"image\":{\"@id\":\"https:\\\/\\\/www.demusculos.com\\\/ayuda\\\/objetivos\\\/aumento-muscular\\\/aminoacidos\\\/#primaryimage\"},\"thumbnailUrl\":\"https:\\\/\\\/www.demusculos.com\\\/ayuda\\\/wp-content\\\/uploads\\\/2024\\\/01\\\/aminos-4500-ena-sport.png\",\"datePublished\":\"2015-03-12T12:43:57+00:00\",\"dateModified\":\"2024-03-07T00:11:20+00:00\",\"breadcrumb\":{\"@id\":\"https:\\\/\\\/www.demusculos.com\\\/ayuda\\\/objetivos\\\/aumento-muscular\\\/aminoacidos\\\/#breadcrumb\"},\"inLanguage\":\"es\",\"potentialAction\":[{\"@type\":\"ReadAction\",\"target\":[\"https:\\\/\\\/www.demusculos.com\\\/ayuda\\\/objetivos\\\/aumento-muscular\\\/aminoacidos\\\/\"]}]},{\"@type\":\"ImageObject\",\"inLanguage\":\"es\",\"@id\":\"https:\\\/\\\/www.demusculos.com\\\/ayuda\\\/objetivos\\\/aumento-muscular\\\/aminoacidos\\\/#primaryimage\",\"url\":\"https:\\\/\\\/www.demusculos.com\\\/ayuda\\\/wp-content\\\/uploads\\\/2024\\\/01\\\/aminos-4500-ena-sport.png\",\"contentUrl\":\"https:\\\/\\\/www.demusculos.com\\\/ayuda\\\/wp-content\\\/uploads\\\/2024\\\/01\\\/aminos-4500-ena-sport.png\",\"width\":300,\"height\":300},{\"@type\":\"BreadcrumbList\",\"@id\":\"https:\\\/\\\/www.demusculos.com\\\/ayuda\\\/objetivos\\\/aumento-muscular\\\/aminoacidos\\\/#breadcrumb\",\"itemListElement\":[{\"@type\":\"ListItem\",\"position\":1,\"name\":\"Portada\",\"item\":\"https:\\\/\\\/www.demusculos.com\\\/ayuda\\\/\"},{\"@type\":\"ListItem\",\"position\":2,\"name\":\"\u00bfCu\u00e1l es tu objetivo?\",\"item\":\"https:\\\/\\\/www.demusculos.com\\\/ayuda\\\/objetivos\\\/\"},{\"@type\":\"ListItem\",\"position\":3,\"name\":\"Aumento muscular\",\"item\":\"https:\\\/\\\/www.demusculos.com\\\/ayuda\\\/objetivos\\\/aumento-muscular\\\/\"},{\"@type\":\"ListItem\",\"position\":4,\"name\":\"Amino\u00e1cidos\"}]},{\"@type\":\"WebSite\",\"@id\":\"https:\\\/\\\/www.demusculos.com\\\/ayuda\\\/#website\",\"url\":\"https:\\\/\\\/www.demusculos.com\\\/ayuda\\\/\",\"name\":\"DeMusculos.com | AYUDA\",\"description\":\"Suplementos Naturales, Accesorios, Indumentaria\",\"publisher\":{\"@id\":\"https:\\\/\\\/www.demusculos.com\\\/ayuda\\\/#organization\"},\"alternateName\":\"Suplementos Natuarles\",\"potentialAction\":[{\"@type\":\"SearchAction\",\"target\":{\"@type\":\"EntryPoint\",\"urlTemplate\":\"https:\\\/\\\/www.demusculos.com\\\/ayuda\\\/?s={search_term_string}\"},\"query-input\":{\"@type\":\"PropertyValueSpecification\",\"valueRequired\":true,\"valueName\":\"search_term_string\"}}],\"inLanguage\":\"es\"},{\"@type\":\"Organization\",\"@id\":\"https:\\\/\\\/www.demusculos.com\\\/ayuda\\\/#organization\",\"name\":\"DeMusculos.com | AYUDA\",\"url\":\"https:\\\/\\\/www.demusculos.com\\\/ayuda\\\/\",\"logo\":{\"@type\":\"ImageObject\",\"inLanguage\":\"es\",\"@id\":\"https:\\\/\\\/www.demusculos.com\\\/ayuda\\\/#\\\/schema\\\/logo\\\/image\\\/\",\"url\":\"https:\\\/\\\/www.demusculos.com\\\/ayuda\\\/wp-content\\\/uploads\\\/2024\\\/01\\\/logo-demusculos-prestashop-usuario.png\",\"contentUrl\":\"https:\\\/\\\/www.demusculos.com\\\/ayuda\\\/wp-content\\\/uploads\\\/2024\\\/01\\\/logo-demusculos-prestashop-usuario.png\",\"width\":150,\"height\":150,\"caption\":\"DeMusculos.com | AYUDA\"},\"image\":{\"@id\":\"https:\\\/\\\/www.demusculos.com\\\/ayuda\\\/#\\\/schema\\\/logo\\\/image\\\/\"},\"sameAs\":[\"https:\\\/\\\/www.facebook.com\\\/demusculos\",\"https:\\\/\\\/x.com\\\/demusculos\",\"https:\\\/\\\/www.tiktok.com\\\/@demusculos.com\"]}]}<\/script>\n<!-- \/ Yoast SEO plugin. -->","yoast_head_json":{"title":"Amino\u00e1cidos | DeMusculos.com | AYUDA","robots":{"index":"index","follow":"follow","max-snippet":"max-snippet:-1","max-image-preview":"max-image-preview:large","max-video-preview":"max-video-preview:-1"},"canonical":"https:\/\/www.demusculos.com\/ayuda\/objetivos\/aumento-muscular\/aminoacidos\/","og_locale":"es_ES","og_type":"article","og_title":"Amino\u00e1cidos | DeMusculos.com | AYUDA","og_description":"Objetivos &gt; Aumento Muscular&nbsp;&gt;&nbsp;Suplementos&nbsp;&gt; Amino\u00e1cidos Los amino\u00e1cidos son excelentes recuperadores musculares. Mantienen elevada la cantidad&nbsp;de aminos en sangre. Permiten una m\u00e1s r\u00e1pida recuperaci\u00f3n. A mayor recuperaci\u00f3n, m\u00e1s aumento muscular. Son 100% sanos y naturales. Los amino\u00e1cidos se pueden combinar con prote\u00ednas, creatinas, ganadores de peso y \u00f3xidos n\u00edtricos. Ideal para recuperaci\u00f3n muscular luego de lesiones [&hellip;]","og_url":"https:\/\/www.demusculos.com\/ayuda\/objetivos\/aumento-muscular\/aminoacidos\/","og_site_name":"DeMusculos.com | AYUDA","article_publisher":"https:\/\/www.facebook.com\/demusculos","article_modified_time":"2024-03-07T00:11:20+00:00","og_image":[{"url":"https:\/\/www.demusculos.com\/ayuda\/wp-content\/uploads\/2024\/01\/aminos-4500-ena-sport.png","type":"","width":"","height":""}],"twitter_card":"summary_large_image","twitter_site":"@demusculos","twitter_misc":{"Tiempo de lectura":"1 minuto"},"schema":{"@context":"https:\/\/schema.org","@graph":[{"@type":"WebPage","@id":"https:\/\/www.demusculos.com\/ayuda\/objetivos\/aumento-muscular\/aminoacidos\/","url":"https:\/\/www.demusculos.com\/ayuda\/objetivos\/aumento-muscular\/aminoacidos\/","name":"Amino\u00e1cidos | DeMusculos.com | AYUDA","isPartOf":{"@id":"https:\/\/www.demusculos.com\/ayuda\/#website"},"primaryImageOfPage":{"@id":"https:\/\/www.demusculos.com\/ayuda\/objetivos\/aumento-muscular\/aminoacidos\/#primaryimage"},"image":{"@id":"https:\/\/www.demusculos.com\/ayuda\/objetivos\/aumento-muscular\/aminoacidos\/#primaryimage"},"thumbnailUrl":"https:\/\/www.demusculos.com\/ayuda\/wp-content\/uploads\/2024\/01\/aminos-4500-ena-sport.png","datePublished":"2015-03-12T12:43:57+00:00","dateModified":"2024-03-07T00:11:20+00:00","breadcrumb":{"@id":"https:\/\/www.demusculos.com\/ayuda\/objetivos\/aumento-muscular\/aminoacidos\/#breadcrumb"},"inLanguage":"es","potentialAction":[{"@type":"ReadAction","target":["https:\/\/www.demusculos.com\/ayuda\/objetivos\/aumento-muscular\/aminoacidos\/"]}]},{"@type":"ImageObject","inLanguage":"es","@id":"https:\/\/www.demusculos.com\/ayuda\/objetivos\/aumento-muscular\/aminoacidos\/#primaryimage","url":"https:\/\/www.demusculos.com\/ayuda\/wp-content\/uploads\/2024\/01\/aminos-4500-ena-sport.png","contentUrl":"https:\/\/www.demusculos.com\/ayuda\/wp-content\/uploads\/2024\/01\/aminos-4500-ena-sport.png","width":300,"height":300},{"@type":"BreadcrumbList","@id":"https:\/\/www.demusculos.com\/ayuda\/objetivos\/aumento-muscular\/aminoacidos\/#breadcrumb","itemListElement":[{"@type":"ListItem","position":1,"name":"Portada","item":"https:\/\/www.demusculos.com\/ayuda\/"},{"@type":"ListItem","position":2,"name":"\u00bfCu\u00e1l es tu objetivo?","item":"https:\/\/www.demusculos.com\/ayuda\/objetivos\/"},{"@type":"ListItem","position":3,"name":"Aumento muscular","item":"https:\/\/www.demusculos.com\/ayuda\/objetivos\/aumento-muscular\/"},{"@type":"ListItem","position":4,"name":"Amino\u00e1cidos"}]},{"@type":"WebSite","@id":"https:\/\/www.demusculos.com\/ayuda\/#website","url":"https:\/\/www.demusculos.com\/ayuda\/","name":"DeMusculos.com | AYUDA","description":"Suplementos Naturales, Accesorios, Indumentaria","publisher":{"@id":"https:\/\/www.demusculos.com\/ayuda\/#organization"},"alternateName":"Suplementos Natuarles","potentialAction":[{"@type":"SearchAction","target":{"@type":"EntryPoint","urlTemplate":"https:\/\/www.demusculos.com\/ayuda\/?s={search_term_string}"},"query-input":{"@type":"PropertyValueSpecification","valueRequired":true,"valueName":"search_term_string"}}],"inLanguage":"es"},{"@type":"Organization","@id":"https:\/\/www.demusculos.com\/ayuda\/#organization","name":"DeMusculos.com | AYUDA","url":"https:\/\/www.demusculos.com\/ayuda\/","logo":{"@type":"ImageObject","inLanguage":"es","@id":"https:\/\/www.demusculos.com\/ayuda\/#\/schema\/logo\/image\/","url":"https:\/\/www.demusculos.com\/ayuda\/wp-content\/uploads\/2024\/01\/logo-demusculos-prestashop-usuario.png","contentUrl":"https:\/\/www.demusculos.com\/ayuda\/wp-content\/uploads\/2024\/01\/logo-demusculos-prestashop-usuario.png","width":150,"height":150,"caption":"DeMusculos.com | AYUDA"},"image":{"@id":"https:\/\/www.demusculos.com\/ayuda\/#\/schema\/logo\/image\/"},"sameAs":["https:\/\/www.facebook.com\/demusculos","https:\/\/x.com\/demusculos","https:\/\/www.tiktok.com\/@demusculos.com"]}]}},"_links":{"self":[{"href":"https:\/\/www.demusculos.com\/ayuda\/wp-json\/wp\/v2\/pages\/550","targetHints":{"allow":["GET"]}}],"collection":[{"href":"https:\/\/www.demusculos.com\/ayuda\/wp-json\/wp\/v2\/pages"}],"about":[{"href":"https:\/\/www.demusculos.com\/ayuda\/wp-json\/wp\/v2\/types\/page"}],"author":[{"embeddable":true,"href":"https:\/\/www.demusculos.com\/ayuda\/wp-json\/wp\/v2\/users\/1"}],"replies":[{"embeddable":true,"href":"https:\/\/www.demusculos.com\/ayuda\/wp-json\/wp\/v2\/comments?post=550"}],"version-history":[{"count":0,"href":"https:\/\/www.demusculos.com\/ayuda\/wp-json\/wp\/v2\/pages\/550\/revisions"}],"up":[{"embeddable":true,"href":"https:\/\/www.demusculos.com\/ayuda\/wp-json\/wp\/v2\/pages\/189"}],"wp:attachment":[{"href":"https:\/\/www.demusculos.com\/ayuda\/wp-json\/wp\/v2\/media?parent=550"}],"curies":[{"name":"wp","href":"https:\/\/api.w.org\/{rel}","templated":true}]}}