{"id":939,"date":"2017-05-26T23:56:28","date_gmt":"2017-05-26T23:56:28","guid":{"rendered":"http:\/\/www.demusculos.com\/ayuda\/?page_id=939"},"modified":"2025-05-01T23:40:33","modified_gmt":"2025-05-01T23:40:33","slug":"pre-entrenamientos","status":"publish","type":"page","link":"https:\/\/www.demusculos.com\/ayuda\/objetivos\/energia-y-rendimiento\/pre-entrenamientos\/","title":{"rendered":"Pre Entrenamientos"},"content":{"rendered":"\n<p><a title=\"Objetivos\" href=\"https:\/\/www.demusculos.com\/ayuda\/objetivos\/\">Objetivos <\/a>&gt;&nbsp;<a href=\"https:\/\/www.demusculos.com\/ayuda\/objetivos\/energia-y-rendimiento\/\">Energ\u00eda y rendimiento<\/a>&nbsp;&gt; <a href=\"https:\/\/www.demusculos.com\/ayuda\/suplementos-para-aumentar-la-energia\/\">Suplementos<\/a>&nbsp;&gt; <a href=\"https:\/\/www.demusculos.com\/ayuda\/objetivos\/energia-y-rendimiento\/pre-entrenamientos\/\">Pre entrenamientos<\/a><\/p>\n\n\n\n<p>Si est\u00e1s necesitando <strong>energ\u00eda<\/strong> y prevenir la fatiga muscular puedes utilizar los siguientes suplementos naturales: <\/p>\n\n\n\n<figure class=\"wp-block-image size-full\"><a href=\"https:\/\/www.demusculos.com\/web\/producto\/flash-5d-de-hoch-sport-x30-grs-pre-work\/\" target=\"_blank\" rel=\"noopener\"><img loading=\"lazy\" decoding=\"async\" width=\"300\" height=\"300\" src=\"https:\/\/www.demusculos.com\/ayuda\/wp-content\/uploads\/2024\/01\/pre-work-flash-5-d.png\" alt=\"\" class=\"wp-image-2520\" srcset=\"https:\/\/www.demusculos.com\/ayuda\/wp-content\/uploads\/2024\/01\/pre-work-flash-5-d.png 300w, https:\/\/www.demusculos.com\/ayuda\/wp-content\/uploads\/2024\/01\/pre-work-flash-5-d-150x150.png 150w\" sizes=\"auto, (max-width: 300px) 100vw, 300px\" \/><\/a><\/figure>\n\n\n\n<figure class=\"wp-block-image size-full\"><a href=\"https:\/\/www.demusculos.com\/web\/producto\/pre-war-de-ena-sport-x400-grs\/\" target=\"_blank\" rel=\"noopener\"><img loading=\"lazy\" decoding=\"async\" width=\"300\" height=\"300\" src=\"https:\/\/www.demusculos.com\/ayuda\/wp-content\/uploads\/2024\/01\/pre-work-pre-war-ena.png\" alt=\"\" class=\"wp-image-2521\" srcset=\"https:\/\/www.demusculos.com\/ayuda\/wp-content\/uploads\/2024\/01\/pre-work-pre-war-ena.png 300w, https:\/\/www.demusculos.com\/ayuda\/wp-content\/uploads\/2024\/01\/pre-work-pre-war-ena-150x150.png 150w\" sizes=\"auto, (max-width: 300px) 100vw, 300px\" \/><\/a><\/figure>\n\n\n\n<figure class=\"wp-block-image size-full\"><a href=\"https:\/\/www.demusculos.com\/web\/producto\/beta-xplode-210-grs-htn\/\" target=\"_blank\" rel=\"noopener\"><img loading=\"lazy\" decoding=\"async\" width=\"300\" height=\"300\" src=\"https:\/\/www.demusculos.com\/ayuda\/wp-content\/uploads\/2024\/01\/pre-work-beta-xplode-htn.png\" alt=\"\" class=\"wp-image-2522\" srcset=\"https:\/\/www.demusculos.com\/ayuda\/wp-content\/uploads\/2024\/01\/pre-work-beta-xplode-htn.png 300w, https:\/\/www.demusculos.com\/ayuda\/wp-content\/uploads\/2024\/01\/pre-work-beta-xplode-htn-150x150.png 150w\" sizes=\"auto, (max-width: 300px) 100vw, 300px\" \/><\/a><\/figure>\n\n\n\n<h2 class=\"wp-block-heading\"><em>5 beneficios<\/em><\/h2>\n\n\n\n<p>Aumentan la <strong>energ\u00eda<\/strong> antes, durante y luego del entrenamiento<\/p>\n\n\n\n<p>Previenen la fatiga muscular<\/p>\n\n\n\n<p>Transportan nutrientes y ox\u00edgeno a toda la fibra muscular. <\/p>\n\n\n\n<p>Contienen Arginina (<em>ingrediente que eleva nuestro \u00f3xido n\u00edtrico<\/em>), cafe\u00edna (<em>eleva la energ\u00eda<\/em>) y creatina (<em>previene la fatiga muscular<\/em>)<\/p>\n\n\n\n<p>La recuperaci\u00f3n f\u00edsica es m\u00e1s r\u00e1pida.<\/p>\n\n\n\n<h2 class=\"wp-block-heading\"><em>El m\u00e1s vendido<\/em><\/h2>\n\n\n\n<figure class=\"wp-block-image size-full\"><a href=\"https:\/\/www.demusculos.com\/web\/producto\/pump-v8-de-285-grs-de-star-nutrition\/\" target=\"_blank\" rel=\"noopener\"><img loading=\"lazy\" decoding=\"async\" width=\"300\" height=\"300\" src=\"https:\/\/www.demusculos.com\/ayuda\/wp-content\/uploads\/2024\/01\/pre-work-pump-v8-star-nutrition.png\" alt=\"\" class=\"wp-image-2524\" srcset=\"https:\/\/www.demusculos.com\/ayuda\/wp-content\/uploads\/2024\/01\/pre-work-pump-v8-star-nutrition.png 300w, https:\/\/www.demusculos.com\/ayuda\/wp-content\/uploads\/2024\/01\/pre-work-pump-v8-star-nutrition-150x150.png 150w\" sizes=\"auto, (max-width: 300px) 100vw, 300px\" \/><\/a><\/figure>\n\n\n\n<h2 class=\"wp-block-heading\"><em>Destacado<\/em><\/h2>\n\n\n\n<figure class=\"wp-block-image size-full\"><a href=\"https:\/\/www.demusculos.com\/web\/producto\/killer-5-0-de-generation-fit\/\" target=\"_blank\" rel=\"noreferrer noopener\"><img loading=\"lazy\" decoding=\"async\" width=\"300\" height=\"300\" src=\"https:\/\/www.demusculos.com\/ayuda\/wp-content\/uploads\/2024\/01\/pre-work-killer-5-0.png\" alt=\"\" class=\"wp-image-2536\" srcset=\"https:\/\/www.demusculos.com\/ayuda\/wp-content\/uploads\/2024\/01\/pre-work-killer-5-0.png 300w, https:\/\/www.demusculos.com\/ayuda\/wp-content\/uploads\/2024\/01\/pre-work-killer-5-0-150x150.png 150w\" sizes=\"auto, (max-width: 300px) 100vw, 300px\" \/><\/a><\/figure>\n\n\n\n<p>&lt; <a href=\"https:\/\/www.demusculos.com\/ayuda\/suplementos-para-aumentar-la-energia\/\">Regresar<\/a><\/p>\n","protected":false},"excerpt":{"rendered":"<p>Objetivos &gt;&nbsp;Energ\u00eda y rendimiento&nbsp;&gt; Suplementos&nbsp;&gt; Pre entrenamientos Si est\u00e1s necesitando energ\u00eda y prevenir la fatiga muscular puedes utilizar los siguientes suplementos naturales: 5 beneficios Aumentan la energ\u00eda antes, durante y luego del entrenamiento Previenen la fatiga muscular Transportan nutrientes y ox\u00edgeno a toda la fibra muscular. Contienen Arginina (ingrediente que eleva nuestro \u00f3xido n\u00edtrico), cafe\u00edna [&hellip;]<\/p>\n","protected":false},"author":1,"featured_media":0,"parent":926,"menu_order":0,"comment_status":"closed","ping_status":"closed","template":"","meta":{"footnotes":""},"class_list":["post-939","page","type-page","status-publish","hentry"],"yoast_head":"<!-- This site is optimized with the Yoast SEO plugin v27.4 - https:\/\/yoast.com\/product\/yoast-seo-wordpress\/ -->\n<title>Pre Entrenamientos | DeMusculos.com | AYUDA<\/title>\n<meta name=\"robots\" content=\"index, follow, max-snippet:-1, max-image-preview:large, max-video-preview:-1\" \/>\n<link rel=\"canonical\" href=\"https:\/\/www.demusculos.com\/ayuda\/objetivos\/energia-y-rendimiento\/pre-entrenamientos\/\" \/>\n<meta property=\"og:locale\" content=\"es_ES\" \/>\n<meta property=\"og:type\" content=\"article\" \/>\n<meta property=\"og:title\" content=\"Pre Entrenamientos | DeMusculos.com | AYUDA\" \/>\n<meta property=\"og:description\" content=\"Objetivos &gt;&nbsp;Energ\u00eda y rendimiento&nbsp;&gt; Suplementos&nbsp;&gt; Pre entrenamientos Si est\u00e1s necesitando energ\u00eda y prevenir la fatiga muscular puedes utilizar los siguientes suplementos naturales: 5 beneficios Aumentan la energ\u00eda antes, durante y luego del entrenamiento Previenen la fatiga muscular Transportan nutrientes y ox\u00edgeno a toda la fibra muscular. Contienen Arginina (ingrediente que eleva nuestro \u00f3xido n\u00edtrico), cafe\u00edna [&hellip;]\" \/>\n<meta property=\"og:url\" content=\"https:\/\/www.demusculos.com\/ayuda\/objetivos\/energia-y-rendimiento\/pre-entrenamientos\/\" \/>\n<meta property=\"og:site_name\" content=\"DeMusculos.com | AYUDA\" \/>\n<meta property=\"article:publisher\" content=\"https:\/\/www.facebook.com\/demusculos\" \/>\n<meta property=\"article:modified_time\" content=\"2025-05-01T23:40:33+00:00\" \/>\n<meta property=\"og:image\" content=\"https:\/\/www.demusculos.com\/ayuda\/wp-content\/uploads\/2024\/01\/pre-work-flash-5-d.png\" \/>\n\t<meta property=\"og:image:width\" content=\"300\" \/>\n\t<meta property=\"og:image:height\" content=\"300\" \/>\n\t<meta property=\"og:image:type\" content=\"image\/png\" \/>\n<meta name=\"twitter:card\" content=\"summary_large_image\" \/>\n<meta name=\"twitter:site\" content=\"@demusculos\" \/>\n<meta name=\"twitter:label1\" content=\"Tiempo de lectura\" \/>\n\t<meta name=\"twitter:data1\" content=\"2 minutos\" \/>\n<script type=\"application\/ld+json\" class=\"yoast-schema-graph\">{\"@context\":\"https:\\\/\\\/schema.org\",\"@graph\":[{\"@type\":\"WebPage\",\"@id\":\"https:\\\/\\\/www.demusculos.com\\\/ayuda\\\/objetivos\\\/energia-y-rendimiento\\\/pre-entrenamientos\\\/\",\"url\":\"https:\\\/\\\/www.demusculos.com\\\/ayuda\\\/objetivos\\\/energia-y-rendimiento\\\/pre-entrenamientos\\\/\",\"name\":\"Pre Entrenamientos | DeMusculos.com | AYUDA\",\"isPartOf\":{\"@id\":\"https:\\\/\\\/www.demusculos.com\\\/ayuda\\\/#website\"},\"primaryImageOfPage\":{\"@id\":\"https:\\\/\\\/www.demusculos.com\\\/ayuda\\\/objetivos\\\/energia-y-rendimiento\\\/pre-entrenamientos\\\/#primaryimage\"},\"image\":{\"@id\":\"https:\\\/\\\/www.demusculos.com\\\/ayuda\\\/objetivos\\\/energia-y-rendimiento\\\/pre-entrenamientos\\\/#primaryimage\"},\"thumbnailUrl\":\"https:\\\/\\\/www.demusculos.com\\\/ayuda\\\/wp-content\\\/uploads\\\/2024\\\/01\\\/pre-work-flash-5-d.png\",\"datePublished\":\"2017-05-26T23:56:28+00:00\",\"dateModified\":\"2025-05-01T23:40:33+00:00\",\"breadcrumb\":{\"@id\":\"https:\\\/\\\/www.demusculos.com\\\/ayuda\\\/objetivos\\\/energia-y-rendimiento\\\/pre-entrenamientos\\\/#breadcrumb\"},\"inLanguage\":\"es\",\"potentialAction\":[{\"@type\":\"ReadAction\",\"target\":[\"https:\\\/\\\/www.demusculos.com\\\/ayuda\\\/objetivos\\\/energia-y-rendimiento\\\/pre-entrenamientos\\\/\"]}]},{\"@type\":\"ImageObject\",\"inLanguage\":\"es\",\"@id\":\"https:\\\/\\\/www.demusculos.com\\\/ayuda\\\/objetivos\\\/energia-y-rendimiento\\\/pre-entrenamientos\\\/#primaryimage\",\"url\":\"https:\\\/\\\/www.demusculos.com\\\/ayuda\\\/wp-content\\\/uploads\\\/2024\\\/01\\\/pre-work-flash-5-d.png\",\"contentUrl\":\"https:\\\/\\\/www.demusculos.com\\\/ayuda\\\/wp-content\\\/uploads\\\/2024\\\/01\\\/pre-work-flash-5-d.png\",\"width\":300,\"height\":300},{\"@type\":\"BreadcrumbList\",\"@id\":\"https:\\\/\\\/www.demusculos.com\\\/ayuda\\\/objetivos\\\/energia-y-rendimiento\\\/pre-entrenamientos\\\/#breadcrumb\",\"itemListElement\":[{\"@type\":\"ListItem\",\"position\":1,\"name\":\"Portada\",\"item\":\"https:\\\/\\\/www.demusculos.com\\\/ayuda\\\/\"},{\"@type\":\"ListItem\",\"position\":2,\"name\":\"\u00bfCu\u00e1l es tu objetivo?\",\"item\":\"https:\\\/\\\/www.demusculos.com\\\/ayuda\\\/objetivos\\\/\"},{\"@type\":\"ListItem\",\"position\":3,\"name\":\"Energ\u00eda y rendimiento\",\"item\":\"https:\\\/\\\/www.demusculos.com\\\/ayuda\\\/objetivos\\\/energia-y-rendimiento\\\/\"},{\"@type\":\"ListItem\",\"position\":4,\"name\":\"Pre Entrenamientos\"}]},{\"@type\":\"WebSite\",\"@id\":\"https:\\\/\\\/www.demusculos.com\\\/ayuda\\\/#website\",\"url\":\"https:\\\/\\\/www.demusculos.com\\\/ayuda\\\/\",\"name\":\"DeMusculos.com | AYUDA\",\"description\":\"Suplementos Naturales, Accesorios, Indumentaria\",\"publisher\":{\"@id\":\"https:\\\/\\\/www.demusculos.com\\\/ayuda\\\/#organization\"},\"alternateName\":\"Suplementos Natuarles\",\"potentialAction\":[{\"@type\":\"SearchAction\",\"target\":{\"@type\":\"EntryPoint\",\"urlTemplate\":\"https:\\\/\\\/www.demusculos.com\\\/ayuda\\\/?s={search_term_string}\"},\"query-input\":{\"@type\":\"PropertyValueSpecification\",\"valueRequired\":true,\"valueName\":\"search_term_string\"}}],\"inLanguage\":\"es\"},{\"@type\":\"Organization\",\"@id\":\"https:\\\/\\\/www.demusculos.com\\\/ayuda\\\/#organization\",\"name\":\"DeMusculos.com | AYUDA\",\"url\":\"https:\\\/\\\/www.demusculos.com\\\/ayuda\\\/\",\"logo\":{\"@type\":\"ImageObject\",\"inLanguage\":\"es\",\"@id\":\"https:\\\/\\\/www.demusculos.com\\\/ayuda\\\/#\\\/schema\\\/logo\\\/image\\\/\",\"url\":\"https:\\\/\\\/www.demusculos.com\\\/ayuda\\\/wp-content\\\/uploads\\\/2024\\\/01\\\/logo-demusculos-prestashop-usuario.png\",\"contentUrl\":\"https:\\\/\\\/www.demusculos.com\\\/ayuda\\\/wp-content\\\/uploads\\\/2024\\\/01\\\/logo-demusculos-prestashop-usuario.png\",\"width\":150,\"height\":150,\"caption\":\"DeMusculos.com | AYUDA\"},\"image\":{\"@id\":\"https:\\\/\\\/www.demusculos.com\\\/ayuda\\\/#\\\/schema\\\/logo\\\/image\\\/\"},\"sameAs\":[\"https:\\\/\\\/www.facebook.com\\\/demusculos\",\"https:\\\/\\\/x.com\\\/demusculos\",\"https:\\\/\\\/www.tiktok.com\\\/@demusculos.com\"]}]}<\/script>\n<!-- \/ Yoast SEO plugin. -->","yoast_head_json":{"title":"Pre Entrenamientos | DeMusculos.com | AYUDA","robots":{"index":"index","follow":"follow","max-snippet":"max-snippet:-1","max-image-preview":"max-image-preview:large","max-video-preview":"max-video-preview:-1"},"canonical":"https:\/\/www.demusculos.com\/ayuda\/objetivos\/energia-y-rendimiento\/pre-entrenamientos\/","og_locale":"es_ES","og_type":"article","og_title":"Pre Entrenamientos | DeMusculos.com | AYUDA","og_description":"Objetivos &gt;&nbsp;Energ\u00eda y rendimiento&nbsp;&gt; Suplementos&nbsp;&gt; Pre entrenamientos Si est\u00e1s necesitando energ\u00eda y prevenir la fatiga muscular puedes utilizar los siguientes suplementos naturales: 5 beneficios Aumentan la energ\u00eda antes, durante y luego del entrenamiento Previenen la fatiga muscular Transportan nutrientes y ox\u00edgeno a toda la fibra muscular. Contienen Arginina (ingrediente que eleva nuestro \u00f3xido n\u00edtrico), cafe\u00edna [&hellip;]","og_url":"https:\/\/www.demusculos.com\/ayuda\/objetivos\/energia-y-rendimiento\/pre-entrenamientos\/","og_site_name":"DeMusculos.com | AYUDA","article_publisher":"https:\/\/www.facebook.com\/demusculos","article_modified_time":"2025-05-01T23:40:33+00:00","og_image":[{"width":300,"height":300,"url":"https:\/\/www.demusculos.com\/ayuda\/wp-content\/uploads\/2024\/01\/pre-work-flash-5-d.png","type":"image\/png"}],"twitter_card":"summary_large_image","twitter_site":"@demusculos","twitter_misc":{"Tiempo de lectura":"2 minutos"},"schema":{"@context":"https:\/\/schema.org","@graph":[{"@type":"WebPage","@id":"https:\/\/www.demusculos.com\/ayuda\/objetivos\/energia-y-rendimiento\/pre-entrenamientos\/","url":"https:\/\/www.demusculos.com\/ayuda\/objetivos\/energia-y-rendimiento\/pre-entrenamientos\/","name":"Pre Entrenamientos | DeMusculos.com | AYUDA","isPartOf":{"@id":"https:\/\/www.demusculos.com\/ayuda\/#website"},"primaryImageOfPage":{"@id":"https:\/\/www.demusculos.com\/ayuda\/objetivos\/energia-y-rendimiento\/pre-entrenamientos\/#primaryimage"},"image":{"@id":"https:\/\/www.demusculos.com\/ayuda\/objetivos\/energia-y-rendimiento\/pre-entrenamientos\/#primaryimage"},"thumbnailUrl":"https:\/\/www.demusculos.com\/ayuda\/wp-content\/uploads\/2024\/01\/pre-work-flash-5-d.png","datePublished":"2017-05-26T23:56:28+00:00","dateModified":"2025-05-01T23:40:33+00:00","breadcrumb":{"@id":"https:\/\/www.demusculos.com\/ayuda\/objetivos\/energia-y-rendimiento\/pre-entrenamientos\/#breadcrumb"},"inLanguage":"es","potentialAction":[{"@type":"ReadAction","target":["https:\/\/www.demusculos.com\/ayuda\/objetivos\/energia-y-rendimiento\/pre-entrenamientos\/"]}]},{"@type":"ImageObject","inLanguage":"es","@id":"https:\/\/www.demusculos.com\/ayuda\/objetivos\/energia-y-rendimiento\/pre-entrenamientos\/#primaryimage","url":"https:\/\/www.demusculos.com\/ayuda\/wp-content\/uploads\/2024\/01\/pre-work-flash-5-d.png","contentUrl":"https:\/\/www.demusculos.com\/ayuda\/wp-content\/uploads\/2024\/01\/pre-work-flash-5-d.png","width":300,"height":300},{"@type":"BreadcrumbList","@id":"https:\/\/www.demusculos.com\/ayuda\/objetivos\/energia-y-rendimiento\/pre-entrenamientos\/#breadcrumb","itemListElement":[{"@type":"ListItem","position":1,"name":"Portada","item":"https:\/\/www.demusculos.com\/ayuda\/"},{"@type":"ListItem","position":2,"name":"\u00bfCu\u00e1l es tu objetivo?","item":"https:\/\/www.demusculos.com\/ayuda\/objetivos\/"},{"@type":"ListItem","position":3,"name":"Energ\u00eda y rendimiento","item":"https:\/\/www.demusculos.com\/ayuda\/objetivos\/energia-y-rendimiento\/"},{"@type":"ListItem","position":4,"name":"Pre Entrenamientos"}]},{"@type":"WebSite","@id":"https:\/\/www.demusculos.com\/ayuda\/#website","url":"https:\/\/www.demusculos.com\/ayuda\/","name":"DeMusculos.com | AYUDA","description":"Suplementos Naturales, Accesorios, Indumentaria","publisher":{"@id":"https:\/\/www.demusculos.com\/ayuda\/#organization"},"alternateName":"Suplementos Natuarles","potentialAction":[{"@type":"SearchAction","target":{"@type":"EntryPoint","urlTemplate":"https:\/\/www.demusculos.com\/ayuda\/?s={search_term_string}"},"query-input":{"@type":"PropertyValueSpecification","valueRequired":true,"valueName":"search_term_string"}}],"inLanguage":"es"},{"@type":"Organization","@id":"https:\/\/www.demusculos.com\/ayuda\/#organization","name":"DeMusculos.com | AYUDA","url":"https:\/\/www.demusculos.com\/ayuda\/","logo":{"@type":"ImageObject","inLanguage":"es","@id":"https:\/\/www.demusculos.com\/ayuda\/#\/schema\/logo\/image\/","url":"https:\/\/www.demusculos.com\/ayuda\/wp-content\/uploads\/2024\/01\/logo-demusculos-prestashop-usuario.png","contentUrl":"https:\/\/www.demusculos.com\/ayuda\/wp-content\/uploads\/2024\/01\/logo-demusculos-prestashop-usuario.png","width":150,"height":150,"caption":"DeMusculos.com | AYUDA"},"image":{"@id":"https:\/\/www.demusculos.com\/ayuda\/#\/schema\/logo\/image\/"},"sameAs":["https:\/\/www.facebook.com\/demusculos","https:\/\/x.com\/demusculos","https:\/\/www.tiktok.com\/@demusculos.com"]}]}},"_links":{"self":[{"href":"https:\/\/www.demusculos.com\/ayuda\/wp-json\/wp\/v2\/pages\/939","targetHints":{"allow":["GET"]}}],"collection":[{"href":"https:\/\/www.demusculos.com\/ayuda\/wp-json\/wp\/v2\/pages"}],"about":[{"href":"https:\/\/www.demusculos.com\/ayuda\/wp-json\/wp\/v2\/types\/page"}],"author":[{"embeddable":true,"href":"https:\/\/www.demusculos.com\/ayuda\/wp-json\/wp\/v2\/users\/1"}],"replies":[{"embeddable":true,"href":"https:\/\/www.demusculos.com\/ayuda\/wp-json\/wp\/v2\/comments?post=939"}],"version-history":[{"count":0,"href":"https:\/\/www.demusculos.com\/ayuda\/wp-json\/wp\/v2\/pages\/939\/revisions"}],"up":[{"embeddable":true,"href":"https:\/\/www.demusculos.com\/ayuda\/wp-json\/wp\/v2\/pages\/926"}],"wp:attachment":[{"href":"https:\/\/www.demusculos.com\/ayuda\/wp-json\/wp\/v2\/media?parent=939"}],"curies":[{"name":"wp","href":"https:\/\/api.w.org\/{rel}","templated":true}]}}