{"id":943,"date":"2017-05-26T23:57:27","date_gmt":"2017-05-26T23:57:27","guid":{"rendered":"http:\/\/www.demusculos.com\/ayuda\/?page_id=943"},"modified":"2025-05-01T23:41:06","modified_gmt":"2025-05-01T23:41:06","slug":"recuperadores","status":"publish","type":"page","link":"https:\/\/www.demusculos.com\/ayuda\/objetivos\/energia-y-rendimiento\/recuperadores\/","title":{"rendered":"Recuperadores"},"content":{"rendered":"<p><a title=\"Objetivos\" href=\"https:\/\/www.demusculos.com\/ayuda\/objetivos\/\">Objetivos <\/a>&gt;\u00a0<a href=\"https:\/\/www.demusculos.com\/ayuda\/objetivos\/energia-y-rendimiento\/\">Energ\u00eda y rendimiento<\/a>\u00a0&gt; <a href=\"https:\/\/www.demusculos.com\/ayuda\/suplementos-para-aumentar-la-energia\/\">Suplementos<\/a>\u00a0&gt;\u00a0<a href=\"https:\/\/www.demusculos.com\/ayuda\/objetivos\/energia-y-rendimiento\/recuperadores\/\">Recuperadores<\/a><\/p>\n<p data-sourcepos=\"18:1-18:57\"><strong>La ciencia de la recuperaci\u00f3n al alcance de tu mano.<\/strong><\/p>\n<p data-sourcepos=\"20:1-20:266\">La prote\u00edna, los amino\u00e1cidos, la creatina y los carbohidratos son nutrientes esenciales para una recuperaci\u00f3n muscular eficaz. Estos compuestos trabajan sin\u00e9rgicamente para reparar el tejido muscular da\u00f1ado, reponer las reservas de energ\u00eda y promover el crecimiento.<\/p>\n<p data-sourcepos=\"22:1-22:165\">Nuestros recuperadores est\u00e1n formulados con una combinaci\u00f3n precisa de estos nutrientes para ofrecerte los mejores resultados.<\/p>\n<p data-sourcepos=\"22:1-22:165\">Te recomendamos los siguientes recuperadores:<\/p>\n<p><a href=\"https:\/\/www.demusculos.com\/web\/producto\/second-shift-musclestar-1-kg-star-nutrition\/\"><img loading=\"lazy\" decoding=\"async\" class=\"alignnone wp-image-2475 size-full\" src=\"https:\/\/www.demusculos.com\/ayuda\/wp-content\/uploads\/2024\/01\/proteina-musclestar-second-shift.png\" alt=\"\" width=\"300\" height=\"300\" srcset=\"https:\/\/www.demusculos.com\/ayuda\/wp-content\/uploads\/2024\/01\/proteina-musclestar-second-shift.png 300w, https:\/\/www.demusculos.com\/ayuda\/wp-content\/uploads\/2024\/01\/proteina-musclestar-second-shift-150x150.png 150w\" sizes=\"auto, (max-width: 300px) 100vw, 300px\" \/><\/a>\u00a0<a href=\"https:\/\/www.demusculos.com\/web\/producto\/whey-x-pro-ena\/\"><img loading=\"lazy\" decoding=\"async\" class=\"alignnone wp-image-2517 size-full\" src=\"https:\/\/www.demusculos.com\/ayuda\/wp-content\/uploads\/2024\/01\/recuperador-whey-x-pro.png\" alt=\"\" width=\"300\" height=\"300\" srcset=\"https:\/\/www.demusculos.com\/ayuda\/wp-content\/uploads\/2024\/01\/recuperador-whey-x-pro.png 300w, https:\/\/www.demusculos.com\/ayuda\/wp-content\/uploads\/2024\/01\/recuperador-whey-x-pro-150x150.png 150w\" sizes=\"auto, (max-width: 300px) 100vw, 300px\" \/><\/a><\/p>\n<ul>\n<li>Estos dos productos incluyen en su f\u00f3rmula prote\u00edna de suero de leche (Whey Protein), creatina, glutamina, amino\u00e1cidos y carbohidratos.<\/li>\n<li>Son ideales para tomar luego o antes del entrenamiento.<\/li>\n<\/ul>\n<p>&lt; <a href=\"https:\/\/www.demusculos.com\/ayuda\/suplementos-para-aumentar-la-energia\/\">Regresar<\/a><\/p>\n","protected":false},"excerpt":{"rendered":"<p>Objetivos &gt;\u00a0Energ\u00eda y rendimiento\u00a0&gt; Suplementos\u00a0&gt;\u00a0Recuperadores La ciencia de la recuperaci\u00f3n al alcance de tu mano. La prote\u00edna, los amino\u00e1cidos, la creatina y los carbohidratos son nutrientes esenciales para una recuperaci\u00f3n muscular eficaz. Estos compuestos trabajan sin\u00e9rgicamente para reparar el tejido muscular da\u00f1ado, reponer las reservas de energ\u00eda y promover el crecimiento. Nuestros recuperadores est\u00e1n formulados [&hellip;]<\/p>\n","protected":false},"author":1,"featured_media":0,"parent":926,"menu_order":0,"comment_status":"closed","ping_status":"closed","template":"","meta":{"footnotes":""},"class_list":["post-943","page","type-page","status-publish","hentry"],"yoast_head":"<!-- This site is optimized with the Yoast SEO plugin v27.4 - https:\/\/yoast.com\/product\/yoast-seo-wordpress\/ -->\n<title>Recuperadores | DeMusculos.com | AYUDA<\/title>\n<meta name=\"robots\" content=\"index, follow, max-snippet:-1, max-image-preview:large, max-video-preview:-1\" \/>\n<link rel=\"canonical\" href=\"https:\/\/www.demusculos.com\/ayuda\/objetivos\/energia-y-rendimiento\/recuperadores\/\" \/>\n<meta property=\"og:locale\" content=\"es_ES\" \/>\n<meta property=\"og:type\" content=\"article\" \/>\n<meta property=\"og:title\" content=\"Recuperadores | DeMusculos.com | AYUDA\" \/>\n<meta property=\"og:description\" content=\"Objetivos &gt;\u00a0Energ\u00eda y rendimiento\u00a0&gt; Suplementos\u00a0&gt;\u00a0Recuperadores La ciencia de la recuperaci\u00f3n al alcance de tu mano. La prote\u00edna, los amino\u00e1cidos, la creatina y los carbohidratos son nutrientes esenciales para una recuperaci\u00f3n muscular eficaz. Estos compuestos trabajan sin\u00e9rgicamente para reparar el tejido muscular da\u00f1ado, reponer las reservas de energ\u00eda y promover el crecimiento. Nuestros recuperadores est\u00e1n formulados [&hellip;]\" \/>\n<meta property=\"og:url\" content=\"https:\/\/www.demusculos.com\/ayuda\/objetivos\/energia-y-rendimiento\/recuperadores\/\" \/>\n<meta property=\"og:site_name\" content=\"DeMusculos.com | AYUDA\" \/>\n<meta property=\"article:publisher\" content=\"https:\/\/www.facebook.com\/demusculos\" \/>\n<meta property=\"article:modified_time\" content=\"2025-05-01T23:41:06+00:00\" \/>\n<meta property=\"og:image\" content=\"https:\/\/www.demusculos.com\/ayuda\/wp-content\/uploads\/2024\/01\/proteina-musclestar-second-shift.png\" \/>\n\t<meta property=\"og:image:width\" content=\"300\" \/>\n\t<meta property=\"og:image:height\" content=\"300\" \/>\n\t<meta property=\"og:image:type\" content=\"image\/png\" \/>\n<meta name=\"twitter:card\" content=\"summary_large_image\" \/>\n<meta name=\"twitter:site\" content=\"@demusculos\" \/>\n<meta name=\"twitter:label1\" content=\"Tiempo de lectura\" \/>\n\t<meta name=\"twitter:data1\" content=\"1 minuto\" \/>\n<script type=\"application\/ld+json\" class=\"yoast-schema-graph\">{\"@context\":\"https:\\\/\\\/schema.org\",\"@graph\":[{\"@type\":\"WebPage\",\"@id\":\"https:\\\/\\\/www.demusculos.com\\\/ayuda\\\/objetivos\\\/energia-y-rendimiento\\\/recuperadores\\\/\",\"url\":\"https:\\\/\\\/www.demusculos.com\\\/ayuda\\\/objetivos\\\/energia-y-rendimiento\\\/recuperadores\\\/\",\"name\":\"Recuperadores | DeMusculos.com | AYUDA\",\"isPartOf\":{\"@id\":\"https:\\\/\\\/www.demusculos.com\\\/ayuda\\\/#website\"},\"primaryImageOfPage\":{\"@id\":\"https:\\\/\\\/www.demusculos.com\\\/ayuda\\\/objetivos\\\/energia-y-rendimiento\\\/recuperadores\\\/#primaryimage\"},\"image\":{\"@id\":\"https:\\\/\\\/www.demusculos.com\\\/ayuda\\\/objetivos\\\/energia-y-rendimiento\\\/recuperadores\\\/#primaryimage\"},\"thumbnailUrl\":\"https:\\\/\\\/www.demusculos.com\\\/ayuda\\\/wp-content\\\/uploads\\\/2024\\\/01\\\/proteina-musclestar-second-shift.png\",\"datePublished\":\"2017-05-26T23:57:27+00:00\",\"dateModified\":\"2025-05-01T23:41:06+00:00\",\"breadcrumb\":{\"@id\":\"https:\\\/\\\/www.demusculos.com\\\/ayuda\\\/objetivos\\\/energia-y-rendimiento\\\/recuperadores\\\/#breadcrumb\"},\"inLanguage\":\"es\",\"potentialAction\":[{\"@type\":\"ReadAction\",\"target\":[\"https:\\\/\\\/www.demusculos.com\\\/ayuda\\\/objetivos\\\/energia-y-rendimiento\\\/recuperadores\\\/\"]}]},{\"@type\":\"ImageObject\",\"inLanguage\":\"es\",\"@id\":\"https:\\\/\\\/www.demusculos.com\\\/ayuda\\\/objetivos\\\/energia-y-rendimiento\\\/recuperadores\\\/#primaryimage\",\"url\":\"https:\\\/\\\/www.demusculos.com\\\/ayuda\\\/wp-content\\\/uploads\\\/2024\\\/01\\\/proteina-musclestar-second-shift.png\",\"contentUrl\":\"https:\\\/\\\/www.demusculos.com\\\/ayuda\\\/wp-content\\\/uploads\\\/2024\\\/01\\\/proteina-musclestar-second-shift.png\",\"width\":300,\"height\":300},{\"@type\":\"BreadcrumbList\",\"@id\":\"https:\\\/\\\/www.demusculos.com\\\/ayuda\\\/objetivos\\\/energia-y-rendimiento\\\/recuperadores\\\/#breadcrumb\",\"itemListElement\":[{\"@type\":\"ListItem\",\"position\":1,\"name\":\"Portada\",\"item\":\"https:\\\/\\\/www.demusculos.com\\\/ayuda\\\/\"},{\"@type\":\"ListItem\",\"position\":2,\"name\":\"\u00bfCu\u00e1l es tu objetivo?\",\"item\":\"https:\\\/\\\/www.demusculos.com\\\/ayuda\\\/objetivos\\\/\"},{\"@type\":\"ListItem\",\"position\":3,\"name\":\"Energ\u00eda y rendimiento\",\"item\":\"https:\\\/\\\/www.demusculos.com\\\/ayuda\\\/objetivos\\\/energia-y-rendimiento\\\/\"},{\"@type\":\"ListItem\",\"position\":4,\"name\":\"Recuperadores\"}]},{\"@type\":\"WebSite\",\"@id\":\"https:\\\/\\\/www.demusculos.com\\\/ayuda\\\/#website\",\"url\":\"https:\\\/\\\/www.demusculos.com\\\/ayuda\\\/\",\"name\":\"DeMusculos.com | AYUDA\",\"description\":\"Suplementos Naturales, Accesorios, Indumentaria\",\"publisher\":{\"@id\":\"https:\\\/\\\/www.demusculos.com\\\/ayuda\\\/#organization\"},\"alternateName\":\"Suplementos Natuarles\",\"potentialAction\":[{\"@type\":\"SearchAction\",\"target\":{\"@type\":\"EntryPoint\",\"urlTemplate\":\"https:\\\/\\\/www.demusculos.com\\\/ayuda\\\/?s={search_term_string}\"},\"query-input\":{\"@type\":\"PropertyValueSpecification\",\"valueRequired\":true,\"valueName\":\"search_term_string\"}}],\"inLanguage\":\"es\"},{\"@type\":\"Organization\",\"@id\":\"https:\\\/\\\/www.demusculos.com\\\/ayuda\\\/#organization\",\"name\":\"DeMusculos.com | AYUDA\",\"url\":\"https:\\\/\\\/www.demusculos.com\\\/ayuda\\\/\",\"logo\":{\"@type\":\"ImageObject\",\"inLanguage\":\"es\",\"@id\":\"https:\\\/\\\/www.demusculos.com\\\/ayuda\\\/#\\\/schema\\\/logo\\\/image\\\/\",\"url\":\"https:\\\/\\\/www.demusculos.com\\\/ayuda\\\/wp-content\\\/uploads\\\/2024\\\/01\\\/logo-demusculos-prestashop-usuario.png\",\"contentUrl\":\"https:\\\/\\\/www.demusculos.com\\\/ayuda\\\/wp-content\\\/uploads\\\/2024\\\/01\\\/logo-demusculos-prestashop-usuario.png\",\"width\":150,\"height\":150,\"caption\":\"DeMusculos.com | AYUDA\"},\"image\":{\"@id\":\"https:\\\/\\\/www.demusculos.com\\\/ayuda\\\/#\\\/schema\\\/logo\\\/image\\\/\"},\"sameAs\":[\"https:\\\/\\\/www.facebook.com\\\/demusculos\",\"https:\\\/\\\/x.com\\\/demusculos\",\"https:\\\/\\\/www.tiktok.com\\\/@demusculos.com\"]}]}<\/script>\n<!-- \/ Yoast SEO plugin. -->","yoast_head_json":{"title":"Recuperadores | DeMusculos.com | AYUDA","robots":{"index":"index","follow":"follow","max-snippet":"max-snippet:-1","max-image-preview":"max-image-preview:large","max-video-preview":"max-video-preview:-1"},"canonical":"https:\/\/www.demusculos.com\/ayuda\/objetivos\/energia-y-rendimiento\/recuperadores\/","og_locale":"es_ES","og_type":"article","og_title":"Recuperadores | DeMusculos.com | AYUDA","og_description":"Objetivos &gt;\u00a0Energ\u00eda y rendimiento\u00a0&gt; Suplementos\u00a0&gt;\u00a0Recuperadores La ciencia de la recuperaci\u00f3n al alcance de tu mano. La prote\u00edna, los amino\u00e1cidos, la creatina y los carbohidratos son nutrientes esenciales para una recuperaci\u00f3n muscular eficaz. Estos compuestos trabajan sin\u00e9rgicamente para reparar el tejido muscular da\u00f1ado, reponer las reservas de energ\u00eda y promover el crecimiento. Nuestros recuperadores est\u00e1n formulados [&hellip;]","og_url":"https:\/\/www.demusculos.com\/ayuda\/objetivos\/energia-y-rendimiento\/recuperadores\/","og_site_name":"DeMusculos.com | AYUDA","article_publisher":"https:\/\/www.facebook.com\/demusculos","article_modified_time":"2025-05-01T23:41:06+00:00","og_image":[{"width":300,"height":300,"url":"https:\/\/www.demusculos.com\/ayuda\/wp-content\/uploads\/2024\/01\/proteina-musclestar-second-shift.png","type":"image\/png"}],"twitter_card":"summary_large_image","twitter_site":"@demusculos","twitter_misc":{"Tiempo de lectura":"1 minuto"},"schema":{"@context":"https:\/\/schema.org","@graph":[{"@type":"WebPage","@id":"https:\/\/www.demusculos.com\/ayuda\/objetivos\/energia-y-rendimiento\/recuperadores\/","url":"https:\/\/www.demusculos.com\/ayuda\/objetivos\/energia-y-rendimiento\/recuperadores\/","name":"Recuperadores | DeMusculos.com | AYUDA","isPartOf":{"@id":"https:\/\/www.demusculos.com\/ayuda\/#website"},"primaryImageOfPage":{"@id":"https:\/\/www.demusculos.com\/ayuda\/objetivos\/energia-y-rendimiento\/recuperadores\/#primaryimage"},"image":{"@id":"https:\/\/www.demusculos.com\/ayuda\/objetivos\/energia-y-rendimiento\/recuperadores\/#primaryimage"},"thumbnailUrl":"https:\/\/www.demusculos.com\/ayuda\/wp-content\/uploads\/2024\/01\/proteina-musclestar-second-shift.png","datePublished":"2017-05-26T23:57:27+00:00","dateModified":"2025-05-01T23:41:06+00:00","breadcrumb":{"@id":"https:\/\/www.demusculos.com\/ayuda\/objetivos\/energia-y-rendimiento\/recuperadores\/#breadcrumb"},"inLanguage":"es","potentialAction":[{"@type":"ReadAction","target":["https:\/\/www.demusculos.com\/ayuda\/objetivos\/energia-y-rendimiento\/recuperadores\/"]}]},{"@type":"ImageObject","inLanguage":"es","@id":"https:\/\/www.demusculos.com\/ayuda\/objetivos\/energia-y-rendimiento\/recuperadores\/#primaryimage","url":"https:\/\/www.demusculos.com\/ayuda\/wp-content\/uploads\/2024\/01\/proteina-musclestar-second-shift.png","contentUrl":"https:\/\/www.demusculos.com\/ayuda\/wp-content\/uploads\/2024\/01\/proteina-musclestar-second-shift.png","width":300,"height":300},{"@type":"BreadcrumbList","@id":"https:\/\/www.demusculos.com\/ayuda\/objetivos\/energia-y-rendimiento\/recuperadores\/#breadcrumb","itemListElement":[{"@type":"ListItem","position":1,"name":"Portada","item":"https:\/\/www.demusculos.com\/ayuda\/"},{"@type":"ListItem","position":2,"name":"\u00bfCu\u00e1l es tu objetivo?","item":"https:\/\/www.demusculos.com\/ayuda\/objetivos\/"},{"@type":"ListItem","position":3,"name":"Energ\u00eda y rendimiento","item":"https:\/\/www.demusculos.com\/ayuda\/objetivos\/energia-y-rendimiento\/"},{"@type":"ListItem","position":4,"name":"Recuperadores"}]},{"@type":"WebSite","@id":"https:\/\/www.demusculos.com\/ayuda\/#website","url":"https:\/\/www.demusculos.com\/ayuda\/","name":"DeMusculos.com | AYUDA","description":"Suplementos Naturales, Accesorios, Indumentaria","publisher":{"@id":"https:\/\/www.demusculos.com\/ayuda\/#organization"},"alternateName":"Suplementos Natuarles","potentialAction":[{"@type":"SearchAction","target":{"@type":"EntryPoint","urlTemplate":"https:\/\/www.demusculos.com\/ayuda\/?s={search_term_string}"},"query-input":{"@type":"PropertyValueSpecification","valueRequired":true,"valueName":"search_term_string"}}],"inLanguage":"es"},{"@type":"Organization","@id":"https:\/\/www.demusculos.com\/ayuda\/#organization","name":"DeMusculos.com | AYUDA","url":"https:\/\/www.demusculos.com\/ayuda\/","logo":{"@type":"ImageObject","inLanguage":"es","@id":"https:\/\/www.demusculos.com\/ayuda\/#\/schema\/logo\/image\/","url":"https:\/\/www.demusculos.com\/ayuda\/wp-content\/uploads\/2024\/01\/logo-demusculos-prestashop-usuario.png","contentUrl":"https:\/\/www.demusculos.com\/ayuda\/wp-content\/uploads\/2024\/01\/logo-demusculos-prestashop-usuario.png","width":150,"height":150,"caption":"DeMusculos.com | AYUDA"},"image":{"@id":"https:\/\/www.demusculos.com\/ayuda\/#\/schema\/logo\/image\/"},"sameAs":["https:\/\/www.facebook.com\/demusculos","https:\/\/x.com\/demusculos","https:\/\/www.tiktok.com\/@demusculos.com"]}]}},"_links":{"self":[{"href":"https:\/\/www.demusculos.com\/ayuda\/wp-json\/wp\/v2\/pages\/943","targetHints":{"allow":["GET"]}}],"collection":[{"href":"https:\/\/www.demusculos.com\/ayuda\/wp-json\/wp\/v2\/pages"}],"about":[{"href":"https:\/\/www.demusculos.com\/ayuda\/wp-json\/wp\/v2\/types\/page"}],"author":[{"embeddable":true,"href":"https:\/\/www.demusculos.com\/ayuda\/wp-json\/wp\/v2\/users\/1"}],"replies":[{"embeddable":true,"href":"https:\/\/www.demusculos.com\/ayuda\/wp-json\/wp\/v2\/comments?post=943"}],"version-history":[{"count":0,"href":"https:\/\/www.demusculos.com\/ayuda\/wp-json\/wp\/v2\/pages\/943\/revisions"}],"up":[{"embeddable":true,"href":"https:\/\/www.demusculos.com\/ayuda\/wp-json\/wp\/v2\/pages\/926"}],"wp:attachment":[{"href":"https:\/\/www.demusculos.com\/ayuda\/wp-json\/wp\/v2\/media?parent=943"}],"curies":[{"name":"wp","href":"https:\/\/api.w.org\/{rel}","templated":true}]}}