{"id":10971,"date":"2025-05-02T17:56:08","date_gmt":"2025-05-02T20:56:08","guid":{"rendered":"https:\/\/www.demusculos.com\/web\/?post_type=product&#038;p=10971"},"modified":"2026-05-08T15:11:04","modified_gmt":"2026-05-08T18:11:04","slug":"dms-testo-5-zma-tecnology","status":"publish","type":"product","link":"https:\/\/www.demusculos.com\/web\/producto\/dms-testo-5-zma-tecnology\/","title":{"rendered":"DMS Testo 5.0 de 300 grs ZMA Tecnology"},"content":{"rendered":"<h3 class=\"\" data-start=\"173\" data-end=\"234\">Testo 5.0 de DMS \u2013 ZMA potenciado, para hombres y mujeres<\/h3>\n<p class=\"\" data-start=\"236\" data-end=\"582\"><strong data-start=\"236\" data-end=\"249\">Testo 5.0<\/strong>\u00a0es un suplemento natural desarrollado por DMS que combina los ingredientes cl\u00e1sicos de un ZMA (Zinc, Magnesio y Vitamina B6) con una f\u00f3rmula potenciada que incluye <strong data-start=\"414\" data-end=\"481\">Ginseng, Guaran\u00e1, Damiana, T\u00e9 Verde, Arginina, Vitamina D y m\u00e1s<\/strong>. Todo esto en un polvo de exquisito sabor a cereza, que se prepara f\u00e1cilmente como un jugo con agua.<\/p>\n<p data-start=\"236\" data-end=\"582\"><img fetchpriority=\"high\" decoding=\"async\" class=\"size-full wp-image-17535 aligncenter\" src=\"https:\/\/www.demusculos.com\/web\/wp-content\/uploads\/2025\/05\/testo-5-dms-nutrition-05.webp\" alt=\"Testo 5.0 de DMS Nutrition x24 tomas\" width=\"1200\" height=\"1200\" srcset=\"https:\/\/www.demusculos.com\/web\/wp-content\/uploads\/2025\/05\/testo-5-dms-nutrition-05.webp 1200w, https:\/\/www.demusculos.com\/web\/wp-content\/uploads\/2025\/05\/testo-5-dms-nutrition-05-300x300.webp 300w, https:\/\/www.demusculos.com\/web\/wp-content\/uploads\/2025\/05\/testo-5-dms-nutrition-05-1024x1024.webp 1024w, https:\/\/www.demusculos.com\/web\/wp-content\/uploads\/2025\/05\/testo-5-dms-nutrition-05-150x150.webp 150w, https:\/\/www.demusculos.com\/web\/wp-content\/uploads\/2025\/05\/testo-5-dms-nutrition-05-768x768.webp 768w, https:\/\/www.demusculos.com\/web\/wp-content\/uploads\/2025\/05\/testo-5-dms-nutrition-05-990x990.webp 990w, https:\/\/www.demusculos.com\/web\/wp-content\/uploads\/2025\/05\/testo-5-dms-nutrition-05-441x441.webp 441w, https:\/\/www.demusculos.com\/web\/wp-content\/uploads\/2025\/05\/testo-5-dms-nutrition-05-100x100.webp 100w, https:\/\/www.demusculos.com\/web\/wp-content\/uploads\/2025\/05\/testo-5-dms-nutrition-05-800x800.webp 800w\" sizes=\"(max-width: 1200px) 100vw, 1200px\" \/><\/p>\n<p class=\"\" data-start=\"584\" data-end=\"823\">Es ideal para quienes buscan <strong data-start=\"613\" data-end=\"666\">aumentar naturalmente los niveles de testosterona<\/strong>, pero tambi\u00e9n mejorar la <strong data-start=\"692\" data-end=\"788\">energ\u00eda diaria, el \u00e1nimo, el rendimiento f\u00edsico, el descanso profundo y la vitalidad general<\/strong>, tanto en hombres como en mujeres.<\/p>\n<p class=\"\" data-start=\"825\" data-end=\"1119\">A diferencia de muchos productos del mercado, <strong data-start=\"871\" data-end=\"933\">Testo 5.0 no bloquea la producci\u00f3n natural de testosterona<\/strong>, por lo que <strong data-start=\"946\" data-end=\"980\">no genera dependencia hormonal<\/strong>. Puede utilizarse en <strong data-start=\"1002\" data-end=\"1118\">planes de entrenamiento, rutinas exigentes, \u00e9pocas de mucho estr\u00e9s o simplemente para mejorar la calidad de vida<\/strong>.<\/p>\n<h3 class=\"\" data-start=\"1126\" data-end=\"1144\">\u00bfC\u00f3mo se toma?<\/h3>\n<p class=\"\" data-start=\"1146\" data-end=\"1622\">Una forma de usarlo es disolver <strong data-start=\"1178\" data-end=\"1205\">una medida diaria (5 g)<\/strong> en un vaso de agua, como si fuera un jugo. Puede tomarse por la <strong data-start=\"1270\" data-end=\"1280\">ma\u00f1ana<\/strong> para obtener energ\u00eda o, preferentemente, <strong data-start=\"1322\" data-end=\"1352\">a la noche antes de dormir<\/strong> para favorecer la producci\u00f3n hormonal nocturna.<br data-start=\"1400\" data-end=\"1403\" \/>El envase tiene instrucciones claras en espa\u00f1ol, y tambi\u00e9n pod\u00e9s seguir las indicaciones del fabricante.<br data-start=\"1507\" data-end=\"1510\" \/><strong data-start=\"1510\" data-end=\"1622\">No apto para menores, diab\u00e9ticos, mujeres embarazadas o en periodo de lactancia. Consulte a su m\u00e9dico amigo.<\/strong><\/p>\n<p data-start=\"1146\" data-end=\"1622\"><img decoding=\"async\" class=\"size-full wp-image-17538 aligncenter\" src=\"https:\/\/www.demusculos.com\/web\/wp-content\/uploads\/2025\/05\/testo-5-dms-nutrition-08.webp\" alt=\"Testo 5.0 de DMS Nutrition x24 tomas\" width=\"1200\" height=\"1200\" srcset=\"https:\/\/www.demusculos.com\/web\/wp-content\/uploads\/2025\/05\/testo-5-dms-nutrition-08.webp 1200w, https:\/\/www.demusculos.com\/web\/wp-content\/uploads\/2025\/05\/testo-5-dms-nutrition-08-300x300.webp 300w, https:\/\/www.demusculos.com\/web\/wp-content\/uploads\/2025\/05\/testo-5-dms-nutrition-08-1024x1024.webp 1024w, https:\/\/www.demusculos.com\/web\/wp-content\/uploads\/2025\/05\/testo-5-dms-nutrition-08-150x150.webp 150w, https:\/\/www.demusculos.com\/web\/wp-content\/uploads\/2025\/05\/testo-5-dms-nutrition-08-768x768.webp 768w, https:\/\/www.demusculos.com\/web\/wp-content\/uploads\/2025\/05\/testo-5-dms-nutrition-08-990x990.webp 990w, https:\/\/www.demusculos.com\/web\/wp-content\/uploads\/2025\/05\/testo-5-dms-nutrition-08-441x441.webp 441w, https:\/\/www.demusculos.com\/web\/wp-content\/uploads\/2025\/05\/testo-5-dms-nutrition-08-100x100.webp 100w, https:\/\/www.demusculos.com\/web\/wp-content\/uploads\/2025\/05\/testo-5-dms-nutrition-08-800x800.webp 800w\" sizes=\"(max-width: 1200px) 100vw, 1200px\" \/><\/p>\n<p data-start=\"1146\" data-end=\"1622\"><em data-start=\"1632\" data-end=\"1712\">Vitalidad real, sin atajos. Testo 5.0 de DMS, un impulso natural con respaldo.<\/em><br data-start=\"1712\" data-end=\"1715\" \/>Disponible exclusivamente en <strong data-start=\"1744\" data-end=\"1762\">DeMusculos.com<\/strong>, distribuidor oficial en Argentina<\/p>\n<h3 class=\"\" data-start=\"222\" data-end=\"281\">\u00bfQu\u00e9 pasa si combino Testo 5.0 con <a href=\"https:\/\/www.demusculos.com\/web\/producto\/dms-thermo-gen-6\/\"><strong>Thermo Gen 6 de DMS<\/strong><\/a>?<\/h3>\n<p class=\"\" data-start=\"283\" data-end=\"458\">Combinar <strong data-start=\"292\" data-end=\"305\">Testo 5.0<\/strong> con el <strong data-start=\"313\" data-end=\"348\">quemador de grasas Thermo Gen 6<\/strong> es una estrategia ideal si busc\u00e1s <strong data-start=\"383\" data-end=\"457\">marcar tu cuerpo, reducir grasa y lograr una mejor definici\u00f3n muscular<\/strong>.<\/p>\n<p class=\"\" data-start=\"460\" data-end=\"721\">Por un lado, <strong data-start=\"473\" data-end=\"486\">Testo 5.0<\/strong> eleva naturalmente tus niveles de testosterona, una hormona clave para el desarrollo muscular, la fuerza, la energ\u00eda y el metabolismo general. A mayor testosterona, <strong data-start=\"652\" data-end=\"720\">mayor capacidad del cuerpo para construir m\u00fasculo y quemar grasa<\/strong>.<\/p>\n<p class=\"\" data-start=\"723\" data-end=\"1022\">Por otro lado, <strong data-start=\"738\" data-end=\"754\">Thermo Gen 6<\/strong> acelera el proceso de quema de calor\u00edas gracias a su f\u00f3rmula con <strong data-start=\"820\" data-end=\"892\">Carnitina, Cafe\u00edna, T\u00e9 Verde, Ginseng y otros termog\u00e9nicos naturales<\/strong>. Estos ingredientes movilizan la grasa acumulada para ser utilizada como energ\u00eda, aumentando el gasto cal\u00f3rico incluso en reposo.<\/p>\n<p class=\"\" data-start=\"1024\" data-end=\"1113\">Al tomarlos juntos, el cuerpo <strong data-start=\"1054\" data-end=\"1110\">entra en modo anab\u00f3lico y lipol\u00edtico al mismo tiempo<\/strong>:<\/p>\n<ul data-start=\"1114\" data-end=\"1175\">\n<li class=\"\" data-start=\"1114\" data-end=\"1141\">\n<p class=\"\" data-start=\"1116\" data-end=\"1141\"><strong data-start=\"1116\" data-end=\"1139\">Testo 5.0 construye<\/strong><\/p>\n<\/li>\n<li class=\"\" data-start=\"1142\" data-end=\"1175\">\n<p class=\"\" data-start=\"1144\" data-end=\"1175\"><strong data-start=\"1144\" data-end=\"1175\">Thermo Gen 6 destruye grasa<\/strong><\/p>\n<\/li>\n<\/ul>\n<p class=\"\" data-start=\"1177\" data-end=\"1459\">Esto se traduce en <strong data-start=\"1196\" data-end=\"1252\">m\u00fasculos m\u00e1s marcados, tonificados y con mejor forma<\/strong>, sin necesidad de usar productos artificiales ni arriesgar tu salud. Es una opci\u00f3n natural, efectiva y segura tanto para <strong data-start=\"1374\" data-end=\"1398\">hombres como mujeres<\/strong> que buscan mejorar su f\u00edsico, su rendimiento y su bienestar.<\/p>\n<p data-start=\"1177\" data-end=\"1459\"><strong><a href=\"https:\/\/dmsnutrition.com\/testo-5\/\">P\u00e1gina oficial de DMS Testo 5.0<\/a>\u00a0<\/strong><\/p>\n","protected":false},"excerpt":{"rendered":"<p>Testo 5.0 de DMS es un suplemento natural que potencia los niveles de testosterona de forma segura, mejora la energ\u00eda, el rendimiento f\u00edsico y la vitalidad tanto en hombres como en mujeres. Su f\u00f3rmula avanzada combina los beneficios del cl\u00e1sico ZMA con ingredientes energizantes como Ginseng y Guaran\u00e1, en un formato pr\u00e1ctico y sabroso que se toma como un jugo, ideal para quienes buscan fuerza, recuperaci\u00f3n y bienestar hormonal sin riesgos.<\/p>\n","protected":false},"featured_media":17531,"comment_status":"open","ping_status":"closed","template":"","meta":[],"product_brand":[247],"product_cat":[42],"product_tag":[60],"class_list":{"0":"post-10971","1":"product","2":"type-product","3":"status-publish","4":"has-post-thumbnail","6":"product_brand-suplementos-dms","7":"product_cat-hormonales-y-testo","8":"product_tag-suplementos-naturales-dms","10":"first","11":"instock","12":"sale","13":"shipping-taxable","14":"purchasable","15":"product-type-simple"},"yoast_head":"<!-- This site is optimized with the Yoast SEO plugin v27.6 - https:\/\/yoast.com\/product\/yoast-seo-wordpress\/ -->\n<title>DMS Testo 5 ZMA Tecnolog | Aumenta los niveles de Testoterona<\/title>\n<meta name=\"description\" content=\"DMS Testo 5 es un producto 100% natural, con tecnologia ZMA, que aumenta los niveles de testosterona y da m\u00e1s energ\u00eda. Distribuci\u00f3n en toda Argentina.\" \/>\n<meta name=\"robots\" content=\"index, follow, max-snippet:-1, max-image-preview:large, max-video-preview:-1\" \/>\n<link rel=\"canonical\" href=\"https:\/\/www.demusculos.com\/web\/producto\/dms-testo-5-zma-tecnology\/\" \/>\n<meta property=\"og:locale\" content=\"es_ES\" \/>\n<meta property=\"og:type\" content=\"article\" \/>\n<meta property=\"og:title\" content=\"DMS Testo 5 ZMA Tecnolog | Aumenta los niveles de Testoterona\" \/>\n<meta property=\"og:description\" content=\"DMS Testo 5 es un producto 100% natural, con tecnologia ZMA, que aumenta los niveles de testosterona y da m\u00e1s energ\u00eda. Distribuci\u00f3n en toda Argentina.\" \/>\n<meta property=\"og:url\" content=\"https:\/\/www.demusculos.com\/web\/producto\/dms-testo-5-zma-tecnology\/\" \/>\n<meta property=\"og:site_name\" content=\"DeMusculos\" \/>\n<meta property=\"article:publisher\" content=\"https:\/\/www.facebook.com\/demusculos\" \/>\n<meta property=\"article:modified_time\" content=\"2026-05-08T18:11:04+00:00\" \/>\n<meta property=\"og:image\" content=\"https:\/\/www.demusculos.com\/web\/wp-content\/uploads\/2025\/05\/testo-5-dms-nutrition-01.webp\" \/>\n\t<meta property=\"og:image:width\" content=\"1200\" \/>\n\t<meta property=\"og:image:height\" content=\"1200\" \/>\n\t<meta property=\"og:image:type\" content=\"image\/webp\" \/>\n<meta name=\"twitter:card\" content=\"summary_large_image\" \/>\n<meta name=\"twitter:site\" content=\"@demusculos\" \/>\n<meta name=\"twitter:label1\" content=\"Tiempo de lectura\" \/>\n\t<meta name=\"twitter:data1\" content=\"3 minutos\" \/>\n<script type=\"application\/ld+json\" class=\"yoast-schema-graph\">{\"@context\":\"https:\\\/\\\/schema.org\",\"@graph\":[{\"@type\":\"WebPage\",\"@id\":\"https:\\\/\\\/www.demusculos.com\\\/web\\\/producto\\\/dms-testo-5-zma-tecnology\\\/\",\"url\":\"https:\\\/\\\/www.demusculos.com\\\/web\\\/producto\\\/dms-testo-5-zma-tecnology\\\/\",\"name\":\"DMS Testo 5 ZMA Tecnolog | Aumenta los niveles de Testoterona\",\"isPartOf\":{\"@id\":\"https:\\\/\\\/www.demusculos.com\\\/web\\\/#website\"},\"primaryImageOfPage\":{\"@id\":\"https:\\\/\\\/www.demusculos.com\\\/web\\\/producto\\\/dms-testo-5-zma-tecnology\\\/#primaryimage\"},\"image\":{\"@id\":\"https:\\\/\\\/www.demusculos.com\\\/web\\\/producto\\\/dms-testo-5-zma-tecnology\\\/#primaryimage\"},\"thumbnailUrl\":\"https:\\\/\\\/www.demusculos.com\\\/web\\\/wp-content\\\/uploads\\\/2025\\\/05\\\/testo-5-dms-nutrition-01.webp\",\"datePublished\":\"2025-05-02T20:56:08+00:00\",\"dateModified\":\"2026-05-08T18:11:04+00:00\",\"description\":\"DMS Testo 5 es un producto 100% natural, con tecnologia ZMA, que aumenta los niveles de testosterona y da m\u00e1s energ\u00eda. Distribuci\u00f3n en toda Argentina.\",\"breadcrumb\":{\"@id\":\"https:\\\/\\\/www.demusculos.com\\\/web\\\/producto\\\/dms-testo-5-zma-tecnology\\\/#breadcrumb\"},\"inLanguage\":\"es\",\"potentialAction\":[{\"@type\":\"ReadAction\",\"target\":[\"https:\\\/\\\/www.demusculos.com\\\/web\\\/producto\\\/dms-testo-5-zma-tecnology\\\/\"]}]},{\"@type\":\"ImageObject\",\"inLanguage\":\"es\",\"@id\":\"https:\\\/\\\/www.demusculos.com\\\/web\\\/producto\\\/dms-testo-5-zma-tecnology\\\/#primaryimage\",\"url\":\"https:\\\/\\\/www.demusculos.com\\\/web\\\/wp-content\\\/uploads\\\/2025\\\/05\\\/testo-5-dms-nutrition-01.webp\",\"contentUrl\":\"https:\\\/\\\/www.demusculos.com\\\/web\\\/wp-content\\\/uploads\\\/2025\\\/05\\\/testo-5-dms-nutrition-01.webp\",\"width\":1200,\"height\":1200,\"caption\":\"Testo 5.0 de DMS Nutrition x24 tomas\"},{\"@type\":\"BreadcrumbList\",\"@id\":\"https:\\\/\\\/www.demusculos.com\\\/web\\\/producto\\\/dms-testo-5-zma-tecnology\\\/#breadcrumb\",\"itemListElement\":[{\"@type\":\"ListItem\",\"position\":1,\"name\":\"Inicio\",\"item\":\"https:\\\/\\\/www.demusculos.com\\\/web\\\/\"},{\"@type\":\"ListItem\",\"position\":2,\"name\":\"Suplementos\",\"item\":\"https:\\\/\\\/www.demusculos.com\\\/web\\\/tienda\\\/\"},{\"@type\":\"ListItem\",\"position\":3,\"name\":\"DMS Testo 5.0 de 300 grs ZMA Tecnology\"}]},{\"@type\":\"WebSite\",\"@id\":\"https:\\\/\\\/www.demusculos.com\\\/web\\\/#website\",\"url\":\"https:\\\/\\\/www.demusculos.com\\\/web\\\/\",\"name\":\"DeMusculos.com\",\"description\":\"Suplementos Naturales\",\"publisher\":{\"@id\":\"https:\\\/\\\/www.demusculos.com\\\/web\\\/#organization\"},\"alternateName\":\"Suplementos Naturales\",\"potentialAction\":[{\"@type\":\"SearchAction\",\"target\":{\"@type\":\"EntryPoint\",\"urlTemplate\":\"https:\\\/\\\/www.demusculos.com\\\/web\\\/?s={search_term_string}\"},\"query-input\":{\"@type\":\"PropertyValueSpecification\",\"valueRequired\":true,\"valueName\":\"search_term_string\"}}],\"inLanguage\":\"es\"},{\"@type\":\"Organization\",\"@id\":\"https:\\\/\\\/www.demusculos.com\\\/web\\\/#organization\",\"name\":\"DeMusculos.com\",\"alternateName\":\"DeMusculos\",\"url\":\"https:\\\/\\\/www.demusculos.com\\\/web\\\/\",\"logo\":{\"@type\":\"ImageObject\",\"inLanguage\":\"es\",\"@id\":\"https:\\\/\\\/www.demusculos.com\\\/web\\\/#\\\/schema\\\/logo\\\/image\\\/\",\"url\":\"https:\\\/\\\/www.demusculos.com\\\/web\\\/wp-content\\\/uploads\\\/2024\\\/02\\\/logo-demusculos-prestashop-usuario.png\",\"contentUrl\":\"https:\\\/\\\/www.demusculos.com\\\/web\\\/wp-content\\\/uploads\\\/2024\\\/02\\\/logo-demusculos-prestashop-usuario.png\",\"width\":150,\"height\":150,\"caption\":\"DeMusculos.com\"},\"image\":{\"@id\":\"https:\\\/\\\/www.demusculos.com\\\/web\\\/#\\\/schema\\\/logo\\\/image\\\/\"},\"sameAs\":[\"https:\\\/\\\/www.facebook.com\\\/demusculos\",\"https:\\\/\\\/x.com\\\/demusculos\",\"https:\\\/\\\/www.instagram.com\\\/demusculos\",\"https:\\\/\\\/www.tiktok.com\\\/@demusculos.com\"]}]}<\/script>\n<!-- \/ Yoast SEO plugin. -->","yoast_head_json":{"title":"DMS Testo 5 ZMA Tecnolog | Aumenta los niveles de Testoterona","description":"DMS Testo 5 es un producto 100% natural, con tecnologia ZMA, que aumenta los niveles de testosterona y da m\u00e1s energ\u00eda. Distribuci\u00f3n en toda Argentina.","robots":{"index":"index","follow":"follow","max-snippet":"max-snippet:-1","max-image-preview":"max-image-preview:large","max-video-preview":"max-video-preview:-1"},"canonical":"https:\/\/www.demusculos.com\/web\/producto\/dms-testo-5-zma-tecnology\/","og_locale":"es_ES","og_type":"article","og_title":"DMS Testo 5 ZMA Tecnolog | Aumenta los niveles de Testoterona","og_description":"DMS Testo 5 es un producto 100% natural, con tecnologia ZMA, que aumenta los niveles de testosterona y da m\u00e1s energ\u00eda. Distribuci\u00f3n en toda Argentina.","og_url":"https:\/\/www.demusculos.com\/web\/producto\/dms-testo-5-zma-tecnology\/","og_site_name":"DeMusculos","article_publisher":"https:\/\/www.facebook.com\/demusculos","article_modified_time":"2026-05-08T18:11:04+00:00","og_image":[{"width":1200,"height":1200,"url":"https:\/\/www.demusculos.com\/web\/wp-content\/uploads\/2025\/05\/testo-5-dms-nutrition-01.webp","type":"image\/webp"}],"twitter_card":"summary_large_image","twitter_site":"@demusculos","twitter_misc":{"Tiempo de lectura":"3 minutos"},"schema":{"@context":"https:\/\/schema.org","@graph":[{"@type":"WebPage","@id":"https:\/\/www.demusculos.com\/web\/producto\/dms-testo-5-zma-tecnology\/","url":"https:\/\/www.demusculos.com\/web\/producto\/dms-testo-5-zma-tecnology\/","name":"DMS Testo 5 ZMA Tecnolog | Aumenta los niveles de Testoterona","isPartOf":{"@id":"https:\/\/www.demusculos.com\/web\/#website"},"primaryImageOfPage":{"@id":"https:\/\/www.demusculos.com\/web\/producto\/dms-testo-5-zma-tecnology\/#primaryimage"},"image":{"@id":"https:\/\/www.demusculos.com\/web\/producto\/dms-testo-5-zma-tecnology\/#primaryimage"},"thumbnailUrl":"https:\/\/www.demusculos.com\/web\/wp-content\/uploads\/2025\/05\/testo-5-dms-nutrition-01.webp","datePublished":"2025-05-02T20:56:08+00:00","dateModified":"2026-05-08T18:11:04+00:00","description":"DMS Testo 5 es un producto 100% natural, con tecnologia ZMA, que aumenta los niveles de testosterona y da m\u00e1s energ\u00eda. Distribuci\u00f3n en toda Argentina.","breadcrumb":{"@id":"https:\/\/www.demusculos.com\/web\/producto\/dms-testo-5-zma-tecnology\/#breadcrumb"},"inLanguage":"es","potentialAction":[{"@type":"ReadAction","target":["https:\/\/www.demusculos.com\/web\/producto\/dms-testo-5-zma-tecnology\/"]}]},{"@type":"ImageObject","inLanguage":"es","@id":"https:\/\/www.demusculos.com\/web\/producto\/dms-testo-5-zma-tecnology\/#primaryimage","url":"https:\/\/www.demusculos.com\/web\/wp-content\/uploads\/2025\/05\/testo-5-dms-nutrition-01.webp","contentUrl":"https:\/\/www.demusculos.com\/web\/wp-content\/uploads\/2025\/05\/testo-5-dms-nutrition-01.webp","width":1200,"height":1200,"caption":"Testo 5.0 de DMS Nutrition x24 tomas"},{"@type":"BreadcrumbList","@id":"https:\/\/www.demusculos.com\/web\/producto\/dms-testo-5-zma-tecnology\/#breadcrumb","itemListElement":[{"@type":"ListItem","position":1,"name":"Inicio","item":"https:\/\/www.demusculos.com\/web\/"},{"@type":"ListItem","position":2,"name":"Suplementos","item":"https:\/\/www.demusculos.com\/web\/tienda\/"},{"@type":"ListItem","position":3,"name":"DMS Testo 5.0 de 300 grs ZMA Tecnology"}]},{"@type":"WebSite","@id":"https:\/\/www.demusculos.com\/web\/#website","url":"https:\/\/www.demusculos.com\/web\/","name":"DeMusculos.com","description":"Suplementos Naturales","publisher":{"@id":"https:\/\/www.demusculos.com\/web\/#organization"},"alternateName":"Suplementos Naturales","potentialAction":[{"@type":"SearchAction","target":{"@type":"EntryPoint","urlTemplate":"https:\/\/www.demusculos.com\/web\/?s={search_term_string}"},"query-input":{"@type":"PropertyValueSpecification","valueRequired":true,"valueName":"search_term_string"}}],"inLanguage":"es"},{"@type":"Organization","@id":"https:\/\/www.demusculos.com\/web\/#organization","name":"DeMusculos.com","alternateName":"DeMusculos","url":"https:\/\/www.demusculos.com\/web\/","logo":{"@type":"ImageObject","inLanguage":"es","@id":"https:\/\/www.demusculos.com\/web\/#\/schema\/logo\/image\/","url":"https:\/\/www.demusculos.com\/web\/wp-content\/uploads\/2024\/02\/logo-demusculos-prestashop-usuario.png","contentUrl":"https:\/\/www.demusculos.com\/web\/wp-content\/uploads\/2024\/02\/logo-demusculos-prestashop-usuario.png","width":150,"height":150,"caption":"DeMusculos.com"},"image":{"@id":"https:\/\/www.demusculos.com\/web\/#\/schema\/logo\/image\/"},"sameAs":["https:\/\/www.facebook.com\/demusculos","https:\/\/x.com\/demusculos","https:\/\/www.instagram.com\/demusculos","https:\/\/www.tiktok.com\/@demusculos.com"]}]}},"_links":{"self":[{"href":"https:\/\/www.demusculos.com\/web\/wp-json\/wp\/v2\/product\/10971","targetHints":{"allow":["GET"]}}],"collection":[{"href":"https:\/\/www.demusculos.com\/web\/wp-json\/wp\/v2\/product"}],"about":[{"href":"https:\/\/www.demusculos.com\/web\/wp-json\/wp\/v2\/types\/product"}],"replies":[{"embeddable":true,"href":"https:\/\/www.demusculos.com\/web\/wp-json\/wp\/v2\/comments?post=10971"}],"wp:featuredmedia":[{"embeddable":true,"href":"https:\/\/www.demusculos.com\/web\/wp-json\/wp\/v2\/media\/17531"}],"wp:attachment":[{"href":"https:\/\/www.demusculos.com\/web\/wp-json\/wp\/v2\/media?parent=10971"}],"wp:term":[{"taxonomy":"product_brand","embeddable":true,"href":"https:\/\/www.demusculos.com\/web\/wp-json\/wp\/v2\/product_brand?post=10971"},{"taxonomy":"product_cat","embeddable":true,"href":"https:\/\/www.demusculos.com\/web\/wp-json\/wp\/v2\/product_cat?post=10971"},{"taxonomy":"product_tag","embeddable":true,"href":"https:\/\/www.demusculos.com\/web\/wp-json\/wp\/v2\/product_tag?post=10971"}],"curies":[{"name":"wp","href":"https:\/\/api.w.org\/{rel}","templated":true}]}}