{"id":10977,"date":"2025-05-02T18:06:22","date_gmt":"2025-05-02T21:06:22","guid":{"rendered":"https:\/\/www.demusculos.com\/web\/?post_type=product&#038;p=10977"},"modified":"2026-03-06T12:24:08","modified_gmt":"2026-03-06T15:24:08","slug":"magnesio-citrato-dms","status":"publish","type":"product","link":"https:\/\/www.demusculos.com\/web\/producto\/magnesio-citrato-dms\/","title":{"rendered":"Magnesio Citrato DMS x 250 gramos Sin Sabor"},"content":{"rendered":"\r\n<h3 class=\"wp-block-heading\">Magnesio Citrato DMS \u2013 Relajaci\u00f3n, sue\u00f1o y salud muscular<\/h3>\r\n\r\n\r\n\r\n<p>El <strong>Magnesio Citrato\u00a0de DMS<\/strong> es un suplemento en polvo, puro y <strong data-start=\"281\" data-end=\"294\">sin sabor<\/strong>, elaborado para mejorar funciones clave del cuerpo como la <strong data-start=\"354\" data-end=\"439\">relajaci\u00f3n muscular, la recuperaci\u00f3n f\u00edsica, el descanso nocturno y la salud \u00f3sea<\/strong>. Cada pote contiene <strong data-start=\"460\" data-end=\"474\">250 gramos<\/strong>, completamente <strong data-start=\"490\" data-end=\"511\">sellado de origen<\/strong>, con <strong data-start=\"517\" data-end=\"583\">instrucciones de uso e informaci\u00f3n nutricional 100% en espa\u00f1ol<\/strong>. Su formato en polvo permite una dosificaci\u00f3n flexible y una excelente absorci\u00f3n.<\/p>\r\n<p><img fetchpriority=\"high\" decoding=\"async\" class=\"size-full wp-image-17511 aligncenter\" src=\"https:\/\/www.demusculos.com\/web\/wp-content\/uploads\/2025\/05\/magnesio-c-dms-nutrition-05.webp\" alt=\"Magnesio-C DMS Nutrition Sin Sabor x100 tomas\" width=\"1200\" height=\"1200\" srcset=\"https:\/\/www.demusculos.com\/web\/wp-content\/uploads\/2025\/05\/magnesio-c-dms-nutrition-05.webp 1200w, https:\/\/www.demusculos.com\/web\/wp-content\/uploads\/2025\/05\/magnesio-c-dms-nutrition-05-300x300.webp 300w, https:\/\/www.demusculos.com\/web\/wp-content\/uploads\/2025\/05\/magnesio-c-dms-nutrition-05-1024x1024.webp 1024w, https:\/\/www.demusculos.com\/web\/wp-content\/uploads\/2025\/05\/magnesio-c-dms-nutrition-05-150x150.webp 150w, https:\/\/www.demusculos.com\/web\/wp-content\/uploads\/2025\/05\/magnesio-c-dms-nutrition-05-768x768.webp 768w, https:\/\/www.demusculos.com\/web\/wp-content\/uploads\/2025\/05\/magnesio-c-dms-nutrition-05-990x990.webp 990w, https:\/\/www.demusculos.com\/web\/wp-content\/uploads\/2025\/05\/magnesio-c-dms-nutrition-05-441x441.webp 441w, https:\/\/www.demusculos.com\/web\/wp-content\/uploads\/2025\/05\/magnesio-c-dms-nutrition-05-100x100.webp 100w, https:\/\/www.demusculos.com\/web\/wp-content\/uploads\/2025\/05\/magnesio-c-dms-nutrition-05-800x800.webp 800w\" sizes=\"(max-width: 1200px) 100vw, 1200px\" \/><\/p>\r\n\r\n\r\n\r\n<h3 class=\"wp-block-heading\">\u00bfC\u00f3mo se usa?<\/h3>\r\n\r\n\r\n\r\n<p>Una forma de usarlo es disolver una <strong data-start=\"727\" data-end=\"776\">medida peque\u00f1a (aproximadamente 3 a 5 gramos)<\/strong> en un vaso de agua, preferentemente por la <strong data-start=\"820\" data-end=\"845\">noche antes de dormir<\/strong>, o durante el d\u00eda si necesit\u00e1s aliviar tensiones, reducir calambres o mejorar el descanso. Tambi\u00e9n pod\u00e9s seguir las instrucciones del envase o consultar con un profesional.<br data-start=\"1018\" data-end=\"1021\" \/><strong data-start=\"1021\" data-end=\"1133\">No apto para menores, diab\u00e9ticos, mujeres embarazadas o en periodo de lactancia. Consulte a su m\u00e9dico amigo.<\/strong><\/p>\r\n\r\n\r\n\r\n<h3 class=\"wp-block-heading\">\u00bfPara qui\u00e9n es ideal el Citrato de Magnesio?<\/h3>\r\n\r\n\r\n\r\n<p>Este suplemento es ideal para:<\/p>\r\n\r\n\r\n\r\n<ul class=\"wp-block-list\">\r\n<li>\r\n<p class=\"\" data-start=\"1200\" data-end=\"1250\">Personas con <strong data-start=\"1213\" data-end=\"1239\">estr\u00e9s f\u00edsico o mental<\/strong> acumulado.<\/p>\r\n<\/li>\r\n\r\n\r\n\r\n<li>\r\n<p class=\"\" data-start=\"1253\" data-end=\"1318\">Quienes <strong data-start=\"1261\" data-end=\"1286\">entrenan intensamente<\/strong> y necesitan mejor recuperaci\u00f3n.<\/p>\r\n<\/li>\r\n\r\n\r\n\r\n<li>\r\n<p class=\"\" data-start=\"1321\" data-end=\"1393\">Personas que sufren de <strong data-start=\"1344\" data-end=\"1392\">calambres, contracturas o problemas de sue\u00f1o<\/strong>.<\/p>\r\n<\/li>\r\n\r\n\r\n\r\n<li>\r\n<p class=\"\" data-start=\"1396\" data-end=\"1458\">Mayores de 40 a\u00f1os que desean cuidar su salud \u00f3sea y muscular.<\/p>\r\n<\/li>\r\n<\/ul>\r\n<p><img decoding=\"async\" class=\"size-full wp-image-17512 aligncenter\" src=\"https:\/\/www.demusculos.com\/web\/wp-content\/uploads\/2025\/05\/magnesio-c-dms-nutrition-06.webp\" alt=\"Magnesio-C DMS Nutrition Sin Sabor x100 tomas\" width=\"1200\" height=\"1200\" srcset=\"https:\/\/www.demusculos.com\/web\/wp-content\/uploads\/2025\/05\/magnesio-c-dms-nutrition-06.webp 1200w, https:\/\/www.demusculos.com\/web\/wp-content\/uploads\/2025\/05\/magnesio-c-dms-nutrition-06-300x300.webp 300w, https:\/\/www.demusculos.com\/web\/wp-content\/uploads\/2025\/05\/magnesio-c-dms-nutrition-06-1024x1024.webp 1024w, https:\/\/www.demusculos.com\/web\/wp-content\/uploads\/2025\/05\/magnesio-c-dms-nutrition-06-150x150.webp 150w, https:\/\/www.demusculos.com\/web\/wp-content\/uploads\/2025\/05\/magnesio-c-dms-nutrition-06-768x768.webp 768w, https:\/\/www.demusculos.com\/web\/wp-content\/uploads\/2025\/05\/magnesio-c-dms-nutrition-06-990x990.webp 990w, https:\/\/www.demusculos.com\/web\/wp-content\/uploads\/2025\/05\/magnesio-c-dms-nutrition-06-441x441.webp 441w, https:\/\/www.demusculos.com\/web\/wp-content\/uploads\/2025\/05\/magnesio-c-dms-nutrition-06-100x100.webp 100w, https:\/\/www.demusculos.com\/web\/wp-content\/uploads\/2025\/05\/magnesio-c-dms-nutrition-06-800x800.webp 800w\" sizes=\"(max-width: 1200px) 100vw, 1200px\" \/><\/p>\r\n\r\n\r\n\r\n<h3 class=\"wp-block-heading\">\u00bfCon qu\u00e9 productos se puede combinar?<\/h3>\r\n\r\n\r\n\r\n<p>El <strong data-start=\"1511\" data-end=\"1538\">Citrato de Magnesio DMS<\/strong> puede potenciar sus efectos al combinarse con otros productos de la l\u00ednea DMS:<\/p>\r\n\r\n\r\n\r\n<ul class=\"wp-block-list\">\r\n<li>\r\n<p class=\"\" data-start=\"1620\" data-end=\"1735\"><a href=\"https:\/\/www.demusculos.com\/web\/producto\/colageno-dms\/\"><strong data-start=\"1620\" data-end=\"1633\">Col\u00e1geno+<\/strong><\/a>: para una mejor regeneraci\u00f3n de tejidos y articulaciones, ideal si ten\u00e9s desgaste f\u00edsico o articular.<\/p>\r\n<\/li>\r\n\r\n\r\n\r\n<li>\r\n<p class=\"\" data-start=\"1738\" data-end=\"1853\"><a href=\"https:\/\/www.demusculos.com\/web\/producto\/dms-testo-5-zma-tecnology\/\"><strong data-start=\"1738\" data-end=\"1751\">Testo 5.0<\/strong><\/a>: si busc\u00e1s optimizar el descanso hormonal, la recuperaci\u00f3n nocturna y mejorar el rendimiento general.<\/p>\r\n<\/li>\r\n\r\n\r\n\r\n<li>\r\n<p class=\"\" data-start=\"1856\" data-end=\"1970\"><a href=\"https:\/\/www.demusculos.com\/web\/producto\/creatina-monohidrato-micronizada-300-grs-dms\/\"><strong data-start=\"1856\" data-end=\"1872\">Creatina DMS<\/strong><\/a>: para ayudar al cuerpo a tolerar mejor los entrenamientos intensos y prevenir la fatiga muscular.<\/p>\r\n<\/li>\r\n<\/ul>\r\n\r\n\r\n\r\n<p><em data-start=\"1980\" data-end=\"2069\">Dorm\u00ed mejor, recuperate m\u00e1s r\u00e1pido y sentite en equilibrio con Citrato de Magnesio DMS.<\/em><br data-start=\"2069\" data-end=\"2072\" \/>Disponible exclusivamente en <strong data-start=\"2101\" data-end=\"2119\">DeMusculos.com<\/strong>, distribuidor oficial en Argentina.<\/p>\r\n\r\n\r\n\r\n<p><strong><a href=\"https:\/\/dmsnutrition.com\/citrato-de-magnesio\/\">P\u00e1gina oficial del Citrato de Magnesio DMS<\/a><\/strong><\/p>\r\n<p><img decoding=\"async\" class=\"size-full wp-image-17513 aligncenter\" src=\"https:\/\/www.demusculos.com\/web\/wp-content\/uploads\/2025\/05\/magnesio-c-dms-nutrition-07.webp\" alt=\"Magnesio-C DMS Nutrition Sin Sabor x100 tomas\" width=\"1200\" height=\"1200\" srcset=\"https:\/\/www.demusculos.com\/web\/wp-content\/uploads\/2025\/05\/magnesio-c-dms-nutrition-07.webp 1200w, https:\/\/www.demusculos.com\/web\/wp-content\/uploads\/2025\/05\/magnesio-c-dms-nutrition-07-300x300.webp 300w, https:\/\/www.demusculos.com\/web\/wp-content\/uploads\/2025\/05\/magnesio-c-dms-nutrition-07-1024x1024.webp 1024w, https:\/\/www.demusculos.com\/web\/wp-content\/uploads\/2025\/05\/magnesio-c-dms-nutrition-07-150x150.webp 150w, https:\/\/www.demusculos.com\/web\/wp-content\/uploads\/2025\/05\/magnesio-c-dms-nutrition-07-768x768.webp 768w, https:\/\/www.demusculos.com\/web\/wp-content\/uploads\/2025\/05\/magnesio-c-dms-nutrition-07-990x990.webp 990w, https:\/\/www.demusculos.com\/web\/wp-content\/uploads\/2025\/05\/magnesio-c-dms-nutrition-07-441x441.webp 441w, https:\/\/www.demusculos.com\/web\/wp-content\/uploads\/2025\/05\/magnesio-c-dms-nutrition-07-100x100.webp 100w, https:\/\/www.demusculos.com\/web\/wp-content\/uploads\/2025\/05\/magnesio-c-dms-nutrition-07-800x800.webp 800w\" sizes=\"(max-width: 1200px) 100vw, 1200px\" \/><\/p>\r\n","protected":false},"excerpt":{"rendered":"<p>El Citrato de Magnesio DMS es un suplemento puro, sin sabor, dise\u00f1ado para mejorar la relajaci\u00f3n muscular, reducir calambres, aliviar el estr\u00e9s f\u00edsico y favorecer un descanso profundo y reparador. Su formato en polvo permite una excelente absorci\u00f3n y rinde varias semanas, siendo ideal para quienes entrenan, sufren tensiones o simplemente buscan cuidar su salud muscular y nerviosa de forma natural.<\/p>\n","protected":false},"featured_media":17507,"comment_status":"closed","ping_status":"closed","template":"","meta":[],"product_brand":[247],"product_cat":[37],"product_tag":[60],"class_list":{"0":"post-10977","1":"product","2":"type-product","3":"status-publish","4":"has-post-thumbnail","6":"product_brand-suplementos-dms","7":"product_cat-vitaminas-y-minierales","8":"product_tag-suplementos-naturales-dms","10":"first","11":"instock","12":"sale","13":"shipping-taxable","14":"purchasable","15":"product-type-simple"},"yoast_head":"<!-- This site is optimized with the Yoast SEO plugin v27.6 - https:\/\/yoast.com\/product\/yoast-seo-wordpress\/ -->\n<title>Magnesio Citrato | 250 grs | DMS | DeMusculos.com<\/title>\n<meta name=\"description\" content=\"Magnesio Citrato DMS x 250 grs. Grandes beneficios para la salud. Para hombres y mujeres. Sin Sabor. Mejora la relajaci\u00f3n, sue\u00f1o, recuperaci\u00f3n y m\u00e1s.\" \/>\n<meta name=\"robots\" content=\"index, follow, max-snippet:-1, max-image-preview:large, max-video-preview:-1\" \/>\n<link rel=\"canonical\" href=\"https:\/\/www.demusculos.com\/web\/producto\/magnesio-citrato-dms\/\" \/>\n<meta property=\"og:locale\" content=\"es_ES\" \/>\n<meta property=\"og:type\" content=\"article\" \/>\n<meta property=\"og:title\" content=\"Magnesio Citrato | 250 grs | DMS | DeMusculos.com\" \/>\n<meta property=\"og:description\" content=\"Magnesio Citrato DMS x 250 grs. Grandes beneficios para la salud. Para hombres y mujeres. Sin Sabor. Mejora la relajaci\u00f3n, sue\u00f1o, recuperaci\u00f3n y m\u00e1s.\" \/>\n<meta property=\"og:url\" content=\"https:\/\/www.demusculos.com\/web\/producto\/magnesio-citrato-dms\/\" \/>\n<meta property=\"og:site_name\" content=\"DeMusculos\" \/>\n<meta property=\"article:publisher\" content=\"https:\/\/www.facebook.com\/demusculos\" \/>\n<meta property=\"article:modified_time\" content=\"2026-03-06T15:24:08+00:00\" \/>\n<meta property=\"og:image\" content=\"https:\/\/www.demusculos.com\/web\/wp-content\/uploads\/2025\/05\/magnesio-c-dms-nutrition-01.webp\" \/>\n\t<meta property=\"og:image:width\" content=\"1200\" \/>\n\t<meta property=\"og:image:height\" content=\"1200\" \/>\n\t<meta property=\"og:image:type\" content=\"image\/webp\" \/>\n<meta name=\"twitter:card\" content=\"summary_large_image\" \/>\n<meta name=\"twitter:site\" content=\"@demusculos\" \/>\n<meta name=\"twitter:label1\" content=\"Tiempo de lectura\" \/>\n\t<meta name=\"twitter:data1\" content=\"3 minutos\" \/>\n<script type=\"application\/ld+json\" class=\"yoast-schema-graph\">{\"@context\":\"https:\\\/\\\/schema.org\",\"@graph\":[{\"@type\":\"WebPage\",\"@id\":\"https:\\\/\\\/www.demusculos.com\\\/web\\\/producto\\\/magnesio-citrato-dms\\\/\",\"url\":\"https:\\\/\\\/www.demusculos.com\\\/web\\\/producto\\\/magnesio-citrato-dms\\\/\",\"name\":\"Magnesio Citrato | 250 grs | DMS | DeMusculos.com\",\"isPartOf\":{\"@id\":\"https:\\\/\\\/www.demusculos.com\\\/web\\\/#website\"},\"primaryImageOfPage\":{\"@id\":\"https:\\\/\\\/www.demusculos.com\\\/web\\\/producto\\\/magnesio-citrato-dms\\\/#primaryimage\"},\"image\":{\"@id\":\"https:\\\/\\\/www.demusculos.com\\\/web\\\/producto\\\/magnesio-citrato-dms\\\/#primaryimage\"},\"thumbnailUrl\":\"https:\\\/\\\/www.demusculos.com\\\/web\\\/wp-content\\\/uploads\\\/2025\\\/05\\\/magnesio-c-dms-nutrition-01.webp\",\"datePublished\":\"2025-05-02T21:06:22+00:00\",\"dateModified\":\"2026-03-06T15:24:08+00:00\",\"description\":\"Magnesio Citrato DMS x 250 grs. Grandes beneficios para la salud. Para hombres y mujeres. Sin Sabor. Mejora la relajaci\u00f3n, sue\u00f1o, recuperaci\u00f3n y m\u00e1s.\",\"breadcrumb\":{\"@id\":\"https:\\\/\\\/www.demusculos.com\\\/web\\\/producto\\\/magnesio-citrato-dms\\\/#breadcrumb\"},\"inLanguage\":\"es\",\"potentialAction\":[{\"@type\":\"ReadAction\",\"target\":[\"https:\\\/\\\/www.demusculos.com\\\/web\\\/producto\\\/magnesio-citrato-dms\\\/\"]}]},{\"@type\":\"ImageObject\",\"inLanguage\":\"es\",\"@id\":\"https:\\\/\\\/www.demusculos.com\\\/web\\\/producto\\\/magnesio-citrato-dms\\\/#primaryimage\",\"url\":\"https:\\\/\\\/www.demusculos.com\\\/web\\\/wp-content\\\/uploads\\\/2025\\\/05\\\/magnesio-c-dms-nutrition-01.webp\",\"contentUrl\":\"https:\\\/\\\/www.demusculos.com\\\/web\\\/wp-content\\\/uploads\\\/2025\\\/05\\\/magnesio-c-dms-nutrition-01.webp\",\"width\":1200,\"height\":1200,\"caption\":\"Magnesio-C DMS Nutrition Sin Sabor x100 tomas\"},{\"@type\":\"BreadcrumbList\",\"@id\":\"https:\\\/\\\/www.demusculos.com\\\/web\\\/producto\\\/magnesio-citrato-dms\\\/#breadcrumb\",\"itemListElement\":[{\"@type\":\"ListItem\",\"position\":1,\"name\":\"Inicio\",\"item\":\"https:\\\/\\\/www.demusculos.com\\\/web\\\/\"},{\"@type\":\"ListItem\",\"position\":2,\"name\":\"Suplementos\",\"item\":\"https:\\\/\\\/www.demusculos.com\\\/web\\\/tienda\\\/\"},{\"@type\":\"ListItem\",\"position\":3,\"name\":\"Magnesio Citrato DMS x 250 gramos Sin Sabor\"}]},{\"@type\":\"WebSite\",\"@id\":\"https:\\\/\\\/www.demusculos.com\\\/web\\\/#website\",\"url\":\"https:\\\/\\\/www.demusculos.com\\\/web\\\/\",\"name\":\"DeMusculos.com\",\"description\":\"Suplementos Naturales\",\"publisher\":{\"@id\":\"https:\\\/\\\/www.demusculos.com\\\/web\\\/#organization\"},\"alternateName\":\"Suplementos Naturales\",\"potentialAction\":[{\"@type\":\"SearchAction\",\"target\":{\"@type\":\"EntryPoint\",\"urlTemplate\":\"https:\\\/\\\/www.demusculos.com\\\/web\\\/?s={search_term_string}\"},\"query-input\":{\"@type\":\"PropertyValueSpecification\",\"valueRequired\":true,\"valueName\":\"search_term_string\"}}],\"inLanguage\":\"es\"},{\"@type\":\"Organization\",\"@id\":\"https:\\\/\\\/www.demusculos.com\\\/web\\\/#organization\",\"name\":\"DeMusculos.com\",\"alternateName\":\"DeMusculos\",\"url\":\"https:\\\/\\\/www.demusculos.com\\\/web\\\/\",\"logo\":{\"@type\":\"ImageObject\",\"inLanguage\":\"es\",\"@id\":\"https:\\\/\\\/www.demusculos.com\\\/web\\\/#\\\/schema\\\/logo\\\/image\\\/\",\"url\":\"https:\\\/\\\/www.demusculos.com\\\/web\\\/wp-content\\\/uploads\\\/2024\\\/02\\\/logo-demusculos-prestashop-usuario.png\",\"contentUrl\":\"https:\\\/\\\/www.demusculos.com\\\/web\\\/wp-content\\\/uploads\\\/2024\\\/02\\\/logo-demusculos-prestashop-usuario.png\",\"width\":150,\"height\":150,\"caption\":\"DeMusculos.com\"},\"image\":{\"@id\":\"https:\\\/\\\/www.demusculos.com\\\/web\\\/#\\\/schema\\\/logo\\\/image\\\/\"},\"sameAs\":[\"https:\\\/\\\/www.facebook.com\\\/demusculos\",\"https:\\\/\\\/x.com\\\/demusculos\",\"https:\\\/\\\/www.instagram.com\\\/demusculos\",\"https:\\\/\\\/www.tiktok.com\\\/@demusculos.com\"]}]}<\/script>\n<!-- \/ Yoast SEO plugin. -->","yoast_head_json":{"title":"Magnesio Citrato | 250 grs | DMS | DeMusculos.com","description":"Magnesio Citrato DMS x 250 grs. Grandes beneficios para la salud. Para hombres y mujeres. Sin Sabor. Mejora la relajaci\u00f3n, sue\u00f1o, recuperaci\u00f3n y m\u00e1s.","robots":{"index":"index","follow":"follow","max-snippet":"max-snippet:-1","max-image-preview":"max-image-preview:large","max-video-preview":"max-video-preview:-1"},"canonical":"https:\/\/www.demusculos.com\/web\/producto\/magnesio-citrato-dms\/","og_locale":"es_ES","og_type":"article","og_title":"Magnesio Citrato | 250 grs | DMS | DeMusculos.com","og_description":"Magnesio Citrato DMS x 250 grs. Grandes beneficios para la salud. Para hombres y mujeres. Sin Sabor. Mejora la relajaci\u00f3n, sue\u00f1o, recuperaci\u00f3n y m\u00e1s.","og_url":"https:\/\/www.demusculos.com\/web\/producto\/magnesio-citrato-dms\/","og_site_name":"DeMusculos","article_publisher":"https:\/\/www.facebook.com\/demusculos","article_modified_time":"2026-03-06T15:24:08+00:00","og_image":[{"width":1200,"height":1200,"url":"https:\/\/www.demusculos.com\/web\/wp-content\/uploads\/2025\/05\/magnesio-c-dms-nutrition-01.webp","type":"image\/webp"}],"twitter_card":"summary_large_image","twitter_site":"@demusculos","twitter_misc":{"Tiempo de lectura":"3 minutos"},"schema":{"@context":"https:\/\/schema.org","@graph":[{"@type":"WebPage","@id":"https:\/\/www.demusculos.com\/web\/producto\/magnesio-citrato-dms\/","url":"https:\/\/www.demusculos.com\/web\/producto\/magnesio-citrato-dms\/","name":"Magnesio Citrato | 250 grs | DMS | DeMusculos.com","isPartOf":{"@id":"https:\/\/www.demusculos.com\/web\/#website"},"primaryImageOfPage":{"@id":"https:\/\/www.demusculos.com\/web\/producto\/magnesio-citrato-dms\/#primaryimage"},"image":{"@id":"https:\/\/www.demusculos.com\/web\/producto\/magnesio-citrato-dms\/#primaryimage"},"thumbnailUrl":"https:\/\/www.demusculos.com\/web\/wp-content\/uploads\/2025\/05\/magnesio-c-dms-nutrition-01.webp","datePublished":"2025-05-02T21:06:22+00:00","dateModified":"2026-03-06T15:24:08+00:00","description":"Magnesio Citrato DMS x 250 grs. Grandes beneficios para la salud. Para hombres y mujeres. Sin Sabor. Mejora la relajaci\u00f3n, sue\u00f1o, recuperaci\u00f3n y m\u00e1s.","breadcrumb":{"@id":"https:\/\/www.demusculos.com\/web\/producto\/magnesio-citrato-dms\/#breadcrumb"},"inLanguage":"es","potentialAction":[{"@type":"ReadAction","target":["https:\/\/www.demusculos.com\/web\/producto\/magnesio-citrato-dms\/"]}]},{"@type":"ImageObject","inLanguage":"es","@id":"https:\/\/www.demusculos.com\/web\/producto\/magnesio-citrato-dms\/#primaryimage","url":"https:\/\/www.demusculos.com\/web\/wp-content\/uploads\/2025\/05\/magnesio-c-dms-nutrition-01.webp","contentUrl":"https:\/\/www.demusculos.com\/web\/wp-content\/uploads\/2025\/05\/magnesio-c-dms-nutrition-01.webp","width":1200,"height":1200,"caption":"Magnesio-C DMS Nutrition Sin Sabor x100 tomas"},{"@type":"BreadcrumbList","@id":"https:\/\/www.demusculos.com\/web\/producto\/magnesio-citrato-dms\/#breadcrumb","itemListElement":[{"@type":"ListItem","position":1,"name":"Inicio","item":"https:\/\/www.demusculos.com\/web\/"},{"@type":"ListItem","position":2,"name":"Suplementos","item":"https:\/\/www.demusculos.com\/web\/tienda\/"},{"@type":"ListItem","position":3,"name":"Magnesio Citrato DMS x 250 gramos Sin Sabor"}]},{"@type":"WebSite","@id":"https:\/\/www.demusculos.com\/web\/#website","url":"https:\/\/www.demusculos.com\/web\/","name":"DeMusculos.com","description":"Suplementos Naturales","publisher":{"@id":"https:\/\/www.demusculos.com\/web\/#organization"},"alternateName":"Suplementos Naturales","potentialAction":[{"@type":"SearchAction","target":{"@type":"EntryPoint","urlTemplate":"https:\/\/www.demusculos.com\/web\/?s={search_term_string}"},"query-input":{"@type":"PropertyValueSpecification","valueRequired":true,"valueName":"search_term_string"}}],"inLanguage":"es"},{"@type":"Organization","@id":"https:\/\/www.demusculos.com\/web\/#organization","name":"DeMusculos.com","alternateName":"DeMusculos","url":"https:\/\/www.demusculos.com\/web\/","logo":{"@type":"ImageObject","inLanguage":"es","@id":"https:\/\/www.demusculos.com\/web\/#\/schema\/logo\/image\/","url":"https:\/\/www.demusculos.com\/web\/wp-content\/uploads\/2024\/02\/logo-demusculos-prestashop-usuario.png","contentUrl":"https:\/\/www.demusculos.com\/web\/wp-content\/uploads\/2024\/02\/logo-demusculos-prestashop-usuario.png","width":150,"height":150,"caption":"DeMusculos.com"},"image":{"@id":"https:\/\/www.demusculos.com\/web\/#\/schema\/logo\/image\/"},"sameAs":["https:\/\/www.facebook.com\/demusculos","https:\/\/x.com\/demusculos","https:\/\/www.instagram.com\/demusculos","https:\/\/www.tiktok.com\/@demusculos.com"]}]}},"_links":{"self":[{"href":"https:\/\/www.demusculos.com\/web\/wp-json\/wp\/v2\/product\/10977","targetHints":{"allow":["GET"]}}],"collection":[{"href":"https:\/\/www.demusculos.com\/web\/wp-json\/wp\/v2\/product"}],"about":[{"href":"https:\/\/www.demusculos.com\/web\/wp-json\/wp\/v2\/types\/product"}],"replies":[{"embeddable":true,"href":"https:\/\/www.demusculos.com\/web\/wp-json\/wp\/v2\/comments?post=10977"}],"wp:featuredmedia":[{"embeddable":true,"href":"https:\/\/www.demusculos.com\/web\/wp-json\/wp\/v2\/media\/17507"}],"wp:attachment":[{"href":"https:\/\/www.demusculos.com\/web\/wp-json\/wp\/v2\/media?parent=10977"}],"wp:term":[{"taxonomy":"product_brand","embeddable":true,"href":"https:\/\/www.demusculos.com\/web\/wp-json\/wp\/v2\/product_brand?post=10977"},{"taxonomy":"product_cat","embeddable":true,"href":"https:\/\/www.demusculos.com\/web\/wp-json\/wp\/v2\/product_cat?post=10977"},{"taxonomy":"product_tag","embeddable":true,"href":"https:\/\/www.demusculos.com\/web\/wp-json\/wp\/v2\/product_tag?post=10977"}],"curies":[{"name":"wp","href":"https:\/\/api.w.org\/{rel}","templated":true}]}}