{"id":1123,"date":"2024-02-27T11:28:12","date_gmt":"2024-02-27T14:28:12","guid":{"rendered":"https:\/\/www.demusculos.com\/web\/?post_type=product&#038;p=1123"},"modified":"2026-04-04T09:54:08","modified_gmt":"2026-04-04T12:54:08","slug":"creatina-150-grs-star-nutrition","status":"publish","type":"product","link":"https:\/\/www.demusculos.com\/web\/producto\/creatina-150-grs-star-nutrition\/","title":{"rendered":"Creatina Monohidrato 150 grs Star Nutrition"},"content":{"rendered":"<h1>Creatina<\/h1>\n<p><b>Creatina 150 grs de Star Nutrition es ideal para rendimiento, aumento de masa muscular y prevenir fatiga.<\/b><\/p>\n<figure id=\"attachment_246\" aria-describedby=\"caption-attachment-246\" style=\"width: 446px\" class=\"wp-caption alignnone\"><img decoding=\"async\" class=\"size-full wp-image-246\" src=\"https:\/\/www.demusculos.com\/web\/wp-content\/uploads\/2024\/02\/logo-star-nutrition.png\" alt=\"Productos natuales Star Nutrition | Prote\u00ednas | Amino\u00e1cidos | Quemadores | \u00d3xidos N\u00edtricos | Ganadores de peso\" width=\"446\" height=\"103\" srcset=\"https:\/\/www.demusculos.com\/web\/wp-content\/uploads\/2024\/02\/logo-star-nutrition.png 446w, https:\/\/www.demusculos.com\/web\/wp-content\/uploads\/2024\/02\/logo-star-nutrition-300x69.png 300w, https:\/\/www.demusculos.com\/web\/wp-content\/uploads\/2024\/02\/logo-star-nutrition-150x35.png 150w, https:\/\/www.demusculos.com\/web\/wp-content\/uploads\/2024\/02\/logo-star-nutrition-416x96.png 416w\" sizes=\"(max-width: 446px) 100vw, 446px\" \/><figcaption id=\"caption-attachment-246\" class=\"wp-caption-text\">Todos los productos de Star Nutrition. Laboratorio Nutriciencia.<\/figcaption><\/figure>\n<p>La creatina monohidrato ayuda a fabricar m\u00e1s combustible para el m\u00fasculo en forma de ATP, esto asegura que los m\u00fasculos trabajen m\u00e1s r\u00e1pido durante m\u00e1s tiempo, y tambi\u00e9n que se recuperen m\u00e1s r\u00e1pido luego del entrenamiento intenso. STAR NUTRITION CREATINE MONOHIDRATE es 100% pura creatina micronizada de m\u00e1xima absorci\u00f3n USP grado farmacol\u00f3gico.<\/p>\n<p>La creatina micronizada es la uni\u00f3n de tres amino\u00e1cidos que ofrece mayores ventajas que la creatina normal, mejorando su asimilaci\u00f3n. Es recomendada durante un plan de entrenamiento para aumentar las fuerza, resistencia y recuperaci\u00f3n.<\/p>\n<h2><strong>Modo de uso<\/strong><\/h2>\n<p>Durante los primeros 4 d\u00edas, consumir 4 porciones diarias.Y en los d\u00edas siguientes consumir 1 o 2 porciones diarias preferentemente con el est\u00f3mago vac\u00edo.<\/p>\n<p><strong>Beneficios<\/strong><\/p>\n<p>Previene la fatiga muscular.<br \/>\nMaximiza la recuperaci\u00f3n del m\u00fasculo.<br \/>\nMejora la masa muscular, no aporta grasas ni azucares.<\/p>\n<figure id=\"attachment_385\" aria-describedby=\"caption-attachment-385\" style=\"width: 300px\" class=\"wp-caption alignnone\"><img fetchpriority=\"high\" decoding=\"async\" class=\"size-full wp-image-385\" src=\"https:\/\/www.demusculos.com\/web\/wp-content\/uploads\/2024\/02\/icon-recuperador-muscular.png\" alt=\"Este producto maximiza la recuperaci\u00f3n muscular. A mayor recuperaci\u00f3n muscular m\u00e1s sera el rendimiento y masa muscular magra.\" width=\"300\" height=\"300\" srcset=\"https:\/\/www.demusculos.com\/web\/wp-content\/uploads\/2024\/02\/icon-recuperador-muscular.png 300w, https:\/\/www.demusculos.com\/web\/wp-content\/uploads\/2024\/02\/icon-recuperador-muscular-150x150.png 150w\" sizes=\"(max-width: 300px) 100vw, 300px\" \/><figcaption id=\"caption-attachment-385\" class=\"wp-caption-text\">Este producto es ideal para maximizar la recuperaci\u00f3n muscular. Recuerda que a mayor recuperaci\u00f3n m\u00e1s aumento de masa muscular. No solo obtienes masa muscular, con el correr del tiempo tendr\u00e1s menos cansancio y fatiga muscular, tambi\u00e9n notaras un incremento de energ\u00eda y una mejora en el entrenamiento.<\/figcaption><\/figure>\n<p><strong>Ingredientes\u00a0<\/strong><br \/>\nCreatina monohidrato micronizada de m\u00e1xima pureza \u2013 100% Pura.<br \/>\nNueva presentaci\u00f3n de 150 grs para 30 servicios (tomas) para 30 d\u00edas.<\/p>\n<figure id=\"attachment_124\" aria-describedby=\"caption-attachment-124\" style=\"width: 300px\" class=\"wp-caption alignnone\"><img decoding=\"async\" class=\"size-full wp-image-124\" src=\"https:\/\/www.demusculos.com\/web\/wp-content\/uploads\/2024\/02\/masa-muscular.png\" alt=\"Este suplemento natural es ideal para aumentar la masa muscular, incrementar la recuperaci\u00f3n muscular en hombres y mujeres.\" width=\"300\" height=\"300\" srcset=\"https:\/\/www.demusculos.com\/web\/wp-content\/uploads\/2024\/02\/masa-muscular.png 300w, https:\/\/www.demusculos.com\/web\/wp-content\/uploads\/2024\/02\/masa-muscular-150x150.png 150w\" sizes=\"(max-width: 300px) 100vw, 300px\" \/><figcaption id=\"caption-attachment-124\" class=\"wp-caption-text\">Es ideal para recuperaci\u00f3n muscular. A mayor recuperaci\u00f3n m\u00e1s aumento de masa muscular y rendimiento. Tambi\u00e9n lograremos m\u00e1s tono muscular. Las prote\u00ednas nos dan saciedad y son ideales para las dietas.<\/figcaption><\/figure>\n<h3>M\u00e1s beneficios<\/h3>\n<p>Suplementa dietas insuficientes, consulte a tu m\u00e9dico antes de utilizarlo. No consumir en caso de embarazo o durante per\u00edodo de lactancia. Menores de 18 a\u00f1os consumir bajo supervisi\u00f3n de un adulto o profesional.<\/p>\n<p>La\u00a0<strong>creatina monohidrato<\/strong>\u00a0es un suplemento ampliamente utilizado por deportistas para mejorar su rendimiento y promover el crecimiento muscular. Aqu\u00ed est\u00e1n algunos de sus beneficios:<\/p>\n<ol>\n<li><strong>Aumento de la fuerza y potencia<\/strong>: ayuda a proporcionar energ\u00eda r\u00e1pida durante esfuerzos de alta intensidad, como levantamiento de pesas o sprints.<\/li>\n<li><strong>Mejor rendimiento en el ejercicio<\/strong>: Al aumentar las reservas de fosfocreatina, la creatina permite que los m\u00fasculos trabajen m\u00e1s tiempo y mantengan su intensidad.<\/li>\n<li><strong>Ganancias de masa muscular<\/strong>: puede contribuir al aumento de la masa corporal magra.<\/li>\n<li><strong>Efecto osm\u00f3tico<\/strong>: La carga de creatina puede promover la retenci\u00f3n de l\u00edquidos a corto plazo, lo que puede estar relacionado con un aumento de peso agudo.<\/li>\n<\/ol>\n<p>Recuerda que este suplemento no es un esteroide anab\u00f3lico y no se considera dopaje por ninguna organizaci\u00f3n internacional. Es una herramienta segura y efectiva para mejorar el rendimiento deportivo. \u00a1Espero que esta informaci\u00f3n te sea \u00fatil!<\/p>\n","protected":false},"excerpt":{"rendered":"<p>Creatina de monohidrato 100% pura y sin sabor. 30 servicios para 30 d\u00edas.<\/p>\n","protected":false},"featured_media":7858,"comment_status":"closed","ping_status":"closed","template":"","meta":[],"product_brand":[220],"product_cat":[50],"product_tag":[26],"class_list":{"0":"post-1123","1":"product","2":"type-product","3":"status-publish","4":"has-post-thumbnail","6":"product_brand-star-nutrition","7":"product_cat-creatina","8":"product_tag-star-nutrition","10":"first","11":"instock","12":"sale","13":"shipping-taxable","14":"purchasable","15":"product-type-simple"},"yoast_head":"<!-- This site is optimized with the Yoast SEO plugin v27.4 - https:\/\/yoast.com\/product\/yoast-seo-wordpress\/ -->\n<title>Creatina | 150 grs | Star Nutrition | Masa Muscular | Rendimiento<\/title>\n<meta name=\"description\" content=\"Creatina 150 grs de Star Nutrition, una marca de creatina superior. Masa Muscular. Rendimiento. Resistencia y Potencia. Env\u00edo a toda la Argentina. 30 tomas.\" \/>\n<meta name=\"robots\" content=\"index, follow, max-snippet:-1, max-image-preview:large, max-video-preview:-1\" \/>\n<link rel=\"canonical\" href=\"https:\/\/www.demusculos.com\/web\/producto\/creatina-150-grs-star-nutrition\/\" \/>\n<meta property=\"og:locale\" content=\"es_ES\" \/>\n<meta property=\"og:type\" content=\"article\" \/>\n<meta property=\"og:title\" content=\"Creatina | 150 grs | Star Nutrition | Masa Muscular | Rendimiento\" \/>\n<meta property=\"og:description\" content=\"Creatina 150 grs de Star Nutrition, una marca de creatina superior. Masa Muscular. Rendimiento. Resistencia y Potencia. Env\u00edo a toda la Argentina. 30 tomas.\" \/>\n<meta property=\"og:url\" content=\"https:\/\/www.demusculos.com\/web\/producto\/creatina-150-grs-star-nutrition\/\" \/>\n<meta property=\"og:site_name\" content=\"DeMusculos\" \/>\n<meta property=\"article:publisher\" content=\"https:\/\/www.facebook.com\/demusculos\" \/>\n<meta property=\"article:modified_time\" content=\"2026-04-04T12:54:08+00:00\" \/>\n<meta property=\"og:image\" content=\"https:\/\/www.demusculos.com\/web\/wp-content\/uploads\/2024\/02\/creatina-150-grs-star-nutrition-01.jpg\" \/>\n\t<meta property=\"og:image:width\" content=\"1200\" \/>\n\t<meta property=\"og:image:height\" content=\"1200\" \/>\n\t<meta property=\"og:image:type\" content=\"image\/jpeg\" \/>\n<meta name=\"twitter:card\" content=\"summary_large_image\" \/>\n<meta name=\"twitter:site\" content=\"@demusculos\" \/>\n<meta name=\"twitter:label1\" content=\"Tiempo de lectura\" \/>\n\t<meta name=\"twitter:data1\" content=\"3 minutos\" \/>\n<script type=\"application\/ld+json\" class=\"yoast-schema-graph\">{\"@context\":\"https:\\\/\\\/schema.org\",\"@graph\":[{\"@type\":\"WebPage\",\"@id\":\"https:\\\/\\\/www.demusculos.com\\\/web\\\/producto\\\/creatina-150-grs-star-nutrition\\\/\",\"url\":\"https:\\\/\\\/www.demusculos.com\\\/web\\\/producto\\\/creatina-150-grs-star-nutrition\\\/\",\"name\":\"Creatina | 150 grs | Star Nutrition | Masa Muscular | Rendimiento\",\"isPartOf\":{\"@id\":\"https:\\\/\\\/www.demusculos.com\\\/web\\\/#website\"},\"primaryImageOfPage\":{\"@id\":\"https:\\\/\\\/www.demusculos.com\\\/web\\\/producto\\\/creatina-150-grs-star-nutrition\\\/#primaryimage\"},\"image\":{\"@id\":\"https:\\\/\\\/www.demusculos.com\\\/web\\\/producto\\\/creatina-150-grs-star-nutrition\\\/#primaryimage\"},\"thumbnailUrl\":\"https:\\\/\\\/www.demusculos.com\\\/web\\\/wp-content\\\/uploads\\\/2024\\\/02\\\/creatina-150-grs-star-nutrition-01.jpg\",\"datePublished\":\"2024-02-27T14:28:12+00:00\",\"dateModified\":\"2026-04-04T12:54:08+00:00\",\"description\":\"Creatina 150 grs de Star Nutrition, una marca de creatina superior. Masa Muscular. Rendimiento. Resistencia y Potencia. Env\u00edo a toda la Argentina. 30 tomas.\",\"breadcrumb\":{\"@id\":\"https:\\\/\\\/www.demusculos.com\\\/web\\\/producto\\\/creatina-150-grs-star-nutrition\\\/#breadcrumb\"},\"inLanguage\":\"es\",\"potentialAction\":[{\"@type\":\"ReadAction\",\"target\":[\"https:\\\/\\\/www.demusculos.com\\\/web\\\/producto\\\/creatina-150-grs-star-nutrition\\\/\"]}]},{\"@type\":\"ImageObject\",\"inLanguage\":\"es\",\"@id\":\"https:\\\/\\\/www.demusculos.com\\\/web\\\/producto\\\/creatina-150-grs-star-nutrition\\\/#primaryimage\",\"url\":\"https:\\\/\\\/www.demusculos.com\\\/web\\\/wp-content\\\/uploads\\\/2024\\\/02\\\/creatina-150-grs-star-nutrition-01.jpg\",\"contentUrl\":\"https:\\\/\\\/www.demusculos.com\\\/web\\\/wp-content\\\/uploads\\\/2024\\\/02\\\/creatina-150-grs-star-nutrition-01.jpg\",\"width\":1200,\"height\":1200,\"caption\":\"Creatina 150 grs de Star Nutrition\"},{\"@type\":\"BreadcrumbList\",\"@id\":\"https:\\\/\\\/www.demusculos.com\\\/web\\\/producto\\\/creatina-150-grs-star-nutrition\\\/#breadcrumb\",\"itemListElement\":[{\"@type\":\"ListItem\",\"position\":1,\"name\":\"Inicio\",\"item\":\"https:\\\/\\\/www.demusculos.com\\\/web\\\/\"},{\"@type\":\"ListItem\",\"position\":2,\"name\":\"Suplementos\",\"item\":\"https:\\\/\\\/www.demusculos.com\\\/web\\\/tienda\\\/\"},{\"@type\":\"ListItem\",\"position\":3,\"name\":\"Creatina Monohidrato 150 grs Star Nutrition\"}]},{\"@type\":\"WebSite\",\"@id\":\"https:\\\/\\\/www.demusculos.com\\\/web\\\/#website\",\"url\":\"https:\\\/\\\/www.demusculos.com\\\/web\\\/\",\"name\":\"DeMusculos.com\",\"description\":\"Suplementos Naturales\",\"publisher\":{\"@id\":\"https:\\\/\\\/www.demusculos.com\\\/web\\\/#organization\"},\"alternateName\":\"Suplementos Naturales\",\"potentialAction\":[{\"@type\":\"SearchAction\",\"target\":{\"@type\":\"EntryPoint\",\"urlTemplate\":\"https:\\\/\\\/www.demusculos.com\\\/web\\\/?s={search_term_string}\"},\"query-input\":{\"@type\":\"PropertyValueSpecification\",\"valueRequired\":true,\"valueName\":\"search_term_string\"}}],\"inLanguage\":\"es\"},{\"@type\":\"Organization\",\"@id\":\"https:\\\/\\\/www.demusculos.com\\\/web\\\/#organization\",\"name\":\"DeMusculos.com\",\"alternateName\":\"DeMusculos\",\"url\":\"https:\\\/\\\/www.demusculos.com\\\/web\\\/\",\"logo\":{\"@type\":\"ImageObject\",\"inLanguage\":\"es\",\"@id\":\"https:\\\/\\\/www.demusculos.com\\\/web\\\/#\\\/schema\\\/logo\\\/image\\\/\",\"url\":\"https:\\\/\\\/www.demusculos.com\\\/web\\\/wp-content\\\/uploads\\\/2024\\\/02\\\/logo-demusculos-prestashop-usuario.png\",\"contentUrl\":\"https:\\\/\\\/www.demusculos.com\\\/web\\\/wp-content\\\/uploads\\\/2024\\\/02\\\/logo-demusculos-prestashop-usuario.png\",\"width\":150,\"height\":150,\"caption\":\"DeMusculos.com\"},\"image\":{\"@id\":\"https:\\\/\\\/www.demusculos.com\\\/web\\\/#\\\/schema\\\/logo\\\/image\\\/\"},\"sameAs\":[\"https:\\\/\\\/www.facebook.com\\\/demusculos\",\"https:\\\/\\\/x.com\\\/demusculos\",\"https:\\\/\\\/www.instagram.com\\\/demusculos\",\"https:\\\/\\\/www.tiktok.com\\\/@demusculos.com\"]}]}<\/script>\n<!-- \/ Yoast SEO plugin. -->","yoast_head_json":{"title":"Creatina | 150 grs | Star Nutrition | Masa Muscular | Rendimiento","description":"Creatina 150 grs de Star Nutrition, una marca de creatina superior. Masa Muscular. Rendimiento. Resistencia y Potencia. Env\u00edo a toda la Argentina. 30 tomas.","robots":{"index":"index","follow":"follow","max-snippet":"max-snippet:-1","max-image-preview":"max-image-preview:large","max-video-preview":"max-video-preview:-1"},"canonical":"https:\/\/www.demusculos.com\/web\/producto\/creatina-150-grs-star-nutrition\/","og_locale":"es_ES","og_type":"article","og_title":"Creatina | 150 grs | Star Nutrition | Masa Muscular | Rendimiento","og_description":"Creatina 150 grs de Star Nutrition, una marca de creatina superior. Masa Muscular. Rendimiento. Resistencia y Potencia. Env\u00edo a toda la Argentina. 30 tomas.","og_url":"https:\/\/www.demusculos.com\/web\/producto\/creatina-150-grs-star-nutrition\/","og_site_name":"DeMusculos","article_publisher":"https:\/\/www.facebook.com\/demusculos","article_modified_time":"2026-04-04T12:54:08+00:00","og_image":[{"width":1200,"height":1200,"url":"https:\/\/www.demusculos.com\/web\/wp-content\/uploads\/2024\/02\/creatina-150-grs-star-nutrition-01.jpg","type":"image\/jpeg"}],"twitter_card":"summary_large_image","twitter_site":"@demusculos","twitter_misc":{"Tiempo de lectura":"3 minutos"},"schema":{"@context":"https:\/\/schema.org","@graph":[{"@type":"WebPage","@id":"https:\/\/www.demusculos.com\/web\/producto\/creatina-150-grs-star-nutrition\/","url":"https:\/\/www.demusculos.com\/web\/producto\/creatina-150-grs-star-nutrition\/","name":"Creatina | 150 grs | Star Nutrition | Masa Muscular | Rendimiento","isPartOf":{"@id":"https:\/\/www.demusculos.com\/web\/#website"},"primaryImageOfPage":{"@id":"https:\/\/www.demusculos.com\/web\/producto\/creatina-150-grs-star-nutrition\/#primaryimage"},"image":{"@id":"https:\/\/www.demusculos.com\/web\/producto\/creatina-150-grs-star-nutrition\/#primaryimage"},"thumbnailUrl":"https:\/\/www.demusculos.com\/web\/wp-content\/uploads\/2024\/02\/creatina-150-grs-star-nutrition-01.jpg","datePublished":"2024-02-27T14:28:12+00:00","dateModified":"2026-04-04T12:54:08+00:00","description":"Creatina 150 grs de Star Nutrition, una marca de creatina superior. Masa Muscular. Rendimiento. Resistencia y Potencia. Env\u00edo a toda la Argentina. 30 tomas.","breadcrumb":{"@id":"https:\/\/www.demusculos.com\/web\/producto\/creatina-150-grs-star-nutrition\/#breadcrumb"},"inLanguage":"es","potentialAction":[{"@type":"ReadAction","target":["https:\/\/www.demusculos.com\/web\/producto\/creatina-150-grs-star-nutrition\/"]}]},{"@type":"ImageObject","inLanguage":"es","@id":"https:\/\/www.demusculos.com\/web\/producto\/creatina-150-grs-star-nutrition\/#primaryimage","url":"https:\/\/www.demusculos.com\/web\/wp-content\/uploads\/2024\/02\/creatina-150-grs-star-nutrition-01.jpg","contentUrl":"https:\/\/www.demusculos.com\/web\/wp-content\/uploads\/2024\/02\/creatina-150-grs-star-nutrition-01.jpg","width":1200,"height":1200,"caption":"Creatina 150 grs de Star Nutrition"},{"@type":"BreadcrumbList","@id":"https:\/\/www.demusculos.com\/web\/producto\/creatina-150-grs-star-nutrition\/#breadcrumb","itemListElement":[{"@type":"ListItem","position":1,"name":"Inicio","item":"https:\/\/www.demusculos.com\/web\/"},{"@type":"ListItem","position":2,"name":"Suplementos","item":"https:\/\/www.demusculos.com\/web\/tienda\/"},{"@type":"ListItem","position":3,"name":"Creatina Monohidrato 150 grs Star Nutrition"}]},{"@type":"WebSite","@id":"https:\/\/www.demusculos.com\/web\/#website","url":"https:\/\/www.demusculos.com\/web\/","name":"DeMusculos.com","description":"Suplementos Naturales","publisher":{"@id":"https:\/\/www.demusculos.com\/web\/#organization"},"alternateName":"Suplementos Naturales","potentialAction":[{"@type":"SearchAction","target":{"@type":"EntryPoint","urlTemplate":"https:\/\/www.demusculos.com\/web\/?s={search_term_string}"},"query-input":{"@type":"PropertyValueSpecification","valueRequired":true,"valueName":"search_term_string"}}],"inLanguage":"es"},{"@type":"Organization","@id":"https:\/\/www.demusculos.com\/web\/#organization","name":"DeMusculos.com","alternateName":"DeMusculos","url":"https:\/\/www.demusculos.com\/web\/","logo":{"@type":"ImageObject","inLanguage":"es","@id":"https:\/\/www.demusculos.com\/web\/#\/schema\/logo\/image\/","url":"https:\/\/www.demusculos.com\/web\/wp-content\/uploads\/2024\/02\/logo-demusculos-prestashop-usuario.png","contentUrl":"https:\/\/www.demusculos.com\/web\/wp-content\/uploads\/2024\/02\/logo-demusculos-prestashop-usuario.png","width":150,"height":150,"caption":"DeMusculos.com"},"image":{"@id":"https:\/\/www.demusculos.com\/web\/#\/schema\/logo\/image\/"},"sameAs":["https:\/\/www.facebook.com\/demusculos","https:\/\/x.com\/demusculos","https:\/\/www.instagram.com\/demusculos","https:\/\/www.tiktok.com\/@demusculos.com"]}]}},"_links":{"self":[{"href":"https:\/\/www.demusculos.com\/web\/wp-json\/wp\/v2\/product\/1123","targetHints":{"allow":["GET"]}}],"collection":[{"href":"https:\/\/www.demusculos.com\/web\/wp-json\/wp\/v2\/product"}],"about":[{"href":"https:\/\/www.demusculos.com\/web\/wp-json\/wp\/v2\/types\/product"}],"replies":[{"embeddable":true,"href":"https:\/\/www.demusculos.com\/web\/wp-json\/wp\/v2\/comments?post=1123"}],"wp:featuredmedia":[{"embeddable":true,"href":"https:\/\/www.demusculos.com\/web\/wp-json\/wp\/v2\/media\/7858"}],"wp:attachment":[{"href":"https:\/\/www.demusculos.com\/web\/wp-json\/wp\/v2\/media?parent=1123"}],"wp:term":[{"taxonomy":"product_brand","embeddable":true,"href":"https:\/\/www.demusculos.com\/web\/wp-json\/wp\/v2\/product_brand?post=1123"},{"taxonomy":"product_cat","embeddable":true,"href":"https:\/\/www.demusculos.com\/web\/wp-json\/wp\/v2\/product_cat?post=1123"},{"taxonomy":"product_tag","embeddable":true,"href":"https:\/\/www.demusculos.com\/web\/wp-json\/wp\/v2\/product_tag?post=1123"}],"curies":[{"name":"wp","href":"https:\/\/api.w.org\/{rel}","templated":true}]}}