{"id":1218,"date":"2024-02-29T17:27:31","date_gmt":"2024-02-29T20:27:31","guid":{"rendered":"https:\/\/www.demusculos.com\/web\/?post_type=product&#038;p=1218"},"modified":"2026-03-04T13:22:10","modified_gmt":"2026-03-04T16:22:10","slug":"gainer-4-5-kg-mervick-ganador-de-masa-muscular","status":"publish","type":"product","link":"https:\/\/www.demusculos.com\/web\/producto\/gainer-4-5-kg-mervick-ganador-de-masa-muscular\/","title":{"rendered":"Gainer 4.5 kg Mervick Ganador de masa muscular"},"content":{"rendered":"<h2>Gainer Complex Mervick<\/h2>\n<p><strong>Gainer Complex Mervick<\/strong> esta potenciado con vitaminas y minerales, su formula es rica en Amino\u00e1cidos. Elaborada con carbohidratos y suero de leche o whey protein.<\/p>\n<figure id=\"attachment_431\" aria-describedby=\"caption-attachment-431\" style=\"width: 300px\" class=\"wp-caption alignnone\"><img decoding=\"async\" class=\"size-full wp-image-431\" src=\"https:\/\/www.demusculos.com\/web\/wp-content\/uploads\/2024\/02\/logo-mervick.png\" alt=\"Marca: Mervick Lab - Variedad y formulas potenciadas.\" width=\"300\" height=\"60\" srcset=\"https:\/\/www.demusculos.com\/web\/wp-content\/uploads\/2024\/02\/logo-mervick.png 300w, https:\/\/www.demusculos.com\/web\/wp-content\/uploads\/2024\/02\/logo-mervick-150x30.png 150w\" sizes=\"(max-width: 300px) 100vw, 300px\" \/><figcaption id=\"caption-attachment-431\" class=\"wp-caption-text\">Suplementos naturales de marca Mervick.<\/figcaption><\/figure>\n<p>F\u00d3RMULA DISE\u00d1ADA PARA APORTAR UNA EXCELENTE FUENTE CAL\u00d3RICA Y PROT\u00c9ICA DE ELEVADA DENSIDAD, IDEAL PARA MANTENER EL NIVEL ENERG\u00c9TICO, GANAR MASA MAGRA Y ACELERAR LA RECUPERACI\u00d3N MUSCULAR.<\/p>\n<h3>Gainer Complex Mervick es Ideal para:<\/h3>\n<p>Deportistas con elevado gasto cal\u00f3rico.<br \/>\nPara todos los que deseen incrementar el peso corporal<br \/>\nPersonas que requieren un mayor rendimiento<br \/>\nIndividuos con una dieta insuficiente<\/p>\n<h3>CARACTERISTICAS<\/h3>\n<p>Fortificado con 10 vitaminas y 4 minerales. Aporta prote\u00ednas de elevado valor biol\u00f3gico. Importante fuente de antioxidantes. Cubre el 100% de las necesidades de vitamina E. Libre de grasas y colesterol. Combinaci\u00f3n de carbohidratos de r\u00e1pida y gradual liberaci\u00f3n. Libre de gl\u00faten.<\/p>\n<p>Los CH de MERVICK GAINER COMPLEX son en su mayor proporci\u00f3n complejos, como la maltodextrina, producto natural cuyo empleo en nutrici\u00f3n deportiva ofrece excelentes resultados. El contenido de carbohidratos simples ha sido controlado para asegurar el aporte necesario de energ\u00eda de r\u00e1pida utilizaci\u00f3n. No contiene az\u00facar de mesa ni edulcorantes; \u00fanicamente dextrosa<\/p>\n<p>Cada 100 gramos (una dosis) de MERVICK GAINER COMPLEX tenemos 340 kcal. El aporte cal\u00f3rico no supera las 400 kcal cada 100 gramos de polvo, ya que no contiene ning\u00fan agregado de grasas, est\u00e1 constituido \u00fanicamente por carbohidratos y prote\u00ednas, nutrientes que aportan 400 kcal cada 100 gramos. Se recomienda que sea consumido con leche descremada, alcanzando las 435 kcal por toma.<\/p>\n<p>MERVICK GAINER COMPLEX, ha sido fortificado con un n\u00facleo vitam\u00ednico y mineral especialmente dise\u00f1ado para deportistas. Provee un valor importante de vitaminas del complejo B, que est\u00e1n involucradas en distintos procesos del metabolismo energ\u00e9tico y proteico, como as\u00ed tambi\u00e9n es fuente de vitaminas antioxidantes, como la vitamina A, la E y la C, fundamentales en la actividad f\u00edsica intensa. En cuanto a los minerales, ha sido fortificado con los principales minerales asociados al deportista: el calcio, hierro, magnesio y zinc.<\/p>\n<p>MERVICK GAINER COMPLEX contiene prote\u00ednas de origen animal y vegetal, ambas de elevado valor biol\u00f3gico, aportando 30 gramos de pura prote\u00edna por cada dosis del producto.<\/p>\n<p>Una toma cubre el 50% de la recomendaci\u00f3n proteica para un adulto hombre.<\/p>\n<h2>PRINCIPALES ACCIONES<\/h2>\n<p>MERVICK GAINER COMPLEX es un suplemento de alta densidad cal\u00f3rica para dietas que tienen como objetivo aumentar el peso corporal, y el tejido muscular.<br \/>\nAporta energ\u00eda para los entrenamientos, y es \u00fatil para reponer el gluc\u00f3geno muscular post actividad.<br \/>\nAct\u00faa como un complemento energ\u00e9tico para todos aquellos que requieran incrementar el aporte cal\u00f3rico diario, y aumentar el aporte vitam\u00ednico mineral.<br \/>\nEs una fuente de prote\u00edna de alto valor biol\u00f3gico para la recuperaci\u00f3n de fibras musculares post entrenamiento<\/p>\n<p>MODO DE USO<br \/>\n1 a 2 dosis diarias de 100 gramos, preparada con leche descremada o leche de soja.<br \/>\nPuede ser tomado en cualquier momento del d\u00eda. Es ideal para consumir entre horas a modo de colaci\u00f3n, o luego de la actividad f\u00edsica para reponer energ\u00eda y gluc\u00f3geno muscular y estimular la s\u00edntesis de prote\u00ednas musculares.<\/p>\n","protected":false},"excerpt":{"rendered":"<p>Ganador de masa muscular de marca Mervick a base de prote\u00edna de suero de leche o whey protein, carbohidratos y amino\u00e1cidos.<\/p>\n","protected":false},"featured_media":1219,"comment_status":"closed","ping_status":"closed","template":"","meta":[],"product_brand":[224],"product_cat":[49],"product_tag":[58],"class_list":{"0":"post-1218","1":"product","2":"type-product","3":"status-publish","4":"has-post-thumbnail","6":"product_brand-mervick-lab","7":"product_cat-ganadores-de-peso","8":"product_tag-mervick","10":"first","11":"instock","12":"sale","13":"shipping-taxable","14":"purchasable","15":"product-type-variable"},"yoast_head":"<!-- This site is optimized with the Yoast SEO plugin v27.3 - https:\/\/yoast.com\/product\/yoast-seo-wordpress\/ -->\n<title>Gainer Complex Mervick | 4.5 kg | Ganador de Masa Muscular<\/title>\n<meta name=\"description\" content=\"Gainer Complex Mervick es un excelente ganador de masa muscular extra grande, de 4.5 kg, ideal para recuperaci\u00f3n, rendimiento, masa y tono muscular.\" \/>\n<meta name=\"robots\" content=\"index, follow, max-snippet:-1, max-image-preview:large, max-video-preview:-1\" \/>\n<link rel=\"canonical\" href=\"https:\/\/www.demusculos.com\/web\/producto\/gainer-4-5-kg-mervick-ganador-de-masa-muscular\/\" \/>\n<meta property=\"og:locale\" content=\"es_ES\" \/>\n<meta property=\"og:type\" content=\"article\" \/>\n<meta property=\"og:title\" content=\"Gainer Complex Mervick | 4.5 kg | Ganador de Masa Muscular\" \/>\n<meta property=\"og:description\" content=\"Gainer Complex Mervick es un excelente ganador de masa muscular extra grande, de 4.5 kg, ideal para recuperaci\u00f3n, rendimiento, masa y tono muscular.\" \/>\n<meta property=\"og:url\" content=\"https:\/\/www.demusculos.com\/web\/producto\/gainer-4-5-kg-mervick-ganador-de-masa-muscular\/\" \/>\n<meta property=\"og:site_name\" content=\"DeMusculos\" \/>\n<meta property=\"article:publisher\" content=\"https:\/\/www.facebook.com\/demusculos\" \/>\n<meta property=\"article:modified_time\" content=\"2026-03-04T16:22:10+00:00\" \/>\n<meta property=\"og:image\" content=\"https:\/\/www.demusculos.com\/web\/wp-content\/uploads\/2024\/02\/gainer-4-5-imagen-frente-mervick-bolsa.jpg\" \/>\n\t<meta property=\"og:image:width\" content=\"1200\" \/>\n\t<meta property=\"og:image:height\" content=\"1200\" \/>\n\t<meta property=\"og:image:type\" content=\"image\/jpeg\" \/>\n<meta name=\"twitter:card\" content=\"summary_large_image\" \/>\n<meta name=\"twitter:site\" content=\"@demusculos\" \/>\n<meta name=\"twitter:label1\" content=\"Tiempo de lectura\" \/>\n\t<meta name=\"twitter:data1\" content=\"3 minutos\" \/>\n<script type=\"application\/ld+json\" class=\"yoast-schema-graph\">{\"@context\":\"https:\\\/\\\/schema.org\",\"@graph\":[{\"@type\":\"WebPage\",\"@id\":\"https:\\\/\\\/www.demusculos.com\\\/web\\\/producto\\\/gainer-4-5-kg-mervick-ganador-de-masa-muscular\\\/\",\"url\":\"https:\\\/\\\/www.demusculos.com\\\/web\\\/producto\\\/gainer-4-5-kg-mervick-ganador-de-masa-muscular\\\/\",\"name\":\"Gainer Complex Mervick | 4.5 kg | Ganador de Masa Muscular\",\"isPartOf\":{\"@id\":\"https:\\\/\\\/www.demusculos.com\\\/web\\\/#website\"},\"primaryImageOfPage\":{\"@id\":\"https:\\\/\\\/www.demusculos.com\\\/web\\\/producto\\\/gainer-4-5-kg-mervick-ganador-de-masa-muscular\\\/#primaryimage\"},\"image\":{\"@id\":\"https:\\\/\\\/www.demusculos.com\\\/web\\\/producto\\\/gainer-4-5-kg-mervick-ganador-de-masa-muscular\\\/#primaryimage\"},\"thumbnailUrl\":\"https:\\\/\\\/www.demusculos.com\\\/web\\\/wp-content\\\/uploads\\\/2024\\\/02\\\/gainer-4-5-imagen-frente-mervick-bolsa.jpg\",\"datePublished\":\"2024-02-29T20:27:31+00:00\",\"dateModified\":\"2026-03-04T16:22:10+00:00\",\"description\":\"Gainer Complex Mervick es un excelente ganador de masa muscular extra grande, de 4.5 kg, ideal para recuperaci\u00f3n, rendimiento, masa y tono muscular.\",\"breadcrumb\":{\"@id\":\"https:\\\/\\\/www.demusculos.com\\\/web\\\/producto\\\/gainer-4-5-kg-mervick-ganador-de-masa-muscular\\\/#breadcrumb\"},\"inLanguage\":\"es\",\"potentialAction\":[{\"@type\":\"ReadAction\",\"target\":[\"https:\\\/\\\/www.demusculos.com\\\/web\\\/producto\\\/gainer-4-5-kg-mervick-ganador-de-masa-muscular\\\/\"]}]},{\"@type\":\"ImageObject\",\"inLanguage\":\"es\",\"@id\":\"https:\\\/\\\/www.demusculos.com\\\/web\\\/producto\\\/gainer-4-5-kg-mervick-ganador-de-masa-muscular\\\/#primaryimage\",\"url\":\"https:\\\/\\\/www.demusculos.com\\\/web\\\/wp-content\\\/uploads\\\/2024\\\/02\\\/gainer-4-5-imagen-frente-mervick-bolsa.jpg\",\"contentUrl\":\"https:\\\/\\\/www.demusculos.com\\\/web\\\/wp-content\\\/uploads\\\/2024\\\/02\\\/gainer-4-5-imagen-frente-mervick-bolsa.jpg\",\"width\":1200,\"height\":1200,\"caption\":\"Gainer Complex de Mervick de 4.5 kg\"},{\"@type\":\"BreadcrumbList\",\"@id\":\"https:\\\/\\\/www.demusculos.com\\\/web\\\/producto\\\/gainer-4-5-kg-mervick-ganador-de-masa-muscular\\\/#breadcrumb\",\"itemListElement\":[{\"@type\":\"ListItem\",\"position\":1,\"name\":\"Inicio\",\"item\":\"https:\\\/\\\/www.demusculos.com\\\/web\\\/\"},{\"@type\":\"ListItem\",\"position\":2,\"name\":\"Suplementos\",\"item\":\"https:\\\/\\\/www.demusculos.com\\\/web\\\/tienda\\\/\"},{\"@type\":\"ListItem\",\"position\":3,\"name\":\"Gainer 4.5 kg Mervick Ganador de masa muscular\"}]},{\"@type\":\"WebSite\",\"@id\":\"https:\\\/\\\/www.demusculos.com\\\/web\\\/#website\",\"url\":\"https:\\\/\\\/www.demusculos.com\\\/web\\\/\",\"name\":\"DeMusculos.com\",\"description\":\"Suplementos Naturales\",\"publisher\":{\"@id\":\"https:\\\/\\\/www.demusculos.com\\\/web\\\/#organization\"},\"alternateName\":\"Suplementos Naturales\",\"potentialAction\":[{\"@type\":\"SearchAction\",\"target\":{\"@type\":\"EntryPoint\",\"urlTemplate\":\"https:\\\/\\\/www.demusculos.com\\\/web\\\/?s={search_term_string}\"},\"query-input\":{\"@type\":\"PropertyValueSpecification\",\"valueRequired\":true,\"valueName\":\"search_term_string\"}}],\"inLanguage\":\"es\"},{\"@type\":\"Organization\",\"@id\":\"https:\\\/\\\/www.demusculos.com\\\/web\\\/#organization\",\"name\":\"DeMusculos.com\",\"alternateName\":\"DeMusculos\",\"url\":\"https:\\\/\\\/www.demusculos.com\\\/web\\\/\",\"logo\":{\"@type\":\"ImageObject\",\"inLanguage\":\"es\",\"@id\":\"https:\\\/\\\/www.demusculos.com\\\/web\\\/#\\\/schema\\\/logo\\\/image\\\/\",\"url\":\"https:\\\/\\\/www.demusculos.com\\\/web\\\/wp-content\\\/uploads\\\/2024\\\/02\\\/logo-demusculos-prestashop-usuario.png\",\"contentUrl\":\"https:\\\/\\\/www.demusculos.com\\\/web\\\/wp-content\\\/uploads\\\/2024\\\/02\\\/logo-demusculos-prestashop-usuario.png\",\"width\":150,\"height\":150,\"caption\":\"DeMusculos.com\"},\"image\":{\"@id\":\"https:\\\/\\\/www.demusculos.com\\\/web\\\/#\\\/schema\\\/logo\\\/image\\\/\"},\"sameAs\":[\"https:\\\/\\\/www.facebook.com\\\/demusculos\",\"https:\\\/\\\/x.com\\\/demusculos\",\"https:\\\/\\\/www.instagram.com\\\/demusculos\",\"https:\\\/\\\/www.tiktok.com\\\/@demusculos.com\"]}]}<\/script>\n<!-- \/ Yoast SEO plugin. -->","yoast_head_json":{"title":"Gainer Complex Mervick | 4.5 kg | Ganador de Masa Muscular","description":"Gainer Complex Mervick es un excelente ganador de masa muscular extra grande, de 4.5 kg, ideal para recuperaci\u00f3n, rendimiento, masa y tono muscular.","robots":{"index":"index","follow":"follow","max-snippet":"max-snippet:-1","max-image-preview":"max-image-preview:large","max-video-preview":"max-video-preview:-1"},"canonical":"https:\/\/www.demusculos.com\/web\/producto\/gainer-4-5-kg-mervick-ganador-de-masa-muscular\/","og_locale":"es_ES","og_type":"article","og_title":"Gainer Complex Mervick | 4.5 kg | Ganador de Masa Muscular","og_description":"Gainer Complex Mervick es un excelente ganador de masa muscular extra grande, de 4.5 kg, ideal para recuperaci\u00f3n, rendimiento, masa y tono muscular.","og_url":"https:\/\/www.demusculos.com\/web\/producto\/gainer-4-5-kg-mervick-ganador-de-masa-muscular\/","og_site_name":"DeMusculos","article_publisher":"https:\/\/www.facebook.com\/demusculos","article_modified_time":"2026-03-04T16:22:10+00:00","og_image":[{"width":1200,"height":1200,"url":"https:\/\/www.demusculos.com\/web\/wp-content\/uploads\/2024\/02\/gainer-4-5-imagen-frente-mervick-bolsa.jpg","type":"image\/jpeg"}],"twitter_card":"summary_large_image","twitter_site":"@demusculos","twitter_misc":{"Tiempo de lectura":"3 minutos"},"schema":{"@context":"https:\/\/schema.org","@graph":[{"@type":"WebPage","@id":"https:\/\/www.demusculos.com\/web\/producto\/gainer-4-5-kg-mervick-ganador-de-masa-muscular\/","url":"https:\/\/www.demusculos.com\/web\/producto\/gainer-4-5-kg-mervick-ganador-de-masa-muscular\/","name":"Gainer Complex Mervick | 4.5 kg | Ganador de Masa Muscular","isPartOf":{"@id":"https:\/\/www.demusculos.com\/web\/#website"},"primaryImageOfPage":{"@id":"https:\/\/www.demusculos.com\/web\/producto\/gainer-4-5-kg-mervick-ganador-de-masa-muscular\/#primaryimage"},"image":{"@id":"https:\/\/www.demusculos.com\/web\/producto\/gainer-4-5-kg-mervick-ganador-de-masa-muscular\/#primaryimage"},"thumbnailUrl":"https:\/\/www.demusculos.com\/web\/wp-content\/uploads\/2024\/02\/gainer-4-5-imagen-frente-mervick-bolsa.jpg","datePublished":"2024-02-29T20:27:31+00:00","dateModified":"2026-03-04T16:22:10+00:00","description":"Gainer Complex Mervick es un excelente ganador de masa muscular extra grande, de 4.5 kg, ideal para recuperaci\u00f3n, rendimiento, masa y tono muscular.","breadcrumb":{"@id":"https:\/\/www.demusculos.com\/web\/producto\/gainer-4-5-kg-mervick-ganador-de-masa-muscular\/#breadcrumb"},"inLanguage":"es","potentialAction":[{"@type":"ReadAction","target":["https:\/\/www.demusculos.com\/web\/producto\/gainer-4-5-kg-mervick-ganador-de-masa-muscular\/"]}]},{"@type":"ImageObject","inLanguage":"es","@id":"https:\/\/www.demusculos.com\/web\/producto\/gainer-4-5-kg-mervick-ganador-de-masa-muscular\/#primaryimage","url":"https:\/\/www.demusculos.com\/web\/wp-content\/uploads\/2024\/02\/gainer-4-5-imagen-frente-mervick-bolsa.jpg","contentUrl":"https:\/\/www.demusculos.com\/web\/wp-content\/uploads\/2024\/02\/gainer-4-5-imagen-frente-mervick-bolsa.jpg","width":1200,"height":1200,"caption":"Gainer Complex de Mervick de 4.5 kg"},{"@type":"BreadcrumbList","@id":"https:\/\/www.demusculos.com\/web\/producto\/gainer-4-5-kg-mervick-ganador-de-masa-muscular\/#breadcrumb","itemListElement":[{"@type":"ListItem","position":1,"name":"Inicio","item":"https:\/\/www.demusculos.com\/web\/"},{"@type":"ListItem","position":2,"name":"Suplementos","item":"https:\/\/www.demusculos.com\/web\/tienda\/"},{"@type":"ListItem","position":3,"name":"Gainer 4.5 kg Mervick Ganador de masa muscular"}]},{"@type":"WebSite","@id":"https:\/\/www.demusculos.com\/web\/#website","url":"https:\/\/www.demusculos.com\/web\/","name":"DeMusculos.com","description":"Suplementos Naturales","publisher":{"@id":"https:\/\/www.demusculos.com\/web\/#organization"},"alternateName":"Suplementos Naturales","potentialAction":[{"@type":"SearchAction","target":{"@type":"EntryPoint","urlTemplate":"https:\/\/www.demusculos.com\/web\/?s={search_term_string}"},"query-input":{"@type":"PropertyValueSpecification","valueRequired":true,"valueName":"search_term_string"}}],"inLanguage":"es"},{"@type":"Organization","@id":"https:\/\/www.demusculos.com\/web\/#organization","name":"DeMusculos.com","alternateName":"DeMusculos","url":"https:\/\/www.demusculos.com\/web\/","logo":{"@type":"ImageObject","inLanguage":"es","@id":"https:\/\/www.demusculos.com\/web\/#\/schema\/logo\/image\/","url":"https:\/\/www.demusculos.com\/web\/wp-content\/uploads\/2024\/02\/logo-demusculos-prestashop-usuario.png","contentUrl":"https:\/\/www.demusculos.com\/web\/wp-content\/uploads\/2024\/02\/logo-demusculos-prestashop-usuario.png","width":150,"height":150,"caption":"DeMusculos.com"},"image":{"@id":"https:\/\/www.demusculos.com\/web\/#\/schema\/logo\/image\/"},"sameAs":["https:\/\/www.facebook.com\/demusculos","https:\/\/x.com\/demusculos","https:\/\/www.instagram.com\/demusculos","https:\/\/www.tiktok.com\/@demusculos.com"]}]}},"_links":{"self":[{"href":"https:\/\/www.demusculos.com\/web\/wp-json\/wp\/v2\/product\/1218","targetHints":{"allow":["GET"]}}],"collection":[{"href":"https:\/\/www.demusculos.com\/web\/wp-json\/wp\/v2\/product"}],"about":[{"href":"https:\/\/www.demusculos.com\/web\/wp-json\/wp\/v2\/types\/product"}],"replies":[{"embeddable":true,"href":"https:\/\/www.demusculos.com\/web\/wp-json\/wp\/v2\/comments?post=1218"}],"wp:featuredmedia":[{"embeddable":true,"href":"https:\/\/www.demusculos.com\/web\/wp-json\/wp\/v2\/media\/1219"}],"wp:attachment":[{"href":"https:\/\/www.demusculos.com\/web\/wp-json\/wp\/v2\/media?parent=1218"}],"wp:term":[{"taxonomy":"product_brand","embeddable":true,"href":"https:\/\/www.demusculos.com\/web\/wp-json\/wp\/v2\/product_brand?post=1218"},{"taxonomy":"product_cat","embeddable":true,"href":"https:\/\/www.demusculos.com\/web\/wp-json\/wp\/v2\/product_cat?post=1218"},{"taxonomy":"product_tag","embeddable":true,"href":"https:\/\/www.demusculos.com\/web\/wp-json\/wp\/v2\/product_tag?post=1218"}],"curies":[{"name":"wp","href":"https:\/\/api.w.org\/{rel}","templated":true}]}}