{"id":1221,"date":"2024-02-29T17:31:29","date_gmt":"2024-02-29T20:31:29","guid":{"rendered":"https:\/\/www.demusculos.com\/web\/?post_type=product&#038;p=1221"},"modified":"2026-05-05T00:44:56","modified_gmt":"2026-05-05T03:44:56","slug":"creatina-premium-1-kg-de-mevick","status":"publish","type":"product","link":"https:\/\/www.demusculos.com\/web\/producto\/creatina-premium-1-kg-de-mevick\/","title":{"rendered":"Creatina Premium 1 kg de Mevick"},"content":{"rendered":"<h2>Creatina Premium Mervick de 1 kg<\/h2>\n<p>Creatina Premium Mervick es considerada la super creatina, actualmente es una de las m\u00e1s vendidas. Es ideal para los que buscan recuperaci\u00f3n, rendimiento, masa muscular y menos fatiga.<\/p>\n<p><img fetchpriority=\"high\" decoding=\"async\" class=\"alignnone size-full wp-image-9192\" src=\"https:\/\/www.demusculos.com\/web\/wp-content\/uploads\/2024\/02\/creatina-premium-1-kg-de-mervick-1.jpg\" alt=\"Creatina Premium 1 kg de Mervick\" width=\"1080\" height=\"1080\" srcset=\"https:\/\/www.demusculos.com\/web\/wp-content\/uploads\/2024\/02\/creatina-premium-1-kg-de-mervick-1.jpg 1080w, https:\/\/www.demusculos.com\/web\/wp-content\/uploads\/2024\/02\/creatina-premium-1-kg-de-mervick-1-300x300.jpg 300w, https:\/\/www.demusculos.com\/web\/wp-content\/uploads\/2024\/02\/creatina-premium-1-kg-de-mervick-1-150x150.jpg 150w, https:\/\/www.demusculos.com\/web\/wp-content\/uploads\/2024\/02\/creatina-premium-1-kg-de-mervick-1-800x800.jpg 800w, https:\/\/www.demusculos.com\/web\/wp-content\/uploads\/2024\/02\/creatina-premium-1-kg-de-mervick-1-1024x1024.jpg 1024w, https:\/\/www.demusculos.com\/web\/wp-content\/uploads\/2024\/02\/creatina-premium-1-kg-de-mervick-1-768x768.jpg 768w\" sizes=\"(max-width: 1080px) 100vw, 1080px\" \/><\/p>\n<figure id=\"attachment_431\" aria-describedby=\"caption-attachment-431\" style=\"width: 300px\" class=\"wp-caption alignnone\"><img decoding=\"async\" class=\"size-full wp-image-431\" src=\"https:\/\/www.demusculos.com\/web\/wp-content\/uploads\/2024\/02\/logo-mervick.png\" alt=\"Marca: Mervick Lab - Variedad y formulas potenciadas.\" width=\"300\" height=\"60\" srcset=\"https:\/\/www.demusculos.com\/web\/wp-content\/uploads\/2024\/02\/logo-mervick.png 300w, https:\/\/www.demusculos.com\/web\/wp-content\/uploads\/2024\/02\/logo-mervick-150x30.png 150w\" sizes=\"(max-width: 300px) 100vw, 300px\" \/><figcaption id=\"caption-attachment-431\" class=\"wp-caption-text\">Suplementos naturales de marca Mervick.<\/figcaption><\/figure>\n<p>Mervick-Lab ha desarrollado una creatina considerada de tercera generaci\u00f3n dadas sus caracter\u00edsticas de calidad y eficiencia.<br \/>\nMERVICK CREATINA PREMIUM combina los efectos del monohidrato de creatina con nutrientes espec\u00edficos seleccionados para facilitar su transporte, utilizaci\u00f3n y potenciar sus efectos a nivel muscular.<\/p>\n<p>Entre los nutrientes seleccionados para este producto encontramos:<\/p>\n<p><a href=\"https:\/\/www.demusculos.com\/contenidos\/glutamina\/\"><strong>Glutamina<\/strong><\/a>:<br \/>\nLa glutamina -amino\u00e1cido considerado como protector muscular- presenta una importante funci\u00f3n anticatab\u00f3lica ya que minimiza la destrucci\u00f3n de las prote\u00ednas musculares. Adem\u00e1s de su funci\u00f3n a nivel muscular, la glutamina facilita la recuperaci\u00f3n de los dep\u00f3sitos de gluc\u00f3geno tanto muscular como hep\u00e1ticos, luego de actividades de desgaste.<\/p>\n<p><a href=\"https:\/\/www.demusculos.com\/contenidos\/taurina\/\"><strong>Taurina<\/strong><\/a>:<br \/>\nSe ha observado que la taurina participa en la excitaci\u00f3n -contracci\u00f3n del m\u00fasculo esquel\u00e9tico-, por lo que se le adjudica un papel importante en asegurar un \u00f3ptimo rendimiento muscular. Tambi\u00e9n se ha estudiado la relaci\u00f3n de la taurina con el crecimiento de las fibras musculares -acompa\u00f1ada de un entrenamiento intenso- present\u00e1ndose resultados alentadores.<\/p>\n<p><img decoding=\"async\" class=\"alignnone size-full wp-image-9193\" src=\"https:\/\/www.demusculos.com\/web\/wp-content\/uploads\/2024\/02\/creatina-premium-1-kg-de-mervick-2.jpg\" alt=\"Creatina Premium 1 kg de Mervick. Beneficios de esta excelente creatina.\" width=\"1080\" height=\"1080\" srcset=\"https:\/\/www.demusculos.com\/web\/wp-content\/uploads\/2024\/02\/creatina-premium-1-kg-de-mervick-2.jpg 1080w, https:\/\/www.demusculos.com\/web\/wp-content\/uploads\/2024\/02\/creatina-premium-1-kg-de-mervick-2-300x300.jpg 300w, https:\/\/www.demusculos.com\/web\/wp-content\/uploads\/2024\/02\/creatina-premium-1-kg-de-mervick-2-150x150.jpg 150w, https:\/\/www.demusculos.com\/web\/wp-content\/uploads\/2024\/02\/creatina-premium-1-kg-de-mervick-2-800x800.jpg 800w, https:\/\/www.demusculos.com\/web\/wp-content\/uploads\/2024\/02\/creatina-premium-1-kg-de-mervick-2-1024x1024.jpg 1024w, https:\/\/www.demusculos.com\/web\/wp-content\/uploads\/2024\/02\/creatina-premium-1-kg-de-mervick-2-768x768.jpg 768w\" sizes=\"(max-width: 1080px) 100vw, 1080px\" \/><\/p>\n<p>&#8211; Glucosa en su valor exacto:<br \/>\nMERVICK CREATINA PREMIUM presenta el porcentaje exacto de carbohidratos de alto \u00edndice gluc\u00e9mico con la finalidad de lograr un pico de liberaci\u00f3n de insulina y favorecer el transporte e ingreso de la creatina en las c\u00e9lulas musculares. El carbohidrato utilizado en la formulaci\u00f3n, es la glucosa \u2013tambi\u00e9n llamada dextrosa &#8211; que presenta un \u00edndice gluc\u00e9mico de 100.<\/p>\n<h3>Creatina Premium fue desarollada para exigentes<\/h3>\n<p>Es de fundamental importancia que la dosis consumida de creatina sea correcta, no es cuesti\u00f3n de consumir excesivas cantidades ya que nuestro organismo no puede utilizarlas y las dosis masivas pueden ser perjudiciales.<\/p>\n<p>Los requerimientos de creatina son de 0.03 g\/kg de peso, por lo tanto entre 2 y 5 gramos diarios es la cantidad indicada para mantener los niveles de creatina elevados sin caer en excesos que sobrecarguen la funci\u00f3n renal. En aquellos deportistas que quieran comenzar con un per\u00edodo de carga se recomienda consumir durante los primeros 4-5 d\u00edas 3 dosis diarias del producto.<\/p>\n<p>En todos los casos se recomienda un consumo abundante de agua.<br \/>\nNo debe ser consumido por diab\u00e9ticos.<\/p>\n<p><img loading=\"lazy\" decoding=\"async\" class=\"alignnone size-full wp-image-9194\" src=\"https:\/\/www.demusculos.com\/web\/wp-content\/uploads\/2024\/02\/creatina-premium-1-kg-de-mervick-3.jpg\" alt=\"Creatina Premium 1 kg de Mervick. Detalles y beneficios de la Glutamina y Taurina.\" width=\"1080\" height=\"1080\" srcset=\"https:\/\/www.demusculos.com\/web\/wp-content\/uploads\/2024\/02\/creatina-premium-1-kg-de-mervick-3.jpg 1080w, https:\/\/www.demusculos.com\/web\/wp-content\/uploads\/2024\/02\/creatina-premium-1-kg-de-mervick-3-300x300.jpg 300w, https:\/\/www.demusculos.com\/web\/wp-content\/uploads\/2024\/02\/creatina-premium-1-kg-de-mervick-3-150x150.jpg 150w, https:\/\/www.demusculos.com\/web\/wp-content\/uploads\/2024\/02\/creatina-premium-1-kg-de-mervick-3-800x800.jpg 800w, https:\/\/www.demusculos.com\/web\/wp-content\/uploads\/2024\/02\/creatina-premium-1-kg-de-mervick-3-1024x1024.jpg 1024w, https:\/\/www.demusculos.com\/web\/wp-content\/uploads\/2024\/02\/creatina-premium-1-kg-de-mervick-3-768x768.jpg 768w\" sizes=\"(max-width: 1080px) 100vw, 1080px\" \/><\/p>\n<p><img loading=\"lazy\" decoding=\"async\" class=\"alignnone size-full wp-image-9195\" src=\"https:\/\/www.demusculos.com\/web\/wp-content\/uploads\/2024\/02\/creatina-premium-1-kg-de-mervick-4.jpg\" alt=\"Creatina Premium 1 kg de Mervick\" width=\"1080\" height=\"1080\" srcset=\"https:\/\/www.demusculos.com\/web\/wp-content\/uploads\/2024\/02\/creatina-premium-1-kg-de-mervick-4.jpg 1080w, https:\/\/www.demusculos.com\/web\/wp-content\/uploads\/2024\/02\/creatina-premium-1-kg-de-mervick-4-300x300.jpg 300w, https:\/\/www.demusculos.com\/web\/wp-content\/uploads\/2024\/02\/creatina-premium-1-kg-de-mervick-4-150x150.jpg 150w, https:\/\/www.demusculos.com\/web\/wp-content\/uploads\/2024\/02\/creatina-premium-1-kg-de-mervick-4-800x800.jpg 800w, https:\/\/www.demusculos.com\/web\/wp-content\/uploads\/2024\/02\/creatina-premium-1-kg-de-mervick-4-1024x1024.jpg 1024w, https:\/\/www.demusculos.com\/web\/wp-content\/uploads\/2024\/02\/creatina-premium-1-kg-de-mervick-4-768x768.jpg 768w\" sizes=\"(max-width: 1080px) 100vw, 1080px\" \/><\/p>\n<p><img loading=\"lazy\" decoding=\"async\" class=\"alignnone size-full wp-image-9196\" src=\"https:\/\/www.demusculos.com\/web\/wp-content\/uploads\/2024\/02\/creatina-premium-1-kg-de-mervick-5.jpg\" alt=\"Creatina Premium 1 kg de Mervick. Informaci\u00f3n nutricional.\" width=\"1080\" height=\"1080\" srcset=\"https:\/\/www.demusculos.com\/web\/wp-content\/uploads\/2024\/02\/creatina-premium-1-kg-de-mervick-5.jpg 1080w, https:\/\/www.demusculos.com\/web\/wp-content\/uploads\/2024\/02\/creatina-premium-1-kg-de-mervick-5-300x300.jpg 300w, https:\/\/www.demusculos.com\/web\/wp-content\/uploads\/2024\/02\/creatina-premium-1-kg-de-mervick-5-150x150.jpg 150w, https:\/\/www.demusculos.com\/web\/wp-content\/uploads\/2024\/02\/creatina-premium-1-kg-de-mervick-5-800x800.jpg 800w, https:\/\/www.demusculos.com\/web\/wp-content\/uploads\/2024\/02\/creatina-premium-1-kg-de-mervick-5-1024x1024.jpg 1024w, https:\/\/www.demusculos.com\/web\/wp-content\/uploads\/2024\/02\/creatina-premium-1-kg-de-mervick-5-768x768.jpg 768w\" sizes=\"(max-width: 1080px) 100vw, 1080px\" \/><\/p>\n","protected":false},"excerpt":{"rendered":"<p>Creatina potenciada con carbohidratos y otros ingredientes que maximizan los resultados. Menos fatiga muscular, m\u00e1s recuperaci\u00f3n, mejor rendimiento y masa muscular sin grasas. Para todo tipo de deportes. Fabricada por Mervick. Tama\u00f1o 1 kg.<\/p>\n","protected":false},"featured_media":1222,"comment_status":"closed","ping_status":"closed","template":"","meta":[],"product_brand":[224],"product_cat":[50],"product_tag":[76,77,58,79,78],"class_list":{"0":"post-1221","1":"product","2":"type-product","3":"status-publish","4":"has-post-thumbnail","6":"product_brand-mervick-lab","7":"product_cat-creatina","8":"product_tag-fatiga","9":"product_tag-masa-muscular","10":"product_tag-mervick","11":"product_tag-recuperacion","12":"product_tag-rendimiento","14":"first","15":"outofstock","16":"sale","17":"shipping-taxable","18":"purchasable","19":"product-type-simple"},"yoast_head":"<!-- This site is optimized with the Yoast SEO plugin v27.5 - https:\/\/yoast.com\/product\/yoast-seo-wordpress\/ -->\n<title>Creatina Premium Mervick | 1 kg | Potenciada | DeMusculos.com<\/title>\n<meta name=\"description\" content=\"Creatina Premium Mervick es una super creatina potenciada con taurina y otros ingredientes que elevan la energ\u00eda, masa y recuperaci\u00f3n.\" \/>\n<meta name=\"robots\" content=\"index, follow, max-snippet:-1, max-image-preview:large, max-video-preview:-1\" \/>\n<link rel=\"canonical\" href=\"https:\/\/www.demusculos.com\/web\/producto\/creatina-premium-1-kg-de-mevick\/\" \/>\n<meta property=\"og:locale\" content=\"es_ES\" \/>\n<meta property=\"og:type\" content=\"article\" \/>\n<meta property=\"og:title\" content=\"Creatina Premium Mervick | 1 kg | Potenciada | DeMusculos.com\" \/>\n<meta property=\"og:description\" content=\"Creatina Premium Mervick es una super creatina potenciada con taurina y otros ingredientes que elevan la energ\u00eda, masa y recuperaci\u00f3n.\" \/>\n<meta property=\"og:url\" content=\"https:\/\/www.demusculos.com\/web\/producto\/creatina-premium-1-kg-de-mevick\/\" \/>\n<meta property=\"og:site_name\" content=\"DeMusculos\" \/>\n<meta property=\"article:publisher\" content=\"https:\/\/www.facebook.com\/demusculos\" \/>\n<meta property=\"article:modified_time\" content=\"2026-05-05T03:44:56+00:00\" \/>\n<meta property=\"og:image\" content=\"https:\/\/www.demusculos.com\/web\/wp-content\/uploads\/2024\/02\/creatina-1-kg-premium-pote.jpg\" \/>\n\t<meta property=\"og:image:width\" content=\"1200\" \/>\n\t<meta property=\"og:image:height\" content=\"1200\" \/>\n\t<meta property=\"og:image:type\" content=\"image\/jpeg\" \/>\n<meta name=\"twitter:card\" content=\"summary_large_image\" \/>\n<meta name=\"twitter:site\" content=\"@demusculos\" \/>\n<meta name=\"twitter:label1\" content=\"Tiempo de lectura\" \/>\n\t<meta name=\"twitter:data1\" content=\"4 minutos\" \/>\n<script type=\"application\/ld+json\" class=\"yoast-schema-graph\">{\"@context\":\"https:\\\/\\\/schema.org\",\"@graph\":[{\"@type\":\"WebPage\",\"@id\":\"https:\\\/\\\/www.demusculos.com\\\/web\\\/producto\\\/creatina-premium-1-kg-de-mevick\\\/\",\"url\":\"https:\\\/\\\/www.demusculos.com\\\/web\\\/producto\\\/creatina-premium-1-kg-de-mevick\\\/\",\"name\":\"Creatina Premium Mervick | 1 kg | Potenciada | DeMusculos.com\",\"isPartOf\":{\"@id\":\"https:\\\/\\\/www.demusculos.com\\\/web\\\/#website\"},\"primaryImageOfPage\":{\"@id\":\"https:\\\/\\\/www.demusculos.com\\\/web\\\/producto\\\/creatina-premium-1-kg-de-mevick\\\/#primaryimage\"},\"image\":{\"@id\":\"https:\\\/\\\/www.demusculos.com\\\/web\\\/producto\\\/creatina-premium-1-kg-de-mevick\\\/#primaryimage\"},\"thumbnailUrl\":\"https:\\\/\\\/www.demusculos.com\\\/web\\\/wp-content\\\/uploads\\\/2024\\\/02\\\/creatina-1-kg-premium-pote.jpg\",\"datePublished\":\"2024-02-29T20:31:29+00:00\",\"dateModified\":\"2026-05-05T03:44:56+00:00\",\"description\":\"Creatina Premium Mervick es una super creatina potenciada con taurina y otros ingredientes que elevan la energ\u00eda, masa y recuperaci\u00f3n.\",\"breadcrumb\":{\"@id\":\"https:\\\/\\\/www.demusculos.com\\\/web\\\/producto\\\/creatina-premium-1-kg-de-mevick\\\/#breadcrumb\"},\"inLanguage\":\"es\",\"potentialAction\":[{\"@type\":\"ReadAction\",\"target\":[\"https:\\\/\\\/www.demusculos.com\\\/web\\\/producto\\\/creatina-premium-1-kg-de-mevick\\\/\"]}]},{\"@type\":\"ImageObject\",\"inLanguage\":\"es\",\"@id\":\"https:\\\/\\\/www.demusculos.com\\\/web\\\/producto\\\/creatina-premium-1-kg-de-mevick\\\/#primaryimage\",\"url\":\"https:\\\/\\\/www.demusculos.com\\\/web\\\/wp-content\\\/uploads\\\/2024\\\/02\\\/creatina-1-kg-premium-pote.jpg\",\"contentUrl\":\"https:\\\/\\\/www.demusculos.com\\\/web\\\/wp-content\\\/uploads\\\/2024\\\/02\\\/creatina-1-kg-premium-pote.jpg\",\"width\":1200,\"height\":1200,\"caption\":\"Creatina potenciada Mervick. Creatina Premium 1 kg de Mervick\"},{\"@type\":\"BreadcrumbList\",\"@id\":\"https:\\\/\\\/www.demusculos.com\\\/web\\\/producto\\\/creatina-premium-1-kg-de-mevick\\\/#breadcrumb\",\"itemListElement\":[{\"@type\":\"ListItem\",\"position\":1,\"name\":\"Inicio\",\"item\":\"https:\\\/\\\/www.demusculos.com\\\/web\\\/\"},{\"@type\":\"ListItem\",\"position\":2,\"name\":\"Suplementos\",\"item\":\"https:\\\/\\\/www.demusculos.com\\\/web\\\/tienda\\\/\"},{\"@type\":\"ListItem\",\"position\":3,\"name\":\"Creatina Premium 1 kg de Mevick\"}]},{\"@type\":\"WebSite\",\"@id\":\"https:\\\/\\\/www.demusculos.com\\\/web\\\/#website\",\"url\":\"https:\\\/\\\/www.demusculos.com\\\/web\\\/\",\"name\":\"DeMusculos.com\",\"description\":\"Suplementos Naturales\",\"publisher\":{\"@id\":\"https:\\\/\\\/www.demusculos.com\\\/web\\\/#organization\"},\"alternateName\":\"Suplementos Naturales\",\"potentialAction\":[{\"@type\":\"SearchAction\",\"target\":{\"@type\":\"EntryPoint\",\"urlTemplate\":\"https:\\\/\\\/www.demusculos.com\\\/web\\\/?s={search_term_string}\"},\"query-input\":{\"@type\":\"PropertyValueSpecification\",\"valueRequired\":true,\"valueName\":\"search_term_string\"}}],\"inLanguage\":\"es\"},{\"@type\":\"Organization\",\"@id\":\"https:\\\/\\\/www.demusculos.com\\\/web\\\/#organization\",\"name\":\"DeMusculos.com\",\"alternateName\":\"DeMusculos\",\"url\":\"https:\\\/\\\/www.demusculos.com\\\/web\\\/\",\"logo\":{\"@type\":\"ImageObject\",\"inLanguage\":\"es\",\"@id\":\"https:\\\/\\\/www.demusculos.com\\\/web\\\/#\\\/schema\\\/logo\\\/image\\\/\",\"url\":\"https:\\\/\\\/www.demusculos.com\\\/web\\\/wp-content\\\/uploads\\\/2024\\\/02\\\/logo-demusculos-prestashop-usuario.png\",\"contentUrl\":\"https:\\\/\\\/www.demusculos.com\\\/web\\\/wp-content\\\/uploads\\\/2024\\\/02\\\/logo-demusculos-prestashop-usuario.png\",\"width\":150,\"height\":150,\"caption\":\"DeMusculos.com\"},\"image\":{\"@id\":\"https:\\\/\\\/www.demusculos.com\\\/web\\\/#\\\/schema\\\/logo\\\/image\\\/\"},\"sameAs\":[\"https:\\\/\\\/www.facebook.com\\\/demusculos\",\"https:\\\/\\\/x.com\\\/demusculos\",\"https:\\\/\\\/www.instagram.com\\\/demusculos\",\"https:\\\/\\\/www.tiktok.com\\\/@demusculos.com\"]}]}<\/script>\n<!-- \/ Yoast SEO plugin. -->","yoast_head_json":{"title":"Creatina Premium Mervick | 1 kg | Potenciada | DeMusculos.com","description":"Creatina Premium Mervick es una super creatina potenciada con taurina y otros ingredientes que elevan la energ\u00eda, masa y recuperaci\u00f3n.","robots":{"index":"index","follow":"follow","max-snippet":"max-snippet:-1","max-image-preview":"max-image-preview:large","max-video-preview":"max-video-preview:-1"},"canonical":"https:\/\/www.demusculos.com\/web\/producto\/creatina-premium-1-kg-de-mevick\/","og_locale":"es_ES","og_type":"article","og_title":"Creatina Premium Mervick | 1 kg | Potenciada | DeMusculos.com","og_description":"Creatina Premium Mervick es una super creatina potenciada con taurina y otros ingredientes que elevan la energ\u00eda, masa y recuperaci\u00f3n.","og_url":"https:\/\/www.demusculos.com\/web\/producto\/creatina-premium-1-kg-de-mevick\/","og_site_name":"DeMusculos","article_publisher":"https:\/\/www.facebook.com\/demusculos","article_modified_time":"2026-05-05T03:44:56+00:00","og_image":[{"width":1200,"height":1200,"url":"https:\/\/www.demusculos.com\/web\/wp-content\/uploads\/2024\/02\/creatina-1-kg-premium-pote.jpg","type":"image\/jpeg"}],"twitter_card":"summary_large_image","twitter_site":"@demusculos","twitter_misc":{"Tiempo de lectura":"4 minutos"},"schema":{"@context":"https:\/\/schema.org","@graph":[{"@type":"WebPage","@id":"https:\/\/www.demusculos.com\/web\/producto\/creatina-premium-1-kg-de-mevick\/","url":"https:\/\/www.demusculos.com\/web\/producto\/creatina-premium-1-kg-de-mevick\/","name":"Creatina Premium Mervick | 1 kg | Potenciada | DeMusculos.com","isPartOf":{"@id":"https:\/\/www.demusculos.com\/web\/#website"},"primaryImageOfPage":{"@id":"https:\/\/www.demusculos.com\/web\/producto\/creatina-premium-1-kg-de-mevick\/#primaryimage"},"image":{"@id":"https:\/\/www.demusculos.com\/web\/producto\/creatina-premium-1-kg-de-mevick\/#primaryimage"},"thumbnailUrl":"https:\/\/www.demusculos.com\/web\/wp-content\/uploads\/2024\/02\/creatina-1-kg-premium-pote.jpg","datePublished":"2024-02-29T20:31:29+00:00","dateModified":"2026-05-05T03:44:56+00:00","description":"Creatina Premium Mervick es una super creatina potenciada con taurina y otros ingredientes que elevan la energ\u00eda, masa y recuperaci\u00f3n.","breadcrumb":{"@id":"https:\/\/www.demusculos.com\/web\/producto\/creatina-premium-1-kg-de-mevick\/#breadcrumb"},"inLanguage":"es","potentialAction":[{"@type":"ReadAction","target":["https:\/\/www.demusculos.com\/web\/producto\/creatina-premium-1-kg-de-mevick\/"]}]},{"@type":"ImageObject","inLanguage":"es","@id":"https:\/\/www.demusculos.com\/web\/producto\/creatina-premium-1-kg-de-mevick\/#primaryimage","url":"https:\/\/www.demusculos.com\/web\/wp-content\/uploads\/2024\/02\/creatina-1-kg-premium-pote.jpg","contentUrl":"https:\/\/www.demusculos.com\/web\/wp-content\/uploads\/2024\/02\/creatina-1-kg-premium-pote.jpg","width":1200,"height":1200,"caption":"Creatina potenciada Mervick. Creatina Premium 1 kg de Mervick"},{"@type":"BreadcrumbList","@id":"https:\/\/www.demusculos.com\/web\/producto\/creatina-premium-1-kg-de-mevick\/#breadcrumb","itemListElement":[{"@type":"ListItem","position":1,"name":"Inicio","item":"https:\/\/www.demusculos.com\/web\/"},{"@type":"ListItem","position":2,"name":"Suplementos","item":"https:\/\/www.demusculos.com\/web\/tienda\/"},{"@type":"ListItem","position":3,"name":"Creatina Premium 1 kg de Mevick"}]},{"@type":"WebSite","@id":"https:\/\/www.demusculos.com\/web\/#website","url":"https:\/\/www.demusculos.com\/web\/","name":"DeMusculos.com","description":"Suplementos Naturales","publisher":{"@id":"https:\/\/www.demusculos.com\/web\/#organization"},"alternateName":"Suplementos Naturales","potentialAction":[{"@type":"SearchAction","target":{"@type":"EntryPoint","urlTemplate":"https:\/\/www.demusculos.com\/web\/?s={search_term_string}"},"query-input":{"@type":"PropertyValueSpecification","valueRequired":true,"valueName":"search_term_string"}}],"inLanguage":"es"},{"@type":"Organization","@id":"https:\/\/www.demusculos.com\/web\/#organization","name":"DeMusculos.com","alternateName":"DeMusculos","url":"https:\/\/www.demusculos.com\/web\/","logo":{"@type":"ImageObject","inLanguage":"es","@id":"https:\/\/www.demusculos.com\/web\/#\/schema\/logo\/image\/","url":"https:\/\/www.demusculos.com\/web\/wp-content\/uploads\/2024\/02\/logo-demusculos-prestashop-usuario.png","contentUrl":"https:\/\/www.demusculos.com\/web\/wp-content\/uploads\/2024\/02\/logo-demusculos-prestashop-usuario.png","width":150,"height":150,"caption":"DeMusculos.com"},"image":{"@id":"https:\/\/www.demusculos.com\/web\/#\/schema\/logo\/image\/"},"sameAs":["https:\/\/www.facebook.com\/demusculos","https:\/\/x.com\/demusculos","https:\/\/www.instagram.com\/demusculos","https:\/\/www.tiktok.com\/@demusculos.com"]}]}},"_links":{"self":[{"href":"https:\/\/www.demusculos.com\/web\/wp-json\/wp\/v2\/product\/1221","targetHints":{"allow":["GET"]}}],"collection":[{"href":"https:\/\/www.demusculos.com\/web\/wp-json\/wp\/v2\/product"}],"about":[{"href":"https:\/\/www.demusculos.com\/web\/wp-json\/wp\/v2\/types\/product"}],"replies":[{"embeddable":true,"href":"https:\/\/www.demusculos.com\/web\/wp-json\/wp\/v2\/comments?post=1221"}],"wp:featuredmedia":[{"embeddable":true,"href":"https:\/\/www.demusculos.com\/web\/wp-json\/wp\/v2\/media\/1222"}],"wp:attachment":[{"href":"https:\/\/www.demusculos.com\/web\/wp-json\/wp\/v2\/media?parent=1221"}],"wp:term":[{"taxonomy":"product_brand","embeddable":true,"href":"https:\/\/www.demusculos.com\/web\/wp-json\/wp\/v2\/product_brand?post=1221"},{"taxonomy":"product_cat","embeddable":true,"href":"https:\/\/www.demusculos.com\/web\/wp-json\/wp\/v2\/product_cat?post=1221"},{"taxonomy":"product_tag","embeddable":true,"href":"https:\/\/www.demusculos.com\/web\/wp-json\/wp\/v2\/product_tag?post=1221"}],"curies":[{"name":"wp","href":"https:\/\/api.w.org\/{rel}","templated":true}]}}