{"id":1244,"date":"2024-02-29T20:32:56","date_gmt":"2024-02-29T23:32:56","guid":{"rendered":"https:\/\/www.demusculos.com\/web\/?post_type=product&#038;p=1244"},"modified":"2026-03-25T09:53:28","modified_gmt":"2026-03-25T12:53:28","slug":"pulver-pack-x44-sobres","status":"publish","type":"product","link":"https:\/\/www.demusculos.com\/web\/producto\/pulver-pack-x44-sobres\/","title":{"rendered":"Pulver Pack x44 Sobres"},"content":{"rendered":"<h2>Pulver Pack 44 sobres<\/h2>\n<p><strong>Pulver Pack<\/strong> es un excelente producto para recuperaci\u00f3n, ideal para rendimiento y aumento de masa muscular. Se lo puede combinar con prote\u00ednas o creatinas para potenciar sus resultados.<\/p>\n<p><img fetchpriority=\"high\" decoding=\"async\" class=\"alignnone size-full wp-image-10360\" src=\"https:\/\/www.demusculos.com\/web\/wp-content\/uploads\/2024\/02\/pulver-pack-entrenamiento-1.jpg\" alt=\"Pulver Pack\" width=\"1080\" height=\"1080\" srcset=\"https:\/\/www.demusculos.com\/web\/wp-content\/uploads\/2024\/02\/pulver-pack-entrenamiento-1.jpg 1080w, https:\/\/www.demusculos.com\/web\/wp-content\/uploads\/2024\/02\/pulver-pack-entrenamiento-1-300x300.jpg 300w, https:\/\/www.demusculos.com\/web\/wp-content\/uploads\/2024\/02\/pulver-pack-entrenamiento-1-150x150.jpg 150w, https:\/\/www.demusculos.com\/web\/wp-content\/uploads\/2024\/02\/pulver-pack-entrenamiento-1-800x800.jpg 800w, https:\/\/www.demusculos.com\/web\/wp-content\/uploads\/2024\/02\/pulver-pack-entrenamiento-1-1024x1024.jpg 1024w, https:\/\/www.demusculos.com\/web\/wp-content\/uploads\/2024\/02\/pulver-pack-entrenamiento-1-768x768.jpg 768w\" sizes=\"(max-width: 1080px) 100vw, 1080px\" \/><\/p>\n<figure id=\"attachment_182\" aria-describedby=\"caption-attachment-182\" style=\"width: 446px\" class=\"wp-caption alignnone\"><img decoding=\"async\" class=\"size-full wp-image-182\" src=\"https:\/\/www.demusculos.com\/web\/wp-content\/uploads\/2024\/02\/logo-pulver.png\" alt=\"Productos naturales y deporitvos de la marca Pulver. Todos los suplementos son sin Tacc aptos para celiacos.\" width=\"446\" height=\"103\" srcset=\"https:\/\/www.demusculos.com\/web\/wp-content\/uploads\/2024\/02\/logo-pulver.png 446w, https:\/\/www.demusculos.com\/web\/wp-content\/uploads\/2024\/02\/logo-pulver-300x69.png 300w, https:\/\/www.demusculos.com\/web\/wp-content\/uploads\/2024\/02\/logo-pulver-150x35.png 150w, https:\/\/www.demusculos.com\/web\/wp-content\/uploads\/2024\/02\/logo-pulver-416x96.png 416w\" sizes=\"(max-width: 446px) 100vw, 446px\" \/><figcaption id=\"caption-attachment-182\" class=\"wp-caption-text\">Suplementos naturales ideales para aumentar masa muscular, rendimiento, recuperaci\u00f3n y para la dieta. Alimentos proteicos sin TACC.<\/figcaption><\/figure>\n<p>Provee una combinaci\u00f3n de nutrientes que cubre las demandas energ\u00e9ticas y nutricionales de los deportistas. Es un suplemento a base de minerales, vitaminas, ginseng, garcinia cambogia y amino\u00e1cidos, libre de gluten (sin tacc).<\/p>\n<p>Arginina, glutamina y creatina optimizan la s\u00edntesis proteica mejorando la fibra muscular tras el esfuerzo, ayudan al sistema cardiovascular y potencian el sistema inmune frente al stress. Vitamina A, C, D y B resultan beneficiosas para la visi\u00f3n, masa osteomuscular, piel y mucosas. Intervienen en el funcionamiento del sistema nervioso, el metabolismo de los hidratos de carbono, la producci\u00f3n de gluc\u00f3geno y favorece la absorci\u00f3n de hierro.<\/p>\n<p>Minerales como el f\u00f3sforo, zinc, potasio y magnesio mejoran el rendimiento psicof\u00edsico y se consideran indispensables para la s\u00edntesis proteica, la funci\u00f3n inmunol\u00f3gica y la s\u00edntesis de tejidos nuevos.<\/p>\n<p>Tambi\u00e9n tiene carnitina aumenta la resistencia del individuo, colabora con la quema de grasas y reduce el nivel de \u00e1cido l\u00e1ctico en los m\u00fasculos durante el ejercicio. La garcinia Cambogia interviene en el metabolismo lip\u00eddico.<\/p>\n<p><img decoding=\"async\" class=\"alignnone size-full wp-image-10361\" src=\"https:\/\/www.demusculos.com\/web\/wp-content\/uploads\/2024\/02\/pulver-pack-entrenamiento-2.jpg\" alt=\"Beneficios de Pulver Pack\" width=\"1080\" height=\"1080\" srcset=\"https:\/\/www.demusculos.com\/web\/wp-content\/uploads\/2024\/02\/pulver-pack-entrenamiento-2.jpg 1080w, https:\/\/www.demusculos.com\/web\/wp-content\/uploads\/2024\/02\/pulver-pack-entrenamiento-2-300x300.jpg 300w, https:\/\/www.demusculos.com\/web\/wp-content\/uploads\/2024\/02\/pulver-pack-entrenamiento-2-150x150.jpg 150w, https:\/\/www.demusculos.com\/web\/wp-content\/uploads\/2024\/02\/pulver-pack-entrenamiento-2-800x800.jpg 800w, https:\/\/www.demusculos.com\/web\/wp-content\/uploads\/2024\/02\/pulver-pack-entrenamiento-2-1024x1024.jpg 1024w, https:\/\/www.demusculos.com\/web\/wp-content\/uploads\/2024\/02\/pulver-pack-entrenamiento-2-768x768.jpg 768w\" sizes=\"(max-width: 1080px) 100vw, 1080px\" \/><\/p>\n<h2>Beneficios<\/h2>\n<ul>\n<li>Los amino\u00e1cidos (arginina, glutamina y creatina) optimizan la s\u00edntesis proteica mejorando la fibra muscular tras el esfuerzo, ayudan al sistema cardiovascular y potencian el sistema inmune frente al stress.<\/li>\n<li>El Ginseng es un producto anti estr\u00e9s y t\u00f3nico-revitalizante, mejora la actividad ps\u00edquica, la capacidad de concentraci\u00f3n y disminuye la sensaci\u00f3n de fatiga. Tambi\u00e9n funciona como un producto anti estr\u00e9s y t\u00f3nico-revitalizante, mejora la actividad ps\u00edquica, la capacidad de concentraci\u00f3n y disminuye la sensaci\u00f3n de fatiga.<\/li>\n<li>La Garcinia Cambogia es un producto herbal, que interviene en el metabolismo lip\u00eddico (grasas).<\/li>\n<\/ul>\n<p>Adem\u00e1s:<\/p>\n<ul>\n<li>Las principales funciones del conjunto vitam\u00ednico A, C, D y B son mejorar y recuperar la visi\u00f3n, la masa osteomuscular, la piel y mucosas. Intervienen favoreciendo el funcionamiento del sistema nervioso y el metabolismo. Los -Minerales (f\u00f3sforo, zinc, potasio y magnesio) mejoran el rendimiento psicof\u00edsico y son indispensables para la s\u00edntesis proteica, la funci\u00f3n inmunol\u00f3gica y la s\u00edntesis de tejidos nuevos.<\/li>\n<\/ul>\n<p><strong>Modo de uso<\/strong><br \/>\nDisolver el contenido de un sobre en 200 cc de agua fr\u00eda e ingerirlo despu\u00e9s de la actividad f\u00edsica.<\/p>\n<p><strong>Presentaci\u00f3n<\/strong>: 495 gr<br \/>\n<strong>Servicios por envase<\/strong>: 45<br \/>\n<strong>Sabor<\/strong>: Naranja<\/p>\n<figure id=\"attachment_10362\" aria-describedby=\"caption-attachment-10362\" style=\"width: 1080px\" class=\"wp-caption alignnone\"><img loading=\"lazy\" decoding=\"async\" class=\"wp-image-10362 size-full\" src=\"https:\/\/www.demusculos.com\/web\/wp-content\/uploads\/2024\/02\/pulver-pack-entrenamiento-3.jpg\" alt=\"Para quien es\" width=\"1080\" height=\"1080\" srcset=\"https:\/\/www.demusculos.com\/web\/wp-content\/uploads\/2024\/02\/pulver-pack-entrenamiento-3.jpg 1080w, https:\/\/www.demusculos.com\/web\/wp-content\/uploads\/2024\/02\/pulver-pack-entrenamiento-3-300x300.jpg 300w, https:\/\/www.demusculos.com\/web\/wp-content\/uploads\/2024\/02\/pulver-pack-entrenamiento-3-150x150.jpg 150w, https:\/\/www.demusculos.com\/web\/wp-content\/uploads\/2024\/02\/pulver-pack-entrenamiento-3-800x800.jpg 800w, https:\/\/www.demusculos.com\/web\/wp-content\/uploads\/2024\/02\/pulver-pack-entrenamiento-3-1024x1024.jpg 1024w, https:\/\/www.demusculos.com\/web\/wp-content\/uploads\/2024\/02\/pulver-pack-entrenamiento-3-768x768.jpg 768w\" sizes=\"(max-width: 1080px) 100vw, 1080px\" \/><figcaption id=\"caption-attachment-10362\" class=\"wp-caption-text\">Te contamos para quien esta desarrollado Pulver Pack<\/figcaption><\/figure>\n<figure id=\"attachment_10364\" aria-describedby=\"caption-attachment-10364\" style=\"width: 1080px\" class=\"wp-caption alignnone\"><img loading=\"lazy\" decoding=\"async\" class=\"wp-image-10364 size-full\" src=\"https:\/\/www.demusculos.com\/web\/wp-content\/uploads\/2024\/02\/pulver-pack-entrenamiento-5.jpg\" alt=\"La f\u00f3rmula del producto\" width=\"1080\" height=\"1080\" srcset=\"https:\/\/www.demusculos.com\/web\/wp-content\/uploads\/2024\/02\/pulver-pack-entrenamiento-5.jpg 1080w, https:\/\/www.demusculos.com\/web\/wp-content\/uploads\/2024\/02\/pulver-pack-entrenamiento-5-300x300.jpg 300w, https:\/\/www.demusculos.com\/web\/wp-content\/uploads\/2024\/02\/pulver-pack-entrenamiento-5-150x150.jpg 150w, https:\/\/www.demusculos.com\/web\/wp-content\/uploads\/2024\/02\/pulver-pack-entrenamiento-5-800x800.jpg 800w, https:\/\/www.demusculos.com\/web\/wp-content\/uploads\/2024\/02\/pulver-pack-entrenamiento-5-1024x1024.jpg 1024w, https:\/\/www.demusculos.com\/web\/wp-content\/uploads\/2024\/02\/pulver-pack-entrenamiento-5-768x768.jpg 768w\" sizes=\"(max-width: 1080px) 100vw, 1080px\" \/><figcaption id=\"caption-attachment-10364\" class=\"wp-caption-text\">Informaci\u00f3n nutricional de Pulver Pack<\/figcaption><\/figure>\n<p><img loading=\"lazy\" decoding=\"async\" class=\"alignnone size-full wp-image-10363\" src=\"https:\/\/www.demusculos.com\/web\/wp-content\/uploads\/2024\/02\/pulver-pack-entrenamiento-4.jpg\" alt=\"Para quien es Pulver Pack\" width=\"1080\" height=\"1080\" srcset=\"https:\/\/www.demusculos.com\/web\/wp-content\/uploads\/2024\/02\/pulver-pack-entrenamiento-4.jpg 1080w, https:\/\/www.demusculos.com\/web\/wp-content\/uploads\/2024\/02\/pulver-pack-entrenamiento-4-300x300.jpg 300w, https:\/\/www.demusculos.com\/web\/wp-content\/uploads\/2024\/02\/pulver-pack-entrenamiento-4-150x150.jpg 150w, https:\/\/www.demusculos.com\/web\/wp-content\/uploads\/2024\/02\/pulver-pack-entrenamiento-4-800x800.jpg 800w, https:\/\/www.demusculos.com\/web\/wp-content\/uploads\/2024\/02\/pulver-pack-entrenamiento-4-1024x1024.jpg 1024w, https:\/\/www.demusculos.com\/web\/wp-content\/uploads\/2024\/02\/pulver-pack-entrenamiento-4-768x768.jpg 768w\" sizes=\"(max-width: 1080px) 100vw, 1080px\" \/><\/p>\n<p><strong>Pulver Pack contiene f\u00f3sforo<\/strong>: <a href=\"https:\/\/www.demusculos.com\/contenidos\/fosforo-como-suplemento\/\">Ver beneficios del f\u00f3sforo<\/a><\/p>\n","protected":false},"excerpt":{"rendered":"<p>Multi vitam\u00ednico avanzado ideal para recuperaci\u00f3n, rendimiento, masa muscular. Para todos los deportes. Ambos sexos. Sin tacc. Apto celiacos.<\/p>\n","protected":false},"featured_media":1245,"comment_status":"closed","ping_status":"closed","template":"","meta":[],"product_brand":[221],"product_cat":[37],"product_tag":[28],"class_list":{"0":"post-1244","1":"product","2":"type-product","3":"status-publish","4":"has-post-thumbnail","6":"product_brand-pulver","7":"product_cat-vitaminas-y-minierales","8":"product_tag-pulver","10":"first","11":"instock","12":"sale","13":"shipping-taxable","14":"purchasable","15":"product-type-simple"},"yoast_head":"<!-- This site is optimized with the Yoast SEO plugin v27.5 - https:\/\/yoast.com\/product\/yoast-seo-wordpress\/ -->\n<title>Pulver Pack | Recuperaci\u00f3n | Masa Muscular | DeMusculos.com<\/title>\n<meta name=\"description\" content=\"Pulver Pack es un producto ideal para maximizar la recuperaci\u00f3n muscular, esto nos permite m\u00e1s energ\u00eda con el correr del tiempo y mas masa muscular.\" \/>\n<meta name=\"robots\" content=\"index, follow, max-snippet:-1, max-image-preview:large, max-video-preview:-1\" \/>\n<link rel=\"canonical\" href=\"https:\/\/www.demusculos.com\/web\/producto\/pulver-pack-x44-sobres\/\" \/>\n<meta property=\"og:locale\" content=\"es_ES\" \/>\n<meta property=\"og:type\" content=\"article\" \/>\n<meta property=\"og:title\" content=\"Pulver Pack | Recuperaci\u00f3n | Masa Muscular | DeMusculos.com\" \/>\n<meta property=\"og:description\" content=\"Pulver Pack es un producto ideal para maximizar la recuperaci\u00f3n muscular, esto nos permite m\u00e1s energ\u00eda con el correr del tiempo y mas masa muscular.\" \/>\n<meta property=\"og:url\" content=\"https:\/\/www.demusculos.com\/web\/producto\/pulver-pack-x44-sobres\/\" \/>\n<meta property=\"og:site_name\" content=\"DeMusculos\" \/>\n<meta property=\"article:publisher\" content=\"https:\/\/www.facebook.com\/demusculos\" \/>\n<meta property=\"article:modified_time\" content=\"2026-03-25T12:53:28+00:00\" \/>\n<meta property=\"og:image\" content=\"https:\/\/www.demusculos.com\/web\/wp-content\/uploads\/2024\/02\/pulverpack01.jpg\" \/>\n\t<meta property=\"og:image:width\" content=\"1200\" \/>\n\t<meta property=\"og:image:height\" content=\"1200\" \/>\n\t<meta property=\"og:image:type\" content=\"image\/jpeg\" \/>\n<meta name=\"twitter:card\" content=\"summary_large_image\" \/>\n<meta name=\"twitter:site\" content=\"@demusculos\" \/>\n<meta name=\"twitter:label1\" content=\"Tiempo de lectura\" \/>\n\t<meta name=\"twitter:data1\" content=\"4 minutos\" \/>\n<script type=\"application\/ld+json\" class=\"yoast-schema-graph\">{\"@context\":\"https:\\\/\\\/schema.org\",\"@graph\":[{\"@type\":\"WebPage\",\"@id\":\"https:\\\/\\\/www.demusculos.com\\\/web\\\/producto\\\/pulver-pack-x44-sobres\\\/\",\"url\":\"https:\\\/\\\/www.demusculos.com\\\/web\\\/producto\\\/pulver-pack-x44-sobres\\\/\",\"name\":\"Pulver Pack | Recuperaci\u00f3n | Masa Muscular | DeMusculos.com\",\"isPartOf\":{\"@id\":\"https:\\\/\\\/www.demusculos.com\\\/web\\\/#website\"},\"primaryImageOfPage\":{\"@id\":\"https:\\\/\\\/www.demusculos.com\\\/web\\\/producto\\\/pulver-pack-x44-sobres\\\/#primaryimage\"},\"image\":{\"@id\":\"https:\\\/\\\/www.demusculos.com\\\/web\\\/producto\\\/pulver-pack-x44-sobres\\\/#primaryimage\"},\"thumbnailUrl\":\"https:\\\/\\\/www.demusculos.com\\\/web\\\/wp-content\\\/uploads\\\/2024\\\/02\\\/pulverpack01.jpg\",\"datePublished\":\"2024-02-29T23:32:56+00:00\",\"dateModified\":\"2026-03-25T12:53:28+00:00\",\"description\":\"Pulver Pack es un producto ideal para maximizar la recuperaci\u00f3n muscular, esto nos permite m\u00e1s energ\u00eda con el correr del tiempo y mas masa muscular.\",\"breadcrumb\":{\"@id\":\"https:\\\/\\\/www.demusculos.com\\\/web\\\/producto\\\/pulver-pack-x44-sobres\\\/#breadcrumb\"},\"inLanguage\":\"es\",\"potentialAction\":[{\"@type\":\"ReadAction\",\"target\":[\"https:\\\/\\\/www.demusculos.com\\\/web\\\/producto\\\/pulver-pack-x44-sobres\\\/\"]}]},{\"@type\":\"ImageObject\",\"inLanguage\":\"es\",\"@id\":\"https:\\\/\\\/www.demusculos.com\\\/web\\\/producto\\\/pulver-pack-x44-sobres\\\/#primaryimage\",\"url\":\"https:\\\/\\\/www.demusculos.com\\\/web\\\/wp-content\\\/uploads\\\/2024\\\/02\\\/pulverpack01.jpg\",\"contentUrl\":\"https:\\\/\\\/www.demusculos.com\\\/web\\\/wp-content\\\/uploads\\\/2024\\\/02\\\/pulverpack01.jpg\",\"width\":1200,\"height\":1200,\"caption\":\"Pulver Pack de Pulver x44\"},{\"@type\":\"BreadcrumbList\",\"@id\":\"https:\\\/\\\/www.demusculos.com\\\/web\\\/producto\\\/pulver-pack-x44-sobres\\\/#breadcrumb\",\"itemListElement\":[{\"@type\":\"ListItem\",\"position\":1,\"name\":\"Inicio\",\"item\":\"https:\\\/\\\/www.demusculos.com\\\/web\\\/\"},{\"@type\":\"ListItem\",\"position\":2,\"name\":\"Suplementos\",\"item\":\"https:\\\/\\\/www.demusculos.com\\\/web\\\/tienda\\\/\"},{\"@type\":\"ListItem\",\"position\":3,\"name\":\"Pulver Pack x44 Sobres\"}]},{\"@type\":\"WebSite\",\"@id\":\"https:\\\/\\\/www.demusculos.com\\\/web\\\/#website\",\"url\":\"https:\\\/\\\/www.demusculos.com\\\/web\\\/\",\"name\":\"DeMusculos.com\",\"description\":\"Suplementos Naturales\",\"publisher\":{\"@id\":\"https:\\\/\\\/www.demusculos.com\\\/web\\\/#organization\"},\"alternateName\":\"Suplementos Naturales\",\"potentialAction\":[{\"@type\":\"SearchAction\",\"target\":{\"@type\":\"EntryPoint\",\"urlTemplate\":\"https:\\\/\\\/www.demusculos.com\\\/web\\\/?s={search_term_string}\"},\"query-input\":{\"@type\":\"PropertyValueSpecification\",\"valueRequired\":true,\"valueName\":\"search_term_string\"}}],\"inLanguage\":\"es\"},{\"@type\":\"Organization\",\"@id\":\"https:\\\/\\\/www.demusculos.com\\\/web\\\/#organization\",\"name\":\"DeMusculos.com\",\"alternateName\":\"DeMusculos\",\"url\":\"https:\\\/\\\/www.demusculos.com\\\/web\\\/\",\"logo\":{\"@type\":\"ImageObject\",\"inLanguage\":\"es\",\"@id\":\"https:\\\/\\\/www.demusculos.com\\\/web\\\/#\\\/schema\\\/logo\\\/image\\\/\",\"url\":\"https:\\\/\\\/www.demusculos.com\\\/web\\\/wp-content\\\/uploads\\\/2024\\\/02\\\/logo-demusculos-prestashop-usuario.png\",\"contentUrl\":\"https:\\\/\\\/www.demusculos.com\\\/web\\\/wp-content\\\/uploads\\\/2024\\\/02\\\/logo-demusculos-prestashop-usuario.png\",\"width\":150,\"height\":150,\"caption\":\"DeMusculos.com\"},\"image\":{\"@id\":\"https:\\\/\\\/www.demusculos.com\\\/web\\\/#\\\/schema\\\/logo\\\/image\\\/\"},\"sameAs\":[\"https:\\\/\\\/www.facebook.com\\\/demusculos\",\"https:\\\/\\\/x.com\\\/demusculos\",\"https:\\\/\\\/www.instagram.com\\\/demusculos\",\"https:\\\/\\\/www.tiktok.com\\\/@demusculos.com\"]}]}<\/script>\n<!-- \/ Yoast SEO plugin. -->","yoast_head_json":{"title":"Pulver Pack | Recuperaci\u00f3n | Masa Muscular | DeMusculos.com","description":"Pulver Pack es un producto ideal para maximizar la recuperaci\u00f3n muscular, esto nos permite m\u00e1s energ\u00eda con el correr del tiempo y mas masa muscular.","robots":{"index":"index","follow":"follow","max-snippet":"max-snippet:-1","max-image-preview":"max-image-preview:large","max-video-preview":"max-video-preview:-1"},"canonical":"https:\/\/www.demusculos.com\/web\/producto\/pulver-pack-x44-sobres\/","og_locale":"es_ES","og_type":"article","og_title":"Pulver Pack | Recuperaci\u00f3n | Masa Muscular | DeMusculos.com","og_description":"Pulver Pack es un producto ideal para maximizar la recuperaci\u00f3n muscular, esto nos permite m\u00e1s energ\u00eda con el correr del tiempo y mas masa muscular.","og_url":"https:\/\/www.demusculos.com\/web\/producto\/pulver-pack-x44-sobres\/","og_site_name":"DeMusculos","article_publisher":"https:\/\/www.facebook.com\/demusculos","article_modified_time":"2026-03-25T12:53:28+00:00","og_image":[{"width":1200,"height":1200,"url":"https:\/\/www.demusculos.com\/web\/wp-content\/uploads\/2024\/02\/pulverpack01.jpg","type":"image\/jpeg"}],"twitter_card":"summary_large_image","twitter_site":"@demusculos","twitter_misc":{"Tiempo de lectura":"4 minutos"},"schema":{"@context":"https:\/\/schema.org","@graph":[{"@type":"WebPage","@id":"https:\/\/www.demusculos.com\/web\/producto\/pulver-pack-x44-sobres\/","url":"https:\/\/www.demusculos.com\/web\/producto\/pulver-pack-x44-sobres\/","name":"Pulver Pack | Recuperaci\u00f3n | Masa Muscular | DeMusculos.com","isPartOf":{"@id":"https:\/\/www.demusculos.com\/web\/#website"},"primaryImageOfPage":{"@id":"https:\/\/www.demusculos.com\/web\/producto\/pulver-pack-x44-sobres\/#primaryimage"},"image":{"@id":"https:\/\/www.demusculos.com\/web\/producto\/pulver-pack-x44-sobres\/#primaryimage"},"thumbnailUrl":"https:\/\/www.demusculos.com\/web\/wp-content\/uploads\/2024\/02\/pulverpack01.jpg","datePublished":"2024-02-29T23:32:56+00:00","dateModified":"2026-03-25T12:53:28+00:00","description":"Pulver Pack es un producto ideal para maximizar la recuperaci\u00f3n muscular, esto nos permite m\u00e1s energ\u00eda con el correr del tiempo y mas masa muscular.","breadcrumb":{"@id":"https:\/\/www.demusculos.com\/web\/producto\/pulver-pack-x44-sobres\/#breadcrumb"},"inLanguage":"es","potentialAction":[{"@type":"ReadAction","target":["https:\/\/www.demusculos.com\/web\/producto\/pulver-pack-x44-sobres\/"]}]},{"@type":"ImageObject","inLanguage":"es","@id":"https:\/\/www.demusculos.com\/web\/producto\/pulver-pack-x44-sobres\/#primaryimage","url":"https:\/\/www.demusculos.com\/web\/wp-content\/uploads\/2024\/02\/pulverpack01.jpg","contentUrl":"https:\/\/www.demusculos.com\/web\/wp-content\/uploads\/2024\/02\/pulverpack01.jpg","width":1200,"height":1200,"caption":"Pulver Pack de Pulver x44"},{"@type":"BreadcrumbList","@id":"https:\/\/www.demusculos.com\/web\/producto\/pulver-pack-x44-sobres\/#breadcrumb","itemListElement":[{"@type":"ListItem","position":1,"name":"Inicio","item":"https:\/\/www.demusculos.com\/web\/"},{"@type":"ListItem","position":2,"name":"Suplementos","item":"https:\/\/www.demusculos.com\/web\/tienda\/"},{"@type":"ListItem","position":3,"name":"Pulver Pack x44 Sobres"}]},{"@type":"WebSite","@id":"https:\/\/www.demusculos.com\/web\/#website","url":"https:\/\/www.demusculos.com\/web\/","name":"DeMusculos.com","description":"Suplementos Naturales","publisher":{"@id":"https:\/\/www.demusculos.com\/web\/#organization"},"alternateName":"Suplementos Naturales","potentialAction":[{"@type":"SearchAction","target":{"@type":"EntryPoint","urlTemplate":"https:\/\/www.demusculos.com\/web\/?s={search_term_string}"},"query-input":{"@type":"PropertyValueSpecification","valueRequired":true,"valueName":"search_term_string"}}],"inLanguage":"es"},{"@type":"Organization","@id":"https:\/\/www.demusculos.com\/web\/#organization","name":"DeMusculos.com","alternateName":"DeMusculos","url":"https:\/\/www.demusculos.com\/web\/","logo":{"@type":"ImageObject","inLanguage":"es","@id":"https:\/\/www.demusculos.com\/web\/#\/schema\/logo\/image\/","url":"https:\/\/www.demusculos.com\/web\/wp-content\/uploads\/2024\/02\/logo-demusculos-prestashop-usuario.png","contentUrl":"https:\/\/www.demusculos.com\/web\/wp-content\/uploads\/2024\/02\/logo-demusculos-prestashop-usuario.png","width":150,"height":150,"caption":"DeMusculos.com"},"image":{"@id":"https:\/\/www.demusculos.com\/web\/#\/schema\/logo\/image\/"},"sameAs":["https:\/\/www.facebook.com\/demusculos","https:\/\/x.com\/demusculos","https:\/\/www.instagram.com\/demusculos","https:\/\/www.tiktok.com\/@demusculos.com"]}]}},"_links":{"self":[{"href":"https:\/\/www.demusculos.com\/web\/wp-json\/wp\/v2\/product\/1244","targetHints":{"allow":["GET"]}}],"collection":[{"href":"https:\/\/www.demusculos.com\/web\/wp-json\/wp\/v2\/product"}],"about":[{"href":"https:\/\/www.demusculos.com\/web\/wp-json\/wp\/v2\/types\/product"}],"replies":[{"embeddable":true,"href":"https:\/\/www.demusculos.com\/web\/wp-json\/wp\/v2\/comments?post=1244"}],"wp:featuredmedia":[{"embeddable":true,"href":"https:\/\/www.demusculos.com\/web\/wp-json\/wp\/v2\/media\/1245"}],"wp:attachment":[{"href":"https:\/\/www.demusculos.com\/web\/wp-json\/wp\/v2\/media?parent=1244"}],"wp:term":[{"taxonomy":"product_brand","embeddable":true,"href":"https:\/\/www.demusculos.com\/web\/wp-json\/wp\/v2\/product_brand?post=1244"},{"taxonomy":"product_cat","embeddable":true,"href":"https:\/\/www.demusculos.com\/web\/wp-json\/wp\/v2\/product_cat?post=1244"},{"taxonomy":"product_tag","embeddable":true,"href":"https:\/\/www.demusculos.com\/web\/wp-json\/wp\/v2\/product_tag?post=1244"}],"curies":[{"name":"wp","href":"https:\/\/api.w.org\/{rel}","templated":true}]}}