{"id":12631,"date":"2025-06-03T23:50:10","date_gmt":"2025-06-04T02:50:10","guid":{"rendered":"https:\/\/www.demusculos.com\/web\/?post_type=product&#038;p=12631"},"modified":"2026-03-04T13:16:57","modified_gmt":"2026-03-04T16:16:57","slug":"collagen-plus-360-grs-star-nutrition","status":"publish","type":"product","link":"https:\/\/www.demusculos.com\/web\/producto\/collagen-plus-360-grs-star-nutrition\/","title":{"rendered":"Collagen PLUS 360 grs Star Nutrition"},"content":{"rendered":"<h2>Collagen PLUS Limon 360 Gr en polvo<\/h2>\n<p>Collagen Plus: Col\u00e1geno hidrolizado, Fosfato de Calcio, Vitamina C (Acido Asc\u00f3rbico), citrato de magnesio, Gluconato de Zinc, Sabor Lim\u00f3n. Libre de Gluten. Sin TACC.<br \/>\n360 GRAMOS | 30 SERV.<\/p>\n<h3>Beneficios de Collagen Plus<\/h3>\n<p>Aumenta la salud de tus huesos y articulaciones.<\/p>\n<p>El col\u00e1geno hidrolizado mantiene la integridad de tus huesos y de las articulaciones.<\/p>\n<p>El zinc contribuye al crecimiento y al desarrollo, a mantener la vista sana, a proteger el sistema inmunitario y a ayudar al metabolismo a funcionar correctamente.<\/p>\n<p>El zinc es vital para la s\u00edntesis de prote\u00ednas y el crecimiento muscular, mientras que el magnesio ayuda a regular la funci\u00f3n muscular y nerviosa. Un beneficio potencial de ambos minerales es que pueden trabajar juntos para mejorar el rendimiento diario.<\/p>\n<p>La vitamina C\u00a0 es esencial para la s\u00edntesis del col\u00e1geno en el organismo.<\/p>\n<h3>Aclaraciones Importantes<\/h3>\n<p>&#8211; Consulta con un M\u00c9DICO o NUTRICIONISTA antes de incorporar este producto a tu dieta.<br \/>\n&#8211; Este producto NO es de tipo medicinal, es un suplemento nutricional.<br \/>\n&#8211; Se debe utilizar de forma adecuada y se deben respetar las instrucciones de toma que se describen en la etiqueta del producto.<br \/>\n&#8211; Las advertencias y forma de consumo del producto est\u00e1n en espa\u00f1ol en el r\u00f3tulo del envase.<br \/>\n&#8211; No es un reemplazo de la comida.<br \/>\n&#8211; Embarazadas y mujeres en periodo de lactancia deben consultar con un m\u00e9dico o nutricionista si pueden consumir el producto.<br \/>\n&#8211; Menores de 18 a\u00f1os deben consultar con un m\u00e9dico o nutricionista si pueden consumir el producto.<\/p>\n<p>Certificaci\u00f3n GMP-BPM &#8211; RES 80\/96 &#8211; SENASA 233\/98<br \/>\nDesarrollada en Estados Unidos. Producido en Argentina.<\/p>\n<h3>Aviso legal<\/h3>\n<p>\u2022 Edad m\u00ednima recomendada: 18 a\u00f1os.<br \/>\n\u2022 Este producto es un suplemento dietario, no es un medicamento. Suplementa dietas insuficientes. Consulte a su m\u00e9dico y\/o farmac\u00e9utico.<\/p>\n<h3>\u00bfCon qu\u00e9 preparo Collagen Plus?<\/h3>\n<p>Se prepara con agua. Tambi\u00e9n se puede tomar con leche de tipo descremada. Es a gusto.<br \/>\nDiluir 2 medidas (12g) en 300ml de agua, con el est\u00f3mago vac\u00edo.<\/p>\n<p>&nbsp;<\/p>\n","protected":false},"excerpt":{"rendered":"<p>Nuevo col\u00e1geno hidrolizado de Star Nutrition x 360 grs.<\/p>\n","protected":false},"featured_media":12632,"comment_status":"open","ping_status":"closed","template":"","meta":[],"product_brand":[220],"product_cat":[41],"product_tag":[26],"class_list":{"0":"post-12631","1":"product","2":"type-product","3":"status-publish","4":"has-post-thumbnail","6":"product_brand-star-nutrition","7":"product_cat-colageno","8":"product_tag-star-nutrition","10":"first","11":"instock","12":"sale","13":"shipping-taxable","14":"purchasable","15":"product-type-simple"},"yoast_head":"<!-- This site is optimized with the Yoast SEO plugin v27.4 - https:\/\/yoast.com\/product\/yoast-seo-wordpress\/ -->\n<title>Collagen Plus | 360 grs | Star Nutrition | DeMusculos.com<\/title>\n<meta name=\"description\" content=\"Collagen Plus 360 grs de Star Nutrition, el nuevo col\u00e1geno. Ideal para crecimiento, desarrollo, huesos, u\u00f1as, pelo, piel. Env\u00edo a toda la Argentina.\" \/>\n<meta name=\"robots\" content=\"index, follow, max-snippet:-1, max-image-preview:large, max-video-preview:-1\" \/>\n<link rel=\"canonical\" href=\"https:\/\/www.demusculos.com\/web\/producto\/collagen-plus-360-grs-star-nutrition\/\" \/>\n<meta property=\"og:locale\" content=\"es_ES\" \/>\n<meta property=\"og:type\" content=\"article\" \/>\n<meta property=\"og:title\" content=\"Collagen Plus | 360 grs | Star Nutrition | DeMusculos.com\" \/>\n<meta property=\"og:description\" content=\"Collagen Plus 360 grs de Star Nutrition, el nuevo col\u00e1geno. Ideal para crecimiento, desarrollo, huesos, u\u00f1as, pelo, piel. Env\u00edo a toda la Argentina.\" \/>\n<meta property=\"og:url\" content=\"https:\/\/www.demusculos.com\/web\/producto\/collagen-plus-360-grs-star-nutrition\/\" \/>\n<meta property=\"og:site_name\" content=\"DeMusculos\" \/>\n<meta property=\"article:publisher\" content=\"https:\/\/www.facebook.com\/demusculos\" \/>\n<meta property=\"article:modified_time\" content=\"2026-03-04T16:16:57+00:00\" \/>\n<meta property=\"og:image\" content=\"https:\/\/www.demusculos.com\/web\/wp-content\/uploads\/2025\/06\/collagen-plus-star-360-grs-01.jpg\" \/>\n\t<meta property=\"og:image:width\" content=\"1200\" \/>\n\t<meta property=\"og:image:height\" content=\"1200\" \/>\n\t<meta property=\"og:image:type\" content=\"image\/jpeg\" \/>\n<meta name=\"twitter:card\" content=\"summary_large_image\" \/>\n<meta name=\"twitter:site\" content=\"@demusculos\" \/>\n<meta name=\"twitter:label1\" content=\"Tiempo de lectura\" \/>\n\t<meta name=\"twitter:data1\" content=\"2 minutos\" \/>\n<script type=\"application\/ld+json\" class=\"yoast-schema-graph\">{\"@context\":\"https:\\\/\\\/schema.org\",\"@graph\":[{\"@type\":\"WebPage\",\"@id\":\"https:\\\/\\\/www.demusculos.com\\\/web\\\/producto\\\/collagen-plus-360-grs-star-nutrition\\\/\",\"url\":\"https:\\\/\\\/www.demusculos.com\\\/web\\\/producto\\\/collagen-plus-360-grs-star-nutrition\\\/\",\"name\":\"Collagen Plus | 360 grs | Star Nutrition | DeMusculos.com\",\"isPartOf\":{\"@id\":\"https:\\\/\\\/www.demusculos.com\\\/web\\\/#website\"},\"primaryImageOfPage\":{\"@id\":\"https:\\\/\\\/www.demusculos.com\\\/web\\\/producto\\\/collagen-plus-360-grs-star-nutrition\\\/#primaryimage\"},\"image\":{\"@id\":\"https:\\\/\\\/www.demusculos.com\\\/web\\\/producto\\\/collagen-plus-360-grs-star-nutrition\\\/#primaryimage\"},\"thumbnailUrl\":\"https:\\\/\\\/www.demusculos.com\\\/web\\\/wp-content\\\/uploads\\\/2025\\\/06\\\/collagen-plus-star-360-grs-01.jpg\",\"datePublished\":\"2025-06-04T02:50:10+00:00\",\"dateModified\":\"2026-03-04T16:16:57+00:00\",\"description\":\"Collagen Plus 360 grs de Star Nutrition, el nuevo col\u00e1geno. Ideal para crecimiento, desarrollo, huesos, u\u00f1as, pelo, piel. Env\u00edo a toda la Argentina.\",\"breadcrumb\":{\"@id\":\"https:\\\/\\\/www.demusculos.com\\\/web\\\/producto\\\/collagen-plus-360-grs-star-nutrition\\\/#breadcrumb\"},\"inLanguage\":\"es\",\"potentialAction\":[{\"@type\":\"ReadAction\",\"target\":[\"https:\\\/\\\/www.demusculos.com\\\/web\\\/producto\\\/collagen-plus-360-grs-star-nutrition\\\/\"]}]},{\"@type\":\"ImageObject\",\"inLanguage\":\"es\",\"@id\":\"https:\\\/\\\/www.demusculos.com\\\/web\\\/producto\\\/collagen-plus-360-grs-star-nutrition\\\/#primaryimage\",\"url\":\"https:\\\/\\\/www.demusculos.com\\\/web\\\/wp-content\\\/uploads\\\/2025\\\/06\\\/collagen-plus-star-360-grs-01.jpg\",\"contentUrl\":\"https:\\\/\\\/www.demusculos.com\\\/web\\\/wp-content\\\/uploads\\\/2025\\\/06\\\/collagen-plus-star-360-grs-01.jpg\",\"width\":1200,\"height\":1200,\"caption\":\"Collagen Plus 360 grs de Star Nutrition\"},{\"@type\":\"BreadcrumbList\",\"@id\":\"https:\\\/\\\/www.demusculos.com\\\/web\\\/producto\\\/collagen-plus-360-grs-star-nutrition\\\/#breadcrumb\",\"itemListElement\":[{\"@type\":\"ListItem\",\"position\":1,\"name\":\"Inicio\",\"item\":\"https:\\\/\\\/www.demusculos.com\\\/web\\\/\"},{\"@type\":\"ListItem\",\"position\":2,\"name\":\"Suplementos\",\"item\":\"https:\\\/\\\/www.demusculos.com\\\/web\\\/tienda\\\/\"},{\"@type\":\"ListItem\",\"position\":3,\"name\":\"Collagen PLUS 360 grs Star Nutrition\"}]},{\"@type\":\"WebSite\",\"@id\":\"https:\\\/\\\/www.demusculos.com\\\/web\\\/#website\",\"url\":\"https:\\\/\\\/www.demusculos.com\\\/web\\\/\",\"name\":\"DeMusculos.com\",\"description\":\"Suplementos Naturales\",\"publisher\":{\"@id\":\"https:\\\/\\\/www.demusculos.com\\\/web\\\/#organization\"},\"alternateName\":\"Suplementos Naturales\",\"potentialAction\":[{\"@type\":\"SearchAction\",\"target\":{\"@type\":\"EntryPoint\",\"urlTemplate\":\"https:\\\/\\\/www.demusculos.com\\\/web\\\/?s={search_term_string}\"},\"query-input\":{\"@type\":\"PropertyValueSpecification\",\"valueRequired\":true,\"valueName\":\"search_term_string\"}}],\"inLanguage\":\"es\"},{\"@type\":\"Organization\",\"@id\":\"https:\\\/\\\/www.demusculos.com\\\/web\\\/#organization\",\"name\":\"DeMusculos.com\",\"alternateName\":\"DeMusculos\",\"url\":\"https:\\\/\\\/www.demusculos.com\\\/web\\\/\",\"logo\":{\"@type\":\"ImageObject\",\"inLanguage\":\"es\",\"@id\":\"https:\\\/\\\/www.demusculos.com\\\/web\\\/#\\\/schema\\\/logo\\\/image\\\/\",\"url\":\"https:\\\/\\\/www.demusculos.com\\\/web\\\/wp-content\\\/uploads\\\/2024\\\/02\\\/logo-demusculos-prestashop-usuario.png\",\"contentUrl\":\"https:\\\/\\\/www.demusculos.com\\\/web\\\/wp-content\\\/uploads\\\/2024\\\/02\\\/logo-demusculos-prestashop-usuario.png\",\"width\":150,\"height\":150,\"caption\":\"DeMusculos.com\"},\"image\":{\"@id\":\"https:\\\/\\\/www.demusculos.com\\\/web\\\/#\\\/schema\\\/logo\\\/image\\\/\"},\"sameAs\":[\"https:\\\/\\\/www.facebook.com\\\/demusculos\",\"https:\\\/\\\/x.com\\\/demusculos\",\"https:\\\/\\\/www.instagram.com\\\/demusculos\",\"https:\\\/\\\/www.tiktok.com\\\/@demusculos.com\"]}]}<\/script>\n<!-- \/ Yoast SEO plugin. -->","yoast_head_json":{"title":"Collagen Plus | 360 grs | Star Nutrition | DeMusculos.com","description":"Collagen Plus 360 grs de Star Nutrition, el nuevo col\u00e1geno. Ideal para crecimiento, desarrollo, huesos, u\u00f1as, pelo, piel. Env\u00edo a toda la Argentina.","robots":{"index":"index","follow":"follow","max-snippet":"max-snippet:-1","max-image-preview":"max-image-preview:large","max-video-preview":"max-video-preview:-1"},"canonical":"https:\/\/www.demusculos.com\/web\/producto\/collagen-plus-360-grs-star-nutrition\/","og_locale":"es_ES","og_type":"article","og_title":"Collagen Plus | 360 grs | Star Nutrition | DeMusculos.com","og_description":"Collagen Plus 360 grs de Star Nutrition, el nuevo col\u00e1geno. Ideal para crecimiento, desarrollo, huesos, u\u00f1as, pelo, piel. Env\u00edo a toda la Argentina.","og_url":"https:\/\/www.demusculos.com\/web\/producto\/collagen-plus-360-grs-star-nutrition\/","og_site_name":"DeMusculos","article_publisher":"https:\/\/www.facebook.com\/demusculos","article_modified_time":"2026-03-04T16:16:57+00:00","og_image":[{"width":1200,"height":1200,"url":"https:\/\/www.demusculos.com\/web\/wp-content\/uploads\/2025\/06\/collagen-plus-star-360-grs-01.jpg","type":"image\/jpeg"}],"twitter_card":"summary_large_image","twitter_site":"@demusculos","twitter_misc":{"Tiempo de lectura":"2 minutos"},"schema":{"@context":"https:\/\/schema.org","@graph":[{"@type":"WebPage","@id":"https:\/\/www.demusculos.com\/web\/producto\/collagen-plus-360-grs-star-nutrition\/","url":"https:\/\/www.demusculos.com\/web\/producto\/collagen-plus-360-grs-star-nutrition\/","name":"Collagen Plus | 360 grs | Star Nutrition | DeMusculos.com","isPartOf":{"@id":"https:\/\/www.demusculos.com\/web\/#website"},"primaryImageOfPage":{"@id":"https:\/\/www.demusculos.com\/web\/producto\/collagen-plus-360-grs-star-nutrition\/#primaryimage"},"image":{"@id":"https:\/\/www.demusculos.com\/web\/producto\/collagen-plus-360-grs-star-nutrition\/#primaryimage"},"thumbnailUrl":"https:\/\/www.demusculos.com\/web\/wp-content\/uploads\/2025\/06\/collagen-plus-star-360-grs-01.jpg","datePublished":"2025-06-04T02:50:10+00:00","dateModified":"2026-03-04T16:16:57+00:00","description":"Collagen Plus 360 grs de Star Nutrition, el nuevo col\u00e1geno. Ideal para crecimiento, desarrollo, huesos, u\u00f1as, pelo, piel. Env\u00edo a toda la Argentina.","breadcrumb":{"@id":"https:\/\/www.demusculos.com\/web\/producto\/collagen-plus-360-grs-star-nutrition\/#breadcrumb"},"inLanguage":"es","potentialAction":[{"@type":"ReadAction","target":["https:\/\/www.demusculos.com\/web\/producto\/collagen-plus-360-grs-star-nutrition\/"]}]},{"@type":"ImageObject","inLanguage":"es","@id":"https:\/\/www.demusculos.com\/web\/producto\/collagen-plus-360-grs-star-nutrition\/#primaryimage","url":"https:\/\/www.demusculos.com\/web\/wp-content\/uploads\/2025\/06\/collagen-plus-star-360-grs-01.jpg","contentUrl":"https:\/\/www.demusculos.com\/web\/wp-content\/uploads\/2025\/06\/collagen-plus-star-360-grs-01.jpg","width":1200,"height":1200,"caption":"Collagen Plus 360 grs de Star Nutrition"},{"@type":"BreadcrumbList","@id":"https:\/\/www.demusculos.com\/web\/producto\/collagen-plus-360-grs-star-nutrition\/#breadcrumb","itemListElement":[{"@type":"ListItem","position":1,"name":"Inicio","item":"https:\/\/www.demusculos.com\/web\/"},{"@type":"ListItem","position":2,"name":"Suplementos","item":"https:\/\/www.demusculos.com\/web\/tienda\/"},{"@type":"ListItem","position":3,"name":"Collagen PLUS 360 grs Star Nutrition"}]},{"@type":"WebSite","@id":"https:\/\/www.demusculos.com\/web\/#website","url":"https:\/\/www.demusculos.com\/web\/","name":"DeMusculos.com","description":"Suplementos Naturales","publisher":{"@id":"https:\/\/www.demusculos.com\/web\/#organization"},"alternateName":"Suplementos Naturales","potentialAction":[{"@type":"SearchAction","target":{"@type":"EntryPoint","urlTemplate":"https:\/\/www.demusculos.com\/web\/?s={search_term_string}"},"query-input":{"@type":"PropertyValueSpecification","valueRequired":true,"valueName":"search_term_string"}}],"inLanguage":"es"},{"@type":"Organization","@id":"https:\/\/www.demusculos.com\/web\/#organization","name":"DeMusculos.com","alternateName":"DeMusculos","url":"https:\/\/www.demusculos.com\/web\/","logo":{"@type":"ImageObject","inLanguage":"es","@id":"https:\/\/www.demusculos.com\/web\/#\/schema\/logo\/image\/","url":"https:\/\/www.demusculos.com\/web\/wp-content\/uploads\/2024\/02\/logo-demusculos-prestashop-usuario.png","contentUrl":"https:\/\/www.demusculos.com\/web\/wp-content\/uploads\/2024\/02\/logo-demusculos-prestashop-usuario.png","width":150,"height":150,"caption":"DeMusculos.com"},"image":{"@id":"https:\/\/www.demusculos.com\/web\/#\/schema\/logo\/image\/"},"sameAs":["https:\/\/www.facebook.com\/demusculos","https:\/\/x.com\/demusculos","https:\/\/www.instagram.com\/demusculos","https:\/\/www.tiktok.com\/@demusculos.com"]}]}},"_links":{"self":[{"href":"https:\/\/www.demusculos.com\/web\/wp-json\/wp\/v2\/product\/12631","targetHints":{"allow":["GET"]}}],"collection":[{"href":"https:\/\/www.demusculos.com\/web\/wp-json\/wp\/v2\/product"}],"about":[{"href":"https:\/\/www.demusculos.com\/web\/wp-json\/wp\/v2\/types\/product"}],"replies":[{"embeddable":true,"href":"https:\/\/www.demusculos.com\/web\/wp-json\/wp\/v2\/comments?post=12631"}],"wp:featuredmedia":[{"embeddable":true,"href":"https:\/\/www.demusculos.com\/web\/wp-json\/wp\/v2\/media\/12632"}],"wp:attachment":[{"href":"https:\/\/www.demusculos.com\/web\/wp-json\/wp\/v2\/media?parent=12631"}],"wp:term":[{"taxonomy":"product_brand","embeddable":true,"href":"https:\/\/www.demusculos.com\/web\/wp-json\/wp\/v2\/product_brand?post=12631"},{"taxonomy":"product_cat","embeddable":true,"href":"https:\/\/www.demusculos.com\/web\/wp-json\/wp\/v2\/product_cat?post=12631"},{"taxonomy":"product_tag","embeddable":true,"href":"https:\/\/www.demusculos.com\/web\/wp-json\/wp\/v2\/product_tag?post=12631"}],"curies":[{"name":"wp","href":"https:\/\/api.w.org\/{rel}","templated":true}]}}