{"id":12635,"date":"2025-06-04T10:20:44","date_gmt":"2025-06-04T13:20:44","guid":{"rendered":"https:\/\/www.demusculos.com\/web\/?post_type=product&#038;p=12635"},"modified":"2026-04-07T22:56:52","modified_gmt":"2026-04-08T01:56:52","slug":"amino-6000-de-pulver-de-200-comprimidos","status":"publish","type":"product","link":"https:\/\/www.demusculos.com\/web\/producto\/amino-6000-de-pulver-de-200-comprimidos\/","title":{"rendered":"Amino 6000 de Pulver de 200 comprimidos"},"content":{"rendered":"<h2>Descripci\u00f3n general<\/h2>\n<p>El Amino 6000 es un suplemento dietario a base de prote\u00edna de suero l\u00e1cteo, con taurina y glutamina. Libre de gluten (sin tacc). Pote de 300 gr. (200 comprimidos de 1,5 gramos. c\/u). Los amino\u00e1cidos contribuyen al desarrollo de la masa muscular, generan fuerza y energ\u00eda, ideal para suplementar entrenamientos intensos. Con plus de Taurina y Glutamina.<\/p>\n<p><img decoding=\"async\" class=\"alignnone size-full wp-image-12554\" src=\"https:\/\/www.demusculos.com\/web\/wp-content\/uploads\/2025\/06\/logo-pulver.webp\" alt=\"Suplementos Naturales Pulver\" width=\"446\" height=\"103\" srcset=\"https:\/\/www.demusculos.com\/web\/wp-content\/uploads\/2025\/06\/logo-pulver.webp 446w, https:\/\/www.demusculos.com\/web\/wp-content\/uploads\/2025\/06\/logo-pulver-300x69.webp 300w, https:\/\/www.demusculos.com\/web\/wp-content\/uploads\/2025\/06\/logo-pulver-441x102.webp 441w, https:\/\/www.demusculos.com\/web\/wp-content\/uploads\/2025\/06\/logo-pulver-150x35.webp 150w\" sizes=\"(max-width: 446px) 100vw, 446px\" \/><\/p>\n<h2>Beneficios de Amino 6000<\/h2>\n<p>Los amino\u00e1cidos permiten una r\u00e1pida recuperaci\u00f3n muscular durante el ejercicio intenso y prolongado, aumentando los niveles de energ\u00eda y la p\u00e9rdida de grasa del organismo.<br \/>\nLos mejores amino\u00e1cidos de la prote\u00edna de suero l\u00e1cteo con el agregado de Taurina y Glutamina que se tornan indispensables para una buena funci\u00f3n de las fibras musculares (contracci\u00f3n-relajaci\u00f3n) que constituyen la base del \u00e9xito del entrenamiento. El ejercicio regular y prolongado produce mayor s\u00edntesis proteica, lo que lleva a un mayor crecimiento muscular, siempre y cuando se ingieran los amino\u00e1cidos necesarios.<\/p>\n<figure id=\"attachment_12404\" aria-describedby=\"caption-attachment-12404\" style=\"width: 300px\" class=\"wp-caption alignnone\"><img fetchpriority=\"high\" decoding=\"async\" class=\"size-full wp-image-12404\" src=\"https:\/\/www.demusculos.com\/web\/wp-content\/uploads\/2025\/05\/icono-masa-muscular.webp\" alt=\"Masa Muscular\" width=\"300\" height=\"300\" srcset=\"https:\/\/www.demusculos.com\/web\/wp-content\/uploads\/2025\/05\/icono-masa-muscular.webp 300w, https:\/\/www.demusculos.com\/web\/wp-content\/uploads\/2025\/05\/icono-masa-muscular-150x150.webp 150w, https:\/\/www.demusculos.com\/web\/wp-content\/uploads\/2025\/05\/icono-masa-muscular-100x100.webp 100w\" sizes=\"(max-width: 300px) 100vw, 300px\" \/><figcaption id=\"caption-attachment-12404\" class=\"wp-caption-text\">Beneficio: Aumento de masa muscular y recuperaci\u00f3n<\/figcaption><\/figure>\n<h3 data-start=\"117\" data-end=\"161\">1. Amino 6000 de Pulver acelera la recuperaci\u00f3n muscular<\/h3>\n<p data-start=\"162\" data-end=\"260\">Reducen el da\u00f1o muscular post entrenamiento y ayudan a que te recuperes m\u00e1s r\u00e1pido entre sesiones.<\/p>\n<h3 data-start=\"262\" data-end=\"313\">2. Favorecen el desarrollo de masa muscular<\/h3>\n<p data-start=\"314\" data-end=\"410\">Estimulan la s\u00edntesis de prote\u00ednas, especialmente los BCAA, esenciales para ganar m\u00fasculo magro.<\/p>\n<h3 data-start=\"412\" data-end=\"452\">3. Mejoran el rendimiento f\u00edsico<\/h3>\n<p data-start=\"453\" data-end=\"547\">Aumentan la resistencia, retrasan la fatiga y permiten entrenar con m\u00e1s intensidad y duraci\u00f3n.<\/p>\n<h3 data-start=\"549\" data-end=\"603\">4. Protegen el m\u00fasculo en dietas de definici\u00f3n<\/h3>\n<p data-start=\"604\" data-end=\"689\">Ayudan a conservar la masa muscular cuando est\u00e1s en d\u00e9ficit cal\u00f3rico o fase de corte.<\/p>\n<h3 data-start=\"691\" data-end=\"746\">5. Se combinan f\u00e1cilmente con otros suplementos<\/h3>\n<p data-start=\"747\" data-end=\"837\">Pod\u00e9s usarlos con prote\u00ednas, creatinas o pre entrenos para potenciar todos tus resultados.<\/p>\n<p data-start=\"747\" data-end=\"837\"><img decoding=\"async\" class=\"alignnone size-full wp-image-12407\" src=\"https:\/\/www.demusculos.com\/web\/wp-content\/uploads\/2025\/05\/icono-sin-tacc-celiaco.webp\" alt=\"Apto para celiacos, producto sin Tacc\" width=\"300\" height=\"300\" srcset=\"https:\/\/www.demusculos.com\/web\/wp-content\/uploads\/2025\/05\/icono-sin-tacc-celiaco.webp 300w, https:\/\/www.demusculos.com\/web\/wp-content\/uploads\/2025\/05\/icono-sin-tacc-celiaco-150x150.webp 150w, https:\/\/www.demusculos.com\/web\/wp-content\/uploads\/2025\/05\/icono-sin-tacc-celiaco-100x100.webp 100w\" sizes=\"(max-width: 300px) 100vw, 300px\" \/><\/p>\n<h2>Modo de uso de Amino 6000<\/h2>\n<p>16 comprimidos diarios (4 comprimidos cuatro veces por d\u00eda).<\/p>\n<h3><strong>\u00bfQuienes lo pueden tomar?<\/strong><\/h3>\n<p>Todas las personas, mayores de 18 a\u00f1os, que quieran m\u00e1s recuperaci\u00f3n, rendimiento y aumento de masa muscular<\/p>\n<h3>\u00bfSe puede combinar?<\/h3>\n<p>Se puede combinar con otros suplementos.<br \/>\nPor ejemplo: Amino 6000 + prote\u00ednas. Tambi\u00e9n se lo puede combinar con creatinas o pre entrenamientos.<\/p>\n<figure id=\"attachment_140\" aria-describedby=\"caption-attachment-140\" style=\"width: 300px\" class=\"wp-caption alignnone\"><img loading=\"lazy\" decoding=\"async\" class=\"size-full wp-image-140\" src=\"https:\/\/www.demusculos.com\/web\/wp-content\/uploads\/2024\/02\/puntos-estrellas-08.png\" alt=\"\" width=\"300\" height=\"30\" srcset=\"https:\/\/www.demusculos.com\/web\/wp-content\/uploads\/2024\/02\/puntos-estrellas-08.png 300w, https:\/\/www.demusculos.com\/web\/wp-content\/uploads\/2024\/02\/puntos-estrellas-08-150x15.png 150w\" sizes=\"(max-width: 300px) 100vw, 300px\" \/><figcaption id=\"caption-attachment-140\" class=\"wp-caption-text\">8 puntos: Valor del produtco<\/figcaption><\/figure>\n<figure id=\"attachment_142\" aria-describedby=\"caption-attachment-142\" style=\"width: 300px\" class=\"wp-caption alignnone\"><img loading=\"lazy\" decoding=\"async\" class=\"size-full wp-image-142\" src=\"https:\/\/www.demusculos.com\/web\/wp-content\/uploads\/2024\/02\/puntos-estrellas-10.png\" alt=\"Calificaci\u00f3n: 10 puntos\" width=\"300\" height=\"30\" srcset=\"https:\/\/www.demusculos.com\/web\/wp-content\/uploads\/2024\/02\/puntos-estrellas-10.png 300w, https:\/\/www.demusculos.com\/web\/wp-content\/uploads\/2024\/02\/puntos-estrellas-10-150x15.png 150w\" sizes=\"(max-width: 300px) 100vw, 300px\" \/><figcaption id=\"caption-attachment-142\" class=\"wp-caption-text\">10 puntos: Cantidad de tabletas y rendimiento<\/figcaption><\/figure>\n<figure id=\"attachment_142\" aria-describedby=\"caption-attachment-142\" style=\"width: 300px\" class=\"wp-caption alignnone\"><img loading=\"lazy\" decoding=\"async\" class=\"size-full wp-image-142\" src=\"https:\/\/www.demusculos.com\/web\/wp-content\/uploads\/2024\/02\/puntos-estrellas-10.png\" alt=\"Calificaci\u00f3n: 10 puntos\" width=\"300\" height=\"30\" srcset=\"https:\/\/www.demusculos.com\/web\/wp-content\/uploads\/2024\/02\/puntos-estrellas-10.png 300w, https:\/\/www.demusculos.com\/web\/wp-content\/uploads\/2024\/02\/puntos-estrellas-10-150x15.png 150w\" sizes=\"(max-width: 300px) 100vw, 300px\" \/><figcaption id=\"caption-attachment-142\" class=\"wp-caption-text\">10 puntos: Trayector\u00eda de la marca en el mercado: M\u00e1s de 15 a\u00f1os<\/figcaption><\/figure>\n","protected":false},"excerpt":{"rendered":"<p>Amino 6000 de Pulver es un amino\u00e1cido completo, ideal para recuperaci\u00f3n, rendimiento y aumento de masa muscular.<\/p>\n","protected":false},"featured_media":12636,"comment_status":"open","ping_status":"closed","template":"","meta":[],"product_brand":[221],"product_cat":[44],"product_tag":[28],"class_list":{"0":"post-12635","1":"product","2":"type-product","3":"status-publish","4":"has-post-thumbnail","6":"product_brand-pulver","7":"product_cat-aminoacidos","8":"product_tag-pulver","10":"first","11":"instock","12":"sale","13":"shipping-taxable","14":"purchasable","15":"product-type-simple"},"yoast_head":"<!-- This site is optimized with the Yoast SEO plugin v27.4 - https:\/\/yoast.com\/product\/yoast-seo-wordpress\/ -->\n<title>Amino 6000 | Amino\u00e1cidos completos x200 comprimidos | Pulver<\/title>\n<meta name=\"description\" content=\"Amino 6000 es un amino\u00e1cido que ayuda a maximizar la recuperaci\u00f3n, rendimiento, aumento de masa muscular. Se lo puede combinar con creatinas y otros.\" \/>\n<meta name=\"robots\" content=\"index, follow, max-snippet:-1, max-image-preview:large, max-video-preview:-1\" \/>\n<link rel=\"canonical\" href=\"https:\/\/www.demusculos.com\/web\/producto\/amino-6000-de-pulver-de-200-comprimidos\/\" \/>\n<meta property=\"og:locale\" content=\"es_ES\" \/>\n<meta property=\"og:type\" content=\"article\" \/>\n<meta property=\"og:title\" content=\"Amino 6000 | Amino\u00e1cidos completos x200 comprimidos | Pulver\" \/>\n<meta property=\"og:description\" content=\"Amino 6000 es un amino\u00e1cido que ayuda a maximizar la recuperaci\u00f3n, rendimiento, aumento de masa muscular. Se lo puede combinar con creatinas y otros.\" \/>\n<meta property=\"og:url\" content=\"https:\/\/www.demusculos.com\/web\/producto\/amino-6000-de-pulver-de-200-comprimidos\/\" \/>\n<meta property=\"og:site_name\" content=\"DeMusculos\" \/>\n<meta property=\"article:publisher\" content=\"https:\/\/www.facebook.com\/demusculos\" \/>\n<meta property=\"article:modified_time\" content=\"2026-04-08T01:56:52+00:00\" \/>\n<meta property=\"og:image\" content=\"https:\/\/www.demusculos.com\/web\/wp-content\/uploads\/2025\/06\/amino-6000-pulver-01.webp\" \/>\n\t<meta property=\"og:image:width\" content=\"1080\" \/>\n\t<meta property=\"og:image:height\" content=\"1080\" \/>\n\t<meta property=\"og:image:type\" content=\"image\/webp\" \/>\n<meta name=\"twitter:card\" content=\"summary_large_image\" \/>\n<meta name=\"twitter:site\" content=\"@demusculos\" \/>\n<meta name=\"twitter:label1\" content=\"Tiempo de lectura\" \/>\n\t<meta name=\"twitter:data1\" content=\"4 minutos\" \/>\n<script type=\"application\/ld+json\" class=\"yoast-schema-graph\">{\"@context\":\"https:\\\/\\\/schema.org\",\"@graph\":[{\"@type\":\"WebPage\",\"@id\":\"https:\\\/\\\/www.demusculos.com\\\/web\\\/producto\\\/amino-6000-de-pulver-de-200-comprimidos\\\/\",\"url\":\"https:\\\/\\\/www.demusculos.com\\\/web\\\/producto\\\/amino-6000-de-pulver-de-200-comprimidos\\\/\",\"name\":\"Amino 6000 | Amino\u00e1cidos completos x200 comprimidos | Pulver\",\"isPartOf\":{\"@id\":\"https:\\\/\\\/www.demusculos.com\\\/web\\\/#website\"},\"primaryImageOfPage\":{\"@id\":\"https:\\\/\\\/www.demusculos.com\\\/web\\\/producto\\\/amino-6000-de-pulver-de-200-comprimidos\\\/#primaryimage\"},\"image\":{\"@id\":\"https:\\\/\\\/www.demusculos.com\\\/web\\\/producto\\\/amino-6000-de-pulver-de-200-comprimidos\\\/#primaryimage\"},\"thumbnailUrl\":\"https:\\\/\\\/www.demusculos.com\\\/web\\\/wp-content\\\/uploads\\\/2025\\\/06\\\/amino-6000-pulver-01.webp\",\"datePublished\":\"2025-06-04T13:20:44+00:00\",\"dateModified\":\"2026-04-08T01:56:52+00:00\",\"description\":\"Amino 6000 es un amino\u00e1cido que ayuda a maximizar la recuperaci\u00f3n, rendimiento, aumento de masa muscular. Se lo puede combinar con creatinas y otros.\",\"breadcrumb\":{\"@id\":\"https:\\\/\\\/www.demusculos.com\\\/web\\\/producto\\\/amino-6000-de-pulver-de-200-comprimidos\\\/#breadcrumb\"},\"inLanguage\":\"es\",\"potentialAction\":[{\"@type\":\"ReadAction\",\"target\":[\"https:\\\/\\\/www.demusculos.com\\\/web\\\/producto\\\/amino-6000-de-pulver-de-200-comprimidos\\\/\"]}]},{\"@type\":\"ImageObject\",\"inLanguage\":\"es\",\"@id\":\"https:\\\/\\\/www.demusculos.com\\\/web\\\/producto\\\/amino-6000-de-pulver-de-200-comprimidos\\\/#primaryimage\",\"url\":\"https:\\\/\\\/www.demusculos.com\\\/web\\\/wp-content\\\/uploads\\\/2025\\\/06\\\/amino-6000-pulver-01.webp\",\"contentUrl\":\"https:\\\/\\\/www.demusculos.com\\\/web\\\/wp-content\\\/uploads\\\/2025\\\/06\\\/amino-6000-pulver-01.webp\",\"width\":1080,\"height\":1080,\"caption\":\"Amino 6000 de Pulver\"},{\"@type\":\"BreadcrumbList\",\"@id\":\"https:\\\/\\\/www.demusculos.com\\\/web\\\/producto\\\/amino-6000-de-pulver-de-200-comprimidos\\\/#breadcrumb\",\"itemListElement\":[{\"@type\":\"ListItem\",\"position\":1,\"name\":\"Inicio\",\"item\":\"https:\\\/\\\/www.demusculos.com\\\/web\\\/\"},{\"@type\":\"ListItem\",\"position\":2,\"name\":\"Suplementos\",\"item\":\"https:\\\/\\\/www.demusculos.com\\\/web\\\/tienda\\\/\"},{\"@type\":\"ListItem\",\"position\":3,\"name\":\"Amino 6000 de Pulver de 200 comprimidos\"}]},{\"@type\":\"WebSite\",\"@id\":\"https:\\\/\\\/www.demusculos.com\\\/web\\\/#website\",\"url\":\"https:\\\/\\\/www.demusculos.com\\\/web\\\/\",\"name\":\"DeMusculos.com\",\"description\":\"Suplementos Naturales\",\"publisher\":{\"@id\":\"https:\\\/\\\/www.demusculos.com\\\/web\\\/#organization\"},\"alternateName\":\"Suplementos Naturales\",\"potentialAction\":[{\"@type\":\"SearchAction\",\"target\":{\"@type\":\"EntryPoint\",\"urlTemplate\":\"https:\\\/\\\/www.demusculos.com\\\/web\\\/?s={search_term_string}\"},\"query-input\":{\"@type\":\"PropertyValueSpecification\",\"valueRequired\":true,\"valueName\":\"search_term_string\"}}],\"inLanguage\":\"es\"},{\"@type\":\"Organization\",\"@id\":\"https:\\\/\\\/www.demusculos.com\\\/web\\\/#organization\",\"name\":\"DeMusculos.com\",\"alternateName\":\"DeMusculos\",\"url\":\"https:\\\/\\\/www.demusculos.com\\\/web\\\/\",\"logo\":{\"@type\":\"ImageObject\",\"inLanguage\":\"es\",\"@id\":\"https:\\\/\\\/www.demusculos.com\\\/web\\\/#\\\/schema\\\/logo\\\/image\\\/\",\"url\":\"https:\\\/\\\/www.demusculos.com\\\/web\\\/wp-content\\\/uploads\\\/2024\\\/02\\\/logo-demusculos-prestashop-usuario.png\",\"contentUrl\":\"https:\\\/\\\/www.demusculos.com\\\/web\\\/wp-content\\\/uploads\\\/2024\\\/02\\\/logo-demusculos-prestashop-usuario.png\",\"width\":150,\"height\":150,\"caption\":\"DeMusculos.com\"},\"image\":{\"@id\":\"https:\\\/\\\/www.demusculos.com\\\/web\\\/#\\\/schema\\\/logo\\\/image\\\/\"},\"sameAs\":[\"https:\\\/\\\/www.facebook.com\\\/demusculos\",\"https:\\\/\\\/x.com\\\/demusculos\",\"https:\\\/\\\/www.instagram.com\\\/demusculos\",\"https:\\\/\\\/www.tiktok.com\\\/@demusculos.com\"]}]}<\/script>\n<!-- \/ Yoast SEO plugin. -->","yoast_head_json":{"title":"Amino 6000 | Amino\u00e1cidos completos x200 comprimidos | Pulver","description":"Amino 6000 es un amino\u00e1cido que ayuda a maximizar la recuperaci\u00f3n, rendimiento, aumento de masa muscular. Se lo puede combinar con creatinas y otros.","robots":{"index":"index","follow":"follow","max-snippet":"max-snippet:-1","max-image-preview":"max-image-preview:large","max-video-preview":"max-video-preview:-1"},"canonical":"https:\/\/www.demusculos.com\/web\/producto\/amino-6000-de-pulver-de-200-comprimidos\/","og_locale":"es_ES","og_type":"article","og_title":"Amino 6000 | Amino\u00e1cidos completos x200 comprimidos | Pulver","og_description":"Amino 6000 es un amino\u00e1cido que ayuda a maximizar la recuperaci\u00f3n, rendimiento, aumento de masa muscular. Se lo puede combinar con creatinas y otros.","og_url":"https:\/\/www.demusculos.com\/web\/producto\/amino-6000-de-pulver-de-200-comprimidos\/","og_site_name":"DeMusculos","article_publisher":"https:\/\/www.facebook.com\/demusculos","article_modified_time":"2026-04-08T01:56:52+00:00","og_image":[{"width":1080,"height":1080,"url":"https:\/\/www.demusculos.com\/web\/wp-content\/uploads\/2025\/06\/amino-6000-pulver-01.webp","type":"image\/webp"}],"twitter_card":"summary_large_image","twitter_site":"@demusculos","twitter_misc":{"Tiempo de lectura":"4 minutos"},"schema":{"@context":"https:\/\/schema.org","@graph":[{"@type":"WebPage","@id":"https:\/\/www.demusculos.com\/web\/producto\/amino-6000-de-pulver-de-200-comprimidos\/","url":"https:\/\/www.demusculos.com\/web\/producto\/amino-6000-de-pulver-de-200-comprimidos\/","name":"Amino 6000 | Amino\u00e1cidos completos x200 comprimidos | Pulver","isPartOf":{"@id":"https:\/\/www.demusculos.com\/web\/#website"},"primaryImageOfPage":{"@id":"https:\/\/www.demusculos.com\/web\/producto\/amino-6000-de-pulver-de-200-comprimidos\/#primaryimage"},"image":{"@id":"https:\/\/www.demusculos.com\/web\/producto\/amino-6000-de-pulver-de-200-comprimidos\/#primaryimage"},"thumbnailUrl":"https:\/\/www.demusculos.com\/web\/wp-content\/uploads\/2025\/06\/amino-6000-pulver-01.webp","datePublished":"2025-06-04T13:20:44+00:00","dateModified":"2026-04-08T01:56:52+00:00","description":"Amino 6000 es un amino\u00e1cido que ayuda a maximizar la recuperaci\u00f3n, rendimiento, aumento de masa muscular. Se lo puede combinar con creatinas y otros.","breadcrumb":{"@id":"https:\/\/www.demusculos.com\/web\/producto\/amino-6000-de-pulver-de-200-comprimidos\/#breadcrumb"},"inLanguage":"es","potentialAction":[{"@type":"ReadAction","target":["https:\/\/www.demusculos.com\/web\/producto\/amino-6000-de-pulver-de-200-comprimidos\/"]}]},{"@type":"ImageObject","inLanguage":"es","@id":"https:\/\/www.demusculos.com\/web\/producto\/amino-6000-de-pulver-de-200-comprimidos\/#primaryimage","url":"https:\/\/www.demusculos.com\/web\/wp-content\/uploads\/2025\/06\/amino-6000-pulver-01.webp","contentUrl":"https:\/\/www.demusculos.com\/web\/wp-content\/uploads\/2025\/06\/amino-6000-pulver-01.webp","width":1080,"height":1080,"caption":"Amino 6000 de Pulver"},{"@type":"BreadcrumbList","@id":"https:\/\/www.demusculos.com\/web\/producto\/amino-6000-de-pulver-de-200-comprimidos\/#breadcrumb","itemListElement":[{"@type":"ListItem","position":1,"name":"Inicio","item":"https:\/\/www.demusculos.com\/web\/"},{"@type":"ListItem","position":2,"name":"Suplementos","item":"https:\/\/www.demusculos.com\/web\/tienda\/"},{"@type":"ListItem","position":3,"name":"Amino 6000 de Pulver de 200 comprimidos"}]},{"@type":"WebSite","@id":"https:\/\/www.demusculos.com\/web\/#website","url":"https:\/\/www.demusculos.com\/web\/","name":"DeMusculos.com","description":"Suplementos Naturales","publisher":{"@id":"https:\/\/www.demusculos.com\/web\/#organization"},"alternateName":"Suplementos Naturales","potentialAction":[{"@type":"SearchAction","target":{"@type":"EntryPoint","urlTemplate":"https:\/\/www.demusculos.com\/web\/?s={search_term_string}"},"query-input":{"@type":"PropertyValueSpecification","valueRequired":true,"valueName":"search_term_string"}}],"inLanguage":"es"},{"@type":"Organization","@id":"https:\/\/www.demusculos.com\/web\/#organization","name":"DeMusculos.com","alternateName":"DeMusculos","url":"https:\/\/www.demusculos.com\/web\/","logo":{"@type":"ImageObject","inLanguage":"es","@id":"https:\/\/www.demusculos.com\/web\/#\/schema\/logo\/image\/","url":"https:\/\/www.demusculos.com\/web\/wp-content\/uploads\/2024\/02\/logo-demusculos-prestashop-usuario.png","contentUrl":"https:\/\/www.demusculos.com\/web\/wp-content\/uploads\/2024\/02\/logo-demusculos-prestashop-usuario.png","width":150,"height":150,"caption":"DeMusculos.com"},"image":{"@id":"https:\/\/www.demusculos.com\/web\/#\/schema\/logo\/image\/"},"sameAs":["https:\/\/www.facebook.com\/demusculos","https:\/\/x.com\/demusculos","https:\/\/www.instagram.com\/demusculos","https:\/\/www.tiktok.com\/@demusculos.com"]}]}},"_links":{"self":[{"href":"https:\/\/www.demusculos.com\/web\/wp-json\/wp\/v2\/product\/12635","targetHints":{"allow":["GET"]}}],"collection":[{"href":"https:\/\/www.demusculos.com\/web\/wp-json\/wp\/v2\/product"}],"about":[{"href":"https:\/\/www.demusculos.com\/web\/wp-json\/wp\/v2\/types\/product"}],"replies":[{"embeddable":true,"href":"https:\/\/www.demusculos.com\/web\/wp-json\/wp\/v2\/comments?post=12635"}],"wp:featuredmedia":[{"embeddable":true,"href":"https:\/\/www.demusculos.com\/web\/wp-json\/wp\/v2\/media\/12636"}],"wp:attachment":[{"href":"https:\/\/www.demusculos.com\/web\/wp-json\/wp\/v2\/media?parent=12635"}],"wp:term":[{"taxonomy":"product_brand","embeddable":true,"href":"https:\/\/www.demusculos.com\/web\/wp-json\/wp\/v2\/product_brand?post=12635"},{"taxonomy":"product_cat","embeddable":true,"href":"https:\/\/www.demusculos.com\/web\/wp-json\/wp\/v2\/product_cat?post=12635"},{"taxonomy":"product_tag","embeddable":true,"href":"https:\/\/www.demusculos.com\/web\/wp-json\/wp\/v2\/product_tag?post=12635"}],"curies":[{"name":"wp","href":"https:\/\/api.w.org\/{rel}","templated":true}]}}