{"id":1268,"date":"2024-03-01T00:05:53","date_gmt":"2024-03-01T03:05:53","guid":{"rendered":"https:\/\/www.demusculos.com\/web\/?post_type=product&#038;p=1268"},"modified":"2026-02-01T20:02:11","modified_gmt":"2026-02-01T23:02:11","slug":"collagen-x260-grs-de-generation-fit","status":"publish","type":"product","link":"https:\/\/www.demusculos.com\/web\/producto\/collagen-x260-grs-de-generation-fit\/","title":{"rendered":"Collagen x260 grs de Generation Fit"},"content":{"rendered":"<h1>Collagen 8.0 Generation Fit<\/h1>\n<p>Collagen 8.0 Generation Fit estpa potenciado con \u00a0\u00e1cido hialuronico, calcio, glucosamina, c\u00farcuma, cart\u00edlago de tibur\u00f3n y vitamina D.<br \/>\nCUIDA LAS ARTICULACIONES<\/p>\n<figure id=\"attachment_6565\" aria-describedby=\"caption-attachment-6565\" style=\"width: 1080px\" class=\"wp-caption alignnone\"><img fetchpriority=\"high\" decoding=\"async\" class=\"size-full wp-image-6565\" src=\"https:\/\/www.demusculos.com\/web\/wp-content\/uploads\/2024\/03\/collagen-generation-fit-1.jpg\" alt=\"Ultra Collagen 8.0 de Generation Fit\" width=\"1080\" height=\"1080\" srcset=\"https:\/\/www.demusculos.com\/web\/wp-content\/uploads\/2024\/03\/collagen-generation-fit-1.jpg 1080w, https:\/\/www.demusculos.com\/web\/wp-content\/uploads\/2024\/03\/collagen-generation-fit-1-300x300.jpg 300w, https:\/\/www.demusculos.com\/web\/wp-content\/uploads\/2024\/03\/collagen-generation-fit-1-150x150.jpg 150w, https:\/\/www.demusculos.com\/web\/wp-content\/uploads\/2024\/03\/collagen-generation-fit-1-800x800.jpg 800w, https:\/\/www.demusculos.com\/web\/wp-content\/uploads\/2024\/03\/collagen-generation-fit-1-1024x1024.jpg 1024w, https:\/\/www.demusculos.com\/web\/wp-content\/uploads\/2024\/03\/collagen-generation-fit-1-768x768.jpg 768w\" sizes=\"(max-width: 1080px) 100vw, 1080px\" \/><figcaption id=\"caption-attachment-6565\" class=\"wp-caption-text\">Col\u00e1geno<\/figcaption><\/figure>\n<figure id=\"attachment_156\" aria-describedby=\"caption-attachment-156\" style=\"width: 446px\" class=\"wp-caption alignnone\"><img decoding=\"async\" class=\"size-full wp-image-156\" src=\"https:\/\/www.demusculos.com\/web\/wp-content\/uploads\/2024\/02\/logo-generation-fit.png\" alt=\"Generation Fit, Suplementos Naturales Deportivos: Prote\u00ednas, Amino\u00e1cidos, Creatinas y quemadores de grasas.\" width=\"446\" height=\"103\" srcset=\"https:\/\/www.demusculos.com\/web\/wp-content\/uploads\/2024\/02\/logo-generation-fit.png 446w, https:\/\/www.demusculos.com\/web\/wp-content\/uploads\/2024\/02\/logo-generation-fit-300x69.png 300w, https:\/\/www.demusculos.com\/web\/wp-content\/uploads\/2024\/02\/logo-generation-fit-150x35.png 150w, https:\/\/www.demusculos.com\/web\/wp-content\/uploads\/2024\/02\/logo-generation-fit-416x96.png 416w\" sizes=\"(max-width: 446px) 100vw, 446px\" \/><figcaption id=\"caption-attachment-156\" class=\"wp-caption-text\">Este producto es fabricado por la empresa Genration Fit.<\/figcaption><\/figure>\n<p data-sourcepos=\"5:1-5:78\"><strong>Algunos de los principales beneficios del col\u00e1geno para el ser humano son:<\/strong><\/p>\n<p data-sourcepos=\"7:1-7:329\"><strong>Mejora la salud de la piel<\/strong>: El col\u00e1geno es clave para la dermis, la capa m\u00e1s profunda de la piel. Ayuda a mantener la piel firme, hidratada y el\u00e1stica. Tomar col\u00e1geno como suplemento puede reducir arrugas y l\u00edneas finas, mejorar la elasticidad de la piel y favorecer la hidrataci\u00f3n.<\/p>\n<p data-sourcepos=\"7:1-7:329\"><strong>Fortalece los huesos y las articulaciones<\/strong>: El col\u00e1geno es esencial para el cart\u00edlago, el tejido que protege las articulaciones. La suplementaci\u00f3n con col\u00e1geno puede aliviar el dolor y la rigidez en las articulaciones, mejorar su funcionamiento y prevenir enfermedades degenerativas como la osteoartritis.<\/p>\n<p data-sourcepos=\"11:1-11:271\"><strong>Promueve la salud muscular:<\/strong> El col\u00e1geno es esencial para el crecimiento y la reparaci\u00f3n de los m\u00fasculos.<\/p>\n<p data-sourcepos=\"11:1-11:271\">Tomar col\u00e1geno puede ayudar a aumentar la masa muscular, mejorar la fuerza y la resistencia, y reducir el dolor muscular despu\u00e9s del ejercicio.<\/p>\n<figure id=\"attachment_6566\" aria-describedby=\"caption-attachment-6566\" style=\"width: 1080px\" class=\"wp-caption alignnone\"><img decoding=\"async\" class=\"size-full wp-image-6566\" src=\"https:\/\/www.demusculos.com\/web\/wp-content\/uploads\/2024\/03\/collagen-generation-fit-2.jpg\" alt=\"Ultra Collagen 8.0 de Generation Fit\" width=\"1080\" height=\"1080\" srcset=\"https:\/\/www.demusculos.com\/web\/wp-content\/uploads\/2024\/03\/collagen-generation-fit-2.jpg 1080w, https:\/\/www.demusculos.com\/web\/wp-content\/uploads\/2024\/03\/collagen-generation-fit-2-300x300.jpg 300w, https:\/\/www.demusculos.com\/web\/wp-content\/uploads\/2024\/03\/collagen-generation-fit-2-150x150.jpg 150w, https:\/\/www.demusculos.com\/web\/wp-content\/uploads\/2024\/03\/collagen-generation-fit-2-800x800.jpg 800w, https:\/\/www.demusculos.com\/web\/wp-content\/uploads\/2024\/03\/collagen-generation-fit-2-1024x1024.jpg 1024w, https:\/\/www.demusculos.com\/web\/wp-content\/uploads\/2024\/03\/collagen-generation-fit-2-768x768.jpg 768w\" sizes=\"(max-width: 1080px) 100vw, 1080px\" \/><figcaption id=\"caption-attachment-6566\" class=\"wp-caption-text\">Informaci\u00f3n nutricional<\/figcaption><\/figure>\n<h2 data-sourcepos=\"11:1-11:271\">M\u00e1s beneficios de Collagen Generation Fit<\/h2>\n<p data-sourcepos=\"13:1-13:309\"><strong>Mejora la salud digestiva:<\/strong> El col\u00e1geno puede ayudar a mejorar la salud digestiva al proteger el revestimiento del est\u00f3mago y los intestinos.<\/p>\n<p data-sourcepos=\"13:1-13:309\">Collagen 8.0 reduce los s\u00edntomas de enfermedades digestivas como el s\u00edndrome del intestino irritable (SII) y la enfermedad inflamatoria intestinal (EII).<\/p>\n<figure id=\"attachment_6567\" aria-describedby=\"caption-attachment-6567\" style=\"width: 1080px\" class=\"wp-caption alignnone\"><img loading=\"lazy\" decoding=\"async\" class=\"size-full wp-image-6567\" src=\"https:\/\/www.demusculos.com\/web\/wp-content\/uploads\/2024\/03\/collagen-generation-fit-3.jpg\" alt=\"Ultra Collagen 8.0 de Generation Fit\" width=\"1080\" height=\"1080\" srcset=\"https:\/\/www.demusculos.com\/web\/wp-content\/uploads\/2024\/03\/collagen-generation-fit-3.jpg 1080w, https:\/\/www.demusculos.com\/web\/wp-content\/uploads\/2024\/03\/collagen-generation-fit-3-300x300.jpg 300w, https:\/\/www.demusculos.com\/web\/wp-content\/uploads\/2024\/03\/collagen-generation-fit-3-150x150.jpg 150w, https:\/\/www.demusculos.com\/web\/wp-content\/uploads\/2024\/03\/collagen-generation-fit-3-800x800.jpg 800w, https:\/\/www.demusculos.com\/web\/wp-content\/uploads\/2024\/03\/collagen-generation-fit-3-1024x1024.jpg 1024w, https:\/\/www.demusculos.com\/web\/wp-content\/uploads\/2024\/03\/collagen-generation-fit-3-768x768.jpg 768w\" sizes=\"(max-width: 1080px) 100vw, 1080px\" \/><figcaption id=\"caption-attachment-6567\" class=\"wp-caption-text\">Beneficios<\/figcaption><\/figure>\n<p data-sourcepos=\"15:1-15:237\"><strong>Fortalece el cabello y las u\u00f1as:<\/strong> El col\u00e1geno es un componente importante del cabello y las u\u00f1as. La suplementaci\u00f3n con col\u00e1geno puede ayudar a fortalecer el cabello y las u\u00f1as, prevenir la rotura y mejorar su brillo y elasticidad.<\/p>\n<p data-sourcepos=\"17:1-17:364\"><strong>Puede ayudar a reducir la celulitis:<\/strong> La celulitis es una afecci\u00f3n de la piel que se caracteriza por la aparici\u00f3n de hoyuelos y piel de naranja, especialmente en los muslos, las nalgas y el abdomen. La suplementaci\u00f3n con col\u00e1geno puede ayudar a reducir la apariencia de la celulitis al mejorar la elasticidad de la piel y estimular la producci\u00f3n de col\u00e1geno.<\/p>\n<p data-sourcepos=\"19:1-19:217\"><strong>Puede mejorar la salud cardiovascular:<\/strong> Algunos estudios sugieren que la suplementaci\u00f3n con col\u00e1geno puede ayudar a mejorar la salud cardiovascular al reducir la presi\u00f3n arterial y mejorar la funci\u00f3n endotelial.<\/p>\n<figure id=\"attachment_6568\" aria-describedby=\"caption-attachment-6568\" style=\"width: 1080px\" class=\"wp-caption alignnone\"><img loading=\"lazy\" decoding=\"async\" class=\"size-full wp-image-6568\" src=\"https:\/\/www.demusculos.com\/web\/wp-content\/uploads\/2024\/03\/collagen-generation-fit-4.jpg\" alt=\"Ultra Collagen 8.0 de Generation Fit\" width=\"1080\" height=\"1080\" srcset=\"https:\/\/www.demusculos.com\/web\/wp-content\/uploads\/2024\/03\/collagen-generation-fit-4.jpg 1080w, https:\/\/www.demusculos.com\/web\/wp-content\/uploads\/2024\/03\/collagen-generation-fit-4-300x300.jpg 300w, https:\/\/www.demusculos.com\/web\/wp-content\/uploads\/2024\/03\/collagen-generation-fit-4-150x150.jpg 150w, https:\/\/www.demusculos.com\/web\/wp-content\/uploads\/2024\/03\/collagen-generation-fit-4-800x800.jpg 800w, https:\/\/www.demusculos.com\/web\/wp-content\/uploads\/2024\/03\/collagen-generation-fit-4-1024x1024.jpg 1024w, https:\/\/www.demusculos.com\/web\/wp-content\/uploads\/2024\/03\/collagen-generation-fit-4-768x768.jpg 768w\" sizes=\"(max-width: 1080px) 100vw, 1080px\" \/><figcaption id=\"caption-attachment-6568\" class=\"wp-caption-text\">\u00c1cido Hialur\u00f3nico<\/figcaption><\/figure>\n<figure id=\"attachment_6569\" aria-describedby=\"caption-attachment-6569\" style=\"width: 1080px\" class=\"wp-caption alignnone\"><img loading=\"lazy\" decoding=\"async\" class=\"size-full wp-image-6569\" src=\"https:\/\/www.demusculos.com\/web\/wp-content\/uploads\/2024\/03\/collagen-generation-fit-5.jpg\" alt=\"Ultra Collagen 8.0 de Generation Fit\" width=\"1080\" height=\"1080\" srcset=\"https:\/\/www.demusculos.com\/web\/wp-content\/uploads\/2024\/03\/collagen-generation-fit-5.jpg 1080w, https:\/\/www.demusculos.com\/web\/wp-content\/uploads\/2024\/03\/collagen-generation-fit-5-300x300.jpg 300w, https:\/\/www.demusculos.com\/web\/wp-content\/uploads\/2024\/03\/collagen-generation-fit-5-150x150.jpg 150w, https:\/\/www.demusculos.com\/web\/wp-content\/uploads\/2024\/03\/collagen-generation-fit-5-800x800.jpg 800w, https:\/\/www.demusculos.com\/web\/wp-content\/uploads\/2024\/03\/collagen-generation-fit-5-1024x1024.jpg 1024w, https:\/\/www.demusculos.com\/web\/wp-content\/uploads\/2024\/03\/collagen-generation-fit-5-768x768.jpg 768w\" sizes=\"(max-width: 1080px) 100vw, 1080px\" \/><figcaption id=\"caption-attachment-6569\" class=\"wp-caption-text\">Info Destacada<\/figcaption><\/figure>\n<p data-sourcepos=\"19:1-19:217\"><img loading=\"lazy\" decoding=\"async\" class=\"alignnone size-full wp-image-6570\" src=\"https:\/\/www.demusculos.com\/web\/wp-content\/uploads\/2024\/03\/collagen-generation-fit-6.jpg\" alt=\"Ultra Collagen 8.0 de Generation Fit\" width=\"1080\" height=\"1080\" srcset=\"https:\/\/www.demusculos.com\/web\/wp-content\/uploads\/2024\/03\/collagen-generation-fit-6.jpg 1080w, https:\/\/www.demusculos.com\/web\/wp-content\/uploads\/2024\/03\/collagen-generation-fit-6-300x300.jpg 300w, https:\/\/www.demusculos.com\/web\/wp-content\/uploads\/2024\/03\/collagen-generation-fit-6-150x150.jpg 150w, https:\/\/www.demusculos.com\/web\/wp-content\/uploads\/2024\/03\/collagen-generation-fit-6-800x800.jpg 800w, https:\/\/www.demusculos.com\/web\/wp-content\/uploads\/2024\/03\/collagen-generation-fit-6-1024x1024.jpg 1024w, https:\/\/www.demusculos.com\/web\/wp-content\/uploads\/2024\/03\/collagen-generation-fit-6-768x768.jpg 768w\" sizes=\"(max-width: 1080px) 100vw, 1080px\" \/><\/p>\n<figure id=\"attachment_6571\" aria-describedby=\"caption-attachment-6571\" style=\"width: 1080px\" class=\"wp-caption alignnone\"><img loading=\"lazy\" decoding=\"async\" class=\"size-full wp-image-6571\" src=\"https:\/\/www.demusculos.com\/web\/wp-content\/uploads\/2024\/03\/collagen-generation-fit-7.jpg\" alt=\"Ultra Collagen 8.0 de Generation Fit\" width=\"1080\" height=\"1080\" srcset=\"https:\/\/www.demusculos.com\/web\/wp-content\/uploads\/2024\/03\/collagen-generation-fit-7.jpg 1080w, https:\/\/www.demusculos.com\/web\/wp-content\/uploads\/2024\/03\/collagen-generation-fit-7-300x300.jpg 300w, https:\/\/www.demusculos.com\/web\/wp-content\/uploads\/2024\/03\/collagen-generation-fit-7-150x150.jpg 150w, https:\/\/www.demusculos.com\/web\/wp-content\/uploads\/2024\/03\/collagen-generation-fit-7-800x800.jpg 800w, https:\/\/www.demusculos.com\/web\/wp-content\/uploads\/2024\/03\/collagen-generation-fit-7-1024x1024.jpg 1024w, https:\/\/www.demusculos.com\/web\/wp-content\/uploads\/2024\/03\/collagen-generation-fit-7-768x768.jpg 768w\" sizes=\"(max-width: 1080px) 100vw, 1080px\" \/><figcaption id=\"caption-attachment-6571\" class=\"wp-caption-text\">Sabores<\/figcaption><\/figure>\n<div class=\"video-container\"><iframe title=\"Ultra Collagen de Generation Fit\" width=\"1170\" height=\"658\" src=\"https:\/\/www.youtube.com\/embed\/Tdq1v3TVC1Q?feature=oembed\" frameborder=\"0\" allow=\"accelerometer; autoplay; clipboard-write; encrypted-media; gyroscope; picture-in-picture; web-share\" referrerpolicy=\"strict-origin-when-cross-origin\" allowfullscreen><\/iframe><\/div>\n","protected":false},"excerpt":{"rendered":"<p>Ideal para recuperaci\u00f3n de u\u00f1as, piel. Mejoras en la masa muscular, articulaciones y huesos. Grandes beneficios para la salud.<\/p>\n","protected":false},"featured_media":1269,"comment_status":"closed","ping_status":"closed","template":"","meta":[],"product_brand":[232],"product_cat":[41],"product_tag":[85,141,40,83,81,82,80,84],"class_list":{"0":"post-1268","1":"product","2":"type-product","3":"status-publish","4":"has-post-thumbnail","6":"product_brand-generation-fit","7":"product_cat-colageno","8":"product_tag-articulaciones","9":"product_tag-colageno","10":"product_tag-generation-fit","11":"product_tag-huesos","12":"product_tag-pelo","13":"product_tag-piel","14":"product_tag-unas","15":"product_tag-vista","17":"first","18":"instock","19":"sale","20":"shipping-taxable","21":"purchasable","22":"product-type-simple"},"yoast_head":"<!-- This site is optimized with the Yoast SEO plugin v27.4 - https:\/\/yoast.com\/product\/yoast-seo-wordpress\/ -->\n<title>Collagen Generation Fit | 260 gr | U\u00f1as, Pelo, Piel, Articulaciones<\/title>\n<meta name=\"description\" content=\"Collagen Generation Fit no es un col\u00e1geno m\u00e1s, est\u00e1 potenciado con \u00e1cido hialuronico, calcio, glucosamina, c\u00farcuma, cart\u00edlago de tibur\u00f3n y vitamina D\" \/>\n<meta name=\"robots\" content=\"index, follow, max-snippet:-1, max-image-preview:large, max-video-preview:-1\" \/>\n<link rel=\"canonical\" href=\"https:\/\/www.demusculos.com\/web\/producto\/collagen-x260-grs-de-generation-fit\/\" \/>\n<meta property=\"og:locale\" content=\"es_ES\" \/>\n<meta property=\"og:type\" content=\"article\" \/>\n<meta property=\"og:title\" content=\"Collagen Generation Fit | 260 gr | U\u00f1as, Pelo, Piel, Articulaciones\" \/>\n<meta property=\"og:description\" content=\"Collagen Generation Fit no es un col\u00e1geno m\u00e1s, est\u00e1 potenciado con \u00e1cido hialuronico, calcio, glucosamina, c\u00farcuma, cart\u00edlago de tibur\u00f3n y vitamina D\" \/>\n<meta property=\"og:url\" content=\"https:\/\/www.demusculos.com\/web\/producto\/collagen-x260-grs-de-generation-fit\/\" \/>\n<meta property=\"og:site_name\" content=\"DeMusculos\" \/>\n<meta property=\"article:publisher\" content=\"https:\/\/www.facebook.com\/demusculos\" \/>\n<meta property=\"article:modified_time\" content=\"2026-02-01T23:02:11+00:00\" \/>\n<meta property=\"og:image\" content=\"https:\/\/www.demusculos.com\/web\/wp-content\/uploads\/2024\/03\/collagen-260-grs-generation-fit.jpg\" \/>\n\t<meta property=\"og:image:width\" content=\"1200\" \/>\n\t<meta property=\"og:image:height\" content=\"1200\" \/>\n\t<meta property=\"og:image:type\" content=\"image\/jpeg\" \/>\n<meta name=\"twitter:card\" content=\"summary_large_image\" \/>\n<meta name=\"twitter:site\" content=\"@demusculos\" \/>\n<meta name=\"twitter:label1\" content=\"Tiempo de lectura\" \/>\n\t<meta name=\"twitter:data1\" content=\"4 minutos\" \/>\n<script type=\"application\/ld+json\" class=\"yoast-schema-graph\">{\"@context\":\"https:\\\/\\\/schema.org\",\"@graph\":[{\"@type\":\"WebPage\",\"@id\":\"https:\\\/\\\/www.demusculos.com\\\/web\\\/producto\\\/collagen-x260-grs-de-generation-fit\\\/\",\"url\":\"https:\\\/\\\/www.demusculos.com\\\/web\\\/producto\\\/collagen-x260-grs-de-generation-fit\\\/\",\"name\":\"Collagen Generation Fit | 260 gr | U\u00f1as, Pelo, Piel, Articulaciones\",\"isPartOf\":{\"@id\":\"https:\\\/\\\/www.demusculos.com\\\/web\\\/#website\"},\"primaryImageOfPage\":{\"@id\":\"https:\\\/\\\/www.demusculos.com\\\/web\\\/producto\\\/collagen-x260-grs-de-generation-fit\\\/#primaryimage\"},\"image\":{\"@id\":\"https:\\\/\\\/www.demusculos.com\\\/web\\\/producto\\\/collagen-x260-grs-de-generation-fit\\\/#primaryimage\"},\"thumbnailUrl\":\"https:\\\/\\\/www.demusculos.com\\\/web\\\/wp-content\\\/uploads\\\/2024\\\/03\\\/collagen-260-grs-generation-fit.jpg\",\"datePublished\":\"2024-03-01T03:05:53+00:00\",\"dateModified\":\"2026-02-01T23:02:11+00:00\",\"description\":\"Collagen Generation Fit no es un col\u00e1geno m\u00e1s, est\u00e1 potenciado con \u00e1cido hialuronico, calcio, glucosamina, c\u00farcuma, cart\u00edlago de tibur\u00f3n y vitamina D\",\"breadcrumb\":{\"@id\":\"https:\\\/\\\/www.demusculos.com\\\/web\\\/producto\\\/collagen-x260-grs-de-generation-fit\\\/#breadcrumb\"},\"inLanguage\":\"es\",\"potentialAction\":[{\"@type\":\"ReadAction\",\"target\":[\"https:\\\/\\\/www.demusculos.com\\\/web\\\/producto\\\/collagen-x260-grs-de-generation-fit\\\/\"]}]},{\"@type\":\"ImageObject\",\"inLanguage\":\"es\",\"@id\":\"https:\\\/\\\/www.demusculos.com\\\/web\\\/producto\\\/collagen-x260-grs-de-generation-fit\\\/#primaryimage\",\"url\":\"https:\\\/\\\/www.demusculos.com\\\/web\\\/wp-content\\\/uploads\\\/2024\\\/03\\\/collagen-260-grs-generation-fit.jpg\",\"contentUrl\":\"https:\\\/\\\/www.demusculos.com\\\/web\\\/wp-content\\\/uploads\\\/2024\\\/03\\\/collagen-260-grs-generation-fit.jpg\",\"width\":1200,\"height\":1200,\"caption\":\"Collagen x260 grs Generation Fit\"},{\"@type\":\"BreadcrumbList\",\"@id\":\"https:\\\/\\\/www.demusculos.com\\\/web\\\/producto\\\/collagen-x260-grs-de-generation-fit\\\/#breadcrumb\",\"itemListElement\":[{\"@type\":\"ListItem\",\"position\":1,\"name\":\"Inicio\",\"item\":\"https:\\\/\\\/www.demusculos.com\\\/web\\\/\"},{\"@type\":\"ListItem\",\"position\":2,\"name\":\"Suplementos\",\"item\":\"https:\\\/\\\/www.demusculos.com\\\/web\\\/tienda\\\/\"},{\"@type\":\"ListItem\",\"position\":3,\"name\":\"Collagen x260 grs de Generation Fit\"}]},{\"@type\":\"WebSite\",\"@id\":\"https:\\\/\\\/www.demusculos.com\\\/web\\\/#website\",\"url\":\"https:\\\/\\\/www.demusculos.com\\\/web\\\/\",\"name\":\"DeMusculos.com\",\"description\":\"Suplementos Naturales\",\"publisher\":{\"@id\":\"https:\\\/\\\/www.demusculos.com\\\/web\\\/#organization\"},\"alternateName\":\"Suplementos Naturales\",\"potentialAction\":[{\"@type\":\"SearchAction\",\"target\":{\"@type\":\"EntryPoint\",\"urlTemplate\":\"https:\\\/\\\/www.demusculos.com\\\/web\\\/?s={search_term_string}\"},\"query-input\":{\"@type\":\"PropertyValueSpecification\",\"valueRequired\":true,\"valueName\":\"search_term_string\"}}],\"inLanguage\":\"es\"},{\"@type\":\"Organization\",\"@id\":\"https:\\\/\\\/www.demusculos.com\\\/web\\\/#organization\",\"name\":\"DeMusculos.com\",\"alternateName\":\"DeMusculos\",\"url\":\"https:\\\/\\\/www.demusculos.com\\\/web\\\/\",\"logo\":{\"@type\":\"ImageObject\",\"inLanguage\":\"es\",\"@id\":\"https:\\\/\\\/www.demusculos.com\\\/web\\\/#\\\/schema\\\/logo\\\/image\\\/\",\"url\":\"https:\\\/\\\/www.demusculos.com\\\/web\\\/wp-content\\\/uploads\\\/2024\\\/02\\\/logo-demusculos-prestashop-usuario.png\",\"contentUrl\":\"https:\\\/\\\/www.demusculos.com\\\/web\\\/wp-content\\\/uploads\\\/2024\\\/02\\\/logo-demusculos-prestashop-usuario.png\",\"width\":150,\"height\":150,\"caption\":\"DeMusculos.com\"},\"image\":{\"@id\":\"https:\\\/\\\/www.demusculos.com\\\/web\\\/#\\\/schema\\\/logo\\\/image\\\/\"},\"sameAs\":[\"https:\\\/\\\/www.facebook.com\\\/demusculos\",\"https:\\\/\\\/x.com\\\/demusculos\",\"https:\\\/\\\/www.instagram.com\\\/demusculos\",\"https:\\\/\\\/www.tiktok.com\\\/@demusculos.com\"]}]}<\/script>\n<!-- \/ Yoast SEO plugin. -->","yoast_head_json":{"title":"Collagen Generation Fit | 260 gr | U\u00f1as, Pelo, Piel, Articulaciones","description":"Collagen Generation Fit no es un col\u00e1geno m\u00e1s, est\u00e1 potenciado con \u00e1cido hialuronico, calcio, glucosamina, c\u00farcuma, cart\u00edlago de tibur\u00f3n y vitamina D","robots":{"index":"index","follow":"follow","max-snippet":"max-snippet:-1","max-image-preview":"max-image-preview:large","max-video-preview":"max-video-preview:-1"},"canonical":"https:\/\/www.demusculos.com\/web\/producto\/collagen-x260-grs-de-generation-fit\/","og_locale":"es_ES","og_type":"article","og_title":"Collagen Generation Fit | 260 gr | U\u00f1as, Pelo, Piel, Articulaciones","og_description":"Collagen Generation Fit no es un col\u00e1geno m\u00e1s, est\u00e1 potenciado con \u00e1cido hialuronico, calcio, glucosamina, c\u00farcuma, cart\u00edlago de tibur\u00f3n y vitamina D","og_url":"https:\/\/www.demusculos.com\/web\/producto\/collagen-x260-grs-de-generation-fit\/","og_site_name":"DeMusculos","article_publisher":"https:\/\/www.facebook.com\/demusculos","article_modified_time":"2026-02-01T23:02:11+00:00","og_image":[{"width":1200,"height":1200,"url":"https:\/\/www.demusculos.com\/web\/wp-content\/uploads\/2024\/03\/collagen-260-grs-generation-fit.jpg","type":"image\/jpeg"}],"twitter_card":"summary_large_image","twitter_site":"@demusculos","twitter_misc":{"Tiempo de lectura":"4 minutos"},"schema":{"@context":"https:\/\/schema.org","@graph":[{"@type":"WebPage","@id":"https:\/\/www.demusculos.com\/web\/producto\/collagen-x260-grs-de-generation-fit\/","url":"https:\/\/www.demusculos.com\/web\/producto\/collagen-x260-grs-de-generation-fit\/","name":"Collagen Generation Fit | 260 gr | U\u00f1as, Pelo, Piel, Articulaciones","isPartOf":{"@id":"https:\/\/www.demusculos.com\/web\/#website"},"primaryImageOfPage":{"@id":"https:\/\/www.demusculos.com\/web\/producto\/collagen-x260-grs-de-generation-fit\/#primaryimage"},"image":{"@id":"https:\/\/www.demusculos.com\/web\/producto\/collagen-x260-grs-de-generation-fit\/#primaryimage"},"thumbnailUrl":"https:\/\/www.demusculos.com\/web\/wp-content\/uploads\/2024\/03\/collagen-260-grs-generation-fit.jpg","datePublished":"2024-03-01T03:05:53+00:00","dateModified":"2026-02-01T23:02:11+00:00","description":"Collagen Generation Fit no es un col\u00e1geno m\u00e1s, est\u00e1 potenciado con \u00e1cido hialuronico, calcio, glucosamina, c\u00farcuma, cart\u00edlago de tibur\u00f3n y vitamina D","breadcrumb":{"@id":"https:\/\/www.demusculos.com\/web\/producto\/collagen-x260-grs-de-generation-fit\/#breadcrumb"},"inLanguage":"es","potentialAction":[{"@type":"ReadAction","target":["https:\/\/www.demusculos.com\/web\/producto\/collagen-x260-grs-de-generation-fit\/"]}]},{"@type":"ImageObject","inLanguage":"es","@id":"https:\/\/www.demusculos.com\/web\/producto\/collagen-x260-grs-de-generation-fit\/#primaryimage","url":"https:\/\/www.demusculos.com\/web\/wp-content\/uploads\/2024\/03\/collagen-260-grs-generation-fit.jpg","contentUrl":"https:\/\/www.demusculos.com\/web\/wp-content\/uploads\/2024\/03\/collagen-260-grs-generation-fit.jpg","width":1200,"height":1200,"caption":"Collagen x260 grs Generation Fit"},{"@type":"BreadcrumbList","@id":"https:\/\/www.demusculos.com\/web\/producto\/collagen-x260-grs-de-generation-fit\/#breadcrumb","itemListElement":[{"@type":"ListItem","position":1,"name":"Inicio","item":"https:\/\/www.demusculos.com\/web\/"},{"@type":"ListItem","position":2,"name":"Suplementos","item":"https:\/\/www.demusculos.com\/web\/tienda\/"},{"@type":"ListItem","position":3,"name":"Collagen x260 grs de Generation Fit"}]},{"@type":"WebSite","@id":"https:\/\/www.demusculos.com\/web\/#website","url":"https:\/\/www.demusculos.com\/web\/","name":"DeMusculos.com","description":"Suplementos Naturales","publisher":{"@id":"https:\/\/www.demusculos.com\/web\/#organization"},"alternateName":"Suplementos Naturales","potentialAction":[{"@type":"SearchAction","target":{"@type":"EntryPoint","urlTemplate":"https:\/\/www.demusculos.com\/web\/?s={search_term_string}"},"query-input":{"@type":"PropertyValueSpecification","valueRequired":true,"valueName":"search_term_string"}}],"inLanguage":"es"},{"@type":"Organization","@id":"https:\/\/www.demusculos.com\/web\/#organization","name":"DeMusculos.com","alternateName":"DeMusculos","url":"https:\/\/www.demusculos.com\/web\/","logo":{"@type":"ImageObject","inLanguage":"es","@id":"https:\/\/www.demusculos.com\/web\/#\/schema\/logo\/image\/","url":"https:\/\/www.demusculos.com\/web\/wp-content\/uploads\/2024\/02\/logo-demusculos-prestashop-usuario.png","contentUrl":"https:\/\/www.demusculos.com\/web\/wp-content\/uploads\/2024\/02\/logo-demusculos-prestashop-usuario.png","width":150,"height":150,"caption":"DeMusculos.com"},"image":{"@id":"https:\/\/www.demusculos.com\/web\/#\/schema\/logo\/image\/"},"sameAs":["https:\/\/www.facebook.com\/demusculos","https:\/\/x.com\/demusculos","https:\/\/www.instagram.com\/demusculos","https:\/\/www.tiktok.com\/@demusculos.com"]}]}},"_links":{"self":[{"href":"https:\/\/www.demusculos.com\/web\/wp-json\/wp\/v2\/product\/1268","targetHints":{"allow":["GET"]}}],"collection":[{"href":"https:\/\/www.demusculos.com\/web\/wp-json\/wp\/v2\/product"}],"about":[{"href":"https:\/\/www.demusculos.com\/web\/wp-json\/wp\/v2\/types\/product"}],"replies":[{"embeddable":true,"href":"https:\/\/www.demusculos.com\/web\/wp-json\/wp\/v2\/comments?post=1268"}],"wp:featuredmedia":[{"embeddable":true,"href":"https:\/\/www.demusculos.com\/web\/wp-json\/wp\/v2\/media\/1269"}],"wp:attachment":[{"href":"https:\/\/www.demusculos.com\/web\/wp-json\/wp\/v2\/media?parent=1268"}],"wp:term":[{"taxonomy":"product_brand","embeddable":true,"href":"https:\/\/www.demusculos.com\/web\/wp-json\/wp\/v2\/product_brand?post=1268"},{"taxonomy":"product_cat","embeddable":true,"href":"https:\/\/www.demusculos.com\/web\/wp-json\/wp\/v2\/product_cat?post=1268"},{"taxonomy":"product_tag","embeddable":true,"href":"https:\/\/www.demusculos.com\/web\/wp-json\/wp\/v2\/product_tag?post=1268"}],"curies":[{"name":"wp","href":"https:\/\/api.w.org\/{rel}","templated":true}]}}