{"id":1273,"date":"2024-03-01T23:04:23","date_gmt":"2024-03-02T02:04:23","guid":{"rendered":"https:\/\/www.demusculos.com\/web\/?post_type=product&#038;p=1273"},"modified":"2026-03-04T13:31:26","modified_gmt":"2026-03-04T16:31:26","slug":"platinum-whey-2-lbs-version-isolate-de-star-nutrition","status":"publish","type":"product","link":"https:\/\/www.demusculos.com\/web\/producto\/platinum-whey-2-lbs-version-isolate-de-star-nutrition\/","title":{"rendered":"Platinum Whey 2 LBS versi\u00f3n ISOLATE de Star Nutrition"},"content":{"rendered":"<h1>Platinum Whey ISOLATE Star Nutrition<\/h1>\n<p><strong>Platinum Whey ISOLATE Star Nutrition<\/strong> es una prote\u00edna de suero de leche 100% isolate, tiene menos grasas ,az\u00facar y carbohidratos que otras prote\u00ednas, esto la hace una de las m\u00e1s recomendadas para dieta y recuperaci\u00f3n<\/p>\n<div class=\"mceTemp\"><\/div>\n<figure id=\"attachment_246\" aria-describedby=\"caption-attachment-246\" style=\"width: 446px\" class=\"wp-caption alignnone\"><img decoding=\"async\" class=\"size-full wp-image-246\" src=\"https:\/\/www.demusculos.com\/web\/wp-content\/uploads\/2024\/02\/logo-star-nutrition.png\" alt=\"Productos natuales Star Nutrition | Prote\u00ednas | Amino\u00e1cidos | Quemadores | \u00d3xidos N\u00edtricos | Ganadores de peso\" width=\"446\" height=\"103\" srcset=\"https:\/\/www.demusculos.com\/web\/wp-content\/uploads\/2024\/02\/logo-star-nutrition.png 446w, https:\/\/www.demusculos.com\/web\/wp-content\/uploads\/2024\/02\/logo-star-nutrition-300x69.png 300w, https:\/\/www.demusculos.com\/web\/wp-content\/uploads\/2024\/02\/logo-star-nutrition-150x35.png 150w, https:\/\/www.demusculos.com\/web\/wp-content\/uploads\/2024\/02\/logo-star-nutrition-416x96.png 416w\" sizes=\"(max-width: 446px) 100vw, 446px\" \/><figcaption id=\"caption-attachment-246\" class=\"wp-caption-text\">Todos los productos de Star Nutrition. Laboratorio Nutriciencia.<\/figcaption><\/figure>\n<p>Platinum Whey Isolate es la \u00fanica prote\u00edna 100% isolada de Argentina. Desarrollada con una prote\u00edna importada de Dinamarca que cumple con los mayores estandares de calidad internacionales, producida con suero obtenido de ganado alimentado con pastura del norte de Europa. Platinum Whey Isolate no tiene comparaci\u00f3n cuando hablamos de pureza. No contiene lactosa y dispone de un tenor proteico y biodisponilidad inigualable.<\/p>\n<p><strong>Beneficios:<\/strong><\/p>\n<ul>\n<li>0% lactosa.<\/li>\n<li>0% carbohidratos.<\/li>\n<li>Proteina de alta pureza<\/li>\n<li>Fomenta el crecimiento y la fuerza muscular.<\/li>\n<li>Digesti\u00f3n acelerada.<\/li>\n<li>Reducida en calor\u00edas.<\/li>\n<\/ul>\n<p><strong>COMO TOMAR ESTA PROTEINA:<\/strong><\/p>\n<p>Diluir 1 scoop en 300 ml de agua o leche descremada.<\/p>\n<figure id=\"attachment_125\" aria-describedby=\"caption-attachment-125\" style=\"width: 300px\" class=\"wp-caption alignnone\"><img fetchpriority=\"high\" decoding=\"async\" class=\"size-full wp-image-125\" src=\"https:\/\/www.demusculos.com\/web\/wp-content\/uploads\/2024\/02\/agua-leche-descremada.png\" alt=\"El producto se puede preparar con agua o con leche descremanda.\" width=\"300\" height=\"300\" srcset=\"https:\/\/www.demusculos.com\/web\/wp-content\/uploads\/2024\/02\/agua-leche-descremada.png 300w, https:\/\/www.demusculos.com\/web\/wp-content\/uploads\/2024\/02\/agua-leche-descremada-150x150.png 150w\" sizes=\"(max-width: 300px) 100vw, 300px\" \/><figcaption id=\"caption-attachment-125\" class=\"wp-caption-text\">Este producto se puede preparar con agua o leche descremada. Recomendamos tomarlo con l\u00edquidos fr\u00edos.<\/figcaption><\/figure>\n<p><strong>COMO COMBINARLO:<\/strong><\/p>\n<p>Crecimiento muscular: Planum Whey Isolate + BCAA + Glutamina.<\/p>\n<p><strong>PRESENTACI\u00d3N:<\/strong><\/p>\n<p>Frasco de 2 lb. 30 servicios.<\/p>\n<figure id=\"attachment_124\" aria-describedby=\"caption-attachment-124\" style=\"width: 300px\" class=\"wp-caption alignnone\"><img decoding=\"async\" class=\"size-full wp-image-124\" src=\"https:\/\/www.demusculos.com\/web\/wp-content\/uploads\/2024\/02\/masa-muscular.png\" alt=\"Este suplemento natural es ideal para aumentar la masa muscular, incrementar la recuperaci\u00f3n muscular en hombres y mujeres.\" width=\"300\" height=\"300\" srcset=\"https:\/\/www.demusculos.com\/web\/wp-content\/uploads\/2024\/02\/masa-muscular.png 300w, https:\/\/www.demusculos.com\/web\/wp-content\/uploads\/2024\/02\/masa-muscular-150x150.png 150w\" sizes=\"(max-width: 300px) 100vw, 300px\" \/><figcaption id=\"caption-attachment-124\" class=\"wp-caption-text\">Es ideal para recuperaci\u00f3n muscular. A mayor recuperaci\u00f3n m\u00e1s aumento de masa muscular y rendimiento. Lograremos m\u00e1s tono muscular. Las prote\u00ednas nos dan saciedad y son ideales para las dietas.<\/figcaption><\/figure>\n<p><strong>Los 5 beneficios de tomar prote\u00edna<\/strong><\/p>\n<p><strong>A) Ayuda a alcanzar la ingesta diaria recomendada:<\/strong><\/p>\n<p>La prote\u00edna es esencial para la vida y un batido con 20 o 40 gramos de prote\u00edna puede ayudar a alcanzar la dosis necesaria diaria.<\/p>\n<p><strong>B) Estimula el sistema inmunol\u00f3gico:<\/strong><\/p>\n<p>Whey Isolate refuerza el sistema inmunol\u00f3gico y tiene efectos antioxidantes y antibacterianos.<\/p>\n<p><strong>C) Mejora el rendimiento en los entrenamientos:<\/strong><\/p>\n<p>Consumir prote\u00ednas puede maximizar el esfuerzo en el gimnasio, tomar un licuado de Whey Isolate te ayuda a recuperarte luego de la actividad f\u00edsica intensa.<\/p>\n<p><strong>D) Contribuye a la p\u00e9rdida de grasa:<\/strong><\/p>\n<p>La prote\u00edna tiene un efecto saciante y aumenta el gasto energ\u00e9tico del cuerpo, lo que puede asociarse con la p\u00e9rdida de peso y de grasa.<\/p>\n<p><strong>E) Construcci\u00f3n de m\u00fasculo durante el sue\u00f1o:<\/strong><\/p>\n<p>La masa muscular crece cuando dormimos y para incrmentar dicho crecimiento podemos tomar un licuado de prote\u00edna Whey Isolate.<\/p>\n","protected":false},"excerpt":{"rendered":"<p>Prote\u00edna de suero de leche, sin lactosa, baja en grasas, 100% isolate, mejor asimilaci\u00f3n. Prote\u00edna ultra fina. Mejor disoluci\u00f3n. Nivel importada.<\/p>\n","protected":false},"featured_media":1274,"comment_status":"closed","ping_status":"closed","template":"","meta":[],"product_brand":[220],"product_cat":[16],"product_tag":[79,78,26,129],"class_list":{"0":"post-1273","1":"product","2":"type-product","3":"status-publish","4":"has-post-thumbnail","6":"product_brand-star-nutrition","7":"product_cat-proteinas","8":"product_tag-recuperacion","9":"product_tag-rendimiento","10":"product_tag-star-nutrition","11":"product_tag-whey-protein","13":"first","14":"instock","15":"sale","16":"shipping-taxable","17":"purchasable","18":"product-type-variable"},"yoast_head":"<!-- This site is optimized with the Yoast SEO plugin v27.3 - https:\/\/yoast.com\/product\/yoast-seo-wordpress\/ -->\n<title>Platinum Whey Isolate | 2 Lbs | Star Nutrition | DeMusculos.com<\/title>\n<meta name=\"description\" content=\"Si buscas una prote\u00edna de suero l\u00e1cteo con menos grasa, menos az\u00facar y baja en carbohidratos te presentamos: Platinum Whey ISOLATE Star Nutrition\" \/>\n<meta name=\"robots\" content=\"index, follow, max-snippet:-1, max-image-preview:large, max-video-preview:-1\" \/>\n<link rel=\"canonical\" href=\"https:\/\/www.demusculos.com\/web\/producto\/platinum-whey-2-lbs-version-isolate-de-star-nutrition\/\" \/>\n<meta property=\"og:locale\" content=\"es_ES\" \/>\n<meta property=\"og:type\" content=\"article\" \/>\n<meta property=\"og:title\" content=\"Platinum Whey Isolate | 2 Lbs | Star Nutrition | DeMusculos.com\" \/>\n<meta property=\"og:description\" content=\"Si buscas una prote\u00edna de suero l\u00e1cteo con menos grasa, menos az\u00facar y baja en carbohidratos te presentamos: Platinum Whey ISOLATE Star Nutrition\" \/>\n<meta property=\"og:url\" content=\"https:\/\/www.demusculos.com\/web\/producto\/platinum-whey-2-lbs-version-isolate-de-star-nutrition\/\" \/>\n<meta property=\"og:site_name\" content=\"DeMusculos\" \/>\n<meta property=\"article:publisher\" content=\"https:\/\/www.facebook.com\/demusculos\" \/>\n<meta property=\"article:modified_time\" content=\"2026-03-04T16:31:26+00:00\" \/>\n<meta property=\"og:image\" content=\"https:\/\/www.demusculos.com\/web\/wp-content\/uploads\/2024\/03\/whey-isolate-2-lbs-01.jpg\" \/>\n\t<meta property=\"og:image:width\" content=\"900\" \/>\n\t<meta property=\"og:image:height\" content=\"900\" \/>\n\t<meta property=\"og:image:type\" content=\"image\/jpeg\" \/>\n<meta name=\"twitter:card\" content=\"summary_large_image\" \/>\n<meta name=\"twitter:site\" content=\"@demusculos\" \/>\n<meta name=\"twitter:label1\" content=\"Tiempo de lectura\" \/>\n\t<meta name=\"twitter:data1\" content=\"3 minutos\" \/>\n<script type=\"application\/ld+json\" class=\"yoast-schema-graph\">{\"@context\":\"https:\\\/\\\/schema.org\",\"@graph\":[{\"@type\":\"WebPage\",\"@id\":\"https:\\\/\\\/www.demusculos.com\\\/web\\\/producto\\\/platinum-whey-2-lbs-version-isolate-de-star-nutrition\\\/\",\"url\":\"https:\\\/\\\/www.demusculos.com\\\/web\\\/producto\\\/platinum-whey-2-lbs-version-isolate-de-star-nutrition\\\/\",\"name\":\"Platinum Whey Isolate | 2 Lbs | Star Nutrition | DeMusculos.com\",\"isPartOf\":{\"@id\":\"https:\\\/\\\/www.demusculos.com\\\/web\\\/#website\"},\"primaryImageOfPage\":{\"@id\":\"https:\\\/\\\/www.demusculos.com\\\/web\\\/producto\\\/platinum-whey-2-lbs-version-isolate-de-star-nutrition\\\/#primaryimage\"},\"image\":{\"@id\":\"https:\\\/\\\/www.demusculos.com\\\/web\\\/producto\\\/platinum-whey-2-lbs-version-isolate-de-star-nutrition\\\/#primaryimage\"},\"thumbnailUrl\":\"https:\\\/\\\/www.demusculos.com\\\/web\\\/wp-content\\\/uploads\\\/2024\\\/03\\\/whey-isolate-2-lbs-01.jpg\",\"datePublished\":\"2024-03-02T02:04:23+00:00\",\"dateModified\":\"2026-03-04T16:31:26+00:00\",\"description\":\"Si buscas una prote\u00edna de suero l\u00e1cteo con menos grasa, menos az\u00facar y baja en carbohidratos te presentamos: Platinum Whey ISOLATE Star Nutrition\",\"breadcrumb\":{\"@id\":\"https:\\\/\\\/www.demusculos.com\\\/web\\\/producto\\\/platinum-whey-2-lbs-version-isolate-de-star-nutrition\\\/#breadcrumb\"},\"inLanguage\":\"es\",\"potentialAction\":[{\"@type\":\"ReadAction\",\"target\":[\"https:\\\/\\\/www.demusculos.com\\\/web\\\/producto\\\/platinum-whey-2-lbs-version-isolate-de-star-nutrition\\\/\"]}]},{\"@type\":\"ImageObject\",\"inLanguage\":\"es\",\"@id\":\"https:\\\/\\\/www.demusculos.com\\\/web\\\/producto\\\/platinum-whey-2-lbs-version-isolate-de-star-nutrition\\\/#primaryimage\",\"url\":\"https:\\\/\\\/www.demusculos.com\\\/web\\\/wp-content\\\/uploads\\\/2024\\\/03\\\/whey-isolate-2-lbs-01.jpg\",\"contentUrl\":\"https:\\\/\\\/www.demusculos.com\\\/web\\\/wp-content\\\/uploads\\\/2024\\\/03\\\/whey-isolate-2-lbs-01.jpg\",\"width\":900,\"height\":900,\"caption\":\"Platinum Whey Isolate 2 Lbs Star Nutrition\"},{\"@type\":\"BreadcrumbList\",\"@id\":\"https:\\\/\\\/www.demusculos.com\\\/web\\\/producto\\\/platinum-whey-2-lbs-version-isolate-de-star-nutrition\\\/#breadcrumb\",\"itemListElement\":[{\"@type\":\"ListItem\",\"position\":1,\"name\":\"Inicio\",\"item\":\"https:\\\/\\\/www.demusculos.com\\\/web\\\/\"},{\"@type\":\"ListItem\",\"position\":2,\"name\":\"Suplementos\",\"item\":\"https:\\\/\\\/www.demusculos.com\\\/web\\\/tienda\\\/\"},{\"@type\":\"ListItem\",\"position\":3,\"name\":\"Platinum Whey 2 LBS versi\u00f3n ISOLATE de Star Nutrition\"}]},{\"@type\":\"WebSite\",\"@id\":\"https:\\\/\\\/www.demusculos.com\\\/web\\\/#website\",\"url\":\"https:\\\/\\\/www.demusculos.com\\\/web\\\/\",\"name\":\"DeMusculos.com\",\"description\":\"Suplementos Naturales\",\"publisher\":{\"@id\":\"https:\\\/\\\/www.demusculos.com\\\/web\\\/#organization\"},\"alternateName\":\"Suplementos Naturales\",\"potentialAction\":[{\"@type\":\"SearchAction\",\"target\":{\"@type\":\"EntryPoint\",\"urlTemplate\":\"https:\\\/\\\/www.demusculos.com\\\/web\\\/?s={search_term_string}\"},\"query-input\":{\"@type\":\"PropertyValueSpecification\",\"valueRequired\":true,\"valueName\":\"search_term_string\"}}],\"inLanguage\":\"es\"},{\"@type\":\"Organization\",\"@id\":\"https:\\\/\\\/www.demusculos.com\\\/web\\\/#organization\",\"name\":\"DeMusculos.com\",\"alternateName\":\"DeMusculos\",\"url\":\"https:\\\/\\\/www.demusculos.com\\\/web\\\/\",\"logo\":{\"@type\":\"ImageObject\",\"inLanguage\":\"es\",\"@id\":\"https:\\\/\\\/www.demusculos.com\\\/web\\\/#\\\/schema\\\/logo\\\/image\\\/\",\"url\":\"https:\\\/\\\/www.demusculos.com\\\/web\\\/wp-content\\\/uploads\\\/2024\\\/02\\\/logo-demusculos-prestashop-usuario.png\",\"contentUrl\":\"https:\\\/\\\/www.demusculos.com\\\/web\\\/wp-content\\\/uploads\\\/2024\\\/02\\\/logo-demusculos-prestashop-usuario.png\",\"width\":150,\"height\":150,\"caption\":\"DeMusculos.com\"},\"image\":{\"@id\":\"https:\\\/\\\/www.demusculos.com\\\/web\\\/#\\\/schema\\\/logo\\\/image\\\/\"},\"sameAs\":[\"https:\\\/\\\/www.facebook.com\\\/demusculos\",\"https:\\\/\\\/x.com\\\/demusculos\",\"https:\\\/\\\/www.instagram.com\\\/demusculos\",\"https:\\\/\\\/www.tiktok.com\\\/@demusculos.com\"]}]}<\/script>\n<!-- \/ Yoast SEO plugin. -->","yoast_head_json":{"title":"Platinum Whey Isolate | 2 Lbs | Star Nutrition | DeMusculos.com","description":"Si buscas una prote\u00edna de suero l\u00e1cteo con menos grasa, menos az\u00facar y baja en carbohidratos te presentamos: Platinum Whey ISOLATE Star Nutrition","robots":{"index":"index","follow":"follow","max-snippet":"max-snippet:-1","max-image-preview":"max-image-preview:large","max-video-preview":"max-video-preview:-1"},"canonical":"https:\/\/www.demusculos.com\/web\/producto\/platinum-whey-2-lbs-version-isolate-de-star-nutrition\/","og_locale":"es_ES","og_type":"article","og_title":"Platinum Whey Isolate | 2 Lbs | Star Nutrition | DeMusculos.com","og_description":"Si buscas una prote\u00edna de suero l\u00e1cteo con menos grasa, menos az\u00facar y baja en carbohidratos te presentamos: Platinum Whey ISOLATE Star Nutrition","og_url":"https:\/\/www.demusculos.com\/web\/producto\/platinum-whey-2-lbs-version-isolate-de-star-nutrition\/","og_site_name":"DeMusculos","article_publisher":"https:\/\/www.facebook.com\/demusculos","article_modified_time":"2026-03-04T16:31:26+00:00","og_image":[{"width":900,"height":900,"url":"https:\/\/www.demusculos.com\/web\/wp-content\/uploads\/2024\/03\/whey-isolate-2-lbs-01.jpg","type":"image\/jpeg"}],"twitter_card":"summary_large_image","twitter_site":"@demusculos","twitter_misc":{"Tiempo de lectura":"3 minutos"},"schema":{"@context":"https:\/\/schema.org","@graph":[{"@type":"WebPage","@id":"https:\/\/www.demusculos.com\/web\/producto\/platinum-whey-2-lbs-version-isolate-de-star-nutrition\/","url":"https:\/\/www.demusculos.com\/web\/producto\/platinum-whey-2-lbs-version-isolate-de-star-nutrition\/","name":"Platinum Whey Isolate | 2 Lbs | Star Nutrition | DeMusculos.com","isPartOf":{"@id":"https:\/\/www.demusculos.com\/web\/#website"},"primaryImageOfPage":{"@id":"https:\/\/www.demusculos.com\/web\/producto\/platinum-whey-2-lbs-version-isolate-de-star-nutrition\/#primaryimage"},"image":{"@id":"https:\/\/www.demusculos.com\/web\/producto\/platinum-whey-2-lbs-version-isolate-de-star-nutrition\/#primaryimage"},"thumbnailUrl":"https:\/\/www.demusculos.com\/web\/wp-content\/uploads\/2024\/03\/whey-isolate-2-lbs-01.jpg","datePublished":"2024-03-02T02:04:23+00:00","dateModified":"2026-03-04T16:31:26+00:00","description":"Si buscas una prote\u00edna de suero l\u00e1cteo con menos grasa, menos az\u00facar y baja en carbohidratos te presentamos: Platinum Whey ISOLATE Star Nutrition","breadcrumb":{"@id":"https:\/\/www.demusculos.com\/web\/producto\/platinum-whey-2-lbs-version-isolate-de-star-nutrition\/#breadcrumb"},"inLanguage":"es","potentialAction":[{"@type":"ReadAction","target":["https:\/\/www.demusculos.com\/web\/producto\/platinum-whey-2-lbs-version-isolate-de-star-nutrition\/"]}]},{"@type":"ImageObject","inLanguage":"es","@id":"https:\/\/www.demusculos.com\/web\/producto\/platinum-whey-2-lbs-version-isolate-de-star-nutrition\/#primaryimage","url":"https:\/\/www.demusculos.com\/web\/wp-content\/uploads\/2024\/03\/whey-isolate-2-lbs-01.jpg","contentUrl":"https:\/\/www.demusculos.com\/web\/wp-content\/uploads\/2024\/03\/whey-isolate-2-lbs-01.jpg","width":900,"height":900,"caption":"Platinum Whey Isolate 2 Lbs Star Nutrition"},{"@type":"BreadcrumbList","@id":"https:\/\/www.demusculos.com\/web\/producto\/platinum-whey-2-lbs-version-isolate-de-star-nutrition\/#breadcrumb","itemListElement":[{"@type":"ListItem","position":1,"name":"Inicio","item":"https:\/\/www.demusculos.com\/web\/"},{"@type":"ListItem","position":2,"name":"Suplementos","item":"https:\/\/www.demusculos.com\/web\/tienda\/"},{"@type":"ListItem","position":3,"name":"Platinum Whey 2 LBS versi\u00f3n ISOLATE de Star Nutrition"}]},{"@type":"WebSite","@id":"https:\/\/www.demusculos.com\/web\/#website","url":"https:\/\/www.demusculos.com\/web\/","name":"DeMusculos.com","description":"Suplementos Naturales","publisher":{"@id":"https:\/\/www.demusculos.com\/web\/#organization"},"alternateName":"Suplementos Naturales","potentialAction":[{"@type":"SearchAction","target":{"@type":"EntryPoint","urlTemplate":"https:\/\/www.demusculos.com\/web\/?s={search_term_string}"},"query-input":{"@type":"PropertyValueSpecification","valueRequired":true,"valueName":"search_term_string"}}],"inLanguage":"es"},{"@type":"Organization","@id":"https:\/\/www.demusculos.com\/web\/#organization","name":"DeMusculos.com","alternateName":"DeMusculos","url":"https:\/\/www.demusculos.com\/web\/","logo":{"@type":"ImageObject","inLanguage":"es","@id":"https:\/\/www.demusculos.com\/web\/#\/schema\/logo\/image\/","url":"https:\/\/www.demusculos.com\/web\/wp-content\/uploads\/2024\/02\/logo-demusculos-prestashop-usuario.png","contentUrl":"https:\/\/www.demusculos.com\/web\/wp-content\/uploads\/2024\/02\/logo-demusculos-prestashop-usuario.png","width":150,"height":150,"caption":"DeMusculos.com"},"image":{"@id":"https:\/\/www.demusculos.com\/web\/#\/schema\/logo\/image\/"},"sameAs":["https:\/\/www.facebook.com\/demusculos","https:\/\/x.com\/demusculos","https:\/\/www.instagram.com\/demusculos","https:\/\/www.tiktok.com\/@demusculos.com"]}]}},"_links":{"self":[{"href":"https:\/\/www.demusculos.com\/web\/wp-json\/wp\/v2\/product\/1273","targetHints":{"allow":["GET"]}}],"collection":[{"href":"https:\/\/www.demusculos.com\/web\/wp-json\/wp\/v2\/product"}],"about":[{"href":"https:\/\/www.demusculos.com\/web\/wp-json\/wp\/v2\/types\/product"}],"replies":[{"embeddable":true,"href":"https:\/\/www.demusculos.com\/web\/wp-json\/wp\/v2\/comments?post=1273"}],"wp:featuredmedia":[{"embeddable":true,"href":"https:\/\/www.demusculos.com\/web\/wp-json\/wp\/v2\/media\/1274"}],"wp:attachment":[{"href":"https:\/\/www.demusculos.com\/web\/wp-json\/wp\/v2\/media?parent=1273"}],"wp:term":[{"taxonomy":"product_brand","embeddable":true,"href":"https:\/\/www.demusculos.com\/web\/wp-json\/wp\/v2\/product_brand?post=1273"},{"taxonomy":"product_cat","embeddable":true,"href":"https:\/\/www.demusculos.com\/web\/wp-json\/wp\/v2\/product_cat?post=1273"},{"taxonomy":"product_tag","embeddable":true,"href":"https:\/\/www.demusculos.com\/web\/wp-json\/wp\/v2\/product_tag?post=1273"}],"curies":[{"name":"wp","href":"https:\/\/api.w.org\/{rel}","templated":true}]}}