{"id":1283,"date":"2024-03-01T23:11:44","date_gmt":"2024-03-02T02:11:44","guid":{"rendered":"https:\/\/www.demusculos.com\/web\/?post_type=product&#038;p=1283"},"modified":"2026-03-25T08:58:07","modified_gmt":"2026-03-25T11:58:07","slug":"nitrox-180-capsulas-xtrenght-nutrition-oxido-nitrico","status":"publish","type":"product","link":"https:\/\/www.demusculos.com\/web\/producto\/nitrox-180-capsulas-xtrenght-nutrition-oxido-nitrico\/","title":{"rendered":"Nitrox 180 c\u00e1psulas Xtrenght Nutrition \u00d3xido N\u00edtrico"},"content":{"rendered":"<h2>Nitrox 180 Xtrenght Nutrition<\/h2>\n<p><strong>Nitrox 180 Xtrenght Nutrition<\/strong> es ideal para toda las personas que buscan rendimiento, aumento de masa muscular, m\u00e1s recuperaci\u00f3n y menos fatiga<\/p>\n<figure id=\"attachment_128\" aria-describedby=\"caption-attachment-128\" style=\"width: 300px\" class=\"wp-caption alignnone\"><img decoding=\"async\" class=\"size-full wp-image-128\" src=\"https:\/\/www.demusculos.com\/web\/wp-content\/uploads\/2024\/02\/logo-xtrenght-nutrition.png\" alt=\"Los mejores suplementos naturales son Xtrenght Nutrition: Ganadores de peso, amino\u00e1cidos, glutamina, creatina y amino\u00e1cidos BCAA\" width=\"300\" height=\"60\" srcset=\"https:\/\/www.demusculos.com\/web\/wp-content\/uploads\/2024\/02\/logo-xtrenght-nutrition.png 300w, https:\/\/www.demusculos.com\/web\/wp-content\/uploads\/2024\/02\/logo-xtrenght-nutrition-150x30.png 150w\" sizes=\"(max-width: 300px) 100vw, 300px\" \/><figcaption id=\"caption-attachment-128\" class=\"wp-caption-text\">Fabricado por Xtrenght Nutrition. Una de las empresas de nutrici\u00f3n con m\u00e1s trayectoria de toda la Argentina.<\/figcaption><\/figure>\n<p>Nitrox 180 Xtrenght Nutrition tiene Arginina y Citrulina<\/p>\n<p><img fetchpriority=\"high\" decoding=\"async\" class=\"alignnone wp-image-4751 size-full\" title=\"\u00d3xido N\u00edtrico de Xtrenght Nutrition\" src=\"https:\/\/www.demusculos.com\/web\/wp-content\/uploads\/2024\/03\/oxido-nitrico-nitrox-xtrenght-nutrition-1.jpg\" alt=\"\" width=\"1080\" height=\"1080\" srcset=\"https:\/\/www.demusculos.com\/web\/wp-content\/uploads\/2024\/03\/oxido-nitrico-nitrox-xtrenght-nutrition-1.jpg 1080w, https:\/\/www.demusculos.com\/web\/wp-content\/uploads\/2024\/03\/oxido-nitrico-nitrox-xtrenght-nutrition-1-300x300.jpg 300w, https:\/\/www.demusculos.com\/web\/wp-content\/uploads\/2024\/03\/oxido-nitrico-nitrox-xtrenght-nutrition-1-150x150.jpg 150w, https:\/\/www.demusculos.com\/web\/wp-content\/uploads\/2024\/03\/oxido-nitrico-nitrox-xtrenght-nutrition-1-800x800.jpg 800w, https:\/\/www.demusculos.com\/web\/wp-content\/uploads\/2024\/03\/oxido-nitrico-nitrox-xtrenght-nutrition-1-1024x1024.jpg 1024w, https:\/\/www.demusculos.com\/web\/wp-content\/uploads\/2024\/03\/oxido-nitrico-nitrox-xtrenght-nutrition-1-768x768.jpg 768w\" sizes=\"(max-width: 1080px) 100vw, 1080px\" \/><\/p>\n<p>Beneficios de la Arginina:<\/p>\n<ol>\n<li><strong>Reducci\u00f3n del nivel de grasa corporal<\/strong>: La arginina puede ayudar a reducir la grasa corporal .<\/li>\n<li><strong>Facilitaci\u00f3n de la recuperaci\u00f3n<\/strong>: Despu\u00e9s de una carrera o ejercicio anaer\u00f3bico, la arginina elimina el amon\u00edaco de los m\u00fasculos, convirti\u00e9ndolo en urea y elimin\u00e1ndolo a trav\u00e9s de la orina.<\/li>\n<li><strong>Mejora del rendimiento atl\u00e9tico<\/strong>: La arginina puede aumentar la protecci\u00f3n del sistema inmunol\u00f3gico y mejorar la cicatrizaci\u00f3n de heridas.<\/li>\n<li><strong>Dilataci\u00f3n de los vasos sangu\u00edneos<\/strong>: La arginina se transforma en \u00f3xido n\u00edtrico, lo que mejora la circulaci\u00f3n sangu\u00ednea.<\/li>\n<li><strong>S\u00edntesis de creatina y aumento de las reservas de energ\u00eda muscular<\/strong>: La arginina tambi\u00e9n estimula la secreci\u00f3n de la hormona de crecimiento, facilitando el desarrollo muscular.<\/li>\n<\/ol>\n<p><img decoding=\"async\" class=\"alignnone wp-image-4752 size-full\" title=\"La f\u00f3rmula de Nitrox\" src=\"https:\/\/www.demusculos.com\/web\/wp-content\/uploads\/2024\/03\/oxido-nitrico-nitrox-xtrenght-nutrition-2.jpg\" alt=\"\" width=\"1080\" height=\"1080\" srcset=\"https:\/\/www.demusculos.com\/web\/wp-content\/uploads\/2024\/03\/oxido-nitrico-nitrox-xtrenght-nutrition-2.jpg 1080w, https:\/\/www.demusculos.com\/web\/wp-content\/uploads\/2024\/03\/oxido-nitrico-nitrox-xtrenght-nutrition-2-300x300.jpg 300w, https:\/\/www.demusculos.com\/web\/wp-content\/uploads\/2024\/03\/oxido-nitrico-nitrox-xtrenght-nutrition-2-150x150.jpg 150w, https:\/\/www.demusculos.com\/web\/wp-content\/uploads\/2024\/03\/oxido-nitrico-nitrox-xtrenght-nutrition-2-800x800.jpg 800w, https:\/\/www.demusculos.com\/web\/wp-content\/uploads\/2024\/03\/oxido-nitrico-nitrox-xtrenght-nutrition-2-1024x1024.jpg 1024w, https:\/\/www.demusculos.com\/web\/wp-content\/uploads\/2024\/03\/oxido-nitrico-nitrox-xtrenght-nutrition-2-768x768.jpg 768w\" sizes=\"(max-width: 1080px) 100vw, 1080px\" \/><\/p>\n<p>Beneficio de la Citrulina:<\/p>\n<ol>\n<li><strong>Tratamiento de los trastornos del ciclo de la urea<\/strong>: La citrulina se utiliza en el tratamiento de enfermedades gen\u00e9ticas que afectan la capacidad del organismo para eliminar los residuos a trav\u00e9s de la orina.\u00a0Estos trastornos se derivan de problemas gen\u00e9ticos que interfieren con la creaci\u00f3n de enzimas necesarias para la ruptura del amon\u00edaco.<\/li>\n<li><strong>Efectos cardiovasculares ben\u00e9ficos<\/strong>: Se cree que la citrulina mejora la circulaci\u00f3n sangu\u00ednea y tiene propiedades antioxidantes y antiinflamatorias.\u00a0Esto puede tener un impacto positivo en la salud cardiovascular.<\/li>\n<li><strong>Tratamiento de la disfunci\u00f3n er\u00e9ctil<\/strong>: La citrulina tambi\u00e9n se ha estudiado en relaci\u00f3n con la mejora de la funci\u00f3n er\u00e9ctil.\u00a0Se cree que aumenta la producci\u00f3n de \u00f3xido n\u00edtrico, lo que puede ayudar en casos de disfunci\u00f3n er\u00e9ctil.<\/li>\n<li><strong>Mejora del rendimiento en actividades f\u00edsicas<\/strong>: La suplementaci\u00f3n con citrulina puede reducir la fatiga muscular y mejorar la resistencia tanto en ejercicios aer\u00f3bicos prolongados como en ejercicios anaer\u00f3bicos<\/li>\n<\/ol>\n<p><img loading=\"lazy\" decoding=\"async\" class=\"alignnone wp-image-4753 size-full\" title=\"Beneficios del \u00f3xido n\u00edtrico\" src=\"https:\/\/www.demusculos.com\/web\/wp-content\/uploads\/2024\/03\/oxido-nitrico-nitrox-xtrenght-nutrition-3.jpg\" alt=\"\" width=\"1080\" height=\"1080\" srcset=\"https:\/\/www.demusculos.com\/web\/wp-content\/uploads\/2024\/03\/oxido-nitrico-nitrox-xtrenght-nutrition-3.jpg 1080w, https:\/\/www.demusculos.com\/web\/wp-content\/uploads\/2024\/03\/oxido-nitrico-nitrox-xtrenght-nutrition-3-300x300.jpg 300w, https:\/\/www.demusculos.com\/web\/wp-content\/uploads\/2024\/03\/oxido-nitrico-nitrox-xtrenght-nutrition-3-150x150.jpg 150w, https:\/\/www.demusculos.com\/web\/wp-content\/uploads\/2024\/03\/oxido-nitrico-nitrox-xtrenght-nutrition-3-800x800.jpg 800w, https:\/\/www.demusculos.com\/web\/wp-content\/uploads\/2024\/03\/oxido-nitrico-nitrox-xtrenght-nutrition-3-1024x1024.jpg 1024w, https:\/\/www.demusculos.com\/web\/wp-content\/uploads\/2024\/03\/oxido-nitrico-nitrox-xtrenght-nutrition-3-768x768.jpg 768w\" sizes=\"(max-width: 1080px) 100vw, 1080px\" \/><\/p>\n<figure id=\"attachment_6469\" aria-describedby=\"caption-attachment-6469\" style=\"width: 1080px\" class=\"wp-caption alignnone\"><img loading=\"lazy\" decoding=\"async\" class=\"size-full wp-image-6469\" src=\"https:\/\/www.demusculos.com\/web\/wp-content\/uploads\/2024\/03\/NITROX-oxido-nitrico-xtrenght-x180-4.jpg\" alt=\"Nitrox x 180 caps de Xtrenght Nutrition\" width=\"1080\" height=\"1080\" srcset=\"https:\/\/www.demusculos.com\/web\/wp-content\/uploads\/2024\/03\/NITROX-oxido-nitrico-xtrenght-x180-4.jpg 1080w, https:\/\/www.demusculos.com\/web\/wp-content\/uploads\/2024\/03\/NITROX-oxido-nitrico-xtrenght-x180-4-300x300.jpg 300w, https:\/\/www.demusculos.com\/web\/wp-content\/uploads\/2024\/03\/NITROX-oxido-nitrico-xtrenght-x180-4-150x150.jpg 150w, https:\/\/www.demusculos.com\/web\/wp-content\/uploads\/2024\/03\/NITROX-oxido-nitrico-xtrenght-x180-4-800x800.jpg 800w, https:\/\/www.demusculos.com\/web\/wp-content\/uploads\/2024\/03\/NITROX-oxido-nitrico-xtrenght-x180-4-1024x1024.jpg 1024w, https:\/\/www.demusculos.com\/web\/wp-content\/uploads\/2024\/03\/NITROX-oxido-nitrico-xtrenght-x180-4-768x768.jpg 768w\" sizes=\"(max-width: 1080px) 100vw, 1080px\" \/><figcaption id=\"caption-attachment-6469\" class=\"wp-caption-text\">\u00d3xido N\u00edtrico<\/figcaption><\/figure>\n<figure id=\"attachment_6470\" aria-describedby=\"caption-attachment-6470\" style=\"width: 1080px\" class=\"wp-caption alignnone\"><img loading=\"lazy\" decoding=\"async\" class=\"size-full wp-image-6470\" src=\"https:\/\/www.demusculos.com\/web\/wp-content\/uploads\/2024\/03\/NITROX-oxido-nitrico-xtrenght-x180-5.jpg\" alt=\"Nitrox x 180 caps de Xtrenght Nutrition\" width=\"1080\" height=\"1080\" srcset=\"https:\/\/www.demusculos.com\/web\/wp-content\/uploads\/2024\/03\/NITROX-oxido-nitrico-xtrenght-x180-5.jpg 1080w, https:\/\/www.demusculos.com\/web\/wp-content\/uploads\/2024\/03\/NITROX-oxido-nitrico-xtrenght-x180-5-300x300.jpg 300w, https:\/\/www.demusculos.com\/web\/wp-content\/uploads\/2024\/03\/NITROX-oxido-nitrico-xtrenght-x180-5-150x150.jpg 150w, https:\/\/www.demusculos.com\/web\/wp-content\/uploads\/2024\/03\/NITROX-oxido-nitrico-xtrenght-x180-5-800x800.jpg 800w, https:\/\/www.demusculos.com\/web\/wp-content\/uploads\/2024\/03\/NITROX-oxido-nitrico-xtrenght-x180-5-1024x1024.jpg 1024w, https:\/\/www.demusculos.com\/web\/wp-content\/uploads\/2024\/03\/NITROX-oxido-nitrico-xtrenght-x180-5-768x768.jpg 768w\" sizes=\"(max-width: 1080px) 100vw, 1080px\" \/><figcaption id=\"caption-attachment-6470\" class=\"wp-caption-text\">Beneficios<\/figcaption><\/figure>\n","protected":false},"excerpt":{"rendered":"<p>Poderoso vasodilatador deportivo o uso sexual. A base de Arginina. Transporte de nutrientes y oxigeno hacia la fibra muscular. Mejora el rendimiento y la masa muscular. Fabricado en Argentina por Xtrenght Nutrition. La marca m\u00e1s reconocida en el gimnasio.<\/p>\n","protected":false},"featured_media":18454,"comment_status":"closed","ping_status":"closed","template":"","meta":[],"product_brand":[233],"product_cat":[53],"product_tag":[36],"class_list":{"0":"post-1283","1":"product","2":"type-product","3":"status-publish","4":"has-post-thumbnail","6":"product_brand-xtrenght-nutrition","7":"product_cat-oxido-nitrico","8":"product_tag-xtrenght","10":"first","11":"instock","12":"sale","13":"shipping-taxable","14":"purchasable","15":"product-type-simple"},"yoast_head":"<!-- This site is optimized with the Yoast SEO plugin v27.3 - https:\/\/yoast.com\/product\/yoast-seo-wordpress\/ -->\n<title>Nitrox 180 Xtrenght Nutrition | \u00d3xido N\u00edtrico | DeMusculos.com<\/title>\n<meta name=\"description\" content=\"Nitrox 180 Xtrenght Nutrition es un excelente vasodilatador, un precursor de \u00f3xido n\u00edtrico que ayuda a prevenir la fatiga y aumentar rendimienot y masa.\" \/>\n<meta name=\"robots\" content=\"index, follow, max-snippet:-1, max-image-preview:large, max-video-preview:-1\" \/>\n<link rel=\"canonical\" href=\"https:\/\/www.demusculos.com\/web\/producto\/nitrox-180-capsulas-xtrenght-nutrition-oxido-nitrico\/\" \/>\n<meta property=\"og:locale\" content=\"es_ES\" \/>\n<meta property=\"og:type\" content=\"article\" \/>\n<meta property=\"og:title\" content=\"Nitrox 180 Xtrenght Nutrition | \u00d3xido N\u00edtrico | DeMusculos.com\" \/>\n<meta property=\"og:description\" content=\"Nitrox 180 Xtrenght Nutrition es un excelente vasodilatador, un precursor de \u00f3xido n\u00edtrico que ayuda a prevenir la fatiga y aumentar rendimienot y masa.\" \/>\n<meta property=\"og:url\" content=\"https:\/\/www.demusculos.com\/web\/producto\/nitrox-180-capsulas-xtrenght-nutrition-oxido-nitrico\/\" \/>\n<meta property=\"og:site_name\" content=\"DeMusculos\" \/>\n<meta property=\"article:publisher\" content=\"https:\/\/www.facebook.com\/demusculos\" \/>\n<meta property=\"article:modified_time\" content=\"2026-03-25T11:58:07+00:00\" \/>\n<meta property=\"og:image\" content=\"https:\/\/www.demusculos.com\/web\/wp-content\/uploads\/2024\/03\/nitrox-xtrenght-01.webp\" \/>\n\t<meta property=\"og:image:width\" content=\"1200\" \/>\n\t<meta property=\"og:image:height\" content=\"1200\" \/>\n\t<meta property=\"og:image:type\" content=\"image\/webp\" \/>\n<meta name=\"twitter:card\" content=\"summary_large_image\" \/>\n<meta name=\"twitter:site\" content=\"@demusculos\" \/>\n<meta name=\"twitter:label1\" content=\"Tiempo de lectura\" \/>\n\t<meta name=\"twitter:data1\" content=\"3 minutos\" \/>\n<script type=\"application\/ld+json\" class=\"yoast-schema-graph\">{\"@context\":\"https:\\\/\\\/schema.org\",\"@graph\":[{\"@type\":\"WebPage\",\"@id\":\"https:\\\/\\\/www.demusculos.com\\\/web\\\/producto\\\/nitrox-180-capsulas-xtrenght-nutrition-oxido-nitrico\\\/\",\"url\":\"https:\\\/\\\/www.demusculos.com\\\/web\\\/producto\\\/nitrox-180-capsulas-xtrenght-nutrition-oxido-nitrico\\\/\",\"name\":\"Nitrox 180 Xtrenght Nutrition | \u00d3xido N\u00edtrico | DeMusculos.com\",\"isPartOf\":{\"@id\":\"https:\\\/\\\/www.demusculos.com\\\/web\\\/#website\"},\"primaryImageOfPage\":{\"@id\":\"https:\\\/\\\/www.demusculos.com\\\/web\\\/producto\\\/nitrox-180-capsulas-xtrenght-nutrition-oxido-nitrico\\\/#primaryimage\"},\"image\":{\"@id\":\"https:\\\/\\\/www.demusculos.com\\\/web\\\/producto\\\/nitrox-180-capsulas-xtrenght-nutrition-oxido-nitrico\\\/#primaryimage\"},\"thumbnailUrl\":\"https:\\\/\\\/www.demusculos.com\\\/web\\\/wp-content\\\/uploads\\\/2024\\\/03\\\/nitrox-xtrenght-01.webp\",\"datePublished\":\"2024-03-02T02:11:44+00:00\",\"dateModified\":\"2026-03-25T11:58:07+00:00\",\"description\":\"Nitrox 180 Xtrenght Nutrition es un excelente vasodilatador, un precursor de \u00f3xido n\u00edtrico que ayuda a prevenir la fatiga y aumentar rendimienot y masa.\",\"breadcrumb\":{\"@id\":\"https:\\\/\\\/www.demusculos.com\\\/web\\\/producto\\\/nitrox-180-capsulas-xtrenght-nutrition-oxido-nitrico\\\/#breadcrumb\"},\"inLanguage\":\"es\",\"potentialAction\":[{\"@type\":\"ReadAction\",\"target\":[\"https:\\\/\\\/www.demusculos.com\\\/web\\\/producto\\\/nitrox-180-capsulas-xtrenght-nutrition-oxido-nitrico\\\/\"]}]},{\"@type\":\"ImageObject\",\"inLanguage\":\"es\",\"@id\":\"https:\\\/\\\/www.demusculos.com\\\/web\\\/producto\\\/nitrox-180-capsulas-xtrenght-nutrition-oxido-nitrico\\\/#primaryimage\",\"url\":\"https:\\\/\\\/www.demusculos.com\\\/web\\\/wp-content\\\/uploads\\\/2024\\\/03\\\/nitrox-xtrenght-01.webp\",\"contentUrl\":\"https:\\\/\\\/www.demusculos.com\\\/web\\\/wp-content\\\/uploads\\\/2024\\\/03\\\/nitrox-xtrenght-01.webp\",\"width\":1200,\"height\":1200,\"caption\":\"Nitrox de Xtrenght\"},{\"@type\":\"BreadcrumbList\",\"@id\":\"https:\\\/\\\/www.demusculos.com\\\/web\\\/producto\\\/nitrox-180-capsulas-xtrenght-nutrition-oxido-nitrico\\\/#breadcrumb\",\"itemListElement\":[{\"@type\":\"ListItem\",\"position\":1,\"name\":\"Inicio\",\"item\":\"https:\\\/\\\/www.demusculos.com\\\/web\\\/\"},{\"@type\":\"ListItem\",\"position\":2,\"name\":\"Suplementos\",\"item\":\"https:\\\/\\\/www.demusculos.com\\\/web\\\/tienda\\\/\"},{\"@type\":\"ListItem\",\"position\":3,\"name\":\"Nitrox 180 c\u00e1psulas Xtrenght Nutrition \u00d3xido N\u00edtrico\"}]},{\"@type\":\"WebSite\",\"@id\":\"https:\\\/\\\/www.demusculos.com\\\/web\\\/#website\",\"url\":\"https:\\\/\\\/www.demusculos.com\\\/web\\\/\",\"name\":\"DeMusculos.com\",\"description\":\"Suplementos Naturales\",\"publisher\":{\"@id\":\"https:\\\/\\\/www.demusculos.com\\\/web\\\/#organization\"},\"alternateName\":\"Suplementos Naturales\",\"potentialAction\":[{\"@type\":\"SearchAction\",\"target\":{\"@type\":\"EntryPoint\",\"urlTemplate\":\"https:\\\/\\\/www.demusculos.com\\\/web\\\/?s={search_term_string}\"},\"query-input\":{\"@type\":\"PropertyValueSpecification\",\"valueRequired\":true,\"valueName\":\"search_term_string\"}}],\"inLanguage\":\"es\"},{\"@type\":\"Organization\",\"@id\":\"https:\\\/\\\/www.demusculos.com\\\/web\\\/#organization\",\"name\":\"DeMusculos.com\",\"alternateName\":\"DeMusculos\",\"url\":\"https:\\\/\\\/www.demusculos.com\\\/web\\\/\",\"logo\":{\"@type\":\"ImageObject\",\"inLanguage\":\"es\",\"@id\":\"https:\\\/\\\/www.demusculos.com\\\/web\\\/#\\\/schema\\\/logo\\\/image\\\/\",\"url\":\"https:\\\/\\\/www.demusculos.com\\\/web\\\/wp-content\\\/uploads\\\/2024\\\/02\\\/logo-demusculos-prestashop-usuario.png\",\"contentUrl\":\"https:\\\/\\\/www.demusculos.com\\\/web\\\/wp-content\\\/uploads\\\/2024\\\/02\\\/logo-demusculos-prestashop-usuario.png\",\"width\":150,\"height\":150,\"caption\":\"DeMusculos.com\"},\"image\":{\"@id\":\"https:\\\/\\\/www.demusculos.com\\\/web\\\/#\\\/schema\\\/logo\\\/image\\\/\"},\"sameAs\":[\"https:\\\/\\\/www.facebook.com\\\/demusculos\",\"https:\\\/\\\/x.com\\\/demusculos\",\"https:\\\/\\\/www.instagram.com\\\/demusculos\",\"https:\\\/\\\/www.tiktok.com\\\/@demusculos.com\"]}]}<\/script>\n<!-- \/ Yoast SEO plugin. -->","yoast_head_json":{"title":"Nitrox 180 Xtrenght Nutrition | \u00d3xido N\u00edtrico | DeMusculos.com","description":"Nitrox 180 Xtrenght Nutrition es un excelente vasodilatador, un precursor de \u00f3xido n\u00edtrico que ayuda a prevenir la fatiga y aumentar rendimienot y masa.","robots":{"index":"index","follow":"follow","max-snippet":"max-snippet:-1","max-image-preview":"max-image-preview:large","max-video-preview":"max-video-preview:-1"},"canonical":"https:\/\/www.demusculos.com\/web\/producto\/nitrox-180-capsulas-xtrenght-nutrition-oxido-nitrico\/","og_locale":"es_ES","og_type":"article","og_title":"Nitrox 180 Xtrenght Nutrition | \u00d3xido N\u00edtrico | DeMusculos.com","og_description":"Nitrox 180 Xtrenght Nutrition es un excelente vasodilatador, un precursor de \u00f3xido n\u00edtrico que ayuda a prevenir la fatiga y aumentar rendimienot y masa.","og_url":"https:\/\/www.demusculos.com\/web\/producto\/nitrox-180-capsulas-xtrenght-nutrition-oxido-nitrico\/","og_site_name":"DeMusculos","article_publisher":"https:\/\/www.facebook.com\/demusculos","article_modified_time":"2026-03-25T11:58:07+00:00","og_image":[{"width":1200,"height":1200,"url":"https:\/\/www.demusculos.com\/web\/wp-content\/uploads\/2024\/03\/nitrox-xtrenght-01.webp","type":"image\/webp"}],"twitter_card":"summary_large_image","twitter_site":"@demusculos","twitter_misc":{"Tiempo de lectura":"3 minutos"},"schema":{"@context":"https:\/\/schema.org","@graph":[{"@type":"WebPage","@id":"https:\/\/www.demusculos.com\/web\/producto\/nitrox-180-capsulas-xtrenght-nutrition-oxido-nitrico\/","url":"https:\/\/www.demusculos.com\/web\/producto\/nitrox-180-capsulas-xtrenght-nutrition-oxido-nitrico\/","name":"Nitrox 180 Xtrenght Nutrition | \u00d3xido N\u00edtrico | DeMusculos.com","isPartOf":{"@id":"https:\/\/www.demusculos.com\/web\/#website"},"primaryImageOfPage":{"@id":"https:\/\/www.demusculos.com\/web\/producto\/nitrox-180-capsulas-xtrenght-nutrition-oxido-nitrico\/#primaryimage"},"image":{"@id":"https:\/\/www.demusculos.com\/web\/producto\/nitrox-180-capsulas-xtrenght-nutrition-oxido-nitrico\/#primaryimage"},"thumbnailUrl":"https:\/\/www.demusculos.com\/web\/wp-content\/uploads\/2024\/03\/nitrox-xtrenght-01.webp","datePublished":"2024-03-02T02:11:44+00:00","dateModified":"2026-03-25T11:58:07+00:00","description":"Nitrox 180 Xtrenght Nutrition es un excelente vasodilatador, un precursor de \u00f3xido n\u00edtrico que ayuda a prevenir la fatiga y aumentar rendimienot y masa.","breadcrumb":{"@id":"https:\/\/www.demusculos.com\/web\/producto\/nitrox-180-capsulas-xtrenght-nutrition-oxido-nitrico\/#breadcrumb"},"inLanguage":"es","potentialAction":[{"@type":"ReadAction","target":["https:\/\/www.demusculos.com\/web\/producto\/nitrox-180-capsulas-xtrenght-nutrition-oxido-nitrico\/"]}]},{"@type":"ImageObject","inLanguage":"es","@id":"https:\/\/www.demusculos.com\/web\/producto\/nitrox-180-capsulas-xtrenght-nutrition-oxido-nitrico\/#primaryimage","url":"https:\/\/www.demusculos.com\/web\/wp-content\/uploads\/2024\/03\/nitrox-xtrenght-01.webp","contentUrl":"https:\/\/www.demusculos.com\/web\/wp-content\/uploads\/2024\/03\/nitrox-xtrenght-01.webp","width":1200,"height":1200,"caption":"Nitrox de Xtrenght"},{"@type":"BreadcrumbList","@id":"https:\/\/www.demusculos.com\/web\/producto\/nitrox-180-capsulas-xtrenght-nutrition-oxido-nitrico\/#breadcrumb","itemListElement":[{"@type":"ListItem","position":1,"name":"Inicio","item":"https:\/\/www.demusculos.com\/web\/"},{"@type":"ListItem","position":2,"name":"Suplementos","item":"https:\/\/www.demusculos.com\/web\/tienda\/"},{"@type":"ListItem","position":3,"name":"Nitrox 180 c\u00e1psulas Xtrenght Nutrition \u00d3xido N\u00edtrico"}]},{"@type":"WebSite","@id":"https:\/\/www.demusculos.com\/web\/#website","url":"https:\/\/www.demusculos.com\/web\/","name":"DeMusculos.com","description":"Suplementos Naturales","publisher":{"@id":"https:\/\/www.demusculos.com\/web\/#organization"},"alternateName":"Suplementos Naturales","potentialAction":[{"@type":"SearchAction","target":{"@type":"EntryPoint","urlTemplate":"https:\/\/www.demusculos.com\/web\/?s={search_term_string}"},"query-input":{"@type":"PropertyValueSpecification","valueRequired":true,"valueName":"search_term_string"}}],"inLanguage":"es"},{"@type":"Organization","@id":"https:\/\/www.demusculos.com\/web\/#organization","name":"DeMusculos.com","alternateName":"DeMusculos","url":"https:\/\/www.demusculos.com\/web\/","logo":{"@type":"ImageObject","inLanguage":"es","@id":"https:\/\/www.demusculos.com\/web\/#\/schema\/logo\/image\/","url":"https:\/\/www.demusculos.com\/web\/wp-content\/uploads\/2024\/02\/logo-demusculos-prestashop-usuario.png","contentUrl":"https:\/\/www.demusculos.com\/web\/wp-content\/uploads\/2024\/02\/logo-demusculos-prestashop-usuario.png","width":150,"height":150,"caption":"DeMusculos.com"},"image":{"@id":"https:\/\/www.demusculos.com\/web\/#\/schema\/logo\/image\/"},"sameAs":["https:\/\/www.facebook.com\/demusculos","https:\/\/x.com\/demusculos","https:\/\/www.instagram.com\/demusculos","https:\/\/www.tiktok.com\/@demusculos.com"]}]}},"_links":{"self":[{"href":"https:\/\/www.demusculos.com\/web\/wp-json\/wp\/v2\/product\/1283","targetHints":{"allow":["GET"]}}],"collection":[{"href":"https:\/\/www.demusculos.com\/web\/wp-json\/wp\/v2\/product"}],"about":[{"href":"https:\/\/www.demusculos.com\/web\/wp-json\/wp\/v2\/types\/product"}],"replies":[{"embeddable":true,"href":"https:\/\/www.demusculos.com\/web\/wp-json\/wp\/v2\/comments?post=1283"}],"wp:featuredmedia":[{"embeddable":true,"href":"https:\/\/www.demusculos.com\/web\/wp-json\/wp\/v2\/media\/18454"}],"wp:attachment":[{"href":"https:\/\/www.demusculos.com\/web\/wp-json\/wp\/v2\/media?parent=1283"}],"wp:term":[{"taxonomy":"product_brand","embeddable":true,"href":"https:\/\/www.demusculos.com\/web\/wp-json\/wp\/v2\/product_brand?post=1283"},{"taxonomy":"product_cat","embeddable":true,"href":"https:\/\/www.demusculos.com\/web\/wp-json\/wp\/v2\/product_cat?post=1283"},{"taxonomy":"product_tag","embeddable":true,"href":"https:\/\/www.demusculos.com\/web\/wp-json\/wp\/v2\/product_tag?post=1283"}],"curies":[{"name":"wp","href":"https:\/\/api.w.org\/{rel}","templated":true}]}}