{"id":1289,"date":"2024-03-01T23:18:16","date_gmt":"2024-03-02T02:18:16","guid":{"rendered":"https:\/\/www.demusculos.com\/web\/?post_type=product&#038;p=1289"},"modified":"2026-04-21T20:19:29","modified_gmt":"2026-04-21T23:19:29","slug":"bcaa-pro-x100-capsulas-xtrenght-nutrition","status":"publish","type":"product","link":"https:\/\/www.demusculos.com\/web\/producto\/bcaa-pro-x100-capsulas-xtrenght-nutrition\/","title":{"rendered":"Bcaa Pro x100 c\u00e1psulas Xtrenght Nutrition"},"content":{"rendered":"<h2><img fetchpriority=\"high\" decoding=\"async\" class=\"alignnone size-full wp-image-13908\" src=\"https:\/\/www.demusculos.com\/web\/wp-content\/uploads\/2024\/03\/bcaa-pro-x120-caps-xtrenght-01.webp\" alt=\"Bcaa Pro x 120 c\u00e1psulas de Xtrenght\" width=\"1080\" height=\"1080\" srcset=\"https:\/\/www.demusculos.com\/web\/wp-content\/uploads\/2024\/03\/bcaa-pro-x120-caps-xtrenght-01.webp 1080w, https:\/\/www.demusculos.com\/web\/wp-content\/uploads\/2024\/03\/bcaa-pro-x120-caps-xtrenght-01-300x300.webp 300w, https:\/\/www.demusculos.com\/web\/wp-content\/uploads\/2024\/03\/bcaa-pro-x120-caps-xtrenght-01-1024x1024.webp 1024w, https:\/\/www.demusculos.com\/web\/wp-content\/uploads\/2024\/03\/bcaa-pro-x120-caps-xtrenght-01-150x150.webp 150w, https:\/\/www.demusculos.com\/web\/wp-content\/uploads\/2024\/03\/bcaa-pro-x120-caps-xtrenght-01-768x768.webp 768w, https:\/\/www.demusculos.com\/web\/wp-content\/uploads\/2024\/03\/bcaa-pro-x120-caps-xtrenght-01-990x990.webp 990w, https:\/\/www.demusculos.com\/web\/wp-content\/uploads\/2024\/03\/bcaa-pro-x120-caps-xtrenght-01-441x441.webp 441w, https:\/\/www.demusculos.com\/web\/wp-content\/uploads\/2024\/03\/bcaa-pro-x120-caps-xtrenght-01-100x100.webp 100w, https:\/\/www.demusculos.com\/web\/wp-content\/uploads\/2024\/03\/bcaa-pro-x120-caps-xtrenght-01-800x800.webp 800w\" sizes=\"(max-width: 1080px) 100vw, 1080px\" \/><\/h2>\n<h2>Pro Bcaa 120 Xtrenght Nutrition<\/h2>\n<p>Pro Bcaa 120 Xtrenght es un excelente amino\u00e1cido que permite elevar los niveles de rendimiento a trav\u00e9s de la recuperaci\u00f3n muscular. Masa muscular y tono muscular.<\/p>\n<figure id=\"attachment_128\" aria-describedby=\"caption-attachment-128\" style=\"width: 300px\" class=\"wp-caption alignnone\"><img decoding=\"async\" class=\"size-full wp-image-128\" src=\"https:\/\/www.demusculos.com\/web\/wp-content\/uploads\/2024\/02\/logo-xtrenght-nutrition.png\" alt=\"Los mejores suplementos naturales son Xtrenght Nutrition: Ganadores de peso, amino\u00e1cidos, glutamina, creatina y amino\u00e1cidos BCAA\" width=\"300\" height=\"60\" srcset=\"https:\/\/www.demusculos.com\/web\/wp-content\/uploads\/2024\/02\/logo-xtrenght-nutrition.png 300w, https:\/\/www.demusculos.com\/web\/wp-content\/uploads\/2024\/02\/logo-xtrenght-nutrition-150x30.png 150w\" sizes=\"(max-width: 300px) 100vw, 300px\" \/><figcaption id=\"caption-attachment-128\" class=\"wp-caption-text\">Fabricado por Xtrenght Nutrition. Una de las empresas de nutrici\u00f3n con m\u00e1s trayectoria de toda la Argentina.<\/figcaption><\/figure>\n<p>Es considerado por deportistas de elite como la combinaci\u00f3n perfecta.<\/p>\n<p>Posee amino\u00e1cidos de cadena ramificada en proporci\u00f3n para una m\u00e1xima regeneraci\u00f3n muscular y es el \u00fanico del mercado que est\u00e1 potenciado con Beta Alanina, un desfatigante muscular por excelencia que te permite entrenar m\u00e1s intenso y por m\u00e1s tiempo.<\/p>\n<p><img decoding=\"async\" class=\"alignnone size-full wp-image-13909\" src=\"https:\/\/www.demusculos.com\/web\/wp-content\/uploads\/2024\/03\/bcaa-pro-x120-caps-xtrenght-02.webp\" alt=\"Bcaa Pro x 120 c\u00e1psulas de Xtrenght\" width=\"1080\" height=\"1080\" srcset=\"https:\/\/www.demusculos.com\/web\/wp-content\/uploads\/2024\/03\/bcaa-pro-x120-caps-xtrenght-02.webp 1080w, https:\/\/www.demusculos.com\/web\/wp-content\/uploads\/2024\/03\/bcaa-pro-x120-caps-xtrenght-02-300x300.webp 300w, https:\/\/www.demusculos.com\/web\/wp-content\/uploads\/2024\/03\/bcaa-pro-x120-caps-xtrenght-02-1024x1024.webp 1024w, https:\/\/www.demusculos.com\/web\/wp-content\/uploads\/2024\/03\/bcaa-pro-x120-caps-xtrenght-02-150x150.webp 150w, https:\/\/www.demusculos.com\/web\/wp-content\/uploads\/2024\/03\/bcaa-pro-x120-caps-xtrenght-02-768x768.webp 768w, https:\/\/www.demusculos.com\/web\/wp-content\/uploads\/2024\/03\/bcaa-pro-x120-caps-xtrenght-02-990x990.webp 990w, https:\/\/www.demusculos.com\/web\/wp-content\/uploads\/2024\/03\/bcaa-pro-x120-caps-xtrenght-02-441x441.webp 441w, https:\/\/www.demusculos.com\/web\/wp-content\/uploads\/2024\/03\/bcaa-pro-x120-caps-xtrenght-02-100x100.webp 100w, https:\/\/www.demusculos.com\/web\/wp-content\/uploads\/2024\/03\/bcaa-pro-x120-caps-xtrenght-02-800x800.webp 800w\" sizes=\"(max-width: 1080px) 100vw, 1080px\" \/><\/p>\n<figure id=\"attachment_385\" aria-describedby=\"caption-attachment-385\" style=\"width: 300px\" class=\"wp-caption alignnone\"><img loading=\"lazy\" decoding=\"async\" class=\"size-full wp-image-385\" src=\"https:\/\/www.demusculos.com\/web\/wp-content\/uploads\/2024\/02\/icon-recuperador-muscular.png\" alt=\"Este producto maximiza la recuperaci\u00f3n muscular. A mayor recuperaci\u00f3n muscular m\u00e1s sera el rendimiento y masa muscular magra.\" width=\"300\" height=\"300\" srcset=\"https:\/\/www.demusculos.com\/web\/wp-content\/uploads\/2024\/02\/icon-recuperador-muscular.png 300w, https:\/\/www.demusculos.com\/web\/wp-content\/uploads\/2024\/02\/icon-recuperador-muscular-150x150.png 150w\" sizes=\"(max-width: 300px) 100vw, 300px\" \/><figcaption id=\"caption-attachment-385\" class=\"wp-caption-text\">Este producto es ideal para maximizar la recuperaci\u00f3n muscular. Recuerda que a mayor recuperaci\u00f3n m\u00e1s aumento de masa muscular. No solo obtienes masa muscular, con el correr del tiempo tendr\u00e1s menos cansancio y fatiga muscular, tambi\u00e9n notaras un incremento de energ\u00eda y una mejora en el entrenamiento.<\/figcaption><\/figure>\n<p><img loading=\"lazy\" decoding=\"async\" class=\"alignnone size-full wp-image-13910\" src=\"https:\/\/www.demusculos.com\/web\/wp-content\/uploads\/2024\/03\/bcaa-pro-x120-caps-xtrenght-03.webp\" alt=\"Bcaa Pro x 120 c\u00e1psulas de Xtrenght\" width=\"1080\" height=\"1080\" srcset=\"https:\/\/www.demusculos.com\/web\/wp-content\/uploads\/2024\/03\/bcaa-pro-x120-caps-xtrenght-03.webp 1080w, https:\/\/www.demusculos.com\/web\/wp-content\/uploads\/2024\/03\/bcaa-pro-x120-caps-xtrenght-03-300x300.webp 300w, https:\/\/www.demusculos.com\/web\/wp-content\/uploads\/2024\/03\/bcaa-pro-x120-caps-xtrenght-03-1024x1024.webp 1024w, https:\/\/www.demusculos.com\/web\/wp-content\/uploads\/2024\/03\/bcaa-pro-x120-caps-xtrenght-03-150x150.webp 150w, https:\/\/www.demusculos.com\/web\/wp-content\/uploads\/2024\/03\/bcaa-pro-x120-caps-xtrenght-03-768x768.webp 768w, https:\/\/www.demusculos.com\/web\/wp-content\/uploads\/2024\/03\/bcaa-pro-x120-caps-xtrenght-03-990x990.webp 990w, https:\/\/www.demusculos.com\/web\/wp-content\/uploads\/2024\/03\/bcaa-pro-x120-caps-xtrenght-03-441x441.webp 441w, https:\/\/www.demusculos.com\/web\/wp-content\/uploads\/2024\/03\/bcaa-pro-x120-caps-xtrenght-03-100x100.webp 100w, https:\/\/www.demusculos.com\/web\/wp-content\/uploads\/2024\/03\/bcaa-pro-x120-caps-xtrenght-03-800x800.webp 800w\" sizes=\"(max-width: 1080px) 100vw, 1080px\" \/><\/p>\n<h2><strong>Beneficios de Pro Bcaa<\/strong><\/h2>\n<p>M\u00e1xima regeneraci\u00f3n muscular<br \/>\nEfecto anticatab\u00f3lico<br \/>\nDesfatigante<br \/>\nRecuperaci\u00f3n musculr y posterior aumento del tama\u00f1o del m\u00fasculo<\/p>\n<p><strong>Caracter\u00edsticas<\/strong><br \/>\nElaborado con amino\u00e1cidos puros de grado farmac\u00e9utico y de forma libre; es la m\u00e1s asimilable de todas.<\/p>\n<p>Su presentaci\u00f3n es de 120 c\u00e1psulas.<\/p>\n<p>Uso sugerido: tomar cuatro a ocho comprimidos diarios antes o despu\u00e9s del entrenamiento.<\/p>\n<figure id=\"attachment_379\" aria-describedby=\"caption-attachment-379\" style=\"width: 300px\" class=\"wp-caption alignnone\"><img loading=\"lazy\" decoding=\"async\" class=\"size-full wp-image-379\" src=\"https:\/\/www.demusculos.com\/web\/wp-content\/uploads\/2024\/02\/icon-capsulas-facil-digestion.png\" alt=\"C\u00e1psulas | Comprimidos de f\u00e1cil toma\" width=\"300\" height=\"300\" srcset=\"https:\/\/www.demusculos.com\/web\/wp-content\/uploads\/2024\/02\/icon-capsulas-facil-digestion.png 300w, https:\/\/www.demusculos.com\/web\/wp-content\/uploads\/2024\/02\/icon-capsulas-facil-digestion-150x150.png 150w\" sizes=\"(max-width: 300px) 100vw, 300px\" \/><figcaption id=\"caption-attachment-379\" class=\"wp-caption-text\">Estas c\u00e1psulas, comprimidos y\/\/o tabletas son de f\u00e1cil toma, son verdaderamente peque\u00f1as. Tambi\u00e9n se digieren muy r\u00e1pidamente y se asimilan totalmente.<\/figcaption><\/figure>\n<p><strong>En ocho c\u00e1psulas de BCAA tienes lo siguiente<\/strong>:<br \/>\nL-Leucina 2000 mg. (<a href=\"https:\/\/www.demusculos.com\/contenidos\/l-leucina\/\">ver informaci\u00f3n<\/a>)<br \/>\nL-Isoleucina 1000 mg. (<a href=\"https:\/\/www.demusculos.com\/contenidos\/l-isoleucina\/\">ver informaci\u00f3n<\/a>)<br \/>\nL-Valina 500 mg. (<a href=\"https:\/\/www.demusculos.com\/contenidos\/l-valina\/\">ver informaci\u00f3n<\/a>)<br \/>\nBeta Alanina 500 mg. (<a href=\"https:\/\/www.demusculos.com\/contenidos\/que-es-la-beta-alanina\/\">ver informaci\u00f3n<\/a>)<br \/>\nVitamina b6 4 mg<\/p>\n<h2><span id=\"Para_que_sirve_la_beta_alanina\"><strong>\u00bfPara qu\u00e9 sirve la beta alanina en el BCAA?<\/strong><\/span><\/h2>\n<p>En tan solo un mes tomando suplementos de\u00a0<b>beta alanina,<\/b>\u00a0puedes aumentar los niveles de carnosina en el m\u00fasculo en un 60 %. Y, en dos meses, esta cantidad puede llegar hasta el 80 %. Como consecuencia, se logra una\u00a0mayor resistencia a la fatiga y se mejora el rendimiento, sobre todo al realizar ejercicios de alta intensidad.<\/p>\n<p>La suplementaci\u00f3n con\u00a0<b>beta alanina\u00a0<\/b>se considera adecuada en:<\/p>\n<ul>\n<li aria-level=\"1\">Quienes entrenan con intensidad en cualquier tipo de deporte o ejercicio de fuerza y resistencia.<\/li>\n<li aria-level=\"1\">Deportistas que realizan ejercicios de potencia y fuerza, por ejemplo, los culturistas.<\/li>\n<li aria-level=\"1\">Personas interesadas en aumentar y desarrollar su masa muscular.<\/li>\n<li aria-level=\"1\">Aquellos que realizan deportes de equipo, atletas, ciclistas, jugadores de\u00a0<i>hockey\u00a0<\/i>y futbolistas.<\/li>\n<li aria-level=\"1\">Deportistas que se sienten estancados y quieren alcanzar un nivel superior.<\/li>\n<\/ul>\n<p>Adem\u00e1s, el entrenamiento hace que se produzcan diferentes\u00a0cambios o adaptaciones en tu organismo, y la suplementaci\u00f3n con\u00a0<b>beta alanina\u00a0<\/b>puede favorecerlos.<\/p>\n<p>Del mismo modo, es interesante su uso en personas con bajas cantidades de carnosina en su organismo como, por ejemplo, mujeres, ancianos y vegetarianos. En concreto, las personas mayores obtienen un gran beneficio con este tipo de suplementos porque mejoran el estado de su masa muscular y se ayuda a reducir el pH intramuscular.<\/p>\n<p><img loading=\"lazy\" decoding=\"async\" class=\"alignnone size-full wp-image-13911\" src=\"https:\/\/www.demusculos.com\/web\/wp-content\/uploads\/2024\/03\/bcaa-pro-x120-caps-xtrenght-04.webp\" alt=\"Bcaa Pro x 120 c\u00e1psulas de Xtrenght\" width=\"1080\" height=\"1080\" srcset=\"https:\/\/www.demusculos.com\/web\/wp-content\/uploads\/2024\/03\/bcaa-pro-x120-caps-xtrenght-04.webp 1080w, https:\/\/www.demusculos.com\/web\/wp-content\/uploads\/2024\/03\/bcaa-pro-x120-caps-xtrenght-04-300x300.webp 300w, https:\/\/www.demusculos.com\/web\/wp-content\/uploads\/2024\/03\/bcaa-pro-x120-caps-xtrenght-04-1024x1024.webp 1024w, https:\/\/www.demusculos.com\/web\/wp-content\/uploads\/2024\/03\/bcaa-pro-x120-caps-xtrenght-04-150x150.webp 150w, https:\/\/www.demusculos.com\/web\/wp-content\/uploads\/2024\/03\/bcaa-pro-x120-caps-xtrenght-04-768x768.webp 768w, https:\/\/www.demusculos.com\/web\/wp-content\/uploads\/2024\/03\/bcaa-pro-x120-caps-xtrenght-04-990x990.webp 990w, https:\/\/www.demusculos.com\/web\/wp-content\/uploads\/2024\/03\/bcaa-pro-x120-caps-xtrenght-04-441x441.webp 441w, https:\/\/www.demusculos.com\/web\/wp-content\/uploads\/2024\/03\/bcaa-pro-x120-caps-xtrenght-04-100x100.webp 100w, https:\/\/www.demusculos.com\/web\/wp-content\/uploads\/2024\/03\/bcaa-pro-x120-caps-xtrenght-04-800x800.webp 800w\" sizes=\"(max-width: 1080px) 100vw, 1080px\" \/><\/p>\n<p><img loading=\"lazy\" decoding=\"async\" class=\"alignnone size-full wp-image-13912\" src=\"https:\/\/www.demusculos.com\/web\/wp-content\/uploads\/2024\/03\/bcaa-pro-x120-caps-xtrenght-05.webp\" alt=\"Bcaa Pro x 120 c\u00e1psulas de Xtrenght\" width=\"1080\" height=\"1080\" srcset=\"https:\/\/www.demusculos.com\/web\/wp-content\/uploads\/2024\/03\/bcaa-pro-x120-caps-xtrenght-05.webp 1080w, https:\/\/www.demusculos.com\/web\/wp-content\/uploads\/2024\/03\/bcaa-pro-x120-caps-xtrenght-05-300x300.webp 300w, https:\/\/www.demusculos.com\/web\/wp-content\/uploads\/2024\/03\/bcaa-pro-x120-caps-xtrenght-05-1024x1024.webp 1024w, https:\/\/www.demusculos.com\/web\/wp-content\/uploads\/2024\/03\/bcaa-pro-x120-caps-xtrenght-05-150x150.webp 150w, https:\/\/www.demusculos.com\/web\/wp-content\/uploads\/2024\/03\/bcaa-pro-x120-caps-xtrenght-05-768x768.webp 768w, https:\/\/www.demusculos.com\/web\/wp-content\/uploads\/2024\/03\/bcaa-pro-x120-caps-xtrenght-05-990x990.webp 990w, https:\/\/www.demusculos.com\/web\/wp-content\/uploads\/2024\/03\/bcaa-pro-x120-caps-xtrenght-05-441x441.webp 441w, https:\/\/www.demusculos.com\/web\/wp-content\/uploads\/2024\/03\/bcaa-pro-x120-caps-xtrenght-05-100x100.webp 100w, https:\/\/www.demusculos.com\/web\/wp-content\/uploads\/2024\/03\/bcaa-pro-x120-caps-xtrenght-05-800x800.webp 800w\" sizes=\"(max-width: 1080px) 100vw, 1080px\" \/><\/p>\n","protected":false},"excerpt":{"rendered":"<p>Ideal para recuperaci\u00f3n, rendimiento y aumento de masa muscular. Amino\u00e1cidos Ramificados o BCAA a base de leucina, valina e isoleucina, amino\u00e1cidos que promueven un mayor desarrollo muscular.<\/p>\n","protected":false},"featured_media":1290,"comment_status":"closed","ping_status":"closed","template":"","meta":[],"product_brand":[233],"product_cat":[25],"product_tag":[36],"class_list":{"0":"post-1289","1":"product","2":"type-product","3":"status-publish","4":"has-post-thumbnail","6":"product_brand-xtrenght-nutrition","7":"product_cat-bcaa","8":"product_tag-xtrenght","10":"first","11":"instock","12":"sale","13":"shipping-taxable","14":"purchasable","15":"product-type-simple"},"yoast_head":"<!-- This site is optimized with the Yoast SEO plugin v27.5 - https:\/\/yoast.com\/product\/yoast-seo-wordpress\/ -->\n<title>Pro Bcaa 120 Xtrenght | Amino\u00e1cido | Recuperaci\u00f3n | DeMusculos<\/title>\n<meta name=\"description\" content=\"El Pro Bcaa 120 Xtrenght. Amino\u00e1cido de tipo ramificado ideal para aumentar rendimiento, recuperaci\u00f3n y masa muscular. Tono muscular. Todos los deportes.\" \/>\n<meta name=\"robots\" content=\"index, follow, max-snippet:-1, max-image-preview:large, max-video-preview:-1\" \/>\n<link rel=\"canonical\" href=\"https:\/\/www.demusculos.com\/web\/producto\/bcaa-pro-x100-capsulas-xtrenght-nutrition\/\" \/>\n<meta property=\"og:locale\" content=\"es_ES\" \/>\n<meta property=\"og:type\" content=\"article\" \/>\n<meta property=\"og:title\" content=\"Pro Bcaa 120 Xtrenght | Amino\u00e1cido | Recuperaci\u00f3n | DeMusculos\" \/>\n<meta property=\"og:description\" content=\"El Pro Bcaa 120 Xtrenght. Amino\u00e1cido de tipo ramificado ideal para aumentar rendimiento, recuperaci\u00f3n y masa muscular. Tono muscular. Todos los deportes.\" \/>\n<meta property=\"og:url\" content=\"https:\/\/www.demusculos.com\/web\/producto\/bcaa-pro-x100-capsulas-xtrenght-nutrition\/\" \/>\n<meta property=\"og:site_name\" content=\"DeMusculos\" \/>\n<meta property=\"article:publisher\" content=\"https:\/\/www.facebook.com\/demusculos\" \/>\n<meta property=\"article:modified_time\" content=\"2026-04-21T23:19:29+00:00\" \/>\n<meta property=\"og:image\" content=\"https:\/\/www.demusculos.com\/web\/wp-content\/uploads\/2024\/03\/bcaa-pro-xtrenght-01.jpg\" \/>\n\t<meta property=\"og:image:width\" content=\"800\" \/>\n\t<meta property=\"og:image:height\" content=\"800\" \/>\n\t<meta property=\"og:image:type\" content=\"image\/jpeg\" \/>\n<meta name=\"twitter:card\" content=\"summary_large_image\" \/>\n<meta name=\"twitter:site\" content=\"@demusculos\" \/>\n<meta name=\"twitter:label1\" content=\"Tiempo de lectura\" \/>\n\t<meta name=\"twitter:data1\" content=\"4 minutos\" \/>\n<script type=\"application\/ld+json\" class=\"yoast-schema-graph\">{\"@context\":\"https:\\\/\\\/schema.org\",\"@graph\":[{\"@type\":\"WebPage\",\"@id\":\"https:\\\/\\\/www.demusculos.com\\\/web\\\/producto\\\/bcaa-pro-x100-capsulas-xtrenght-nutrition\\\/\",\"url\":\"https:\\\/\\\/www.demusculos.com\\\/web\\\/producto\\\/bcaa-pro-x100-capsulas-xtrenght-nutrition\\\/\",\"name\":\"Pro Bcaa 120 Xtrenght | Amino\u00e1cido | Recuperaci\u00f3n | DeMusculos\",\"isPartOf\":{\"@id\":\"https:\\\/\\\/www.demusculos.com\\\/web\\\/#website\"},\"primaryImageOfPage\":{\"@id\":\"https:\\\/\\\/www.demusculos.com\\\/web\\\/producto\\\/bcaa-pro-x100-capsulas-xtrenght-nutrition\\\/#primaryimage\"},\"image\":{\"@id\":\"https:\\\/\\\/www.demusculos.com\\\/web\\\/producto\\\/bcaa-pro-x100-capsulas-xtrenght-nutrition\\\/#primaryimage\"},\"thumbnailUrl\":\"https:\\\/\\\/www.demusculos.com\\\/web\\\/wp-content\\\/uploads\\\/2024\\\/03\\\/bcaa-pro-xtrenght-01.jpg\",\"datePublished\":\"2024-03-02T02:18:16+00:00\",\"dateModified\":\"2026-04-21T23:19:29+00:00\",\"description\":\"El Pro Bcaa 120 Xtrenght. Amino\u00e1cido de tipo ramificado ideal para aumentar rendimiento, recuperaci\u00f3n y masa muscular. Tono muscular. Todos los deportes.\",\"breadcrumb\":{\"@id\":\"https:\\\/\\\/www.demusculos.com\\\/web\\\/producto\\\/bcaa-pro-x100-capsulas-xtrenght-nutrition\\\/#breadcrumb\"},\"inLanguage\":\"es\",\"potentialAction\":[{\"@type\":\"ReadAction\",\"target\":[\"https:\\\/\\\/www.demusculos.com\\\/web\\\/producto\\\/bcaa-pro-x100-capsulas-xtrenght-nutrition\\\/\"]}]},{\"@type\":\"ImageObject\",\"inLanguage\":\"es\",\"@id\":\"https:\\\/\\\/www.demusculos.com\\\/web\\\/producto\\\/bcaa-pro-x100-capsulas-xtrenght-nutrition\\\/#primaryimage\",\"url\":\"https:\\\/\\\/www.demusculos.com\\\/web\\\/wp-content\\\/uploads\\\/2024\\\/03\\\/bcaa-pro-xtrenght-01.jpg\",\"contentUrl\":\"https:\\\/\\\/www.demusculos.com\\\/web\\\/wp-content\\\/uploads\\\/2024\\\/03\\\/bcaa-pro-xtrenght-01.jpg\",\"width\":800,\"height\":800,\"caption\":\"Bcaa Pro de Xtrenght Nutrition x 100 c\u00e1sulas. Ideal recuperaci\u00f3n y rendimiento. Masa Muscular.\"},{\"@type\":\"BreadcrumbList\",\"@id\":\"https:\\\/\\\/www.demusculos.com\\\/web\\\/producto\\\/bcaa-pro-x100-capsulas-xtrenght-nutrition\\\/#breadcrumb\",\"itemListElement\":[{\"@type\":\"ListItem\",\"position\":1,\"name\":\"Inicio\",\"item\":\"https:\\\/\\\/www.demusculos.com\\\/web\\\/\"},{\"@type\":\"ListItem\",\"position\":2,\"name\":\"Suplementos\",\"item\":\"https:\\\/\\\/www.demusculos.com\\\/web\\\/tienda\\\/\"},{\"@type\":\"ListItem\",\"position\":3,\"name\":\"Bcaa Pro x100 c\u00e1psulas Xtrenght Nutrition\"}]},{\"@type\":\"WebSite\",\"@id\":\"https:\\\/\\\/www.demusculos.com\\\/web\\\/#website\",\"url\":\"https:\\\/\\\/www.demusculos.com\\\/web\\\/\",\"name\":\"DeMusculos.com\",\"description\":\"Suplementos Naturales\",\"publisher\":{\"@id\":\"https:\\\/\\\/www.demusculos.com\\\/web\\\/#organization\"},\"alternateName\":\"Suplementos Naturales\",\"potentialAction\":[{\"@type\":\"SearchAction\",\"target\":{\"@type\":\"EntryPoint\",\"urlTemplate\":\"https:\\\/\\\/www.demusculos.com\\\/web\\\/?s={search_term_string}\"},\"query-input\":{\"@type\":\"PropertyValueSpecification\",\"valueRequired\":true,\"valueName\":\"search_term_string\"}}],\"inLanguage\":\"es\"},{\"@type\":\"Organization\",\"@id\":\"https:\\\/\\\/www.demusculos.com\\\/web\\\/#organization\",\"name\":\"DeMusculos.com\",\"alternateName\":\"DeMusculos\",\"url\":\"https:\\\/\\\/www.demusculos.com\\\/web\\\/\",\"logo\":{\"@type\":\"ImageObject\",\"inLanguage\":\"es\",\"@id\":\"https:\\\/\\\/www.demusculos.com\\\/web\\\/#\\\/schema\\\/logo\\\/image\\\/\",\"url\":\"https:\\\/\\\/www.demusculos.com\\\/web\\\/wp-content\\\/uploads\\\/2024\\\/02\\\/logo-demusculos-prestashop-usuario.png\",\"contentUrl\":\"https:\\\/\\\/www.demusculos.com\\\/web\\\/wp-content\\\/uploads\\\/2024\\\/02\\\/logo-demusculos-prestashop-usuario.png\",\"width\":150,\"height\":150,\"caption\":\"DeMusculos.com\"},\"image\":{\"@id\":\"https:\\\/\\\/www.demusculos.com\\\/web\\\/#\\\/schema\\\/logo\\\/image\\\/\"},\"sameAs\":[\"https:\\\/\\\/www.facebook.com\\\/demusculos\",\"https:\\\/\\\/x.com\\\/demusculos\",\"https:\\\/\\\/www.instagram.com\\\/demusculos\",\"https:\\\/\\\/www.tiktok.com\\\/@demusculos.com\"]}]}<\/script>\n<!-- \/ Yoast SEO plugin. -->","yoast_head_json":{"title":"Pro Bcaa 120 Xtrenght | Amino\u00e1cido | Recuperaci\u00f3n | DeMusculos","description":"El Pro Bcaa 120 Xtrenght. Amino\u00e1cido de tipo ramificado ideal para aumentar rendimiento, recuperaci\u00f3n y masa muscular. Tono muscular. Todos los deportes.","robots":{"index":"index","follow":"follow","max-snippet":"max-snippet:-1","max-image-preview":"max-image-preview:large","max-video-preview":"max-video-preview:-1"},"canonical":"https:\/\/www.demusculos.com\/web\/producto\/bcaa-pro-x100-capsulas-xtrenght-nutrition\/","og_locale":"es_ES","og_type":"article","og_title":"Pro Bcaa 120 Xtrenght | Amino\u00e1cido | Recuperaci\u00f3n | DeMusculos","og_description":"El Pro Bcaa 120 Xtrenght. Amino\u00e1cido de tipo ramificado ideal para aumentar rendimiento, recuperaci\u00f3n y masa muscular. Tono muscular. Todos los deportes.","og_url":"https:\/\/www.demusculos.com\/web\/producto\/bcaa-pro-x100-capsulas-xtrenght-nutrition\/","og_site_name":"DeMusculos","article_publisher":"https:\/\/www.facebook.com\/demusculos","article_modified_time":"2026-04-21T23:19:29+00:00","og_image":[{"width":800,"height":800,"url":"https:\/\/www.demusculos.com\/web\/wp-content\/uploads\/2024\/03\/bcaa-pro-xtrenght-01.jpg","type":"image\/jpeg"}],"twitter_card":"summary_large_image","twitter_site":"@demusculos","twitter_misc":{"Tiempo de lectura":"4 minutos"},"schema":{"@context":"https:\/\/schema.org","@graph":[{"@type":"WebPage","@id":"https:\/\/www.demusculos.com\/web\/producto\/bcaa-pro-x100-capsulas-xtrenght-nutrition\/","url":"https:\/\/www.demusculos.com\/web\/producto\/bcaa-pro-x100-capsulas-xtrenght-nutrition\/","name":"Pro Bcaa 120 Xtrenght | Amino\u00e1cido | Recuperaci\u00f3n | DeMusculos","isPartOf":{"@id":"https:\/\/www.demusculos.com\/web\/#website"},"primaryImageOfPage":{"@id":"https:\/\/www.demusculos.com\/web\/producto\/bcaa-pro-x100-capsulas-xtrenght-nutrition\/#primaryimage"},"image":{"@id":"https:\/\/www.demusculos.com\/web\/producto\/bcaa-pro-x100-capsulas-xtrenght-nutrition\/#primaryimage"},"thumbnailUrl":"https:\/\/www.demusculos.com\/web\/wp-content\/uploads\/2024\/03\/bcaa-pro-xtrenght-01.jpg","datePublished":"2024-03-02T02:18:16+00:00","dateModified":"2026-04-21T23:19:29+00:00","description":"El Pro Bcaa 120 Xtrenght. Amino\u00e1cido de tipo ramificado ideal para aumentar rendimiento, recuperaci\u00f3n y masa muscular. Tono muscular. Todos los deportes.","breadcrumb":{"@id":"https:\/\/www.demusculos.com\/web\/producto\/bcaa-pro-x100-capsulas-xtrenght-nutrition\/#breadcrumb"},"inLanguage":"es","potentialAction":[{"@type":"ReadAction","target":["https:\/\/www.demusculos.com\/web\/producto\/bcaa-pro-x100-capsulas-xtrenght-nutrition\/"]}]},{"@type":"ImageObject","inLanguage":"es","@id":"https:\/\/www.demusculos.com\/web\/producto\/bcaa-pro-x100-capsulas-xtrenght-nutrition\/#primaryimage","url":"https:\/\/www.demusculos.com\/web\/wp-content\/uploads\/2024\/03\/bcaa-pro-xtrenght-01.jpg","contentUrl":"https:\/\/www.demusculos.com\/web\/wp-content\/uploads\/2024\/03\/bcaa-pro-xtrenght-01.jpg","width":800,"height":800,"caption":"Bcaa Pro de Xtrenght Nutrition x 100 c\u00e1sulas. Ideal recuperaci\u00f3n y rendimiento. Masa Muscular."},{"@type":"BreadcrumbList","@id":"https:\/\/www.demusculos.com\/web\/producto\/bcaa-pro-x100-capsulas-xtrenght-nutrition\/#breadcrumb","itemListElement":[{"@type":"ListItem","position":1,"name":"Inicio","item":"https:\/\/www.demusculos.com\/web\/"},{"@type":"ListItem","position":2,"name":"Suplementos","item":"https:\/\/www.demusculos.com\/web\/tienda\/"},{"@type":"ListItem","position":3,"name":"Bcaa Pro x100 c\u00e1psulas Xtrenght Nutrition"}]},{"@type":"WebSite","@id":"https:\/\/www.demusculos.com\/web\/#website","url":"https:\/\/www.demusculos.com\/web\/","name":"DeMusculos.com","description":"Suplementos Naturales","publisher":{"@id":"https:\/\/www.demusculos.com\/web\/#organization"},"alternateName":"Suplementos Naturales","potentialAction":[{"@type":"SearchAction","target":{"@type":"EntryPoint","urlTemplate":"https:\/\/www.demusculos.com\/web\/?s={search_term_string}"},"query-input":{"@type":"PropertyValueSpecification","valueRequired":true,"valueName":"search_term_string"}}],"inLanguage":"es"},{"@type":"Organization","@id":"https:\/\/www.demusculos.com\/web\/#organization","name":"DeMusculos.com","alternateName":"DeMusculos","url":"https:\/\/www.demusculos.com\/web\/","logo":{"@type":"ImageObject","inLanguage":"es","@id":"https:\/\/www.demusculos.com\/web\/#\/schema\/logo\/image\/","url":"https:\/\/www.demusculos.com\/web\/wp-content\/uploads\/2024\/02\/logo-demusculos-prestashop-usuario.png","contentUrl":"https:\/\/www.demusculos.com\/web\/wp-content\/uploads\/2024\/02\/logo-demusculos-prestashop-usuario.png","width":150,"height":150,"caption":"DeMusculos.com"},"image":{"@id":"https:\/\/www.demusculos.com\/web\/#\/schema\/logo\/image\/"},"sameAs":["https:\/\/www.facebook.com\/demusculos","https:\/\/x.com\/demusculos","https:\/\/www.instagram.com\/demusculos","https:\/\/www.tiktok.com\/@demusculos.com"]}]}},"_links":{"self":[{"href":"https:\/\/www.demusculos.com\/web\/wp-json\/wp\/v2\/product\/1289","targetHints":{"allow":["GET"]}}],"collection":[{"href":"https:\/\/www.demusculos.com\/web\/wp-json\/wp\/v2\/product"}],"about":[{"href":"https:\/\/www.demusculos.com\/web\/wp-json\/wp\/v2\/types\/product"}],"replies":[{"embeddable":true,"href":"https:\/\/www.demusculos.com\/web\/wp-json\/wp\/v2\/comments?post=1289"}],"wp:featuredmedia":[{"embeddable":true,"href":"https:\/\/www.demusculos.com\/web\/wp-json\/wp\/v2\/media\/1290"}],"wp:attachment":[{"href":"https:\/\/www.demusculos.com\/web\/wp-json\/wp\/v2\/media?parent=1289"}],"wp:term":[{"taxonomy":"product_brand","embeddable":true,"href":"https:\/\/www.demusculos.com\/web\/wp-json\/wp\/v2\/product_brand?post=1289"},{"taxonomy":"product_cat","embeddable":true,"href":"https:\/\/www.demusculos.com\/web\/wp-json\/wp\/v2\/product_cat?post=1289"},{"taxonomy":"product_tag","embeddable":true,"href":"https:\/\/www.demusculos.com\/web\/wp-json\/wp\/v2\/product_tag?post=1289"}],"curies":[{"name":"wp","href":"https:\/\/api.w.org\/{rel}","templated":true}]}}