{"id":1311,"date":"2024-03-03T11:22:49","date_gmt":"2024-03-03T14:22:49","guid":{"rendered":"https:\/\/www.demusculos.com\/web\/?post_type=product&#038;p=1311"},"modified":"2026-03-24T21:55:46","modified_gmt":"2026-03-25T00:55:46","slug":"cafeina-200-mg-de-ena-sport","status":"publish","type":"product","link":"https:\/\/www.demusculos.com\/web\/producto\/cafeina-200-mg-de-ena-sport\/","title":{"rendered":"Cafe\u00edna 200 mg de Ena Sport"},"content":{"rendered":"<h2>Cafe\u00edna Ena Sport<\/h2>\n<p>Cafe\u00edna Ena Sport x 60 c\u00e1psulas es ideal para mejorar el rendimiento, performance deportiva y elevar los niveles de energ\u00eda<\/p>\n<figure id=\"attachment_151\" aria-describedby=\"caption-attachment-151\" style=\"width: 446px\" class=\"wp-caption alignnone\"><img decoding=\"async\" class=\"wp-image-151 size-full\" title=\"Ena Sport\" src=\"https:\/\/www.demusculos.com\/web\/wp-content\/uploads\/2024\/02\/logo-ena-sport.png\" alt=\"Suplementos naturales Ena Sport. Empresa de nutricion Argentina.\" width=\"446\" height=\"103\" srcset=\"https:\/\/www.demusculos.com\/web\/wp-content\/uploads\/2024\/02\/logo-ena-sport.png 446w, https:\/\/www.demusculos.com\/web\/wp-content\/uploads\/2024\/02\/logo-ena-sport-300x69.png 300w, https:\/\/www.demusculos.com\/web\/wp-content\/uploads\/2024\/02\/logo-ena-sport-150x35.png 150w, https:\/\/www.demusculos.com\/web\/wp-content\/uploads\/2024\/02\/logo-ena-sport-416x96.png 416w\" sizes=\"(max-width: 446px) 100vw, 446px\" \/><figcaption id=\"caption-attachment-151\" class=\"wp-caption-text\">Este producto es fabricado por ENA SPORT (Empresa de Nutrici\u00f3n Argentina). Es una de las empresas pioneras en el rubro.<\/figcaption><\/figure>\n<figure id=\"attachment_6371\" aria-describedby=\"caption-attachment-6371\" style=\"width: 1080px\" class=\"wp-caption alignnone\"><img fetchpriority=\"high\" decoding=\"async\" class=\"wp-image-6371 size-full\" title=\"Energ\u00eda en c\u00e1psulas\" src=\"https:\/\/www.demusculos.com\/web\/wp-content\/uploads\/2024\/03\/cafeina-ena-x-60-banner-01.jpg\" alt=\"Cafe\u00edna Ena Sport x 60. Aumento de energ\u00eda y performance.\" width=\"1080\" height=\"1080\" srcset=\"https:\/\/www.demusculos.com\/web\/wp-content\/uploads\/2024\/03\/cafeina-ena-x-60-banner-01.jpg 1080w, https:\/\/www.demusculos.com\/web\/wp-content\/uploads\/2024\/03\/cafeina-ena-x-60-banner-01-300x300.jpg 300w, https:\/\/www.demusculos.com\/web\/wp-content\/uploads\/2024\/03\/cafeina-ena-x-60-banner-01-150x150.jpg 150w, https:\/\/www.demusculos.com\/web\/wp-content\/uploads\/2024\/03\/cafeina-ena-x-60-banner-01-800x800.jpg 800w, https:\/\/www.demusculos.com\/web\/wp-content\/uploads\/2024\/03\/cafeina-ena-x-60-banner-01-1024x1024.jpg 1024w, https:\/\/www.demusculos.com\/web\/wp-content\/uploads\/2024\/03\/cafeina-ena-x-60-banner-01-768x768.jpg 768w\" sizes=\"(max-width: 1080px) 100vw, 1080px\" \/><figcaption id=\"caption-attachment-6371\" class=\"wp-caption-text\">Aumenta la resistencia<\/figcaption><\/figure>\n<h3>Plan de 1 mes para aumento de energ\u00eda antes, durante y luego del entrenamiento<\/h3>\n<p><strong>Aumento de la energ\u00eda y la alerta<\/strong><br \/>\nEste suplemento natural puede mejorar la concentraci\u00f3n y el estado de alerta mental, lo que puede ser \u00fatil para mejorar la productividad y el rendimiento f\u00edsico.<\/p>\n<p><strong>Mejora del rendimiento f\u00edsico<\/strong><br \/>\nSe ha demostrado que puede mejorar la resistencia, la fuerza y la potencia muscular, lo que puede ser beneficioso para los atletas y personas que realizan actividad f\u00edsica intensa.<\/p>\n<p><strong>Reducci\u00f3n de la fatiga<\/strong><br \/>\nEn muchos estudios se demostr\u00f3 que puede reducir la sensaci\u00f3n de fatiga, lo que puede ser \u00fatil para combatir la somnolencia y mejorar el estado de \u00e1nimo.<\/p>\n<figure id=\"attachment_6372\" aria-describedby=\"caption-attachment-6372\" style=\"width: 1080px\" class=\"wp-caption alignnone\"><img decoding=\"async\" class=\"wp-image-6372 size-full\" title=\"Beneficios de la cafe\u00edna Ena Sport\" src=\"https:\/\/www.demusculos.com\/web\/wp-content\/uploads\/2024\/03\/cafeina-ena-x-60-banner-02.jpg\" alt=\"Los beneficios de la cafe\u00edna de Ena Sport x 60 c\u00e1psulas\" width=\"1080\" height=\"1080\" srcset=\"https:\/\/www.demusculos.com\/web\/wp-content\/uploads\/2024\/03\/cafeina-ena-x-60-banner-02.jpg 1080w, https:\/\/www.demusculos.com\/web\/wp-content\/uploads\/2024\/03\/cafeina-ena-x-60-banner-02-300x300.jpg 300w, https:\/\/www.demusculos.com\/web\/wp-content\/uploads\/2024\/03\/cafeina-ena-x-60-banner-02-150x150.jpg 150w, https:\/\/www.demusculos.com\/web\/wp-content\/uploads\/2024\/03\/cafeina-ena-x-60-banner-02-800x800.jpg 800w, https:\/\/www.demusculos.com\/web\/wp-content\/uploads\/2024\/03\/cafeina-ena-x-60-banner-02-1024x1024.jpg 1024w, https:\/\/www.demusculos.com\/web\/wp-content\/uploads\/2024\/03\/cafeina-ena-x-60-banner-02-768x768.jpg 768w\" sizes=\"(max-width: 1080px) 100vw, 1080px\" \/><figcaption id=\"caption-attachment-6372\" class=\"wp-caption-text\">M\u00e1s energ\u00eda y rendimiento<\/figcaption><\/figure>\n<p><strong>Control del peso<\/strong><br \/>\nEste producto puede estimular el metabolismo y aumentar la quema de grasas, lo que puede ayudar en la p\u00e9rdida de peso y la prevenci\u00f3n de la obesidad.<\/p>\n<p><strong>Mejora de la funci\u00f3n cognitiva<\/strong><br \/>\nTomar este suplemento natural puede mejorar la memoria, la atenci\u00f3n y la capacidad de aprendizaje, lo que puede ser beneficioso para estudiantes y personas que necesitan una capacidad cognitiva \u00f3ptima.<\/p>\n<figure id=\"attachment_6374\" aria-describedby=\"caption-attachment-6374\" style=\"width: 1080px\" class=\"wp-caption alignnone\"><img loading=\"lazy\" decoding=\"async\" class=\"wp-image-6374 size-full\" title=\"Cafe\u00edna x 200 mg\" src=\"https:\/\/www.demusculos.com\/web\/wp-content\/uploads\/2024\/03\/cafeina-ena-x-60-banner-03.jpg\" alt=\"200 mg de Cafe\u00edna por toma\" width=\"1080\" height=\"1080\" srcset=\"https:\/\/www.demusculos.com\/web\/wp-content\/uploads\/2024\/03\/cafeina-ena-x-60-banner-03.jpg 1080w, https:\/\/www.demusculos.com\/web\/wp-content\/uploads\/2024\/03\/cafeina-ena-x-60-banner-03-300x300.jpg 300w, https:\/\/www.demusculos.com\/web\/wp-content\/uploads\/2024\/03\/cafeina-ena-x-60-banner-03-150x150.jpg 150w, https:\/\/www.demusculos.com\/web\/wp-content\/uploads\/2024\/03\/cafeina-ena-x-60-banner-03-800x800.jpg 800w, https:\/\/www.demusculos.com\/web\/wp-content\/uploads\/2024\/03\/cafeina-ena-x-60-banner-03-1024x1024.jpg 1024w, https:\/\/www.demusculos.com\/web\/wp-content\/uploads\/2024\/03\/cafeina-ena-x-60-banner-03-768x768.jpg 768w\" sizes=\"(max-width: 1080px) 100vw, 1080px\" \/><figcaption id=\"caption-attachment-6374\" class=\"wp-caption-text\">Energ\u00eda duradera: Cafe\u00edna<\/figcaption><\/figure>\n<figure id=\"attachment_6375\" aria-describedby=\"caption-attachment-6375\" style=\"width: 1080px\" class=\"wp-caption alignnone\"><img loading=\"lazy\" decoding=\"async\" class=\"wp-image-6375 size-full\" title=\"\u00bfQuines deben tomar cafe\u00edna?\" src=\"https:\/\/www.demusculos.com\/web\/wp-content\/uploads\/2024\/03\/cafeina-ena-x-60-banner-04.jpg\" alt=\"Cafe\u00edna de Ena Sport x 60 comprimidos\" width=\"1080\" height=\"1080\" srcset=\"https:\/\/www.demusculos.com\/web\/wp-content\/uploads\/2024\/03\/cafeina-ena-x-60-banner-04.jpg 1080w, https:\/\/www.demusculos.com\/web\/wp-content\/uploads\/2024\/03\/cafeina-ena-x-60-banner-04-300x300.jpg 300w, https:\/\/www.demusculos.com\/web\/wp-content\/uploads\/2024\/03\/cafeina-ena-x-60-banner-04-150x150.jpg 150w, https:\/\/www.demusculos.com\/web\/wp-content\/uploads\/2024\/03\/cafeina-ena-x-60-banner-04-800x800.jpg 800w, https:\/\/www.demusculos.com\/web\/wp-content\/uploads\/2024\/03\/cafeina-ena-x-60-banner-04-1024x1024.jpg 1024w, https:\/\/www.demusculos.com\/web\/wp-content\/uploads\/2024\/03\/cafeina-ena-x-60-banner-04-768x768.jpg 768w\" sizes=\"(max-width: 1080px) 100vw, 1080px\" \/><figcaption id=\"caption-attachment-6375\" class=\"wp-caption-text\">Cafe\u00edna en c\u00e1psulas<\/figcaption><\/figure>\n<h3 class=\"\" data-sourcepos=\"11:1-11:20\">Otros beneficios de Cafe\u00edna Ena Sport<\/h3>\n<ul data-sourcepos=\"12:1-12:70\">\n<li data-sourcepos=\"12:1-12:70\"><strong>Reduce la percepci\u00f3n del esfuerzo:<\/strong> La cafe\u00edna puede disminuir la percepci\u00f3n del esfuerzo durante el ejercicio, lo que permite a los atletas entrenar m\u00e1s duro durante per\u00edodos m\u00e1s prolongados.<\/li>\n<li data-sourcepos=\"13:1-13:168\"><strong>Mejora el tiempo de reacci\u00f3n:<\/strong> La cafe\u00edna puede acelerar los tiempos de reacci\u00f3n, lo que puede ser especialmente \u00fatil en deportes que requieren rapidez y agilidad.<\/li>\n<li data-sourcepos=\"14:1-15:0\"><strong>Aumenta la liberaci\u00f3n de adrenalina:<\/strong> La adrenalina es una hormona que prepara al cuerpo para el ejercicio, aumentando el ritmo card\u00edaco y la presi\u00f3n arterial. La cafe\u00edna puede potenciar este efecto.<\/li>\n<\/ul>\n<h3 class=\"\" data-sourcepos=\"16:1-16:46\">\u00bfC\u00f3mo funciona la Cafe\u00edna Ena Sport en el organismo?<\/h3>\n<p data-sourcepos=\"17:1-17:104\">La cafe\u00edna act\u00faa principalmente en el sistema nervioso central, bloqueando los receptores de adenosina y estimulando la liberaci\u00f3n de neurotransmisores como la dopamina y la noradrenalina. Estos cambios neuroqu\u00edmicos producen los efectos estimulantes y ergog\u00e9nicos de la cafe\u00edna.<\/p>\n","protected":false},"excerpt":{"rendered":"<p>Idea para rendimiento general. Aumento de energ\u00eda y menos fatiga al entrenar. \u00a1El plus de energ\u00eda que necesitas para los d\u00edas de pocas ganas!<\/p>\n","protected":false},"featured_media":1312,"comment_status":"closed","ping_status":"closed","template":"","meta":[],"product_brand":[223],"product_cat":[59],"product_tag":[38,86],"class_list":{"0":"post-1311","1":"product","2":"type-product","3":"status-publish","4":"has-post-thumbnail","6":"product_brand-ena-sport","7":"product_cat-energia","8":"product_tag-ena-sport","9":"product_tag-energia","11":"first","12":"instock","13":"sale","14":"shipping-taxable","15":"purchasable","16":"product-type-simple"},"yoast_head":"<!-- This site is optimized with the Yoast SEO plugin v27.4 - https:\/\/yoast.com\/product\/yoast-seo-wordpress\/ -->\n<title>Cafe\u00edna Ena Sport | 60 c\u00e1psulas | Energ\u00eda | DeMusculos.com<\/title>\n<meta name=\"description\" content=\"Cafe\u00edna Ena Sport x60 te ayuda a mejorar la energ\u00eda y rendimiento, antes, durante y luego del entrenamiento. Para cualquier deporte. Ambos sexos. x60 caps.\" \/>\n<meta name=\"robots\" content=\"index, follow, max-snippet:-1, max-image-preview:large, max-video-preview:-1\" \/>\n<link rel=\"canonical\" href=\"https:\/\/www.demusculos.com\/web\/producto\/cafeina-200-mg-de-ena-sport\/\" \/>\n<meta property=\"og:locale\" content=\"es_ES\" \/>\n<meta property=\"og:type\" content=\"article\" \/>\n<meta property=\"og:title\" content=\"Cafe\u00edna Ena Sport | 60 c\u00e1psulas | Energ\u00eda | DeMusculos.com\" \/>\n<meta property=\"og:description\" content=\"Cafe\u00edna Ena Sport x60 te ayuda a mejorar la energ\u00eda y rendimiento, antes, durante y luego del entrenamiento. Para cualquier deporte. Ambos sexos. x60 caps.\" \/>\n<meta property=\"og:url\" content=\"https:\/\/www.demusculos.com\/web\/producto\/cafeina-200-mg-de-ena-sport\/\" \/>\n<meta property=\"og:site_name\" content=\"DeMusculos\" \/>\n<meta property=\"article:publisher\" content=\"https:\/\/www.facebook.com\/demusculos\" \/>\n<meta property=\"article:modified_time\" content=\"2026-03-25T00:55:46+00:00\" \/>\n<meta property=\"og:image\" content=\"https:\/\/www.demusculos.com\/web\/wp-content\/uploads\/2024\/03\/cafeina-ena-x-60.jpg\" \/>\n\t<meta property=\"og:image:width\" content=\"1200\" \/>\n\t<meta property=\"og:image:height\" content=\"1200\" \/>\n\t<meta property=\"og:image:type\" content=\"image\/jpeg\" \/>\n<meta name=\"twitter:card\" content=\"summary_large_image\" \/>\n<meta name=\"twitter:site\" content=\"@demusculos\" \/>\n<meta name=\"twitter:label1\" content=\"Tiempo de lectura\" \/>\n\t<meta name=\"twitter:data1\" content=\"3 minutos\" \/>\n<script type=\"application\/ld+json\" class=\"yoast-schema-graph\">{\"@context\":\"https:\\\/\\\/schema.org\",\"@graph\":[{\"@type\":\"WebPage\",\"@id\":\"https:\\\/\\\/www.demusculos.com\\\/web\\\/producto\\\/cafeina-200-mg-de-ena-sport\\\/\",\"url\":\"https:\\\/\\\/www.demusculos.com\\\/web\\\/producto\\\/cafeina-200-mg-de-ena-sport\\\/\",\"name\":\"Cafe\u00edna Ena Sport | 60 c\u00e1psulas | Energ\u00eda | DeMusculos.com\",\"isPartOf\":{\"@id\":\"https:\\\/\\\/www.demusculos.com\\\/web\\\/#website\"},\"primaryImageOfPage\":{\"@id\":\"https:\\\/\\\/www.demusculos.com\\\/web\\\/producto\\\/cafeina-200-mg-de-ena-sport\\\/#primaryimage\"},\"image\":{\"@id\":\"https:\\\/\\\/www.demusculos.com\\\/web\\\/producto\\\/cafeina-200-mg-de-ena-sport\\\/#primaryimage\"},\"thumbnailUrl\":\"https:\\\/\\\/www.demusculos.com\\\/web\\\/wp-content\\\/uploads\\\/2024\\\/03\\\/cafeina-ena-x-60.jpg\",\"datePublished\":\"2024-03-03T14:22:49+00:00\",\"dateModified\":\"2026-03-25T00:55:46+00:00\",\"description\":\"Cafe\u00edna Ena Sport x60 te ayuda a mejorar la energ\u00eda y rendimiento, antes, durante y luego del entrenamiento. Para cualquier deporte. Ambos sexos. x60 caps.\",\"breadcrumb\":{\"@id\":\"https:\\\/\\\/www.demusculos.com\\\/web\\\/producto\\\/cafeina-200-mg-de-ena-sport\\\/#breadcrumb\"},\"inLanguage\":\"es\",\"potentialAction\":[{\"@type\":\"ReadAction\",\"target\":[\"https:\\\/\\\/www.demusculos.com\\\/web\\\/producto\\\/cafeina-200-mg-de-ena-sport\\\/\"]}]},{\"@type\":\"ImageObject\",\"inLanguage\":\"es\",\"@id\":\"https:\\\/\\\/www.demusculos.com\\\/web\\\/producto\\\/cafeina-200-mg-de-ena-sport\\\/#primaryimage\",\"url\":\"https:\\\/\\\/www.demusculos.com\\\/web\\\/wp-content\\\/uploads\\\/2024\\\/03\\\/cafeina-ena-x-60.jpg\",\"contentUrl\":\"https:\\\/\\\/www.demusculos.com\\\/web\\\/wp-content\\\/uploads\\\/2024\\\/03\\\/cafeina-ena-x-60.jpg\",\"width\":1200,\"height\":1200,\"caption\":\"Cafe\u00edna Ena Sport x 60\"},{\"@type\":\"BreadcrumbList\",\"@id\":\"https:\\\/\\\/www.demusculos.com\\\/web\\\/producto\\\/cafeina-200-mg-de-ena-sport\\\/#breadcrumb\",\"itemListElement\":[{\"@type\":\"ListItem\",\"position\":1,\"name\":\"Inicio\",\"item\":\"https:\\\/\\\/www.demusculos.com\\\/web\\\/\"},{\"@type\":\"ListItem\",\"position\":2,\"name\":\"Suplementos\",\"item\":\"https:\\\/\\\/www.demusculos.com\\\/web\\\/tienda\\\/\"},{\"@type\":\"ListItem\",\"position\":3,\"name\":\"Cafe\u00edna 200 mg de Ena Sport\"}]},{\"@type\":\"WebSite\",\"@id\":\"https:\\\/\\\/www.demusculos.com\\\/web\\\/#website\",\"url\":\"https:\\\/\\\/www.demusculos.com\\\/web\\\/\",\"name\":\"DeMusculos.com\",\"description\":\"Suplementos Naturales\",\"publisher\":{\"@id\":\"https:\\\/\\\/www.demusculos.com\\\/web\\\/#organization\"},\"alternateName\":\"Suplementos Naturales\",\"potentialAction\":[{\"@type\":\"SearchAction\",\"target\":{\"@type\":\"EntryPoint\",\"urlTemplate\":\"https:\\\/\\\/www.demusculos.com\\\/web\\\/?s={search_term_string}\"},\"query-input\":{\"@type\":\"PropertyValueSpecification\",\"valueRequired\":true,\"valueName\":\"search_term_string\"}}],\"inLanguage\":\"es\"},{\"@type\":\"Organization\",\"@id\":\"https:\\\/\\\/www.demusculos.com\\\/web\\\/#organization\",\"name\":\"DeMusculos.com\",\"alternateName\":\"DeMusculos\",\"url\":\"https:\\\/\\\/www.demusculos.com\\\/web\\\/\",\"logo\":{\"@type\":\"ImageObject\",\"inLanguage\":\"es\",\"@id\":\"https:\\\/\\\/www.demusculos.com\\\/web\\\/#\\\/schema\\\/logo\\\/image\\\/\",\"url\":\"https:\\\/\\\/www.demusculos.com\\\/web\\\/wp-content\\\/uploads\\\/2024\\\/02\\\/logo-demusculos-prestashop-usuario.png\",\"contentUrl\":\"https:\\\/\\\/www.demusculos.com\\\/web\\\/wp-content\\\/uploads\\\/2024\\\/02\\\/logo-demusculos-prestashop-usuario.png\",\"width\":150,\"height\":150,\"caption\":\"DeMusculos.com\"},\"image\":{\"@id\":\"https:\\\/\\\/www.demusculos.com\\\/web\\\/#\\\/schema\\\/logo\\\/image\\\/\"},\"sameAs\":[\"https:\\\/\\\/www.facebook.com\\\/demusculos\",\"https:\\\/\\\/x.com\\\/demusculos\",\"https:\\\/\\\/www.instagram.com\\\/demusculos\",\"https:\\\/\\\/www.tiktok.com\\\/@demusculos.com\"]}]}<\/script>\n<!-- \/ Yoast SEO plugin. -->","yoast_head_json":{"title":"Cafe\u00edna Ena Sport | 60 c\u00e1psulas | Energ\u00eda | DeMusculos.com","description":"Cafe\u00edna Ena Sport x60 te ayuda a mejorar la energ\u00eda y rendimiento, antes, durante y luego del entrenamiento. Para cualquier deporte. Ambos sexos. x60 caps.","robots":{"index":"index","follow":"follow","max-snippet":"max-snippet:-1","max-image-preview":"max-image-preview:large","max-video-preview":"max-video-preview:-1"},"canonical":"https:\/\/www.demusculos.com\/web\/producto\/cafeina-200-mg-de-ena-sport\/","og_locale":"es_ES","og_type":"article","og_title":"Cafe\u00edna Ena Sport | 60 c\u00e1psulas | Energ\u00eda | DeMusculos.com","og_description":"Cafe\u00edna Ena Sport x60 te ayuda a mejorar la energ\u00eda y rendimiento, antes, durante y luego del entrenamiento. Para cualquier deporte. Ambos sexos. x60 caps.","og_url":"https:\/\/www.demusculos.com\/web\/producto\/cafeina-200-mg-de-ena-sport\/","og_site_name":"DeMusculos","article_publisher":"https:\/\/www.facebook.com\/demusculos","article_modified_time":"2026-03-25T00:55:46+00:00","og_image":[{"width":1200,"height":1200,"url":"https:\/\/www.demusculos.com\/web\/wp-content\/uploads\/2024\/03\/cafeina-ena-x-60.jpg","type":"image\/jpeg"}],"twitter_card":"summary_large_image","twitter_site":"@demusculos","twitter_misc":{"Tiempo de lectura":"3 minutos"},"schema":{"@context":"https:\/\/schema.org","@graph":[{"@type":"WebPage","@id":"https:\/\/www.demusculos.com\/web\/producto\/cafeina-200-mg-de-ena-sport\/","url":"https:\/\/www.demusculos.com\/web\/producto\/cafeina-200-mg-de-ena-sport\/","name":"Cafe\u00edna Ena Sport | 60 c\u00e1psulas | Energ\u00eda | DeMusculos.com","isPartOf":{"@id":"https:\/\/www.demusculos.com\/web\/#website"},"primaryImageOfPage":{"@id":"https:\/\/www.demusculos.com\/web\/producto\/cafeina-200-mg-de-ena-sport\/#primaryimage"},"image":{"@id":"https:\/\/www.demusculos.com\/web\/producto\/cafeina-200-mg-de-ena-sport\/#primaryimage"},"thumbnailUrl":"https:\/\/www.demusculos.com\/web\/wp-content\/uploads\/2024\/03\/cafeina-ena-x-60.jpg","datePublished":"2024-03-03T14:22:49+00:00","dateModified":"2026-03-25T00:55:46+00:00","description":"Cafe\u00edna Ena Sport x60 te ayuda a mejorar la energ\u00eda y rendimiento, antes, durante y luego del entrenamiento. Para cualquier deporte. Ambos sexos. x60 caps.","breadcrumb":{"@id":"https:\/\/www.demusculos.com\/web\/producto\/cafeina-200-mg-de-ena-sport\/#breadcrumb"},"inLanguage":"es","potentialAction":[{"@type":"ReadAction","target":["https:\/\/www.demusculos.com\/web\/producto\/cafeina-200-mg-de-ena-sport\/"]}]},{"@type":"ImageObject","inLanguage":"es","@id":"https:\/\/www.demusculos.com\/web\/producto\/cafeina-200-mg-de-ena-sport\/#primaryimage","url":"https:\/\/www.demusculos.com\/web\/wp-content\/uploads\/2024\/03\/cafeina-ena-x-60.jpg","contentUrl":"https:\/\/www.demusculos.com\/web\/wp-content\/uploads\/2024\/03\/cafeina-ena-x-60.jpg","width":1200,"height":1200,"caption":"Cafe\u00edna Ena Sport x 60"},{"@type":"BreadcrumbList","@id":"https:\/\/www.demusculos.com\/web\/producto\/cafeina-200-mg-de-ena-sport\/#breadcrumb","itemListElement":[{"@type":"ListItem","position":1,"name":"Inicio","item":"https:\/\/www.demusculos.com\/web\/"},{"@type":"ListItem","position":2,"name":"Suplementos","item":"https:\/\/www.demusculos.com\/web\/tienda\/"},{"@type":"ListItem","position":3,"name":"Cafe\u00edna 200 mg de Ena Sport"}]},{"@type":"WebSite","@id":"https:\/\/www.demusculos.com\/web\/#website","url":"https:\/\/www.demusculos.com\/web\/","name":"DeMusculos.com","description":"Suplementos Naturales","publisher":{"@id":"https:\/\/www.demusculos.com\/web\/#organization"},"alternateName":"Suplementos Naturales","potentialAction":[{"@type":"SearchAction","target":{"@type":"EntryPoint","urlTemplate":"https:\/\/www.demusculos.com\/web\/?s={search_term_string}"},"query-input":{"@type":"PropertyValueSpecification","valueRequired":true,"valueName":"search_term_string"}}],"inLanguage":"es"},{"@type":"Organization","@id":"https:\/\/www.demusculos.com\/web\/#organization","name":"DeMusculos.com","alternateName":"DeMusculos","url":"https:\/\/www.demusculos.com\/web\/","logo":{"@type":"ImageObject","inLanguage":"es","@id":"https:\/\/www.demusculos.com\/web\/#\/schema\/logo\/image\/","url":"https:\/\/www.demusculos.com\/web\/wp-content\/uploads\/2024\/02\/logo-demusculos-prestashop-usuario.png","contentUrl":"https:\/\/www.demusculos.com\/web\/wp-content\/uploads\/2024\/02\/logo-demusculos-prestashop-usuario.png","width":150,"height":150,"caption":"DeMusculos.com"},"image":{"@id":"https:\/\/www.demusculos.com\/web\/#\/schema\/logo\/image\/"},"sameAs":["https:\/\/www.facebook.com\/demusculos","https:\/\/x.com\/demusculos","https:\/\/www.instagram.com\/demusculos","https:\/\/www.tiktok.com\/@demusculos.com"]}]}},"_links":{"self":[{"href":"https:\/\/www.demusculos.com\/web\/wp-json\/wp\/v2\/product\/1311","targetHints":{"allow":["GET"]}}],"collection":[{"href":"https:\/\/www.demusculos.com\/web\/wp-json\/wp\/v2\/product"}],"about":[{"href":"https:\/\/www.demusculos.com\/web\/wp-json\/wp\/v2\/types\/product"}],"replies":[{"embeddable":true,"href":"https:\/\/www.demusculos.com\/web\/wp-json\/wp\/v2\/comments?post=1311"}],"wp:featuredmedia":[{"embeddable":true,"href":"https:\/\/www.demusculos.com\/web\/wp-json\/wp\/v2\/media\/1312"}],"wp:attachment":[{"href":"https:\/\/www.demusculos.com\/web\/wp-json\/wp\/v2\/media?parent=1311"}],"wp:term":[{"taxonomy":"product_brand","embeddable":true,"href":"https:\/\/www.demusculos.com\/web\/wp-json\/wp\/v2\/product_brand?post=1311"},{"taxonomy":"product_cat","embeddable":true,"href":"https:\/\/www.demusculos.com\/web\/wp-json\/wp\/v2\/product_cat?post=1311"},{"taxonomy":"product_tag","embeddable":true,"href":"https:\/\/www.demusculos.com\/web\/wp-json\/wp\/v2\/product_tag?post=1311"}],"curies":[{"name":"wp","href":"https:\/\/api.w.org\/{rel}","templated":true}]}}