{"id":1319,"date":"2024-03-03T11:33:49","date_gmt":"2024-03-03T14:33:49","guid":{"rendered":"https:\/\/www.demusculos.com\/web\/?post_type=product&#038;p=1319"},"modified":"2026-03-04T13:21:14","modified_gmt":"2026-03-04T16:21:14","slug":"l-carnitina-1500-x60-capsulas-de-hoch-sport","status":"publish","type":"product","link":"https:\/\/www.demusculos.com\/web\/producto\/l-carnitina-1500-x60-capsulas-de-hoch-sport\/","title":{"rendered":"L-Carnitina 1500 x60 c\u00e1psulas de Hoch Sport"},"content":{"rendered":"<h2>Carnitina 1500<\/h2>\n<p>Quemador de grasas sin estimulantes. <strong>Carnitina 1500 de Hoch Sport<\/strong>. Ideal para todo tipo de personas y deportes. No da taquicardia.<\/p>\n<figure id=\"attachment_299\" aria-describedby=\"caption-attachment-299\" style=\"width: 446px\" class=\"wp-caption alignnone\"><img decoding=\"async\" class=\"size-full wp-image-299\" src=\"https:\/\/www.demusculos.com\/web\/wp-content\/uploads\/2024\/02\/logo-hoch-sport.png\" alt=\"Fabricado por Hoch Sport en Argentina. Empresa que desarrolla los suplementos naturales m\u00e1s vers\u00e1tiles del mercado.\" width=\"446\" height=\"103\" srcset=\"https:\/\/www.demusculos.com\/web\/wp-content\/uploads\/2024\/02\/logo-hoch-sport.png 446w, https:\/\/www.demusculos.com\/web\/wp-content\/uploads\/2024\/02\/logo-hoch-sport-300x69.png 300w, https:\/\/www.demusculos.com\/web\/wp-content\/uploads\/2024\/02\/logo-hoch-sport-150x35.png 150w, https:\/\/www.demusculos.com\/web\/wp-content\/uploads\/2024\/02\/logo-hoch-sport-416x96.png 416w\" sizes=\"(max-width: 446px) 100vw, 446px\" \/><figcaption id=\"caption-attachment-299\" class=\"wp-caption-text\">Fabricado por Hoch Sport en Argentina. Empresa que desarrolla los suplementos naturales m\u00e1s vers\u00e1tiles del mercado.<\/figcaption><\/figure>\n<p>CARNITINE 1500<br \/>\nPROFESSIONAL SERIES<br \/>\nAumenta el rendimiento deportivo y la resistencia atl\u00e9tica, disminuyendo la fatiga muscular. Ayuda a mantener \u00f3ptimos los niveles de colesterol y triglic\u00e9ridos, contribuyendo al beneficio cardiovascular.<br \/>\nRecomendado para ejercicios aer\u00f3bicos intensos y cansancio muscular.<br \/>\nMODO DE USO<br \/>\nConsumir de 2 a 4 c\u00e1psulas por d\u00eda, antes de las comidas. Los d\u00edas de entrenamientos se pueden consumir 40 minutos antes de la actividad f\u00edsica.<\/p>\n<p><img fetchpriority=\"high\" decoding=\"async\" class=\"alignnone size-full wp-image-9756\" src=\"https:\/\/www.demusculos.com\/web\/wp-content\/uploads\/2024\/03\/carnitina-1500-mg-de-hoch-sport-1.jpg\" alt=\"Carnitina 1500 mg de Hoch Sport\" width=\"1080\" height=\"1080\" srcset=\"https:\/\/www.demusculos.com\/web\/wp-content\/uploads\/2024\/03\/carnitina-1500-mg-de-hoch-sport-1.jpg 1080w, https:\/\/www.demusculos.com\/web\/wp-content\/uploads\/2024\/03\/carnitina-1500-mg-de-hoch-sport-1-300x300.jpg 300w, https:\/\/www.demusculos.com\/web\/wp-content\/uploads\/2024\/03\/carnitina-1500-mg-de-hoch-sport-1-150x150.jpg 150w, https:\/\/www.demusculos.com\/web\/wp-content\/uploads\/2024\/03\/carnitina-1500-mg-de-hoch-sport-1-800x800.jpg 800w, https:\/\/www.demusculos.com\/web\/wp-content\/uploads\/2024\/03\/carnitina-1500-mg-de-hoch-sport-1-1024x1024.jpg 1024w, https:\/\/www.demusculos.com\/web\/wp-content\/uploads\/2024\/03\/carnitina-1500-mg-de-hoch-sport-1-768x768.jpg 768w\" sizes=\"(max-width: 1080px) 100vw, 1080px\" \/><\/p>\n<p data-start=\"0\" data-end=\"190\">La <strong data-start=\"11\" data-end=\"26\">L-Carnitina<\/strong> es un suplemento popular para el rendimiento f\u00edsico y la quema de grasa. Aqu\u00ed tienes <strong data-start=\"112\" data-end=\"134\">4 beneficios clave<\/strong> de consumir <strong data-start=\"147\" data-end=\"171\">1500 mg de Carnitina<\/strong> (cada 2 c\u00e1psulas):<\/p>\n<h2 data-start=\"192\" data-end=\"234\">1\ufe0f\u20e3 <strong data-start=\"200\" data-end=\"229\">Acelera la quema de grasa<\/strong><\/h2>\n<p data-start=\"235\" data-end=\"449\">La L-Carnitina transporta los \u00e1cidos grasos a las mitocondrias, donde se convierten en energ\u00eda. Esto mejora la <strong data-start=\"346\" data-end=\"373\">oxidaci\u00f3n de las grasas<\/strong>, ayudando a reducir el tejido adiposo y potenciando la definici\u00f3n muscular.<\/p>\n<h2 data-start=\"451\" data-end=\"511\">2\ufe0f\u20e3 <strong data-start=\"459\" data-end=\"507\">Mejora la energ\u00eda y el rendimiento deportivo<\/strong> \u26a1<\/h2>\n<p data-start=\"512\" data-end=\"681\">Al transformar las grasas en energ\u00eda, la L-Carnitina optimiza la resistencia, reduciendo la fatiga muscular y permiti\u00e9ndote entrenar con m\u00e1s intensidad y por m\u00e1s tiempo.<\/p>\n<p><img decoding=\"async\" class=\"alignnone wp-image-9760 size-full\" title=\"Todo sobre este magnifico quemador de grasas\" src=\"https:\/\/www.demusculos.com\/web\/wp-content\/uploads\/2024\/03\/carnitina-1500-mg-de-hoch-sport-5.jpg\" alt=\"Datos destacados\" width=\"1080\" height=\"1080\" srcset=\"https:\/\/www.demusculos.com\/web\/wp-content\/uploads\/2024\/03\/carnitina-1500-mg-de-hoch-sport-5.jpg 1080w, https:\/\/www.demusculos.com\/web\/wp-content\/uploads\/2024\/03\/carnitina-1500-mg-de-hoch-sport-5-300x300.jpg 300w, https:\/\/www.demusculos.com\/web\/wp-content\/uploads\/2024\/03\/carnitina-1500-mg-de-hoch-sport-5-150x150.jpg 150w, https:\/\/www.demusculos.com\/web\/wp-content\/uploads\/2024\/03\/carnitina-1500-mg-de-hoch-sport-5-800x800.jpg 800w, https:\/\/www.demusculos.com\/web\/wp-content\/uploads\/2024\/03\/carnitina-1500-mg-de-hoch-sport-5-1024x1024.jpg 1024w, https:\/\/www.demusculos.com\/web\/wp-content\/uploads\/2024\/03\/carnitina-1500-mg-de-hoch-sport-5-768x768.jpg 768w\" sizes=\"(max-width: 1080px) 100vw, 1080px\" \/><\/p>\n<h2 data-start=\"683\" data-end=\"733\">3\ufe0f\u20e3 <strong data-start=\"691\" data-end=\"728\">La Carnitina 1500 favorece la recuperaci\u00f3n muscular<\/strong><\/h2>\n<p data-start=\"734\" data-end=\"890\">Ayuda a reducir el da\u00f1o muscular post-entrenamiento y acelera la reparaci\u00f3n de las fibras musculares, lo que disminuye el dolor y el tiempo de recuperaci\u00f3n.<\/p>\n<h2 data-start=\"892\" data-end=\"938\">4\ufe0f\u20e3 <strong data-start=\"900\" data-end=\"933\">Apoya la salud cardiovascular<\/strong> \u2764\ufe0f<\/h2>\n<p data-start=\"939\" data-end=\"1112\">La L-Carnitina mejora la circulaci\u00f3n sangu\u00ednea y reduce la acumulaci\u00f3n de grasas en las arterias, contribuyendo a una mejor salud del coraz\u00f3n y un metabolismo m\u00e1s eficiente.<\/p>\n<p data-start=\"1114\" data-end=\"1137\"><strong data-start=\"1117\" data-end=\"1135\">\u00bfC\u00f3mo tomarla?<\/strong><\/p>\n<ul data-start=\"1138\" data-end=\"1330\">\n<li data-start=\"1138\" data-end=\"1242\">Idealmente, <strong data-start=\"1152\" data-end=\"1193\">30-45 minutos antes del entrenamiento<\/strong> para potenciar la quema de grasa y la energ\u00eda.<\/li>\n<li data-start=\"1243\" data-end=\"1330\">Tambi\u00e9n puedes consumirla <strong data-start=\"1271\" data-end=\"1284\">en ayunas<\/strong> para activar el metabolismo desde temprano.<\/li>\n<\/ul>\n<p><img loading=\"lazy\" decoding=\"async\" class=\"alignnone wp-image-9759 size-full\" src=\"https:\/\/www.demusculos.com\/web\/wp-content\/uploads\/2024\/03\/carnitina-1500-mg-de-hoch-sport-4.jpg\" alt=\"Acompa\u00f1ar con un buen plan de dieta y ejercicio\" width=\"1080\" height=\"1080\" srcset=\"https:\/\/www.demusculos.com\/web\/wp-content\/uploads\/2024\/03\/carnitina-1500-mg-de-hoch-sport-4.jpg 1080w, https:\/\/www.demusculos.com\/web\/wp-content\/uploads\/2024\/03\/carnitina-1500-mg-de-hoch-sport-4-300x300.jpg 300w, https:\/\/www.demusculos.com\/web\/wp-content\/uploads\/2024\/03\/carnitina-1500-mg-de-hoch-sport-4-150x150.jpg 150w, https:\/\/www.demusculos.com\/web\/wp-content\/uploads\/2024\/03\/carnitina-1500-mg-de-hoch-sport-4-800x800.jpg 800w, https:\/\/www.demusculos.com\/web\/wp-content\/uploads\/2024\/03\/carnitina-1500-mg-de-hoch-sport-4-1024x1024.jpg 1024w, https:\/\/www.demusculos.com\/web\/wp-content\/uploads\/2024\/03\/carnitina-1500-mg-de-hoch-sport-4-768x768.jpg 768w\" sizes=\"(max-width: 1080px) 100vw, 1080px\" \/><\/p>\n<p><img loading=\"lazy\" decoding=\"async\" class=\"alignnone wp-image-9758 size-full\" title=\"Se toman solo 3 c\u00e1psulas al d\u00eda\" src=\"https:\/\/www.demusculos.com\/web\/wp-content\/uploads\/2024\/03\/carnitina-1500-mg-de-hoch-sport-3.jpg\" alt=\"\u00bfC\u00f3mo tomar la carnitina de hoch sport?\" width=\"1080\" height=\"1080\" srcset=\"https:\/\/www.demusculos.com\/web\/wp-content\/uploads\/2024\/03\/carnitina-1500-mg-de-hoch-sport-3.jpg 1080w, https:\/\/www.demusculos.com\/web\/wp-content\/uploads\/2024\/03\/carnitina-1500-mg-de-hoch-sport-3-300x300.jpg 300w, https:\/\/www.demusculos.com\/web\/wp-content\/uploads\/2024\/03\/carnitina-1500-mg-de-hoch-sport-3-150x150.jpg 150w, https:\/\/www.demusculos.com\/web\/wp-content\/uploads\/2024\/03\/carnitina-1500-mg-de-hoch-sport-3-800x800.jpg 800w, https:\/\/www.demusculos.com\/web\/wp-content\/uploads\/2024\/03\/carnitina-1500-mg-de-hoch-sport-3-1024x1024.jpg 1024w, https:\/\/www.demusculos.com\/web\/wp-content\/uploads\/2024\/03\/carnitina-1500-mg-de-hoch-sport-3-768x768.jpg 768w\" sizes=\"(max-width: 1080px) 100vw, 1080px\" \/><\/p>\n<p><img loading=\"lazy\" decoding=\"async\" class=\"alignnone wp-image-9757 size-full\" title=\"Quemador de grasas a base de Carntina\" src=\"https:\/\/www.demusculos.com\/web\/wp-content\/uploads\/2024\/03\/carnitina-1500-mg-de-hoch-sport-2.jpg\" alt=\"Funci\u00f3n de la L-Carnitina de Hoch Sport\" width=\"1080\" height=\"1080\" srcset=\"https:\/\/www.demusculos.com\/web\/wp-content\/uploads\/2024\/03\/carnitina-1500-mg-de-hoch-sport-2.jpg 1080w, https:\/\/www.demusculos.com\/web\/wp-content\/uploads\/2024\/03\/carnitina-1500-mg-de-hoch-sport-2-300x300.jpg 300w, https:\/\/www.demusculos.com\/web\/wp-content\/uploads\/2024\/03\/carnitina-1500-mg-de-hoch-sport-2-150x150.jpg 150w, https:\/\/www.demusculos.com\/web\/wp-content\/uploads\/2024\/03\/carnitina-1500-mg-de-hoch-sport-2-800x800.jpg 800w, https:\/\/www.demusculos.com\/web\/wp-content\/uploads\/2024\/03\/carnitina-1500-mg-de-hoch-sport-2-1024x1024.jpg 1024w, https:\/\/www.demusculos.com\/web\/wp-content\/uploads\/2024\/03\/carnitina-1500-mg-de-hoch-sport-2-768x768.jpg 768w\" sizes=\"(max-width: 1080px) 100vw, 1080px\" \/><\/p>\n","protected":false},"excerpt":{"rendered":"<p>Quemador de grasas sin estimulantes. Utiliza las grasas como fuente de energ\u00eda. Potencia los resultados con ejercicio y una dieta equilibrada.<\/p>\n","protected":false},"featured_media":9762,"comment_status":"closed","ping_status":"closed","template":"","meta":[],"product_brand":[237],"product_cat":[19],"product_tag":[97,20,89],"class_list":{"0":"post-1319","1":"product","2":"type-product","3":"status-publish","4":"has-post-thumbnail","6":"product_brand-hoch-sport","7":"product_cat-quemadores","8":"product_tag-dieta","9":"product_tag-hoch-sport","10":"product_tag-quemador","12":"first","13":"instock","14":"sale","15":"shipping-taxable","16":"purchasable","17":"product-type-simple"},"yoast_head":"<!-- This site is optimized with the Yoast SEO plugin v27.4 - https:\/\/yoast.com\/product\/yoast-seo-wordpress\/ -->\n<title>Carnitina 1500 | 60 c\u00e1psulas | Quemador de Grasas | Hoch Sport<\/title>\n<meta name=\"description\" content=\"Carnitina 1500 Hoch Sport es un producto 100% natural que utiliza las grasas como fuente de energ\u00eda. Quemador de grasas. Env\u00edo a toda la Argentina.\" \/>\n<meta name=\"robots\" content=\"index, follow, max-snippet:-1, max-image-preview:large, max-video-preview:-1\" \/>\n<link rel=\"canonical\" href=\"https:\/\/www.demusculos.com\/web\/producto\/l-carnitina-1500-x60-capsulas-de-hoch-sport\/\" \/>\n<meta property=\"og:locale\" content=\"es_ES\" \/>\n<meta property=\"og:type\" content=\"article\" \/>\n<meta property=\"og:title\" content=\"Carnitina 1500 | 60 c\u00e1psulas | Quemador de Grasas | Hoch Sport\" \/>\n<meta property=\"og:description\" content=\"Carnitina 1500 Hoch Sport es un producto 100% natural que utiliza las grasas como fuente de energ\u00eda. Quemador de grasas. Env\u00edo a toda la Argentina.\" \/>\n<meta property=\"og:url\" content=\"https:\/\/www.demusculos.com\/web\/producto\/l-carnitina-1500-x60-capsulas-de-hoch-sport\/\" \/>\n<meta property=\"og:site_name\" content=\"DeMusculos\" \/>\n<meta property=\"article:publisher\" content=\"https:\/\/www.facebook.com\/demusculos\" \/>\n<meta property=\"article:modified_time\" content=\"2026-03-04T16:21:14+00:00\" \/>\n<meta property=\"og:image\" content=\"https:\/\/www.demusculos.com\/web\/wp-content\/uploads\/2024\/03\/carnitina-1500-mg-de-hoch-sport.jpg\" \/>\n\t<meta property=\"og:image:width\" content=\"1080\" \/>\n\t<meta property=\"og:image:height\" content=\"1080\" \/>\n\t<meta property=\"og:image:type\" content=\"image\/jpeg\" \/>\n<meta name=\"twitter:card\" content=\"summary_large_image\" \/>\n<meta name=\"twitter:site\" content=\"@demusculos\" \/>\n<meta name=\"twitter:label1\" content=\"Tiempo de lectura\" \/>\n\t<meta name=\"twitter:data1\" content=\"3 minutos\" \/>\n<script type=\"application\/ld+json\" class=\"yoast-schema-graph\">{\"@context\":\"https:\\\/\\\/schema.org\",\"@graph\":[{\"@type\":\"WebPage\",\"@id\":\"https:\\\/\\\/www.demusculos.com\\\/web\\\/producto\\\/l-carnitina-1500-x60-capsulas-de-hoch-sport\\\/\",\"url\":\"https:\\\/\\\/www.demusculos.com\\\/web\\\/producto\\\/l-carnitina-1500-x60-capsulas-de-hoch-sport\\\/\",\"name\":\"Carnitina 1500 | 60 c\u00e1psulas | Quemador de Grasas | Hoch Sport\",\"isPartOf\":{\"@id\":\"https:\\\/\\\/www.demusculos.com\\\/web\\\/#website\"},\"primaryImageOfPage\":{\"@id\":\"https:\\\/\\\/www.demusculos.com\\\/web\\\/producto\\\/l-carnitina-1500-x60-capsulas-de-hoch-sport\\\/#primaryimage\"},\"image\":{\"@id\":\"https:\\\/\\\/www.demusculos.com\\\/web\\\/producto\\\/l-carnitina-1500-x60-capsulas-de-hoch-sport\\\/#primaryimage\"},\"thumbnailUrl\":\"https:\\\/\\\/www.demusculos.com\\\/web\\\/wp-content\\\/uploads\\\/2024\\\/03\\\/carnitina-1500-mg-de-hoch-sport.jpg\",\"datePublished\":\"2024-03-03T14:33:49+00:00\",\"dateModified\":\"2026-03-04T16:21:14+00:00\",\"description\":\"Carnitina 1500 Hoch Sport es un producto 100% natural que utiliza las grasas como fuente de energ\u00eda. Quemador de grasas. Env\u00edo a toda la Argentina.\",\"breadcrumb\":{\"@id\":\"https:\\\/\\\/www.demusculos.com\\\/web\\\/producto\\\/l-carnitina-1500-x60-capsulas-de-hoch-sport\\\/#breadcrumb\"},\"inLanguage\":\"es\",\"potentialAction\":[{\"@type\":\"ReadAction\",\"target\":[\"https:\\\/\\\/www.demusculos.com\\\/web\\\/producto\\\/l-carnitina-1500-x60-capsulas-de-hoch-sport\\\/\"]}]},{\"@type\":\"ImageObject\",\"inLanguage\":\"es\",\"@id\":\"https:\\\/\\\/www.demusculos.com\\\/web\\\/producto\\\/l-carnitina-1500-x60-capsulas-de-hoch-sport\\\/#primaryimage\",\"url\":\"https:\\\/\\\/www.demusculos.com\\\/web\\\/wp-content\\\/uploads\\\/2024\\\/03\\\/carnitina-1500-mg-de-hoch-sport.jpg\",\"contentUrl\":\"https:\\\/\\\/www.demusculos.com\\\/web\\\/wp-content\\\/uploads\\\/2024\\\/03\\\/carnitina-1500-mg-de-hoch-sport.jpg\",\"width\":1080,\"height\":1080,\"caption\":\"Carnitina 1500 de Hoch Sport x 60 c\u00e1psulas\"},{\"@type\":\"BreadcrumbList\",\"@id\":\"https:\\\/\\\/www.demusculos.com\\\/web\\\/producto\\\/l-carnitina-1500-x60-capsulas-de-hoch-sport\\\/#breadcrumb\",\"itemListElement\":[{\"@type\":\"ListItem\",\"position\":1,\"name\":\"Inicio\",\"item\":\"https:\\\/\\\/www.demusculos.com\\\/web\\\/\"},{\"@type\":\"ListItem\",\"position\":2,\"name\":\"Suplementos\",\"item\":\"https:\\\/\\\/www.demusculos.com\\\/web\\\/tienda\\\/\"},{\"@type\":\"ListItem\",\"position\":3,\"name\":\"L-Carnitina 1500 x60 c\u00e1psulas de Hoch Sport\"}]},{\"@type\":\"WebSite\",\"@id\":\"https:\\\/\\\/www.demusculos.com\\\/web\\\/#website\",\"url\":\"https:\\\/\\\/www.demusculos.com\\\/web\\\/\",\"name\":\"DeMusculos.com\",\"description\":\"Suplementos Naturales\",\"publisher\":{\"@id\":\"https:\\\/\\\/www.demusculos.com\\\/web\\\/#organization\"},\"alternateName\":\"Suplementos Naturales\",\"potentialAction\":[{\"@type\":\"SearchAction\",\"target\":{\"@type\":\"EntryPoint\",\"urlTemplate\":\"https:\\\/\\\/www.demusculos.com\\\/web\\\/?s={search_term_string}\"},\"query-input\":{\"@type\":\"PropertyValueSpecification\",\"valueRequired\":true,\"valueName\":\"search_term_string\"}}],\"inLanguage\":\"es\"},{\"@type\":\"Organization\",\"@id\":\"https:\\\/\\\/www.demusculos.com\\\/web\\\/#organization\",\"name\":\"DeMusculos.com\",\"alternateName\":\"DeMusculos\",\"url\":\"https:\\\/\\\/www.demusculos.com\\\/web\\\/\",\"logo\":{\"@type\":\"ImageObject\",\"inLanguage\":\"es\",\"@id\":\"https:\\\/\\\/www.demusculos.com\\\/web\\\/#\\\/schema\\\/logo\\\/image\\\/\",\"url\":\"https:\\\/\\\/www.demusculos.com\\\/web\\\/wp-content\\\/uploads\\\/2024\\\/02\\\/logo-demusculos-prestashop-usuario.png\",\"contentUrl\":\"https:\\\/\\\/www.demusculos.com\\\/web\\\/wp-content\\\/uploads\\\/2024\\\/02\\\/logo-demusculos-prestashop-usuario.png\",\"width\":150,\"height\":150,\"caption\":\"DeMusculos.com\"},\"image\":{\"@id\":\"https:\\\/\\\/www.demusculos.com\\\/web\\\/#\\\/schema\\\/logo\\\/image\\\/\"},\"sameAs\":[\"https:\\\/\\\/www.facebook.com\\\/demusculos\",\"https:\\\/\\\/x.com\\\/demusculos\",\"https:\\\/\\\/www.instagram.com\\\/demusculos\",\"https:\\\/\\\/www.tiktok.com\\\/@demusculos.com\"]}]}<\/script>\n<!-- \/ Yoast SEO plugin. -->","yoast_head_json":{"title":"Carnitina 1500 | 60 c\u00e1psulas | Quemador de Grasas | Hoch Sport","description":"Carnitina 1500 Hoch Sport es un producto 100% natural que utiliza las grasas como fuente de energ\u00eda. Quemador de grasas. Env\u00edo a toda la Argentina.","robots":{"index":"index","follow":"follow","max-snippet":"max-snippet:-1","max-image-preview":"max-image-preview:large","max-video-preview":"max-video-preview:-1"},"canonical":"https:\/\/www.demusculos.com\/web\/producto\/l-carnitina-1500-x60-capsulas-de-hoch-sport\/","og_locale":"es_ES","og_type":"article","og_title":"Carnitina 1500 | 60 c\u00e1psulas | Quemador de Grasas | Hoch Sport","og_description":"Carnitina 1500 Hoch Sport es un producto 100% natural que utiliza las grasas como fuente de energ\u00eda. Quemador de grasas. Env\u00edo a toda la Argentina.","og_url":"https:\/\/www.demusculos.com\/web\/producto\/l-carnitina-1500-x60-capsulas-de-hoch-sport\/","og_site_name":"DeMusculos","article_publisher":"https:\/\/www.facebook.com\/demusculos","article_modified_time":"2026-03-04T16:21:14+00:00","og_image":[{"width":1080,"height":1080,"url":"https:\/\/www.demusculos.com\/web\/wp-content\/uploads\/2024\/03\/carnitina-1500-mg-de-hoch-sport.jpg","type":"image\/jpeg"}],"twitter_card":"summary_large_image","twitter_site":"@demusculos","twitter_misc":{"Tiempo de lectura":"3 minutos"},"schema":{"@context":"https:\/\/schema.org","@graph":[{"@type":"WebPage","@id":"https:\/\/www.demusculos.com\/web\/producto\/l-carnitina-1500-x60-capsulas-de-hoch-sport\/","url":"https:\/\/www.demusculos.com\/web\/producto\/l-carnitina-1500-x60-capsulas-de-hoch-sport\/","name":"Carnitina 1500 | 60 c\u00e1psulas | Quemador de Grasas | Hoch Sport","isPartOf":{"@id":"https:\/\/www.demusculos.com\/web\/#website"},"primaryImageOfPage":{"@id":"https:\/\/www.demusculos.com\/web\/producto\/l-carnitina-1500-x60-capsulas-de-hoch-sport\/#primaryimage"},"image":{"@id":"https:\/\/www.demusculos.com\/web\/producto\/l-carnitina-1500-x60-capsulas-de-hoch-sport\/#primaryimage"},"thumbnailUrl":"https:\/\/www.demusculos.com\/web\/wp-content\/uploads\/2024\/03\/carnitina-1500-mg-de-hoch-sport.jpg","datePublished":"2024-03-03T14:33:49+00:00","dateModified":"2026-03-04T16:21:14+00:00","description":"Carnitina 1500 Hoch Sport es un producto 100% natural que utiliza las grasas como fuente de energ\u00eda. Quemador de grasas. Env\u00edo a toda la Argentina.","breadcrumb":{"@id":"https:\/\/www.demusculos.com\/web\/producto\/l-carnitina-1500-x60-capsulas-de-hoch-sport\/#breadcrumb"},"inLanguage":"es","potentialAction":[{"@type":"ReadAction","target":["https:\/\/www.demusculos.com\/web\/producto\/l-carnitina-1500-x60-capsulas-de-hoch-sport\/"]}]},{"@type":"ImageObject","inLanguage":"es","@id":"https:\/\/www.demusculos.com\/web\/producto\/l-carnitina-1500-x60-capsulas-de-hoch-sport\/#primaryimage","url":"https:\/\/www.demusculos.com\/web\/wp-content\/uploads\/2024\/03\/carnitina-1500-mg-de-hoch-sport.jpg","contentUrl":"https:\/\/www.demusculos.com\/web\/wp-content\/uploads\/2024\/03\/carnitina-1500-mg-de-hoch-sport.jpg","width":1080,"height":1080,"caption":"Carnitina 1500 de Hoch Sport x 60 c\u00e1psulas"},{"@type":"BreadcrumbList","@id":"https:\/\/www.demusculos.com\/web\/producto\/l-carnitina-1500-x60-capsulas-de-hoch-sport\/#breadcrumb","itemListElement":[{"@type":"ListItem","position":1,"name":"Inicio","item":"https:\/\/www.demusculos.com\/web\/"},{"@type":"ListItem","position":2,"name":"Suplementos","item":"https:\/\/www.demusculos.com\/web\/tienda\/"},{"@type":"ListItem","position":3,"name":"L-Carnitina 1500 x60 c\u00e1psulas de Hoch Sport"}]},{"@type":"WebSite","@id":"https:\/\/www.demusculos.com\/web\/#website","url":"https:\/\/www.demusculos.com\/web\/","name":"DeMusculos.com","description":"Suplementos Naturales","publisher":{"@id":"https:\/\/www.demusculos.com\/web\/#organization"},"alternateName":"Suplementos Naturales","potentialAction":[{"@type":"SearchAction","target":{"@type":"EntryPoint","urlTemplate":"https:\/\/www.demusculos.com\/web\/?s={search_term_string}"},"query-input":{"@type":"PropertyValueSpecification","valueRequired":true,"valueName":"search_term_string"}}],"inLanguage":"es"},{"@type":"Organization","@id":"https:\/\/www.demusculos.com\/web\/#organization","name":"DeMusculos.com","alternateName":"DeMusculos","url":"https:\/\/www.demusculos.com\/web\/","logo":{"@type":"ImageObject","inLanguage":"es","@id":"https:\/\/www.demusculos.com\/web\/#\/schema\/logo\/image\/","url":"https:\/\/www.demusculos.com\/web\/wp-content\/uploads\/2024\/02\/logo-demusculos-prestashop-usuario.png","contentUrl":"https:\/\/www.demusculos.com\/web\/wp-content\/uploads\/2024\/02\/logo-demusculos-prestashop-usuario.png","width":150,"height":150,"caption":"DeMusculos.com"},"image":{"@id":"https:\/\/www.demusculos.com\/web\/#\/schema\/logo\/image\/"},"sameAs":["https:\/\/www.facebook.com\/demusculos","https:\/\/x.com\/demusculos","https:\/\/www.instagram.com\/demusculos","https:\/\/www.tiktok.com\/@demusculos.com"]}]}},"_links":{"self":[{"href":"https:\/\/www.demusculos.com\/web\/wp-json\/wp\/v2\/product\/1319","targetHints":{"allow":["GET"]}}],"collection":[{"href":"https:\/\/www.demusculos.com\/web\/wp-json\/wp\/v2\/product"}],"about":[{"href":"https:\/\/www.demusculos.com\/web\/wp-json\/wp\/v2\/types\/product"}],"replies":[{"embeddable":true,"href":"https:\/\/www.demusculos.com\/web\/wp-json\/wp\/v2\/comments?post=1319"}],"wp:featuredmedia":[{"embeddable":true,"href":"https:\/\/www.demusculos.com\/web\/wp-json\/wp\/v2\/media\/9762"}],"wp:attachment":[{"href":"https:\/\/www.demusculos.com\/web\/wp-json\/wp\/v2\/media?parent=1319"}],"wp:term":[{"taxonomy":"product_brand","embeddable":true,"href":"https:\/\/www.demusculos.com\/web\/wp-json\/wp\/v2\/product_brand?post=1319"},{"taxonomy":"product_cat","embeddable":true,"href":"https:\/\/www.demusculos.com\/web\/wp-json\/wp\/v2\/product_cat?post=1319"},{"taxonomy":"product_tag","embeddable":true,"href":"https:\/\/www.demusculos.com\/web\/wp-json\/wp\/v2\/product_tag?post=1319"}],"curies":[{"name":"wp","href":"https:\/\/api.w.org\/{rel}","templated":true}]}}