{"id":1332,"date":"2024-03-03T11:52:32","date_gmt":"2024-03-03T14:52:32","guid":{"rendered":"https:\/\/www.demusculos.com\/web\/?post_type=product&#038;p=1332"},"modified":"2026-05-05T00:37:35","modified_gmt":"2026-05-05T03:37:35","slug":"soy-protein-1-kg-pulver","status":"publish","type":"product","link":"https:\/\/www.demusculos.com\/web\/producto\/soy-protein-1-kg-pulver\/","title":{"rendered":"Soy Protein 1 kg Pulver"},"content":{"rendered":"<h2><strong>Soy Protein 1 kg Pulver<\/strong><\/h2>\n<p><strong>Soy Protein 1 kg Pulver es ideal para hombres y mujeres. No tiene grasas, tampoco az\u00facar. 100% isolate, una prote\u00edna fina y de r\u00e1pida asimilaci\u00f3n. Da saciedad y es ideal para ser tomada ante la presencia de hambre y ansiedad.<\/strong><\/p>\n<figure id=\"attachment_182\" aria-describedby=\"caption-attachment-182\" style=\"width: 446px\" class=\"wp-caption alignnone\"><img decoding=\"async\" class=\"size-full wp-image-182\" src=\"https:\/\/www.demusculos.com\/web\/wp-content\/uploads\/2024\/02\/logo-pulver.png\" alt=\"Productos naturales y deporitvos de la marca Pulver. Todos los suplementos son sin Tacc aptos para celiacos.\" width=\"446\" height=\"103\" srcset=\"https:\/\/www.demusculos.com\/web\/wp-content\/uploads\/2024\/02\/logo-pulver.png 446w, https:\/\/www.demusculos.com\/web\/wp-content\/uploads\/2024\/02\/logo-pulver-300x69.png 300w, https:\/\/www.demusculos.com\/web\/wp-content\/uploads\/2024\/02\/logo-pulver-150x35.png 150w, https:\/\/www.demusculos.com\/web\/wp-content\/uploads\/2024\/02\/logo-pulver-416x96.png 416w\" sizes=\"(max-width: 446px) 100vw, 446px\" \/><figcaption id=\"caption-attachment-182\" class=\"wp-caption-text\">Suplementos naturales ideales para aumentar masa muscular, rendimiento, recuperaci\u00f3n y para la dieta. Alimentos proteicos sin TACC.<\/figcaption><\/figure>\n<p>Soy Protein es un alimento en polvo a base de proteina de soja para preparar batidos proteicos.<\/p>\n<figure id=\"attachment_6455\" aria-describedby=\"caption-attachment-6455\" style=\"width: 1080px\" class=\"wp-caption alignnone\"><img fetchpriority=\"high\" decoding=\"async\" class=\"size-full wp-image-6455\" src=\"https:\/\/www.demusculos.com\/web\/wp-content\/uploads\/2024\/03\/soy-protein-1kg-pulver-isolate-banner-1.jpg\" alt=\"Soy Protein 1 kg de Pulver\" width=\"1080\" height=\"1080\" srcset=\"https:\/\/www.demusculos.com\/web\/wp-content\/uploads\/2024\/03\/soy-protein-1kg-pulver-isolate-banner-1.jpg 1080w, https:\/\/www.demusculos.com\/web\/wp-content\/uploads\/2024\/03\/soy-protein-1kg-pulver-isolate-banner-1-300x300.jpg 300w, https:\/\/www.demusculos.com\/web\/wp-content\/uploads\/2024\/03\/soy-protein-1kg-pulver-isolate-banner-1-150x150.jpg 150w, https:\/\/www.demusculos.com\/web\/wp-content\/uploads\/2024\/03\/soy-protein-1kg-pulver-isolate-banner-1-800x800.jpg 800w, https:\/\/www.demusculos.com\/web\/wp-content\/uploads\/2024\/03\/soy-protein-1kg-pulver-isolate-banner-1-1024x1024.jpg 1024w, https:\/\/www.demusculos.com\/web\/wp-content\/uploads\/2024\/03\/soy-protein-1kg-pulver-isolate-banner-1-768x768.jpg 768w\" sizes=\"(max-width: 1080px) 100vw, 1080px\" \/><figcaption id=\"caption-attachment-6455\" class=\"wp-caption-text\">Prote\u00edna de soja<\/figcaption><\/figure>\n<p><strong>Libre de gluten (Sin T.A.C.C). Apta para celiacos.<\/strong><\/p>\n<p>. Vegana 100%<br \/>\n. Aporte de prote\u00edna<br \/>\n. Para hombres y mujeres<br \/>\n. Tenemos continuidad<br \/>\n. Masa muscular, rendimiento y tono muscular<\/p>\n<p>Sabor: almendra \/ chocolate avellanadas<br \/>\nPresentaci\u00f3n: 1 Envases de 1Kg. c\/u.<\/p>\n<figure id=\"attachment_6456\" aria-describedby=\"caption-attachment-6456\" style=\"width: 1080px\" class=\"wp-caption alignnone\"><img decoding=\"async\" class=\"size-full wp-image-6456\" src=\"https:\/\/www.demusculos.com\/web\/wp-content\/uploads\/2024\/03\/soy-protein-1kg-pulver-isolate-banner-2.jpg\" alt=\"Soy Protein 1 kg de Pulver\" width=\"1080\" height=\"1080\" srcset=\"https:\/\/www.demusculos.com\/web\/wp-content\/uploads\/2024\/03\/soy-protein-1kg-pulver-isolate-banner-2.jpg 1080w, https:\/\/www.demusculos.com\/web\/wp-content\/uploads\/2024\/03\/soy-protein-1kg-pulver-isolate-banner-2-300x300.jpg 300w, https:\/\/www.demusculos.com\/web\/wp-content\/uploads\/2024\/03\/soy-protein-1kg-pulver-isolate-banner-2-150x150.jpg 150w, https:\/\/www.demusculos.com\/web\/wp-content\/uploads\/2024\/03\/soy-protein-1kg-pulver-isolate-banner-2-800x800.jpg 800w, https:\/\/www.demusculos.com\/web\/wp-content\/uploads\/2024\/03\/soy-protein-1kg-pulver-isolate-banner-2-1024x1024.jpg 1024w, https:\/\/www.demusculos.com\/web\/wp-content\/uploads\/2024\/03\/soy-protein-1kg-pulver-isolate-banner-2-768x768.jpg 768w\" sizes=\"(max-width: 1080px) 100vw, 1080px\" \/><figcaption id=\"caption-attachment-6456\" class=\"wp-caption-text\">Beneficios<\/figcaption><\/figure>\n<p><strong>Pulver certifica que este producto est\u00e1 elaborado con granos de soja no modificados gen\u00e9ticamente.<\/strong><\/p>\n<p>Ideal para alimentaci\u00f3n vegetariana o para las personas que quieren bajar de peso y suministrar prote\u00edna para promover recuperaci\u00f3n y aumento muscular libre de grasa corporal.<\/p>\n<p>Modo de uso:<br \/>\nDisolver 40 gramos (1 medida dosificadora provista en el envase) en 250 cc de leche de soja, de almendras, etc.<\/p>\n<div class=\"\" data-block=\"true\" data-editor=\"1lv6a\" data-offset-key=\"c9ft6-0-0\">\n<div class=\"public-DraftStyleDefault-block public-DraftStyleDefault-ltr\" data-offset-key=\"c9ft6-0-0\"><span data-offset-key=\"c9ft6-0-0\">Prote\u00edna 100% vegetal &#8211; Prote\u00edna de Soja. Algunos Beneficios:<\/span><\/div>\n<\/div>\n<div class=\"\" data-block=\"true\" data-editor=\"1lv6a\" data-offset-key=\"ean0t-0-0\">\n<div class=\"public-DraftStyleDefault-block public-DraftStyleDefault-ltr\" data-offset-key=\"ean0t-0-0\"><span data-offset-key=\"ean0t-0-0\">No posee lactosa. Si eres intolerante a la lactosa esta es la prote\u00edna que estas buscando. <\/span><\/div>\n<\/div>\n<div class=\"\" data-block=\"true\" data-editor=\"1lv6a\" data-offset-key=\"9fpp1-0-0\">\n<div class=\"public-DraftStyleDefault-block public-DraftStyleDefault-ltr\" data-offset-key=\"9fpp1-0-0\"><span data-offset-key=\"9fpp1-0-0\">El libre de TACC. Apta para celiacos. <\/span><\/div>\n<\/div>\n<div class=\"\" data-block=\"true\" data-editor=\"1lv6a\" data-offset-key=\"2n63j-0-0\">\n<div class=\"public-DraftStyleDefault-block public-DraftStyleDefault-ltr\" data-offset-key=\"2n63j-0-0\"><span data-offset-key=\"2n63j-0-0\">No tiene az\u00facar. Es ideal para las dietas.<\/span><\/div>\n<\/div>\n<div class=\"\" data-block=\"true\" data-editor=\"1lv6a\" data-offset-key=\"fj7hb-0-0\">\n<div class=\"public-DraftStyleDefault-block public-DraftStyleDefault-ltr\" data-offset-key=\"fj7hb-0-0\"><span data-offset-key=\"fj7hb-0-0\">Alto contenido de prote\u00edna, esto es bueno ya que nos recupera y da saciedad, evita el picoteo. Se prepara f\u00e1cil y r\u00e1pido y se toma ante la presencia de hambre.<\/span><\/div>\n<\/div>\n<div class=\"\" data-block=\"true\" data-editor=\"1lv6a\" data-offset-key=\"6q7ga-0-0\">\n<div class=\"public-DraftStyleDefault-block public-DraftStyleDefault-ltr\" data-offset-key=\"6q7ga-0-0\"><span data-offset-key=\"6q7ga-0-0\">Tenemos stock durante todo el a\u00f1o. Fabricado en Argentina con materias primas de alta calidad. Prote\u00edna 100% isolate. Mejor asimilaci\u00f3n.<\/span><\/div>\n<\/div>\n<div class=\"\" data-block=\"true\" data-editor=\"1lv6a\" data-offset-key=\"74mk1-0-0\">\n<div class=\"public-DraftStyleDefault-block public-DraftStyleDefault-ltr\" data-offset-key=\"74mk1-0-0\"><span data-offset-key=\"74mk1-0-0\">No tiene grasas.<\/span><\/div>\n<\/div>\n<div class=\"\" data-block=\"true\" data-editor=\"1lv6a\" data-offset-key=\"2glrk-0-0\">\n<div class=\"public-DraftStyleDefault-block public-DraftStyleDefault-ltr\" data-offset-key=\"2glrk-0-0\"><span data-offset-key=\"2glrk-0-0\">Para hombres y mujeres.<\/span><\/div>\n<div data-offset-key=\"2glrk-0-0\"><\/div>\n<\/div>\n<figure id=\"attachment_5393\" aria-describedby=\"caption-attachment-5393\" style=\"width: 1080px\" class=\"wp-caption alignnone\"><img loading=\"lazy\" decoding=\"async\" class=\"size-full wp-image-5393\" src=\"https:\/\/www.demusculos.com\/web\/wp-content\/uploads\/2024\/03\/soy-protein-pulver-1-kg.jpg\" alt=\"Prote\u00edna de soja Pulver x 1 kg\" width=\"1080\" height=\"1920\" srcset=\"https:\/\/www.demusculos.com\/web\/wp-content\/uploads\/2024\/03\/soy-protein-pulver-1-kg.jpg 1080w, https:\/\/www.demusculos.com\/web\/wp-content\/uploads\/2024\/03\/soy-protein-pulver-1-kg-300x533.jpg 300w, https:\/\/www.demusculos.com\/web\/wp-content\/uploads\/2024\/03\/soy-protein-pulver-1-kg-150x267.jpg 150w, https:\/\/www.demusculos.com\/web\/wp-content\/uploads\/2024\/03\/soy-protein-pulver-1-kg-800x1422.jpg 800w, https:\/\/www.demusculos.com\/web\/wp-content\/uploads\/2024\/03\/soy-protein-pulver-1-kg-169x300.jpg 169w, https:\/\/www.demusculos.com\/web\/wp-content\/uploads\/2024\/03\/soy-protein-pulver-1-kg-576x1024.jpg 576w, https:\/\/www.demusculos.com\/web\/wp-content\/uploads\/2024\/03\/soy-protein-pulver-1-kg-768x1365.jpg 768w, https:\/\/www.demusculos.com\/web\/wp-content\/uploads\/2024\/03\/soy-protein-pulver-1-kg-864x1536.jpg 864w\" sizes=\"(max-width: 1080px) 100vw, 1080px\" \/><figcaption id=\"caption-attachment-5393\" class=\"wp-caption-text\">Prote\u00edna vegetal a base de soja. Fabricada por Pulver. Soy Protein 1 kg.<\/figcaption><\/figure>\n<figure id=\"attachment_6458\" aria-describedby=\"caption-attachment-6458\" style=\"width: 1080px\" class=\"wp-caption alignnone\"><img loading=\"lazy\" decoding=\"async\" class=\"size-full wp-image-6458\" src=\"https:\/\/www.demusculos.com\/web\/wp-content\/uploads\/2024\/03\/soy-protein-1kg-pulver-isolate-banner-5.jpg\" alt=\"Sabores de Soy Protein 1 kg de Pulver\" width=\"1080\" height=\"1080\" srcset=\"https:\/\/www.demusculos.com\/web\/wp-content\/uploads\/2024\/03\/soy-protein-1kg-pulver-isolate-banner-5.jpg 1080w, https:\/\/www.demusculos.com\/web\/wp-content\/uploads\/2024\/03\/soy-protein-1kg-pulver-isolate-banner-5-300x300.jpg 300w, https:\/\/www.demusculos.com\/web\/wp-content\/uploads\/2024\/03\/soy-protein-1kg-pulver-isolate-banner-5-150x150.jpg 150w, https:\/\/www.demusculos.com\/web\/wp-content\/uploads\/2024\/03\/soy-protein-1kg-pulver-isolate-banner-5-800x800.jpg 800w, https:\/\/www.demusculos.com\/web\/wp-content\/uploads\/2024\/03\/soy-protein-1kg-pulver-isolate-banner-5-1024x1024.jpg 1024w, https:\/\/www.demusculos.com\/web\/wp-content\/uploads\/2024\/03\/soy-protein-1kg-pulver-isolate-banner-5-768x768.jpg 768w\" sizes=\"(max-width: 1080px) 100vw, 1080px\" \/><figcaption id=\"caption-attachment-6458\" class=\"wp-caption-text\">Sabores<\/figcaption><\/figure>\n<figure id=\"attachment_6459\" aria-describedby=\"caption-attachment-6459\" style=\"width: 1080px\" class=\"wp-caption alignnone\"><img loading=\"lazy\" decoding=\"async\" class=\"size-full wp-image-6459\" src=\"https:\/\/www.demusculos.com\/web\/wp-content\/uploads\/2024\/03\/soy-protein-1kg-pulver-isolate-banner-6.jpg\" alt=\"Informaci\u00f3n Nutricional Soy Protein 1 kg de Pulver\" width=\"1080\" height=\"1080\" srcset=\"https:\/\/www.demusculos.com\/web\/wp-content\/uploads\/2024\/03\/soy-protein-1kg-pulver-isolate-banner-6.jpg 1080w, https:\/\/www.demusculos.com\/web\/wp-content\/uploads\/2024\/03\/soy-protein-1kg-pulver-isolate-banner-6-300x300.jpg 300w, https:\/\/www.demusculos.com\/web\/wp-content\/uploads\/2024\/03\/soy-protein-1kg-pulver-isolate-banner-6-150x150.jpg 150w, https:\/\/www.demusculos.com\/web\/wp-content\/uploads\/2024\/03\/soy-protein-1kg-pulver-isolate-banner-6-800x800.jpg 800w, https:\/\/www.demusculos.com\/web\/wp-content\/uploads\/2024\/03\/soy-protein-1kg-pulver-isolate-banner-6-1024x1024.jpg 1024w, https:\/\/www.demusculos.com\/web\/wp-content\/uploads\/2024\/03\/soy-protein-1kg-pulver-isolate-banner-6-768x768.jpg 768w\" sizes=\"(max-width: 1080px) 100vw, 1080px\" \/><figcaption id=\"caption-attachment-6459\" class=\"wp-caption-text\">Informaci\u00f3n nutricional<\/figcaption><\/figure>\n","protected":false},"excerpt":{"rendered":"<p>Prote\u00edna derivada de la soja, sin Tacc, apta para celiacos. Ideal para colaci\u00f3n, dieta proteica. Rendimiento, recuperaci\u00f3n, masa muscular.<\/p>\n","protected":false},"featured_media":15259,"comment_status":"closed","ping_status":"closed","template":"","meta":[],"product_brand":[221],"product_cat":[16],"product_tag":[98,97,28,79,78,134,133],"class_list":{"0":"post-1332","1":"product","2":"type-product","3":"status-publish","4":"has-post-thumbnail","6":"product_brand-pulver","7":"product_cat-proteinas","8":"product_tag-colacion","9":"product_tag-dieta","10":"product_tag-pulver","11":"product_tag-recuperacion","12":"product_tag-rendimiento","13":"product_tag-soja","14":"product_tag-vegano","16":"first","17":"instock","18":"sale","19":"shipping-taxable","20":"purchasable","21":"product-type-variable"},"yoast_head":"<!-- This site is optimized with the Yoast SEO plugin v27.5 - https:\/\/yoast.com\/product\/yoast-seo-wordpress\/ -->\n<title>Soy Protein 1 kg Pulver | DeMusculos<\/title>\n<meta name=\"description\" content=\"Soy Protein 1 kg Pulver. Te ayuda a maximizar los resultados. Rendimiento. Recuperaci\u00f3n. 100% vegana. Ideal para la dieta y aporte de prote\u00ednas.\" \/>\n<meta name=\"robots\" content=\"index, follow, max-snippet:-1, max-image-preview:large, max-video-preview:-1\" \/>\n<link rel=\"canonical\" href=\"https:\/\/www.demusculos.com\/web\/producto\/soy-protein-1-kg-pulver\/\" \/>\n<meta property=\"og:locale\" content=\"es_ES\" \/>\n<meta property=\"og:type\" content=\"article\" \/>\n<meta property=\"og:title\" content=\"Soy Protein 1 kg Pulver | DeMusculos\" \/>\n<meta property=\"og:description\" content=\"Soy Protein 1 kg Pulver. Te ayuda a maximizar los resultados. Rendimiento. Recuperaci\u00f3n. 100% vegana. Ideal para la dieta y aporte de prote\u00ednas.\" \/>\n<meta property=\"og:url\" content=\"https:\/\/www.demusculos.com\/web\/producto\/soy-protein-1-kg-pulver\/\" \/>\n<meta property=\"og:site_name\" content=\"DeMusculos\" \/>\n<meta property=\"article:publisher\" content=\"https:\/\/www.facebook.com\/demusculos\" \/>\n<meta property=\"article:modified_time\" content=\"2026-05-05T03:37:35+00:00\" \/>\n<meta property=\"og:image\" content=\"https:\/\/www.demusculos.com\/web\/wp-content\/uploads\/2024\/03\/soy-protein-pulver-01.webp\" \/>\n\t<meta property=\"og:image:width\" content=\"1080\" \/>\n\t<meta property=\"og:image:height\" content=\"1080\" \/>\n\t<meta property=\"og:image:type\" content=\"image\/webp\" \/>\n<meta name=\"twitter:card\" content=\"summary_large_image\" \/>\n<meta name=\"twitter:site\" content=\"@demusculos\" \/>\n<meta name=\"twitter:label1\" content=\"Tiempo de lectura\" \/>\n\t<meta name=\"twitter:data1\" content=\"3 minutos\" \/>\n<script type=\"application\/ld+json\" class=\"yoast-schema-graph\">{\"@context\":\"https:\\\/\\\/schema.org\",\"@graph\":[{\"@type\":\"WebPage\",\"@id\":\"https:\\\/\\\/www.demusculos.com\\\/web\\\/producto\\\/soy-protein-1-kg-pulver\\\/\",\"url\":\"https:\\\/\\\/www.demusculos.com\\\/web\\\/producto\\\/soy-protein-1-kg-pulver\\\/\",\"name\":\"Soy Protein 1 kg Pulver | DeMusculos\",\"isPartOf\":{\"@id\":\"https:\\\/\\\/www.demusculos.com\\\/web\\\/#website\"},\"primaryImageOfPage\":{\"@id\":\"https:\\\/\\\/www.demusculos.com\\\/web\\\/producto\\\/soy-protein-1-kg-pulver\\\/#primaryimage\"},\"image\":{\"@id\":\"https:\\\/\\\/www.demusculos.com\\\/web\\\/producto\\\/soy-protein-1-kg-pulver\\\/#primaryimage\"},\"thumbnailUrl\":\"https:\\\/\\\/www.demusculos.com\\\/web\\\/wp-content\\\/uploads\\\/2024\\\/03\\\/soy-protein-pulver-01.webp\",\"datePublished\":\"2024-03-03T14:52:32+00:00\",\"dateModified\":\"2026-05-05T03:37:35+00:00\",\"description\":\"Soy Protein 1 kg Pulver. Te ayuda a maximizar los resultados. Rendimiento. Recuperaci\u00f3n. 100% vegana. Ideal para la dieta y aporte de prote\u00ednas.\",\"breadcrumb\":{\"@id\":\"https:\\\/\\\/www.demusculos.com\\\/web\\\/producto\\\/soy-protein-1-kg-pulver\\\/#breadcrumb\"},\"inLanguage\":\"es\",\"potentialAction\":[{\"@type\":\"ReadAction\",\"target\":[\"https:\\\/\\\/www.demusculos.com\\\/web\\\/producto\\\/soy-protein-1-kg-pulver\\\/\"]}]},{\"@type\":\"ImageObject\",\"inLanguage\":\"es\",\"@id\":\"https:\\\/\\\/www.demusculos.com\\\/web\\\/producto\\\/soy-protein-1-kg-pulver\\\/#primaryimage\",\"url\":\"https:\\\/\\\/www.demusculos.com\\\/web\\\/wp-content\\\/uploads\\\/2024\\\/03\\\/soy-protein-pulver-01.webp\",\"contentUrl\":\"https:\\\/\\\/www.demusculos.com\\\/web\\\/wp-content\\\/uploads\\\/2024\\\/03\\\/soy-protein-pulver-01.webp\",\"width\":1080,\"height\":1080,\"caption\":\"Soy Protein de Pulver\"},{\"@type\":\"BreadcrumbList\",\"@id\":\"https:\\\/\\\/www.demusculos.com\\\/web\\\/producto\\\/soy-protein-1-kg-pulver\\\/#breadcrumb\",\"itemListElement\":[{\"@type\":\"ListItem\",\"position\":1,\"name\":\"Inicio\",\"item\":\"https:\\\/\\\/www.demusculos.com\\\/web\\\/\"},{\"@type\":\"ListItem\",\"position\":2,\"name\":\"Suplementos\",\"item\":\"https:\\\/\\\/www.demusculos.com\\\/web\\\/tienda\\\/\"},{\"@type\":\"ListItem\",\"position\":3,\"name\":\"Soy Protein 1 kg Pulver\"}]},{\"@type\":\"WebSite\",\"@id\":\"https:\\\/\\\/www.demusculos.com\\\/web\\\/#website\",\"url\":\"https:\\\/\\\/www.demusculos.com\\\/web\\\/\",\"name\":\"DeMusculos.com\",\"description\":\"Suplementos Naturales\",\"publisher\":{\"@id\":\"https:\\\/\\\/www.demusculos.com\\\/web\\\/#organization\"},\"alternateName\":\"Suplementos Naturales\",\"potentialAction\":[{\"@type\":\"SearchAction\",\"target\":{\"@type\":\"EntryPoint\",\"urlTemplate\":\"https:\\\/\\\/www.demusculos.com\\\/web\\\/?s={search_term_string}\"},\"query-input\":{\"@type\":\"PropertyValueSpecification\",\"valueRequired\":true,\"valueName\":\"search_term_string\"}}],\"inLanguage\":\"es\"},{\"@type\":\"Organization\",\"@id\":\"https:\\\/\\\/www.demusculos.com\\\/web\\\/#organization\",\"name\":\"DeMusculos.com\",\"alternateName\":\"DeMusculos\",\"url\":\"https:\\\/\\\/www.demusculos.com\\\/web\\\/\",\"logo\":{\"@type\":\"ImageObject\",\"inLanguage\":\"es\",\"@id\":\"https:\\\/\\\/www.demusculos.com\\\/web\\\/#\\\/schema\\\/logo\\\/image\\\/\",\"url\":\"https:\\\/\\\/www.demusculos.com\\\/web\\\/wp-content\\\/uploads\\\/2024\\\/02\\\/logo-demusculos-prestashop-usuario.png\",\"contentUrl\":\"https:\\\/\\\/www.demusculos.com\\\/web\\\/wp-content\\\/uploads\\\/2024\\\/02\\\/logo-demusculos-prestashop-usuario.png\",\"width\":150,\"height\":150,\"caption\":\"DeMusculos.com\"},\"image\":{\"@id\":\"https:\\\/\\\/www.demusculos.com\\\/web\\\/#\\\/schema\\\/logo\\\/image\\\/\"},\"sameAs\":[\"https:\\\/\\\/www.facebook.com\\\/demusculos\",\"https:\\\/\\\/x.com\\\/demusculos\",\"https:\\\/\\\/www.instagram.com\\\/demusculos\",\"https:\\\/\\\/www.tiktok.com\\\/@demusculos.com\"]}]}<\/script>\n<!-- \/ Yoast SEO plugin. -->","yoast_head_json":{"title":"Soy Protein 1 kg Pulver | DeMusculos","description":"Soy Protein 1 kg Pulver. Te ayuda a maximizar los resultados. Rendimiento. Recuperaci\u00f3n. 100% vegana. Ideal para la dieta y aporte de prote\u00ednas.","robots":{"index":"index","follow":"follow","max-snippet":"max-snippet:-1","max-image-preview":"max-image-preview:large","max-video-preview":"max-video-preview:-1"},"canonical":"https:\/\/www.demusculos.com\/web\/producto\/soy-protein-1-kg-pulver\/","og_locale":"es_ES","og_type":"article","og_title":"Soy Protein 1 kg Pulver | DeMusculos","og_description":"Soy Protein 1 kg Pulver. Te ayuda a maximizar los resultados. Rendimiento. Recuperaci\u00f3n. 100% vegana. Ideal para la dieta y aporte de prote\u00ednas.","og_url":"https:\/\/www.demusculos.com\/web\/producto\/soy-protein-1-kg-pulver\/","og_site_name":"DeMusculos","article_publisher":"https:\/\/www.facebook.com\/demusculos","article_modified_time":"2026-05-05T03:37:35+00:00","og_image":[{"width":1080,"height":1080,"url":"https:\/\/www.demusculos.com\/web\/wp-content\/uploads\/2024\/03\/soy-protein-pulver-01.webp","type":"image\/webp"}],"twitter_card":"summary_large_image","twitter_site":"@demusculos","twitter_misc":{"Tiempo de lectura":"3 minutos"},"schema":{"@context":"https:\/\/schema.org","@graph":[{"@type":"WebPage","@id":"https:\/\/www.demusculos.com\/web\/producto\/soy-protein-1-kg-pulver\/","url":"https:\/\/www.demusculos.com\/web\/producto\/soy-protein-1-kg-pulver\/","name":"Soy Protein 1 kg Pulver | DeMusculos","isPartOf":{"@id":"https:\/\/www.demusculos.com\/web\/#website"},"primaryImageOfPage":{"@id":"https:\/\/www.demusculos.com\/web\/producto\/soy-protein-1-kg-pulver\/#primaryimage"},"image":{"@id":"https:\/\/www.demusculos.com\/web\/producto\/soy-protein-1-kg-pulver\/#primaryimage"},"thumbnailUrl":"https:\/\/www.demusculos.com\/web\/wp-content\/uploads\/2024\/03\/soy-protein-pulver-01.webp","datePublished":"2024-03-03T14:52:32+00:00","dateModified":"2026-05-05T03:37:35+00:00","description":"Soy Protein 1 kg Pulver. Te ayuda a maximizar los resultados. Rendimiento. Recuperaci\u00f3n. 100% vegana. Ideal para la dieta y aporte de prote\u00ednas.","breadcrumb":{"@id":"https:\/\/www.demusculos.com\/web\/producto\/soy-protein-1-kg-pulver\/#breadcrumb"},"inLanguage":"es","potentialAction":[{"@type":"ReadAction","target":["https:\/\/www.demusculos.com\/web\/producto\/soy-protein-1-kg-pulver\/"]}]},{"@type":"ImageObject","inLanguage":"es","@id":"https:\/\/www.demusculos.com\/web\/producto\/soy-protein-1-kg-pulver\/#primaryimage","url":"https:\/\/www.demusculos.com\/web\/wp-content\/uploads\/2024\/03\/soy-protein-pulver-01.webp","contentUrl":"https:\/\/www.demusculos.com\/web\/wp-content\/uploads\/2024\/03\/soy-protein-pulver-01.webp","width":1080,"height":1080,"caption":"Soy Protein de Pulver"},{"@type":"BreadcrumbList","@id":"https:\/\/www.demusculos.com\/web\/producto\/soy-protein-1-kg-pulver\/#breadcrumb","itemListElement":[{"@type":"ListItem","position":1,"name":"Inicio","item":"https:\/\/www.demusculos.com\/web\/"},{"@type":"ListItem","position":2,"name":"Suplementos","item":"https:\/\/www.demusculos.com\/web\/tienda\/"},{"@type":"ListItem","position":3,"name":"Soy Protein 1 kg Pulver"}]},{"@type":"WebSite","@id":"https:\/\/www.demusculos.com\/web\/#website","url":"https:\/\/www.demusculos.com\/web\/","name":"DeMusculos.com","description":"Suplementos Naturales","publisher":{"@id":"https:\/\/www.demusculos.com\/web\/#organization"},"alternateName":"Suplementos Naturales","potentialAction":[{"@type":"SearchAction","target":{"@type":"EntryPoint","urlTemplate":"https:\/\/www.demusculos.com\/web\/?s={search_term_string}"},"query-input":{"@type":"PropertyValueSpecification","valueRequired":true,"valueName":"search_term_string"}}],"inLanguage":"es"},{"@type":"Organization","@id":"https:\/\/www.demusculos.com\/web\/#organization","name":"DeMusculos.com","alternateName":"DeMusculos","url":"https:\/\/www.demusculos.com\/web\/","logo":{"@type":"ImageObject","inLanguage":"es","@id":"https:\/\/www.demusculos.com\/web\/#\/schema\/logo\/image\/","url":"https:\/\/www.demusculos.com\/web\/wp-content\/uploads\/2024\/02\/logo-demusculos-prestashop-usuario.png","contentUrl":"https:\/\/www.demusculos.com\/web\/wp-content\/uploads\/2024\/02\/logo-demusculos-prestashop-usuario.png","width":150,"height":150,"caption":"DeMusculos.com"},"image":{"@id":"https:\/\/www.demusculos.com\/web\/#\/schema\/logo\/image\/"},"sameAs":["https:\/\/www.facebook.com\/demusculos","https:\/\/x.com\/demusculos","https:\/\/www.instagram.com\/demusculos","https:\/\/www.tiktok.com\/@demusculos.com"]}]}},"_links":{"self":[{"href":"https:\/\/www.demusculos.com\/web\/wp-json\/wp\/v2\/product\/1332","targetHints":{"allow":["GET"]}}],"collection":[{"href":"https:\/\/www.demusculos.com\/web\/wp-json\/wp\/v2\/product"}],"about":[{"href":"https:\/\/www.demusculos.com\/web\/wp-json\/wp\/v2\/types\/product"}],"replies":[{"embeddable":true,"href":"https:\/\/www.demusculos.com\/web\/wp-json\/wp\/v2\/comments?post=1332"}],"wp:featuredmedia":[{"embeddable":true,"href":"https:\/\/www.demusculos.com\/web\/wp-json\/wp\/v2\/media\/15259"}],"wp:attachment":[{"href":"https:\/\/www.demusculos.com\/web\/wp-json\/wp\/v2\/media?parent=1332"}],"wp:term":[{"taxonomy":"product_brand","embeddable":true,"href":"https:\/\/www.demusculos.com\/web\/wp-json\/wp\/v2\/product_brand?post=1332"},{"taxonomy":"product_cat","embeddable":true,"href":"https:\/\/www.demusculos.com\/web\/wp-json\/wp\/v2\/product_cat?post=1332"},{"taxonomy":"product_tag","embeddable":true,"href":"https:\/\/www.demusculos.com\/web\/wp-json\/wp\/v2\/product_tag?post=1332"}],"curies":[{"name":"wp","href":"https:\/\/api.w.org\/{rel}","templated":true}]}}