{"id":1338,"date":"2024-03-03T15:23:36","date_gmt":"2024-03-03T18:23:36","guid":{"rendered":"https:\/\/www.demusculos.com\/web\/?post_type=product&#038;p=1338"},"modified":"2026-02-01T20:01:26","modified_gmt":"2026-02-01T23:01:26","slug":"mtor-bcaa-540-grs-star-nutrition","status":"publish","type":"product","link":"https:\/\/www.demusculos.com\/web\/producto\/mtor-bcaa-540-grs-star-nutrition\/","title":{"rendered":"Mtor Bcaa 540 grs Star Nutrition"},"content":{"rendered":"<h1><strong>Mtor Bcaa 540 grs Star<\/strong>: \u00a1El aliado perfecto para tu rendimiento y recuperaci\u00f3n!<\/h1>\n<p>Nuevo amino\u00e1cido Mtor Bcaa 540 grs Star ideal para recuperaci\u00f3n, rendimiento, aumento de masa muscular, tono muscular y m\u00e1s.<\/p>\n<figure id=\"attachment_246\" aria-describedby=\"caption-attachment-246\" style=\"width: 446px\" class=\"wp-caption alignnone\"><img decoding=\"async\" class=\"size-full wp-image-246\" src=\"https:\/\/www.demusculos.com\/web\/wp-content\/uploads\/2024\/02\/logo-star-nutrition.png\" alt=\"Productos natuales Star Nutrition | Prote\u00ednas | Amino\u00e1cidos | Quemadores | \u00d3xidos N\u00edtricos | Ganadores de peso\" width=\"446\" height=\"103\" srcset=\"https:\/\/www.demusculos.com\/web\/wp-content\/uploads\/2024\/02\/logo-star-nutrition.png 446w, https:\/\/www.demusculos.com\/web\/wp-content\/uploads\/2024\/02\/logo-star-nutrition-300x69.png 300w, https:\/\/www.demusculos.com\/web\/wp-content\/uploads\/2024\/02\/logo-star-nutrition-150x35.png 150w, https:\/\/www.demusculos.com\/web\/wp-content\/uploads\/2024\/02\/logo-star-nutrition-416x96.png 416w\" sizes=\"(max-width: 446px) 100vw, 446px\" \/><figcaption id=\"caption-attachment-246\" class=\"wp-caption-text\">Todos los productos de Star Nutrition. Laboratorio Nutriciencia.<\/figcaption><\/figure>\n<figure id=\"attachment_6312\" aria-describedby=\"caption-attachment-6312\" style=\"width: 1080px\" class=\"wp-caption alignnone\"><img fetchpriority=\"high\" decoding=\"async\" class=\"wp-image-6312 size-full\" title=\"Mtor Bcaa de Star Nutrition\" src=\"https:\/\/www.demusculos.com\/web\/wp-content\/uploads\/2024\/03\/mtor-banner-star-nutrition-02.jpg\" alt=\"Mtor BCAA de Star Nutrition\" width=\"1080\" height=\"1080\" srcset=\"https:\/\/www.demusculos.com\/web\/wp-content\/uploads\/2024\/03\/mtor-banner-star-nutrition-02.jpg 1080w, https:\/\/www.demusculos.com\/web\/wp-content\/uploads\/2024\/03\/mtor-banner-star-nutrition-02-300x300.jpg 300w, https:\/\/www.demusculos.com\/web\/wp-content\/uploads\/2024\/03\/mtor-banner-star-nutrition-02-150x150.jpg 150w, https:\/\/www.demusculos.com\/web\/wp-content\/uploads\/2024\/03\/mtor-banner-star-nutrition-02-800x800.jpg 800w, https:\/\/www.demusculos.com\/web\/wp-content\/uploads\/2024\/03\/mtor-banner-star-nutrition-02-1024x1024.jpg 1024w, https:\/\/www.demusculos.com\/web\/wp-content\/uploads\/2024\/03\/mtor-banner-star-nutrition-02-768x768.jpg 768w\" sizes=\"(max-width: 1080px) 100vw, 1080px\" \/><figcaption id=\"caption-attachment-6312\" class=\"wp-caption-text\">Amino\u00e1cidos Mtor Bcaa<\/figcaption><\/figure>\n<p>Este suplemento dietario en polvo est\u00e1 dise\u00f1ado para preparar una bebida a base de amino\u00e1cidos. Perm\u00edteme presentarte sus beneficios clave:<\/p>\n<ol>\n<li><strong>Recuperaci\u00f3n Muscular R\u00e1pida<\/strong>: MTOR BCAA contribuye a una recuperaci\u00f3n m\u00e1s veloz despu\u00e9s del entrenamiento. Sabemos que cuanto mejor te recuperas, m\u00e1s posibilidades tienes de aumentar tu masa muscular.<\/li>\n<li><strong>Mejora del Rendimiento<\/strong>: \u00bfQuieres darlo todo en tus sesiones de ejercicio? MTOR BCAA est\u00e1 aqu\u00ed para ayudarte. Sus amino\u00e1cidos de cadena ramificada (BCAA) apoyan la intensidad de tus entrenamientos.<\/li>\n<\/ol>\n<figure id=\"attachment_124\" aria-describedby=\"caption-attachment-124\" style=\"width: 300px\" class=\"wp-caption alignnone\"><img decoding=\"async\" class=\"size-full wp-image-124\" src=\"https:\/\/www.demusculos.com\/web\/wp-content\/uploads\/2024\/02\/masa-muscular.png\" alt=\"Este suplemento natural es ideal para aumentar la masa muscular, incrementar la recuperaci\u00f3n muscular en hombres y mujeres.\" width=\"300\" height=\"300\" srcset=\"https:\/\/www.demusculos.com\/web\/wp-content\/uploads\/2024\/02\/masa-muscular.png 300w, https:\/\/www.demusculos.com\/web\/wp-content\/uploads\/2024\/02\/masa-muscular-150x150.png 150w\" sizes=\"(max-width: 300px) 100vw, 300px\" \/><figcaption id=\"caption-attachment-124\" class=\"wp-caption-text\">Es ideal para recuperaci\u00f3n muscular. A mayor recuperaci\u00f3n m\u00e1s aumento de masa muscular y rendimiento. Tambi\u00e9n lograremos m\u00e1s tono muscular. Las prote\u00ednas nos dan saciedad y son ideales para las dietas.<\/figcaption><\/figure>\n<figure id=\"attachment_6313\" aria-describedby=\"caption-attachment-6313\" style=\"width: 1080px\" class=\"wp-caption alignnone\"><img loading=\"lazy\" decoding=\"async\" class=\"wp-image-6313 size-full\" title=\"Beneficios del Mtor Bcaa de Star Nutrition\" src=\"https:\/\/www.demusculos.com\/web\/wp-content\/uploads\/2024\/03\/mtor-banner-star-nutrition-03.jpg\" alt=\"Beneficios Mtor Bcaa de Star Nutrition\" width=\"1080\" height=\"1080\" srcset=\"https:\/\/www.demusculos.com\/web\/wp-content\/uploads\/2024\/03\/mtor-banner-star-nutrition-03.jpg 1080w, https:\/\/www.demusculos.com\/web\/wp-content\/uploads\/2024\/03\/mtor-banner-star-nutrition-03-300x300.jpg 300w, https:\/\/www.demusculos.com\/web\/wp-content\/uploads\/2024\/03\/mtor-banner-star-nutrition-03-150x150.jpg 150w, https:\/\/www.demusculos.com\/web\/wp-content\/uploads\/2024\/03\/mtor-banner-star-nutrition-03-800x800.jpg 800w, https:\/\/www.demusculos.com\/web\/wp-content\/uploads\/2024\/03\/mtor-banner-star-nutrition-03-1024x1024.jpg 1024w, https:\/\/www.demusculos.com\/web\/wp-content\/uploads\/2024\/03\/mtor-banner-star-nutrition-03-768x768.jpg 768w\" sizes=\"(max-width: 1080px) 100vw, 1080px\" \/><figcaption id=\"caption-attachment-6313\" class=\"wp-caption-text\">Bcaa Mtor de Star Nutrition<\/figcaption><\/figure>\n<p><strong>Ingredientes Clave<\/strong>:<\/p>\n<ul>\n<li><strong>L-Leucina<\/strong>: Un BCAA esencial que desempe\u00f1a un papel crucial en la s\u00edntesis de prote\u00ednas y la recuperaci\u00f3n muscular.<\/li>\n<li><strong>L-Valina e Isoleucina<\/strong>: Otros dos BCAAs importantes que tambi\u00e9n contribuyen al crecimiento muscular y la reducci\u00f3n del catabolismo.<\/li>\n<\/ul>\n<figure id=\"attachment_385\" aria-describedby=\"caption-attachment-385\" style=\"width: 300px\" class=\"wp-caption alignnone\"><img loading=\"lazy\" decoding=\"async\" class=\"size-full wp-image-385\" src=\"https:\/\/www.demusculos.com\/web\/wp-content\/uploads\/2024\/02\/icon-recuperador-muscular.png\" alt=\"Este producto maximiza la recuperaci\u00f3n muscular. A mayor recuperaci\u00f3n muscular m\u00e1s sera el rendimiento y masa muscular magra.\" width=\"300\" height=\"300\" srcset=\"https:\/\/www.demusculos.com\/web\/wp-content\/uploads\/2024\/02\/icon-recuperador-muscular.png 300w, https:\/\/www.demusculos.com\/web\/wp-content\/uploads\/2024\/02\/icon-recuperador-muscular-150x150.png 150w\" sizes=\"(max-width: 300px) 100vw, 300px\" \/><figcaption id=\"caption-attachment-385\" class=\"wp-caption-text\">Este producto es ideal para maximizar la recuperaci\u00f3n muscular. Recuerda que a mayor recuperaci\u00f3n m\u00e1s aumento de masa muscular. No solo obtienes masa muscular, con el correr del tiempo tendr\u00e1s menos cansancio y fatiga muscular, tambi\u00e9n notaras un incremento de energ\u00eda y una mejora en el entrenamiento.<\/figcaption><\/figure>\n<figure id=\"attachment_6315\" aria-describedby=\"caption-attachment-6315\" style=\"width: 1080px\" class=\"wp-caption alignnone\"><img loading=\"lazy\" decoding=\"async\" class=\"wp-image-6315 size-full\" title=\"Mtor es ideal para hombres y mujeres\" src=\"https:\/\/www.demusculos.com\/web\/wp-content\/uploads\/2024\/03\/mtor-banner-star-nutrition-04.jpg\" alt=\"Mtor Bcaa de Star Nutrition puede ser consumido por hombres y mujeres que realizan cualquier tipo de actividad f\u00edsica\" width=\"1080\" height=\"1080\" srcset=\"https:\/\/www.demusculos.com\/web\/wp-content\/uploads\/2024\/03\/mtor-banner-star-nutrition-04.jpg 1080w, https:\/\/www.demusculos.com\/web\/wp-content\/uploads\/2024\/03\/mtor-banner-star-nutrition-04-300x300.jpg 300w, https:\/\/www.demusculos.com\/web\/wp-content\/uploads\/2024\/03\/mtor-banner-star-nutrition-04-150x150.jpg 150w, https:\/\/www.demusculos.com\/web\/wp-content\/uploads\/2024\/03\/mtor-banner-star-nutrition-04-800x800.jpg 800w, https:\/\/www.demusculos.com\/web\/wp-content\/uploads\/2024\/03\/mtor-banner-star-nutrition-04-1024x1024.jpg 1024w, https:\/\/www.demusculos.com\/web\/wp-content\/uploads\/2024\/03\/mtor-banner-star-nutrition-04-768x768.jpg 768w\" sizes=\"(max-width: 1080px) 100vw, 1080px\" \/><figcaption id=\"caption-attachment-6315\" class=\"wp-caption-text\">Mtor BCAA<\/figcaption><\/figure>\n<p><strong>Modo de Uso<\/strong>:<\/p>\n<ul>\n<li>Mezcla\u00a0<strong>1 porci\u00f3n (13,5 g \/ 1 scoop)<\/strong>\u00a0de MTOR BCAA en\u00a0<strong>500 cm\u00b3 de agua fr\u00eda<\/strong>\u00a0(ajusta la porci\u00f3n seg\u00fan tus preferencias).<\/li>\n<li>En d\u00edas de entrenamiento, consume\u00a0<strong>1 porci\u00f3n durante el entrenamiento<\/strong>\u00a0y otra\u00a0<strong>despu\u00e9s del mismo<\/strong>.<\/li>\n<li>En d\u00edas sin entrenamiento, toma\u00a0<strong>1 porci\u00f3n al d\u00eda<\/strong>\u00a0para mantener tus niveles de amino\u00e1cidos \u00f3ptimos.<\/li>\n<\/ul>\n<p><strong>Para Resultados \u00d3ptimos<\/strong>:<\/p>\n<ul>\n<li>Consume MTOR BCAA\u00a0<strong>diariamente<\/strong>.<\/li>\n<li>T\u00f3matelo\u00a0<strong>preferentemente 15 &#8211; 30 minutos antes, durante o inmediatamente despu\u00e9s del entrenamiento<\/strong>.<\/li>\n<\/ul>\n<p>Este producto es vers\u00e1til y adecuado para\u00a0<strong>todo tipo de deportes<\/strong>. As\u00ed que, ya sea que corras, levantes pesas o practiques yoga, MTOR BCAA est\u00e1 listo para ser tu compa\u00f1ero de entrenamiento. \u00a1Hidr\u00e1tate y dale a tu cuerpo lo que necesita para brillar en cada sesi\u00f3n!<\/p>\n<figure id=\"attachment_6316\" aria-describedby=\"caption-attachment-6316\" style=\"width: 1080px\" class=\"wp-caption alignnone\"><img loading=\"lazy\" decoding=\"async\" class=\"wp-image-6316 size-full\" title=\"\u00bfC\u00f3mo se prepara Mtor Bcaa?\" src=\"https:\/\/www.demusculos.com\/web\/wp-content\/uploads\/2024\/03\/mtor-banner-star-nutrition-05.jpg\" alt=\"\u00bfC\u00f3mo preparar Mtor Bcaa de Star Nutrition?\" width=\"1080\" height=\"1080\" srcset=\"https:\/\/www.demusculos.com\/web\/wp-content\/uploads\/2024\/03\/mtor-banner-star-nutrition-05.jpg 1080w, https:\/\/www.demusculos.com\/web\/wp-content\/uploads\/2024\/03\/mtor-banner-star-nutrition-05-300x300.jpg 300w, https:\/\/www.demusculos.com\/web\/wp-content\/uploads\/2024\/03\/mtor-banner-star-nutrition-05-150x150.jpg 150w, https:\/\/www.demusculos.com\/web\/wp-content\/uploads\/2024\/03\/mtor-banner-star-nutrition-05-800x800.jpg 800w, https:\/\/www.demusculos.com\/web\/wp-content\/uploads\/2024\/03\/mtor-banner-star-nutrition-05-1024x1024.jpg 1024w, https:\/\/www.demusculos.com\/web\/wp-content\/uploads\/2024\/03\/mtor-banner-star-nutrition-05-768x768.jpg 768w\" sizes=\"(max-width: 1080px) 100vw, 1080px\" \/><figcaption id=\"caption-attachment-6316\" class=\"wp-caption-text\">Amino\u00e1cidos en polvo de Star Nutrition<\/figcaption><\/figure>\n","protected":false},"excerpt":{"rendered":"<p>Ideal para recuperaci\u00f3n, rendimiento, aumento de masa muscular. Fabricado en Argentina con materias primas 100% importadas.<\/p>\n","protected":false},"featured_media":1339,"comment_status":"closed","ping_status":"closed","template":"","meta":[],"product_brand":[220],"product_cat":[25],"product_tag":[79,78,26],"class_list":{"0":"post-1338","1":"product","2":"type-product","3":"status-publish","4":"has-post-thumbnail","6":"product_brand-star-nutrition","7":"product_cat-bcaa","8":"product_tag-recuperacion","9":"product_tag-rendimiento","10":"product_tag-star-nutrition","12":"first","13":"instock","14":"sale","15":"shipping-taxable","16":"purchasable","17":"product-type-simple"},"yoast_head":"<!-- This site is optimized with the Yoast SEO plugin v27.4 - https:\/\/yoast.com\/product\/yoast-seo-wordpress\/ -->\n<title>Mtor Bcaa 540 grs Star Nutrition | Amino\u00e1cidos | DeMusculos<\/title>\n<meta name=\"description\" content=\"Si estas buscando recuperaci\u00f3n, rendimiento, aumento de masa muscular y menos fatiga lo que est\u00e1s necesitando es Mtor Bcaa 540 grs Star. Para ambos sexos.\" \/>\n<meta name=\"robots\" content=\"index, follow, max-snippet:-1, max-image-preview:large, max-video-preview:-1\" \/>\n<link rel=\"canonical\" href=\"https:\/\/www.demusculos.com\/web\/producto\/mtor-bcaa-540-grs-star-nutrition\/\" \/>\n<meta property=\"og:locale\" content=\"es_ES\" \/>\n<meta property=\"og:type\" content=\"article\" \/>\n<meta property=\"og:title\" content=\"Mtor Bcaa 540 grs Star Nutrition | Amino\u00e1cidos | DeMusculos\" \/>\n<meta property=\"og:description\" content=\"Si estas buscando recuperaci\u00f3n, rendimiento, aumento de masa muscular y menos fatiga lo que est\u00e1s necesitando es Mtor Bcaa 540 grs Star. Para ambos sexos.\" \/>\n<meta property=\"og:url\" content=\"https:\/\/www.demusculos.com\/web\/producto\/mtor-bcaa-540-grs-star-nutrition\/\" \/>\n<meta property=\"og:site_name\" content=\"DeMusculos\" \/>\n<meta property=\"article:publisher\" content=\"https:\/\/www.facebook.com\/demusculos\" \/>\n<meta property=\"article:modified_time\" content=\"2026-02-01T23:01:26+00:00\" \/>\n<meta property=\"og:image\" content=\"https:\/\/www.demusculos.com\/web\/wp-content\/uploads\/2024\/03\/mtor-540-grs-star-nutrition-grande.jpg\" \/>\n\t<meta property=\"og:image:width\" content=\"1200\" \/>\n\t<meta property=\"og:image:height\" content=\"1200\" \/>\n\t<meta property=\"og:image:type\" content=\"image\/jpeg\" \/>\n<meta name=\"twitter:card\" content=\"summary_large_image\" \/>\n<meta name=\"twitter:site\" content=\"@demusculos\" \/>\n<meta name=\"twitter:label1\" content=\"Tiempo de lectura\" \/>\n\t<meta name=\"twitter:data1\" content=\"4 minutos\" \/>\n<script type=\"application\/ld+json\" class=\"yoast-schema-graph\">{\"@context\":\"https:\\\/\\\/schema.org\",\"@graph\":[{\"@type\":\"WebPage\",\"@id\":\"https:\\\/\\\/www.demusculos.com\\\/web\\\/producto\\\/mtor-bcaa-540-grs-star-nutrition\\\/\",\"url\":\"https:\\\/\\\/www.demusculos.com\\\/web\\\/producto\\\/mtor-bcaa-540-grs-star-nutrition\\\/\",\"name\":\"Mtor Bcaa 540 grs Star Nutrition | Amino\u00e1cidos | DeMusculos\",\"isPartOf\":{\"@id\":\"https:\\\/\\\/www.demusculos.com\\\/web\\\/#website\"},\"primaryImageOfPage\":{\"@id\":\"https:\\\/\\\/www.demusculos.com\\\/web\\\/producto\\\/mtor-bcaa-540-grs-star-nutrition\\\/#primaryimage\"},\"image\":{\"@id\":\"https:\\\/\\\/www.demusculos.com\\\/web\\\/producto\\\/mtor-bcaa-540-grs-star-nutrition\\\/#primaryimage\"},\"thumbnailUrl\":\"https:\\\/\\\/www.demusculos.com\\\/web\\\/wp-content\\\/uploads\\\/2024\\\/03\\\/mtor-540-grs-star-nutrition-grande.jpg\",\"datePublished\":\"2024-03-03T18:23:36+00:00\",\"dateModified\":\"2026-02-01T23:01:26+00:00\",\"description\":\"Si estas buscando recuperaci\u00f3n, rendimiento, aumento de masa muscular y menos fatiga lo que est\u00e1s necesitando es Mtor Bcaa 540 grs Star. Para ambos sexos.\",\"breadcrumb\":{\"@id\":\"https:\\\/\\\/www.demusculos.com\\\/web\\\/producto\\\/mtor-bcaa-540-grs-star-nutrition\\\/#breadcrumb\"},\"inLanguage\":\"es\",\"potentialAction\":[{\"@type\":\"ReadAction\",\"target\":[\"https:\\\/\\\/www.demusculos.com\\\/web\\\/producto\\\/mtor-bcaa-540-grs-star-nutrition\\\/\"]}]},{\"@type\":\"ImageObject\",\"inLanguage\":\"es\",\"@id\":\"https:\\\/\\\/www.demusculos.com\\\/web\\\/producto\\\/mtor-bcaa-540-grs-star-nutrition\\\/#primaryimage\",\"url\":\"https:\\\/\\\/www.demusculos.com\\\/web\\\/wp-content\\\/uploads\\\/2024\\\/03\\\/mtor-540-grs-star-nutrition-grande.jpg\",\"contentUrl\":\"https:\\\/\\\/www.demusculos.com\\\/web\\\/wp-content\\\/uploads\\\/2024\\\/03\\\/mtor-540-grs-star-nutrition-grande.jpg\",\"width\":1200,\"height\":1200,\"caption\":\"Mtor Bcaa 540 grs Star\"},{\"@type\":\"BreadcrumbList\",\"@id\":\"https:\\\/\\\/www.demusculos.com\\\/web\\\/producto\\\/mtor-bcaa-540-grs-star-nutrition\\\/#breadcrumb\",\"itemListElement\":[{\"@type\":\"ListItem\",\"position\":1,\"name\":\"Inicio\",\"item\":\"https:\\\/\\\/www.demusculos.com\\\/web\\\/\"},{\"@type\":\"ListItem\",\"position\":2,\"name\":\"Suplementos\",\"item\":\"https:\\\/\\\/www.demusculos.com\\\/web\\\/tienda\\\/\"},{\"@type\":\"ListItem\",\"position\":3,\"name\":\"Mtor Bcaa 540 grs Star Nutrition\"}]},{\"@type\":\"WebSite\",\"@id\":\"https:\\\/\\\/www.demusculos.com\\\/web\\\/#website\",\"url\":\"https:\\\/\\\/www.demusculos.com\\\/web\\\/\",\"name\":\"DeMusculos.com\",\"description\":\"Suplementos Naturales\",\"publisher\":{\"@id\":\"https:\\\/\\\/www.demusculos.com\\\/web\\\/#organization\"},\"alternateName\":\"Suplementos Naturales\",\"potentialAction\":[{\"@type\":\"SearchAction\",\"target\":{\"@type\":\"EntryPoint\",\"urlTemplate\":\"https:\\\/\\\/www.demusculos.com\\\/web\\\/?s={search_term_string}\"},\"query-input\":{\"@type\":\"PropertyValueSpecification\",\"valueRequired\":true,\"valueName\":\"search_term_string\"}}],\"inLanguage\":\"es\"},{\"@type\":\"Organization\",\"@id\":\"https:\\\/\\\/www.demusculos.com\\\/web\\\/#organization\",\"name\":\"DeMusculos.com\",\"alternateName\":\"DeMusculos\",\"url\":\"https:\\\/\\\/www.demusculos.com\\\/web\\\/\",\"logo\":{\"@type\":\"ImageObject\",\"inLanguage\":\"es\",\"@id\":\"https:\\\/\\\/www.demusculos.com\\\/web\\\/#\\\/schema\\\/logo\\\/image\\\/\",\"url\":\"https:\\\/\\\/www.demusculos.com\\\/web\\\/wp-content\\\/uploads\\\/2024\\\/02\\\/logo-demusculos-prestashop-usuario.png\",\"contentUrl\":\"https:\\\/\\\/www.demusculos.com\\\/web\\\/wp-content\\\/uploads\\\/2024\\\/02\\\/logo-demusculos-prestashop-usuario.png\",\"width\":150,\"height\":150,\"caption\":\"DeMusculos.com\"},\"image\":{\"@id\":\"https:\\\/\\\/www.demusculos.com\\\/web\\\/#\\\/schema\\\/logo\\\/image\\\/\"},\"sameAs\":[\"https:\\\/\\\/www.facebook.com\\\/demusculos\",\"https:\\\/\\\/x.com\\\/demusculos\",\"https:\\\/\\\/www.instagram.com\\\/demusculos\",\"https:\\\/\\\/www.tiktok.com\\\/@demusculos.com\"]}]}<\/script>\n<!-- \/ Yoast SEO plugin. -->","yoast_head_json":{"title":"Mtor Bcaa 540 grs Star Nutrition | Amino\u00e1cidos | DeMusculos","description":"Si estas buscando recuperaci\u00f3n, rendimiento, aumento de masa muscular y menos fatiga lo que est\u00e1s necesitando es Mtor Bcaa 540 grs Star. Para ambos sexos.","robots":{"index":"index","follow":"follow","max-snippet":"max-snippet:-1","max-image-preview":"max-image-preview:large","max-video-preview":"max-video-preview:-1"},"canonical":"https:\/\/www.demusculos.com\/web\/producto\/mtor-bcaa-540-grs-star-nutrition\/","og_locale":"es_ES","og_type":"article","og_title":"Mtor Bcaa 540 grs Star Nutrition | Amino\u00e1cidos | DeMusculos","og_description":"Si estas buscando recuperaci\u00f3n, rendimiento, aumento de masa muscular y menos fatiga lo que est\u00e1s necesitando es Mtor Bcaa 540 grs Star. Para ambos sexos.","og_url":"https:\/\/www.demusculos.com\/web\/producto\/mtor-bcaa-540-grs-star-nutrition\/","og_site_name":"DeMusculos","article_publisher":"https:\/\/www.facebook.com\/demusculos","article_modified_time":"2026-02-01T23:01:26+00:00","og_image":[{"width":1200,"height":1200,"url":"https:\/\/www.demusculos.com\/web\/wp-content\/uploads\/2024\/03\/mtor-540-grs-star-nutrition-grande.jpg","type":"image\/jpeg"}],"twitter_card":"summary_large_image","twitter_site":"@demusculos","twitter_misc":{"Tiempo de lectura":"4 minutos"},"schema":{"@context":"https:\/\/schema.org","@graph":[{"@type":"WebPage","@id":"https:\/\/www.demusculos.com\/web\/producto\/mtor-bcaa-540-grs-star-nutrition\/","url":"https:\/\/www.demusculos.com\/web\/producto\/mtor-bcaa-540-grs-star-nutrition\/","name":"Mtor Bcaa 540 grs Star Nutrition | Amino\u00e1cidos | DeMusculos","isPartOf":{"@id":"https:\/\/www.demusculos.com\/web\/#website"},"primaryImageOfPage":{"@id":"https:\/\/www.demusculos.com\/web\/producto\/mtor-bcaa-540-grs-star-nutrition\/#primaryimage"},"image":{"@id":"https:\/\/www.demusculos.com\/web\/producto\/mtor-bcaa-540-grs-star-nutrition\/#primaryimage"},"thumbnailUrl":"https:\/\/www.demusculos.com\/web\/wp-content\/uploads\/2024\/03\/mtor-540-grs-star-nutrition-grande.jpg","datePublished":"2024-03-03T18:23:36+00:00","dateModified":"2026-02-01T23:01:26+00:00","description":"Si estas buscando recuperaci\u00f3n, rendimiento, aumento de masa muscular y menos fatiga lo que est\u00e1s necesitando es Mtor Bcaa 540 grs Star. Para ambos sexos.","breadcrumb":{"@id":"https:\/\/www.demusculos.com\/web\/producto\/mtor-bcaa-540-grs-star-nutrition\/#breadcrumb"},"inLanguage":"es","potentialAction":[{"@type":"ReadAction","target":["https:\/\/www.demusculos.com\/web\/producto\/mtor-bcaa-540-grs-star-nutrition\/"]}]},{"@type":"ImageObject","inLanguage":"es","@id":"https:\/\/www.demusculos.com\/web\/producto\/mtor-bcaa-540-grs-star-nutrition\/#primaryimage","url":"https:\/\/www.demusculos.com\/web\/wp-content\/uploads\/2024\/03\/mtor-540-grs-star-nutrition-grande.jpg","contentUrl":"https:\/\/www.demusculos.com\/web\/wp-content\/uploads\/2024\/03\/mtor-540-grs-star-nutrition-grande.jpg","width":1200,"height":1200,"caption":"Mtor Bcaa 540 grs Star"},{"@type":"BreadcrumbList","@id":"https:\/\/www.demusculos.com\/web\/producto\/mtor-bcaa-540-grs-star-nutrition\/#breadcrumb","itemListElement":[{"@type":"ListItem","position":1,"name":"Inicio","item":"https:\/\/www.demusculos.com\/web\/"},{"@type":"ListItem","position":2,"name":"Suplementos","item":"https:\/\/www.demusculos.com\/web\/tienda\/"},{"@type":"ListItem","position":3,"name":"Mtor Bcaa 540 grs Star Nutrition"}]},{"@type":"WebSite","@id":"https:\/\/www.demusculos.com\/web\/#website","url":"https:\/\/www.demusculos.com\/web\/","name":"DeMusculos.com","description":"Suplementos Naturales","publisher":{"@id":"https:\/\/www.demusculos.com\/web\/#organization"},"alternateName":"Suplementos Naturales","potentialAction":[{"@type":"SearchAction","target":{"@type":"EntryPoint","urlTemplate":"https:\/\/www.demusculos.com\/web\/?s={search_term_string}"},"query-input":{"@type":"PropertyValueSpecification","valueRequired":true,"valueName":"search_term_string"}}],"inLanguage":"es"},{"@type":"Organization","@id":"https:\/\/www.demusculos.com\/web\/#organization","name":"DeMusculos.com","alternateName":"DeMusculos","url":"https:\/\/www.demusculos.com\/web\/","logo":{"@type":"ImageObject","inLanguage":"es","@id":"https:\/\/www.demusculos.com\/web\/#\/schema\/logo\/image\/","url":"https:\/\/www.demusculos.com\/web\/wp-content\/uploads\/2024\/02\/logo-demusculos-prestashop-usuario.png","contentUrl":"https:\/\/www.demusculos.com\/web\/wp-content\/uploads\/2024\/02\/logo-demusculos-prestashop-usuario.png","width":150,"height":150,"caption":"DeMusculos.com"},"image":{"@id":"https:\/\/www.demusculos.com\/web\/#\/schema\/logo\/image\/"},"sameAs":["https:\/\/www.facebook.com\/demusculos","https:\/\/x.com\/demusculos","https:\/\/www.instagram.com\/demusculos","https:\/\/www.tiktok.com\/@demusculos.com"]}]}},"_links":{"self":[{"href":"https:\/\/www.demusculos.com\/web\/wp-json\/wp\/v2\/product\/1338","targetHints":{"allow":["GET"]}}],"collection":[{"href":"https:\/\/www.demusculos.com\/web\/wp-json\/wp\/v2\/product"}],"about":[{"href":"https:\/\/www.demusculos.com\/web\/wp-json\/wp\/v2\/types\/product"}],"replies":[{"embeddable":true,"href":"https:\/\/www.demusculos.com\/web\/wp-json\/wp\/v2\/comments?post=1338"}],"wp:featuredmedia":[{"embeddable":true,"href":"https:\/\/www.demusculos.com\/web\/wp-json\/wp\/v2\/media\/1339"}],"wp:attachment":[{"href":"https:\/\/www.demusculos.com\/web\/wp-json\/wp\/v2\/media?parent=1338"}],"wp:term":[{"taxonomy":"product_brand","embeddable":true,"href":"https:\/\/www.demusculos.com\/web\/wp-json\/wp\/v2\/product_brand?post=1338"},{"taxonomy":"product_cat","embeddable":true,"href":"https:\/\/www.demusculos.com\/web\/wp-json\/wp\/v2\/product_cat?post=1338"},{"taxonomy":"product_tag","embeddable":true,"href":"https:\/\/www.demusculos.com\/web\/wp-json\/wp\/v2\/product_tag?post=1338"}],"curies":[{"name":"wp","href":"https:\/\/api.w.org\/{rel}","templated":true}]}}