{"id":1353,"date":"2024-03-03T15:41:21","date_gmt":"2024-03-03T18:41:21","guid":{"rendered":"https:\/\/www.demusculos.com\/web\/?post_type=product&#038;p=1353"},"modified":"2026-04-06T16:39:48","modified_gmt":"2026-04-06T19:39:48","slug":"carnitina-150-grs-pulver-sabor-pomelo","status":"publish","type":"product","link":"https:\/\/www.demusculos.com\/web\/producto\/carnitina-150-grs-pulver-sabor-pomelo\/","title":{"rendered":"Carnitina 150 grs Pulver Sabor ANANA"},"content":{"rendered":"<h3>Carnitina Pulver<\/h3>\n<p>Carnitina Pulver es un suplemento natural ideal para quemar grasas y aumentar la energ\u00eda<\/p>\n<figure id=\"attachment_182\" aria-describedby=\"caption-attachment-182\" style=\"width: 446px\" class=\"wp-caption alignnone\"><img decoding=\"async\" class=\"size-full wp-image-182\" src=\"https:\/\/www.demusculos.com\/web\/wp-content\/uploads\/2024\/02\/logo-pulver.png\" alt=\"Productos naturales y deporitvos de la marca Pulver. Todos los suplementos son sin Tacc aptos para celiacos.\" width=\"446\" height=\"103\" srcset=\"https:\/\/www.demusculos.com\/web\/wp-content\/uploads\/2024\/02\/logo-pulver.png 446w, https:\/\/www.demusculos.com\/web\/wp-content\/uploads\/2024\/02\/logo-pulver-300x69.png 300w, https:\/\/www.demusculos.com\/web\/wp-content\/uploads\/2024\/02\/logo-pulver-150x35.png 150w, https:\/\/www.demusculos.com\/web\/wp-content\/uploads\/2024\/02\/logo-pulver-416x96.png 416w\" sizes=\"(max-width: 446px) 100vw, 446px\" \/><figcaption id=\"caption-attachment-182\" class=\"wp-caption-text\">Suplementos naturales ideales para aumentar masa muscular, rendimiento, recuperaci\u00f3n y para la dieta. Alimentos proteicos sin TACC.<\/figcaption><\/figure>\n<p>Beneficios<\/p>\n<figure id=\"attachment_6822\" aria-describedby=\"caption-attachment-6822\" style=\"width: 1080px\" class=\"wp-caption alignnone\"><img fetchpriority=\"high\" decoding=\"async\" class=\"size-full wp-image-6822\" src=\"https:\/\/www.demusculos.com\/web\/wp-content\/uploads\/2024\/03\/carnitina-150grs-pulver-quemador-de-grasas-1-uno.jpg\" alt=\"L-Carnitina 150 grs de Pulver\" width=\"1080\" height=\"1080\" srcset=\"https:\/\/www.demusculos.com\/web\/wp-content\/uploads\/2024\/03\/carnitina-150grs-pulver-quemador-de-grasas-1-uno.jpg 1080w, https:\/\/www.demusculos.com\/web\/wp-content\/uploads\/2024\/03\/carnitina-150grs-pulver-quemador-de-grasas-1-uno-300x300.jpg 300w, https:\/\/www.demusculos.com\/web\/wp-content\/uploads\/2024\/03\/carnitina-150grs-pulver-quemador-de-grasas-1-uno-150x150.jpg 150w, https:\/\/www.demusculos.com\/web\/wp-content\/uploads\/2024\/03\/carnitina-150grs-pulver-quemador-de-grasas-1-uno-800x800.jpg 800w, https:\/\/www.demusculos.com\/web\/wp-content\/uploads\/2024\/03\/carnitina-150grs-pulver-quemador-de-grasas-1-uno-1024x1024.jpg 1024w, https:\/\/www.demusculos.com\/web\/wp-content\/uploads\/2024\/03\/carnitina-150grs-pulver-quemador-de-grasas-1-uno-768x768.jpg 768w\" sizes=\"(max-width: 1080px) 100vw, 1080px\" \/><figcaption id=\"caption-attachment-6822\" class=\"wp-caption-text\">Presentaci\u00f3n<\/figcaption><\/figure>\n<p>. Quemador de grasas sano y natural<br \/>\n. Para hombres y mujeres<br \/>\n. Para todo tipo de deportes<br \/>\n. Sin gluten, apto para celiacos<br \/>\n. Ideal para dieta<\/p>\n<figure id=\"attachment_297\" aria-describedby=\"caption-attachment-297\" style=\"width: 300px\" class=\"wp-caption alignnone\"><img decoding=\"async\" class=\"size-full wp-image-297\" src=\"https:\/\/www.demusculos.com\/web\/wp-content\/uploads\/2024\/02\/quemador-definicion-descenso-bajar.png\" alt=\"Es ideal para el descenso de peso y tono muscular. Con un plan de alimentaci\u00f3n y entrenamiento los resultados se potencian.\" width=\"300\" height=\"300\" srcset=\"https:\/\/www.demusculos.com\/web\/wp-content\/uploads\/2024\/02\/quemador-definicion-descenso-bajar.png 300w, https:\/\/www.demusculos.com\/web\/wp-content\/uploads\/2024\/02\/quemador-definicion-descenso-bajar-150x150.png 150w\" sizes=\"(max-width: 300px) 100vw, 300px\" \/><figcaption id=\"caption-attachment-297\" class=\"wp-caption-text\">Al bajar la grasa corporal tambi\u00e9n tonificamos y nos definimos. Muchos lo conocen el proceso de definici\u00f3n como \u00abmarcar\u00bb. Menos grasas es igual a menos cintura y grasas blandas en papada, gl\u00fateos y panza.<\/figcaption><\/figure>\n<figure id=\"attachment_6808\" aria-describedby=\"caption-attachment-6808\" style=\"width: 1080px\" class=\"wp-caption alignnone\"><img loading=\"lazy\" decoding=\"async\" class=\"size-full wp-image-6808\" src=\"https:\/\/www.demusculos.com\/web\/wp-content\/uploads\/2024\/03\/carnitina-150grs-pulver-quemador-de-grasas-2.jpg\" alt=\"L-Carnitina Pulver 150 grs Anana\" width=\"1080\" height=\"1080\" srcset=\"https:\/\/www.demusculos.com\/web\/wp-content\/uploads\/2024\/03\/carnitina-150grs-pulver-quemador-de-grasas-2.jpg 1080w, https:\/\/www.demusculos.com\/web\/wp-content\/uploads\/2024\/03\/carnitina-150grs-pulver-quemador-de-grasas-2-300x300.jpg 300w, https:\/\/www.demusculos.com\/web\/wp-content\/uploads\/2024\/03\/carnitina-150grs-pulver-quemador-de-grasas-2-150x150.jpg 150w, https:\/\/www.demusculos.com\/web\/wp-content\/uploads\/2024\/03\/carnitina-150grs-pulver-quemador-de-grasas-2-800x800.jpg 800w, https:\/\/www.demusculos.com\/web\/wp-content\/uploads\/2024\/03\/carnitina-150grs-pulver-quemador-de-grasas-2-1024x1024.jpg 1024w, https:\/\/www.demusculos.com\/web\/wp-content\/uploads\/2024\/03\/carnitina-150grs-pulver-quemador-de-grasas-2-768x768.jpg 768w\" sizes=\"(max-width: 1080px) 100vw, 1080px\" \/><figcaption id=\"caption-attachment-6808\" class=\"wp-caption-text\">Datos a destacar<\/figcaption><\/figure>\n<p>Es un suplemento a base de L-Carnitina pura, libre de gluten. La L-Carnitina juega un papel importante en el transporte de los \u00e1cidos grasos dentro de las c\u00e9lulas donde se transforman en energ\u00eda. Por esta funci\u00f3n se considera un excelente quemador de grasas. Es decir, facilita la utilizaci\u00f3n de las grasas como combustible energ\u00e9tico.<\/p>\n<figure id=\"attachment_185\" aria-describedby=\"caption-attachment-185\" style=\"width: 300px\" class=\"wp-caption alignnone\"><img loading=\"lazy\" decoding=\"async\" class=\"size-full wp-image-185\" src=\"https:\/\/www.demusculos.com\/web\/wp-content\/uploads\/2024\/02\/sin-tacc.png\" alt=\"Este suplemento deportivo es 100% natural y puede ser consumido por personas celiacas: Es libre de TACC.\" width=\"300\" height=\"300\" srcset=\"https:\/\/www.demusculos.com\/web\/wp-content\/uploads\/2024\/02\/sin-tacc.png 300w, https:\/\/www.demusculos.com\/web\/wp-content\/uploads\/2024\/02\/sin-tacc-150x150.png 150w\" sizes=\"(max-width: 300px) 100vw, 300px\" \/><figcaption id=\"caption-attachment-185\" class=\"wp-caption-text\">Este producto no contiene trigo, avena, centeno y cebada. Es libre de TACC y es apto para celiacos.<\/figcaption><\/figure>\n<figure id=\"attachment_6809\" aria-describedby=\"caption-attachment-6809\" style=\"width: 1080px\" class=\"wp-caption alignnone\"><img loading=\"lazy\" decoding=\"async\" class=\"size-full wp-image-6809\" src=\"https:\/\/www.demusculos.com\/web\/wp-content\/uploads\/2024\/03\/carnitina-150grs-pulver-quemador-de-grasas-3.jpg\" alt=\"L-Carnitina Pulver 150 grs Anana\" width=\"1080\" height=\"1080\" srcset=\"https:\/\/www.demusculos.com\/web\/wp-content\/uploads\/2024\/03\/carnitina-150grs-pulver-quemador-de-grasas-3.jpg 1080w, https:\/\/www.demusculos.com\/web\/wp-content\/uploads\/2024\/03\/carnitina-150grs-pulver-quemador-de-grasas-3-300x300.jpg 300w, https:\/\/www.demusculos.com\/web\/wp-content\/uploads\/2024\/03\/carnitina-150grs-pulver-quemador-de-grasas-3-150x150.jpg 150w, https:\/\/www.demusculos.com\/web\/wp-content\/uploads\/2024\/03\/carnitina-150grs-pulver-quemador-de-grasas-3-800x800.jpg 800w, https:\/\/www.demusculos.com\/web\/wp-content\/uploads\/2024\/03\/carnitina-150grs-pulver-quemador-de-grasas-3-1024x1024.jpg 1024w, https:\/\/www.demusculos.com\/web\/wp-content\/uploads\/2024\/03\/carnitina-150grs-pulver-quemador-de-grasas-3-768x768.jpg 768w\" sizes=\"(max-width: 1080px) 100vw, 1080px\" \/><figcaption id=\"caption-attachment-6809\" class=\"wp-caption-text\">Informaci\u00f3n Nutricional<\/figcaption><\/figure>\n<p>Permite transformar la grasa en energ\u00eda para el organismo, durante la actividad f\u00edsica. El mejor combustible para mejorar la performance deportiva y quemar grasa.<br \/>\nNo todos los preparados de carnitina tienen el mismo efecto. La l-carnitina base, nutriente de la L-Carnitina Pulver es tres veces m\u00e1s potente que el tartrato de carnitina.<\/p>\n<p><strong>MODO DE USO<\/strong><br \/>\nDisolver 3 gr (1 medida provista en el envase) en 200 cc de agua. Ingerir 30-60 minutos antes de realizar actividad f\u00edsica.<\/p>\n<figure id=\"attachment_157\" aria-describedby=\"caption-attachment-157\" style=\"width: 300px\" class=\"wp-caption alignnone\"><img loading=\"lazy\" decoding=\"async\" class=\"size-full wp-image-157\" src=\"https:\/\/www.demusculos.com\/web\/wp-content\/uploads\/2024\/02\/vaso-de-agua.png\" alt=\"Este producto se puede preparar con agua. Preferentemente bien fr\u00eda.\" width=\"300\" height=\"300\" srcset=\"https:\/\/www.demusculos.com\/web\/wp-content\/uploads\/2024\/02\/vaso-de-agua.png 300w, https:\/\/www.demusculos.com\/web\/wp-content\/uploads\/2024\/02\/vaso-de-agua-150x150.png 150w\" sizes=\"(max-width: 300px) 100vw, 300px\" \/><figcaption id=\"caption-attachment-157\" class=\"wp-caption-text\">Este producto se prepara con agua. Se encuentra saborizado. Es igual que preparar cualquier otro jugo.<\/figcaption><\/figure>\n<figure id=\"attachment_6810\" aria-describedby=\"caption-attachment-6810\" style=\"width: 1080px\" class=\"wp-caption alignnone\"><img loading=\"lazy\" decoding=\"async\" class=\"size-full wp-image-6810\" src=\"https:\/\/www.demusculos.com\/web\/wp-content\/uploads\/2024\/03\/carnitina-150grs-pulver-quemador-de-grasas-4.jpg\" alt=\"L-Carnitina Pulver 150 grs Anana\" width=\"1080\" height=\"1080\" srcset=\"https:\/\/www.demusculos.com\/web\/wp-content\/uploads\/2024\/03\/carnitina-150grs-pulver-quemador-de-grasas-4.jpg 1080w, https:\/\/www.demusculos.com\/web\/wp-content\/uploads\/2024\/03\/carnitina-150grs-pulver-quemador-de-grasas-4-300x300.jpg 300w, https:\/\/www.demusculos.com\/web\/wp-content\/uploads\/2024\/03\/carnitina-150grs-pulver-quemador-de-grasas-4-150x150.jpg 150w, https:\/\/www.demusculos.com\/web\/wp-content\/uploads\/2024\/03\/carnitina-150grs-pulver-quemador-de-grasas-4-800x800.jpg 800w, https:\/\/www.demusculos.com\/web\/wp-content\/uploads\/2024\/03\/carnitina-150grs-pulver-quemador-de-grasas-4-1024x1024.jpg 1024w, https:\/\/www.demusculos.com\/web\/wp-content\/uploads\/2024\/03\/carnitina-150grs-pulver-quemador-de-grasas-4-768x768.jpg 768w\" sizes=\"(max-width: 1080px) 100vw, 1080px\" \/><figcaption id=\"caption-attachment-6810\" class=\"wp-caption-text\">Beneficios<\/figcaption><\/figure>\n<figure id=\"attachment_6811\" aria-describedby=\"caption-attachment-6811\" style=\"width: 1080px\" class=\"wp-caption alignnone\"><img loading=\"lazy\" decoding=\"async\" class=\"size-full wp-image-6811\" src=\"https:\/\/www.demusculos.com\/web\/wp-content\/uploads\/2024\/03\/carnitina-150grs-pulver-quemador-de-grasas-5.jpg\" alt=\"L-Carnitina Pulver 150 grs Anana\" width=\"1080\" height=\"1080\" srcset=\"https:\/\/www.demusculos.com\/web\/wp-content\/uploads\/2024\/03\/carnitina-150grs-pulver-quemador-de-grasas-5.jpg 1080w, https:\/\/www.demusculos.com\/web\/wp-content\/uploads\/2024\/03\/carnitina-150grs-pulver-quemador-de-grasas-5-300x300.jpg 300w, https:\/\/www.demusculos.com\/web\/wp-content\/uploads\/2024\/03\/carnitina-150grs-pulver-quemador-de-grasas-5-150x150.jpg 150w, https:\/\/www.demusculos.com\/web\/wp-content\/uploads\/2024\/03\/carnitina-150grs-pulver-quemador-de-grasas-5-800x800.jpg 800w, https:\/\/www.demusculos.com\/web\/wp-content\/uploads\/2024\/03\/carnitina-150grs-pulver-quemador-de-grasas-5-1024x1024.jpg 1024w, https:\/\/www.demusculos.com\/web\/wp-content\/uploads\/2024\/03\/carnitina-150grs-pulver-quemador-de-grasas-5-768x768.jpg 768w\" sizes=\"(max-width: 1080px) 100vw, 1080px\" \/><figcaption id=\"caption-attachment-6811\" class=\"wp-caption-text\">M\u00e1s beneficios<\/figcaption><\/figure>\n<figure id=\"attachment_6812\" aria-describedby=\"caption-attachment-6812\" style=\"width: 1080px\" class=\"wp-caption alignnone\"><img loading=\"lazy\" decoding=\"async\" class=\"size-full wp-image-6812\" src=\"https:\/\/www.demusculos.com\/web\/wp-content\/uploads\/2024\/03\/carnitina-150grs-pulver-quemador-de-grasas-6.jpg\" alt=\"L-Carnitina Pulver 150 grs Anana\" width=\"1080\" height=\"1080\" srcset=\"https:\/\/www.demusculos.com\/web\/wp-content\/uploads\/2024\/03\/carnitina-150grs-pulver-quemador-de-grasas-6.jpg 1080w, https:\/\/www.demusculos.com\/web\/wp-content\/uploads\/2024\/03\/carnitina-150grs-pulver-quemador-de-grasas-6-300x300.jpg 300w, https:\/\/www.demusculos.com\/web\/wp-content\/uploads\/2024\/03\/carnitina-150grs-pulver-quemador-de-grasas-6-150x150.jpg 150w, https:\/\/www.demusculos.com\/web\/wp-content\/uploads\/2024\/03\/carnitina-150grs-pulver-quemador-de-grasas-6-800x800.jpg 800w, https:\/\/www.demusculos.com\/web\/wp-content\/uploads\/2024\/03\/carnitina-150grs-pulver-quemador-de-grasas-6-1024x1024.jpg 1024w, https:\/\/www.demusculos.com\/web\/wp-content\/uploads\/2024\/03\/carnitina-150grs-pulver-quemador-de-grasas-6-768x768.jpg 768w\" sizes=\"(max-width: 1080px) 100vw, 1080px\" \/><figcaption id=\"caption-attachment-6812\" class=\"wp-caption-text\">Fabricada por Pulver<\/figcaption><\/figure>\n","protected":false},"excerpt":{"rendered":"<p>Quemador de grasas sin estimulantes. Para ambos sexos. Sin Tacc, apta celiacos. Ideal para transformar la grasa en fuente de energ\u00eda.<\/p>\n","protected":false},"featured_media":1354,"comment_status":"closed","ping_status":"closed","template":"","meta":[],"product_brand":[221],"product_cat":[19],"product_tag":[28,89],"class_list":{"0":"post-1353","1":"product","2":"type-product","3":"status-publish","4":"has-post-thumbnail","6":"product_brand-pulver","7":"product_cat-quemadores","8":"product_tag-pulver","9":"product_tag-quemador","11":"first","12":"instock","13":"sale","14":"shipping-taxable","15":"purchasable","16":"product-type-simple"},"yoast_head":"<!-- This site is optimized with the Yoast SEO plugin v27.3 - https:\/\/yoast.com\/product\/yoast-seo-wordpress\/ -->\n<title>Carnitina Pulver | 150grs | Quemador de Grasas | DeMusculos.com<\/title>\n<meta name=\"description\" content=\"Carnitina Pulver 150 grs es un excelente quemador de grasas, sin estimulantes, utiliza las grasas como fuente de energ\u00eda. Para hombres y mujeres.\" \/>\n<meta name=\"robots\" content=\"index, follow, max-snippet:-1, max-image-preview:large, max-video-preview:-1\" \/>\n<link rel=\"canonical\" href=\"https:\/\/www.demusculos.com\/web\/producto\/carnitina-150-grs-pulver-sabor-pomelo\/\" \/>\n<meta property=\"og:locale\" content=\"es_ES\" \/>\n<meta property=\"og:type\" content=\"article\" \/>\n<meta property=\"og:title\" content=\"Carnitina Pulver | 150grs | Quemador de Grasas | DeMusculos.com\" \/>\n<meta property=\"og:description\" content=\"Carnitina Pulver 150 grs es un excelente quemador de grasas, sin estimulantes, utiliza las grasas como fuente de energ\u00eda. Para hombres y mujeres.\" \/>\n<meta property=\"og:url\" content=\"https:\/\/www.demusculos.com\/web\/producto\/carnitina-150-grs-pulver-sabor-pomelo\/\" \/>\n<meta property=\"og:site_name\" content=\"DeMusculos\" \/>\n<meta property=\"article:publisher\" content=\"https:\/\/www.facebook.com\/demusculos\" \/>\n<meta property=\"article:modified_time\" content=\"2026-04-06T19:39:48+00:00\" \/>\n<meta property=\"og:image\" content=\"https:\/\/www.demusculos.com\/web\/wp-content\/uploads\/2024\/03\/carnitina-pilver-150-grs-quemador.jpg\" \/>\n\t<meta property=\"og:image:width\" content=\"800\" \/>\n\t<meta property=\"og:image:height\" content=\"800\" \/>\n\t<meta property=\"og:image:type\" content=\"image\/jpeg\" \/>\n<meta name=\"twitter:card\" content=\"summary_large_image\" \/>\n<meta name=\"twitter:site\" content=\"@demusculos\" \/>\n<meta name=\"twitter:label1\" content=\"Tiempo de lectura\" \/>\n\t<meta name=\"twitter:data1\" content=\"4 minutos\" \/>\n<script type=\"application\/ld+json\" class=\"yoast-schema-graph\">{\"@context\":\"https:\\\/\\\/schema.org\",\"@graph\":[{\"@type\":\"WebPage\",\"@id\":\"https:\\\/\\\/www.demusculos.com\\\/web\\\/producto\\\/carnitina-150-grs-pulver-sabor-pomelo\\\/\",\"url\":\"https:\\\/\\\/www.demusculos.com\\\/web\\\/producto\\\/carnitina-150-grs-pulver-sabor-pomelo\\\/\",\"name\":\"Carnitina Pulver | 150grs | Quemador de Grasas | DeMusculos.com\",\"isPartOf\":{\"@id\":\"https:\\\/\\\/www.demusculos.com\\\/web\\\/#website\"},\"primaryImageOfPage\":{\"@id\":\"https:\\\/\\\/www.demusculos.com\\\/web\\\/producto\\\/carnitina-150-grs-pulver-sabor-pomelo\\\/#primaryimage\"},\"image\":{\"@id\":\"https:\\\/\\\/www.demusculos.com\\\/web\\\/producto\\\/carnitina-150-grs-pulver-sabor-pomelo\\\/#primaryimage\"},\"thumbnailUrl\":\"https:\\\/\\\/www.demusculos.com\\\/web\\\/wp-content\\\/uploads\\\/2024\\\/03\\\/carnitina-pilver-150-grs-quemador.jpg\",\"datePublished\":\"2024-03-03T18:41:21+00:00\",\"dateModified\":\"2026-04-06T19:39:48+00:00\",\"description\":\"Carnitina Pulver 150 grs es un excelente quemador de grasas, sin estimulantes, utiliza las grasas como fuente de energ\u00eda. Para hombres y mujeres.\",\"breadcrumb\":{\"@id\":\"https:\\\/\\\/www.demusculos.com\\\/web\\\/producto\\\/carnitina-150-grs-pulver-sabor-pomelo\\\/#breadcrumb\"},\"inLanguage\":\"es\",\"potentialAction\":[{\"@type\":\"ReadAction\",\"target\":[\"https:\\\/\\\/www.demusculos.com\\\/web\\\/producto\\\/carnitina-150-grs-pulver-sabor-pomelo\\\/\"]}]},{\"@type\":\"ImageObject\",\"inLanguage\":\"es\",\"@id\":\"https:\\\/\\\/www.demusculos.com\\\/web\\\/producto\\\/carnitina-150-grs-pulver-sabor-pomelo\\\/#primaryimage\",\"url\":\"https:\\\/\\\/www.demusculos.com\\\/web\\\/wp-content\\\/uploads\\\/2024\\\/03\\\/carnitina-pilver-150-grs-quemador.jpg\",\"contentUrl\":\"https:\\\/\\\/www.demusculos.com\\\/web\\\/wp-content\\\/uploads\\\/2024\\\/03\\\/carnitina-pilver-150-grs-quemador.jpg\",\"width\":800,\"height\":800,\"caption\":\"Carnitina Pulver x150 grs. Transforma la grasa en energ\u00eda.\"},{\"@type\":\"BreadcrumbList\",\"@id\":\"https:\\\/\\\/www.demusculos.com\\\/web\\\/producto\\\/carnitina-150-grs-pulver-sabor-pomelo\\\/#breadcrumb\",\"itemListElement\":[{\"@type\":\"ListItem\",\"position\":1,\"name\":\"Inicio\",\"item\":\"https:\\\/\\\/www.demusculos.com\\\/web\\\/\"},{\"@type\":\"ListItem\",\"position\":2,\"name\":\"Suplementos\",\"item\":\"https:\\\/\\\/www.demusculos.com\\\/web\\\/tienda\\\/\"},{\"@type\":\"ListItem\",\"position\":3,\"name\":\"Carnitina 150 grs Pulver Sabor ANANA\"}]},{\"@type\":\"WebSite\",\"@id\":\"https:\\\/\\\/www.demusculos.com\\\/web\\\/#website\",\"url\":\"https:\\\/\\\/www.demusculos.com\\\/web\\\/\",\"name\":\"DeMusculos.com\",\"description\":\"Suplementos Naturales\",\"publisher\":{\"@id\":\"https:\\\/\\\/www.demusculos.com\\\/web\\\/#organization\"},\"alternateName\":\"Suplementos Naturales\",\"potentialAction\":[{\"@type\":\"SearchAction\",\"target\":{\"@type\":\"EntryPoint\",\"urlTemplate\":\"https:\\\/\\\/www.demusculos.com\\\/web\\\/?s={search_term_string}\"},\"query-input\":{\"@type\":\"PropertyValueSpecification\",\"valueRequired\":true,\"valueName\":\"search_term_string\"}}],\"inLanguage\":\"es\"},{\"@type\":\"Organization\",\"@id\":\"https:\\\/\\\/www.demusculos.com\\\/web\\\/#organization\",\"name\":\"DeMusculos.com\",\"alternateName\":\"DeMusculos\",\"url\":\"https:\\\/\\\/www.demusculos.com\\\/web\\\/\",\"logo\":{\"@type\":\"ImageObject\",\"inLanguage\":\"es\",\"@id\":\"https:\\\/\\\/www.demusculos.com\\\/web\\\/#\\\/schema\\\/logo\\\/image\\\/\",\"url\":\"https:\\\/\\\/www.demusculos.com\\\/web\\\/wp-content\\\/uploads\\\/2024\\\/02\\\/logo-demusculos-prestashop-usuario.png\",\"contentUrl\":\"https:\\\/\\\/www.demusculos.com\\\/web\\\/wp-content\\\/uploads\\\/2024\\\/02\\\/logo-demusculos-prestashop-usuario.png\",\"width\":150,\"height\":150,\"caption\":\"DeMusculos.com\"},\"image\":{\"@id\":\"https:\\\/\\\/www.demusculos.com\\\/web\\\/#\\\/schema\\\/logo\\\/image\\\/\"},\"sameAs\":[\"https:\\\/\\\/www.facebook.com\\\/demusculos\",\"https:\\\/\\\/x.com\\\/demusculos\",\"https:\\\/\\\/www.instagram.com\\\/demusculos\",\"https:\\\/\\\/www.tiktok.com\\\/@demusculos.com\"]}]}<\/script>\n<!-- \/ Yoast SEO plugin. -->","yoast_head_json":{"title":"Carnitina Pulver | 150grs | Quemador de Grasas | DeMusculos.com","description":"Carnitina Pulver 150 grs es un excelente quemador de grasas, sin estimulantes, utiliza las grasas como fuente de energ\u00eda. Para hombres y mujeres.","robots":{"index":"index","follow":"follow","max-snippet":"max-snippet:-1","max-image-preview":"max-image-preview:large","max-video-preview":"max-video-preview:-1"},"canonical":"https:\/\/www.demusculos.com\/web\/producto\/carnitina-150-grs-pulver-sabor-pomelo\/","og_locale":"es_ES","og_type":"article","og_title":"Carnitina Pulver | 150grs | Quemador de Grasas | DeMusculos.com","og_description":"Carnitina Pulver 150 grs es un excelente quemador de grasas, sin estimulantes, utiliza las grasas como fuente de energ\u00eda. Para hombres y mujeres.","og_url":"https:\/\/www.demusculos.com\/web\/producto\/carnitina-150-grs-pulver-sabor-pomelo\/","og_site_name":"DeMusculos","article_publisher":"https:\/\/www.facebook.com\/demusculos","article_modified_time":"2026-04-06T19:39:48+00:00","og_image":[{"width":800,"height":800,"url":"https:\/\/www.demusculos.com\/web\/wp-content\/uploads\/2024\/03\/carnitina-pilver-150-grs-quemador.jpg","type":"image\/jpeg"}],"twitter_card":"summary_large_image","twitter_site":"@demusculos","twitter_misc":{"Tiempo de lectura":"4 minutos"},"schema":{"@context":"https:\/\/schema.org","@graph":[{"@type":"WebPage","@id":"https:\/\/www.demusculos.com\/web\/producto\/carnitina-150-grs-pulver-sabor-pomelo\/","url":"https:\/\/www.demusculos.com\/web\/producto\/carnitina-150-grs-pulver-sabor-pomelo\/","name":"Carnitina Pulver | 150grs | Quemador de Grasas | DeMusculos.com","isPartOf":{"@id":"https:\/\/www.demusculos.com\/web\/#website"},"primaryImageOfPage":{"@id":"https:\/\/www.demusculos.com\/web\/producto\/carnitina-150-grs-pulver-sabor-pomelo\/#primaryimage"},"image":{"@id":"https:\/\/www.demusculos.com\/web\/producto\/carnitina-150-grs-pulver-sabor-pomelo\/#primaryimage"},"thumbnailUrl":"https:\/\/www.demusculos.com\/web\/wp-content\/uploads\/2024\/03\/carnitina-pilver-150-grs-quemador.jpg","datePublished":"2024-03-03T18:41:21+00:00","dateModified":"2026-04-06T19:39:48+00:00","description":"Carnitina Pulver 150 grs es un excelente quemador de grasas, sin estimulantes, utiliza las grasas como fuente de energ\u00eda. Para hombres y mujeres.","breadcrumb":{"@id":"https:\/\/www.demusculos.com\/web\/producto\/carnitina-150-grs-pulver-sabor-pomelo\/#breadcrumb"},"inLanguage":"es","potentialAction":[{"@type":"ReadAction","target":["https:\/\/www.demusculos.com\/web\/producto\/carnitina-150-grs-pulver-sabor-pomelo\/"]}]},{"@type":"ImageObject","inLanguage":"es","@id":"https:\/\/www.demusculos.com\/web\/producto\/carnitina-150-grs-pulver-sabor-pomelo\/#primaryimage","url":"https:\/\/www.demusculos.com\/web\/wp-content\/uploads\/2024\/03\/carnitina-pilver-150-grs-quemador.jpg","contentUrl":"https:\/\/www.demusculos.com\/web\/wp-content\/uploads\/2024\/03\/carnitina-pilver-150-grs-quemador.jpg","width":800,"height":800,"caption":"Carnitina Pulver x150 grs. Transforma la grasa en energ\u00eda."},{"@type":"BreadcrumbList","@id":"https:\/\/www.demusculos.com\/web\/producto\/carnitina-150-grs-pulver-sabor-pomelo\/#breadcrumb","itemListElement":[{"@type":"ListItem","position":1,"name":"Inicio","item":"https:\/\/www.demusculos.com\/web\/"},{"@type":"ListItem","position":2,"name":"Suplementos","item":"https:\/\/www.demusculos.com\/web\/tienda\/"},{"@type":"ListItem","position":3,"name":"Carnitina 150 grs Pulver Sabor ANANA"}]},{"@type":"WebSite","@id":"https:\/\/www.demusculos.com\/web\/#website","url":"https:\/\/www.demusculos.com\/web\/","name":"DeMusculos.com","description":"Suplementos Naturales","publisher":{"@id":"https:\/\/www.demusculos.com\/web\/#organization"},"alternateName":"Suplementos Naturales","potentialAction":[{"@type":"SearchAction","target":{"@type":"EntryPoint","urlTemplate":"https:\/\/www.demusculos.com\/web\/?s={search_term_string}"},"query-input":{"@type":"PropertyValueSpecification","valueRequired":true,"valueName":"search_term_string"}}],"inLanguage":"es"},{"@type":"Organization","@id":"https:\/\/www.demusculos.com\/web\/#organization","name":"DeMusculos.com","alternateName":"DeMusculos","url":"https:\/\/www.demusculos.com\/web\/","logo":{"@type":"ImageObject","inLanguage":"es","@id":"https:\/\/www.demusculos.com\/web\/#\/schema\/logo\/image\/","url":"https:\/\/www.demusculos.com\/web\/wp-content\/uploads\/2024\/02\/logo-demusculos-prestashop-usuario.png","contentUrl":"https:\/\/www.demusculos.com\/web\/wp-content\/uploads\/2024\/02\/logo-demusculos-prestashop-usuario.png","width":150,"height":150,"caption":"DeMusculos.com"},"image":{"@id":"https:\/\/www.demusculos.com\/web\/#\/schema\/logo\/image\/"},"sameAs":["https:\/\/www.facebook.com\/demusculos","https:\/\/x.com\/demusculos","https:\/\/www.instagram.com\/demusculos","https:\/\/www.tiktok.com\/@demusculos.com"]}]}},"_links":{"self":[{"href":"https:\/\/www.demusculos.com\/web\/wp-json\/wp\/v2\/product\/1353","targetHints":{"allow":["GET"]}}],"collection":[{"href":"https:\/\/www.demusculos.com\/web\/wp-json\/wp\/v2\/product"}],"about":[{"href":"https:\/\/www.demusculos.com\/web\/wp-json\/wp\/v2\/types\/product"}],"replies":[{"embeddable":true,"href":"https:\/\/www.demusculos.com\/web\/wp-json\/wp\/v2\/comments?post=1353"}],"wp:featuredmedia":[{"embeddable":true,"href":"https:\/\/www.demusculos.com\/web\/wp-json\/wp\/v2\/media\/1354"}],"wp:attachment":[{"href":"https:\/\/www.demusculos.com\/web\/wp-json\/wp\/v2\/media?parent=1353"}],"wp:term":[{"taxonomy":"product_brand","embeddable":true,"href":"https:\/\/www.demusculos.com\/web\/wp-json\/wp\/v2\/product_brand?post=1353"},{"taxonomy":"product_cat","embeddable":true,"href":"https:\/\/www.demusculos.com\/web\/wp-json\/wp\/v2\/product_cat?post=1353"},{"taxonomy":"product_tag","embeddable":true,"href":"https:\/\/www.demusculos.com\/web\/wp-json\/wp\/v2\/product_tag?post=1353"}],"curies":[{"name":"wp","href":"https:\/\/api.w.org\/{rel}","templated":true}]}}