{"id":1378,"date":"2024-03-03T18:53:34","date_gmt":"2024-03-03T21:53:34","guid":{"rendered":"https:\/\/www.demusculos.com\/web\/?post_type=product&#038;p=1378"},"modified":"2026-04-08T15:53:00","modified_gmt":"2026-04-08T18:53:00","slug":"creatina-500-grs-de-xtrenght-nutrition","status":"publish","type":"product","link":"https:\/\/www.demusculos.com\/web\/producto\/creatina-500-grs-de-xtrenght-nutrition\/","title":{"rendered":"Creatina 500 grs de Xtrenght Nutrition"},"content":{"rendered":"<h2><strong>Creatina 500 grs de Xtrenght Nutrition<\/strong><\/h2>\n<p>La creatina de 500 grs de Xtrenght tiene un total de 100 tomas de 5 gramos. Es ideal para recuperaci\u00f3n y rendimiento. Aumento de energ\u00eda y masa muscular.<\/p>\n<p><img fetchpriority=\"high\" decoding=\"async\" class=\"alignnone wp-image-11777 size-full\" src=\"https:\/\/www.demusculos.com\/web\/wp-content\/uploads\/2024\/03\/creatina-monohidrato-xtrenght-01.webp\" alt=\"Dos presentaciones: Xtrenght Nutrition\" width=\"1080\" height=\"1080\" srcset=\"https:\/\/www.demusculos.com\/web\/wp-content\/uploads\/2024\/03\/creatina-monohidrato-xtrenght-01.webp 1080w, https:\/\/www.demusculos.com\/web\/wp-content\/uploads\/2024\/03\/creatina-monohidrato-xtrenght-01-300x300.webp 300w, https:\/\/www.demusculos.com\/web\/wp-content\/uploads\/2024\/03\/creatina-monohidrato-xtrenght-01-150x150.webp 150w, https:\/\/www.demusculos.com\/web\/wp-content\/uploads\/2024\/03\/creatina-monohidrato-xtrenght-01-800x800.webp 800w, https:\/\/www.demusculos.com\/web\/wp-content\/uploads\/2024\/03\/creatina-monohidrato-xtrenght-01-1024x1024.webp 1024w, https:\/\/www.demusculos.com\/web\/wp-content\/uploads\/2024\/03\/creatina-monohidrato-xtrenght-01-768x768.webp 768w\" sizes=\"(max-width: 1080px) 100vw, 1080px\" \/><\/p>\n<figure id=\"attachment_128\" aria-describedby=\"caption-attachment-128\" style=\"width: 300px\" class=\"wp-caption alignnone\"><img decoding=\"async\" class=\"size-full wp-image-128\" src=\"https:\/\/www.demusculos.com\/web\/wp-content\/uploads\/2024\/02\/logo-xtrenght-nutrition.png\" alt=\"Los mejores suplementos naturales son Xtrenght Nutrition: Ganadores de peso, amino\u00e1cidos, glutamina, creatina y amino\u00e1cidos BCAA\" width=\"300\" height=\"60\" srcset=\"https:\/\/www.demusculos.com\/web\/wp-content\/uploads\/2024\/02\/logo-xtrenght-nutrition.png 300w, https:\/\/www.demusculos.com\/web\/wp-content\/uploads\/2024\/02\/logo-xtrenght-nutrition-150x30.png 150w\" sizes=\"(max-width: 300px) 100vw, 300px\" \/><figcaption id=\"caption-attachment-128\" class=\"wp-caption-text\">Fabricado por Xtrenght Nutrition. Una de las empresas de nutrici\u00f3n con m\u00e1s trayectoria de toda la Argentina.<\/figcaption><\/figure>\n<h2><strong>Principales beneficios de la Creatina 500:<\/strong><\/h2>\n<p>La\u00a0<strong>Creatina 500 grs de Xtrenght Nutrition<\/strong>\u00a0es tu aliada para alcanzar tus objetivos deportivos. Descubre sus beneficios:<\/p>\n<ol>\n<li><strong>Recuperaci\u00f3n Avanzada<\/strong>: La creatina ayuda a regenerar tus m\u00fasculos m\u00e1s r\u00e1pidamente despu\u00e9s del ejercicio intenso. Esto significa menos dolor y fatiga, \u00a1as\u00ed estar\u00e1s listo para tu pr\u00f3ximo entrenamiento!<\/li>\n<li><strong>Mejora tu Rendimiento<\/strong>: La creatina monohidrato es conocida por su capacidad para aumentar la fuerza y la potencia muscular. Si buscas superar tus l\u00edmites, esta es tu arma secreta.<\/li>\n<li><strong>Fabricada en Argentina con Calidad Premium<\/strong>: Nos enorgullece decir que nuestra creatina se produce localmente, utilizando materias primas de primera calidad. Conf\u00eda en un producto que cumple con los m\u00e1s altos est\u00e1ndares.<\/li>\n<li><strong>Versatilidad para Todos<\/strong>: Tanto hombres como mujeres pueden beneficiarse de la creatina. Ideal para cualquier tipo de deporte, desde levantamiento de pesas hasta running.<\/li>\n<li><strong>Sin Sabor, F\u00e1cil de Combinar<\/strong>: La creatina en polvo no tiene sabor, lo que la hace perfecta para mezclar con tus bebidas o batidos favoritos. Adem\u00e1s, puedes combinarla con prote\u00ednas, amino\u00e1cidos y otros suplementos para potenciar a\u00fan m\u00e1s tus resultados.<\/li>\n<\/ol>\n<p>\u00a1Eleva tu entrenamiento al siguiente nivel con la\u00a0<strong>Creatina 500 grs de Xtrenght Nutrition<\/strong>! Tu cuerpo te lo agradecer\u00e1.<\/p>\n<h2><strong>La combinaci\u00f3n perfecta: Creatina + Prote\u00edna<\/strong><\/h2>\n<p data-start=\"90\" data-end=\"171\"><strong data-start=\"93\" data-end=\"166\">La f\u00f3rmula perfecta para ganar masa muscular y mejorar el rendimiento<\/strong><\/p>\n<p data-start=\"173\" data-end=\"503\">Cuando se trata de maximizar los resultados en el gimnasio, la combinaci\u00f3n de <strong data-start=\"251\" data-end=\"274\">Advanced Whey 2 lbs<\/strong> y <strong data-start=\"277\" data-end=\"323\">Creatina Micronizada de Xtrenght Nutrition<\/strong> es un d\u00fao imbatible. \u00bfPor qu\u00e9? Porque ambas f\u00f3rmulas trabajan en sinergia para ofrecerte un aporte completo de nutrientes esenciales para el crecimiento y recuperaci\u00f3n muscular.<\/p>\n<hr data-start=\"505\" data-end=\"508\" \/>\n<h3 data-start=\"510\" data-end=\"550\"><strong data-start=\"514\" data-end=\"548\">1. Aumento de la masa muscular<\/strong><\/h3>\n<p data-start=\"551\" data-end=\"1026\">La prote\u00edna Advanced Whey aporta una mezcla de <strong data-start=\"598\" data-end=\"654\">hidrolizado, aislado y concentrado de suero de leche<\/strong>, asegurando una liberaci\u00f3n r\u00e1pida, media y sostenida de amino\u00e1cidos esenciales. Esto impulsa la s\u00edntesis proteica durante horas, creando un entorno anab\u00f3lico ideal para el crecimiento muscular. La creatina, por su parte, incrementa la hidrataci\u00f3n celular y proporciona el ATP necesario para entrenamientos explosivos, lo que favorece la ganancia de masa muscular magra.<\/p>\n<hr data-start=\"1028\" data-end=\"1031\" \/>\n<h3 data-start=\"1033\" data-end=\"1080\"><strong data-start=\"1037\" data-end=\"1078\">2. Mejora en la recuperaci\u00f3n muscular<\/strong><\/h3>\n<p data-start=\"1081\" data-end=\"1423\">El hidrolizado presente en Advanced Whey se absorbe r\u00e1pidamente, iniciando la recuperaci\u00f3n muscular pocos minutos despu\u00e9s de finalizar el entrenamiento. La creatina, al restaurar las reservas de energ\u00eda muscular, reduce la fatiga y acelera la reparaci\u00f3n de fibras musculares da\u00f1adas, permiti\u00e9ndote volver al gimnasio m\u00e1s fuerte y preparado.<\/p>\n<p>&nbsp;<\/p>\n<p><img decoding=\"async\" class=\"alignnone wp-image-11778 size-full\" src=\"https:\/\/www.demusculos.com\/web\/wp-content\/uploads\/2024\/03\/creatina-monohidrato-xtrenght-02.webp\" alt=\"Informaci\u00f3n nutricional del producto\" width=\"1080\" height=\"1080\" srcset=\"https:\/\/www.demusculos.com\/web\/wp-content\/uploads\/2024\/03\/creatina-monohidrato-xtrenght-02.webp 1080w, https:\/\/www.demusculos.com\/web\/wp-content\/uploads\/2024\/03\/creatina-monohidrato-xtrenght-02-300x300.webp 300w, https:\/\/www.demusculos.com\/web\/wp-content\/uploads\/2024\/03\/creatina-monohidrato-xtrenght-02-150x150.webp 150w, https:\/\/www.demusculos.com\/web\/wp-content\/uploads\/2024\/03\/creatina-monohidrato-xtrenght-02-800x800.webp 800w, https:\/\/www.demusculos.com\/web\/wp-content\/uploads\/2024\/03\/creatina-monohidrato-xtrenght-02-1024x1024.webp 1024w, https:\/\/www.demusculos.com\/web\/wp-content\/uploads\/2024\/03\/creatina-monohidrato-xtrenght-02-768x768.webp 768w\" sizes=\"(max-width: 1080px) 100vw, 1080px\" \/><\/p>\n<hr data-start=\"1425\" data-end=\"1428\" \/>\n<h3 data-start=\"1430\" data-end=\"1474\"><strong data-start=\"1434\" data-end=\"1472\">3. Aumento de la fuerza y potencia con Creatina 500<\/strong><\/h3>\n<p data-start=\"1475\" data-end=\"1812\">La creatina es clave para los ejercicios de alta intensidad, ya que potencia la fuerza explosiva en movimientos compuestos como press de banca, sentadillas o peso muerto. La prote\u00edna, al nutrir los m\u00fasculos con los amino\u00e1cidos esenciales, asegura que cada repetici\u00f3n se traduzca en un mayor est\u00edmulo de crecimiento y potencia muscular.<\/p>\n<hr data-start=\"1814\" data-end=\"1817\" \/>\n<h3 data-start=\"1819\" data-end=\"1863\"><strong data-start=\"1823\" data-end=\"1861\">4. Mantiene el anabolismo muscular<\/strong><\/h3>\n<p data-start=\"1864\" data-end=\"2230\">En lugar de depender \u00fanicamente de una fuente de prote\u00edna, Advanced Whey combina tres tipos de prote\u00ednas de alta calidad que se liberan en diferentes momentos, manteniendo al cuerpo en estado anab\u00f3lico durante m\u00e1s tiempo. La creatina, al favorecer la hidrataci\u00f3n celular, crea un entorno \u00f3ptimo para la s\u00edntesis proteica, maximizando los efectos del entrenamiento.<\/p>\n<p><img loading=\"lazy\" decoding=\"async\" class=\"alignnone size-full wp-image-11781\" src=\"https:\/\/www.demusculos.com\/web\/wp-content\/uploads\/2024\/03\/creatina-monohidrato-xtrenght-05.webp\" alt=\"Todos sobre la Creatina\" width=\"1080\" height=\"1080\" srcset=\"https:\/\/www.demusculos.com\/web\/wp-content\/uploads\/2024\/03\/creatina-monohidrato-xtrenght-05.webp 1080w, https:\/\/www.demusculos.com\/web\/wp-content\/uploads\/2024\/03\/creatina-monohidrato-xtrenght-05-300x300.webp 300w, https:\/\/www.demusculos.com\/web\/wp-content\/uploads\/2024\/03\/creatina-monohidrato-xtrenght-05-150x150.webp 150w, https:\/\/www.demusculos.com\/web\/wp-content\/uploads\/2024\/03\/creatina-monohidrato-xtrenght-05-800x800.webp 800w, https:\/\/www.demusculos.com\/web\/wp-content\/uploads\/2024\/03\/creatina-monohidrato-xtrenght-05-1024x1024.webp 1024w, https:\/\/www.demusculos.com\/web\/wp-content\/uploads\/2024\/03\/creatina-monohidrato-xtrenght-05-768x768.webp 768w\" sizes=\"(max-width: 1080px) 100vw, 1080px\" \/><\/p>\n<p><img loading=\"lazy\" decoding=\"async\" class=\"alignnone wp-image-11780 size-full\" src=\"https:\/\/www.demusculos.com\/web\/wp-content\/uploads\/2024\/03\/creatina-monohidrato-xtrenght-04.webp\" alt=\"Datos a destacar de la marca Xtrenght Nutrition\" width=\"1080\" height=\"1080\" srcset=\"https:\/\/www.demusculos.com\/web\/wp-content\/uploads\/2024\/03\/creatina-monohidrato-xtrenght-04.webp 1080w, https:\/\/www.demusculos.com\/web\/wp-content\/uploads\/2024\/03\/creatina-monohidrato-xtrenght-04-300x300.webp 300w, https:\/\/www.demusculos.com\/web\/wp-content\/uploads\/2024\/03\/creatina-monohidrato-xtrenght-04-150x150.webp 150w, https:\/\/www.demusculos.com\/web\/wp-content\/uploads\/2024\/03\/creatina-monohidrato-xtrenght-04-800x800.webp 800w, https:\/\/www.demusculos.com\/web\/wp-content\/uploads\/2024\/03\/creatina-monohidrato-xtrenght-04-1024x1024.webp 1024w, https:\/\/www.demusculos.com\/web\/wp-content\/uploads\/2024\/03\/creatina-monohidrato-xtrenght-04-768x768.webp 768w\" sizes=\"(max-width: 1080px) 100vw, 1080px\" \/><\/p>\n<p><img loading=\"lazy\" decoding=\"async\" class=\"alignnone size-full wp-image-11779\" src=\"https:\/\/www.demusculos.com\/web\/wp-content\/uploads\/2024\/03\/creatina-monohidrato-xtrenght-03.webp\" alt=\"Beneficios de la Creatina 500 de Xtrenght Nutrition\" width=\"1080\" height=\"1080\" srcset=\"https:\/\/www.demusculos.com\/web\/wp-content\/uploads\/2024\/03\/creatina-monohidrato-xtrenght-03.webp 1080w, https:\/\/www.demusculos.com\/web\/wp-content\/uploads\/2024\/03\/creatina-monohidrato-xtrenght-03-300x300.webp 300w, https:\/\/www.demusculos.com\/web\/wp-content\/uploads\/2024\/03\/creatina-monohidrato-xtrenght-03-150x150.webp 150w, https:\/\/www.demusculos.com\/web\/wp-content\/uploads\/2024\/03\/creatina-monohidrato-xtrenght-03-800x800.webp 800w, https:\/\/www.demusculos.com\/web\/wp-content\/uploads\/2024\/03\/creatina-monohidrato-xtrenght-03-1024x1024.webp 1024w, https:\/\/www.demusculos.com\/web\/wp-content\/uploads\/2024\/03\/creatina-monohidrato-xtrenght-03-768x768.webp 768w\" sizes=\"(max-width: 1080px) 100vw, 1080px\" \/><\/p>\n","protected":false},"excerpt":{"rendered":"<p>Ideal para recuperaci\u00f3n, rendimiento, masa muscular, creatina 100% micronizada, mejor asimilaci\u00f3n. Calidad superior.<\/p>\n","protected":false},"featured_media":1379,"comment_status":"closed","ping_status":"closed","template":"","meta":[],"product_brand":[233],"product_cat":[50],"product_tag":[76,77,79,78,36],"class_list":{"0":"post-1378","1":"product","2":"type-product","3":"status-publish","4":"has-post-thumbnail","6":"product_brand-xtrenght-nutrition","7":"product_cat-creatina","8":"product_tag-fatiga","9":"product_tag-masa-muscular","10":"product_tag-recuperacion","11":"product_tag-rendimiento","12":"product_tag-xtrenght","14":"first","15":"instock","16":"sale","17":"shipping-taxable","18":"purchasable","19":"product-type-simple"},"yoast_head":"<!-- This site is optimized with the Yoast SEO plugin v27.4 - https:\/\/yoast.com\/product\/yoast-seo-wordpress\/ -->\n<title>Creatina 500 grs | Xtrenght Nutrition | 100 tomas | DeMusculos.com<\/title>\n<meta name=\"description\" content=\"La creatina 500 grs de Xtrenght Nutrition tiene un total de 50 tomas, es micronizada y sin sabor. Para hombres, mujeres. Todos los deportes. Rendimiento.\" \/>\n<meta name=\"robots\" content=\"index, follow, max-snippet:-1, max-image-preview:large, max-video-preview:-1\" \/>\n<link rel=\"canonical\" href=\"https:\/\/www.demusculos.com\/web\/producto\/creatina-500-grs-de-xtrenght-nutrition\/\" \/>\n<meta property=\"og:locale\" content=\"es_ES\" \/>\n<meta property=\"og:type\" content=\"article\" \/>\n<meta property=\"og:title\" content=\"Creatina 500 grs | Xtrenght Nutrition | 100 tomas | DeMusculos.com\" \/>\n<meta property=\"og:description\" content=\"La creatina 500 grs de Xtrenght Nutrition tiene un total de 50 tomas, es micronizada y sin sabor. Para hombres, mujeres. Todos los deportes. Rendimiento.\" \/>\n<meta property=\"og:url\" content=\"https:\/\/www.demusculos.com\/web\/producto\/creatina-500-grs-de-xtrenght-nutrition\/\" \/>\n<meta property=\"og:site_name\" content=\"DeMusculos\" \/>\n<meta property=\"article:publisher\" content=\"https:\/\/www.facebook.com\/demusculos\" \/>\n<meta property=\"article:modified_time\" content=\"2026-04-08T18:53:00+00:00\" \/>\n<meta property=\"og:image\" content=\"https:\/\/www.demusculos.com\/web\/wp-content\/uploads\/2024\/03\/creatina500-xtrenght.jpg\" \/>\n\t<meta property=\"og:image:width\" content=\"1000\" \/>\n\t<meta property=\"og:image:height\" content=\"1000\" \/>\n\t<meta property=\"og:image:type\" content=\"image\/jpeg\" \/>\n<meta name=\"twitter:card\" content=\"summary_large_image\" \/>\n<meta name=\"twitter:site\" content=\"@demusculos\" \/>\n<meta name=\"twitter:label1\" content=\"Tiempo de lectura\" \/>\n\t<meta name=\"twitter:data1\" content=\"4 minutos\" \/>\n<script type=\"application\/ld+json\" class=\"yoast-schema-graph\">{\"@context\":\"https:\\\/\\\/schema.org\",\"@graph\":[{\"@type\":\"WebPage\",\"@id\":\"https:\\\/\\\/www.demusculos.com\\\/web\\\/producto\\\/creatina-500-grs-de-xtrenght-nutrition\\\/\",\"url\":\"https:\\\/\\\/www.demusculos.com\\\/web\\\/producto\\\/creatina-500-grs-de-xtrenght-nutrition\\\/\",\"name\":\"Creatina 500 grs | Xtrenght Nutrition | 100 tomas | DeMusculos.com\",\"isPartOf\":{\"@id\":\"https:\\\/\\\/www.demusculos.com\\\/web\\\/#website\"},\"primaryImageOfPage\":{\"@id\":\"https:\\\/\\\/www.demusculos.com\\\/web\\\/producto\\\/creatina-500-grs-de-xtrenght-nutrition\\\/#primaryimage\"},\"image\":{\"@id\":\"https:\\\/\\\/www.demusculos.com\\\/web\\\/producto\\\/creatina-500-grs-de-xtrenght-nutrition\\\/#primaryimage\"},\"thumbnailUrl\":\"https:\\\/\\\/www.demusculos.com\\\/web\\\/wp-content\\\/uploads\\\/2024\\\/03\\\/creatina500-xtrenght.jpg\",\"datePublished\":\"2024-03-03T21:53:34+00:00\",\"dateModified\":\"2026-04-08T18:53:00+00:00\",\"description\":\"La creatina 500 grs de Xtrenght Nutrition tiene un total de 50 tomas, es micronizada y sin sabor. Para hombres, mujeres. Todos los deportes. Rendimiento.\",\"breadcrumb\":{\"@id\":\"https:\\\/\\\/www.demusculos.com\\\/web\\\/producto\\\/creatina-500-grs-de-xtrenght-nutrition\\\/#breadcrumb\"},\"inLanguage\":\"es\",\"potentialAction\":[{\"@type\":\"ReadAction\",\"target\":[\"https:\\\/\\\/www.demusculos.com\\\/web\\\/producto\\\/creatina-500-grs-de-xtrenght-nutrition\\\/\"]}]},{\"@type\":\"ImageObject\",\"inLanguage\":\"es\",\"@id\":\"https:\\\/\\\/www.demusculos.com\\\/web\\\/producto\\\/creatina-500-grs-de-xtrenght-nutrition\\\/#primaryimage\",\"url\":\"https:\\\/\\\/www.demusculos.com\\\/web\\\/wp-content\\\/uploads\\\/2024\\\/03\\\/creatina500-xtrenght.jpg\",\"contentUrl\":\"https:\\\/\\\/www.demusculos.com\\\/web\\\/wp-content\\\/uploads\\\/2024\\\/03\\\/creatina500-xtrenght.jpg\",\"width\":1000,\"height\":1000,\"caption\":\"Creatina 500 grs de Xtrenght Nutrition\"},{\"@type\":\"BreadcrumbList\",\"@id\":\"https:\\\/\\\/www.demusculos.com\\\/web\\\/producto\\\/creatina-500-grs-de-xtrenght-nutrition\\\/#breadcrumb\",\"itemListElement\":[{\"@type\":\"ListItem\",\"position\":1,\"name\":\"Inicio\",\"item\":\"https:\\\/\\\/www.demusculos.com\\\/web\\\/\"},{\"@type\":\"ListItem\",\"position\":2,\"name\":\"Suplementos\",\"item\":\"https:\\\/\\\/www.demusculos.com\\\/web\\\/tienda\\\/\"},{\"@type\":\"ListItem\",\"position\":3,\"name\":\"Creatina 500 grs de Xtrenght Nutrition\"}]},{\"@type\":\"WebSite\",\"@id\":\"https:\\\/\\\/www.demusculos.com\\\/web\\\/#website\",\"url\":\"https:\\\/\\\/www.demusculos.com\\\/web\\\/\",\"name\":\"DeMusculos.com\",\"description\":\"Suplementos Naturales\",\"publisher\":{\"@id\":\"https:\\\/\\\/www.demusculos.com\\\/web\\\/#organization\"},\"alternateName\":\"Suplementos Naturales\",\"potentialAction\":[{\"@type\":\"SearchAction\",\"target\":{\"@type\":\"EntryPoint\",\"urlTemplate\":\"https:\\\/\\\/www.demusculos.com\\\/web\\\/?s={search_term_string}\"},\"query-input\":{\"@type\":\"PropertyValueSpecification\",\"valueRequired\":true,\"valueName\":\"search_term_string\"}}],\"inLanguage\":\"es\"},{\"@type\":\"Organization\",\"@id\":\"https:\\\/\\\/www.demusculos.com\\\/web\\\/#organization\",\"name\":\"DeMusculos.com\",\"alternateName\":\"DeMusculos\",\"url\":\"https:\\\/\\\/www.demusculos.com\\\/web\\\/\",\"logo\":{\"@type\":\"ImageObject\",\"inLanguage\":\"es\",\"@id\":\"https:\\\/\\\/www.demusculos.com\\\/web\\\/#\\\/schema\\\/logo\\\/image\\\/\",\"url\":\"https:\\\/\\\/www.demusculos.com\\\/web\\\/wp-content\\\/uploads\\\/2024\\\/02\\\/logo-demusculos-prestashop-usuario.png\",\"contentUrl\":\"https:\\\/\\\/www.demusculos.com\\\/web\\\/wp-content\\\/uploads\\\/2024\\\/02\\\/logo-demusculos-prestashop-usuario.png\",\"width\":150,\"height\":150,\"caption\":\"DeMusculos.com\"},\"image\":{\"@id\":\"https:\\\/\\\/www.demusculos.com\\\/web\\\/#\\\/schema\\\/logo\\\/image\\\/\"},\"sameAs\":[\"https:\\\/\\\/www.facebook.com\\\/demusculos\",\"https:\\\/\\\/x.com\\\/demusculos\",\"https:\\\/\\\/www.instagram.com\\\/demusculos\",\"https:\\\/\\\/www.tiktok.com\\\/@demusculos.com\"]}]}<\/script>\n<!-- \/ Yoast SEO plugin. -->","yoast_head_json":{"title":"Creatina 500 grs | Xtrenght Nutrition | 100 tomas | DeMusculos.com","description":"La creatina 500 grs de Xtrenght Nutrition tiene un total de 50 tomas, es micronizada y sin sabor. Para hombres, mujeres. Todos los deportes. Rendimiento.","robots":{"index":"index","follow":"follow","max-snippet":"max-snippet:-1","max-image-preview":"max-image-preview:large","max-video-preview":"max-video-preview:-1"},"canonical":"https:\/\/www.demusculos.com\/web\/producto\/creatina-500-grs-de-xtrenght-nutrition\/","og_locale":"es_ES","og_type":"article","og_title":"Creatina 500 grs | Xtrenght Nutrition | 100 tomas | DeMusculos.com","og_description":"La creatina 500 grs de Xtrenght Nutrition tiene un total de 50 tomas, es micronizada y sin sabor. Para hombres, mujeres. Todos los deportes. Rendimiento.","og_url":"https:\/\/www.demusculos.com\/web\/producto\/creatina-500-grs-de-xtrenght-nutrition\/","og_site_name":"DeMusculos","article_publisher":"https:\/\/www.facebook.com\/demusculos","article_modified_time":"2026-04-08T18:53:00+00:00","og_image":[{"width":1000,"height":1000,"url":"https:\/\/www.demusculos.com\/web\/wp-content\/uploads\/2024\/03\/creatina500-xtrenght.jpg","type":"image\/jpeg"}],"twitter_card":"summary_large_image","twitter_site":"@demusculos","twitter_misc":{"Tiempo de lectura":"4 minutos"},"schema":{"@context":"https:\/\/schema.org","@graph":[{"@type":"WebPage","@id":"https:\/\/www.demusculos.com\/web\/producto\/creatina-500-grs-de-xtrenght-nutrition\/","url":"https:\/\/www.demusculos.com\/web\/producto\/creatina-500-grs-de-xtrenght-nutrition\/","name":"Creatina 500 grs | Xtrenght Nutrition | 100 tomas | DeMusculos.com","isPartOf":{"@id":"https:\/\/www.demusculos.com\/web\/#website"},"primaryImageOfPage":{"@id":"https:\/\/www.demusculos.com\/web\/producto\/creatina-500-grs-de-xtrenght-nutrition\/#primaryimage"},"image":{"@id":"https:\/\/www.demusculos.com\/web\/producto\/creatina-500-grs-de-xtrenght-nutrition\/#primaryimage"},"thumbnailUrl":"https:\/\/www.demusculos.com\/web\/wp-content\/uploads\/2024\/03\/creatina500-xtrenght.jpg","datePublished":"2024-03-03T21:53:34+00:00","dateModified":"2026-04-08T18:53:00+00:00","description":"La creatina 500 grs de Xtrenght Nutrition tiene un total de 50 tomas, es micronizada y sin sabor. Para hombres, mujeres. Todos los deportes. Rendimiento.","breadcrumb":{"@id":"https:\/\/www.demusculos.com\/web\/producto\/creatina-500-grs-de-xtrenght-nutrition\/#breadcrumb"},"inLanguage":"es","potentialAction":[{"@type":"ReadAction","target":["https:\/\/www.demusculos.com\/web\/producto\/creatina-500-grs-de-xtrenght-nutrition\/"]}]},{"@type":"ImageObject","inLanguage":"es","@id":"https:\/\/www.demusculos.com\/web\/producto\/creatina-500-grs-de-xtrenght-nutrition\/#primaryimage","url":"https:\/\/www.demusculos.com\/web\/wp-content\/uploads\/2024\/03\/creatina500-xtrenght.jpg","contentUrl":"https:\/\/www.demusculos.com\/web\/wp-content\/uploads\/2024\/03\/creatina500-xtrenght.jpg","width":1000,"height":1000,"caption":"Creatina 500 grs de Xtrenght Nutrition"},{"@type":"BreadcrumbList","@id":"https:\/\/www.demusculos.com\/web\/producto\/creatina-500-grs-de-xtrenght-nutrition\/#breadcrumb","itemListElement":[{"@type":"ListItem","position":1,"name":"Inicio","item":"https:\/\/www.demusculos.com\/web\/"},{"@type":"ListItem","position":2,"name":"Suplementos","item":"https:\/\/www.demusculos.com\/web\/tienda\/"},{"@type":"ListItem","position":3,"name":"Creatina 500 grs de Xtrenght Nutrition"}]},{"@type":"WebSite","@id":"https:\/\/www.demusculos.com\/web\/#website","url":"https:\/\/www.demusculos.com\/web\/","name":"DeMusculos.com","description":"Suplementos Naturales","publisher":{"@id":"https:\/\/www.demusculos.com\/web\/#organization"},"alternateName":"Suplementos Naturales","potentialAction":[{"@type":"SearchAction","target":{"@type":"EntryPoint","urlTemplate":"https:\/\/www.demusculos.com\/web\/?s={search_term_string}"},"query-input":{"@type":"PropertyValueSpecification","valueRequired":true,"valueName":"search_term_string"}}],"inLanguage":"es"},{"@type":"Organization","@id":"https:\/\/www.demusculos.com\/web\/#organization","name":"DeMusculos.com","alternateName":"DeMusculos","url":"https:\/\/www.demusculos.com\/web\/","logo":{"@type":"ImageObject","inLanguage":"es","@id":"https:\/\/www.demusculos.com\/web\/#\/schema\/logo\/image\/","url":"https:\/\/www.demusculos.com\/web\/wp-content\/uploads\/2024\/02\/logo-demusculos-prestashop-usuario.png","contentUrl":"https:\/\/www.demusculos.com\/web\/wp-content\/uploads\/2024\/02\/logo-demusculos-prestashop-usuario.png","width":150,"height":150,"caption":"DeMusculos.com"},"image":{"@id":"https:\/\/www.demusculos.com\/web\/#\/schema\/logo\/image\/"},"sameAs":["https:\/\/www.facebook.com\/demusculos","https:\/\/x.com\/demusculos","https:\/\/www.instagram.com\/demusculos","https:\/\/www.tiktok.com\/@demusculos.com"]}]}},"_links":{"self":[{"href":"https:\/\/www.demusculos.com\/web\/wp-json\/wp\/v2\/product\/1378","targetHints":{"allow":["GET"]}}],"collection":[{"href":"https:\/\/www.demusculos.com\/web\/wp-json\/wp\/v2\/product"}],"about":[{"href":"https:\/\/www.demusculos.com\/web\/wp-json\/wp\/v2\/types\/product"}],"replies":[{"embeddable":true,"href":"https:\/\/www.demusculos.com\/web\/wp-json\/wp\/v2\/comments?post=1378"}],"wp:featuredmedia":[{"embeddable":true,"href":"https:\/\/www.demusculos.com\/web\/wp-json\/wp\/v2\/media\/1379"}],"wp:attachment":[{"href":"https:\/\/www.demusculos.com\/web\/wp-json\/wp\/v2\/media?parent=1378"}],"wp:term":[{"taxonomy":"product_brand","embeddable":true,"href":"https:\/\/www.demusculos.com\/web\/wp-json\/wp\/v2\/product_brand?post=1378"},{"taxonomy":"product_cat","embeddable":true,"href":"https:\/\/www.demusculos.com\/web\/wp-json\/wp\/v2\/product_cat?post=1378"},{"taxonomy":"product_tag","embeddable":true,"href":"https:\/\/www.demusculos.com\/web\/wp-json\/wp\/v2\/product_tag?post=1378"}],"curies":[{"name":"wp","href":"https:\/\/api.w.org\/{rel}","templated":true}]}}