{"id":1381,"date":"2024-03-03T19:04:35","date_gmt":"2024-03-03T22:04:35","guid":{"rendered":"https:\/\/www.demusculos.com\/web\/?post_type=product&#038;p=1381"},"modified":"2026-02-01T20:02:29","modified_gmt":"2026-02-01T23:02:29","slug":"animal-cuts-x265-grs-de-universal-nutrition-quemador-de-grasas","status":"publish","type":"product","link":"https:\/\/www.demusculos.com\/web\/producto\/animal-cuts-x265-grs-de-universal-nutrition-quemador-de-grasas\/","title":{"rendered":"Animal Cuts x265 grs de Universal Nutrition Quemador de grasas"},"content":{"rendered":"<h2><strong>Animal Cuts Universal Nutrition Polvo X 265g<\/strong><\/h2>\n<p>Animal Cuts de Universal es un quemador de grasas poderoso, verdaderamente efectivo, para hombres y mujeres. Pensado para los m\u00e1s exisgentes. Acelera el metabolismo, quema X2.<\/p>\n<figure id=\"attachment_1382\" aria-describedby=\"caption-attachment-1382\" style=\"width: 446px\" class=\"wp-caption alignnone\"><img decoding=\"async\" class=\"size-full wp-image-1382\" src=\"https:\/\/www.demusculos.com\/web\/wp-content\/uploads\/2024\/03\/logo-universal-nutrition.png\" alt=\"Suplemento naturales y deportivos de marca Universal Nutrition. Fabricados en Estados Unidos\" width=\"446\" height=\"103\" srcset=\"https:\/\/www.demusculos.com\/web\/wp-content\/uploads\/2024\/03\/logo-universal-nutrition.png 446w, https:\/\/www.demusculos.com\/web\/wp-content\/uploads\/2024\/03\/logo-universal-nutrition-300x69.png 300w, https:\/\/www.demusculos.com\/web\/wp-content\/uploads\/2024\/03\/logo-universal-nutrition-150x35.png 150w, https:\/\/www.demusculos.com\/web\/wp-content\/uploads\/2024\/03\/logo-universal-nutrition-416x96.png 416w\" sizes=\"(max-width: 446px) 100vw, 446px\" \/><figcaption id=\"caption-attachment-1382\" class=\"wp-caption-text\">Suplemento naturales y deportivos de marca Universal Nutrition. Fabricados en Estados Unidos<\/figcaption><\/figure>\n<h2><strong>Detalles de Animal Cuts<\/strong><\/h2>\n<p><strong>Animal Cuts Universal Nutrition <\/strong>es un suplemento nutricional de\u00a0<strong>alta calidad<\/strong>\u00a0dise\u00f1ado para complementar tu dieta y ayudarte a alcanzar tus objetivos de salud y bienestar. A continuaci\u00f3n, te presentamos los detalles clave:<\/p>\n<figure id=\"attachment_150\" aria-describedby=\"caption-attachment-150\" style=\"width: 300px\" class=\"wp-caption alignnone\"><img fetchpriority=\"high\" decoding=\"async\" class=\"size-full wp-image-150\" src=\"https:\/\/www.demusculos.com\/web\/wp-content\/uploads\/2024\/02\/energia.png\" alt=\"El producto incluye ingredientes que aumentan la energ\u00eda de forma considerable.\" width=\"300\" height=\"300\" srcset=\"https:\/\/www.demusculos.com\/web\/wp-content\/uploads\/2024\/02\/energia.png 300w, https:\/\/www.demusculos.com\/web\/wp-content\/uploads\/2024\/02\/energia-150x150.png 150w\" sizes=\"(max-width: 300px) 100vw, 300px\" \/><figcaption id=\"caption-attachment-150\" class=\"wp-caption-text\">Una de las caracter\u00edsticas fundamentales de este producto es el aumento de la energ\u00eda.<\/figcaption><\/figure>\n<h3><strong>Caracter\u00edsticas de Animal Cuts:<\/strong><\/h3>\n<ul>\n<li><strong>Componente principal:<\/strong>\u00a0Termog\u00e9nico.<\/li>\n<li><strong>Tama\u00f1o de la porci\u00f3n:<\/strong>\u00a06.3 g.<\/li>\n<li><strong>Sin gluten (tacc) y sin lactosa.<\/strong><\/li>\n<li><strong>Sabor:<\/strong>\u00a0Naranja Mango.<\/li>\n<\/ul>\n<h3><strong>Recomendaciones:<\/strong><\/h3>\n<ul>\n<li><strong>Consulta con un profesional:<\/strong>\u00a0Antes de incorporar este producto a tu dieta, es importante que consultes con un m\u00e9dico o nutricionista.<\/li>\n<li><strong>Instrucciones de uso:<\/strong>\u00a0Respeta las indicaciones de toma que se describen en la etiqueta del producto.<\/li>\n<li><strong>No es un reemplazo de la comida:<\/strong>\u00a0Recuerda que este producto no sustituye una comida completa.<\/li>\n<li><strong>Advertencias espec\u00edficas:<\/strong>\n<ul>\n<li><strong>Embarazadas y mujeres en periodo de lactancia:<\/strong>\u00a0Consulta con un profesional antes de consumir el producto.<\/li>\n<li><strong>Menores de 18 a\u00f1os:<\/strong>\u00a0Tambi\u00e9n deben consultar con un m\u00e9dico o nutricionista.<\/li>\n<\/ul>\n<\/li>\n<\/ul>\n<figure id=\"attachment_297\" aria-describedby=\"caption-attachment-297\" style=\"width: 300px\" class=\"wp-caption alignnone\"><img decoding=\"async\" class=\"size-full wp-image-297\" src=\"https:\/\/www.demusculos.com\/web\/wp-content\/uploads\/2024\/02\/quemador-definicion-descenso-bajar.png\" alt=\"Es ideal para el descenso de peso y tono muscular. Con un plan de alimentaci\u00f3n y entrenamiento los resultados se potencian.\" width=\"300\" height=\"300\" srcset=\"https:\/\/www.demusculos.com\/web\/wp-content\/uploads\/2024\/02\/quemador-definicion-descenso-bajar.png 300w, https:\/\/www.demusculos.com\/web\/wp-content\/uploads\/2024\/02\/quemador-definicion-descenso-bajar-150x150.png 150w\" sizes=\"(max-width: 300px) 100vw, 300px\" \/><figcaption id=\"caption-attachment-297\" class=\"wp-caption-text\">Al bajar la grasa corporal tambi\u00e9n tonificamos y nos definimos. Muchos lo conocen el proceso de definici\u00f3n como \u00abmarcar\u00bb. Menos grasas es igual a menos cintura y grasas blandas en papada, gl\u00fateos y panza.<\/figcaption><\/figure>\n<h3><strong>Aprobaciones y Licencia:<\/strong><\/h3>\n<ul>\n<li>El producto cuenta con la aprobaci\u00f3n de\u00a0<strong>I.N.A.L \/ A.N.M.A.T. \/ R.N.E. 02-040.050 \/ R.N.P.A. EX-2022-32813903<\/strong>.<\/li>\n<li>La materia prima es importada y exclusivamente fraccionada y envasada en Argentina bajo\u00a0<strong>Licencia exclusiva de Universal USA<\/strong>.<\/li>\n<\/ul>\n<h3><strong>Forma de Consumo:<\/strong><\/h3>\n<ul>\n<li>Las advertencias y las instrucciones de consumo est\u00e1n en espa\u00f1ol en el r\u00f3tulo del envase.<\/li>\n<li>El sabor\u00a0<strong>Naranja <\/strong>hace que sea delicioso y f\u00e1cil de incorporar a tu rutina diaria.<\/li>\n<\/ul>\n<h3><strong>Aviso Legal:<\/strong><\/h3>\n<ul>\n<li><strong>Edad m\u00ednima recomendada:<\/strong>\u00a018 a\u00f1os.<\/li>\n<li>Este producto es un\u00a0<strong>suplemento dietario<\/strong>, no un medicamento. Suplementa dietas insuficientes. Consulta a tu m\u00e9dico y\/o farmac\u00e9utico.<\/li>\n<\/ul>\n<p>\u00a1Gracias por tu inter\u00e9s en\u00a0<strong>Universal Nutrition Argentina<\/strong>! Si tienes m\u00e1s preguntas o necesitas m\u00e1s informaci\u00f3n, no dudes en contactarnos.<\/p>\n<div class=\"video-container\"><iframe title=\"Quemador de grasas Importado Animal Cuts de Universal Nutrition\" width=\"563\" height=\"1000\" src=\"https:\/\/www.youtube.com\/embed\/GF_wN2moLuQ?feature=oembed\" frameborder=\"0\" allow=\"accelerometer; autoplay; clipboard-write; encrypted-media; gyroscope; picture-in-picture; web-share\" referrerpolicy=\"strict-origin-when-cross-origin\" allowfullscreen><\/iframe><\/div>\n","protected":false},"excerpt":{"rendered":"<p>Quemador de grasas ultra poderoso. Formula USA. Para hombres y mujeres. Fuente de energ\u00eda.<\/p>\n","protected":false},"featured_media":11666,"comment_status":"closed","ping_status":"closed","template":"","meta":[],"product_brand":[241],"product_cat":[215,19],"product_tag":[86,89,102],"class_list":{"0":"post-1381","1":"product","2":"type-product","3":"status-publish","4":"has-post-thumbnail","6":"product_brand-universal-nutrition","7":"product_cat-promociones-y-ofertas","8":"product_cat-quemadores","9":"product_tag-energia","10":"product_tag-quemador","11":"product_tag-universal-nutrition","13":"first","14":"outofstock","15":"sale","16":"shipping-taxable","17":"purchasable","18":"product-type-simple"},"yoast_head":"<!-- This site is optimized with the Yoast SEO plugin v27.4 - https:\/\/yoast.com\/product\/yoast-seo-wordpress\/ -->\n<title>Animal Cuts | Quemador de Grasas | Universal Nutrition<\/title>\n<meta name=\"description\" content=\"Animal Cuts es el quemador de grasas m\u00e1s elegido por profesionales del culturismo. Fuente de energ\u00eda. Para ambos sexos. Verdaderamente extremo.\" \/>\n<meta name=\"robots\" content=\"index, follow, max-snippet:-1, max-image-preview:large, max-video-preview:-1\" \/>\n<link rel=\"canonical\" href=\"https:\/\/www.demusculos.com\/web\/producto\/animal-cuts-x265-grs-de-universal-nutrition-quemador-de-grasas\/\" \/>\n<meta property=\"og:locale\" content=\"es_ES\" \/>\n<meta property=\"og:type\" content=\"article\" \/>\n<meta property=\"og:title\" content=\"Animal Cuts | Quemador de Grasas | Universal Nutrition\" \/>\n<meta property=\"og:description\" content=\"Animal Cuts es el quemador de grasas m\u00e1s elegido por profesionales del culturismo. Fuente de energ\u00eda. Para ambos sexos. Verdaderamente extremo.\" \/>\n<meta property=\"og:url\" content=\"https:\/\/www.demusculos.com\/web\/producto\/animal-cuts-x265-grs-de-universal-nutrition-quemador-de-grasas\/\" \/>\n<meta property=\"og:site_name\" content=\"DeMusculos\" \/>\n<meta property=\"article:publisher\" content=\"https:\/\/www.facebook.com\/demusculos\" \/>\n<meta property=\"article:modified_time\" content=\"2026-02-01T23:02:29+00:00\" \/>\n<meta property=\"og:image\" content=\"https:\/\/www.demusculos.com\/web\/wp-content\/uploads\/2024\/03\/animal-cuts-polvo-en-promocion.jpg\" \/>\n\t<meta property=\"og:image:width\" content=\"1200\" \/>\n\t<meta property=\"og:image:height\" content=\"1200\" \/>\n\t<meta property=\"og:image:type\" content=\"image\/jpeg\" \/>\n<meta name=\"twitter:card\" content=\"summary_large_image\" \/>\n<meta name=\"twitter:site\" content=\"@demusculos\" \/>\n<meta name=\"twitter:label1\" content=\"Tiempo de lectura\" \/>\n\t<meta name=\"twitter:data1\" content=\"3 minutos\" \/>\n<script type=\"application\/ld+json\" class=\"yoast-schema-graph\">{\"@context\":\"https:\\\/\\\/schema.org\",\"@graph\":[{\"@type\":\"WebPage\",\"@id\":\"https:\\\/\\\/www.demusculos.com\\\/web\\\/producto\\\/animal-cuts-x265-grs-de-universal-nutrition-quemador-de-grasas\\\/\",\"url\":\"https:\\\/\\\/www.demusculos.com\\\/web\\\/producto\\\/animal-cuts-x265-grs-de-universal-nutrition-quemador-de-grasas\\\/\",\"name\":\"Animal Cuts | Quemador de Grasas | Universal Nutrition\",\"isPartOf\":{\"@id\":\"https:\\\/\\\/www.demusculos.com\\\/web\\\/#website\"},\"primaryImageOfPage\":{\"@id\":\"https:\\\/\\\/www.demusculos.com\\\/web\\\/producto\\\/animal-cuts-x265-grs-de-universal-nutrition-quemador-de-grasas\\\/#primaryimage\"},\"image\":{\"@id\":\"https:\\\/\\\/www.demusculos.com\\\/web\\\/producto\\\/animal-cuts-x265-grs-de-universal-nutrition-quemador-de-grasas\\\/#primaryimage\"},\"thumbnailUrl\":\"https:\\\/\\\/www.demusculos.com\\\/web\\\/wp-content\\\/uploads\\\/2024\\\/03\\\/animal-cuts-polvo-en-promocion.jpg\",\"datePublished\":\"2024-03-03T22:04:35+00:00\",\"dateModified\":\"2026-02-01T23:02:29+00:00\",\"description\":\"Animal Cuts es el quemador de grasas m\u00e1s elegido por profesionales del culturismo. Fuente de energ\u00eda. Para ambos sexos. Verdaderamente extremo.\",\"breadcrumb\":{\"@id\":\"https:\\\/\\\/www.demusculos.com\\\/web\\\/producto\\\/animal-cuts-x265-grs-de-universal-nutrition-quemador-de-grasas\\\/#breadcrumb\"},\"inLanguage\":\"es\",\"potentialAction\":[{\"@type\":\"ReadAction\",\"target\":[\"https:\\\/\\\/www.demusculos.com\\\/web\\\/producto\\\/animal-cuts-x265-grs-de-universal-nutrition-quemador-de-grasas\\\/\"]}]},{\"@type\":\"ImageObject\",\"inLanguage\":\"es\",\"@id\":\"https:\\\/\\\/www.demusculos.com\\\/web\\\/producto\\\/animal-cuts-x265-grs-de-universal-nutrition-quemador-de-grasas\\\/#primaryimage\",\"url\":\"https:\\\/\\\/www.demusculos.com\\\/web\\\/wp-content\\\/uploads\\\/2024\\\/03\\\/animal-cuts-polvo-en-promocion.jpg\",\"contentUrl\":\"https:\\\/\\\/www.demusculos.com\\\/web\\\/wp-content\\\/uploads\\\/2024\\\/03\\\/animal-cuts-polvo-en-promocion.jpg\",\"width\":1200,\"height\":1200,\"caption\":\"Quemador de grasa simportado en polvo, mejor asimilaci\u00f3n.\"},{\"@type\":\"BreadcrumbList\",\"@id\":\"https:\\\/\\\/www.demusculos.com\\\/web\\\/producto\\\/animal-cuts-x265-grs-de-universal-nutrition-quemador-de-grasas\\\/#breadcrumb\",\"itemListElement\":[{\"@type\":\"ListItem\",\"position\":1,\"name\":\"Inicio\",\"item\":\"https:\\\/\\\/www.demusculos.com\\\/web\\\/\"},{\"@type\":\"ListItem\",\"position\":2,\"name\":\"Suplementos\",\"item\":\"https:\\\/\\\/www.demusculos.com\\\/web\\\/tienda\\\/\"},{\"@type\":\"ListItem\",\"position\":3,\"name\":\"Animal Cuts x265 grs de Universal Nutrition Quemador de grasas\"}]},{\"@type\":\"WebSite\",\"@id\":\"https:\\\/\\\/www.demusculos.com\\\/web\\\/#website\",\"url\":\"https:\\\/\\\/www.demusculos.com\\\/web\\\/\",\"name\":\"DeMusculos.com\",\"description\":\"Suplementos Naturales\",\"publisher\":{\"@id\":\"https:\\\/\\\/www.demusculos.com\\\/web\\\/#organization\"},\"alternateName\":\"Suplementos Naturales\",\"potentialAction\":[{\"@type\":\"SearchAction\",\"target\":{\"@type\":\"EntryPoint\",\"urlTemplate\":\"https:\\\/\\\/www.demusculos.com\\\/web\\\/?s={search_term_string}\"},\"query-input\":{\"@type\":\"PropertyValueSpecification\",\"valueRequired\":true,\"valueName\":\"search_term_string\"}}],\"inLanguage\":\"es\"},{\"@type\":\"Organization\",\"@id\":\"https:\\\/\\\/www.demusculos.com\\\/web\\\/#organization\",\"name\":\"DeMusculos.com\",\"alternateName\":\"DeMusculos\",\"url\":\"https:\\\/\\\/www.demusculos.com\\\/web\\\/\",\"logo\":{\"@type\":\"ImageObject\",\"inLanguage\":\"es\",\"@id\":\"https:\\\/\\\/www.demusculos.com\\\/web\\\/#\\\/schema\\\/logo\\\/image\\\/\",\"url\":\"https:\\\/\\\/www.demusculos.com\\\/web\\\/wp-content\\\/uploads\\\/2024\\\/02\\\/logo-demusculos-prestashop-usuario.png\",\"contentUrl\":\"https:\\\/\\\/www.demusculos.com\\\/web\\\/wp-content\\\/uploads\\\/2024\\\/02\\\/logo-demusculos-prestashop-usuario.png\",\"width\":150,\"height\":150,\"caption\":\"DeMusculos.com\"},\"image\":{\"@id\":\"https:\\\/\\\/www.demusculos.com\\\/web\\\/#\\\/schema\\\/logo\\\/image\\\/\"},\"sameAs\":[\"https:\\\/\\\/www.facebook.com\\\/demusculos\",\"https:\\\/\\\/x.com\\\/demusculos\",\"https:\\\/\\\/www.instagram.com\\\/demusculos\",\"https:\\\/\\\/www.tiktok.com\\\/@demusculos.com\"]}]}<\/script>\n<!-- \/ Yoast SEO plugin. -->","yoast_head_json":{"title":"Animal Cuts | Quemador de Grasas | Universal Nutrition","description":"Animal Cuts es el quemador de grasas m\u00e1s elegido por profesionales del culturismo. Fuente de energ\u00eda. Para ambos sexos. Verdaderamente extremo.","robots":{"index":"index","follow":"follow","max-snippet":"max-snippet:-1","max-image-preview":"max-image-preview:large","max-video-preview":"max-video-preview:-1"},"canonical":"https:\/\/www.demusculos.com\/web\/producto\/animal-cuts-x265-grs-de-universal-nutrition-quemador-de-grasas\/","og_locale":"es_ES","og_type":"article","og_title":"Animal Cuts | Quemador de Grasas | Universal Nutrition","og_description":"Animal Cuts es el quemador de grasas m\u00e1s elegido por profesionales del culturismo. Fuente de energ\u00eda. Para ambos sexos. Verdaderamente extremo.","og_url":"https:\/\/www.demusculos.com\/web\/producto\/animal-cuts-x265-grs-de-universal-nutrition-quemador-de-grasas\/","og_site_name":"DeMusculos","article_publisher":"https:\/\/www.facebook.com\/demusculos","article_modified_time":"2026-02-01T23:02:29+00:00","og_image":[{"width":1200,"height":1200,"url":"https:\/\/www.demusculos.com\/web\/wp-content\/uploads\/2024\/03\/animal-cuts-polvo-en-promocion.jpg","type":"image\/jpeg"}],"twitter_card":"summary_large_image","twitter_site":"@demusculos","twitter_misc":{"Tiempo de lectura":"3 minutos"},"schema":{"@context":"https:\/\/schema.org","@graph":[{"@type":"WebPage","@id":"https:\/\/www.demusculos.com\/web\/producto\/animal-cuts-x265-grs-de-universal-nutrition-quemador-de-grasas\/","url":"https:\/\/www.demusculos.com\/web\/producto\/animal-cuts-x265-grs-de-universal-nutrition-quemador-de-grasas\/","name":"Animal Cuts | Quemador de Grasas | Universal Nutrition","isPartOf":{"@id":"https:\/\/www.demusculos.com\/web\/#website"},"primaryImageOfPage":{"@id":"https:\/\/www.demusculos.com\/web\/producto\/animal-cuts-x265-grs-de-universal-nutrition-quemador-de-grasas\/#primaryimage"},"image":{"@id":"https:\/\/www.demusculos.com\/web\/producto\/animal-cuts-x265-grs-de-universal-nutrition-quemador-de-grasas\/#primaryimage"},"thumbnailUrl":"https:\/\/www.demusculos.com\/web\/wp-content\/uploads\/2024\/03\/animal-cuts-polvo-en-promocion.jpg","datePublished":"2024-03-03T22:04:35+00:00","dateModified":"2026-02-01T23:02:29+00:00","description":"Animal Cuts es el quemador de grasas m\u00e1s elegido por profesionales del culturismo. Fuente de energ\u00eda. Para ambos sexos. Verdaderamente extremo.","breadcrumb":{"@id":"https:\/\/www.demusculos.com\/web\/producto\/animal-cuts-x265-grs-de-universal-nutrition-quemador-de-grasas\/#breadcrumb"},"inLanguage":"es","potentialAction":[{"@type":"ReadAction","target":["https:\/\/www.demusculos.com\/web\/producto\/animal-cuts-x265-grs-de-universal-nutrition-quemador-de-grasas\/"]}]},{"@type":"ImageObject","inLanguage":"es","@id":"https:\/\/www.demusculos.com\/web\/producto\/animal-cuts-x265-grs-de-universal-nutrition-quemador-de-grasas\/#primaryimage","url":"https:\/\/www.demusculos.com\/web\/wp-content\/uploads\/2024\/03\/animal-cuts-polvo-en-promocion.jpg","contentUrl":"https:\/\/www.demusculos.com\/web\/wp-content\/uploads\/2024\/03\/animal-cuts-polvo-en-promocion.jpg","width":1200,"height":1200,"caption":"Quemador de grasa simportado en polvo, mejor asimilaci\u00f3n."},{"@type":"BreadcrumbList","@id":"https:\/\/www.demusculos.com\/web\/producto\/animal-cuts-x265-grs-de-universal-nutrition-quemador-de-grasas\/#breadcrumb","itemListElement":[{"@type":"ListItem","position":1,"name":"Inicio","item":"https:\/\/www.demusculos.com\/web\/"},{"@type":"ListItem","position":2,"name":"Suplementos","item":"https:\/\/www.demusculos.com\/web\/tienda\/"},{"@type":"ListItem","position":3,"name":"Animal Cuts x265 grs de Universal Nutrition Quemador de grasas"}]},{"@type":"WebSite","@id":"https:\/\/www.demusculos.com\/web\/#website","url":"https:\/\/www.demusculos.com\/web\/","name":"DeMusculos.com","description":"Suplementos Naturales","publisher":{"@id":"https:\/\/www.demusculos.com\/web\/#organization"},"alternateName":"Suplementos Naturales","potentialAction":[{"@type":"SearchAction","target":{"@type":"EntryPoint","urlTemplate":"https:\/\/www.demusculos.com\/web\/?s={search_term_string}"},"query-input":{"@type":"PropertyValueSpecification","valueRequired":true,"valueName":"search_term_string"}}],"inLanguage":"es"},{"@type":"Organization","@id":"https:\/\/www.demusculos.com\/web\/#organization","name":"DeMusculos.com","alternateName":"DeMusculos","url":"https:\/\/www.demusculos.com\/web\/","logo":{"@type":"ImageObject","inLanguage":"es","@id":"https:\/\/www.demusculos.com\/web\/#\/schema\/logo\/image\/","url":"https:\/\/www.demusculos.com\/web\/wp-content\/uploads\/2024\/02\/logo-demusculos-prestashop-usuario.png","contentUrl":"https:\/\/www.demusculos.com\/web\/wp-content\/uploads\/2024\/02\/logo-demusculos-prestashop-usuario.png","width":150,"height":150,"caption":"DeMusculos.com"},"image":{"@id":"https:\/\/www.demusculos.com\/web\/#\/schema\/logo\/image\/"},"sameAs":["https:\/\/www.facebook.com\/demusculos","https:\/\/x.com\/demusculos","https:\/\/www.instagram.com\/demusculos","https:\/\/www.tiktok.com\/@demusculos.com"]}]}},"_links":{"self":[{"href":"https:\/\/www.demusculos.com\/web\/wp-json\/wp\/v2\/product\/1381","targetHints":{"allow":["GET"]}}],"collection":[{"href":"https:\/\/www.demusculos.com\/web\/wp-json\/wp\/v2\/product"}],"about":[{"href":"https:\/\/www.demusculos.com\/web\/wp-json\/wp\/v2\/types\/product"}],"replies":[{"embeddable":true,"href":"https:\/\/www.demusculos.com\/web\/wp-json\/wp\/v2\/comments?post=1381"}],"wp:featuredmedia":[{"embeddable":true,"href":"https:\/\/www.demusculos.com\/web\/wp-json\/wp\/v2\/media\/11666"}],"wp:attachment":[{"href":"https:\/\/www.demusculos.com\/web\/wp-json\/wp\/v2\/media?parent=1381"}],"wp:term":[{"taxonomy":"product_brand","embeddable":true,"href":"https:\/\/www.demusculos.com\/web\/wp-json\/wp\/v2\/product_brand?post=1381"},{"taxonomy":"product_cat","embeddable":true,"href":"https:\/\/www.demusculos.com\/web\/wp-json\/wp\/v2\/product_cat?post=1381"},{"taxonomy":"product_tag","embeddable":true,"href":"https:\/\/www.demusculos.com\/web\/wp-json\/wp\/v2\/product_tag?post=1381"}],"curies":[{"name":"wp","href":"https:\/\/api.w.org\/{rel}","templated":true}]}}