{"id":13942,"date":"2025-08-08T16:27:20","date_gmt":"2025-08-08T19:27:20","guid":{"rendered":"https:\/\/www.demusculos.com\/web\/?post_type=product&#038;p=13942"},"modified":"2026-04-23T01:07:33","modified_gmt":"2026-04-23T04:07:33","slug":"maxi-gain-1-25-kg-tnt-de-gentech-x500-grs","status":"publish","type":"product","link":"https:\/\/www.demusculos.com\/web\/producto\/maxi-gain-1-25-kg-tnt-de-gentech-x500-grs\/","title":{"rendered":"Maxi Gain 1.25 kg + TNT de Gentech x500 grs"},"content":{"rendered":"<p><img decoding=\"async\" class=\"alignnone size-full wp-image-12544\" src=\"https:\/\/www.demusculos.com\/web\/wp-content\/uploads\/2025\/06\/logo-marca-gentech.webp\" alt=\"Suplementos Naturales Gentech\" width=\"446\" height=\"103\" srcset=\"https:\/\/www.demusculos.com\/web\/wp-content\/uploads\/2025\/06\/logo-marca-gentech.webp 446w, https:\/\/www.demusculos.com\/web\/wp-content\/uploads\/2025\/06\/logo-marca-gentech-300x69.webp 300w, https:\/\/www.demusculos.com\/web\/wp-content\/uploads\/2025\/06\/logo-marca-gentech-441x102.webp 441w, https:\/\/www.demusculos.com\/web\/wp-content\/uploads\/2025\/06\/logo-marca-gentech-150x35.webp 150w\" sizes=\"(max-width: 446px) 100vw, 446px\" \/><\/p>\n<p>Combo para aumento de masa muscular.<br \/>\nMasa muscular m\u00e1s r\u00e1pido.<br \/>\nGanamos masa muscular a trav\u00e9s de una mayor recuperaci\u00f3n.<br \/>\nDos productos de marca Gentech.<br \/>\nEl primer producto es TNT de Gentech<br \/>\nx 500 gramos<\/p>\n<p>Contiene un \u00f3xido n\u00edtrico + creatina<br \/>\nIdeal para transportar nutrientes hacia la masa muscular con mayor intensidad, esto permite m\u00e1s recuperaci\u00f3n, a mayor recuperaci\u00f3n m\u00e1s rendimiento, energ\u00eda y aumento del tama\u00f1o del m\u00fasculo.<br \/>\nEl segundo producto es un ganador de masa muscular a base de puros nutrientes.<\/p>\n<p>Nutrientes principales: Prote\u00edna de suero de leche o Whey Protein, Carbohidratos, generalmente el carbohidrato es la maltodextrina. Tambi\u00e9n contiene saborizante y espesantes, para hacerlo m\u00e1s sabroso. Contiene amino\u00e1cidos.<br \/>\nSe preparan ambos productos con agua.<br \/>\nEl ganaro de masa muscular de 1.25 kg podemos tomarlo luego de entrenar.<br \/>\nLa creatina TNT y \u00f3xido n\u00edtrico la podemos tomar antes de entrenar.<\/p>\n<p><img fetchpriority=\"high\" decoding=\"async\" class=\"alignnone size-full wp-image-7120\" src=\"https:\/\/www.demusculos.com\/web\/wp-content\/uploads\/2024\/03\/maxi-gain-gentech-5.jpg\" alt=\"Ganado de masa muscular de Gentech x 1.25 kg - Informaci\u00f3n nutricional\" width=\"1080\" height=\"1080\" srcset=\"https:\/\/www.demusculos.com\/web\/wp-content\/uploads\/2024\/03\/maxi-gain-gentech-5.jpg 1080w, https:\/\/www.demusculos.com\/web\/wp-content\/uploads\/2024\/03\/maxi-gain-gentech-5-300x300.jpg 300w, https:\/\/www.demusculos.com\/web\/wp-content\/uploads\/2024\/03\/maxi-gain-gentech-5-150x150.jpg 150w, https:\/\/www.demusculos.com\/web\/wp-content\/uploads\/2024\/03\/maxi-gain-gentech-5-800x800.jpg 800w, https:\/\/www.demusculos.com\/web\/wp-content\/uploads\/2024\/03\/maxi-gain-gentech-5-1024x1024.jpg 1024w, https:\/\/www.demusculos.com\/web\/wp-content\/uploads\/2024\/03\/maxi-gain-gentech-5-768x768.jpg 768w\" sizes=\"(max-width: 1080px) 100vw, 1080px\" \/><\/p>\n<figure id=\"attachment_6324\" aria-describedby=\"caption-attachment-6324\" style=\"width: 1080px\" class=\"wp-caption alignnone\"><img decoding=\"async\" class=\"size-full wp-image-6324\" src=\"https:\/\/www.demusculos.com\/web\/wp-content\/uploads\/2024\/03\/TNT-500-grs-oxido-nirtico-arginina-banner02.jpg\" alt=\"Informaci\u00f3n nutricional de TNT de Gentech\" width=\"1080\" height=\"1080\" srcset=\"https:\/\/www.demusculos.com\/web\/wp-content\/uploads\/2024\/03\/TNT-500-grs-oxido-nirtico-arginina-banner02.jpg 1080w, https:\/\/www.demusculos.com\/web\/wp-content\/uploads\/2024\/03\/TNT-500-grs-oxido-nirtico-arginina-banner02-300x300.jpg 300w, https:\/\/www.demusculos.com\/web\/wp-content\/uploads\/2024\/03\/TNT-500-grs-oxido-nirtico-arginina-banner02-150x150.jpg 150w, https:\/\/www.demusculos.com\/web\/wp-content\/uploads\/2024\/03\/TNT-500-grs-oxido-nirtico-arginina-banner02-800x800.jpg 800w, https:\/\/www.demusculos.com\/web\/wp-content\/uploads\/2024\/03\/TNT-500-grs-oxido-nirtico-arginina-banner02-1024x1024.jpg 1024w, https:\/\/www.demusculos.com\/web\/wp-content\/uploads\/2024\/03\/TNT-500-grs-oxido-nirtico-arginina-banner02-768x768.jpg 768w\" sizes=\"(max-width: 1080px) 100vw, 1080px\" \/><figcaption id=\"caption-attachment-6324\" class=\"wp-caption-text\">Informaci\u00f3n de TNT de Gentech<\/figcaption><\/figure>\n","protected":false},"excerpt":{"rendered":"<p>Ganador de masa muscular + creatina potenciada TNT con Arginina (\u00f3xido n\u00edtrico)<\/p>\n","protected":false},"featured_media":13943,"comment_status":"open","ping_status":"closed","template":"","meta":[],"product_brand":[222],"product_cat":[71],"product_tag":[329,21,330,328],"class_list":{"0":"post-13942","1":"product","2":"type-product","3":"status-publish","4":"has-post-thumbnail","6":"product_brand-gentech","7":"product_cat-combos-masa-muscular","8":"product_tag-ganador","9":"product_tag-gentech","10":"product_tag-maxi-gain","11":"product_tag-tnt","13":"first","14":"instock","15":"sale","16":"shipping-taxable","17":"purchasable","18":"product-type-variable"},"yoast_head":"<!-- This site is optimized with the Yoast SEO plugin v27.4 - https:\/\/yoast.com\/product\/yoast-seo-wordpress\/ -->\n<title>Maxi Gain 1.25 kg + TNT de Gentech x500 grs | DeMusculos<\/title>\n<meta name=\"robots\" content=\"index, follow, max-snippet:-1, max-image-preview:large, max-video-preview:-1\" \/>\n<link rel=\"canonical\" href=\"https:\/\/www.demusculos.com\/web\/producto\/maxi-gain-1-25-kg-tnt-de-gentech-x500-grs\/\" \/>\n<meta property=\"og:locale\" content=\"es_ES\" \/>\n<meta property=\"og:type\" content=\"article\" \/>\n<meta property=\"og:title\" content=\"Maxi Gain 1.25 kg + TNT de Gentech x500 grs | DeMusculos\" \/>\n<meta property=\"og:description\" content=\"Ganador de masa muscular + creatina potenciada TNT con Arginina (\u00f3xido n\u00edtrico)\" \/>\n<meta property=\"og:url\" content=\"https:\/\/www.demusculos.com\/web\/producto\/maxi-gain-1-25-kg-tnt-de-gentech-x500-grs\/\" \/>\n<meta property=\"og:site_name\" content=\"DeMusculos\" \/>\n<meta property=\"article:publisher\" content=\"https:\/\/www.facebook.com\/demusculos\" \/>\n<meta property=\"article:modified_time\" content=\"2026-04-23T04:07:33+00:00\" \/>\n<meta property=\"og:image\" content=\"https:\/\/www.demusculos.com\/web\/wp-content\/uploads\/2025\/08\/maxi-gain-tnt-de-gentech.webp\" \/>\n\t<meta property=\"og:image:width\" content=\"1200\" \/>\n\t<meta property=\"og:image:height\" content=\"1200\" \/>\n\t<meta property=\"og:image:type\" content=\"image\/webp\" \/>\n<meta name=\"twitter:card\" content=\"summary_large_image\" \/>\n<meta name=\"twitter:site\" content=\"@demusculos\" \/>\n<meta name=\"twitter:label1\" content=\"Tiempo de lectura\" \/>\n\t<meta name=\"twitter:data1\" content=\"2 minutos\" \/>\n<script type=\"application\/ld+json\" class=\"yoast-schema-graph\">{\"@context\":\"https:\\\/\\\/schema.org\",\"@graph\":[{\"@type\":\"WebPage\",\"@id\":\"https:\\\/\\\/www.demusculos.com\\\/web\\\/producto\\\/maxi-gain-1-25-kg-tnt-de-gentech-x500-grs\\\/\",\"url\":\"https:\\\/\\\/www.demusculos.com\\\/web\\\/producto\\\/maxi-gain-1-25-kg-tnt-de-gentech-x500-grs\\\/\",\"name\":\"Maxi Gain 1.25 kg + TNT de Gentech x500 grs | DeMusculos\",\"isPartOf\":{\"@id\":\"https:\\\/\\\/www.demusculos.com\\\/web\\\/#website\"},\"primaryImageOfPage\":{\"@id\":\"https:\\\/\\\/www.demusculos.com\\\/web\\\/producto\\\/maxi-gain-1-25-kg-tnt-de-gentech-x500-grs\\\/#primaryimage\"},\"image\":{\"@id\":\"https:\\\/\\\/www.demusculos.com\\\/web\\\/producto\\\/maxi-gain-1-25-kg-tnt-de-gentech-x500-grs\\\/#primaryimage\"},\"thumbnailUrl\":\"https:\\\/\\\/www.demusculos.com\\\/web\\\/wp-content\\\/uploads\\\/2025\\\/08\\\/maxi-gain-tnt-de-gentech.webp\",\"datePublished\":\"2025-08-08T19:27:20+00:00\",\"dateModified\":\"2026-04-23T04:07:33+00:00\",\"breadcrumb\":{\"@id\":\"https:\\\/\\\/www.demusculos.com\\\/web\\\/producto\\\/maxi-gain-1-25-kg-tnt-de-gentech-x500-grs\\\/#breadcrumb\"},\"inLanguage\":\"es\",\"potentialAction\":[{\"@type\":\"ReadAction\",\"target\":[\"https:\\\/\\\/www.demusculos.com\\\/web\\\/producto\\\/maxi-gain-1-25-kg-tnt-de-gentech-x500-grs\\\/\"]}]},{\"@type\":\"ImageObject\",\"inLanguage\":\"es\",\"@id\":\"https:\\\/\\\/www.demusculos.com\\\/web\\\/producto\\\/maxi-gain-1-25-kg-tnt-de-gentech-x500-grs\\\/#primaryimage\",\"url\":\"https:\\\/\\\/www.demusculos.com\\\/web\\\/wp-content\\\/uploads\\\/2025\\\/08\\\/maxi-gain-tnt-de-gentech.webp\",\"contentUrl\":\"https:\\\/\\\/www.demusculos.com\\\/web\\\/wp-content\\\/uploads\\\/2025\\\/08\\\/maxi-gain-tnt-de-gentech.webp\",\"width\":1200,\"height\":1200,\"caption\":\"Combo Gentech: Maxi Gain 1.25 kg de Gentech + TNT 500 grs\"},{\"@type\":\"BreadcrumbList\",\"@id\":\"https:\\\/\\\/www.demusculos.com\\\/web\\\/producto\\\/maxi-gain-1-25-kg-tnt-de-gentech-x500-grs\\\/#breadcrumb\",\"itemListElement\":[{\"@type\":\"ListItem\",\"position\":1,\"name\":\"Inicio\",\"item\":\"https:\\\/\\\/www.demusculos.com\\\/web\\\/\"},{\"@type\":\"ListItem\",\"position\":2,\"name\":\"Suplementos\",\"item\":\"https:\\\/\\\/www.demusculos.com\\\/web\\\/tienda\\\/\"},{\"@type\":\"ListItem\",\"position\":3,\"name\":\"Maxi Gain 1.25 kg + TNT de Gentech x500 grs\"}]},{\"@type\":\"WebSite\",\"@id\":\"https:\\\/\\\/www.demusculos.com\\\/web\\\/#website\",\"url\":\"https:\\\/\\\/www.demusculos.com\\\/web\\\/\",\"name\":\"DeMusculos.com\",\"description\":\"Suplementos Naturales\",\"publisher\":{\"@id\":\"https:\\\/\\\/www.demusculos.com\\\/web\\\/#organization\"},\"alternateName\":\"Suplementos Naturales\",\"potentialAction\":[{\"@type\":\"SearchAction\",\"target\":{\"@type\":\"EntryPoint\",\"urlTemplate\":\"https:\\\/\\\/www.demusculos.com\\\/web\\\/?s={search_term_string}\"},\"query-input\":{\"@type\":\"PropertyValueSpecification\",\"valueRequired\":true,\"valueName\":\"search_term_string\"}}],\"inLanguage\":\"es\"},{\"@type\":\"Organization\",\"@id\":\"https:\\\/\\\/www.demusculos.com\\\/web\\\/#organization\",\"name\":\"DeMusculos.com\",\"alternateName\":\"DeMusculos\",\"url\":\"https:\\\/\\\/www.demusculos.com\\\/web\\\/\",\"logo\":{\"@type\":\"ImageObject\",\"inLanguage\":\"es\",\"@id\":\"https:\\\/\\\/www.demusculos.com\\\/web\\\/#\\\/schema\\\/logo\\\/image\\\/\",\"url\":\"https:\\\/\\\/www.demusculos.com\\\/web\\\/wp-content\\\/uploads\\\/2024\\\/02\\\/logo-demusculos-prestashop-usuario.png\",\"contentUrl\":\"https:\\\/\\\/www.demusculos.com\\\/web\\\/wp-content\\\/uploads\\\/2024\\\/02\\\/logo-demusculos-prestashop-usuario.png\",\"width\":150,\"height\":150,\"caption\":\"DeMusculos.com\"},\"image\":{\"@id\":\"https:\\\/\\\/www.demusculos.com\\\/web\\\/#\\\/schema\\\/logo\\\/image\\\/\"},\"sameAs\":[\"https:\\\/\\\/www.facebook.com\\\/demusculos\",\"https:\\\/\\\/x.com\\\/demusculos\",\"https:\\\/\\\/www.instagram.com\\\/demusculos\",\"https:\\\/\\\/www.tiktok.com\\\/@demusculos.com\"]}]}<\/script>\n<!-- \/ Yoast SEO plugin. -->","yoast_head_json":{"title":"Maxi Gain 1.25 kg + TNT de Gentech x500 grs | DeMusculos","robots":{"index":"index","follow":"follow","max-snippet":"max-snippet:-1","max-image-preview":"max-image-preview:large","max-video-preview":"max-video-preview:-1"},"canonical":"https:\/\/www.demusculos.com\/web\/producto\/maxi-gain-1-25-kg-tnt-de-gentech-x500-grs\/","og_locale":"es_ES","og_type":"article","og_title":"Maxi Gain 1.25 kg + TNT de Gentech x500 grs | DeMusculos","og_description":"Ganador de masa muscular + creatina potenciada TNT con Arginina (\u00f3xido n\u00edtrico)","og_url":"https:\/\/www.demusculos.com\/web\/producto\/maxi-gain-1-25-kg-tnt-de-gentech-x500-grs\/","og_site_name":"DeMusculos","article_publisher":"https:\/\/www.facebook.com\/demusculos","article_modified_time":"2026-04-23T04:07:33+00:00","og_image":[{"width":1200,"height":1200,"url":"https:\/\/www.demusculos.com\/web\/wp-content\/uploads\/2025\/08\/maxi-gain-tnt-de-gentech.webp","type":"image\/webp"}],"twitter_card":"summary_large_image","twitter_site":"@demusculos","twitter_misc":{"Tiempo de lectura":"2 minutos"},"schema":{"@context":"https:\/\/schema.org","@graph":[{"@type":"WebPage","@id":"https:\/\/www.demusculos.com\/web\/producto\/maxi-gain-1-25-kg-tnt-de-gentech-x500-grs\/","url":"https:\/\/www.demusculos.com\/web\/producto\/maxi-gain-1-25-kg-tnt-de-gentech-x500-grs\/","name":"Maxi Gain 1.25 kg + TNT de Gentech x500 grs | DeMusculos","isPartOf":{"@id":"https:\/\/www.demusculos.com\/web\/#website"},"primaryImageOfPage":{"@id":"https:\/\/www.demusculos.com\/web\/producto\/maxi-gain-1-25-kg-tnt-de-gentech-x500-grs\/#primaryimage"},"image":{"@id":"https:\/\/www.demusculos.com\/web\/producto\/maxi-gain-1-25-kg-tnt-de-gentech-x500-grs\/#primaryimage"},"thumbnailUrl":"https:\/\/www.demusculos.com\/web\/wp-content\/uploads\/2025\/08\/maxi-gain-tnt-de-gentech.webp","datePublished":"2025-08-08T19:27:20+00:00","dateModified":"2026-04-23T04:07:33+00:00","breadcrumb":{"@id":"https:\/\/www.demusculos.com\/web\/producto\/maxi-gain-1-25-kg-tnt-de-gentech-x500-grs\/#breadcrumb"},"inLanguage":"es","potentialAction":[{"@type":"ReadAction","target":["https:\/\/www.demusculos.com\/web\/producto\/maxi-gain-1-25-kg-tnt-de-gentech-x500-grs\/"]}]},{"@type":"ImageObject","inLanguage":"es","@id":"https:\/\/www.demusculos.com\/web\/producto\/maxi-gain-1-25-kg-tnt-de-gentech-x500-grs\/#primaryimage","url":"https:\/\/www.demusculos.com\/web\/wp-content\/uploads\/2025\/08\/maxi-gain-tnt-de-gentech.webp","contentUrl":"https:\/\/www.demusculos.com\/web\/wp-content\/uploads\/2025\/08\/maxi-gain-tnt-de-gentech.webp","width":1200,"height":1200,"caption":"Combo Gentech: Maxi Gain 1.25 kg de Gentech + TNT 500 grs"},{"@type":"BreadcrumbList","@id":"https:\/\/www.demusculos.com\/web\/producto\/maxi-gain-1-25-kg-tnt-de-gentech-x500-grs\/#breadcrumb","itemListElement":[{"@type":"ListItem","position":1,"name":"Inicio","item":"https:\/\/www.demusculos.com\/web\/"},{"@type":"ListItem","position":2,"name":"Suplementos","item":"https:\/\/www.demusculos.com\/web\/tienda\/"},{"@type":"ListItem","position":3,"name":"Maxi Gain 1.25 kg + TNT de Gentech x500 grs"}]},{"@type":"WebSite","@id":"https:\/\/www.demusculos.com\/web\/#website","url":"https:\/\/www.demusculos.com\/web\/","name":"DeMusculos.com","description":"Suplementos Naturales","publisher":{"@id":"https:\/\/www.demusculos.com\/web\/#organization"},"alternateName":"Suplementos Naturales","potentialAction":[{"@type":"SearchAction","target":{"@type":"EntryPoint","urlTemplate":"https:\/\/www.demusculos.com\/web\/?s={search_term_string}"},"query-input":{"@type":"PropertyValueSpecification","valueRequired":true,"valueName":"search_term_string"}}],"inLanguage":"es"},{"@type":"Organization","@id":"https:\/\/www.demusculos.com\/web\/#organization","name":"DeMusculos.com","alternateName":"DeMusculos","url":"https:\/\/www.demusculos.com\/web\/","logo":{"@type":"ImageObject","inLanguage":"es","@id":"https:\/\/www.demusculos.com\/web\/#\/schema\/logo\/image\/","url":"https:\/\/www.demusculos.com\/web\/wp-content\/uploads\/2024\/02\/logo-demusculos-prestashop-usuario.png","contentUrl":"https:\/\/www.demusculos.com\/web\/wp-content\/uploads\/2024\/02\/logo-demusculos-prestashop-usuario.png","width":150,"height":150,"caption":"DeMusculos.com"},"image":{"@id":"https:\/\/www.demusculos.com\/web\/#\/schema\/logo\/image\/"},"sameAs":["https:\/\/www.facebook.com\/demusculos","https:\/\/x.com\/demusculos","https:\/\/www.instagram.com\/demusculos","https:\/\/www.tiktok.com\/@demusculos.com"]}]}},"_links":{"self":[{"href":"https:\/\/www.demusculos.com\/web\/wp-json\/wp\/v2\/product\/13942","targetHints":{"allow":["GET"]}}],"collection":[{"href":"https:\/\/www.demusculos.com\/web\/wp-json\/wp\/v2\/product"}],"about":[{"href":"https:\/\/www.demusculos.com\/web\/wp-json\/wp\/v2\/types\/product"}],"replies":[{"embeddable":true,"href":"https:\/\/www.demusculos.com\/web\/wp-json\/wp\/v2\/comments?post=13942"}],"wp:featuredmedia":[{"embeddable":true,"href":"https:\/\/www.demusculos.com\/web\/wp-json\/wp\/v2\/media\/13943"}],"wp:attachment":[{"href":"https:\/\/www.demusculos.com\/web\/wp-json\/wp\/v2\/media?parent=13942"}],"wp:term":[{"taxonomy":"product_brand","embeddable":true,"href":"https:\/\/www.demusculos.com\/web\/wp-json\/wp\/v2\/product_brand?post=13942"},{"taxonomy":"product_cat","embeddable":true,"href":"https:\/\/www.demusculos.com\/web\/wp-json\/wp\/v2\/product_cat?post=13942"},{"taxonomy":"product_tag","embeddable":true,"href":"https:\/\/www.demusculos.com\/web\/wp-json\/wp\/v2\/product_tag?post=13942"}],"curies":[{"name":"wp","href":"https:\/\/api.w.org\/{rel}","templated":true}]}}