{"id":13947,"date":"2025-08-08T19:24:09","date_gmt":"2025-08-08T22:24:09","guid":{"rendered":"https:\/\/www.demusculos.com\/web\/?post_type=product&#038;p=13947"},"modified":"2026-04-27T00:23:54","modified_gmt":"2026-04-27T03:23:54","slug":"combo-veggie-bar-veggie-shake-500-grs-gentech","status":"publish","type":"product","link":"https:\/\/www.demusculos.com\/web\/producto\/combo-veggie-bar-veggie-shake-500-grs-gentech\/","title":{"rendered":"Veggie Bar x10 barras + Veggie Shake 500 grs Gentech (Combo Dieta)"},"content":{"rendered":"<p><img decoding=\"async\" class=\"alignnone size-full wp-image-12544\" src=\"https:\/\/www.demusculos.com\/web\/wp-content\/uploads\/2025\/06\/logo-marca-gentech.webp\" alt=\"Suplementos Naturales Gentech\" width=\"446\" height=\"103\" srcset=\"https:\/\/www.demusculos.com\/web\/wp-content\/uploads\/2025\/06\/logo-marca-gentech.webp 446w, https:\/\/www.demusculos.com\/web\/wp-content\/uploads\/2025\/06\/logo-marca-gentech-300x69.webp 300w, https:\/\/www.demusculos.com\/web\/wp-content\/uploads\/2025\/06\/logo-marca-gentech-441x102.webp 441w, https:\/\/www.demusculos.com\/web\/wp-content\/uploads\/2025\/06\/logo-marca-gentech-150x35.webp 150w\" sizes=\"(max-width: 446px) 100vw, 446px\" \/><\/p>\n<p>Combo Vegano. Dos produtos. Marca: Gentech. Sin Tacc. Apta para celiacos.<\/p>\n<p>Primer producto:<br \/>\nVeggie Shake. Prote\u00edna vegana 100%. 500 gramos. Sabor Cacao.<\/p>\n<p>Segundo producto.<br \/>\nVeggie Bar. Barras de prote\u00edna veganas x 10 unidades.<\/p>\n<p>El combo es ideal para: Hombres y mujeres veganos o no veganos que buscan bajar de peso, mantener la masa muscular, mejorar la nutrici\u00f3n y recuperaci\u00f3n.<\/p>\n<figure id=\"attachment_6402\" aria-describedby=\"caption-attachment-6402\" style=\"width: 1080px\" class=\"wp-caption alignnone\"><img fetchpriority=\"high\" decoding=\"async\" class=\"size-full wp-image-6402\" src=\"https:\/\/www.demusculos.com\/web\/wp-content\/uploads\/2024\/03\/veggie-protein-shake-500-grs-gentech-banner04.jpg\" alt=\"Informaci\u00f3n nutricional - Veggie Protein 500 grs de Gentech\" width=\"1080\" height=\"1080\" srcset=\"https:\/\/www.demusculos.com\/web\/wp-content\/uploads\/2024\/03\/veggie-protein-shake-500-grs-gentech-banner04.jpg 1080w, https:\/\/www.demusculos.com\/web\/wp-content\/uploads\/2024\/03\/veggie-protein-shake-500-grs-gentech-banner04-300x300.jpg 300w, https:\/\/www.demusculos.com\/web\/wp-content\/uploads\/2024\/03\/veggie-protein-shake-500-grs-gentech-banner04-150x150.jpg 150w, https:\/\/www.demusculos.com\/web\/wp-content\/uploads\/2024\/03\/veggie-protein-shake-500-grs-gentech-banner04-800x800.jpg 800w, https:\/\/www.demusculos.com\/web\/wp-content\/uploads\/2024\/03\/veggie-protein-shake-500-grs-gentech-banner04-1024x1024.jpg 1024w, https:\/\/www.demusculos.com\/web\/wp-content\/uploads\/2024\/03\/veggie-protein-shake-500-grs-gentech-banner04-768x768.jpg 768w\" sizes=\"(max-width: 1080px) 100vw, 1080px\" \/><figcaption id=\"caption-attachment-6402\" class=\"wp-caption-text\">Informaci\u00f3n nutricional de la prote\u00edna<\/figcaption><\/figure>\n<figure id=\"attachment_6388\" aria-describedby=\"caption-attachment-6388\" style=\"width: 1080px\" class=\"wp-caption alignnone\"><img decoding=\"async\" class=\"size-full wp-image-6388\" src=\"https:\/\/www.demusculos.com\/web\/wp-content\/uploads\/2024\/03\/veggie-bar-BANNER-02.jpg\" alt=\"Informaci\u00f3n nutricional. Veggie Bar de Gentech x 10 unidades\" width=\"1080\" height=\"1080\" srcset=\"https:\/\/www.demusculos.com\/web\/wp-content\/uploads\/2024\/03\/veggie-bar-BANNER-02.jpg 1080w, https:\/\/www.demusculos.com\/web\/wp-content\/uploads\/2024\/03\/veggie-bar-BANNER-02-300x300.jpg 300w, https:\/\/www.demusculos.com\/web\/wp-content\/uploads\/2024\/03\/veggie-bar-BANNER-02-150x150.jpg 150w, https:\/\/www.demusculos.com\/web\/wp-content\/uploads\/2024\/03\/veggie-bar-BANNER-02-800x800.jpg 800w, https:\/\/www.demusculos.com\/web\/wp-content\/uploads\/2024\/03\/veggie-bar-BANNER-02-1024x1024.jpg 1024w, https:\/\/www.demusculos.com\/web\/wp-content\/uploads\/2024\/03\/veggie-bar-BANNER-02-768x768.jpg 768w\" sizes=\"(max-width: 1080px) 100vw, 1080px\" \/><figcaption id=\"caption-attachment-6388\" class=\"wp-caption-text\">Informaci\u00f3n nutricional de cada barra de prote\u00edna vegana \/ vegetal<\/figcaption><\/figure>\n<figure id=\"attachment_6389\" aria-describedby=\"caption-attachment-6389\" style=\"width: 1080px\" class=\"wp-caption alignnone\"><img loading=\"lazy\" decoding=\"async\" class=\"size-full wp-image-6389\" src=\"https:\/\/www.demusculos.com\/web\/wp-content\/uploads\/2024\/03\/veggie-bar-BANNER-03.jpg\" alt=\"Veggie Bar de Gentech x 10 unidades\" width=\"1080\" height=\"1080\" srcset=\"https:\/\/www.demusculos.com\/web\/wp-content\/uploads\/2024\/03\/veggie-bar-BANNER-03.jpg 1080w, https:\/\/www.demusculos.com\/web\/wp-content\/uploads\/2024\/03\/veggie-bar-BANNER-03-300x300.jpg 300w, https:\/\/www.demusculos.com\/web\/wp-content\/uploads\/2024\/03\/veggie-bar-BANNER-03-150x150.jpg 150w, https:\/\/www.demusculos.com\/web\/wp-content\/uploads\/2024\/03\/veggie-bar-BANNER-03-800x800.jpg 800w, https:\/\/www.demusculos.com\/web\/wp-content\/uploads\/2024\/03\/veggie-bar-BANNER-03-1024x1024.jpg 1024w, https:\/\/www.demusculos.com\/web\/wp-content\/uploads\/2024\/03\/veggie-bar-BANNER-03-768x768.jpg 768w\" sizes=\"(max-width: 1080px) 100vw, 1080px\" \/><figcaption id=\"caption-attachment-6389\" class=\"wp-caption-text\">Sabores de las barras vegetales<\/figcaption><\/figure>\n<figure id=\"attachment_6401\" aria-describedby=\"caption-attachment-6401\" style=\"width: 1080px\" class=\"wp-caption alignnone\"><img loading=\"lazy\" decoding=\"async\" class=\"size-full wp-image-6401\" src=\"https:\/\/www.demusculos.com\/web\/wp-content\/uploads\/2024\/03\/veggie-protein-shake-500-grs-gentech-banner03.jpg\" alt=\"Veggie Protein 500 grs de Gentech\" width=\"1080\" height=\"1080\" srcset=\"https:\/\/www.demusculos.com\/web\/wp-content\/uploads\/2024\/03\/veggie-protein-shake-500-grs-gentech-banner03.jpg 1080w, https:\/\/www.demusculos.com\/web\/wp-content\/uploads\/2024\/03\/veggie-protein-shake-500-grs-gentech-banner03-300x300.jpg 300w, https:\/\/www.demusculos.com\/web\/wp-content\/uploads\/2024\/03\/veggie-protein-shake-500-grs-gentech-banner03-150x150.jpg 150w, https:\/\/www.demusculos.com\/web\/wp-content\/uploads\/2024\/03\/veggie-protein-shake-500-grs-gentech-banner03-800x800.jpg 800w, https:\/\/www.demusculos.com\/web\/wp-content\/uploads\/2024\/03\/veggie-protein-shake-500-grs-gentech-banner03-1024x1024.jpg 1024w, https:\/\/www.demusculos.com\/web\/wp-content\/uploads\/2024\/03\/veggie-protein-shake-500-grs-gentech-banner03-768x768.jpg 768w\" sizes=\"(max-width: 1080px) 100vw, 1080px\" \/><figcaption id=\"caption-attachment-6401\" class=\"wp-caption-text\">Beneficios de la prote\u00edna vegetal<\/figcaption><\/figure>\n","protected":false},"excerpt":{"rendered":"<p>Combo para veganos. Prote\u00edna y barras de prote\u00edna 100% veganas. Tambi\u00e9n puede ser utilizado como combo para dieta, sin az\u00facar, alto contenido de carbohidratos.<\/p>\n","protected":false},"featured_media":13948,"comment_status":"open","ping_status":"closed","template":"","meta":[],"product_brand":[222],"product_cat":[72,16],"product_tag":[21],"class_list":{"0":"post-13947","1":"product","2":"type-product","3":"status-publish","4":"has-post-thumbnail","6":"product_brand-gentech","7":"product_cat-combos-descenso-de-peso","8":"product_cat-proteinas","9":"product_tag-gentech","11":"first","12":"outofstock","13":"sale","14":"shipping-taxable","15":"purchasable","16":"product-type-simple"},"yoast_head":"<!-- This site is optimized with the Yoast SEO plugin v27.5 - https:\/\/yoast.com\/product\/yoast-seo-wordpress\/ -->\n<title>Veggie Bar x10 barras + Veggie Shake 500 grs Gentech (Combo Dieta) | DeMusculos<\/title>\n<meta name=\"description\" content=\"Combo ideal para dieta y veganos. Si no sos veganos podes consumir este combo para dieta, sin az\u00facar, sin carbohidratos. Sabor Cacao. Prote\u00edna y Barras.\" \/>\n<meta name=\"robots\" content=\"index, follow, max-snippet:-1, max-image-preview:large, max-video-preview:-1\" \/>\n<link rel=\"canonical\" href=\"https:\/\/www.demusculos.com\/web\/producto\/combo-veggie-bar-veggie-shake-500-grs-gentech\/\" \/>\n<meta property=\"og:locale\" content=\"es_ES\" \/>\n<meta property=\"og:type\" content=\"article\" \/>\n<meta property=\"og:title\" content=\"Veggie Bar x10 barras + Veggie Shake 500 grs Gentech (Combo Dieta) | DeMusculos\" \/>\n<meta property=\"og:description\" content=\"Combo ideal para dieta y veganos. Si no sos veganos podes consumir este combo para dieta, sin az\u00facar, sin carbohidratos. Sabor Cacao. Prote\u00edna y Barras.\" \/>\n<meta property=\"og:url\" content=\"https:\/\/www.demusculos.com\/web\/producto\/combo-veggie-bar-veggie-shake-500-grs-gentech\/\" \/>\n<meta property=\"og:site_name\" content=\"DeMusculos\" \/>\n<meta property=\"article:publisher\" content=\"https:\/\/www.facebook.com\/demusculos\" \/>\n<meta property=\"article:modified_time\" content=\"2026-04-27T03:23:54+00:00\" \/>\n<meta property=\"og:image\" content=\"https:\/\/www.demusculos.com\/web\/wp-content\/uploads\/2025\/08\/veggie-bar-veggie-shaker-500grs-de-gentech.webp\" \/>\n\t<meta property=\"og:image:width\" content=\"1200\" \/>\n\t<meta property=\"og:image:height\" content=\"1200\" \/>\n\t<meta property=\"og:image:type\" content=\"image\/webp\" \/>\n<meta name=\"twitter:card\" content=\"summary_large_image\" \/>\n<meta name=\"twitter:site\" content=\"@demusculos\" \/>\n<meta name=\"twitter:label1\" content=\"Tiempo de lectura\" \/>\n\t<meta name=\"twitter:data1\" content=\"2 minutos\" \/>\n<script type=\"application\/ld+json\" class=\"yoast-schema-graph\">{\"@context\":\"https:\\\/\\\/schema.org\",\"@graph\":[{\"@type\":\"WebPage\",\"@id\":\"https:\\\/\\\/www.demusculos.com\\\/web\\\/producto\\\/combo-veggie-bar-veggie-shake-500-grs-gentech\\\/\",\"url\":\"https:\\\/\\\/www.demusculos.com\\\/web\\\/producto\\\/combo-veggie-bar-veggie-shake-500-grs-gentech\\\/\",\"name\":\"Veggie Bar x10 barras + Veggie Shake 500 grs Gentech (Combo Dieta) | DeMusculos\",\"isPartOf\":{\"@id\":\"https:\\\/\\\/www.demusculos.com\\\/web\\\/#website\"},\"primaryImageOfPage\":{\"@id\":\"https:\\\/\\\/www.demusculos.com\\\/web\\\/producto\\\/combo-veggie-bar-veggie-shake-500-grs-gentech\\\/#primaryimage\"},\"image\":{\"@id\":\"https:\\\/\\\/www.demusculos.com\\\/web\\\/producto\\\/combo-veggie-bar-veggie-shake-500-grs-gentech\\\/#primaryimage\"},\"thumbnailUrl\":\"https:\\\/\\\/www.demusculos.com\\\/web\\\/wp-content\\\/uploads\\\/2025\\\/08\\\/veggie-bar-veggie-shaker-500grs-de-gentech.webp\",\"datePublished\":\"2025-08-08T22:24:09+00:00\",\"dateModified\":\"2026-04-27T03:23:54+00:00\",\"description\":\"Combo ideal para dieta y veganos. Si no sos veganos podes consumir este combo para dieta, sin az\u00facar, sin carbohidratos. Sabor Cacao. Prote\u00edna y Barras.\",\"breadcrumb\":{\"@id\":\"https:\\\/\\\/www.demusculos.com\\\/web\\\/producto\\\/combo-veggie-bar-veggie-shake-500-grs-gentech\\\/#breadcrumb\"},\"inLanguage\":\"es\",\"potentialAction\":[{\"@type\":\"ReadAction\",\"target\":[\"https:\\\/\\\/www.demusculos.com\\\/web\\\/producto\\\/combo-veggie-bar-veggie-shake-500-grs-gentech\\\/\"]}]},{\"@type\":\"ImageObject\",\"inLanguage\":\"es\",\"@id\":\"https:\\\/\\\/www.demusculos.com\\\/web\\\/producto\\\/combo-veggie-bar-veggie-shake-500-grs-gentech\\\/#primaryimage\",\"url\":\"https:\\\/\\\/www.demusculos.com\\\/web\\\/wp-content\\\/uploads\\\/2025\\\/08\\\/veggie-bar-veggie-shaker-500grs-de-gentech.webp\",\"contentUrl\":\"https:\\\/\\\/www.demusculos.com\\\/web\\\/wp-content\\\/uploads\\\/2025\\\/08\\\/veggie-bar-veggie-shaker-500grs-de-gentech.webp\",\"width\":1200,\"height\":1200,\"caption\":\"Combo Veggie Bar + Veggie Shake Protein\"},{\"@type\":\"BreadcrumbList\",\"@id\":\"https:\\\/\\\/www.demusculos.com\\\/web\\\/producto\\\/combo-veggie-bar-veggie-shake-500-grs-gentech\\\/#breadcrumb\",\"itemListElement\":[{\"@type\":\"ListItem\",\"position\":1,\"name\":\"Inicio\",\"item\":\"https:\\\/\\\/www.demusculos.com\\\/web\\\/\"},{\"@type\":\"ListItem\",\"position\":2,\"name\":\"Suplementos\",\"item\":\"https:\\\/\\\/www.demusculos.com\\\/web\\\/tienda\\\/\"},{\"@type\":\"ListItem\",\"position\":3,\"name\":\"Veggie Bar x10 barras + Veggie Shake 500 grs Gentech (Combo Dieta)\"}]},{\"@type\":\"WebSite\",\"@id\":\"https:\\\/\\\/www.demusculos.com\\\/web\\\/#website\",\"url\":\"https:\\\/\\\/www.demusculos.com\\\/web\\\/\",\"name\":\"DeMusculos.com\",\"description\":\"Suplementos Naturales\",\"publisher\":{\"@id\":\"https:\\\/\\\/www.demusculos.com\\\/web\\\/#organization\"},\"alternateName\":\"Suplementos Naturales\",\"potentialAction\":[{\"@type\":\"SearchAction\",\"target\":{\"@type\":\"EntryPoint\",\"urlTemplate\":\"https:\\\/\\\/www.demusculos.com\\\/web\\\/?s={search_term_string}\"},\"query-input\":{\"@type\":\"PropertyValueSpecification\",\"valueRequired\":true,\"valueName\":\"search_term_string\"}}],\"inLanguage\":\"es\"},{\"@type\":\"Organization\",\"@id\":\"https:\\\/\\\/www.demusculos.com\\\/web\\\/#organization\",\"name\":\"DeMusculos.com\",\"alternateName\":\"DeMusculos\",\"url\":\"https:\\\/\\\/www.demusculos.com\\\/web\\\/\",\"logo\":{\"@type\":\"ImageObject\",\"inLanguage\":\"es\",\"@id\":\"https:\\\/\\\/www.demusculos.com\\\/web\\\/#\\\/schema\\\/logo\\\/image\\\/\",\"url\":\"https:\\\/\\\/www.demusculos.com\\\/web\\\/wp-content\\\/uploads\\\/2024\\\/02\\\/logo-demusculos-prestashop-usuario.png\",\"contentUrl\":\"https:\\\/\\\/www.demusculos.com\\\/web\\\/wp-content\\\/uploads\\\/2024\\\/02\\\/logo-demusculos-prestashop-usuario.png\",\"width\":150,\"height\":150,\"caption\":\"DeMusculos.com\"},\"image\":{\"@id\":\"https:\\\/\\\/www.demusculos.com\\\/web\\\/#\\\/schema\\\/logo\\\/image\\\/\"},\"sameAs\":[\"https:\\\/\\\/www.facebook.com\\\/demusculos\",\"https:\\\/\\\/x.com\\\/demusculos\",\"https:\\\/\\\/www.instagram.com\\\/demusculos\",\"https:\\\/\\\/www.tiktok.com\\\/@demusculos.com\"]}]}<\/script>\n<!-- \/ Yoast SEO plugin. -->","yoast_head_json":{"title":"Veggie Bar x10 barras + Veggie Shake 500 grs Gentech (Combo Dieta) | DeMusculos","description":"Combo ideal para dieta y veganos. Si no sos veganos podes consumir este combo para dieta, sin az\u00facar, sin carbohidratos. Sabor Cacao. Prote\u00edna y Barras.","robots":{"index":"index","follow":"follow","max-snippet":"max-snippet:-1","max-image-preview":"max-image-preview:large","max-video-preview":"max-video-preview:-1"},"canonical":"https:\/\/www.demusculos.com\/web\/producto\/combo-veggie-bar-veggie-shake-500-grs-gentech\/","og_locale":"es_ES","og_type":"article","og_title":"Veggie Bar x10 barras + Veggie Shake 500 grs Gentech (Combo Dieta) | DeMusculos","og_description":"Combo ideal para dieta y veganos. Si no sos veganos podes consumir este combo para dieta, sin az\u00facar, sin carbohidratos. Sabor Cacao. Prote\u00edna y Barras.","og_url":"https:\/\/www.demusculos.com\/web\/producto\/combo-veggie-bar-veggie-shake-500-grs-gentech\/","og_site_name":"DeMusculos","article_publisher":"https:\/\/www.facebook.com\/demusculos","article_modified_time":"2026-04-27T03:23:54+00:00","og_image":[{"width":1200,"height":1200,"url":"https:\/\/www.demusculos.com\/web\/wp-content\/uploads\/2025\/08\/veggie-bar-veggie-shaker-500grs-de-gentech.webp","type":"image\/webp"}],"twitter_card":"summary_large_image","twitter_site":"@demusculos","twitter_misc":{"Tiempo de lectura":"2 minutos"},"schema":{"@context":"https:\/\/schema.org","@graph":[{"@type":"WebPage","@id":"https:\/\/www.demusculos.com\/web\/producto\/combo-veggie-bar-veggie-shake-500-grs-gentech\/","url":"https:\/\/www.demusculos.com\/web\/producto\/combo-veggie-bar-veggie-shake-500-grs-gentech\/","name":"Veggie Bar x10 barras + Veggie Shake 500 grs Gentech (Combo Dieta) | DeMusculos","isPartOf":{"@id":"https:\/\/www.demusculos.com\/web\/#website"},"primaryImageOfPage":{"@id":"https:\/\/www.demusculos.com\/web\/producto\/combo-veggie-bar-veggie-shake-500-grs-gentech\/#primaryimage"},"image":{"@id":"https:\/\/www.demusculos.com\/web\/producto\/combo-veggie-bar-veggie-shake-500-grs-gentech\/#primaryimage"},"thumbnailUrl":"https:\/\/www.demusculos.com\/web\/wp-content\/uploads\/2025\/08\/veggie-bar-veggie-shaker-500grs-de-gentech.webp","datePublished":"2025-08-08T22:24:09+00:00","dateModified":"2026-04-27T03:23:54+00:00","description":"Combo ideal para dieta y veganos. Si no sos veganos podes consumir este combo para dieta, sin az\u00facar, sin carbohidratos. Sabor Cacao. Prote\u00edna y Barras.","breadcrumb":{"@id":"https:\/\/www.demusculos.com\/web\/producto\/combo-veggie-bar-veggie-shake-500-grs-gentech\/#breadcrumb"},"inLanguage":"es","potentialAction":[{"@type":"ReadAction","target":["https:\/\/www.demusculos.com\/web\/producto\/combo-veggie-bar-veggie-shake-500-grs-gentech\/"]}]},{"@type":"ImageObject","inLanguage":"es","@id":"https:\/\/www.demusculos.com\/web\/producto\/combo-veggie-bar-veggie-shake-500-grs-gentech\/#primaryimage","url":"https:\/\/www.demusculos.com\/web\/wp-content\/uploads\/2025\/08\/veggie-bar-veggie-shaker-500grs-de-gentech.webp","contentUrl":"https:\/\/www.demusculos.com\/web\/wp-content\/uploads\/2025\/08\/veggie-bar-veggie-shaker-500grs-de-gentech.webp","width":1200,"height":1200,"caption":"Combo Veggie Bar + Veggie Shake Protein"},{"@type":"BreadcrumbList","@id":"https:\/\/www.demusculos.com\/web\/producto\/combo-veggie-bar-veggie-shake-500-grs-gentech\/#breadcrumb","itemListElement":[{"@type":"ListItem","position":1,"name":"Inicio","item":"https:\/\/www.demusculos.com\/web\/"},{"@type":"ListItem","position":2,"name":"Suplementos","item":"https:\/\/www.demusculos.com\/web\/tienda\/"},{"@type":"ListItem","position":3,"name":"Veggie Bar x10 barras + Veggie Shake 500 grs Gentech (Combo Dieta)"}]},{"@type":"WebSite","@id":"https:\/\/www.demusculos.com\/web\/#website","url":"https:\/\/www.demusculos.com\/web\/","name":"DeMusculos.com","description":"Suplementos Naturales","publisher":{"@id":"https:\/\/www.demusculos.com\/web\/#organization"},"alternateName":"Suplementos Naturales","potentialAction":[{"@type":"SearchAction","target":{"@type":"EntryPoint","urlTemplate":"https:\/\/www.demusculos.com\/web\/?s={search_term_string}"},"query-input":{"@type":"PropertyValueSpecification","valueRequired":true,"valueName":"search_term_string"}}],"inLanguage":"es"},{"@type":"Organization","@id":"https:\/\/www.demusculos.com\/web\/#organization","name":"DeMusculos.com","alternateName":"DeMusculos","url":"https:\/\/www.demusculos.com\/web\/","logo":{"@type":"ImageObject","inLanguage":"es","@id":"https:\/\/www.demusculos.com\/web\/#\/schema\/logo\/image\/","url":"https:\/\/www.demusculos.com\/web\/wp-content\/uploads\/2024\/02\/logo-demusculos-prestashop-usuario.png","contentUrl":"https:\/\/www.demusculos.com\/web\/wp-content\/uploads\/2024\/02\/logo-demusculos-prestashop-usuario.png","width":150,"height":150,"caption":"DeMusculos.com"},"image":{"@id":"https:\/\/www.demusculos.com\/web\/#\/schema\/logo\/image\/"},"sameAs":["https:\/\/www.facebook.com\/demusculos","https:\/\/x.com\/demusculos","https:\/\/www.instagram.com\/demusculos","https:\/\/www.tiktok.com\/@demusculos.com"]}]}},"_links":{"self":[{"href":"https:\/\/www.demusculos.com\/web\/wp-json\/wp\/v2\/product\/13947","targetHints":{"allow":["GET"]}}],"collection":[{"href":"https:\/\/www.demusculos.com\/web\/wp-json\/wp\/v2\/product"}],"about":[{"href":"https:\/\/www.demusculos.com\/web\/wp-json\/wp\/v2\/types\/product"}],"replies":[{"embeddable":true,"href":"https:\/\/www.demusculos.com\/web\/wp-json\/wp\/v2\/comments?post=13947"}],"wp:featuredmedia":[{"embeddable":true,"href":"https:\/\/www.demusculos.com\/web\/wp-json\/wp\/v2\/media\/13948"}],"wp:attachment":[{"href":"https:\/\/www.demusculos.com\/web\/wp-json\/wp\/v2\/media?parent=13947"}],"wp:term":[{"taxonomy":"product_brand","embeddable":true,"href":"https:\/\/www.demusculos.com\/web\/wp-json\/wp\/v2\/product_brand?post=13947"},{"taxonomy":"product_cat","embeddable":true,"href":"https:\/\/www.demusculos.com\/web\/wp-json\/wp\/v2\/product_cat?post=13947"},{"taxonomy":"product_tag","embeddable":true,"href":"https:\/\/www.demusculos.com\/web\/wp-json\/wp\/v2\/product_tag?post=13947"}],"curies":[{"name":"wp","href":"https:\/\/api.w.org\/{rel}","templated":true}]}}