{"id":13954,"date":"2025-08-09T12:19:04","date_gmt":"2025-08-09T15:19:04","guid":{"rendered":"https:\/\/www.demusculos.com\/web\/?post_type=product&#038;p=13954"},"modified":"2026-03-14T12:27:46","modified_gmt":"2026-03-14T15:27:46","slug":"colageno-gentech-quemador-tx3-black-cuts","status":"publish","type":"product","link":"https:\/\/www.demusculos.com\/web\/producto\/colageno-gentech-quemador-tx3-black-cuts\/","title":{"rendered":"Col\u00e1geno Bebible Gentech 360 grs + Quemador Tx3 Black Cuts"},"content":{"rendered":"<h2>Tono muscular, menos flacidez y menos grasa<\/h2>\n<p><img decoding=\"async\" class=\"alignnone size-full wp-image-12544\" src=\"https:\/\/www.demusculos.com\/web\/wp-content\/uploads\/2025\/06\/logo-marca-gentech.webp\" alt=\"Suplementos Naturales Gentech\" width=\"446\" height=\"103\" srcset=\"https:\/\/www.demusculos.com\/web\/wp-content\/uploads\/2025\/06\/logo-marca-gentech.webp 446w, https:\/\/www.demusculos.com\/web\/wp-content\/uploads\/2025\/06\/logo-marca-gentech-300x69.webp 300w, https:\/\/www.demusculos.com\/web\/wp-content\/uploads\/2025\/06\/logo-marca-gentech-441x102.webp 441w, https:\/\/www.demusculos.com\/web\/wp-content\/uploads\/2025\/06\/logo-marca-gentech-150x35.webp 150w\" sizes=\"(max-width: 446px) 100vw, 446px\" \/><\/p>\n<p>Combo de dos productos.<\/p>\n<p><strong>Producto 1<\/strong>: Col\u00e1geno bebible de Gentech saborizado. Sabor BlueBerry.<br \/>\n<strong>Producto 2<\/strong>: Quemador de grasas Tx3 Black Cuts de Gentech. Ideal para aumentar la energ\u00eda. Quema grasas en hombres y mujeres.<\/p>\n<p>Ambos productos pueden ser consumidos por personas que no toleran el gluten. Son completamente sin Tacc.<br \/>\nIdeal para todos los deportes.<\/p>\n<p><strong>Beneficios principales<\/strong>:<br \/>\nMejora el peso corporal.<br \/>\nIdeal para pelo, u\u00f1as, articulaciones y piel.<br \/>\nTono muscular y menos flacidez.<br \/>\nIdeal para papada, gluteos y panza.<\/p>\n<figure id=\"attachment_6465\" aria-describedby=\"caption-attachment-6465\" style=\"width: 1080px\" class=\"wp-caption alignnone\"><img fetchpriority=\"high\" decoding=\"async\" class=\"size-full wp-image-6465\" src=\"https:\/\/www.demusculos.com\/web\/wp-content\/uploads\/2024\/02\/tx3-black-cuts-banner-05-quemador.jpg\" alt=\"Tx3 Black Cuts x60 de Gentech\" width=\"1080\" height=\"1080\" srcset=\"https:\/\/www.demusculos.com\/web\/wp-content\/uploads\/2024\/02\/tx3-black-cuts-banner-05-quemador.jpg 1080w, https:\/\/www.demusculos.com\/web\/wp-content\/uploads\/2024\/02\/tx3-black-cuts-banner-05-quemador-300x300.jpg 300w, https:\/\/www.demusculos.com\/web\/wp-content\/uploads\/2024\/02\/tx3-black-cuts-banner-05-quemador-150x150.jpg 150w, https:\/\/www.demusculos.com\/web\/wp-content\/uploads\/2024\/02\/tx3-black-cuts-banner-05-quemador-800x800.jpg 800w, https:\/\/www.demusculos.com\/web\/wp-content\/uploads\/2024\/02\/tx3-black-cuts-banner-05-quemador-1024x1024.jpg 1024w, https:\/\/www.demusculos.com\/web\/wp-content\/uploads\/2024\/02\/tx3-black-cuts-banner-05-quemador-768x768.jpg 768w\" sizes=\"(max-width: 1080px) 100vw, 1080px\" \/><figcaption id=\"caption-attachment-6465\" class=\"wp-caption-text\">Datos destacados<\/figcaption><\/figure>\n<figure id=\"attachment_6463\" aria-describedby=\"caption-attachment-6463\" style=\"width: 1080px\" class=\"wp-caption alignnone\"><img decoding=\"async\" class=\"size-full wp-image-6463\" src=\"https:\/\/www.demusculos.com\/web\/wp-content\/uploads\/2024\/02\/tx3-black-cuts-banner-04-quemador.jpg\" alt=\"Tx3 Black Cuts x60 de Gentech\" width=\"1080\" height=\"1080\" srcset=\"https:\/\/www.demusculos.com\/web\/wp-content\/uploads\/2024\/02\/tx3-black-cuts-banner-04-quemador.jpg 1080w, https:\/\/www.demusculos.com\/web\/wp-content\/uploads\/2024\/02\/tx3-black-cuts-banner-04-quemador-300x300.jpg 300w, https:\/\/www.demusculos.com\/web\/wp-content\/uploads\/2024\/02\/tx3-black-cuts-banner-04-quemador-150x150.jpg 150w, https:\/\/www.demusculos.com\/web\/wp-content\/uploads\/2024\/02\/tx3-black-cuts-banner-04-quemador-800x800.jpg 800w\" sizes=\"(max-width: 1080px) 100vw, 1080px\" \/><figcaption id=\"caption-attachment-6463\" class=\"wp-caption-text\">Fat Burner de Gentech<\/figcaption><\/figure>\n<figure id=\"attachment_6461\" aria-describedby=\"caption-attachment-6461\" style=\"width: 1080px\" class=\"wp-caption alignnone\"><img loading=\"lazy\" decoding=\"async\" class=\"size-full wp-image-6461\" src=\"https:\/\/www.demusculos.com\/web\/wp-content\/uploads\/2024\/02\/tx3-black-cuts-banner-03-quemador.jpg\" alt=\"Tx3 Black Cuts x60 de Gentech\" width=\"1080\" height=\"1080\" srcset=\"https:\/\/www.demusculos.com\/web\/wp-content\/uploads\/2024\/02\/tx3-black-cuts-banner-03-quemador.jpg 1080w, https:\/\/www.demusculos.com\/web\/wp-content\/uploads\/2024\/02\/tx3-black-cuts-banner-03-quemador-300x300.jpg 300w, https:\/\/www.demusculos.com\/web\/wp-content\/uploads\/2024\/02\/tx3-black-cuts-banner-03-quemador-150x150.jpg 150w, https:\/\/www.demusculos.com\/web\/wp-content\/uploads\/2024\/02\/tx3-black-cuts-banner-03-quemador-800x800.jpg 800w, https:\/\/www.demusculos.com\/web\/wp-content\/uploads\/2024\/02\/tx3-black-cuts-banner-03-quemador-1024x1024.jpg 1024w, https:\/\/www.demusculos.com\/web\/wp-content\/uploads\/2024\/02\/tx3-black-cuts-banner-03-quemador-768x768.jpg 768w\" sizes=\"(max-width: 1080px) 100vw, 1080px\" \/><figcaption id=\"caption-attachment-6461\" class=\"wp-caption-text\">Quemador de grasas<\/figcaption><\/figure>\n<figure id=\"attachment_6460\" aria-describedby=\"caption-attachment-6460\" style=\"width: 1080px\" class=\"wp-caption alignnone\"><img loading=\"lazy\" decoding=\"async\" class=\"size-full wp-image-6460\" src=\"https:\/\/www.demusculos.com\/web\/wp-content\/uploads\/2024\/02\/tx3-black-cuts-banner-02-quemador.jpg\" alt=\"Tx3 Black Cuts x60 de Gentech\" width=\"1080\" height=\"1080\" srcset=\"https:\/\/www.demusculos.com\/web\/wp-content\/uploads\/2024\/02\/tx3-black-cuts-banner-02-quemador.jpg 1080w, https:\/\/www.demusculos.com\/web\/wp-content\/uploads\/2024\/02\/tx3-black-cuts-banner-02-quemador-300x300.jpg 300w, https:\/\/www.demusculos.com\/web\/wp-content\/uploads\/2024\/02\/tx3-black-cuts-banner-02-quemador-150x150.jpg 150w, https:\/\/www.demusculos.com\/web\/wp-content\/uploads\/2024\/02\/tx3-black-cuts-banner-02-quemador-800x800.jpg 800w, https:\/\/www.demusculos.com\/web\/wp-content\/uploads\/2024\/02\/tx3-black-cuts-banner-02-quemador-1024x1024.jpg 1024w, https:\/\/www.demusculos.com\/web\/wp-content\/uploads\/2024\/02\/tx3-black-cuts-banner-02-quemador-768x768.jpg 768w\" sizes=\"(max-width: 1080px) 100vw, 1080px\" \/><figcaption id=\"caption-attachment-6460\" class=\"wp-caption-text\">Quemador TX3<\/figcaption><\/figure>\n","protected":false},"excerpt":{"rendered":"<p>Ideal para u\u00f1as, pelo, piel y articulaciones. Ideal para bajar de peso y mejorar el tono muscular.<\/p>\n","protected":false},"featured_media":13955,"comment_status":"open","ping_status":"closed","template":"","meta":[],"product_brand":[222],"product_cat":[72],"product_tag":[],"class_list":{"0":"post-13954","1":"product","2":"type-product","3":"status-publish","4":"has-post-thumbnail","6":"product_brand-gentech","7":"product_cat-combos-descenso-de-peso","9":"first","10":"instock","11":"sale","12":"shipping-taxable","13":"purchasable","14":"product-type-simple"},"yoast_head":"<!-- This site is optimized with the Yoast SEO plugin v27.5 - https:\/\/yoast.com\/product\/yoast-seo-wordpress\/ -->\n<title>Col\u00e1geno Bebible Gentech 360 grs + Quemador Tx3 Black Cuts | DeMusculos<\/title>\n<meta name=\"description\" content=\"Combo ideal para bajar de peso, mejorar las articulaciones, tambi\u00e9n es excelente para piel, u\u00f1as y pelo. Menos grasas y m\u00e1s firmeza en gluteos y panza.\" \/>\n<meta name=\"robots\" content=\"index, follow, max-snippet:-1, max-image-preview:large, max-video-preview:-1\" \/>\n<link rel=\"canonical\" href=\"https:\/\/www.demusculos.com\/web\/producto\/colageno-gentech-quemador-tx3-black-cuts\/\" \/>\n<meta property=\"og:locale\" content=\"es_ES\" \/>\n<meta property=\"og:type\" content=\"article\" \/>\n<meta property=\"og:title\" content=\"Col\u00e1geno Bebible Gentech 360 grs + Quemador Tx3 Black Cuts | DeMusculos\" \/>\n<meta property=\"og:description\" content=\"Combo ideal para bajar de peso, mejorar las articulaciones, tambi\u00e9n es excelente para piel, u\u00f1as y pelo. Menos grasas y m\u00e1s firmeza en gluteos y panza.\" \/>\n<meta property=\"og:url\" content=\"https:\/\/www.demusculos.com\/web\/producto\/colageno-gentech-quemador-tx3-black-cuts\/\" \/>\n<meta property=\"og:site_name\" content=\"DeMusculos\" \/>\n<meta property=\"article:publisher\" content=\"https:\/\/www.facebook.com\/demusculos\" \/>\n<meta property=\"article:modified_time\" content=\"2026-03-14T15:27:46+00:00\" \/>\n<meta property=\"og:image\" content=\"https:\/\/www.demusculos.com\/web\/wp-content\/uploads\/2025\/08\/colageno-gentech-tx3-black-cuts.webp\" \/>\n\t<meta property=\"og:image:width\" content=\"1200\" \/>\n\t<meta property=\"og:image:height\" content=\"1200\" \/>\n\t<meta property=\"og:image:type\" content=\"image\/webp\" \/>\n<meta name=\"twitter:card\" content=\"summary_large_image\" \/>\n<meta name=\"twitter:site\" content=\"@demusculos\" \/>\n<meta name=\"twitter:label1\" content=\"Tiempo de lectura\" \/>\n\t<meta name=\"twitter:data1\" content=\"2 minutos\" \/>\n<script type=\"application\/ld+json\" class=\"yoast-schema-graph\">{\"@context\":\"https:\\\/\\\/schema.org\",\"@graph\":[{\"@type\":\"WebPage\",\"@id\":\"https:\\\/\\\/www.demusculos.com\\\/web\\\/producto\\\/colageno-gentech-quemador-tx3-black-cuts\\\/\",\"url\":\"https:\\\/\\\/www.demusculos.com\\\/web\\\/producto\\\/colageno-gentech-quemador-tx3-black-cuts\\\/\",\"name\":\"Col\u00e1geno Bebible Gentech 360 grs + Quemador Tx3 Black Cuts | DeMusculos\",\"isPartOf\":{\"@id\":\"https:\\\/\\\/www.demusculos.com\\\/web\\\/#website\"},\"primaryImageOfPage\":{\"@id\":\"https:\\\/\\\/www.demusculos.com\\\/web\\\/producto\\\/colageno-gentech-quemador-tx3-black-cuts\\\/#primaryimage\"},\"image\":{\"@id\":\"https:\\\/\\\/www.demusculos.com\\\/web\\\/producto\\\/colageno-gentech-quemador-tx3-black-cuts\\\/#primaryimage\"},\"thumbnailUrl\":\"https:\\\/\\\/www.demusculos.com\\\/web\\\/wp-content\\\/uploads\\\/2025\\\/08\\\/colageno-gentech-tx3-black-cuts.webp\",\"datePublished\":\"2025-08-09T15:19:04+00:00\",\"dateModified\":\"2026-03-14T15:27:46+00:00\",\"description\":\"Combo ideal para bajar de peso, mejorar las articulaciones, tambi\u00e9n es excelente para piel, u\u00f1as y pelo. Menos grasas y m\u00e1s firmeza en gluteos y panza.\",\"breadcrumb\":{\"@id\":\"https:\\\/\\\/www.demusculos.com\\\/web\\\/producto\\\/colageno-gentech-quemador-tx3-black-cuts\\\/#breadcrumb\"},\"inLanguage\":\"es\",\"potentialAction\":[{\"@type\":\"ReadAction\",\"target\":[\"https:\\\/\\\/www.demusculos.com\\\/web\\\/producto\\\/colageno-gentech-quemador-tx3-black-cuts\\\/\"]}]},{\"@type\":\"ImageObject\",\"inLanguage\":\"es\",\"@id\":\"https:\\\/\\\/www.demusculos.com\\\/web\\\/producto\\\/colageno-gentech-quemador-tx3-black-cuts\\\/#primaryimage\",\"url\":\"https:\\\/\\\/www.demusculos.com\\\/web\\\/wp-content\\\/uploads\\\/2025\\\/08\\\/colageno-gentech-tx3-black-cuts.webp\",\"contentUrl\":\"https:\\\/\\\/www.demusculos.com\\\/web\\\/wp-content\\\/uploads\\\/2025\\\/08\\\/colageno-gentech-tx3-black-cuts.webp\",\"width\":1200,\"height\":1200,\"caption\":\"Collagen de Gentech + Tx3 Black Cuts\"},{\"@type\":\"BreadcrumbList\",\"@id\":\"https:\\\/\\\/www.demusculos.com\\\/web\\\/producto\\\/colageno-gentech-quemador-tx3-black-cuts\\\/#breadcrumb\",\"itemListElement\":[{\"@type\":\"ListItem\",\"position\":1,\"name\":\"Inicio\",\"item\":\"https:\\\/\\\/www.demusculos.com\\\/web\\\/\"},{\"@type\":\"ListItem\",\"position\":2,\"name\":\"Suplementos\",\"item\":\"https:\\\/\\\/www.demusculos.com\\\/web\\\/tienda\\\/\"},{\"@type\":\"ListItem\",\"position\":3,\"name\":\"Col\u00e1geno Bebible Gentech 360 grs + Quemador Tx3 Black Cuts\"}]},{\"@type\":\"WebSite\",\"@id\":\"https:\\\/\\\/www.demusculos.com\\\/web\\\/#website\",\"url\":\"https:\\\/\\\/www.demusculos.com\\\/web\\\/\",\"name\":\"DeMusculos.com\",\"description\":\"Suplementos Naturales\",\"publisher\":{\"@id\":\"https:\\\/\\\/www.demusculos.com\\\/web\\\/#organization\"},\"alternateName\":\"Suplementos Naturales\",\"potentialAction\":[{\"@type\":\"SearchAction\",\"target\":{\"@type\":\"EntryPoint\",\"urlTemplate\":\"https:\\\/\\\/www.demusculos.com\\\/web\\\/?s={search_term_string}\"},\"query-input\":{\"@type\":\"PropertyValueSpecification\",\"valueRequired\":true,\"valueName\":\"search_term_string\"}}],\"inLanguage\":\"es\"},{\"@type\":\"Organization\",\"@id\":\"https:\\\/\\\/www.demusculos.com\\\/web\\\/#organization\",\"name\":\"DeMusculos.com\",\"alternateName\":\"DeMusculos\",\"url\":\"https:\\\/\\\/www.demusculos.com\\\/web\\\/\",\"logo\":{\"@type\":\"ImageObject\",\"inLanguage\":\"es\",\"@id\":\"https:\\\/\\\/www.demusculos.com\\\/web\\\/#\\\/schema\\\/logo\\\/image\\\/\",\"url\":\"https:\\\/\\\/www.demusculos.com\\\/web\\\/wp-content\\\/uploads\\\/2024\\\/02\\\/logo-demusculos-prestashop-usuario.png\",\"contentUrl\":\"https:\\\/\\\/www.demusculos.com\\\/web\\\/wp-content\\\/uploads\\\/2024\\\/02\\\/logo-demusculos-prestashop-usuario.png\",\"width\":150,\"height\":150,\"caption\":\"DeMusculos.com\"},\"image\":{\"@id\":\"https:\\\/\\\/www.demusculos.com\\\/web\\\/#\\\/schema\\\/logo\\\/image\\\/\"},\"sameAs\":[\"https:\\\/\\\/www.facebook.com\\\/demusculos\",\"https:\\\/\\\/x.com\\\/demusculos\",\"https:\\\/\\\/www.instagram.com\\\/demusculos\",\"https:\\\/\\\/www.tiktok.com\\\/@demusculos.com\"]}]}<\/script>\n<!-- \/ Yoast SEO plugin. -->","yoast_head_json":{"title":"Col\u00e1geno Bebible Gentech 360 grs + Quemador Tx3 Black Cuts | DeMusculos","description":"Combo ideal para bajar de peso, mejorar las articulaciones, tambi\u00e9n es excelente para piel, u\u00f1as y pelo. Menos grasas y m\u00e1s firmeza en gluteos y panza.","robots":{"index":"index","follow":"follow","max-snippet":"max-snippet:-1","max-image-preview":"max-image-preview:large","max-video-preview":"max-video-preview:-1"},"canonical":"https:\/\/www.demusculos.com\/web\/producto\/colageno-gentech-quemador-tx3-black-cuts\/","og_locale":"es_ES","og_type":"article","og_title":"Col\u00e1geno Bebible Gentech 360 grs + Quemador Tx3 Black Cuts | DeMusculos","og_description":"Combo ideal para bajar de peso, mejorar las articulaciones, tambi\u00e9n es excelente para piel, u\u00f1as y pelo. Menos grasas y m\u00e1s firmeza en gluteos y panza.","og_url":"https:\/\/www.demusculos.com\/web\/producto\/colageno-gentech-quemador-tx3-black-cuts\/","og_site_name":"DeMusculos","article_publisher":"https:\/\/www.facebook.com\/demusculos","article_modified_time":"2026-03-14T15:27:46+00:00","og_image":[{"width":1200,"height":1200,"url":"https:\/\/www.demusculos.com\/web\/wp-content\/uploads\/2025\/08\/colageno-gentech-tx3-black-cuts.webp","type":"image\/webp"}],"twitter_card":"summary_large_image","twitter_site":"@demusculos","twitter_misc":{"Tiempo de lectura":"2 minutos"},"schema":{"@context":"https:\/\/schema.org","@graph":[{"@type":"WebPage","@id":"https:\/\/www.demusculos.com\/web\/producto\/colageno-gentech-quemador-tx3-black-cuts\/","url":"https:\/\/www.demusculos.com\/web\/producto\/colageno-gentech-quemador-tx3-black-cuts\/","name":"Col\u00e1geno Bebible Gentech 360 grs + Quemador Tx3 Black Cuts | DeMusculos","isPartOf":{"@id":"https:\/\/www.demusculos.com\/web\/#website"},"primaryImageOfPage":{"@id":"https:\/\/www.demusculos.com\/web\/producto\/colageno-gentech-quemador-tx3-black-cuts\/#primaryimage"},"image":{"@id":"https:\/\/www.demusculos.com\/web\/producto\/colageno-gentech-quemador-tx3-black-cuts\/#primaryimage"},"thumbnailUrl":"https:\/\/www.demusculos.com\/web\/wp-content\/uploads\/2025\/08\/colageno-gentech-tx3-black-cuts.webp","datePublished":"2025-08-09T15:19:04+00:00","dateModified":"2026-03-14T15:27:46+00:00","description":"Combo ideal para bajar de peso, mejorar las articulaciones, tambi\u00e9n es excelente para piel, u\u00f1as y pelo. Menos grasas y m\u00e1s firmeza en gluteos y panza.","breadcrumb":{"@id":"https:\/\/www.demusculos.com\/web\/producto\/colageno-gentech-quemador-tx3-black-cuts\/#breadcrumb"},"inLanguage":"es","potentialAction":[{"@type":"ReadAction","target":["https:\/\/www.demusculos.com\/web\/producto\/colageno-gentech-quemador-tx3-black-cuts\/"]}]},{"@type":"ImageObject","inLanguage":"es","@id":"https:\/\/www.demusculos.com\/web\/producto\/colageno-gentech-quemador-tx3-black-cuts\/#primaryimage","url":"https:\/\/www.demusculos.com\/web\/wp-content\/uploads\/2025\/08\/colageno-gentech-tx3-black-cuts.webp","contentUrl":"https:\/\/www.demusculos.com\/web\/wp-content\/uploads\/2025\/08\/colageno-gentech-tx3-black-cuts.webp","width":1200,"height":1200,"caption":"Collagen de Gentech + Tx3 Black Cuts"},{"@type":"BreadcrumbList","@id":"https:\/\/www.demusculos.com\/web\/producto\/colageno-gentech-quemador-tx3-black-cuts\/#breadcrumb","itemListElement":[{"@type":"ListItem","position":1,"name":"Inicio","item":"https:\/\/www.demusculos.com\/web\/"},{"@type":"ListItem","position":2,"name":"Suplementos","item":"https:\/\/www.demusculos.com\/web\/tienda\/"},{"@type":"ListItem","position":3,"name":"Col\u00e1geno Bebible Gentech 360 grs + Quemador Tx3 Black Cuts"}]},{"@type":"WebSite","@id":"https:\/\/www.demusculos.com\/web\/#website","url":"https:\/\/www.demusculos.com\/web\/","name":"DeMusculos.com","description":"Suplementos Naturales","publisher":{"@id":"https:\/\/www.demusculos.com\/web\/#organization"},"alternateName":"Suplementos Naturales","potentialAction":[{"@type":"SearchAction","target":{"@type":"EntryPoint","urlTemplate":"https:\/\/www.demusculos.com\/web\/?s={search_term_string}"},"query-input":{"@type":"PropertyValueSpecification","valueRequired":true,"valueName":"search_term_string"}}],"inLanguage":"es"},{"@type":"Organization","@id":"https:\/\/www.demusculos.com\/web\/#organization","name":"DeMusculos.com","alternateName":"DeMusculos","url":"https:\/\/www.demusculos.com\/web\/","logo":{"@type":"ImageObject","inLanguage":"es","@id":"https:\/\/www.demusculos.com\/web\/#\/schema\/logo\/image\/","url":"https:\/\/www.demusculos.com\/web\/wp-content\/uploads\/2024\/02\/logo-demusculos-prestashop-usuario.png","contentUrl":"https:\/\/www.demusculos.com\/web\/wp-content\/uploads\/2024\/02\/logo-demusculos-prestashop-usuario.png","width":150,"height":150,"caption":"DeMusculos.com"},"image":{"@id":"https:\/\/www.demusculos.com\/web\/#\/schema\/logo\/image\/"},"sameAs":["https:\/\/www.facebook.com\/demusculos","https:\/\/x.com\/demusculos","https:\/\/www.instagram.com\/demusculos","https:\/\/www.tiktok.com\/@demusculos.com"]}]}},"_links":{"self":[{"href":"https:\/\/www.demusculos.com\/web\/wp-json\/wp\/v2\/product\/13954","targetHints":{"allow":["GET"]}}],"collection":[{"href":"https:\/\/www.demusculos.com\/web\/wp-json\/wp\/v2\/product"}],"about":[{"href":"https:\/\/www.demusculos.com\/web\/wp-json\/wp\/v2\/types\/product"}],"replies":[{"embeddable":true,"href":"https:\/\/www.demusculos.com\/web\/wp-json\/wp\/v2\/comments?post=13954"}],"wp:featuredmedia":[{"embeddable":true,"href":"https:\/\/www.demusculos.com\/web\/wp-json\/wp\/v2\/media\/13955"}],"wp:attachment":[{"href":"https:\/\/www.demusculos.com\/web\/wp-json\/wp\/v2\/media?parent=13954"}],"wp:term":[{"taxonomy":"product_brand","embeddable":true,"href":"https:\/\/www.demusculos.com\/web\/wp-json\/wp\/v2\/product_brand?post=13954"},{"taxonomy":"product_cat","embeddable":true,"href":"https:\/\/www.demusculos.com\/web\/wp-json\/wp\/v2\/product_cat?post=13954"},{"taxonomy":"product_tag","embeddable":true,"href":"https:\/\/www.demusculos.com\/web\/wp-json\/wp\/v2\/product_tag?post=13954"}],"curies":[{"name":"wp","href":"https:\/\/api.w.org\/{rel}","templated":true}]}}