{"id":1407,"date":"2024-03-03T19:42:20","date_gmt":"2024-03-03T22:42:20","guid":{"rendered":"https:\/\/www.demusculos.com\/web\/?post_type=product&#038;p=1407"},"modified":"2026-03-04T13:20:14","modified_gmt":"2026-03-04T16:20:14","slug":"creatina-cell-x300-grs-hoch-sport","status":"publish","type":"product","link":"https:\/\/www.demusculos.com\/web\/producto\/creatina-cell-x300-grs-hoch-sport\/","title":{"rendered":"Creatina Cell x300 grs Hoch Sport"},"content":{"rendered":"<p>Creatine Cell<\/p>\n<p>Creatine Cell esta potenciada con Glutamina (para mejorar la recuperaci\u00f3n muscular) Beta Alanina (para prevenir la fatiga) y Taurina (ideal para aumentar la energ\u00eda)<\/p>\n<figure id=\"attachment_299\" aria-describedby=\"caption-attachment-299\" style=\"width: 446px\" class=\"wp-caption alignnone\"><img decoding=\"async\" class=\"wp-image-299 size-full\" title=\"Suplementos Naturales Hoch Sport\" src=\"https:\/\/www.demusculos.com\/web\/wp-content\/uploads\/2024\/02\/logo-hoch-sport.png\" alt=\"Fabricado por Hoch Sport en Argentina. Empresa que desarrolla los suplementos naturales m\u00e1s vers\u00e1tiles del mercado.\" width=\"446\" height=\"103\" srcset=\"https:\/\/www.demusculos.com\/web\/wp-content\/uploads\/2024\/02\/logo-hoch-sport.png 446w, https:\/\/www.demusculos.com\/web\/wp-content\/uploads\/2024\/02\/logo-hoch-sport-300x69.png 300w, https:\/\/www.demusculos.com\/web\/wp-content\/uploads\/2024\/02\/logo-hoch-sport-150x35.png 150w, https:\/\/www.demusculos.com\/web\/wp-content\/uploads\/2024\/02\/logo-hoch-sport-416x96.png 416w\" sizes=\"(max-width: 446px) 100vw, 446px\" \/><figcaption id=\"caption-attachment-299\" class=\"wp-caption-text\">Fabricado por Hoch Sport en Argentina. Empresa que desarrolla los suplementos naturales m\u00e1s vers\u00e1tiles del mercado.<\/figcaption><\/figure>\n<figure id=\"attachment_6747\" aria-describedby=\"caption-attachment-6747\" style=\"width: 1080px\" class=\"wp-caption alignnone\"><img fetchpriority=\"high\" decoding=\"async\" class=\"wp-image-6747 size-full\" title=\"Creatine Cell de Hoch Sport\" src=\"https:\/\/www.demusculos.com\/web\/wp-content\/uploads\/2024\/03\/creatina-cell-hoch-sport-1.jpg\" alt=\"Creatine Cell 300 grs de Hoch Sport\" width=\"1080\" height=\"1080\" srcset=\"https:\/\/www.demusculos.com\/web\/wp-content\/uploads\/2024\/03\/creatina-cell-hoch-sport-1.jpg 1080w, https:\/\/www.demusculos.com\/web\/wp-content\/uploads\/2024\/03\/creatina-cell-hoch-sport-1-300x300.jpg 300w, https:\/\/www.demusculos.com\/web\/wp-content\/uploads\/2024\/03\/creatina-cell-hoch-sport-1-150x150.jpg 150w, https:\/\/www.demusculos.com\/web\/wp-content\/uploads\/2024\/03\/creatina-cell-hoch-sport-1-800x800.jpg 800w, https:\/\/www.demusculos.com\/web\/wp-content\/uploads\/2024\/03\/creatina-cell-hoch-sport-1-1024x1024.jpg 1024w, https:\/\/www.demusculos.com\/web\/wp-content\/uploads\/2024\/03\/creatina-cell-hoch-sport-1-768x768.jpg 768w\" sizes=\"(max-width: 1080px) 100vw, 1080px\" \/><figcaption id=\"caption-attachment-6747\" class=\"wp-caption-text\">Presentaci\u00f3n<\/figcaption><\/figure>\n<h2><strong>Creatine Cell 300 grs: Energ\u00eda, Recuperaci\u00f3n y M\u00e1s<\/strong><\/h2>\n<h3><strong>Sabor Frutos Rojos<\/strong><\/h3>\n<p>La\u00a0<strong>Creatina Cell<\/strong>\u00a0de\u00a0<strong>Hoch Sport<\/strong>\u00a0es mucho m\u00e1s que una creatina convencional. Dise\u00f1ada para llevar tus entrenamientos al siguiente nivel, esta f\u00f3rmula \u00fanica combina creatina monohidrato con otros ingredientes clave para potenciar tus resultados.<\/p>\n<h4><strong>Beneficios Destacados:<\/strong><\/h4>\n<ol>\n<li><strong>Beta Alanina<\/strong>: La creatina potenciada con beta alanina ayuda a prevenir la fatiga muscular, permiti\u00e9ndote entrenar m\u00e1s intensamente y durante m\u00e1s tiempo.<\/li>\n<li><a href=\"https:\/\/www.demusculos.com\/contenidos\/taurina\/\"><strong>Taurina<\/strong><\/a>: La taurina mejora la energ\u00eda y la resistencia, proporcion\u00e1ndote ese impulso adicional para alcanzar tus metas.<\/li>\n<li><strong>Amino\u00e1cidos para Recuperaci\u00f3n R\u00e1pida<\/strong>: Los amino\u00e1cidos en esta f\u00f3rmula ayudan a recuperar las fibras musculares de manera m\u00e1s eficiente, reduciendo el tiempo de recuperaci\u00f3n entre sesiones de entrenamiento.<\/li>\n<\/ol>\n<figure id=\"attachment_6748\" aria-describedby=\"caption-attachment-6748\" style=\"width: 1080px\" class=\"wp-caption alignnone\"><img decoding=\"async\" class=\"wp-image-6748 size-full\" title=\"Beneficios\" src=\"https:\/\/www.demusculos.com\/web\/wp-content\/uploads\/2024\/03\/creatina-cell-hoch-sport-2.jpg\" alt=\"Creatine Cell 300 grs de Hoch Sport\" width=\"1080\" height=\"1080\" srcset=\"https:\/\/www.demusculos.com\/web\/wp-content\/uploads\/2024\/03\/creatina-cell-hoch-sport-2.jpg 1080w, https:\/\/www.demusculos.com\/web\/wp-content\/uploads\/2024\/03\/creatina-cell-hoch-sport-2-300x300.jpg 300w, https:\/\/www.demusculos.com\/web\/wp-content\/uploads\/2024\/03\/creatina-cell-hoch-sport-2-150x150.jpg 150w, https:\/\/www.demusculos.com\/web\/wp-content\/uploads\/2024\/03\/creatina-cell-hoch-sport-2-800x800.jpg 800w, https:\/\/www.demusculos.com\/web\/wp-content\/uploads\/2024\/03\/creatina-cell-hoch-sport-2-1024x1024.jpg 1024w, https:\/\/www.demusculos.com\/web\/wp-content\/uploads\/2024\/03\/creatina-cell-hoch-sport-2-768x768.jpg 768w\" sizes=\"(max-width: 1080px) 100vw, 1080px\" \/><figcaption id=\"caption-attachment-6748\" class=\"wp-caption-text\">Beneficios<\/figcaption><\/figure>\n<h4><strong>\u00bfPor qu\u00e9 elegir Creatine Cell?<\/strong><\/h4>\n<ul>\n<li><strong>Un escal\u00f3n m\u00e1s arriba<\/strong>: No te conformes con creatinas b\u00e1sicas. Creatina Cell est\u00e1 dise\u00f1ada para aquellos que buscan resultados excepcionales.<\/li>\n<li><strong>30 tomas de 10 gramos cada una<\/strong>: Cada envase de 300 gramos te proporciona 30 porciones de 10 gramos, lo que garantiza un suministro duradero.<\/li>\n<li><strong>Para todos<\/strong>: Tanto hombres como mujeres pueden beneficiarse de Creatina Cell. Ideal para cualquier tipo de deporte y nivel de entrenamiento.<\/li>\n<li><strong>Masa muscular, rendimiento y tono muscular<\/strong>: Esta f\u00f3rmula integral no solo mejora la fuerza y el rendimiento, sino tambi\u00e9n la definici\u00f3n muscular.<\/li>\n<\/ul>\n<figure id=\"attachment_6749\" aria-describedby=\"caption-attachment-6749\" style=\"width: 1080px\" class=\"wp-caption alignnone\"><img loading=\"lazy\" decoding=\"async\" class=\"wp-image-6749 size-full\" title=\"Informaci\u00f3n \u00fatil sobre Creatine Cell\" src=\"https:\/\/www.demusculos.com\/web\/wp-content\/uploads\/2024\/03\/creatina-cell-hoch-sport-3.jpg\" alt=\"Creatine Cell 300 grs de Hoch Sport\" width=\"1080\" height=\"1080\" srcset=\"https:\/\/www.demusculos.com\/web\/wp-content\/uploads\/2024\/03\/creatina-cell-hoch-sport-3.jpg 1080w, https:\/\/www.demusculos.com\/web\/wp-content\/uploads\/2024\/03\/creatina-cell-hoch-sport-3-300x300.jpg 300w, https:\/\/www.demusculos.com\/web\/wp-content\/uploads\/2024\/03\/creatina-cell-hoch-sport-3-150x150.jpg 150w, https:\/\/www.demusculos.com\/web\/wp-content\/uploads\/2024\/03\/creatina-cell-hoch-sport-3-800x800.jpg 800w, https:\/\/www.demusculos.com\/web\/wp-content\/uploads\/2024\/03\/creatina-cell-hoch-sport-3-1024x1024.jpg 1024w, https:\/\/www.demusculos.com\/web\/wp-content\/uploads\/2024\/03\/creatina-cell-hoch-sport-3-768x768.jpg 768w\" sizes=\"(max-width: 1080px) 100vw, 1080px\" \/><figcaption id=\"caption-attachment-6749\" class=\"wp-caption-text\">Inoformaci\u00f3n \u00fatil sobre la creatina<\/figcaption><\/figure>\n<figure id=\"attachment_6750\" aria-describedby=\"caption-attachment-6750\" style=\"width: 1080px\" class=\"wp-caption alignnone\"><img loading=\"lazy\" decoding=\"async\" class=\"wp-image-6750 size-full\" title=\"Otros ingredientes\" src=\"https:\/\/www.demusculos.com\/web\/wp-content\/uploads\/2024\/03\/creatina-cell-hoch-sport-4.jpg\" alt=\"Creatine Cell 300 grs de Hoch Sport\" width=\"1080\" height=\"1080\" srcset=\"https:\/\/www.demusculos.com\/web\/wp-content\/uploads\/2024\/03\/creatina-cell-hoch-sport-4.jpg 1080w, https:\/\/www.demusculos.com\/web\/wp-content\/uploads\/2024\/03\/creatina-cell-hoch-sport-4-300x300.jpg 300w, https:\/\/www.demusculos.com\/web\/wp-content\/uploads\/2024\/03\/creatina-cell-hoch-sport-4-150x150.jpg 150w, https:\/\/www.demusculos.com\/web\/wp-content\/uploads\/2024\/03\/creatina-cell-hoch-sport-4-800x800.jpg 800w, https:\/\/www.demusculos.com\/web\/wp-content\/uploads\/2024\/03\/creatina-cell-hoch-sport-4-1024x1024.jpg 1024w, https:\/\/www.demusculos.com\/web\/wp-content\/uploads\/2024\/03\/creatina-cell-hoch-sport-4-768x768.jpg 768w\" sizes=\"(max-width: 1080px) 100vw, 1080px\" \/><figcaption id=\"caption-attachment-6750\" class=\"wp-caption-text\">Potenciada con Beta Alanina, Taurina y Beta Alanina<\/figcaption><\/figure>\n<figure id=\"attachment_6751\" aria-describedby=\"caption-attachment-6751\" style=\"width: 1080px\" class=\"wp-caption alignnone\"><img loading=\"lazy\" decoding=\"async\" class=\"wp-image-6751 size-full\" title=\"Sabor\" src=\"https:\/\/www.demusculos.com\/web\/wp-content\/uploads\/2024\/03\/creatina-cell-hoch-sport-5.jpg\" alt=\"Creatine Cell 300 grs de Hoch Sport\" width=\"1080\" height=\"1080\" srcset=\"https:\/\/www.demusculos.com\/web\/wp-content\/uploads\/2024\/03\/creatina-cell-hoch-sport-5.jpg 1080w, https:\/\/www.demusculos.com\/web\/wp-content\/uploads\/2024\/03\/creatina-cell-hoch-sport-5-300x300.jpg 300w, https:\/\/www.demusculos.com\/web\/wp-content\/uploads\/2024\/03\/creatina-cell-hoch-sport-5-150x150.jpg 150w, https:\/\/www.demusculos.com\/web\/wp-content\/uploads\/2024\/03\/creatina-cell-hoch-sport-5-800x800.jpg 800w, https:\/\/www.demusculos.com\/web\/wp-content\/uploads\/2024\/03\/creatina-cell-hoch-sport-5-1024x1024.jpg 1024w, https:\/\/www.demusculos.com\/web\/wp-content\/uploads\/2024\/03\/creatina-cell-hoch-sport-5-768x768.jpg 768w\" sizes=\"(max-width: 1080px) 100vw, 1080px\" \/><figcaption id=\"caption-attachment-6751\" class=\"wp-caption-text\">Sabores<\/figcaption><\/figure>\n<figure id=\"attachment_6752\" aria-describedby=\"caption-attachment-6752\" style=\"width: 1080px\" class=\"wp-caption alignnone\"><img loading=\"lazy\" decoding=\"async\" class=\"wp-image-6752 size-full\" title=\"Informaci\u00f3n Nutricional\" src=\"https:\/\/www.demusculos.com\/web\/wp-content\/uploads\/2024\/03\/creatina-cell-hoch-sport-6.jpg\" alt=\"Creatine Cell 300 grs de Hoch Sport\" width=\"1080\" height=\"1080\" srcset=\"https:\/\/www.demusculos.com\/web\/wp-content\/uploads\/2024\/03\/creatina-cell-hoch-sport-6.jpg 1080w, https:\/\/www.demusculos.com\/web\/wp-content\/uploads\/2024\/03\/creatina-cell-hoch-sport-6-300x300.jpg 300w, https:\/\/www.demusculos.com\/web\/wp-content\/uploads\/2024\/03\/creatina-cell-hoch-sport-6-150x150.jpg 150w, https:\/\/www.demusculos.com\/web\/wp-content\/uploads\/2024\/03\/creatina-cell-hoch-sport-6-800x800.jpg 800w, https:\/\/www.demusculos.com\/web\/wp-content\/uploads\/2024\/03\/creatina-cell-hoch-sport-6-1024x1024.jpg 1024w, https:\/\/www.demusculos.com\/web\/wp-content\/uploads\/2024\/03\/creatina-cell-hoch-sport-6-768x768.jpg 768w\" sizes=\"(max-width: 1080px) 100vw, 1080px\" \/><figcaption id=\"caption-attachment-6752\" class=\"wp-caption-text\">Informaci\u00f3n nutricional<\/figcaption><\/figure>\n","protected":false},"excerpt":{"rendered":"<p>Creatina potenciada con beta alanina, taurina y amino\u00e1cidos para recuperaci\u00f3n X2.<\/p>\n","protected":false},"featured_media":1408,"comment_status":"closed","ping_status":"closed","template":"","meta":[],"product_brand":[237],"product_cat":[50],"product_tag":[76,20,77,79,78],"class_list":{"0":"post-1407","1":"product","2":"type-product","3":"status-publish","4":"has-post-thumbnail","6":"product_brand-hoch-sport","7":"product_cat-creatina","8":"product_tag-fatiga","9":"product_tag-hoch-sport","10":"product_tag-masa-muscular","11":"product_tag-recuperacion","12":"product_tag-rendimiento","14":"first","15":"instock","16":"sale","17":"shipping-taxable","18":"purchasable","19":"product-type-simple"},"yoast_head":"<!-- This site is optimized with the Yoast SEO plugin v27.3 - https:\/\/yoast.com\/product\/yoast-seo-wordpress\/ -->\n<title>Creatine Cell | 200 grs | Hoch Sport | DeMusculos.com<\/title>\n<meta name=\"description\" content=\"Creatine Cell de Hoch Sport es una creatina potenciada con Beta Alanina, para prevenir la fatiga muscular, Taurina, para aumentar energ\u00eda y Beta Alanina.\" \/>\n<meta name=\"robots\" content=\"index, follow, max-snippet:-1, max-image-preview:large, max-video-preview:-1\" \/>\n<link rel=\"canonical\" href=\"https:\/\/www.demusculos.com\/web\/producto\/creatina-cell-x300-grs-hoch-sport\/\" \/>\n<meta property=\"og:locale\" content=\"es_ES\" \/>\n<meta property=\"og:type\" content=\"article\" \/>\n<meta property=\"og:title\" content=\"Creatine Cell | 200 grs | Hoch Sport | DeMusculos.com\" \/>\n<meta property=\"og:description\" content=\"Creatine Cell de Hoch Sport es una creatina potenciada con Beta Alanina, para prevenir la fatiga muscular, Taurina, para aumentar energ\u00eda y Beta Alanina.\" \/>\n<meta property=\"og:url\" content=\"https:\/\/www.demusculos.com\/web\/producto\/creatina-cell-x300-grs-hoch-sport\/\" \/>\n<meta property=\"og:site_name\" content=\"DeMusculos\" \/>\n<meta property=\"article:publisher\" content=\"https:\/\/www.facebook.com\/demusculos\" \/>\n<meta property=\"article:modified_time\" content=\"2026-03-04T16:20:14+00:00\" \/>\n<meta property=\"og:image\" content=\"https:\/\/www.demusculos.com\/web\/wp-content\/uploads\/2024\/03\/creatina-cell-300-grs-hoch-sport-01.jpg\" \/>\n\t<meta property=\"og:image:width\" content=\"1200\" \/>\n\t<meta property=\"og:image:height\" content=\"1200\" \/>\n\t<meta property=\"og:image:type\" content=\"image\/jpeg\" \/>\n<meta name=\"twitter:card\" content=\"summary_large_image\" \/>\n<meta name=\"twitter:site\" content=\"@demusculos\" \/>\n<meta name=\"twitter:label1\" content=\"Tiempo de lectura\" \/>\n\t<meta name=\"twitter:data1\" content=\"3 minutos\" \/>\n<script type=\"application\/ld+json\" class=\"yoast-schema-graph\">{\"@context\":\"https:\\\/\\\/schema.org\",\"@graph\":[{\"@type\":\"WebPage\",\"@id\":\"https:\\\/\\\/www.demusculos.com\\\/web\\\/producto\\\/creatina-cell-x300-grs-hoch-sport\\\/\",\"url\":\"https:\\\/\\\/www.demusculos.com\\\/web\\\/producto\\\/creatina-cell-x300-grs-hoch-sport\\\/\",\"name\":\"Creatine Cell | 200 grs | Hoch Sport | DeMusculos.com\",\"isPartOf\":{\"@id\":\"https:\\\/\\\/www.demusculos.com\\\/web\\\/#website\"},\"primaryImageOfPage\":{\"@id\":\"https:\\\/\\\/www.demusculos.com\\\/web\\\/producto\\\/creatina-cell-x300-grs-hoch-sport\\\/#primaryimage\"},\"image\":{\"@id\":\"https:\\\/\\\/www.demusculos.com\\\/web\\\/producto\\\/creatina-cell-x300-grs-hoch-sport\\\/#primaryimage\"},\"thumbnailUrl\":\"https:\\\/\\\/www.demusculos.com\\\/web\\\/wp-content\\\/uploads\\\/2024\\\/03\\\/creatina-cell-300-grs-hoch-sport-01.jpg\",\"datePublished\":\"2024-03-03T22:42:20+00:00\",\"dateModified\":\"2026-03-04T16:20:14+00:00\",\"description\":\"Creatine Cell de Hoch Sport es una creatina potenciada con Beta Alanina, para prevenir la fatiga muscular, Taurina, para aumentar energ\u00eda y Beta Alanina.\",\"breadcrumb\":{\"@id\":\"https:\\\/\\\/www.demusculos.com\\\/web\\\/producto\\\/creatina-cell-x300-grs-hoch-sport\\\/#breadcrumb\"},\"inLanguage\":\"es\",\"potentialAction\":[{\"@type\":\"ReadAction\",\"target\":[\"https:\\\/\\\/www.demusculos.com\\\/web\\\/producto\\\/creatina-cell-x300-grs-hoch-sport\\\/\"]}]},{\"@type\":\"ImageObject\",\"inLanguage\":\"es\",\"@id\":\"https:\\\/\\\/www.demusculos.com\\\/web\\\/producto\\\/creatina-cell-x300-grs-hoch-sport\\\/#primaryimage\",\"url\":\"https:\\\/\\\/www.demusculos.com\\\/web\\\/wp-content\\\/uploads\\\/2024\\\/03\\\/creatina-cell-300-grs-hoch-sport-01.jpg\",\"contentUrl\":\"https:\\\/\\\/www.demusculos.com\\\/web\\\/wp-content\\\/uploads\\\/2024\\\/03\\\/creatina-cell-300-grs-hoch-sport-01.jpg\",\"width\":1200,\"height\":1200,\"caption\":\"Creatina Cell 300 grs Hoch Sport\"},{\"@type\":\"BreadcrumbList\",\"@id\":\"https:\\\/\\\/www.demusculos.com\\\/web\\\/producto\\\/creatina-cell-x300-grs-hoch-sport\\\/#breadcrumb\",\"itemListElement\":[{\"@type\":\"ListItem\",\"position\":1,\"name\":\"Inicio\",\"item\":\"https:\\\/\\\/www.demusculos.com\\\/web\\\/\"},{\"@type\":\"ListItem\",\"position\":2,\"name\":\"Suplementos\",\"item\":\"https:\\\/\\\/www.demusculos.com\\\/web\\\/tienda\\\/\"},{\"@type\":\"ListItem\",\"position\":3,\"name\":\"Creatina Cell x300 grs Hoch Sport\"}]},{\"@type\":\"WebSite\",\"@id\":\"https:\\\/\\\/www.demusculos.com\\\/web\\\/#website\",\"url\":\"https:\\\/\\\/www.demusculos.com\\\/web\\\/\",\"name\":\"DeMusculos.com\",\"description\":\"Suplementos Naturales\",\"publisher\":{\"@id\":\"https:\\\/\\\/www.demusculos.com\\\/web\\\/#organization\"},\"alternateName\":\"Suplementos Naturales\",\"potentialAction\":[{\"@type\":\"SearchAction\",\"target\":{\"@type\":\"EntryPoint\",\"urlTemplate\":\"https:\\\/\\\/www.demusculos.com\\\/web\\\/?s={search_term_string}\"},\"query-input\":{\"@type\":\"PropertyValueSpecification\",\"valueRequired\":true,\"valueName\":\"search_term_string\"}}],\"inLanguage\":\"es\"},{\"@type\":\"Organization\",\"@id\":\"https:\\\/\\\/www.demusculos.com\\\/web\\\/#organization\",\"name\":\"DeMusculos.com\",\"alternateName\":\"DeMusculos\",\"url\":\"https:\\\/\\\/www.demusculos.com\\\/web\\\/\",\"logo\":{\"@type\":\"ImageObject\",\"inLanguage\":\"es\",\"@id\":\"https:\\\/\\\/www.demusculos.com\\\/web\\\/#\\\/schema\\\/logo\\\/image\\\/\",\"url\":\"https:\\\/\\\/www.demusculos.com\\\/web\\\/wp-content\\\/uploads\\\/2024\\\/02\\\/logo-demusculos-prestashop-usuario.png\",\"contentUrl\":\"https:\\\/\\\/www.demusculos.com\\\/web\\\/wp-content\\\/uploads\\\/2024\\\/02\\\/logo-demusculos-prestashop-usuario.png\",\"width\":150,\"height\":150,\"caption\":\"DeMusculos.com\"},\"image\":{\"@id\":\"https:\\\/\\\/www.demusculos.com\\\/web\\\/#\\\/schema\\\/logo\\\/image\\\/\"},\"sameAs\":[\"https:\\\/\\\/www.facebook.com\\\/demusculos\",\"https:\\\/\\\/x.com\\\/demusculos\",\"https:\\\/\\\/www.instagram.com\\\/demusculos\",\"https:\\\/\\\/www.tiktok.com\\\/@demusculos.com\"]}]}<\/script>\n<!-- \/ Yoast SEO plugin. -->","yoast_head_json":{"title":"Creatine Cell | 200 grs | Hoch Sport | DeMusculos.com","description":"Creatine Cell de Hoch Sport es una creatina potenciada con Beta Alanina, para prevenir la fatiga muscular, Taurina, para aumentar energ\u00eda y Beta Alanina.","robots":{"index":"index","follow":"follow","max-snippet":"max-snippet:-1","max-image-preview":"max-image-preview:large","max-video-preview":"max-video-preview:-1"},"canonical":"https:\/\/www.demusculos.com\/web\/producto\/creatina-cell-x300-grs-hoch-sport\/","og_locale":"es_ES","og_type":"article","og_title":"Creatine Cell | 200 grs | Hoch Sport | DeMusculos.com","og_description":"Creatine Cell de Hoch Sport es una creatina potenciada con Beta Alanina, para prevenir la fatiga muscular, Taurina, para aumentar energ\u00eda y Beta Alanina.","og_url":"https:\/\/www.demusculos.com\/web\/producto\/creatina-cell-x300-grs-hoch-sport\/","og_site_name":"DeMusculos","article_publisher":"https:\/\/www.facebook.com\/demusculos","article_modified_time":"2026-03-04T16:20:14+00:00","og_image":[{"width":1200,"height":1200,"url":"https:\/\/www.demusculos.com\/web\/wp-content\/uploads\/2024\/03\/creatina-cell-300-grs-hoch-sport-01.jpg","type":"image\/jpeg"}],"twitter_card":"summary_large_image","twitter_site":"@demusculos","twitter_misc":{"Tiempo de lectura":"3 minutos"},"schema":{"@context":"https:\/\/schema.org","@graph":[{"@type":"WebPage","@id":"https:\/\/www.demusculos.com\/web\/producto\/creatina-cell-x300-grs-hoch-sport\/","url":"https:\/\/www.demusculos.com\/web\/producto\/creatina-cell-x300-grs-hoch-sport\/","name":"Creatine Cell | 200 grs | Hoch Sport | DeMusculos.com","isPartOf":{"@id":"https:\/\/www.demusculos.com\/web\/#website"},"primaryImageOfPage":{"@id":"https:\/\/www.demusculos.com\/web\/producto\/creatina-cell-x300-grs-hoch-sport\/#primaryimage"},"image":{"@id":"https:\/\/www.demusculos.com\/web\/producto\/creatina-cell-x300-grs-hoch-sport\/#primaryimage"},"thumbnailUrl":"https:\/\/www.demusculos.com\/web\/wp-content\/uploads\/2024\/03\/creatina-cell-300-grs-hoch-sport-01.jpg","datePublished":"2024-03-03T22:42:20+00:00","dateModified":"2026-03-04T16:20:14+00:00","description":"Creatine Cell de Hoch Sport es una creatina potenciada con Beta Alanina, para prevenir la fatiga muscular, Taurina, para aumentar energ\u00eda y Beta Alanina.","breadcrumb":{"@id":"https:\/\/www.demusculos.com\/web\/producto\/creatina-cell-x300-grs-hoch-sport\/#breadcrumb"},"inLanguage":"es","potentialAction":[{"@type":"ReadAction","target":["https:\/\/www.demusculos.com\/web\/producto\/creatina-cell-x300-grs-hoch-sport\/"]}]},{"@type":"ImageObject","inLanguage":"es","@id":"https:\/\/www.demusculos.com\/web\/producto\/creatina-cell-x300-grs-hoch-sport\/#primaryimage","url":"https:\/\/www.demusculos.com\/web\/wp-content\/uploads\/2024\/03\/creatina-cell-300-grs-hoch-sport-01.jpg","contentUrl":"https:\/\/www.demusculos.com\/web\/wp-content\/uploads\/2024\/03\/creatina-cell-300-grs-hoch-sport-01.jpg","width":1200,"height":1200,"caption":"Creatina Cell 300 grs Hoch Sport"},{"@type":"BreadcrumbList","@id":"https:\/\/www.demusculos.com\/web\/producto\/creatina-cell-x300-grs-hoch-sport\/#breadcrumb","itemListElement":[{"@type":"ListItem","position":1,"name":"Inicio","item":"https:\/\/www.demusculos.com\/web\/"},{"@type":"ListItem","position":2,"name":"Suplementos","item":"https:\/\/www.demusculos.com\/web\/tienda\/"},{"@type":"ListItem","position":3,"name":"Creatina Cell x300 grs Hoch Sport"}]},{"@type":"WebSite","@id":"https:\/\/www.demusculos.com\/web\/#website","url":"https:\/\/www.demusculos.com\/web\/","name":"DeMusculos.com","description":"Suplementos Naturales","publisher":{"@id":"https:\/\/www.demusculos.com\/web\/#organization"},"alternateName":"Suplementos Naturales","potentialAction":[{"@type":"SearchAction","target":{"@type":"EntryPoint","urlTemplate":"https:\/\/www.demusculos.com\/web\/?s={search_term_string}"},"query-input":{"@type":"PropertyValueSpecification","valueRequired":true,"valueName":"search_term_string"}}],"inLanguage":"es"},{"@type":"Organization","@id":"https:\/\/www.demusculos.com\/web\/#organization","name":"DeMusculos.com","alternateName":"DeMusculos","url":"https:\/\/www.demusculos.com\/web\/","logo":{"@type":"ImageObject","inLanguage":"es","@id":"https:\/\/www.demusculos.com\/web\/#\/schema\/logo\/image\/","url":"https:\/\/www.demusculos.com\/web\/wp-content\/uploads\/2024\/02\/logo-demusculos-prestashop-usuario.png","contentUrl":"https:\/\/www.demusculos.com\/web\/wp-content\/uploads\/2024\/02\/logo-demusculos-prestashop-usuario.png","width":150,"height":150,"caption":"DeMusculos.com"},"image":{"@id":"https:\/\/www.demusculos.com\/web\/#\/schema\/logo\/image\/"},"sameAs":["https:\/\/www.facebook.com\/demusculos","https:\/\/x.com\/demusculos","https:\/\/www.instagram.com\/demusculos","https:\/\/www.tiktok.com\/@demusculos.com"]}]}},"_links":{"self":[{"href":"https:\/\/www.demusculos.com\/web\/wp-json\/wp\/v2\/product\/1407","targetHints":{"allow":["GET"]}}],"collection":[{"href":"https:\/\/www.demusculos.com\/web\/wp-json\/wp\/v2\/product"}],"about":[{"href":"https:\/\/www.demusculos.com\/web\/wp-json\/wp\/v2\/types\/product"}],"replies":[{"embeddable":true,"href":"https:\/\/www.demusculos.com\/web\/wp-json\/wp\/v2\/comments?post=1407"}],"wp:featuredmedia":[{"embeddable":true,"href":"https:\/\/www.demusculos.com\/web\/wp-json\/wp\/v2\/media\/1408"}],"wp:attachment":[{"href":"https:\/\/www.demusculos.com\/web\/wp-json\/wp\/v2\/media?parent=1407"}],"wp:term":[{"taxonomy":"product_brand","embeddable":true,"href":"https:\/\/www.demusculos.com\/web\/wp-json\/wp\/v2\/product_brand?post=1407"},{"taxonomy":"product_cat","embeddable":true,"href":"https:\/\/www.demusculos.com\/web\/wp-json\/wp\/v2\/product_cat?post=1407"},{"taxonomy":"product_tag","embeddable":true,"href":"https:\/\/www.demusculos.com\/web\/wp-json\/wp\/v2\/product_tag?post=1407"}],"curies":[{"name":"wp","href":"https:\/\/api.w.org\/{rel}","templated":true}]}}