{"id":1420,"date":"2024-03-03T20:46:10","date_gmt":"2024-03-03T23:46:10","guid":{"rendered":"https:\/\/www.demusculos.com\/web\/?post_type=product&#038;p=1420"},"modified":"2026-03-17T14:07:14","modified_gmt":"2026-03-17T17:07:14","slug":"prolac-fibras-de-450-grs-pulver","status":"publish","type":"product","link":"https:\/\/www.demusculos.com\/web\/producto\/prolac-fibras-de-450-grs-pulver\/","title":{"rendered":"Prolac Fibras de 450 grs Pulver"},"content":{"rendered":"<h2>Prolac Fibras<\/h2>\n<p>Prolac Fibras es ideal para controlar tu peso, saciedad. Adem\u00e1s da energ\u00eda, mejora la recuperaci\u00f3n y masa muscular.<\/p>\n<p><img fetchpriority=\"high\" decoding=\"async\" class=\"wp-image-10243 size-full\" title=\"Prote\u00edna con Fibras de Pulver\" src=\"https:\/\/www.demusculos.com\/web\/wp-content\/uploads\/2024\/03\/prolac-fibras-whey-protein-pulver-1.jpg\" alt=\"Prote\u00edna con Fibras de Pulver\" width=\"1080\" height=\"1080\" srcset=\"https:\/\/www.demusculos.com\/web\/wp-content\/uploads\/2024\/03\/prolac-fibras-whey-protein-pulver-1.jpg 1080w, https:\/\/www.demusculos.com\/web\/wp-content\/uploads\/2024\/03\/prolac-fibras-whey-protein-pulver-1-300x300.jpg 300w, https:\/\/www.demusculos.com\/web\/wp-content\/uploads\/2024\/03\/prolac-fibras-whey-protein-pulver-1-150x150.jpg 150w, https:\/\/www.demusculos.com\/web\/wp-content\/uploads\/2024\/03\/prolac-fibras-whey-protein-pulver-1-800x800.jpg 800w, https:\/\/www.demusculos.com\/web\/wp-content\/uploads\/2024\/03\/prolac-fibras-whey-protein-pulver-1-1024x1024.jpg 1024w, https:\/\/www.demusculos.com\/web\/wp-content\/uploads\/2024\/03\/prolac-fibras-whey-protein-pulver-1-768x768.jpg 768w\" sizes=\"(max-width: 1080px) 100vw, 1080px\" \/><\/p>\n<figure id=\"attachment_182\" aria-describedby=\"caption-attachment-182\" style=\"width: 446px\" class=\"wp-caption alignnone\"><img decoding=\"async\" class=\"size-full wp-image-182\" src=\"https:\/\/www.demusculos.com\/web\/wp-content\/uploads\/2024\/02\/logo-pulver.png\" alt=\"Productos naturales y deporitvos de la marca Pulver. Todos los suplementos son sin Tacc aptos para celiacos.\" width=\"446\" height=\"103\" srcset=\"https:\/\/www.demusculos.com\/web\/wp-content\/uploads\/2024\/02\/logo-pulver.png 446w, https:\/\/www.demusculos.com\/web\/wp-content\/uploads\/2024\/02\/logo-pulver-300x69.png 300w, https:\/\/www.demusculos.com\/web\/wp-content\/uploads\/2024\/02\/logo-pulver-150x35.png 150w, https:\/\/www.demusculos.com\/web\/wp-content\/uploads\/2024\/02\/logo-pulver-416x96.png 416w\" sizes=\"(max-width: 446px) 100vw, 446px\" \/><figcaption id=\"caption-attachment-182\" class=\"wp-caption-text\">Suplementos naturales ideales para aumentar masa muscular, rendimiento, recuperaci\u00f3n y para la dieta. Alimentos proteicos sin TACC.<\/figcaption><\/figure>\n<h2>Algunos Beneficios de Prolac Fibras<\/h2>\n<h4><strong>1. Control de Peso y Satisfacci\u00f3n Duradera<\/strong><\/h4>\n<ul>\n<li><strong>Reducci\u00f3n Cal\u00f3rica Inteligente<\/strong>: Al reemplazar las harinas por prote\u00ednas y fibras, este producto contribuye al control del peso. Las fibras te ayudan a sentirte satisfecho(a) por m\u00e1s tiempo, lo que reduce la ingesta cal\u00f3rica.<\/li>\n<li><strong>Saciedad Ampliada<\/strong>: Las fibras aumentan la sensaci\u00f3n de saciedad tanto a corto como a largo plazo (hasta 24 horas despu\u00e9s de su consumo) en personas sanas.<\/li>\n<li><strong>Metabolismo de Grasas Optimizado<\/strong>: Las fibras permiten un almacenamiento saludable de la grasa, evitando su acumulaci\u00f3n en diferentes \u00e1reas del cuerpo.<\/li>\n<\/ul>\n<div class=\"mceTemp\"><\/div>\n<h3><strong>2. Manejo Eficiente de los Az\u00facares en Sangre<\/strong><\/h3>\n<ul>\n<li><strong>Equilibrio Gluc\u00e9mico<\/strong>: La combinaci\u00f3n de fibras solubles e insolubles mejora el manejo de los az\u00facares. Al sustituir alimentos por fibras, se logra un descenso en la glucemia (niveles de az\u00facar en sangre).<\/li>\n<li><strong>Mayor Sensibilidad a la Insulina<\/strong>: Tanto en individuos sanos como en personas con diabetes tipo II o resistencia a la insulina, las fibras contribuyen a una mejor sensibilidad a la insulina.<\/li>\n<li><strong>Apoyo al Metabolismo de Grasas<\/strong>: PROLAC FIBRAS favorece el almacenamiento saludable de la grasa y mejora la funci\u00f3n pancre\u00e1tica, lo que impacta positivamente en el manejo de los az\u00facares.<\/li>\n<\/ul>\n<h3><strong>3. Energ\u00eda Estable a lo Largo del D\u00eda<\/strong><\/h3>\n<ul>\n<li><strong>Control de los Niveles de Az\u00facar<\/strong>: Las fluctuaciones en los niveles de az\u00facar afectan la energ\u00eda. Reduce el impacto de la glucemia y la insulina, proporcionando una fuente de energ\u00eda m\u00e1s estable.<\/li>\n<li><strong>Menos Somnolencia y Mayor Concentraci\u00f3n<\/strong>: Evita los altibajos energ\u00e9ticos que pueden causar somnolencia y falta de concentraci\u00f3n.<\/li>\n<\/ul>\n<h3><strong>4. Bienestar Digestivo y Bacterias Beneficiosas<\/strong><\/h3>\n<ul>\n<li><strong>Salud Digestiva \u00d3ptima<\/strong>: Las fibras en PROLAC FIBRAS promueven un equilibrio en la flora intestinal, aumentando las bacterias beneficiosas y mejorando la digesti\u00f3n.<\/li>\n<\/ul>\n<hr \/>\n<h2><strong>Prolac Fibras<\/strong>: Datos relevantes de la prote\u00edna<\/h2>\n<p><img decoding=\"async\" class=\"alignnone size-full wp-image-10244\" src=\"https:\/\/www.demusculos.com\/web\/wp-content\/uploads\/2024\/03\/prolac-fibras-whey-protein-pulver-2.jpg\" alt=\"Prolac fibras de 450 grs \" width=\"1080\" height=\"1080\" srcset=\"https:\/\/www.demusculos.com\/web\/wp-content\/uploads\/2024\/03\/prolac-fibras-whey-protein-pulver-2.jpg 1080w, https:\/\/www.demusculos.com\/web\/wp-content\/uploads\/2024\/03\/prolac-fibras-whey-protein-pulver-2-300x300.jpg 300w, https:\/\/www.demusculos.com\/web\/wp-content\/uploads\/2024\/03\/prolac-fibras-whey-protein-pulver-2-150x150.jpg 150w, https:\/\/www.demusculos.com\/web\/wp-content\/uploads\/2024\/03\/prolac-fibras-whey-protein-pulver-2-800x800.jpg 800w, https:\/\/www.demusculos.com\/web\/wp-content\/uploads\/2024\/03\/prolac-fibras-whey-protein-pulver-2-1024x1024.jpg 1024w, https:\/\/www.demusculos.com\/web\/wp-content\/uploads\/2024\/03\/prolac-fibras-whey-protein-pulver-2-768x768.jpg 768w\" sizes=\"(max-width: 1080px) 100vw, 1080px\" \/><\/p>\n<p><img loading=\"lazy\" decoding=\"async\" class=\"alignnone size-full wp-image-10248\" src=\"https:\/\/www.demusculos.com\/web\/wp-content\/uploads\/2024\/03\/prolac-fibras-whey-protein-pulver-6.jpg\" alt=\"Informaci\u00f3n nutricional \" width=\"1080\" height=\"1080\" srcset=\"https:\/\/www.demusculos.com\/web\/wp-content\/uploads\/2024\/03\/prolac-fibras-whey-protein-pulver-6.jpg 1080w, https:\/\/www.demusculos.com\/web\/wp-content\/uploads\/2024\/03\/prolac-fibras-whey-protein-pulver-6-300x300.jpg 300w, https:\/\/www.demusculos.com\/web\/wp-content\/uploads\/2024\/03\/prolac-fibras-whey-protein-pulver-6-150x150.jpg 150w, https:\/\/www.demusculos.com\/web\/wp-content\/uploads\/2024\/03\/prolac-fibras-whey-protein-pulver-6-800x800.jpg 800w, https:\/\/www.demusculos.com\/web\/wp-content\/uploads\/2024\/03\/prolac-fibras-whey-protein-pulver-6-1024x1024.jpg 1024w, https:\/\/www.demusculos.com\/web\/wp-content\/uploads\/2024\/03\/prolac-fibras-whey-protein-pulver-6-768x768.jpg 768w\" sizes=\"(max-width: 1080px) 100vw, 1080px\" \/><\/p>\n<p><img loading=\"lazy\" decoding=\"async\" class=\"alignnone size-full wp-image-10247\" src=\"https:\/\/www.demusculos.com\/web\/wp-content\/uploads\/2024\/03\/prolac-fibras-whey-protein-pulver-5.jpg\" alt=\"Prolac fibras de 450 grs \" width=\"1080\" height=\"1080\" srcset=\"https:\/\/www.demusculos.com\/web\/wp-content\/uploads\/2024\/03\/prolac-fibras-whey-protein-pulver-5.jpg 1080w, https:\/\/www.demusculos.com\/web\/wp-content\/uploads\/2024\/03\/prolac-fibras-whey-protein-pulver-5-300x300.jpg 300w, https:\/\/www.demusculos.com\/web\/wp-content\/uploads\/2024\/03\/prolac-fibras-whey-protein-pulver-5-150x150.jpg 150w, https:\/\/www.demusculos.com\/web\/wp-content\/uploads\/2024\/03\/prolac-fibras-whey-protein-pulver-5-800x800.jpg 800w, https:\/\/www.demusculos.com\/web\/wp-content\/uploads\/2024\/03\/prolac-fibras-whey-protein-pulver-5-1024x1024.jpg 1024w, https:\/\/www.demusculos.com\/web\/wp-content\/uploads\/2024\/03\/prolac-fibras-whey-protein-pulver-5-768x768.jpg 768w\" sizes=\"(max-width: 1080px) 100vw, 1080px\" \/><\/p>\n<p><img loading=\"lazy\" decoding=\"async\" class=\"alignnone size-full wp-image-10246\" src=\"https:\/\/www.demusculos.com\/web\/wp-content\/uploads\/2024\/03\/prolac-fibras-whey-protein-pulver-4.jpg\" alt=\"Prolac fibras de 450 grs \" width=\"1080\" height=\"1080\" srcset=\"https:\/\/www.demusculos.com\/web\/wp-content\/uploads\/2024\/03\/prolac-fibras-whey-protein-pulver-4.jpg 1080w, https:\/\/www.demusculos.com\/web\/wp-content\/uploads\/2024\/03\/prolac-fibras-whey-protein-pulver-4-300x300.jpg 300w, https:\/\/www.demusculos.com\/web\/wp-content\/uploads\/2024\/03\/prolac-fibras-whey-protein-pulver-4-150x150.jpg 150w, https:\/\/www.demusculos.com\/web\/wp-content\/uploads\/2024\/03\/prolac-fibras-whey-protein-pulver-4-800x800.jpg 800w, https:\/\/www.demusculos.com\/web\/wp-content\/uploads\/2024\/03\/prolac-fibras-whey-protein-pulver-4-1024x1024.jpg 1024w, https:\/\/www.demusculos.com\/web\/wp-content\/uploads\/2024\/03\/prolac-fibras-whey-protein-pulver-4-768x768.jpg 768w\" sizes=\"(max-width: 1080px) 100vw, 1080px\" \/><\/p>\n<p><img loading=\"lazy\" decoding=\"async\" class=\"alignnone size-full wp-image-10245\" src=\"https:\/\/www.demusculos.com\/web\/wp-content\/uploads\/2024\/03\/prolac-fibras-whey-protein-pulver-3.jpg\" alt=\"Prolac fibras de 450 grs \" width=\"1080\" height=\"1080\" srcset=\"https:\/\/www.demusculos.com\/web\/wp-content\/uploads\/2024\/03\/prolac-fibras-whey-protein-pulver-3.jpg 1080w, https:\/\/www.demusculos.com\/web\/wp-content\/uploads\/2024\/03\/prolac-fibras-whey-protein-pulver-3-300x300.jpg 300w, https:\/\/www.demusculos.com\/web\/wp-content\/uploads\/2024\/03\/prolac-fibras-whey-protein-pulver-3-150x150.jpg 150w, https:\/\/www.demusculos.com\/web\/wp-content\/uploads\/2024\/03\/prolac-fibras-whey-protein-pulver-3-800x800.jpg 800w, https:\/\/www.demusculos.com\/web\/wp-content\/uploads\/2024\/03\/prolac-fibras-whey-protein-pulver-3-1024x1024.jpg 1024w, https:\/\/www.demusculos.com\/web\/wp-content\/uploads\/2024\/03\/prolac-fibras-whey-protein-pulver-3-768x768.jpg 768w\" sizes=\"(max-width: 1080px) 100vw, 1080px\" \/><\/p>\n<h2><\/h2>\n<h2><\/h2>\n","protected":false},"excerpt":{"rendered":"<p>Prolac Fibras es ideal para controlar el hambre, da saciedad. Contiene prote\u00edna de suero l\u00e1cteo o Whey Protein, es ideal para recuperaci\u00f3n y rendimiento. Ideal para control de peso, y mejorar la digesti\u00f3n. Fabricado por Pulver.<\/p>\n","protected":false},"featured_media":1421,"comment_status":"closed","ping_status":"closed","template":"","meta":[],"product_brand":[221],"product_cat":[16],"product_tag":[110,28,109,111,129],"class_list":{"0":"post-1420","1":"product","2":"type-product","3":"status-publish","4":"has-post-thumbnail","6":"product_brand-pulver","7":"product_cat-proteinas","8":"product_tag-aporte-de-fibras","9":"product_tag-pulver","10":"product_tag-saciedad","11":"product_tag-salud-digestiva","12":"product_tag-whey-protein","14":"first","15":"instock","16":"sale","17":"shipping-taxable","18":"purchasable","19":"product-type-simple"},"yoast_head":"<!-- This site is optimized with the Yoast SEO plugin v27.4 - https:\/\/yoast.com\/product\/yoast-seo-wordpress\/ -->\n<title>Prolac Fibras | Prote\u00edna de fibras | 450 grs | DeMusculos.com<\/title>\n<meta name=\"description\" content=\"Prolac Fibras de 450 Pulver es ideal para toda persona que busca saciedad, quiere mejorar su dieta, rendimiento, aumento de masa muscular y saciedad.\" \/>\n<meta name=\"robots\" content=\"index, follow, max-snippet:-1, max-image-preview:large, max-video-preview:-1\" \/>\n<link rel=\"canonical\" href=\"https:\/\/www.demusculos.com\/web\/producto\/prolac-fibras-de-450-grs-pulver\/\" \/>\n<meta property=\"og:locale\" content=\"es_ES\" \/>\n<meta property=\"og:type\" content=\"article\" \/>\n<meta property=\"og:title\" content=\"Prolac Fibras | Prote\u00edna de fibras | 450 grs | DeMusculos.com\" \/>\n<meta property=\"og:description\" content=\"Prolac Fibras de 450 Pulver es ideal para toda persona que busca saciedad, quiere mejorar su dieta, rendimiento, aumento de masa muscular y saciedad.\" \/>\n<meta property=\"og:url\" content=\"https:\/\/www.demusculos.com\/web\/producto\/prolac-fibras-de-450-grs-pulver\/\" \/>\n<meta property=\"og:site_name\" content=\"DeMusculos\" \/>\n<meta property=\"article:publisher\" content=\"https:\/\/www.facebook.com\/demusculos\" \/>\n<meta property=\"article:modified_time\" content=\"2026-03-17T17:07:14+00:00\" \/>\n<meta property=\"og:image\" content=\"https:\/\/www.demusculos.com\/web\/wp-content\/uploads\/2024\/03\/prolac-fibras-450-grs-pulver-01.jpg\" \/>\n\t<meta property=\"og:image:width\" content=\"800\" \/>\n\t<meta property=\"og:image:height\" content=\"800\" \/>\n\t<meta property=\"og:image:type\" content=\"image\/jpeg\" \/>\n<meta name=\"twitter:card\" content=\"summary_large_image\" \/>\n<meta name=\"twitter:site\" content=\"@demusculos\" \/>\n<meta name=\"twitter:label1\" content=\"Tiempo de lectura\" \/>\n\t<meta name=\"twitter:data1\" content=\"4 minutos\" \/>\n<script type=\"application\/ld+json\" class=\"yoast-schema-graph\">{\"@context\":\"https:\\\/\\\/schema.org\",\"@graph\":[{\"@type\":\"WebPage\",\"@id\":\"https:\\\/\\\/www.demusculos.com\\\/web\\\/producto\\\/prolac-fibras-de-450-grs-pulver\\\/\",\"url\":\"https:\\\/\\\/www.demusculos.com\\\/web\\\/producto\\\/prolac-fibras-de-450-grs-pulver\\\/\",\"name\":\"Prolac Fibras | Prote\u00edna de fibras | 450 grs | DeMusculos.com\",\"isPartOf\":{\"@id\":\"https:\\\/\\\/www.demusculos.com\\\/web\\\/#website\"},\"primaryImageOfPage\":{\"@id\":\"https:\\\/\\\/www.demusculos.com\\\/web\\\/producto\\\/prolac-fibras-de-450-grs-pulver\\\/#primaryimage\"},\"image\":{\"@id\":\"https:\\\/\\\/www.demusculos.com\\\/web\\\/producto\\\/prolac-fibras-de-450-grs-pulver\\\/#primaryimage\"},\"thumbnailUrl\":\"https:\\\/\\\/www.demusculos.com\\\/web\\\/wp-content\\\/uploads\\\/2024\\\/03\\\/prolac-fibras-450-grs-pulver-01.jpg\",\"datePublished\":\"2024-03-03T23:46:10+00:00\",\"dateModified\":\"2026-03-17T17:07:14+00:00\",\"description\":\"Prolac Fibras de 450 Pulver es ideal para toda persona que busca saciedad, quiere mejorar su dieta, rendimiento, aumento de masa muscular y saciedad.\",\"breadcrumb\":{\"@id\":\"https:\\\/\\\/www.demusculos.com\\\/web\\\/producto\\\/prolac-fibras-de-450-grs-pulver\\\/#breadcrumb\"},\"inLanguage\":\"es\",\"potentialAction\":[{\"@type\":\"ReadAction\",\"target\":[\"https:\\\/\\\/www.demusculos.com\\\/web\\\/producto\\\/prolac-fibras-de-450-grs-pulver\\\/\"]}]},{\"@type\":\"ImageObject\",\"inLanguage\":\"es\",\"@id\":\"https:\\\/\\\/www.demusculos.com\\\/web\\\/producto\\\/prolac-fibras-de-450-grs-pulver\\\/#primaryimage\",\"url\":\"https:\\\/\\\/www.demusculos.com\\\/web\\\/wp-content\\\/uploads\\\/2024\\\/03\\\/prolac-fibras-450-grs-pulver-01.jpg\",\"contentUrl\":\"https:\\\/\\\/www.demusculos.com\\\/web\\\/wp-content\\\/uploads\\\/2024\\\/03\\\/prolac-fibras-450-grs-pulver-01.jpg\",\"width\":800,\"height\":800,\"caption\":\"Prolac Fibras 450 grs\"},{\"@type\":\"BreadcrumbList\",\"@id\":\"https:\\\/\\\/www.demusculos.com\\\/web\\\/producto\\\/prolac-fibras-de-450-grs-pulver\\\/#breadcrumb\",\"itemListElement\":[{\"@type\":\"ListItem\",\"position\":1,\"name\":\"Inicio\",\"item\":\"https:\\\/\\\/www.demusculos.com\\\/web\\\/\"},{\"@type\":\"ListItem\",\"position\":2,\"name\":\"Suplementos\",\"item\":\"https:\\\/\\\/www.demusculos.com\\\/web\\\/tienda\\\/\"},{\"@type\":\"ListItem\",\"position\":3,\"name\":\"Prolac Fibras de 450 grs Pulver\"}]},{\"@type\":\"WebSite\",\"@id\":\"https:\\\/\\\/www.demusculos.com\\\/web\\\/#website\",\"url\":\"https:\\\/\\\/www.demusculos.com\\\/web\\\/\",\"name\":\"DeMusculos.com\",\"description\":\"Suplementos Naturales\",\"publisher\":{\"@id\":\"https:\\\/\\\/www.demusculos.com\\\/web\\\/#organization\"},\"alternateName\":\"Suplementos Naturales\",\"potentialAction\":[{\"@type\":\"SearchAction\",\"target\":{\"@type\":\"EntryPoint\",\"urlTemplate\":\"https:\\\/\\\/www.demusculos.com\\\/web\\\/?s={search_term_string}\"},\"query-input\":{\"@type\":\"PropertyValueSpecification\",\"valueRequired\":true,\"valueName\":\"search_term_string\"}}],\"inLanguage\":\"es\"},{\"@type\":\"Organization\",\"@id\":\"https:\\\/\\\/www.demusculos.com\\\/web\\\/#organization\",\"name\":\"DeMusculos.com\",\"alternateName\":\"DeMusculos\",\"url\":\"https:\\\/\\\/www.demusculos.com\\\/web\\\/\",\"logo\":{\"@type\":\"ImageObject\",\"inLanguage\":\"es\",\"@id\":\"https:\\\/\\\/www.demusculos.com\\\/web\\\/#\\\/schema\\\/logo\\\/image\\\/\",\"url\":\"https:\\\/\\\/www.demusculos.com\\\/web\\\/wp-content\\\/uploads\\\/2024\\\/02\\\/logo-demusculos-prestashop-usuario.png\",\"contentUrl\":\"https:\\\/\\\/www.demusculos.com\\\/web\\\/wp-content\\\/uploads\\\/2024\\\/02\\\/logo-demusculos-prestashop-usuario.png\",\"width\":150,\"height\":150,\"caption\":\"DeMusculos.com\"},\"image\":{\"@id\":\"https:\\\/\\\/www.demusculos.com\\\/web\\\/#\\\/schema\\\/logo\\\/image\\\/\"},\"sameAs\":[\"https:\\\/\\\/www.facebook.com\\\/demusculos\",\"https:\\\/\\\/x.com\\\/demusculos\",\"https:\\\/\\\/www.instagram.com\\\/demusculos\",\"https:\\\/\\\/www.tiktok.com\\\/@demusculos.com\"]}]}<\/script>\n<!-- \/ Yoast SEO plugin. -->","yoast_head_json":{"title":"Prolac Fibras | Prote\u00edna de fibras | 450 grs | DeMusculos.com","description":"Prolac Fibras de 450 Pulver es ideal para toda persona que busca saciedad, quiere mejorar su dieta, rendimiento, aumento de masa muscular y saciedad.","robots":{"index":"index","follow":"follow","max-snippet":"max-snippet:-1","max-image-preview":"max-image-preview:large","max-video-preview":"max-video-preview:-1"},"canonical":"https:\/\/www.demusculos.com\/web\/producto\/prolac-fibras-de-450-grs-pulver\/","og_locale":"es_ES","og_type":"article","og_title":"Prolac Fibras | Prote\u00edna de fibras | 450 grs | DeMusculos.com","og_description":"Prolac Fibras de 450 Pulver es ideal para toda persona que busca saciedad, quiere mejorar su dieta, rendimiento, aumento de masa muscular y saciedad.","og_url":"https:\/\/www.demusculos.com\/web\/producto\/prolac-fibras-de-450-grs-pulver\/","og_site_name":"DeMusculos","article_publisher":"https:\/\/www.facebook.com\/demusculos","article_modified_time":"2026-03-17T17:07:14+00:00","og_image":[{"width":800,"height":800,"url":"https:\/\/www.demusculos.com\/web\/wp-content\/uploads\/2024\/03\/prolac-fibras-450-grs-pulver-01.jpg","type":"image\/jpeg"}],"twitter_card":"summary_large_image","twitter_site":"@demusculos","twitter_misc":{"Tiempo de lectura":"4 minutos"},"schema":{"@context":"https:\/\/schema.org","@graph":[{"@type":"WebPage","@id":"https:\/\/www.demusculos.com\/web\/producto\/prolac-fibras-de-450-grs-pulver\/","url":"https:\/\/www.demusculos.com\/web\/producto\/prolac-fibras-de-450-grs-pulver\/","name":"Prolac Fibras | Prote\u00edna de fibras | 450 grs | DeMusculos.com","isPartOf":{"@id":"https:\/\/www.demusculos.com\/web\/#website"},"primaryImageOfPage":{"@id":"https:\/\/www.demusculos.com\/web\/producto\/prolac-fibras-de-450-grs-pulver\/#primaryimage"},"image":{"@id":"https:\/\/www.demusculos.com\/web\/producto\/prolac-fibras-de-450-grs-pulver\/#primaryimage"},"thumbnailUrl":"https:\/\/www.demusculos.com\/web\/wp-content\/uploads\/2024\/03\/prolac-fibras-450-grs-pulver-01.jpg","datePublished":"2024-03-03T23:46:10+00:00","dateModified":"2026-03-17T17:07:14+00:00","description":"Prolac Fibras de 450 Pulver es ideal para toda persona que busca saciedad, quiere mejorar su dieta, rendimiento, aumento de masa muscular y saciedad.","breadcrumb":{"@id":"https:\/\/www.demusculos.com\/web\/producto\/prolac-fibras-de-450-grs-pulver\/#breadcrumb"},"inLanguage":"es","potentialAction":[{"@type":"ReadAction","target":["https:\/\/www.demusculos.com\/web\/producto\/prolac-fibras-de-450-grs-pulver\/"]}]},{"@type":"ImageObject","inLanguage":"es","@id":"https:\/\/www.demusculos.com\/web\/producto\/prolac-fibras-de-450-grs-pulver\/#primaryimage","url":"https:\/\/www.demusculos.com\/web\/wp-content\/uploads\/2024\/03\/prolac-fibras-450-grs-pulver-01.jpg","contentUrl":"https:\/\/www.demusculos.com\/web\/wp-content\/uploads\/2024\/03\/prolac-fibras-450-grs-pulver-01.jpg","width":800,"height":800,"caption":"Prolac Fibras 450 grs"},{"@type":"BreadcrumbList","@id":"https:\/\/www.demusculos.com\/web\/producto\/prolac-fibras-de-450-grs-pulver\/#breadcrumb","itemListElement":[{"@type":"ListItem","position":1,"name":"Inicio","item":"https:\/\/www.demusculos.com\/web\/"},{"@type":"ListItem","position":2,"name":"Suplementos","item":"https:\/\/www.demusculos.com\/web\/tienda\/"},{"@type":"ListItem","position":3,"name":"Prolac Fibras de 450 grs Pulver"}]},{"@type":"WebSite","@id":"https:\/\/www.demusculos.com\/web\/#website","url":"https:\/\/www.demusculos.com\/web\/","name":"DeMusculos.com","description":"Suplementos Naturales","publisher":{"@id":"https:\/\/www.demusculos.com\/web\/#organization"},"alternateName":"Suplementos Naturales","potentialAction":[{"@type":"SearchAction","target":{"@type":"EntryPoint","urlTemplate":"https:\/\/www.demusculos.com\/web\/?s={search_term_string}"},"query-input":{"@type":"PropertyValueSpecification","valueRequired":true,"valueName":"search_term_string"}}],"inLanguage":"es"},{"@type":"Organization","@id":"https:\/\/www.demusculos.com\/web\/#organization","name":"DeMusculos.com","alternateName":"DeMusculos","url":"https:\/\/www.demusculos.com\/web\/","logo":{"@type":"ImageObject","inLanguage":"es","@id":"https:\/\/www.demusculos.com\/web\/#\/schema\/logo\/image\/","url":"https:\/\/www.demusculos.com\/web\/wp-content\/uploads\/2024\/02\/logo-demusculos-prestashop-usuario.png","contentUrl":"https:\/\/www.demusculos.com\/web\/wp-content\/uploads\/2024\/02\/logo-demusculos-prestashop-usuario.png","width":150,"height":150,"caption":"DeMusculos.com"},"image":{"@id":"https:\/\/www.demusculos.com\/web\/#\/schema\/logo\/image\/"},"sameAs":["https:\/\/www.facebook.com\/demusculos","https:\/\/x.com\/demusculos","https:\/\/www.instagram.com\/demusculos","https:\/\/www.tiktok.com\/@demusculos.com"]}]}},"_links":{"self":[{"href":"https:\/\/www.demusculos.com\/web\/wp-json\/wp\/v2\/product\/1420","targetHints":{"allow":["GET"]}}],"collection":[{"href":"https:\/\/www.demusculos.com\/web\/wp-json\/wp\/v2\/product"}],"about":[{"href":"https:\/\/www.demusculos.com\/web\/wp-json\/wp\/v2\/types\/product"}],"replies":[{"embeddable":true,"href":"https:\/\/www.demusculos.com\/web\/wp-json\/wp\/v2\/comments?post=1420"}],"wp:featuredmedia":[{"embeddable":true,"href":"https:\/\/www.demusculos.com\/web\/wp-json\/wp\/v2\/media\/1421"}],"wp:attachment":[{"href":"https:\/\/www.demusculos.com\/web\/wp-json\/wp\/v2\/media?parent=1420"}],"wp:term":[{"taxonomy":"product_brand","embeddable":true,"href":"https:\/\/www.demusculos.com\/web\/wp-json\/wp\/v2\/product_brand?post=1420"},{"taxonomy":"product_cat","embeddable":true,"href":"https:\/\/www.demusculos.com\/web\/wp-json\/wp\/v2\/product_cat?post=1420"},{"taxonomy":"product_tag","embeddable":true,"href":"https:\/\/www.demusculos.com\/web\/wp-json\/wp\/v2\/product_tag?post=1420"}],"curies":[{"name":"wp","href":"https:\/\/api.w.org\/{rel}","templated":true}]}}