{"id":1460,"date":"2024-03-03T22:26:09","date_gmt":"2024-03-04T01:26:09","guid":{"rendered":"https:\/\/www.demusculos.com\/web\/?post_type=product&#038;p=1460"},"modified":"2026-04-09T12:52:47","modified_gmt":"2026-04-09T15:52:47","slug":"zma-b-x120-de-hoch-sport-zinc-y-magnesio","status":"publish","type":"product","link":"https:\/\/www.demusculos.com\/web\/producto\/zma-b-x120-de-hoch-sport-zinc-y-magnesio\/","title":{"rendered":"ZMA-B x120 de Hoch Sport Zinc y Magnesio"},"content":{"rendered":"<h2>ZMA-B<\/h2>\n<p>ZMA-B de Hoch sport es un excelente producto natural que mejora la salud general de particulares y deportistas. Grandes beneficios para la salud.<\/p>\n<div class=\"video-container\"><iframe title=\"ZMA B de Hoch Sport x120 c\u00e1psulas - Ideal para subir tus niveles de testosterona #testosterone\" width=\"563\" height=\"1000\" src=\"https:\/\/www.youtube.com\/embed\/whsv9F3VA64?feature=oembed\" frameborder=\"0\" allow=\"accelerometer; autoplay; clipboard-write; encrypted-media; gyroscope; picture-in-picture; web-share\" referrerpolicy=\"strict-origin-when-cross-origin\" allowfullscreen><\/iframe><\/div>\n<figure id=\"attachment_299\" aria-describedby=\"caption-attachment-299\" style=\"width: 446px\" class=\"wp-caption alignnone\"><img decoding=\"async\" class=\"size-full wp-image-299\" src=\"https:\/\/www.demusculos.com\/web\/wp-content\/uploads\/2024\/02\/logo-hoch-sport.png\" alt=\"Fabricado por Hoch Sport en Argentina. Empresa que desarrolla los suplementos naturales m\u00e1s vers\u00e1tiles del mercado.\" width=\"446\" height=\"103\" srcset=\"https:\/\/www.demusculos.com\/web\/wp-content\/uploads\/2024\/02\/logo-hoch-sport.png 446w, https:\/\/www.demusculos.com\/web\/wp-content\/uploads\/2024\/02\/logo-hoch-sport-300x69.png 300w, https:\/\/www.demusculos.com\/web\/wp-content\/uploads\/2024\/02\/logo-hoch-sport-150x35.png 150w, https:\/\/www.demusculos.com\/web\/wp-content\/uploads\/2024\/02\/logo-hoch-sport-416x96.png 416w\" sizes=\"(max-width: 446px) 100vw, 446px\" \/><figcaption id=\"caption-attachment-299\" class=\"wp-caption-text\">Fabricado por Hoch Sport en Argentina. Empresa que desarrolla los suplementos naturales m\u00e1s vers\u00e1tiles del mercado.<\/figcaption><\/figure>\n<p><strong>ZMA-B de Hoch Sport: Potencia Tu Rendimiento y Bienestar<\/strong><\/p>\n<figure id=\"attachment_6574\" aria-describedby=\"caption-attachment-6574\" style=\"width: 1080px\" class=\"wp-caption alignnone\"><img fetchpriority=\"high\" decoding=\"async\" class=\"size-full wp-image-6574\" src=\"https:\/\/www.demusculos.com\/web\/wp-content\/uploads\/2024\/03\/zma-b-hoch-sport-1.jpg\" alt=\"ZMA-B de Hoch Sport\" width=\"1080\" height=\"1080\" srcset=\"https:\/\/www.demusculos.com\/web\/wp-content\/uploads\/2024\/03\/zma-b-hoch-sport-1.jpg 1080w, https:\/\/www.demusculos.com\/web\/wp-content\/uploads\/2024\/03\/zma-b-hoch-sport-1-300x300.jpg 300w, https:\/\/www.demusculos.com\/web\/wp-content\/uploads\/2024\/03\/zma-b-hoch-sport-1-150x150.jpg 150w, https:\/\/www.demusculos.com\/web\/wp-content\/uploads\/2024\/03\/zma-b-hoch-sport-1-800x800.jpg 800w, https:\/\/www.demusculos.com\/web\/wp-content\/uploads\/2024\/03\/zma-b-hoch-sport-1-1024x1024.jpg 1024w, https:\/\/www.demusculos.com\/web\/wp-content\/uploads\/2024\/03\/zma-b-hoch-sport-1-768x768.jpg 768w\" sizes=\"(max-width: 1080px) 100vw, 1080px\" \/><figcaption id=\"caption-attachment-6574\" class=\"wp-caption-text\">Aumento de testosterona<\/figcaption><\/figure>\n<p><strong>1. Aumento Natural de Testosterona<\/strong>\u00a0El\u00a0<strong>ZMA-B<\/strong>\u00a0es un suplemento dietario formulado para\u00a0<strong>mejorar los niveles de testosterona libre y total<\/strong>. La combinaci\u00f3n de\u00a0<strong>Zinc, Magnesio, Vitamina B6 y Boro<\/strong>\u00a0contribuye a un aumento natural en la hormona masculina, lo que puede tener beneficios para la fuerza, la resistencia y la recuperaci\u00f3n muscular.<\/p>\n<p><strong>2. Mejora del Rendimiento<\/strong>\u00a0Los atletas entrenados pueden aprovechar el\u00a0<strong>ZMA-B<\/strong>\u00a0para mejorar su rendimiento. La f\u00f3rmula patentada ha demostrado resultados efectivos en estudios cient\u00edficos. Al tomarlo de manera continua durante 8 semanas, seguido de un per\u00edodo de descanso, puedes experimentar una mejora en tu capacidad atl\u00e9tica y resistencia.<\/p>\n<figure id=\"attachment_6575\" aria-describedby=\"caption-attachment-6575\" style=\"width: 1080px\" class=\"wp-caption alignnone\"><img decoding=\"async\" class=\"size-full wp-image-6575\" src=\"https:\/\/www.demusculos.com\/web\/wp-content\/uploads\/2024\/03\/zma-b-hoch-sport-2.jpg\" alt=\"ZMA-B de Hoch Sport\" width=\"1080\" height=\"1080\" srcset=\"https:\/\/www.demusculos.com\/web\/wp-content\/uploads\/2024\/03\/zma-b-hoch-sport-2.jpg 1080w, https:\/\/www.demusculos.com\/web\/wp-content\/uploads\/2024\/03\/zma-b-hoch-sport-2-300x300.jpg 300w, https:\/\/www.demusculos.com\/web\/wp-content\/uploads\/2024\/03\/zma-b-hoch-sport-2-150x150.jpg 150w, https:\/\/www.demusculos.com\/web\/wp-content\/uploads\/2024\/03\/zma-b-hoch-sport-2-800x800.jpg 800w, https:\/\/www.demusculos.com\/web\/wp-content\/uploads\/2024\/03\/zma-b-hoch-sport-2-1024x1024.jpg 1024w, https:\/\/www.demusculos.com\/web\/wp-content\/uploads\/2024\/03\/zma-b-hoch-sport-2-768x768.jpg 768w\" sizes=\"(max-width: 1080px) 100vw, 1080px\" \/><figcaption id=\"caption-attachment-6575\" class=\"wp-caption-text\">Beneficios<\/figcaption><\/figure>\n<p><strong>3. Fuerza y Recuperaci\u00f3n Muscular<\/strong>\u00a0El\u00a0producto\u00a0no solo aumenta la testosterona, sino que tambi\u00e9n contribuye a la\u00a0<strong>regeneraci\u00f3n y el crecimiento muscular<\/strong>. Si buscas mejorar tu fuerza y acelerar la recuperaci\u00f3n despu\u00e9s del ejercicio, este suplemento puede ser una excelente opci\u00f3n.<\/p>\n<p><strong>Informaci\u00f3n Nutricional (por cada 4 comprimidos):<\/strong><\/p>\n<ul>\n<li><strong>Vitamina B6<\/strong>: Contribuye al metabolismo de las prote\u00ednas y al funcionamiento normal del sistema inmunol\u00f3gico.<\/li>\n<li><strong>Magnesio<\/strong>: Importante para la funci\u00f3n muscular y la s\u00edntesis de prote\u00ednas.<\/li>\n<li><strong>Zinc<\/strong>: Esencial para la salud hormonal y el sistema inmunol\u00f3gico.<\/li>\n<li><strong>Boro<\/strong>: Agregado para mejorar la biodisponibilidad de los minerales.<\/li>\n<\/ul>\n<figure id=\"attachment_6576\" aria-describedby=\"caption-attachment-6576\" style=\"width: 1080px\" class=\"wp-caption alignnone\"><img loading=\"lazy\" decoding=\"async\" class=\"size-full wp-image-6576\" src=\"https:\/\/www.demusculos.com\/web\/wp-content\/uploads\/2024\/03\/zma-b-hoch-sport-3.jpg\" alt=\"ZMA-B de Hoch Sport\" width=\"1080\" height=\"1080\" srcset=\"https:\/\/www.demusculos.com\/web\/wp-content\/uploads\/2024\/03\/zma-b-hoch-sport-3.jpg 1080w, https:\/\/www.demusculos.com\/web\/wp-content\/uploads\/2024\/03\/zma-b-hoch-sport-3-300x300.jpg 300w, https:\/\/www.demusculos.com\/web\/wp-content\/uploads\/2024\/03\/zma-b-hoch-sport-3-150x150.jpg 150w, https:\/\/www.demusculos.com\/web\/wp-content\/uploads\/2024\/03\/zma-b-hoch-sport-3-800x800.jpg 800w, https:\/\/www.demusculos.com\/web\/wp-content\/uploads\/2024\/03\/zma-b-hoch-sport-3-1024x1024.jpg 1024w, https:\/\/www.demusculos.com\/web\/wp-content\/uploads\/2024\/03\/zma-b-hoch-sport-3-768x768.jpg 768w\" sizes=\"(max-width: 1080px) 100vw, 1080px\" \/><figcaption id=\"caption-attachment-6576\" class=\"wp-caption-text\">Beneficios del BORO<\/figcaption><\/figure>\n<figure id=\"attachment_6577\" aria-describedby=\"caption-attachment-6577\" style=\"width: 1080px\" class=\"wp-caption alignnone\"><img loading=\"lazy\" decoding=\"async\" class=\"size-full wp-image-6577\" src=\"https:\/\/www.demusculos.com\/web\/wp-content\/uploads\/2024\/03\/zma-b-hoch-sport-4.jpg\" alt=\"ZMA-B de Hoch Sport\" width=\"1080\" height=\"1080\" srcset=\"https:\/\/www.demusculos.com\/web\/wp-content\/uploads\/2024\/03\/zma-b-hoch-sport-4.jpg 1080w, https:\/\/www.demusculos.com\/web\/wp-content\/uploads\/2024\/03\/zma-b-hoch-sport-4-300x300.jpg 300w, https:\/\/www.demusculos.com\/web\/wp-content\/uploads\/2024\/03\/zma-b-hoch-sport-4-150x150.jpg 150w, https:\/\/www.demusculos.com\/web\/wp-content\/uploads\/2024\/03\/zma-b-hoch-sport-4-800x800.jpg 800w, https:\/\/www.demusculos.com\/web\/wp-content\/uploads\/2024\/03\/zma-b-hoch-sport-4-1024x1024.jpg 1024w, https:\/\/www.demusculos.com\/web\/wp-content\/uploads\/2024\/03\/zma-b-hoch-sport-4-768x768.jpg 768w\" sizes=\"(max-width: 1080px) 100vw, 1080px\" \/><figcaption id=\"caption-attachment-6577\" class=\"wp-caption-text\">Contiene magnesio y zinc<\/figcaption><\/figure>\n<figure id=\"attachment_6737\" aria-describedby=\"caption-attachment-6737\" style=\"width: 1080px\" class=\"wp-caption alignnone\"><img loading=\"lazy\" decoding=\"async\" class=\"size-full wp-image-6737\" src=\"https:\/\/www.demusculos.com\/web\/wp-content\/uploads\/2024\/03\/zma-b-hoch-sport-5.jpg\" alt=\"ZMA-B de Hoch Sport\" width=\"1080\" height=\"1080\" srcset=\"https:\/\/www.demusculos.com\/web\/wp-content\/uploads\/2024\/03\/zma-b-hoch-sport-5.jpg 1080w, https:\/\/www.demusculos.com\/web\/wp-content\/uploads\/2024\/03\/zma-b-hoch-sport-5-300x300.jpg 300w, https:\/\/www.demusculos.com\/web\/wp-content\/uploads\/2024\/03\/zma-b-hoch-sport-5-150x150.jpg 150w, https:\/\/www.demusculos.com\/web\/wp-content\/uploads\/2024\/03\/zma-b-hoch-sport-5-800x800.jpg 800w, https:\/\/www.demusculos.com\/web\/wp-content\/uploads\/2024\/03\/zma-b-hoch-sport-5-1024x1024.jpg 1024w, https:\/\/www.demusculos.com\/web\/wp-content\/uploads\/2024\/03\/zma-b-hoch-sport-5-768x768.jpg 768w\" sizes=\"(max-width: 1080px) 100vw, 1080px\" \/><figcaption id=\"caption-attachment-6737\" class=\"wp-caption-text\">Informaci\u00f3n nutricional<\/figcaption><\/figure>\n","protected":false},"excerpt":{"rendered":"<p>Aumento de testo, rendimiento y masa muscular. Masa muscular magra, libre de grasas<\/p>\n","protected":false},"featured_media":1461,"comment_status":"closed","ping_status":"closed","template":"","meta":[],"product_brand":[237],"product_cat":[42],"product_tag":[20,104],"class_list":{"0":"post-1460","1":"product","2":"type-product","3":"status-publish","4":"has-post-thumbnail","6":"product_brand-hoch-sport","7":"product_cat-hormonales-y-testo","8":"product_tag-hoch-sport","9":"product_tag-testosterona","11":"first","12":"instock","13":"sale","14":"shipping-taxable","15":"purchasable","16":"product-type-simple"},"yoast_head":"<!-- This site is optimized with the Yoast SEO plugin v27.4 - https:\/\/yoast.com\/product\/yoast-seo-wordpress\/ -->\n<title>ZMA-B | Hoch Sport | 120 c\u00e1psulas | Zinc | Magnesio<\/title>\n<meta name=\"description\" content=\"ZMA-B de Hoch Sport es un suplemento natural con zinc y magnesio que tiene como objetivo aumentar los niveles de testosterona. Rendimiento. Masa muscular.\" \/>\n<meta name=\"robots\" content=\"index, follow, max-snippet:-1, max-image-preview:large, max-video-preview:-1\" \/>\n<link rel=\"canonical\" href=\"https:\/\/www.demusculos.com\/web\/producto\/zma-b-x120-de-hoch-sport-zinc-y-magnesio\/\" \/>\n<meta property=\"og:locale\" content=\"es_ES\" \/>\n<meta property=\"og:type\" content=\"article\" \/>\n<meta property=\"og:title\" content=\"ZMA-B | Hoch Sport | 120 c\u00e1psulas | Zinc | Magnesio\" \/>\n<meta property=\"og:description\" content=\"ZMA-B de Hoch Sport es un suplemento natural con zinc y magnesio que tiene como objetivo aumentar los niveles de testosterona. Rendimiento. Masa muscular.\" \/>\n<meta property=\"og:url\" content=\"https:\/\/www.demusculos.com\/web\/producto\/zma-b-x120-de-hoch-sport-zinc-y-magnesio\/\" \/>\n<meta property=\"og:site_name\" content=\"DeMusculos\" \/>\n<meta property=\"article:publisher\" content=\"https:\/\/www.facebook.com\/demusculos\" \/>\n<meta property=\"article:modified_time\" content=\"2026-04-09T15:52:47+00:00\" \/>\n<meta property=\"og:image\" content=\"https:\/\/www.demusculos.com\/web\/wp-content\/uploads\/2024\/03\/zma-b-hoch-sport-01.jpg\" \/>\n\t<meta property=\"og:image:width\" content=\"1200\" \/>\n\t<meta property=\"og:image:height\" content=\"1200\" \/>\n\t<meta property=\"og:image:type\" content=\"image\/jpeg\" \/>\n<meta name=\"twitter:card\" content=\"summary_large_image\" \/>\n<meta name=\"twitter:site\" content=\"@demusculos\" \/>\n<meta name=\"twitter:label1\" content=\"Tiempo de lectura\" \/>\n\t<meta name=\"twitter:data1\" content=\"3 minutos\" \/>\n<script type=\"application\/ld+json\" class=\"yoast-schema-graph\">{\"@context\":\"https:\\\/\\\/schema.org\",\"@graph\":[{\"@type\":\"WebPage\",\"@id\":\"https:\\\/\\\/www.demusculos.com\\\/web\\\/producto\\\/zma-b-x120-de-hoch-sport-zinc-y-magnesio\\\/\",\"url\":\"https:\\\/\\\/www.demusculos.com\\\/web\\\/producto\\\/zma-b-x120-de-hoch-sport-zinc-y-magnesio\\\/\",\"name\":\"ZMA-B | Hoch Sport | 120 c\u00e1psulas | Zinc | Magnesio\",\"isPartOf\":{\"@id\":\"https:\\\/\\\/www.demusculos.com\\\/web\\\/#website\"},\"primaryImageOfPage\":{\"@id\":\"https:\\\/\\\/www.demusculos.com\\\/web\\\/producto\\\/zma-b-x120-de-hoch-sport-zinc-y-magnesio\\\/#primaryimage\"},\"image\":{\"@id\":\"https:\\\/\\\/www.demusculos.com\\\/web\\\/producto\\\/zma-b-x120-de-hoch-sport-zinc-y-magnesio\\\/#primaryimage\"},\"thumbnailUrl\":\"https:\\\/\\\/www.demusculos.com\\\/web\\\/wp-content\\\/uploads\\\/2024\\\/03\\\/zma-b-hoch-sport-01.jpg\",\"datePublished\":\"2024-03-04T01:26:09+00:00\",\"dateModified\":\"2026-04-09T15:52:47+00:00\",\"description\":\"ZMA-B de Hoch Sport es un suplemento natural con zinc y magnesio que tiene como objetivo aumentar los niveles de testosterona. Rendimiento. Masa muscular.\",\"breadcrumb\":{\"@id\":\"https:\\\/\\\/www.demusculos.com\\\/web\\\/producto\\\/zma-b-x120-de-hoch-sport-zinc-y-magnesio\\\/#breadcrumb\"},\"inLanguage\":\"es\",\"potentialAction\":[{\"@type\":\"ReadAction\",\"target\":[\"https:\\\/\\\/www.demusculos.com\\\/web\\\/producto\\\/zma-b-x120-de-hoch-sport-zinc-y-magnesio\\\/\"]}]},{\"@type\":\"ImageObject\",\"inLanguage\":\"es\",\"@id\":\"https:\\\/\\\/www.demusculos.com\\\/web\\\/producto\\\/zma-b-x120-de-hoch-sport-zinc-y-magnesio\\\/#primaryimage\",\"url\":\"https:\\\/\\\/www.demusculos.com\\\/web\\\/wp-content\\\/uploads\\\/2024\\\/03\\\/zma-b-hoch-sport-01.jpg\",\"contentUrl\":\"https:\\\/\\\/www.demusculos.com\\\/web\\\/wp-content\\\/uploads\\\/2024\\\/03\\\/zma-b-hoch-sport-01.jpg\",\"width\":1200,\"height\":1200,\"caption\":\"ZMA-B de Hoch Sport x120 c\u00e1psulas\"},{\"@type\":\"BreadcrumbList\",\"@id\":\"https:\\\/\\\/www.demusculos.com\\\/web\\\/producto\\\/zma-b-x120-de-hoch-sport-zinc-y-magnesio\\\/#breadcrumb\",\"itemListElement\":[{\"@type\":\"ListItem\",\"position\":1,\"name\":\"Inicio\",\"item\":\"https:\\\/\\\/www.demusculos.com\\\/web\\\/\"},{\"@type\":\"ListItem\",\"position\":2,\"name\":\"Suplementos\",\"item\":\"https:\\\/\\\/www.demusculos.com\\\/web\\\/tienda\\\/\"},{\"@type\":\"ListItem\",\"position\":3,\"name\":\"ZMA-B x120 de Hoch Sport Zinc y Magnesio\"}]},{\"@type\":\"WebSite\",\"@id\":\"https:\\\/\\\/www.demusculos.com\\\/web\\\/#website\",\"url\":\"https:\\\/\\\/www.demusculos.com\\\/web\\\/\",\"name\":\"DeMusculos.com\",\"description\":\"Suplementos Naturales\",\"publisher\":{\"@id\":\"https:\\\/\\\/www.demusculos.com\\\/web\\\/#organization\"},\"alternateName\":\"Suplementos Naturales\",\"potentialAction\":[{\"@type\":\"SearchAction\",\"target\":{\"@type\":\"EntryPoint\",\"urlTemplate\":\"https:\\\/\\\/www.demusculos.com\\\/web\\\/?s={search_term_string}\"},\"query-input\":{\"@type\":\"PropertyValueSpecification\",\"valueRequired\":true,\"valueName\":\"search_term_string\"}}],\"inLanguage\":\"es\"},{\"@type\":\"Organization\",\"@id\":\"https:\\\/\\\/www.demusculos.com\\\/web\\\/#organization\",\"name\":\"DeMusculos.com\",\"alternateName\":\"DeMusculos\",\"url\":\"https:\\\/\\\/www.demusculos.com\\\/web\\\/\",\"logo\":{\"@type\":\"ImageObject\",\"inLanguage\":\"es\",\"@id\":\"https:\\\/\\\/www.demusculos.com\\\/web\\\/#\\\/schema\\\/logo\\\/image\\\/\",\"url\":\"https:\\\/\\\/www.demusculos.com\\\/web\\\/wp-content\\\/uploads\\\/2024\\\/02\\\/logo-demusculos-prestashop-usuario.png\",\"contentUrl\":\"https:\\\/\\\/www.demusculos.com\\\/web\\\/wp-content\\\/uploads\\\/2024\\\/02\\\/logo-demusculos-prestashop-usuario.png\",\"width\":150,\"height\":150,\"caption\":\"DeMusculos.com\"},\"image\":{\"@id\":\"https:\\\/\\\/www.demusculos.com\\\/web\\\/#\\\/schema\\\/logo\\\/image\\\/\"},\"sameAs\":[\"https:\\\/\\\/www.facebook.com\\\/demusculos\",\"https:\\\/\\\/x.com\\\/demusculos\",\"https:\\\/\\\/www.instagram.com\\\/demusculos\",\"https:\\\/\\\/www.tiktok.com\\\/@demusculos.com\"]}]}<\/script>\n<!-- \/ Yoast SEO plugin. -->","yoast_head_json":{"title":"ZMA-B | Hoch Sport | 120 c\u00e1psulas | Zinc | Magnesio","description":"ZMA-B de Hoch Sport es un suplemento natural con zinc y magnesio que tiene como objetivo aumentar los niveles de testosterona. Rendimiento. Masa muscular.","robots":{"index":"index","follow":"follow","max-snippet":"max-snippet:-1","max-image-preview":"max-image-preview:large","max-video-preview":"max-video-preview:-1"},"canonical":"https:\/\/www.demusculos.com\/web\/producto\/zma-b-x120-de-hoch-sport-zinc-y-magnesio\/","og_locale":"es_ES","og_type":"article","og_title":"ZMA-B | Hoch Sport | 120 c\u00e1psulas | Zinc | Magnesio","og_description":"ZMA-B de Hoch Sport es un suplemento natural con zinc y magnesio que tiene como objetivo aumentar los niveles de testosterona. Rendimiento. Masa muscular.","og_url":"https:\/\/www.demusculos.com\/web\/producto\/zma-b-x120-de-hoch-sport-zinc-y-magnesio\/","og_site_name":"DeMusculos","article_publisher":"https:\/\/www.facebook.com\/demusculos","article_modified_time":"2026-04-09T15:52:47+00:00","og_image":[{"width":1200,"height":1200,"url":"https:\/\/www.demusculos.com\/web\/wp-content\/uploads\/2024\/03\/zma-b-hoch-sport-01.jpg","type":"image\/jpeg"}],"twitter_card":"summary_large_image","twitter_site":"@demusculos","twitter_misc":{"Tiempo de lectura":"3 minutos"},"schema":{"@context":"https:\/\/schema.org","@graph":[{"@type":"WebPage","@id":"https:\/\/www.demusculos.com\/web\/producto\/zma-b-x120-de-hoch-sport-zinc-y-magnesio\/","url":"https:\/\/www.demusculos.com\/web\/producto\/zma-b-x120-de-hoch-sport-zinc-y-magnesio\/","name":"ZMA-B | Hoch Sport | 120 c\u00e1psulas | Zinc | Magnesio","isPartOf":{"@id":"https:\/\/www.demusculos.com\/web\/#website"},"primaryImageOfPage":{"@id":"https:\/\/www.demusculos.com\/web\/producto\/zma-b-x120-de-hoch-sport-zinc-y-magnesio\/#primaryimage"},"image":{"@id":"https:\/\/www.demusculos.com\/web\/producto\/zma-b-x120-de-hoch-sport-zinc-y-magnesio\/#primaryimage"},"thumbnailUrl":"https:\/\/www.demusculos.com\/web\/wp-content\/uploads\/2024\/03\/zma-b-hoch-sport-01.jpg","datePublished":"2024-03-04T01:26:09+00:00","dateModified":"2026-04-09T15:52:47+00:00","description":"ZMA-B de Hoch Sport es un suplemento natural con zinc y magnesio que tiene como objetivo aumentar los niveles de testosterona. Rendimiento. Masa muscular.","breadcrumb":{"@id":"https:\/\/www.demusculos.com\/web\/producto\/zma-b-x120-de-hoch-sport-zinc-y-magnesio\/#breadcrumb"},"inLanguage":"es","potentialAction":[{"@type":"ReadAction","target":["https:\/\/www.demusculos.com\/web\/producto\/zma-b-x120-de-hoch-sport-zinc-y-magnesio\/"]}]},{"@type":"ImageObject","inLanguage":"es","@id":"https:\/\/www.demusculos.com\/web\/producto\/zma-b-x120-de-hoch-sport-zinc-y-magnesio\/#primaryimage","url":"https:\/\/www.demusculos.com\/web\/wp-content\/uploads\/2024\/03\/zma-b-hoch-sport-01.jpg","contentUrl":"https:\/\/www.demusculos.com\/web\/wp-content\/uploads\/2024\/03\/zma-b-hoch-sport-01.jpg","width":1200,"height":1200,"caption":"ZMA-B de Hoch Sport x120 c\u00e1psulas"},{"@type":"BreadcrumbList","@id":"https:\/\/www.demusculos.com\/web\/producto\/zma-b-x120-de-hoch-sport-zinc-y-magnesio\/#breadcrumb","itemListElement":[{"@type":"ListItem","position":1,"name":"Inicio","item":"https:\/\/www.demusculos.com\/web\/"},{"@type":"ListItem","position":2,"name":"Suplementos","item":"https:\/\/www.demusculos.com\/web\/tienda\/"},{"@type":"ListItem","position":3,"name":"ZMA-B x120 de Hoch Sport Zinc y Magnesio"}]},{"@type":"WebSite","@id":"https:\/\/www.demusculos.com\/web\/#website","url":"https:\/\/www.demusculos.com\/web\/","name":"DeMusculos.com","description":"Suplementos Naturales","publisher":{"@id":"https:\/\/www.demusculos.com\/web\/#organization"},"alternateName":"Suplementos Naturales","potentialAction":[{"@type":"SearchAction","target":{"@type":"EntryPoint","urlTemplate":"https:\/\/www.demusculos.com\/web\/?s={search_term_string}"},"query-input":{"@type":"PropertyValueSpecification","valueRequired":true,"valueName":"search_term_string"}}],"inLanguage":"es"},{"@type":"Organization","@id":"https:\/\/www.demusculos.com\/web\/#organization","name":"DeMusculos.com","alternateName":"DeMusculos","url":"https:\/\/www.demusculos.com\/web\/","logo":{"@type":"ImageObject","inLanguage":"es","@id":"https:\/\/www.demusculos.com\/web\/#\/schema\/logo\/image\/","url":"https:\/\/www.demusculos.com\/web\/wp-content\/uploads\/2024\/02\/logo-demusculos-prestashop-usuario.png","contentUrl":"https:\/\/www.demusculos.com\/web\/wp-content\/uploads\/2024\/02\/logo-demusculos-prestashop-usuario.png","width":150,"height":150,"caption":"DeMusculos.com"},"image":{"@id":"https:\/\/www.demusculos.com\/web\/#\/schema\/logo\/image\/"},"sameAs":["https:\/\/www.facebook.com\/demusculos","https:\/\/x.com\/demusculos","https:\/\/www.instagram.com\/demusculos","https:\/\/www.tiktok.com\/@demusculos.com"]}]}},"_links":{"self":[{"href":"https:\/\/www.demusculos.com\/web\/wp-json\/wp\/v2\/product\/1460","targetHints":{"allow":["GET"]}}],"collection":[{"href":"https:\/\/www.demusculos.com\/web\/wp-json\/wp\/v2\/product"}],"about":[{"href":"https:\/\/www.demusculos.com\/web\/wp-json\/wp\/v2\/types\/product"}],"replies":[{"embeddable":true,"href":"https:\/\/www.demusculos.com\/web\/wp-json\/wp\/v2\/comments?post=1460"}],"wp:featuredmedia":[{"embeddable":true,"href":"https:\/\/www.demusculos.com\/web\/wp-json\/wp\/v2\/media\/1461"}],"wp:attachment":[{"href":"https:\/\/www.demusculos.com\/web\/wp-json\/wp\/v2\/media?parent=1460"}],"wp:term":[{"taxonomy":"product_brand","embeddable":true,"href":"https:\/\/www.demusculos.com\/web\/wp-json\/wp\/v2\/product_brand?post=1460"},{"taxonomy":"product_cat","embeddable":true,"href":"https:\/\/www.demusculos.com\/web\/wp-json\/wp\/v2\/product_cat?post=1460"},{"taxonomy":"product_tag","embeddable":true,"href":"https:\/\/www.demusculos.com\/web\/wp-json\/wp\/v2\/product_tag?post=1460"}],"curies":[{"name":"wp","href":"https:\/\/api.w.org\/{rel}","templated":true}]}}