{"id":1467,"date":"2024-03-04T07:59:22","date_gmt":"2024-03-04T10:59:22","guid":{"rendered":"https:\/\/www.demusculos.com\/web\/?post_type=product&#038;p=1467"},"modified":"2026-03-04T19:06:28","modified_gmt":"2026-03-04T22:06:28","slug":"carbo-complex-1-kg-de-mervick","status":"publish","type":"product","link":"https:\/\/www.demusculos.com\/web\/producto\/carbo-complex-1-kg-de-mervick\/","title":{"rendered":"Carbo Complex 1 kg de Mervick"},"content":{"rendered":"<h1><strong>Carbo Complex Mervick: Potencia Tu Rendimiento con la Mejor Nutrici\u00f3n<\/strong><\/h1>\n<p>Carbo Complex Mervick es ideal para aumentar la energ\u00eda antes, durante y luego de cualquier entrenamiento fisicico.<\/p>\n<figure id=\"attachment_727\" aria-describedby=\"caption-attachment-727\" style=\"width: 300px\" class=\"wp-caption alignnone\"><img decoding=\"async\" class=\"size-full wp-image-727\" src=\"https:\/\/www.demusculos.com\/web\/wp-content\/uploads\/2024\/02\/logo-mervick.webp\" alt=\"Suplementos deportivos Mervick Lab.\" width=\"300\" height=\"60\" srcset=\"https:\/\/www.demusculos.com\/web\/wp-content\/uploads\/2024\/02\/logo-mervick.webp 300w, https:\/\/www.demusculos.com\/web\/wp-content\/uploads\/2024\/02\/logo-mervick-150x30.webp 150w\" sizes=\"(max-width: 300px) 100vw, 300px\" \/><figcaption id=\"caption-attachment-727\" class=\"wp-caption-text\">Los mejores suplementos deportivos son Mervick Lab.<\/figcaption><\/figure>\n<p><img fetchpriority=\"high\" decoding=\"async\" class=\"alignnone wp-image-5364 size-full\" src=\"https:\/\/www.demusculos.com\/web\/wp-content\/uploads\/2024\/03\/carbo-complex-mervick-1.jpg\" alt=\"Carbo Complex x1 kg de Mervick. Fabricado por Mervick Lab.\" width=\"1080\" height=\"1080\" srcset=\"https:\/\/www.demusculos.com\/web\/wp-content\/uploads\/2024\/03\/carbo-complex-mervick-1.jpg 1080w, https:\/\/www.demusculos.com\/web\/wp-content\/uploads\/2024\/03\/carbo-complex-mervick-1-300x300.jpg 300w, https:\/\/www.demusculos.com\/web\/wp-content\/uploads\/2024\/03\/carbo-complex-mervick-1-150x150.jpg 150w, https:\/\/www.demusculos.com\/web\/wp-content\/uploads\/2024\/03\/carbo-complex-mervick-1-800x800.jpg 800w, https:\/\/www.demusculos.com\/web\/wp-content\/uploads\/2024\/03\/carbo-complex-mervick-1-1024x1024.jpg 1024w, https:\/\/www.demusculos.com\/web\/wp-content\/uploads\/2024\/03\/carbo-complex-mervick-1-768x768.jpg 768w\" sizes=\"(max-width: 1080px) 100vw, 1080px\" \/><\/p>\n<h2><strong>\u00bfPor qu\u00e9 elegir Carbo Complex Mervick?<\/strong><\/h2>\n<h3><strong>1. Maximiza tu Entrenamiento<\/strong><\/h3>\n<p>Carbo Complex es la elecci\u00f3n inteligente para atletas que buscan un rendimiento \u00f3ptimo. No basta con entrenar duro; tambi\u00e9n necesitas alimentar tu cuerpo adecuadamente. Nuestra f\u00f3rmula \u00fanica combina carbohidratos simples y complejos para proporcionarte la energ\u00eda necesaria durante tus sesiones de entrenamiento.<\/p>\n<h3><strong>2. Carbohidratos al 100%<\/strong><\/h3>\n<p>Cada porci\u00f3n de 50 gramos de Carbo Complex te brinda una excelente combinaci\u00f3n de carbohidratos al 100%. \u00bfPor qu\u00e9 conformarte con menos cuando puedes obtener lo mejor?<\/p>\n<h3><strong>3. La Nutrici\u00f3n como Aliada<\/strong><\/h3>\n<p>No subestimes el poder de la nutrici\u00f3n. Carbo Complex te ayuda a alcanzar tus objetivos al considerar tanto el entrenamiento como la alimentaci\u00f3n. Es el complemento perfecto para tu rutina de ejercicios.<\/p>\n<div class=\"video-container\"><iframe title=\"Carbo Energy de Mervick Lab\" width=\"563\" height=\"1000\" src=\"https:\/\/www.youtube.com\/embed\/DjTOcPhVqBc?feature=oembed\" frameborder=\"0\" allow=\"accelerometer; autoplay; clipboard-write; encrypted-media; gyroscope; picture-in-picture; web-share\" referrerpolicy=\"strict-origin-when-cross-origin\" allowfullscreen><\/iframe><\/div>\n<h2><strong>Informaci\u00f3n Nutricional<\/strong><\/h2>\n<ul>\n<li><strong>Calor\u00edas<\/strong>: 200 por porci\u00f3n<\/li>\n<li><strong>Maltodextrina<\/strong>: 30 g<\/li>\n<li><strong>Dextrosa<\/strong>: 15 g<\/li>\n<li><strong>Fructosa<\/strong>: 5 g<\/li>\n<\/ul>\n<h2><strong>Modo de Uso<\/strong><\/h2>\n<p>Disuelve 50 g de Carbo Complex en 250 cc de agua, leche o jugo. T\u00f3malo antes y durante tu entrenamiento para mantener tu energ\u00eda al m\u00e1ximo.<\/p>\n<figure id=\"attachment_5365\" aria-describedby=\"caption-attachment-5365\" style=\"width: 1080px\" class=\"wp-caption alignnone\"><img decoding=\"async\" class=\"wp-image-5365 size-full\" src=\"https:\/\/www.demusculos.com\/web\/wp-content\/uploads\/2024\/03\/carbo-complex-mervick-2.jpg\" alt=\"Beneficios de Carbo Complex x1 de Mervick Lab\" width=\"1080\" height=\"1080\" srcset=\"https:\/\/www.demusculos.com\/web\/wp-content\/uploads\/2024\/03\/carbo-complex-mervick-2.jpg 1080w, https:\/\/www.demusculos.com\/web\/wp-content\/uploads\/2024\/03\/carbo-complex-mervick-2-300x300.jpg 300w, https:\/\/www.demusculos.com\/web\/wp-content\/uploads\/2024\/03\/carbo-complex-mervick-2-150x150.jpg 150w, https:\/\/www.demusculos.com\/web\/wp-content\/uploads\/2024\/03\/carbo-complex-mervick-2-800x800.jpg 800w, https:\/\/www.demusculos.com\/web\/wp-content\/uploads\/2024\/03\/carbo-complex-mervick-2-1024x1024.jpg 1024w, https:\/\/www.demusculos.com\/web\/wp-content\/uploads\/2024\/03\/carbo-complex-mervick-2-768x768.jpg 768w\" sizes=\"(max-width: 1080px) 100vw, 1080px\" \/><figcaption id=\"caption-attachment-5365\" class=\"wp-caption-text\">Las im\u00e1genes del producto son ilustrativas, el fabricante puede cambiar el dise\u00f1o sin previo aviso.<\/figcaption><\/figure>\n<h2><strong>Importancia de Carbo Complex Mervick<\/strong><\/h2>\n<p>Los carbohidratos juegan un papel crucial en el rendimiento deportivo debido a varias razones clave:<\/p>\n<ol>\n<li><strong>Fuente Principal de Energ\u00eda<\/strong>: Los carbohidratos son la principal fuente de energ\u00eda para el cuerpo durante el ejercicio, especialmente en actividades de alta intensidad. Se almacenan en los m\u00fasculos y el h\u00edgado en forma de gluc\u00f3geno, que puede ser r\u00e1pidamente convertido en glucosa para ser utilizado como combustible.<\/li>\n<li><strong>Rendimiento y Resistencia<\/strong>: Durante ejercicios prolongados, como correr maratones o ciclismo de larga distancia, las reservas de gluc\u00f3geno pueden agotarse, lo que lleva a la fatiga. Consumir una cantidad adecuada de carbohidratos ayuda a mantener los niveles de gluc\u00f3geno, mejorando la resistencia y el rendimiento.<\/li>\n<li><strong>Recuperaci\u00f3n Muscular<\/strong>: Despu\u00e9s del ejercicio, especialmente si ha sido intenso o de larga duraci\u00f3n, las reservas de gluc\u00f3geno deben ser repuestas para facilitar la recuperaci\u00f3n. Consumir carbohidratos post-entrenamiento ayuda a acelerar la recuperaci\u00f3n y a preparar al cuerpo para la siguiente sesi\u00f3n de ejercicio.<\/li>\n<li><strong>Preservaci\u00f3n de la Masa Muscular<\/strong>: En ausencia de carbohidratos, el cuerpo puede recurrir a las prote\u00ednas (m\u00fasculos) para obtener energ\u00eda, lo cual no es ideal para los atletas que buscan mantener o aumentar su masa muscular. Consumir suficientes carbohidratos ayuda a preservar la masa muscular al proporcionar una fuente alternativa de energ\u00eda.<\/li>\n<li><strong>Mejora del Rendimiento Mental<\/strong>: El cerebro tambi\u00e9n utiliza glucosa como su principal fuente de energ\u00eda. Durante el ejercicio, especialmente en deportes que requieren concentraci\u00f3n y toma de decisiones r\u00e1pidas, mantener niveles adecuados de glucosa puede mejorar el rendimiento cognitivo.<\/li>\n<\/ol>\n<figure id=\"attachment_5366\" aria-describedby=\"caption-attachment-5366\" style=\"width: 1080px\" class=\"wp-caption alignnone\"><img loading=\"lazy\" decoding=\"async\" class=\"wp-image-5366 size-full\" src=\"https:\/\/www.demusculos.com\/web\/wp-content\/uploads\/2024\/03\/carbo-complex-mervick-3.jpg\" alt=\"Ingredientes de Carbo Complex x1 kg de Mervick\" width=\"1080\" height=\"1080\" srcset=\"https:\/\/www.demusculos.com\/web\/wp-content\/uploads\/2024\/03\/carbo-complex-mervick-3.jpg 1080w, https:\/\/www.demusculos.com\/web\/wp-content\/uploads\/2024\/03\/carbo-complex-mervick-3-300x300.jpg 300w, https:\/\/www.demusculos.com\/web\/wp-content\/uploads\/2024\/03\/carbo-complex-mervick-3-150x150.jpg 150w, https:\/\/www.demusculos.com\/web\/wp-content\/uploads\/2024\/03\/carbo-complex-mervick-3-800x800.jpg 800w, https:\/\/www.demusculos.com\/web\/wp-content\/uploads\/2024\/03\/carbo-complex-mervick-3-1024x1024.jpg 1024w, https:\/\/www.demusculos.com\/web\/wp-content\/uploads\/2024\/03\/carbo-complex-mervick-3-768x768.jpg 768w\" sizes=\"(max-width: 1080px) 100vw, 1080px\" \/><figcaption id=\"caption-attachment-5366\" class=\"wp-caption-text\">Las im\u00e1genes del producto son ilustrativas, el fabricante puede cambiar el dise\u00f1o sin previo aviso.<\/figcaption><\/figure>\n<h3>Recomendaciones para los Deportistas<\/h3>\n<ul>\n<li><strong>Antes del Ejercicio<\/strong>: Consumir una comida rica en carbohidratos de 3 a 4 horas antes del ejercicio para asegurar niveles \u00f3ptimos de gluc\u00f3geno.<\/li>\n<li><strong>Durante el Ejercicio<\/strong>: Para actividades que duran m\u00e1s de 60 minutos, se recomienda consumir carbohidratos adicionales (como bebidas deportivas o geles) para mantener los niveles de energ\u00eda.<\/li>\n<li><strong>Despu\u00e9s del Ejercicio<\/strong>: Ingerir carbohidratos dentro de las primeras dos horas despu\u00e9s del ejercicio para maximizar la reposici\u00f3n de gluc\u00f3geno.<\/li>\n<\/ul>\n","protected":false},"excerpt":{"rendered":"<p>Hidratos de carbono \/ carbohidratos. Fuente de energ\u00eda. M\u00e1s energ\u00eda durante el entrenamiento.<\/p>\n","protected":false},"featured_media":1468,"comment_status":"closed","ping_status":"closed","template":"","meta":[],"product_brand":[224],"product_cat":[59],"product_tag":[86,58],"class_list":{"0":"post-1467","1":"product","2":"type-product","3":"status-publish","4":"has-post-thumbnail","6":"product_brand-mervick-lab","7":"product_cat-energia","8":"product_tag-energia","9":"product_tag-mervick","11":"first","12":"instock","13":"sale","14":"shipping-taxable","15":"purchasable","16":"product-type-simple"},"yoast_head":"<!-- This site is optimized with the Yoast SEO plugin v27.4 - https:\/\/yoast.com\/product\/yoast-seo-wordpress\/ -->\n<title>Carbo Complex Mervick | Carbohidratos | Energ\u00eda | DeMusculos<\/title>\n<meta name=\"description\" content=\"Carbo Complex Mervick. Energ\u00eda antes, durante y luego de tus entrenamientos. Para todos los deportes. Env\u00edo a toda la Argentina. Pago en cuotas\" \/>\n<meta name=\"robots\" content=\"index, follow, max-snippet:-1, max-image-preview:large, max-video-preview:-1\" \/>\n<link rel=\"canonical\" href=\"https:\/\/www.demusculos.com\/web\/producto\/carbo-complex-1-kg-de-mervick\/\" \/>\n<meta property=\"og:locale\" content=\"es_ES\" \/>\n<meta property=\"og:type\" content=\"article\" \/>\n<meta property=\"og:title\" content=\"Carbo Complex Mervick | Carbohidratos | Energ\u00eda | DeMusculos\" \/>\n<meta property=\"og:description\" content=\"Carbo Complex Mervick. Energ\u00eda antes, durante y luego de tus entrenamientos. Para todos los deportes. Env\u00edo a toda la Argentina. Pago en cuotas\" \/>\n<meta property=\"og:url\" content=\"https:\/\/www.demusculos.com\/web\/producto\/carbo-complex-1-kg-de-mervick\/\" \/>\n<meta property=\"og:site_name\" content=\"DeMusculos\" \/>\n<meta property=\"article:publisher\" content=\"https:\/\/www.facebook.com\/demusculos\" \/>\n<meta property=\"article:modified_time\" content=\"2026-03-04T22:06:28+00:00\" \/>\n<meta property=\"og:image\" content=\"https:\/\/www.demusculos.com\/web\/wp-content\/uploads\/2024\/03\/carbo-complex-mervick-pote.jpg\" \/>\n\t<meta property=\"og:image:width\" content=\"1200\" \/>\n\t<meta property=\"og:image:height\" content=\"1200\" \/>\n\t<meta property=\"og:image:type\" content=\"image\/jpeg\" \/>\n<meta name=\"twitter:card\" content=\"summary_large_image\" \/>\n<meta name=\"twitter:site\" content=\"@demusculos\" \/>\n<meta name=\"twitter:label1\" content=\"Tiempo de lectura\" \/>\n\t<meta name=\"twitter:data1\" content=\"4 minutos\" \/>\n<script type=\"application\/ld+json\" class=\"yoast-schema-graph\">{\"@context\":\"https:\\\/\\\/schema.org\",\"@graph\":[{\"@type\":\"WebPage\",\"@id\":\"https:\\\/\\\/www.demusculos.com\\\/web\\\/producto\\\/carbo-complex-1-kg-de-mervick\\\/\",\"url\":\"https:\\\/\\\/www.demusculos.com\\\/web\\\/producto\\\/carbo-complex-1-kg-de-mervick\\\/\",\"name\":\"Carbo Complex Mervick | Carbohidratos | Energ\u00eda | DeMusculos\",\"isPartOf\":{\"@id\":\"https:\\\/\\\/www.demusculos.com\\\/web\\\/#website\"},\"primaryImageOfPage\":{\"@id\":\"https:\\\/\\\/www.demusculos.com\\\/web\\\/producto\\\/carbo-complex-1-kg-de-mervick\\\/#primaryimage\"},\"image\":{\"@id\":\"https:\\\/\\\/www.demusculos.com\\\/web\\\/producto\\\/carbo-complex-1-kg-de-mervick\\\/#primaryimage\"},\"thumbnailUrl\":\"https:\\\/\\\/www.demusculos.com\\\/web\\\/wp-content\\\/uploads\\\/2024\\\/03\\\/carbo-complex-mervick-pote.jpg\",\"datePublished\":\"2024-03-04T10:59:22+00:00\",\"dateModified\":\"2026-03-04T22:06:28+00:00\",\"description\":\"Carbo Complex Mervick. Energ\u00eda antes, durante y luego de tus entrenamientos. Para todos los deportes. Env\u00edo a toda la Argentina. Pago en cuotas\",\"breadcrumb\":{\"@id\":\"https:\\\/\\\/www.demusculos.com\\\/web\\\/producto\\\/carbo-complex-1-kg-de-mervick\\\/#breadcrumb\"},\"inLanguage\":\"es\",\"potentialAction\":[{\"@type\":\"ReadAction\",\"target\":[\"https:\\\/\\\/www.demusculos.com\\\/web\\\/producto\\\/carbo-complex-1-kg-de-mervick\\\/\"]}]},{\"@type\":\"ImageObject\",\"inLanguage\":\"es\",\"@id\":\"https:\\\/\\\/www.demusculos.com\\\/web\\\/producto\\\/carbo-complex-1-kg-de-mervick\\\/#primaryimage\",\"url\":\"https:\\\/\\\/www.demusculos.com\\\/web\\\/wp-content\\\/uploads\\\/2024\\\/03\\\/carbo-complex-mervick-pote.jpg\",\"contentUrl\":\"https:\\\/\\\/www.demusculos.com\\\/web\\\/wp-content\\\/uploads\\\/2024\\\/03\\\/carbo-complex-mervick-pote.jpg\",\"width\":1200,\"height\":1200,\"caption\":\"Carbo Complex 1 kg de Mervick\"},{\"@type\":\"BreadcrumbList\",\"@id\":\"https:\\\/\\\/www.demusculos.com\\\/web\\\/producto\\\/carbo-complex-1-kg-de-mervick\\\/#breadcrumb\",\"itemListElement\":[{\"@type\":\"ListItem\",\"position\":1,\"name\":\"Inicio\",\"item\":\"https:\\\/\\\/www.demusculos.com\\\/web\\\/\"},{\"@type\":\"ListItem\",\"position\":2,\"name\":\"Suplementos\",\"item\":\"https:\\\/\\\/www.demusculos.com\\\/web\\\/tienda\\\/\"},{\"@type\":\"ListItem\",\"position\":3,\"name\":\"Carbo Complex 1 kg de Mervick\"}]},{\"@type\":\"WebSite\",\"@id\":\"https:\\\/\\\/www.demusculos.com\\\/web\\\/#website\",\"url\":\"https:\\\/\\\/www.demusculos.com\\\/web\\\/\",\"name\":\"DeMusculos.com\",\"description\":\"Suplementos Naturales\",\"publisher\":{\"@id\":\"https:\\\/\\\/www.demusculos.com\\\/web\\\/#organization\"},\"alternateName\":\"Suplementos Naturales\",\"potentialAction\":[{\"@type\":\"SearchAction\",\"target\":{\"@type\":\"EntryPoint\",\"urlTemplate\":\"https:\\\/\\\/www.demusculos.com\\\/web\\\/?s={search_term_string}\"},\"query-input\":{\"@type\":\"PropertyValueSpecification\",\"valueRequired\":true,\"valueName\":\"search_term_string\"}}],\"inLanguage\":\"es\"},{\"@type\":\"Organization\",\"@id\":\"https:\\\/\\\/www.demusculos.com\\\/web\\\/#organization\",\"name\":\"DeMusculos.com\",\"alternateName\":\"DeMusculos\",\"url\":\"https:\\\/\\\/www.demusculos.com\\\/web\\\/\",\"logo\":{\"@type\":\"ImageObject\",\"inLanguage\":\"es\",\"@id\":\"https:\\\/\\\/www.demusculos.com\\\/web\\\/#\\\/schema\\\/logo\\\/image\\\/\",\"url\":\"https:\\\/\\\/www.demusculos.com\\\/web\\\/wp-content\\\/uploads\\\/2024\\\/02\\\/logo-demusculos-prestashop-usuario.png\",\"contentUrl\":\"https:\\\/\\\/www.demusculos.com\\\/web\\\/wp-content\\\/uploads\\\/2024\\\/02\\\/logo-demusculos-prestashop-usuario.png\",\"width\":150,\"height\":150,\"caption\":\"DeMusculos.com\"},\"image\":{\"@id\":\"https:\\\/\\\/www.demusculos.com\\\/web\\\/#\\\/schema\\\/logo\\\/image\\\/\"},\"sameAs\":[\"https:\\\/\\\/www.facebook.com\\\/demusculos\",\"https:\\\/\\\/x.com\\\/demusculos\",\"https:\\\/\\\/www.instagram.com\\\/demusculos\",\"https:\\\/\\\/www.tiktok.com\\\/@demusculos.com\"]}]}<\/script>\n<!-- \/ Yoast SEO plugin. -->","yoast_head_json":{"title":"Carbo Complex Mervick | Carbohidratos | Energ\u00eda | DeMusculos","description":"Carbo Complex Mervick. Energ\u00eda antes, durante y luego de tus entrenamientos. Para todos los deportes. Env\u00edo a toda la Argentina. Pago en cuotas","robots":{"index":"index","follow":"follow","max-snippet":"max-snippet:-1","max-image-preview":"max-image-preview:large","max-video-preview":"max-video-preview:-1"},"canonical":"https:\/\/www.demusculos.com\/web\/producto\/carbo-complex-1-kg-de-mervick\/","og_locale":"es_ES","og_type":"article","og_title":"Carbo Complex Mervick | Carbohidratos | Energ\u00eda | DeMusculos","og_description":"Carbo Complex Mervick. Energ\u00eda antes, durante y luego de tus entrenamientos. Para todos los deportes. Env\u00edo a toda la Argentina. Pago en cuotas","og_url":"https:\/\/www.demusculos.com\/web\/producto\/carbo-complex-1-kg-de-mervick\/","og_site_name":"DeMusculos","article_publisher":"https:\/\/www.facebook.com\/demusculos","article_modified_time":"2026-03-04T22:06:28+00:00","og_image":[{"width":1200,"height":1200,"url":"https:\/\/www.demusculos.com\/web\/wp-content\/uploads\/2024\/03\/carbo-complex-mervick-pote.jpg","type":"image\/jpeg"}],"twitter_card":"summary_large_image","twitter_site":"@demusculos","twitter_misc":{"Tiempo de lectura":"4 minutos"},"schema":{"@context":"https:\/\/schema.org","@graph":[{"@type":"WebPage","@id":"https:\/\/www.demusculos.com\/web\/producto\/carbo-complex-1-kg-de-mervick\/","url":"https:\/\/www.demusculos.com\/web\/producto\/carbo-complex-1-kg-de-mervick\/","name":"Carbo Complex Mervick | Carbohidratos | Energ\u00eda | DeMusculos","isPartOf":{"@id":"https:\/\/www.demusculos.com\/web\/#website"},"primaryImageOfPage":{"@id":"https:\/\/www.demusculos.com\/web\/producto\/carbo-complex-1-kg-de-mervick\/#primaryimage"},"image":{"@id":"https:\/\/www.demusculos.com\/web\/producto\/carbo-complex-1-kg-de-mervick\/#primaryimage"},"thumbnailUrl":"https:\/\/www.demusculos.com\/web\/wp-content\/uploads\/2024\/03\/carbo-complex-mervick-pote.jpg","datePublished":"2024-03-04T10:59:22+00:00","dateModified":"2026-03-04T22:06:28+00:00","description":"Carbo Complex Mervick. Energ\u00eda antes, durante y luego de tus entrenamientos. Para todos los deportes. Env\u00edo a toda la Argentina. Pago en cuotas","breadcrumb":{"@id":"https:\/\/www.demusculos.com\/web\/producto\/carbo-complex-1-kg-de-mervick\/#breadcrumb"},"inLanguage":"es","potentialAction":[{"@type":"ReadAction","target":["https:\/\/www.demusculos.com\/web\/producto\/carbo-complex-1-kg-de-mervick\/"]}]},{"@type":"ImageObject","inLanguage":"es","@id":"https:\/\/www.demusculos.com\/web\/producto\/carbo-complex-1-kg-de-mervick\/#primaryimage","url":"https:\/\/www.demusculos.com\/web\/wp-content\/uploads\/2024\/03\/carbo-complex-mervick-pote.jpg","contentUrl":"https:\/\/www.demusculos.com\/web\/wp-content\/uploads\/2024\/03\/carbo-complex-mervick-pote.jpg","width":1200,"height":1200,"caption":"Carbo Complex 1 kg de Mervick"},{"@type":"BreadcrumbList","@id":"https:\/\/www.demusculos.com\/web\/producto\/carbo-complex-1-kg-de-mervick\/#breadcrumb","itemListElement":[{"@type":"ListItem","position":1,"name":"Inicio","item":"https:\/\/www.demusculos.com\/web\/"},{"@type":"ListItem","position":2,"name":"Suplementos","item":"https:\/\/www.demusculos.com\/web\/tienda\/"},{"@type":"ListItem","position":3,"name":"Carbo Complex 1 kg de Mervick"}]},{"@type":"WebSite","@id":"https:\/\/www.demusculos.com\/web\/#website","url":"https:\/\/www.demusculos.com\/web\/","name":"DeMusculos.com","description":"Suplementos Naturales","publisher":{"@id":"https:\/\/www.demusculos.com\/web\/#organization"},"alternateName":"Suplementos Naturales","potentialAction":[{"@type":"SearchAction","target":{"@type":"EntryPoint","urlTemplate":"https:\/\/www.demusculos.com\/web\/?s={search_term_string}"},"query-input":{"@type":"PropertyValueSpecification","valueRequired":true,"valueName":"search_term_string"}}],"inLanguage":"es"},{"@type":"Organization","@id":"https:\/\/www.demusculos.com\/web\/#organization","name":"DeMusculos.com","alternateName":"DeMusculos","url":"https:\/\/www.demusculos.com\/web\/","logo":{"@type":"ImageObject","inLanguage":"es","@id":"https:\/\/www.demusculos.com\/web\/#\/schema\/logo\/image\/","url":"https:\/\/www.demusculos.com\/web\/wp-content\/uploads\/2024\/02\/logo-demusculos-prestashop-usuario.png","contentUrl":"https:\/\/www.demusculos.com\/web\/wp-content\/uploads\/2024\/02\/logo-demusculos-prestashop-usuario.png","width":150,"height":150,"caption":"DeMusculos.com"},"image":{"@id":"https:\/\/www.demusculos.com\/web\/#\/schema\/logo\/image\/"},"sameAs":["https:\/\/www.facebook.com\/demusculos","https:\/\/x.com\/demusculos","https:\/\/www.instagram.com\/demusculos","https:\/\/www.tiktok.com\/@demusculos.com"]}]}},"_links":{"self":[{"href":"https:\/\/www.demusculos.com\/web\/wp-json\/wp\/v2\/product\/1467","targetHints":{"allow":["GET"]}}],"collection":[{"href":"https:\/\/www.demusculos.com\/web\/wp-json\/wp\/v2\/product"}],"about":[{"href":"https:\/\/www.demusculos.com\/web\/wp-json\/wp\/v2\/types\/product"}],"replies":[{"embeddable":true,"href":"https:\/\/www.demusculos.com\/web\/wp-json\/wp\/v2\/comments?post=1467"}],"wp:featuredmedia":[{"embeddable":true,"href":"https:\/\/www.demusculos.com\/web\/wp-json\/wp\/v2\/media\/1468"}],"wp:attachment":[{"href":"https:\/\/www.demusculos.com\/web\/wp-json\/wp\/v2\/media?parent=1467"}],"wp:term":[{"taxonomy":"product_brand","embeddable":true,"href":"https:\/\/www.demusculos.com\/web\/wp-json\/wp\/v2\/product_brand?post=1467"},{"taxonomy":"product_cat","embeddable":true,"href":"https:\/\/www.demusculos.com\/web\/wp-json\/wp\/v2\/product_cat?post=1467"},{"taxonomy":"product_tag","embeddable":true,"href":"https:\/\/www.demusculos.com\/web\/wp-json\/wp\/v2\/product_tag?post=1467"}],"curies":[{"name":"wp","href":"https:\/\/api.w.org\/{rel}","templated":true}]}}