{"id":1476,"date":"2024-03-04T08:11:33","date_gmt":"2024-03-04T11:11:33","guid":{"rendered":"https:\/\/www.demusculos.com\/web\/?post_type=product&#038;p=1476"},"modified":"2026-04-29T10:28:52","modified_gmt":"2026-04-29T13:28:52","slug":"sport-drink-1-kg-de-mervick-bebida-isotonica","status":"publish","type":"product","link":"https:\/\/www.demusculos.com\/web\/producto\/sport-drink-1-kg-de-mervick-bebida-isotonica\/","title":{"rendered":"Sport Drink 1 kg de Mervick Bebida Isot\u00f3nica"},"content":{"rendered":"<figure id=\"attachment_431\" aria-describedby=\"caption-attachment-431\" style=\"width: 300px\" class=\"wp-caption alignnone\"><img decoding=\"async\" class=\"size-full wp-image-431\" src=\"https:\/\/www.demusculos.com\/web\/wp-content\/uploads\/2024\/02\/logo-mervick.png\" alt=\"Marca: Mervick Lab - Variedad y formulas potenciadas.\" width=\"300\" height=\"60\" srcset=\"https:\/\/www.demusculos.com\/web\/wp-content\/uploads\/2024\/02\/logo-mervick.png 300w, https:\/\/www.demusculos.com\/web\/wp-content\/uploads\/2024\/02\/logo-mervick-150x30.png 150w\" sizes=\"(max-width: 300px) 100vw, 300px\" \/><figcaption id=\"caption-attachment-431\" class=\"wp-caption-text\">Suplementos naturales de marca Mervick.<\/figcaption><\/figure>\n<h2><strong>Sport Drink Mervick: Tu Aliado para el Rendimiento \u00d3ptimo<\/strong><\/h2>\n<figure id=\"attachment_6300\" aria-describedby=\"caption-attachment-6300\" style=\"width: 1080px\" class=\"wp-caption alignnone\"><img fetchpriority=\"high\" decoding=\"async\" class=\"wp-image-6300 size-full\" title=\"Sport Drink de Mervick Lab\" src=\"https:\/\/www.demusculos.com\/web\/wp-content\/uploads\/2024\/03\/mervick-sport-drink-1kg-hidratacion-banner-01.jpg\" alt=\"Sport Drink 1 kg de Mervick. Bebida Hidratadora. Ideal para todo tipo de deportes.\" width=\"1080\" height=\"1080\" srcset=\"https:\/\/www.demusculos.com\/web\/wp-content\/uploads\/2024\/03\/mervick-sport-drink-1kg-hidratacion-banner-01.jpg 1080w, https:\/\/www.demusculos.com\/web\/wp-content\/uploads\/2024\/03\/mervick-sport-drink-1kg-hidratacion-banner-01-300x300.jpg 300w, https:\/\/www.demusculos.com\/web\/wp-content\/uploads\/2024\/03\/mervick-sport-drink-1kg-hidratacion-banner-01-150x150.jpg 150w, https:\/\/www.demusculos.com\/web\/wp-content\/uploads\/2024\/03\/mervick-sport-drink-1kg-hidratacion-banner-01-800x800.jpg 800w, https:\/\/www.demusculos.com\/web\/wp-content\/uploads\/2024\/03\/mervick-sport-drink-1kg-hidratacion-banner-01-1024x1024.jpg 1024w, https:\/\/www.demusculos.com\/web\/wp-content\/uploads\/2024\/03\/mervick-sport-drink-1kg-hidratacion-banner-01-768x768.jpg 768w\" sizes=\"(max-width: 1080px) 100vw, 1080px\" \/><figcaption id=\"caption-attachment-6300\" class=\"wp-caption-text\">Sport Drink<\/figcaption><\/figure>\n<h3><strong>Hidrataci\u00f3n Adecuada: El Secreto del \u00c9xito Deportivo<\/strong><\/h3>\n<p>La hidrataci\u00f3n es la clave para que los deportistas alcancen su m\u00e1ximo potencial.\u00a0<strong>Sport Drink<\/strong>\u00a0ha sido dise\u00f1ado para acompa\u00f1arte en cada etapa de tu actividad f\u00edsica:<\/p>\n<ol>\n<li><strong>Antes del Ejercicio<\/strong>: Prepara tu cuerpo para el desaf\u00edo.\u00a0<strong>Sport Drink<\/strong>\u00a0te proporciona la hidrataci\u00f3n necesaria para enfrentar cualquier reto.<\/li>\n<li><strong>Durante el Ejercicio<\/strong>: Mant\u00e9n tu rendimiento en niveles \u00f3ptimos. La f\u00f3rmula avanzada de\u00a0<strong>Sport Drink<\/strong>\u00a0te ayuda a evitar la fatiga y los calambres.<\/li>\n<li><strong>Despu\u00e9s del Ejercicio<\/strong>: Recup\u00e9rate r\u00e1pidamente.\u00a0<strong>Sport Drink<\/strong>\u00a0repone los electrolitos perdidos y acelera la recuperaci\u00f3n muscular.<\/li>\n<\/ol>\n<figure id=\"attachment_6302\" aria-describedby=\"caption-attachment-6302\" style=\"width: 1080px\" class=\"wp-caption alignnone\"><img decoding=\"async\" class=\"wp-image-6302 size-full\" title=\"Beneficios de Sport Drink de Mervick\" src=\"https:\/\/www.demusculos.com\/web\/wp-content\/uploads\/2024\/03\/mervick-sport-drink-1kg-hidratacion-banner-02.jpg\" alt=\"Beneficios de Sport Drink de Mervick Lab x 1 kg\" width=\"1080\" height=\"1080\" srcset=\"https:\/\/www.demusculos.com\/web\/wp-content\/uploads\/2024\/03\/mervick-sport-drink-1kg-hidratacion-banner-02.jpg 1080w, https:\/\/www.demusculos.com\/web\/wp-content\/uploads\/2024\/03\/mervick-sport-drink-1kg-hidratacion-banner-02-300x300.jpg 300w, https:\/\/www.demusculos.com\/web\/wp-content\/uploads\/2024\/03\/mervick-sport-drink-1kg-hidratacion-banner-02-150x150.jpg 150w, https:\/\/www.demusculos.com\/web\/wp-content\/uploads\/2024\/03\/mervick-sport-drink-1kg-hidratacion-banner-02-800x800.jpg 800w, https:\/\/www.demusculos.com\/web\/wp-content\/uploads\/2024\/03\/mervick-sport-drink-1kg-hidratacion-banner-02-1024x1024.jpg 1024w, https:\/\/www.demusculos.com\/web\/wp-content\/uploads\/2024\/03\/mervick-sport-drink-1kg-hidratacion-banner-02-768x768.jpg 768w\" sizes=\"(max-width: 1080px) 100vw, 1080px\" \/><figcaption id=\"caption-attachment-6302\" class=\"wp-caption-text\">Sport Drink 1 kg<\/figcaption><\/figure>\n<figure id=\"attachment_157\" aria-describedby=\"caption-attachment-157\" style=\"width: 300px\" class=\"wp-caption alignnone\"><img loading=\"lazy\" decoding=\"async\" class=\"size-full wp-image-157\" src=\"https:\/\/www.demusculos.com\/web\/wp-content\/uploads\/2024\/02\/vaso-de-agua.png\" alt=\"Este producto se puede preparar con agua. Preferentemente bien fr\u00eda.\" width=\"300\" height=\"300\" srcset=\"https:\/\/www.demusculos.com\/web\/wp-content\/uploads\/2024\/02\/vaso-de-agua.png 300w, https:\/\/www.demusculos.com\/web\/wp-content\/uploads\/2024\/02\/vaso-de-agua-150x150.png 150w\" sizes=\"(max-width: 300px) 100vw, 300px\" \/><figcaption id=\"caption-attachment-157\" class=\"wp-caption-text\">Este producto se prepara con agua. Se encuentra saborizado. Es igual que preparar cualquier otro jugo.<\/figcaption><\/figure>\n<h3><strong>Beneficios Clave de Sport Drink:<\/strong><\/h3>\n<ul>\n<li><strong>Hidrataci\u00f3n Efectiva<\/strong>: Cada sorbo de\u00a0<strong>Sport Drink<\/strong>\u00a0es una inversi\u00f3n en tu bienestar. Mant\u00e9n tus niveles de agua adecuados para un rendimiento sostenido.<\/li>\n<li><strong>Electrolitos Esenciales<\/strong>: Contiene carbohidratos, sodio y potasio para mantener el equilibrio y la funci\u00f3n celular durante el ejercicio.<\/li>\n<li><strong>Magnesio para la Resistencia<\/strong>: El magnesio en\u00a0<strong>Sport Drink<\/strong>\u00a0mejora la resistencia muscular y reduce la fatiga.<\/li>\n<li><strong>Vitaminas Antioxidantes<\/strong>: La Vitamina C y la Vitamina E protegen tus c\u00e9lulas del estr\u00e9s oxidativo, ayudando a mantener un sistema inmunol\u00f3gico fuerte.<\/li>\n<\/ul>\n<figure id=\"attachment_6303\" aria-describedby=\"caption-attachment-6303\" style=\"width: 1080px\" class=\"wp-caption alignnone\"><img loading=\"lazy\" decoding=\"async\" class=\"wp-image-6303 size-full\" title=\"Informaci\u00f3n nutricional de Sport Drink de Mervick Lab\" src=\"https:\/\/www.demusculos.com\/web\/wp-content\/uploads\/2024\/03\/mervick-sport-drink-1kg-hidratacion-banner-03.jpg\" alt=\"La f\u00f3rmula de Sport Drink de Mervick x 1 kg. Bebida Hidratadora.\" width=\"1080\" height=\"1080\" srcset=\"https:\/\/www.demusculos.com\/web\/wp-content\/uploads\/2024\/03\/mervick-sport-drink-1kg-hidratacion-banner-03.jpg 1080w, https:\/\/www.demusculos.com\/web\/wp-content\/uploads\/2024\/03\/mervick-sport-drink-1kg-hidratacion-banner-03-300x300.jpg 300w, https:\/\/www.demusculos.com\/web\/wp-content\/uploads\/2024\/03\/mervick-sport-drink-1kg-hidratacion-banner-03-150x150.jpg 150w, https:\/\/www.demusculos.com\/web\/wp-content\/uploads\/2024\/03\/mervick-sport-drink-1kg-hidratacion-banner-03-800x800.jpg 800w, https:\/\/www.demusculos.com\/web\/wp-content\/uploads\/2024\/03\/mervick-sport-drink-1kg-hidratacion-banner-03-1024x1024.jpg 1024w, https:\/\/www.demusculos.com\/web\/wp-content\/uploads\/2024\/03\/mervick-sport-drink-1kg-hidratacion-banner-03-768x768.jpg 768w\" sizes=\"(max-width: 1080px) 100vw, 1080px\" \/><figcaption id=\"caption-attachment-6303\" class=\"wp-caption-text\">Sport Drink: Informaci\u00f3n nutricional<\/figcaption><\/figure>\n<hr \/>\n<p>Con\u00a0<strong>Sport Drink<\/strong>, no solo estar\u00e1s hidratado, sino que tambi\u00e9n estar\u00e1s preparado para superar tus l\u00edmites. \u00a1Eleva tu rendimiento con Mervick! \u200d<\/p>\n<h2>Prepara Sport Drink de Mervick con nuestros vasos mezcladores<\/h2>\n<figure id=\"attachment_1587\" aria-describedby=\"caption-attachment-1587\" style=\"width: 300px\" class=\"wp-caption alignnone\"><a href=\"https:\/\/www.demusculos.com\/web\/producto\/vaso-mezclador-o-shaker-bpa-free-500-ml-superman\/\"><img loading=\"lazy\" decoding=\"async\" class=\"wp-image-1587 size-medium\" title=\"Vaso mezclador o shaker, BPA FREE, no t\u00f3xico. Motivo: Superman\" src=\"https:\/\/www.demusculos.com\/web\/wp-content\/uploads\/2024\/03\/vaso-shaker-bpa-free-superman-01-300x300.jpg\" alt=\"Vaso mezclador SUPERMAN de 500 ml no t\u00f3xico BPA FREE\" width=\"300\" height=\"300\" srcset=\"https:\/\/www.demusculos.com\/web\/wp-content\/uploads\/2024\/03\/vaso-shaker-bpa-free-superman-01-300x300.jpg 300w, https:\/\/www.demusculos.com\/web\/wp-content\/uploads\/2024\/03\/vaso-shaker-bpa-free-superman-01-150x150.jpg 150w, https:\/\/www.demusculos.com\/web\/wp-content\/uploads\/2024\/03\/vaso-shaker-bpa-free-superman-01-768x768.jpg 768w, https:\/\/www.demusculos.com\/web\/wp-content\/uploads\/2024\/03\/vaso-shaker-bpa-free-superman-01-416x416.jpg 416w, https:\/\/www.demusculos.com\/web\/wp-content\/uploads\/2024\/03\/vaso-shaker-bpa-free-superman-01.jpg 800w\" sizes=\"(max-width: 300px) 100vw, 300px\" \/><\/a><figcaption id=\"caption-attachment-1587\" class=\"wp-caption-text\">Vaso mezclador SUPERMAN de 500 ml no t\u00f3xico BPA FREE<\/figcaption><\/figure>\n<figure id=\"attachment_6304\" aria-describedby=\"caption-attachment-6304\" style=\"width: 1080px\" class=\"wp-caption alignnone\"><img loading=\"lazy\" decoding=\"async\" class=\"wp-image-6304 size-full\" title=\"Sport Drink de 1 kg Mervick Lab\" src=\"https:\/\/www.demusculos.com\/web\/wp-content\/uploads\/2024\/03\/mervick-sport-drink-1kg-hidratacion-banner-04.jpg\" alt=\"Sport Drink de Mervick Lab\" width=\"1080\" height=\"1080\" srcset=\"https:\/\/www.demusculos.com\/web\/wp-content\/uploads\/2024\/03\/mervick-sport-drink-1kg-hidratacion-banner-04.jpg 1080w, https:\/\/www.demusculos.com\/web\/wp-content\/uploads\/2024\/03\/mervick-sport-drink-1kg-hidratacion-banner-04-300x300.jpg 300w, https:\/\/www.demusculos.com\/web\/wp-content\/uploads\/2024\/03\/mervick-sport-drink-1kg-hidratacion-banner-04-150x150.jpg 150w, https:\/\/www.demusculos.com\/web\/wp-content\/uploads\/2024\/03\/mervick-sport-drink-1kg-hidratacion-banner-04-800x800.jpg 800w, https:\/\/www.demusculos.com\/web\/wp-content\/uploads\/2024\/03\/mervick-sport-drink-1kg-hidratacion-banner-04-1024x1024.jpg 1024w, https:\/\/www.demusculos.com\/web\/wp-content\/uploads\/2024\/03\/mervick-sport-drink-1kg-hidratacion-banner-04-768x768.jpg 768w\" sizes=\"(max-width: 1080px) 100vw, 1080px\" \/><figcaption id=\"caption-attachment-6304\" class=\"wp-caption-text\">Sport Drink<\/figcaption><\/figure>\n<p>&nbsp;<\/p>\n","protected":false},"excerpt":{"rendered":"<p>Bebida isot\u00f3nica. Para aumentar rendimiento y prevenir fatiga durante el entrenamiento.<\/p>\n","protected":false},"featured_media":1477,"comment_status":"closed","ping_status":"closed","template":"","meta":[],"product_brand":[224],"product_cat":[117],"product_tag":[86,118,58],"class_list":{"0":"post-1476","1":"product","2":"type-product","3":"status-publish","4":"has-post-thumbnail","6":"product_brand-mervick-lab","7":"product_cat-hidratacion","8":"product_tag-energia","9":"product_tag-hidratacion","10":"product_tag-mervick","12":"first","13":"instock","14":"sale","15":"shipping-taxable","16":"purchasable","17":"product-type-simple"},"yoast_head":"<!-- This site is optimized with the Yoast SEO plugin v27.5 - https:\/\/yoast.com\/product\/yoast-seo-wordpress\/ -->\n<title>Sport Drink Mervick | Hidratador | Bebida isot\u00f3nica | DeMusculos<\/title>\n<meta name=\"description\" content=\"Sport Drink Mervick es una excelente bebida isot\u00f3nica que repone energ\u00eda. Se la puede considerar sales de entrenamiento. Enviamos a todo el pa\u00eds.\" \/>\n<meta name=\"robots\" content=\"index, follow, max-snippet:-1, max-image-preview:large, max-video-preview:-1\" \/>\n<link rel=\"canonical\" href=\"https:\/\/www.demusculos.com\/web\/producto\/sport-drink-1-kg-de-mervick-bebida-isotonica\/\" \/>\n<meta property=\"og:locale\" content=\"es_ES\" \/>\n<meta property=\"og:type\" content=\"article\" \/>\n<meta property=\"og:title\" content=\"Sport Drink Mervick | Hidratador | Bebida isot\u00f3nica | DeMusculos\" \/>\n<meta property=\"og:description\" content=\"Sport Drink Mervick es una excelente bebida isot\u00f3nica que repone energ\u00eda. Se la puede considerar sales de entrenamiento. Enviamos a todo el pa\u00eds.\" \/>\n<meta property=\"og:url\" content=\"https:\/\/www.demusculos.com\/web\/producto\/sport-drink-1-kg-de-mervick-bebida-isotonica\/\" \/>\n<meta property=\"og:site_name\" content=\"DeMusculos\" \/>\n<meta property=\"article:publisher\" content=\"https:\/\/www.facebook.com\/demusculos\" \/>\n<meta property=\"article:modified_time\" content=\"2026-04-29T13:28:52+00:00\" \/>\n<meta property=\"og:image\" content=\"https:\/\/www.demusculos.com\/web\/wp-content\/uploads\/2024\/03\/sport-drink-mervick-1-kg-01.jpg\" \/>\n\t<meta property=\"og:image:width\" content=\"800\" \/>\n\t<meta property=\"og:image:height\" content=\"800\" \/>\n\t<meta property=\"og:image:type\" content=\"image\/jpeg\" \/>\n<meta name=\"twitter:card\" content=\"summary_large_image\" \/>\n<meta name=\"twitter:site\" content=\"@demusculos\" \/>\n<meta name=\"twitter:label1\" content=\"Tiempo de lectura\" \/>\n\t<meta name=\"twitter:data1\" content=\"3 minutos\" \/>\n<script type=\"application\/ld+json\" class=\"yoast-schema-graph\">{\"@context\":\"https:\\\/\\\/schema.org\",\"@graph\":[{\"@type\":\"WebPage\",\"@id\":\"https:\\\/\\\/www.demusculos.com\\\/web\\\/producto\\\/sport-drink-1-kg-de-mervick-bebida-isotonica\\\/\",\"url\":\"https:\\\/\\\/www.demusculos.com\\\/web\\\/producto\\\/sport-drink-1-kg-de-mervick-bebida-isotonica\\\/\",\"name\":\"Sport Drink Mervick | Hidratador | Bebida isot\u00f3nica | DeMusculos\",\"isPartOf\":{\"@id\":\"https:\\\/\\\/www.demusculos.com\\\/web\\\/#website\"},\"primaryImageOfPage\":{\"@id\":\"https:\\\/\\\/www.demusculos.com\\\/web\\\/producto\\\/sport-drink-1-kg-de-mervick-bebida-isotonica\\\/#primaryimage\"},\"image\":{\"@id\":\"https:\\\/\\\/www.demusculos.com\\\/web\\\/producto\\\/sport-drink-1-kg-de-mervick-bebida-isotonica\\\/#primaryimage\"},\"thumbnailUrl\":\"https:\\\/\\\/www.demusculos.com\\\/web\\\/wp-content\\\/uploads\\\/2024\\\/03\\\/sport-drink-mervick-1-kg-01.jpg\",\"datePublished\":\"2024-03-04T11:11:33+00:00\",\"dateModified\":\"2026-04-29T13:28:52+00:00\",\"description\":\"Sport Drink Mervick es una excelente bebida isot\u00f3nica que repone energ\u00eda. Se la puede considerar sales de entrenamiento. Enviamos a todo el pa\u00eds.\",\"breadcrumb\":{\"@id\":\"https:\\\/\\\/www.demusculos.com\\\/web\\\/producto\\\/sport-drink-1-kg-de-mervick-bebida-isotonica\\\/#breadcrumb\"},\"inLanguage\":\"es\",\"potentialAction\":[{\"@type\":\"ReadAction\",\"target\":[\"https:\\\/\\\/www.demusculos.com\\\/web\\\/producto\\\/sport-drink-1-kg-de-mervick-bebida-isotonica\\\/\"]}]},{\"@type\":\"ImageObject\",\"inLanguage\":\"es\",\"@id\":\"https:\\\/\\\/www.demusculos.com\\\/web\\\/producto\\\/sport-drink-1-kg-de-mervick-bebida-isotonica\\\/#primaryimage\",\"url\":\"https:\\\/\\\/www.demusculos.com\\\/web\\\/wp-content\\\/uploads\\\/2024\\\/03\\\/sport-drink-mervick-1-kg-01.jpg\",\"contentUrl\":\"https:\\\/\\\/www.demusculos.com\\\/web\\\/wp-content\\\/uploads\\\/2024\\\/03\\\/sport-drink-mervick-1-kg-01.jpg\",\"width\":800,\"height\":800,\"caption\":\"Sport Drink 1 kg de Mervick\"},{\"@type\":\"BreadcrumbList\",\"@id\":\"https:\\\/\\\/www.demusculos.com\\\/web\\\/producto\\\/sport-drink-1-kg-de-mervick-bebida-isotonica\\\/#breadcrumb\",\"itemListElement\":[{\"@type\":\"ListItem\",\"position\":1,\"name\":\"Inicio\",\"item\":\"https:\\\/\\\/www.demusculos.com\\\/web\\\/\"},{\"@type\":\"ListItem\",\"position\":2,\"name\":\"Suplementos\",\"item\":\"https:\\\/\\\/www.demusculos.com\\\/web\\\/tienda\\\/\"},{\"@type\":\"ListItem\",\"position\":3,\"name\":\"Sport Drink 1 kg de Mervick Bebida Isot\u00f3nica\"}]},{\"@type\":\"WebSite\",\"@id\":\"https:\\\/\\\/www.demusculos.com\\\/web\\\/#website\",\"url\":\"https:\\\/\\\/www.demusculos.com\\\/web\\\/\",\"name\":\"DeMusculos.com\",\"description\":\"Suplementos Naturales\",\"publisher\":{\"@id\":\"https:\\\/\\\/www.demusculos.com\\\/web\\\/#organization\"},\"alternateName\":\"Suplementos Naturales\",\"potentialAction\":[{\"@type\":\"SearchAction\",\"target\":{\"@type\":\"EntryPoint\",\"urlTemplate\":\"https:\\\/\\\/www.demusculos.com\\\/web\\\/?s={search_term_string}\"},\"query-input\":{\"@type\":\"PropertyValueSpecification\",\"valueRequired\":true,\"valueName\":\"search_term_string\"}}],\"inLanguage\":\"es\"},{\"@type\":\"Organization\",\"@id\":\"https:\\\/\\\/www.demusculos.com\\\/web\\\/#organization\",\"name\":\"DeMusculos.com\",\"alternateName\":\"DeMusculos\",\"url\":\"https:\\\/\\\/www.demusculos.com\\\/web\\\/\",\"logo\":{\"@type\":\"ImageObject\",\"inLanguage\":\"es\",\"@id\":\"https:\\\/\\\/www.demusculos.com\\\/web\\\/#\\\/schema\\\/logo\\\/image\\\/\",\"url\":\"https:\\\/\\\/www.demusculos.com\\\/web\\\/wp-content\\\/uploads\\\/2024\\\/02\\\/logo-demusculos-prestashop-usuario.png\",\"contentUrl\":\"https:\\\/\\\/www.demusculos.com\\\/web\\\/wp-content\\\/uploads\\\/2024\\\/02\\\/logo-demusculos-prestashop-usuario.png\",\"width\":150,\"height\":150,\"caption\":\"DeMusculos.com\"},\"image\":{\"@id\":\"https:\\\/\\\/www.demusculos.com\\\/web\\\/#\\\/schema\\\/logo\\\/image\\\/\"},\"sameAs\":[\"https:\\\/\\\/www.facebook.com\\\/demusculos\",\"https:\\\/\\\/x.com\\\/demusculos\",\"https:\\\/\\\/www.instagram.com\\\/demusculos\",\"https:\\\/\\\/www.tiktok.com\\\/@demusculos.com\"]}]}<\/script>\n<!-- \/ Yoast SEO plugin. -->","yoast_head_json":{"title":"Sport Drink Mervick | Hidratador | Bebida isot\u00f3nica | DeMusculos","description":"Sport Drink Mervick es una excelente bebida isot\u00f3nica que repone energ\u00eda. Se la puede considerar sales de entrenamiento. Enviamos a todo el pa\u00eds.","robots":{"index":"index","follow":"follow","max-snippet":"max-snippet:-1","max-image-preview":"max-image-preview:large","max-video-preview":"max-video-preview:-1"},"canonical":"https:\/\/www.demusculos.com\/web\/producto\/sport-drink-1-kg-de-mervick-bebida-isotonica\/","og_locale":"es_ES","og_type":"article","og_title":"Sport Drink Mervick | Hidratador | Bebida isot\u00f3nica | DeMusculos","og_description":"Sport Drink Mervick es una excelente bebida isot\u00f3nica que repone energ\u00eda. Se la puede considerar sales de entrenamiento. Enviamos a todo el pa\u00eds.","og_url":"https:\/\/www.demusculos.com\/web\/producto\/sport-drink-1-kg-de-mervick-bebida-isotonica\/","og_site_name":"DeMusculos","article_publisher":"https:\/\/www.facebook.com\/demusculos","article_modified_time":"2026-04-29T13:28:52+00:00","og_image":[{"width":800,"height":800,"url":"https:\/\/www.demusculos.com\/web\/wp-content\/uploads\/2024\/03\/sport-drink-mervick-1-kg-01.jpg","type":"image\/jpeg"}],"twitter_card":"summary_large_image","twitter_site":"@demusculos","twitter_misc":{"Tiempo de lectura":"3 minutos"},"schema":{"@context":"https:\/\/schema.org","@graph":[{"@type":"WebPage","@id":"https:\/\/www.demusculos.com\/web\/producto\/sport-drink-1-kg-de-mervick-bebida-isotonica\/","url":"https:\/\/www.demusculos.com\/web\/producto\/sport-drink-1-kg-de-mervick-bebida-isotonica\/","name":"Sport Drink Mervick | Hidratador | Bebida isot\u00f3nica | DeMusculos","isPartOf":{"@id":"https:\/\/www.demusculos.com\/web\/#website"},"primaryImageOfPage":{"@id":"https:\/\/www.demusculos.com\/web\/producto\/sport-drink-1-kg-de-mervick-bebida-isotonica\/#primaryimage"},"image":{"@id":"https:\/\/www.demusculos.com\/web\/producto\/sport-drink-1-kg-de-mervick-bebida-isotonica\/#primaryimage"},"thumbnailUrl":"https:\/\/www.demusculos.com\/web\/wp-content\/uploads\/2024\/03\/sport-drink-mervick-1-kg-01.jpg","datePublished":"2024-03-04T11:11:33+00:00","dateModified":"2026-04-29T13:28:52+00:00","description":"Sport Drink Mervick es una excelente bebida isot\u00f3nica que repone energ\u00eda. Se la puede considerar sales de entrenamiento. Enviamos a todo el pa\u00eds.","breadcrumb":{"@id":"https:\/\/www.demusculos.com\/web\/producto\/sport-drink-1-kg-de-mervick-bebida-isotonica\/#breadcrumb"},"inLanguage":"es","potentialAction":[{"@type":"ReadAction","target":["https:\/\/www.demusculos.com\/web\/producto\/sport-drink-1-kg-de-mervick-bebida-isotonica\/"]}]},{"@type":"ImageObject","inLanguage":"es","@id":"https:\/\/www.demusculos.com\/web\/producto\/sport-drink-1-kg-de-mervick-bebida-isotonica\/#primaryimage","url":"https:\/\/www.demusculos.com\/web\/wp-content\/uploads\/2024\/03\/sport-drink-mervick-1-kg-01.jpg","contentUrl":"https:\/\/www.demusculos.com\/web\/wp-content\/uploads\/2024\/03\/sport-drink-mervick-1-kg-01.jpg","width":800,"height":800,"caption":"Sport Drink 1 kg de Mervick"},{"@type":"BreadcrumbList","@id":"https:\/\/www.demusculos.com\/web\/producto\/sport-drink-1-kg-de-mervick-bebida-isotonica\/#breadcrumb","itemListElement":[{"@type":"ListItem","position":1,"name":"Inicio","item":"https:\/\/www.demusculos.com\/web\/"},{"@type":"ListItem","position":2,"name":"Suplementos","item":"https:\/\/www.demusculos.com\/web\/tienda\/"},{"@type":"ListItem","position":3,"name":"Sport Drink 1 kg de Mervick Bebida Isot\u00f3nica"}]},{"@type":"WebSite","@id":"https:\/\/www.demusculos.com\/web\/#website","url":"https:\/\/www.demusculos.com\/web\/","name":"DeMusculos.com","description":"Suplementos Naturales","publisher":{"@id":"https:\/\/www.demusculos.com\/web\/#organization"},"alternateName":"Suplementos Naturales","potentialAction":[{"@type":"SearchAction","target":{"@type":"EntryPoint","urlTemplate":"https:\/\/www.demusculos.com\/web\/?s={search_term_string}"},"query-input":{"@type":"PropertyValueSpecification","valueRequired":true,"valueName":"search_term_string"}}],"inLanguage":"es"},{"@type":"Organization","@id":"https:\/\/www.demusculos.com\/web\/#organization","name":"DeMusculos.com","alternateName":"DeMusculos","url":"https:\/\/www.demusculos.com\/web\/","logo":{"@type":"ImageObject","inLanguage":"es","@id":"https:\/\/www.demusculos.com\/web\/#\/schema\/logo\/image\/","url":"https:\/\/www.demusculos.com\/web\/wp-content\/uploads\/2024\/02\/logo-demusculos-prestashop-usuario.png","contentUrl":"https:\/\/www.demusculos.com\/web\/wp-content\/uploads\/2024\/02\/logo-demusculos-prestashop-usuario.png","width":150,"height":150,"caption":"DeMusculos.com"},"image":{"@id":"https:\/\/www.demusculos.com\/web\/#\/schema\/logo\/image\/"},"sameAs":["https:\/\/www.facebook.com\/demusculos","https:\/\/x.com\/demusculos","https:\/\/www.instagram.com\/demusculos","https:\/\/www.tiktok.com\/@demusculos.com"]}]}},"_links":{"self":[{"href":"https:\/\/www.demusculos.com\/web\/wp-json\/wp\/v2\/product\/1476","targetHints":{"allow":["GET"]}}],"collection":[{"href":"https:\/\/www.demusculos.com\/web\/wp-json\/wp\/v2\/product"}],"about":[{"href":"https:\/\/www.demusculos.com\/web\/wp-json\/wp\/v2\/types\/product"}],"replies":[{"embeddable":true,"href":"https:\/\/www.demusculos.com\/web\/wp-json\/wp\/v2\/comments?post=1476"}],"wp:featuredmedia":[{"embeddable":true,"href":"https:\/\/www.demusculos.com\/web\/wp-json\/wp\/v2\/media\/1477"}],"wp:attachment":[{"href":"https:\/\/www.demusculos.com\/web\/wp-json\/wp\/v2\/media?parent=1476"}],"wp:term":[{"taxonomy":"product_brand","embeddable":true,"href":"https:\/\/www.demusculos.com\/web\/wp-json\/wp\/v2\/product_brand?post=1476"},{"taxonomy":"product_cat","embeddable":true,"href":"https:\/\/www.demusculos.com\/web\/wp-json\/wp\/v2\/product_cat?post=1476"},{"taxonomy":"product_tag","embeddable":true,"href":"https:\/\/www.demusculos.com\/web\/wp-json\/wp\/v2\/product_tag?post=1476"}],"curies":[{"name":"wp","href":"https:\/\/api.w.org\/{rel}","templated":true}]}}