{"id":152,"date":"2024-02-19T17:39:57","date_gmt":"2024-02-19T20:39:57","guid":{"rendered":"https:\/\/www.demusculos.com\/web\/?post_type=product&#038;p=152"},"modified":"2026-03-17T14:22:08","modified_gmt":"2026-03-17T17:22:08","slug":"killer-5-0-de-generation-fit","status":"publish","type":"product","link":"https:\/\/www.demusculos.com\/web\/producto\/killer-5-0-de-generation-fit\/","title":{"rendered":"Killer 5.0 de Generation Fit"},"content":{"rendered":"<h1><strong>KILLER 5.0 es tu Aliado Pre-Entrenamiento<\/strong><\/h1>\n<p>KILLER 5.0 es m\u00e1s que un simple suplemento; es tu\u00a0<strong>combustible natural<\/strong>\u00a0para alcanzar tus metas en el gimnasio. Dise\u00f1ado por expertos y respaldado por la ciencia, este pre-entrenamiento es la clave para desbloquear tu m\u00e1ximo potencial.<\/p>\n<figure id=\"attachment_6869\" aria-describedby=\"caption-attachment-6869\" style=\"width: 1080px\" class=\"wp-caption alignnone\"><img fetchpriority=\"high\" decoding=\"async\" class=\"size-full wp-image-6869\" src=\"https:\/\/www.demusculos.com\/web\/wp-content\/uploads\/2024\/02\/killer-5-0-generation-fit-pre-work-1.jpg\" alt=\"Magnifico pre entrenamiento. Aumento de energ\u00eda. Resistencia. Menos fatiga y m\u00e1s energ\u00eda.\" width=\"1080\" height=\"1080\" srcset=\"https:\/\/www.demusculos.com\/web\/wp-content\/uploads\/2024\/02\/killer-5-0-generation-fit-pre-work-1.jpg 1080w, https:\/\/www.demusculos.com\/web\/wp-content\/uploads\/2024\/02\/killer-5-0-generation-fit-pre-work-1-300x300.jpg 300w, https:\/\/www.demusculos.com\/web\/wp-content\/uploads\/2024\/02\/killer-5-0-generation-fit-pre-work-1-150x150.jpg 150w, https:\/\/www.demusculos.com\/web\/wp-content\/uploads\/2024\/02\/killer-5-0-generation-fit-pre-work-1-800x800.jpg 800w, https:\/\/www.demusculos.com\/web\/wp-content\/uploads\/2024\/02\/killer-5-0-generation-fit-pre-work-1-1024x1024.jpg 1024w, https:\/\/www.demusculos.com\/web\/wp-content\/uploads\/2024\/02\/killer-5-0-generation-fit-pre-work-1-768x768.jpg 768w\" sizes=\"(max-width: 1080px) 100vw, 1080px\" \/><figcaption id=\"caption-attachment-6869\" class=\"wp-caption-text\">Presentaci\u00f3n<\/figcaption><\/figure>\n<figure id=\"attachment_156\" aria-describedby=\"caption-attachment-156\" style=\"width: 300px\" class=\"wp-caption alignnone\"><img decoding=\"async\" class=\"size-medium wp-image-156\" src=\"https:\/\/www.demusculos.com\/web\/wp-content\/uploads\/2024\/02\/logo-generation-fit-300x69.png\" alt=\"\" width=\"300\" height=\"69\" srcset=\"https:\/\/www.demusculos.com\/web\/wp-content\/uploads\/2024\/02\/logo-generation-fit-300x69.png 300w, https:\/\/www.demusculos.com\/web\/wp-content\/uploads\/2024\/02\/logo-generation-fit-150x35.png 150w, https:\/\/www.demusculos.com\/web\/wp-content\/uploads\/2024\/02\/logo-generation-fit-416x96.png 416w, https:\/\/www.demusculos.com\/web\/wp-content\/uploads\/2024\/02\/logo-generation-fit.png 446w\" sizes=\"(max-width: 300px) 100vw, 300px\" \/><figcaption id=\"caption-attachment-156\" class=\"wp-caption-text\">Este producto es fabricado por la empresa Genration Fit.<\/figcaption><\/figure>\n<h2><strong>Beneficios para Hombres y Mujeres:<\/strong><\/h2>\n<ol>\n<li><strong>Explosi\u00f3n de Energ\u00eda<\/strong>: KILLER est\u00e1 cargado con <strong>cafe\u00edna<\/strong>, el estimulante perfecto para darle un impulso a tu entrenamiento. Di adi\u00f3s a la fatiga y hola a la energ\u00eda sostenida.<\/li>\n<li><strong>Enfoque Mental<\/strong>: La combinaci\u00f3n precisa de ingredientes en KILLER te ayuda a mantener la concentraci\u00f3n y la claridad mental durante tus sesiones de ejercicio.<\/li>\n<li><strong>Mayor Fuerza y Resistencia<\/strong>: \u00bfQuieres levantar m\u00e1s peso y hacer m\u00e1s repeticiones? KILLER 5.0 te respalda con su f\u00f3rmula avanzada.<\/li>\n<li><strong>Recuperaci\u00f3n R\u00e1pida<\/strong>: Los amino\u00e1cidos y antioxidantes en KILLER aceleran la recuperaci\u00f3n muscular, permiti\u00e9ndote volver al gimnasio con fuerza renovada.<\/li>\n<li><strong>Vasodilataci\u00f3n<\/strong>: Experimenta una mayor\u00a0<strong>vascularidad<\/strong>\u00a0gracias a la mejora del flujo sangu\u00edneo. Tus m\u00fasculos recibir\u00e1n m\u00e1s ox\u00edgeno y nutrientes.<\/li>\n<\/ol>\n<figure id=\"attachment_6870\" aria-describedby=\"caption-attachment-6870\" style=\"width: 1080px\" class=\"wp-caption alignnone\"><img decoding=\"async\" class=\"size-full wp-image-6870\" src=\"https:\/\/www.demusculos.com\/web\/wp-content\/uploads\/2024\/02\/killer-5-0-generation-fit-pre-work-2.jpg\" alt=\"Killer 5.0 Pre Work Generation Fit\" width=\"1080\" height=\"1080\" srcset=\"https:\/\/www.demusculos.com\/web\/wp-content\/uploads\/2024\/02\/killer-5-0-generation-fit-pre-work-2.jpg 1080w, https:\/\/www.demusculos.com\/web\/wp-content\/uploads\/2024\/02\/killer-5-0-generation-fit-pre-work-2-300x300.jpg 300w, https:\/\/www.demusculos.com\/web\/wp-content\/uploads\/2024\/02\/killer-5-0-generation-fit-pre-work-2-150x150.jpg 150w, https:\/\/www.demusculos.com\/web\/wp-content\/uploads\/2024\/02\/killer-5-0-generation-fit-pre-work-2-800x800.jpg 800w, https:\/\/www.demusculos.com\/web\/wp-content\/uploads\/2024\/02\/killer-5-0-generation-fit-pre-work-2-1024x1024.jpg 1024w, https:\/\/www.demusculos.com\/web\/wp-content\/uploads\/2024\/02\/killer-5-0-generation-fit-pre-work-2-768x768.jpg 768w\" sizes=\"(max-width: 1080px) 100vw, 1080px\" \/><figcaption id=\"caption-attachment-6870\" class=\"wp-caption-text\">\u00bfQue tiene la formula?<\/figcaption><\/figure>\n<figure id=\"attachment_150\" aria-describedby=\"caption-attachment-150\" style=\"width: 300px\" class=\"wp-caption alignnone\"><img loading=\"lazy\" decoding=\"async\" class=\"size-full wp-image-150\" src=\"https:\/\/www.demusculos.com\/web\/wp-content\/uploads\/2024\/02\/energia.png\" alt=\"\" width=\"300\" height=\"300\" srcset=\"https:\/\/www.demusculos.com\/web\/wp-content\/uploads\/2024\/02\/energia.png 300w, https:\/\/www.demusculos.com\/web\/wp-content\/uploads\/2024\/02\/energia-150x150.png 150w\" sizes=\"(max-width: 300px) 100vw, 300px\" \/><figcaption id=\"caption-attachment-150\" class=\"wp-caption-text\">Una de las caracter\u00edsticas fundamentales de este producto es el aumento de la energ\u00eda.<\/figcaption><\/figure>\n<h2><strong>\u00bfPor qu\u00e9 elegir KILLER 5.0 de Generation Fit?<\/strong><\/h2>\n<ul>\n<li><strong>Calidad Garantizada<\/strong>: Generation Fit se enorgullece de ofrecer productos de la m\u00e1s alta calidad. KILLER 5.0 est\u00e1 fabricado en instalaciones certificadas y sellado herm\u00e9ticamente para mantener su frescura.<\/li>\n<li><strong>Modo de Uso Sencillo<\/strong>: KILLER 5.0 viene en un pr\u00e1ctico pote de polvo listo para mezclar. Solo agrega agua, revuelve y disfruta como un refrescante jugo antes de tu entrenamiento.<\/li>\n<li><strong>Resultados Comprobados<\/strong>: Nuestros clientes han experimentado mejoras significativas en su rendimiento y resultados f\u00edsicos. \u00a1T\u00fa tambi\u00e9n puedes ser parte de esta transformaci\u00f3n!<\/li>\n<\/ul>\n<figure id=\"attachment_158\" aria-describedby=\"caption-attachment-158\" style=\"width: 300px\" class=\"wp-caption alignnone\"><img loading=\"lazy\" decoding=\"async\" class=\"size-medium wp-image-158\" src=\"https:\/\/www.demusculos.com\/web\/wp-content\/uploads\/2024\/02\/grafico-energia-resistenc-ia-aumento-300x225.png\" alt=\"\" width=\"300\" height=\"225\" srcset=\"https:\/\/www.demusculos.com\/web\/wp-content\/uploads\/2024\/02\/grafico-energia-resistenc-ia-aumento-300x225.png 300w, https:\/\/www.demusculos.com\/web\/wp-content\/uploads\/2024\/02\/grafico-energia-resistenc-ia-aumento-150x113.png 150w, https:\/\/www.demusculos.com\/web\/wp-content\/uploads\/2024\/02\/grafico-energia-resistenc-ia-aumento.png 400w\" sizes=\"(max-width: 300px) 100vw, 300px\" \/><figcaption id=\"caption-attachment-158\" class=\"wp-caption-text\">Este producto aumenta de forma considerable la energ\u00eda y la resistencia antes, durante y luego del entrenamiento.<\/figcaption><\/figure>\n<figure id=\"attachment_6871\" aria-describedby=\"caption-attachment-6871\" style=\"width: 1080px\" class=\"wp-caption alignnone\"><img loading=\"lazy\" decoding=\"async\" class=\"size-full wp-image-6871\" src=\"https:\/\/www.demusculos.com\/web\/wp-content\/uploads\/2024\/02\/killer-5-0-generation-fit-pre-work-3.jpg\" alt=\"Sabores disponibles de Killer 5.0\" width=\"1080\" height=\"1080\" srcset=\"https:\/\/www.demusculos.com\/web\/wp-content\/uploads\/2024\/02\/killer-5-0-generation-fit-pre-work-3.jpg 1080w, https:\/\/www.demusculos.com\/web\/wp-content\/uploads\/2024\/02\/killer-5-0-generation-fit-pre-work-3-300x300.jpg 300w, https:\/\/www.demusculos.com\/web\/wp-content\/uploads\/2024\/02\/killer-5-0-generation-fit-pre-work-3-150x150.jpg 150w, https:\/\/www.demusculos.com\/web\/wp-content\/uploads\/2024\/02\/killer-5-0-generation-fit-pre-work-3-800x800.jpg 800w, https:\/\/www.demusculos.com\/web\/wp-content\/uploads\/2024\/02\/killer-5-0-generation-fit-pre-work-3-1024x1024.jpg 1024w, https:\/\/www.demusculos.com\/web\/wp-content\/uploads\/2024\/02\/killer-5-0-generation-fit-pre-work-3-768x768.jpg 768w\" sizes=\"(max-width: 1080px) 100vw, 1080px\" \/><figcaption id=\"caption-attachment-6871\" class=\"wp-caption-text\">Sabores disponibles<\/figcaption><\/figure>\n<p><strong>\u00bfEst\u00e1s listo para llevar tus entrenamientos al siguiente nivel?<\/strong>\u00a0No esperes m\u00e1s.\u00a0<strong>KILLER 5.0<\/strong>\u00a0est\u00e1 aqu\u00ed para impulsarte hacia el \u00e9xito. \u00a1Compra ahora y prep\u00e1rate para dominar el gimnasio!<\/p>\n<figure id=\"attachment_143\" aria-describedby=\"caption-attachment-143\" style=\"width: 300px\" class=\"wp-caption alignnone\"><img loading=\"lazy\" decoding=\"async\" class=\"size-full wp-image-143\" src=\"https:\/\/www.demusculos.com\/web\/wp-content\/uploads\/2024\/02\/se-puede-combinar.png\" alt=\"\" width=\"300\" height=\"300\" srcset=\"https:\/\/www.demusculos.com\/web\/wp-content\/uploads\/2024\/02\/se-puede-combinar.png 300w, https:\/\/www.demusculos.com\/web\/wp-content\/uploads\/2024\/02\/se-puede-combinar-150x150.png 150w\" sizes=\"(max-width: 300px) 100vw, 300px\" \/><figcaption id=\"caption-attachment-143\" class=\"wp-caption-text\">Este producto se puede combinar con otros suplementos naturales: Vitaminas, Minerales, Amino\u00e1cidos, Pro Hormonales, Pre Entrenos, Prote\u00ednas, etc.<\/figcaption><\/figure>\n<figure id=\"attachment_157\" aria-describedby=\"caption-attachment-157\" style=\"width: 300px\" class=\"wp-caption alignnone\"><img loading=\"lazy\" decoding=\"async\" class=\"size-full wp-image-157\" src=\"https:\/\/www.demusculos.com\/web\/wp-content\/uploads\/2024\/02\/vaso-de-agua.png\" alt=\"\" width=\"300\" height=\"300\" srcset=\"https:\/\/www.demusculos.com\/web\/wp-content\/uploads\/2024\/02\/vaso-de-agua.png 300w, https:\/\/www.demusculos.com\/web\/wp-content\/uploads\/2024\/02\/vaso-de-agua-150x150.png 150w\" sizes=\"(max-width: 300px) 100vw, 300px\" \/><figcaption id=\"caption-attachment-157\" class=\"wp-caption-text\">Este producto se prepara con agua. Se encuentra saborizado. Es igual que preparar cualquier otro jugo.<\/figcaption><\/figure>\n<figure id=\"attachment_6872\" aria-describedby=\"caption-attachment-6872\" style=\"width: 1080px\" class=\"wp-caption alignnone\"><img loading=\"lazy\" decoding=\"async\" class=\"size-full wp-image-6872\" src=\"https:\/\/www.demusculos.com\/web\/wp-content\/uploads\/2024\/02\/killer-5-0-generation-fit-pre-work-4.jpg\" alt=\"Killer 5.0 Pre Work Generation Fit\" width=\"1080\" height=\"1080\" srcset=\"https:\/\/www.demusculos.com\/web\/wp-content\/uploads\/2024\/02\/killer-5-0-generation-fit-pre-work-4.jpg 1080w, https:\/\/www.demusculos.com\/web\/wp-content\/uploads\/2024\/02\/killer-5-0-generation-fit-pre-work-4-300x300.jpg 300w, https:\/\/www.demusculos.com\/web\/wp-content\/uploads\/2024\/02\/killer-5-0-generation-fit-pre-work-4-150x150.jpg 150w, https:\/\/www.demusculos.com\/web\/wp-content\/uploads\/2024\/02\/killer-5-0-generation-fit-pre-work-4-800x800.jpg 800w, https:\/\/www.demusculos.com\/web\/wp-content\/uploads\/2024\/02\/killer-5-0-generation-fit-pre-work-4-1024x1024.jpg 1024w, https:\/\/www.demusculos.com\/web\/wp-content\/uploads\/2024\/02\/killer-5-0-generation-fit-pre-work-4-768x768.jpg 768w\" sizes=\"(max-width: 1080px) 100vw, 1080px\" \/><figcaption id=\"caption-attachment-6872\" class=\"wp-caption-text\">Beneficios<\/figcaption><\/figure>\n<figure id=\"attachment_6874\" aria-describedby=\"caption-attachment-6874\" style=\"width: 1080px\" class=\"wp-caption alignnone\"><img loading=\"lazy\" decoding=\"async\" class=\"size-full wp-image-6874\" src=\"https:\/\/www.demusculos.com\/web\/wp-content\/uploads\/2024\/02\/killer-5-0-generation-fit-pre-work-5.jpg\" alt=\"Killer 5.0 Pre Work Generation Fit\" width=\"1080\" height=\"1080\" srcset=\"https:\/\/www.demusculos.com\/web\/wp-content\/uploads\/2024\/02\/killer-5-0-generation-fit-pre-work-5.jpg 1080w, https:\/\/www.demusculos.com\/web\/wp-content\/uploads\/2024\/02\/killer-5-0-generation-fit-pre-work-5-300x300.jpg 300w, https:\/\/www.demusculos.com\/web\/wp-content\/uploads\/2024\/02\/killer-5-0-generation-fit-pre-work-5-150x150.jpg 150w, https:\/\/www.demusculos.com\/web\/wp-content\/uploads\/2024\/02\/killer-5-0-generation-fit-pre-work-5-800x800.jpg 800w, https:\/\/www.demusculos.com\/web\/wp-content\/uploads\/2024\/02\/killer-5-0-generation-fit-pre-work-5-1024x1024.jpg 1024w, https:\/\/www.demusculos.com\/web\/wp-content\/uploads\/2024\/02\/killer-5-0-generation-fit-pre-work-5-768x768.jpg 768w\" sizes=\"(max-width: 1080px) 100vw, 1080px\" \/><figcaption id=\"caption-attachment-6874\" class=\"wp-caption-text\">Informaci\u00f3n nutricional<\/figcaption><\/figure>\n<figure id=\"attachment_6875\" aria-describedby=\"caption-attachment-6875\" style=\"width: 1080px\" class=\"wp-caption alignnone\"><img loading=\"lazy\" decoding=\"async\" class=\"size-full wp-image-6875\" src=\"https:\/\/www.demusculos.com\/web\/wp-content\/uploads\/2024\/02\/killer-5-0-generation-fit-pre-work-6.jpg\" alt=\"Killer 5.0 Pre Work Generation Fit\" width=\"1080\" height=\"1080\" srcset=\"https:\/\/www.demusculos.com\/web\/wp-content\/uploads\/2024\/02\/killer-5-0-generation-fit-pre-work-6.jpg 1080w, https:\/\/www.demusculos.com\/web\/wp-content\/uploads\/2024\/02\/killer-5-0-generation-fit-pre-work-6-300x300.jpg 300w, https:\/\/www.demusculos.com\/web\/wp-content\/uploads\/2024\/02\/killer-5-0-generation-fit-pre-work-6-150x150.jpg 150w, https:\/\/www.demusculos.com\/web\/wp-content\/uploads\/2024\/02\/killer-5-0-generation-fit-pre-work-6-800x800.jpg 800w, https:\/\/www.demusculos.com\/web\/wp-content\/uploads\/2024\/02\/killer-5-0-generation-fit-pre-work-6-1024x1024.jpg 1024w, https:\/\/www.demusculos.com\/web\/wp-content\/uploads\/2024\/02\/killer-5-0-generation-fit-pre-work-6-768x768.jpg 768w\" sizes=\"(max-width: 1080px) 100vw, 1080px\" \/><figcaption id=\"caption-attachment-6875\" class=\"wp-caption-text\">Datos a destacar<\/figcaption><\/figure>\n","protected":false},"excerpt":{"rendered":"<p>Killer 5.0 es el nuevo pre entrenamiento de Generati\u00f3n Fit. Tiene Extra Cafe\u00edna, para elevar considerablemente tu energ\u00eda.<\/p>\n","protected":false},"featured_media":153,"comment_status":"closed","ping_status":"closed","template":"","meta":[],"product_brand":[232],"product_cat":[39],"product_tag":[86,76,40,96],"class_list":{"0":"post-152","1":"product","2":"type-product","3":"status-publish","4":"has-post-thumbnail","6":"product_brand-generation-fit","7":"product_cat-pre-entrenamiento","8":"product_tag-energia","9":"product_tag-fatiga","10":"product_tag-generation-fit","11":"product_tag-pre-work","13":"first","14":"instock","15":"sale","16":"shipping-taxable","17":"purchasable","18":"product-type-simple"},"yoast_head":"<!-- This site is optimized with the Yoast SEO plugin v27.3 - https:\/\/yoast.com\/product\/yoast-seo-wordpress\/ -->\n<title>Killer 5.0 | Generation Fit | Pre Workout | DeMusculos.com<\/title>\n<meta name=\"description\" content=\"Killer 5.0 es un pre entrenamiento potenciado con cafe\u00edna, fuente de energ\u00eda, menos f\u00e1tiga, m\u00e1s entrenamiento y concentraci\u00f3n. Para hombres y mujeres.\" \/>\n<meta name=\"robots\" content=\"index, follow, max-snippet:-1, max-image-preview:large, max-video-preview:-1\" \/>\n<link rel=\"canonical\" href=\"https:\/\/www.demusculos.com\/web\/producto\/killer-5-0-de-generation-fit\/\" \/>\n<meta property=\"og:locale\" content=\"es_ES\" \/>\n<meta property=\"og:type\" content=\"article\" \/>\n<meta property=\"og:title\" content=\"Killer 5.0 | Generation Fit | Pre Workout | DeMusculos.com\" \/>\n<meta property=\"og:description\" content=\"Killer 5.0 es un pre entrenamiento potenciado con cafe\u00edna, fuente de energ\u00eda, menos f\u00e1tiga, m\u00e1s entrenamiento y concentraci\u00f3n. Para hombres y mujeres.\" \/>\n<meta property=\"og:url\" content=\"https:\/\/www.demusculos.com\/web\/producto\/killer-5-0-de-generation-fit\/\" \/>\n<meta property=\"og:site_name\" content=\"DeMusculos\" \/>\n<meta property=\"article:publisher\" content=\"https:\/\/www.facebook.com\/demusculos\" \/>\n<meta property=\"article:modified_time\" content=\"2026-03-17T17:22:08+00:00\" \/>\n<meta property=\"og:image\" content=\"https:\/\/www.demusculos.com\/web\/wp-content\/uploads\/2024\/02\/killer50-x1.jpg\" \/>\n\t<meta property=\"og:image:width\" content=\"1200\" \/>\n\t<meta property=\"og:image:height\" content=\"1200\" \/>\n\t<meta property=\"og:image:type\" content=\"image\/jpeg\" \/>\n<meta name=\"twitter:card\" content=\"summary_large_image\" \/>\n<meta name=\"twitter:site\" content=\"@demusculos\" \/>\n<meta name=\"twitter:label1\" content=\"Tiempo de lectura\" \/>\n\t<meta name=\"twitter:data1\" content=\"5 minutos\" \/>\n<script type=\"application\/ld+json\" class=\"yoast-schema-graph\">{\"@context\":\"https:\\\/\\\/schema.org\",\"@graph\":[{\"@type\":\"WebPage\",\"@id\":\"https:\\\/\\\/www.demusculos.com\\\/web\\\/producto\\\/killer-5-0-de-generation-fit\\\/\",\"url\":\"https:\\\/\\\/www.demusculos.com\\\/web\\\/producto\\\/killer-5-0-de-generation-fit\\\/\",\"name\":\"Killer 5.0 | Generation Fit | Pre Workout | DeMusculos.com\",\"isPartOf\":{\"@id\":\"https:\\\/\\\/www.demusculos.com\\\/web\\\/#website\"},\"primaryImageOfPage\":{\"@id\":\"https:\\\/\\\/www.demusculos.com\\\/web\\\/producto\\\/killer-5-0-de-generation-fit\\\/#primaryimage\"},\"image\":{\"@id\":\"https:\\\/\\\/www.demusculos.com\\\/web\\\/producto\\\/killer-5-0-de-generation-fit\\\/#primaryimage\"},\"thumbnailUrl\":\"https:\\\/\\\/www.demusculos.com\\\/web\\\/wp-content\\\/uploads\\\/2024\\\/02\\\/killer50-x1.jpg\",\"datePublished\":\"2024-02-19T20:39:57+00:00\",\"dateModified\":\"2026-03-17T17:22:08+00:00\",\"description\":\"Killer 5.0 es un pre entrenamiento potenciado con cafe\u00edna, fuente de energ\u00eda, menos f\u00e1tiga, m\u00e1s entrenamiento y concentraci\u00f3n. Para hombres y mujeres.\",\"breadcrumb\":{\"@id\":\"https:\\\/\\\/www.demusculos.com\\\/web\\\/producto\\\/killer-5-0-de-generation-fit\\\/#breadcrumb\"},\"inLanguage\":\"es\",\"potentialAction\":[{\"@type\":\"ReadAction\",\"target\":[\"https:\\\/\\\/www.demusculos.com\\\/web\\\/producto\\\/killer-5-0-de-generation-fit\\\/\"]}]},{\"@type\":\"ImageObject\",\"inLanguage\":\"es\",\"@id\":\"https:\\\/\\\/www.demusculos.com\\\/web\\\/producto\\\/killer-5-0-de-generation-fit\\\/#primaryimage\",\"url\":\"https:\\\/\\\/www.demusculos.com\\\/web\\\/wp-content\\\/uploads\\\/2024\\\/02\\\/killer50-x1.jpg\",\"contentUrl\":\"https:\\\/\\\/www.demusculos.com\\\/web\\\/wp-content\\\/uploads\\\/2024\\\/02\\\/killer50-x1.jpg\",\"width\":1200,\"height\":1200},{\"@type\":\"BreadcrumbList\",\"@id\":\"https:\\\/\\\/www.demusculos.com\\\/web\\\/producto\\\/killer-5-0-de-generation-fit\\\/#breadcrumb\",\"itemListElement\":[{\"@type\":\"ListItem\",\"position\":1,\"name\":\"Inicio\",\"item\":\"https:\\\/\\\/www.demusculos.com\\\/web\\\/\"},{\"@type\":\"ListItem\",\"position\":2,\"name\":\"Suplementos\",\"item\":\"https:\\\/\\\/www.demusculos.com\\\/web\\\/tienda\\\/\"},{\"@type\":\"ListItem\",\"position\":3,\"name\":\"Killer 5.0 de Generation Fit\"}]},{\"@type\":\"WebSite\",\"@id\":\"https:\\\/\\\/www.demusculos.com\\\/web\\\/#website\",\"url\":\"https:\\\/\\\/www.demusculos.com\\\/web\\\/\",\"name\":\"DeMusculos.com\",\"description\":\"Suplementos Naturales\",\"publisher\":{\"@id\":\"https:\\\/\\\/www.demusculos.com\\\/web\\\/#organization\"},\"alternateName\":\"Suplementos Naturales\",\"potentialAction\":[{\"@type\":\"SearchAction\",\"target\":{\"@type\":\"EntryPoint\",\"urlTemplate\":\"https:\\\/\\\/www.demusculos.com\\\/web\\\/?s={search_term_string}\"},\"query-input\":{\"@type\":\"PropertyValueSpecification\",\"valueRequired\":true,\"valueName\":\"search_term_string\"}}],\"inLanguage\":\"es\"},{\"@type\":\"Organization\",\"@id\":\"https:\\\/\\\/www.demusculos.com\\\/web\\\/#organization\",\"name\":\"DeMusculos.com\",\"alternateName\":\"DeMusculos\",\"url\":\"https:\\\/\\\/www.demusculos.com\\\/web\\\/\",\"logo\":{\"@type\":\"ImageObject\",\"inLanguage\":\"es\",\"@id\":\"https:\\\/\\\/www.demusculos.com\\\/web\\\/#\\\/schema\\\/logo\\\/image\\\/\",\"url\":\"https:\\\/\\\/www.demusculos.com\\\/web\\\/wp-content\\\/uploads\\\/2024\\\/02\\\/logo-demusculos-prestashop-usuario.png\",\"contentUrl\":\"https:\\\/\\\/www.demusculos.com\\\/web\\\/wp-content\\\/uploads\\\/2024\\\/02\\\/logo-demusculos-prestashop-usuario.png\",\"width\":150,\"height\":150,\"caption\":\"DeMusculos.com\"},\"image\":{\"@id\":\"https:\\\/\\\/www.demusculos.com\\\/web\\\/#\\\/schema\\\/logo\\\/image\\\/\"},\"sameAs\":[\"https:\\\/\\\/www.facebook.com\\\/demusculos\",\"https:\\\/\\\/x.com\\\/demusculos\",\"https:\\\/\\\/www.instagram.com\\\/demusculos\",\"https:\\\/\\\/www.tiktok.com\\\/@demusculos.com\"]}]}<\/script>\n<!-- \/ Yoast SEO plugin. -->","yoast_head_json":{"title":"Killer 5.0 | Generation Fit | Pre Workout | DeMusculos.com","description":"Killer 5.0 es un pre entrenamiento potenciado con cafe\u00edna, fuente de energ\u00eda, menos f\u00e1tiga, m\u00e1s entrenamiento y concentraci\u00f3n. Para hombres y mujeres.","robots":{"index":"index","follow":"follow","max-snippet":"max-snippet:-1","max-image-preview":"max-image-preview:large","max-video-preview":"max-video-preview:-1"},"canonical":"https:\/\/www.demusculos.com\/web\/producto\/killer-5-0-de-generation-fit\/","og_locale":"es_ES","og_type":"article","og_title":"Killer 5.0 | Generation Fit | Pre Workout | DeMusculos.com","og_description":"Killer 5.0 es un pre entrenamiento potenciado con cafe\u00edna, fuente de energ\u00eda, menos f\u00e1tiga, m\u00e1s entrenamiento y concentraci\u00f3n. Para hombres y mujeres.","og_url":"https:\/\/www.demusculos.com\/web\/producto\/killer-5-0-de-generation-fit\/","og_site_name":"DeMusculos","article_publisher":"https:\/\/www.facebook.com\/demusculos","article_modified_time":"2026-03-17T17:22:08+00:00","og_image":[{"width":1200,"height":1200,"url":"https:\/\/www.demusculos.com\/web\/wp-content\/uploads\/2024\/02\/killer50-x1.jpg","type":"image\/jpeg"}],"twitter_card":"summary_large_image","twitter_site":"@demusculos","twitter_misc":{"Tiempo de lectura":"5 minutos"},"schema":{"@context":"https:\/\/schema.org","@graph":[{"@type":"WebPage","@id":"https:\/\/www.demusculos.com\/web\/producto\/killer-5-0-de-generation-fit\/","url":"https:\/\/www.demusculos.com\/web\/producto\/killer-5-0-de-generation-fit\/","name":"Killer 5.0 | Generation Fit | Pre Workout | DeMusculos.com","isPartOf":{"@id":"https:\/\/www.demusculos.com\/web\/#website"},"primaryImageOfPage":{"@id":"https:\/\/www.demusculos.com\/web\/producto\/killer-5-0-de-generation-fit\/#primaryimage"},"image":{"@id":"https:\/\/www.demusculos.com\/web\/producto\/killer-5-0-de-generation-fit\/#primaryimage"},"thumbnailUrl":"https:\/\/www.demusculos.com\/web\/wp-content\/uploads\/2024\/02\/killer50-x1.jpg","datePublished":"2024-02-19T20:39:57+00:00","dateModified":"2026-03-17T17:22:08+00:00","description":"Killer 5.0 es un pre entrenamiento potenciado con cafe\u00edna, fuente de energ\u00eda, menos f\u00e1tiga, m\u00e1s entrenamiento y concentraci\u00f3n. Para hombres y mujeres.","breadcrumb":{"@id":"https:\/\/www.demusculos.com\/web\/producto\/killer-5-0-de-generation-fit\/#breadcrumb"},"inLanguage":"es","potentialAction":[{"@type":"ReadAction","target":["https:\/\/www.demusculos.com\/web\/producto\/killer-5-0-de-generation-fit\/"]}]},{"@type":"ImageObject","inLanguage":"es","@id":"https:\/\/www.demusculos.com\/web\/producto\/killer-5-0-de-generation-fit\/#primaryimage","url":"https:\/\/www.demusculos.com\/web\/wp-content\/uploads\/2024\/02\/killer50-x1.jpg","contentUrl":"https:\/\/www.demusculos.com\/web\/wp-content\/uploads\/2024\/02\/killer50-x1.jpg","width":1200,"height":1200},{"@type":"BreadcrumbList","@id":"https:\/\/www.demusculos.com\/web\/producto\/killer-5-0-de-generation-fit\/#breadcrumb","itemListElement":[{"@type":"ListItem","position":1,"name":"Inicio","item":"https:\/\/www.demusculos.com\/web\/"},{"@type":"ListItem","position":2,"name":"Suplementos","item":"https:\/\/www.demusculos.com\/web\/tienda\/"},{"@type":"ListItem","position":3,"name":"Killer 5.0 de Generation Fit"}]},{"@type":"WebSite","@id":"https:\/\/www.demusculos.com\/web\/#website","url":"https:\/\/www.demusculos.com\/web\/","name":"DeMusculos.com","description":"Suplementos Naturales","publisher":{"@id":"https:\/\/www.demusculos.com\/web\/#organization"},"alternateName":"Suplementos Naturales","potentialAction":[{"@type":"SearchAction","target":{"@type":"EntryPoint","urlTemplate":"https:\/\/www.demusculos.com\/web\/?s={search_term_string}"},"query-input":{"@type":"PropertyValueSpecification","valueRequired":true,"valueName":"search_term_string"}}],"inLanguage":"es"},{"@type":"Organization","@id":"https:\/\/www.demusculos.com\/web\/#organization","name":"DeMusculos.com","alternateName":"DeMusculos","url":"https:\/\/www.demusculos.com\/web\/","logo":{"@type":"ImageObject","inLanguage":"es","@id":"https:\/\/www.demusculos.com\/web\/#\/schema\/logo\/image\/","url":"https:\/\/www.demusculos.com\/web\/wp-content\/uploads\/2024\/02\/logo-demusculos-prestashop-usuario.png","contentUrl":"https:\/\/www.demusculos.com\/web\/wp-content\/uploads\/2024\/02\/logo-demusculos-prestashop-usuario.png","width":150,"height":150,"caption":"DeMusculos.com"},"image":{"@id":"https:\/\/www.demusculos.com\/web\/#\/schema\/logo\/image\/"},"sameAs":["https:\/\/www.facebook.com\/demusculos","https:\/\/x.com\/demusculos","https:\/\/www.instagram.com\/demusculos","https:\/\/www.tiktok.com\/@demusculos.com"]}]}},"_links":{"self":[{"href":"https:\/\/www.demusculos.com\/web\/wp-json\/wp\/v2\/product\/152","targetHints":{"allow":["GET"]}}],"collection":[{"href":"https:\/\/www.demusculos.com\/web\/wp-json\/wp\/v2\/product"}],"about":[{"href":"https:\/\/www.demusculos.com\/web\/wp-json\/wp\/v2\/types\/product"}],"replies":[{"embeddable":true,"href":"https:\/\/www.demusculos.com\/web\/wp-json\/wp\/v2\/comments?post=152"}],"wp:featuredmedia":[{"embeddable":true,"href":"https:\/\/www.demusculos.com\/web\/wp-json\/wp\/v2\/media\/153"}],"wp:attachment":[{"href":"https:\/\/www.demusculos.com\/web\/wp-json\/wp\/v2\/media?parent=152"}],"wp:term":[{"taxonomy":"product_brand","embeddable":true,"href":"https:\/\/www.demusculos.com\/web\/wp-json\/wp\/v2\/product_brand?post=152"},{"taxonomy":"product_cat","embeddable":true,"href":"https:\/\/www.demusculos.com\/web\/wp-json\/wp\/v2\/product_cat?post=152"},{"taxonomy":"product_tag","embeddable":true,"href":"https:\/\/www.demusculos.com\/web\/wp-json\/wp\/v2\/product_tag?post=152"}],"curies":[{"name":"wp","href":"https:\/\/api.w.org\/{rel}","templated":true}]}}